{"id":13000,"date":"2021-05-27T08:08:52","date_gmt":"2021-05-27T06:08:52","guid":{"rendered":"https:\/\/medri.uniri.hr\/?page_id=13000"},"modified":"2023-11-28T12:13:00","modified_gmt":"2023-11-28T10:13:00","slug":"doctoral-school-of-biomedicine-and-health","status":"publish","type":"page","link":"https:\/\/medri.uniri.hr\/en\/education\/study-programmes\/postgraduate-university-doctoral-study-doctoral-school\/doctoral-school-of-biomedicine-and-health\/","title":{"rendered":"Doctoral School of Biomedicine and Health"},"content":{"rendered":"\n<h1 class=\"wp-block-heading\"><strong>Doctoral School of Biomedicine and Health<\/strong><\/h1>\n\n\n\n<p>Head of the Doctoral School: <strong>Prof. Marina \u0160anti\u0107, PhD<\/strong><br><strong>E-mail:&nbsp;<\/strong><a href=\"&#x6d;a&#x69;l&#x74;&#111;&#x3a;&#109;a&#x72;i&#x6e;&#97;&#x2e;&#115;&#x61;&#110;t&#x69;c&#x40;&#109;&#x65;&#100;&#x72;&#x69;&#46;&#x75;n&#x69;&#114;&#x69;&#46;h&#x72;\"><em>&#109;&#x61;r&#105;&#x6e;a&#46;&#x73;a&#x6e;&#x74;&#105;&#x63;&#64;&#109;&#x65;d&#114;&#x69;&#46;&#x75;&#x6e;&#105;&#x72;&#x69;&#46;&#x68;r<\/em><\/a><\/p>\n\n\n\n<p>Doctoral School of Biomedicine and Health conducts the following postgraduate university (doctoral) study programmes:<\/p>\n\n\n\n<h3 class=\"wp-block-heading\"><strong>Biomedicine<\/strong><\/h3>\n\n\n\n<p>Head: <strong>Assoc. Prof. Vanda Jurani\u0107 Lisni\u0107, PhD&nbsp;<\/strong><br><strong>E-mail: <\/strong><em><a href=\"&#109;a&#x69;l&#x74;&#111;&#x3a;&#118;&#x61;&#110;d&#x61;&#46;&#x6a;&#117;&#x72;&#97;&#x6e;&#105;&#x63;&#64;m&#x65;d&#x72;&#105;&#x2e;&#117;&#x6e;&#105;r&#x69;&#46;&#x68;&#114;\">&#118;&#x61;&#x6e;&#100;&#x61;&#x2e;&#106;&#x75;&#x72;&#97;&#x6e;&#x69;&#99;&#x40;&#x6d;&#101;&#x64;&#x72;&#105;&#x2e;&#x75;&#110;&#x69;&#x72;&#105;&#x2e;&#x68;r<\/a><\/em><em>&nbsp;<\/em><\/p>\n\n\n\n<h3 class=\"wp-block-heading\"><strong>Health and Environmental Engineering<\/strong><\/h3>\n\n\n\n<p>Head: <strong>Assoc. Prof. Darija Vuki\u0107 Lu\u0161i\u0107, PhD<\/strong><br><strong>E-mail:&nbsp; <\/strong><em><a href=\"&#x6d;&#97;&#105;l&#x74;&#x6f;&#58;d&#x61;&#x72;&#105;ja&#x2e;&#118;&#117;k&#x69;&#x63;&#46;l&#x75;&#x73;&#105;&#99;&#64;&#x6d;&#x65;&#100;r&#x69;&#x2e;&#117;n&#x69;&#x72;&#105;&#46;h&#x72;\">d&#97;&#114;&#x69;&#x6a;a&#46;&#118;&#x75;&#x6b;&#x69;c&#46;&#108;&#x75;&#x73;ic&#64;&#x6d;&#x65;&#x64;r&#105;&#46;&#x75;&#x6e;ir&#105;&#x2e;&#x68;&#x72;<\/a><\/em><\/p>\n\n\n\n<h3 class=\"wp-block-heading\"><strong>Public Health<\/strong><\/h3>\n\n\n\n<p>Head: <strong>Assoc. Prof. Lovorka Bilajac, PhD<\/strong><br><strong>E-mail:<\/strong><em> <\/em><em><a href=\"m&#97;&#105;&#x6c;&#x74;&#x6f;:l&#111;&#118;&#x6f;&#x72;&#x6b;a&#46;&#98;&#105;&#x6c;&#x61;&#x6a;a&#99;&#64;&#x6d;&#x65;&#x64;ri&#46;&#117;&#x6e;&#x69;&#x72;i&#46;&#104;&#114;\">&#108;&#x6f;&#118;&#x6f;r&#x6b;a&#46;&#x62;&#105;&#x6c;&#97;&#x6a;a&#x63;&#64;&#109;&#x65;&#100;&#x72;i&#x2e;u&#x6e;&#x69;&#114;&#x69;&#46;&#x68;r<\/a><\/em><em>\u00a0<\/em><\/p>\n\n\n\n<h3 class=\"wp-block-heading\"><strong>Clinical Medicine<\/strong><\/h3>\n\n\n\n<p>Head: <strong>Asst. Prof. Marko Klari\u0107, MD, PhD<\/strong><br><strong>E-mail:&nbsp;<\/strong><a href=\"&#x6d;&#97;i&#x6c;&#x74;&#111;:&#x6d;&#x61;&#114;k&#x6f;&#46;k&#x6c;&#x61;&#114;i&#x63;&#x40;&#109;e&#x64;&#114;&#105;&#x2e;&#x75;&#110;i&#x72;&#x69;&#46;h&#x72;\"><em>m&#97;&#114;&#x6b;&#x6f;&#46;&#107;&#108;&#x61;&#x72;&#x69;c&#64;&#109;&#x65;&#x64;ri&#46;&#x75;&#x6e;&#x69;r&#105;&#46;&#x68;&#x72;<\/em><\/a><em>&nbsp;<\/em><\/p>\n\n\n\n<h3 class=\"wp-block-heading\"><strong>Dental Medicine<\/strong><\/h3>\n\n\n\n<p>Head: <strong>Prof. Stjepan \u0160palj, DMD, PhD<\/strong><br><strong>E-mail: <\/strong><em><a href=\"&#x6d;&#x61;&#x69;&#x6c;&#x74;&#x6f;&#x3a;&#x73;&#x74;&#x6a;&#x65;&#112;&#97;&#110;&#46;&#115;&#112;&#97;lj&#64;med&#x72;&#x69;&#x2e;&#x75;&#x6e;&#x69;&#x72;&#x69;&#x2e;&#x68;&#x72;\">s&#116;&#106;&#x65;&#x70;&#x61;&#x6e;&#46;&#115;&#112;&#97;&#x6c;&#x6a;&#x40;fd&#109;&#114;&#x69;&#x2e;&#x75;ni&#114;&#105;&#x2e;&#x68;&#x72;<\/a><\/em><\/p>\n","protected":false},"excerpt":{"rendered":"<p>Doctoral School of Biomedicine and Health Head of the Doctoral School: Prof. Marina \u0160anti\u0107, PhDE-mail:&nbsp;&#x6d;&#97;r&#x69;&#110;&#97;&#x2e;&#x73;&#97;n&#x74;&#105;c&#x40;&#x6d;&#101;d&#x72;&#105;&#46;&#x75;&#x6e;&#105;r&#x69;&#46;h&#x72; Doctoral School of Biomedicine and Health conducts the following postgraduate university (doctoral) study programmes: Biomedicine Head: Assoc. Prof. Vanda Jurani\u0107 Lisni\u0107, PhD&nbsp;E-mail: &#x76;&#97;n&#x64;&#97;&#46;&#x6a;&#117;r&#x61;&#x6e;&#105;&#x63;&#x40;&#109;e&#x64;&#114;i&#x2e;&#117;n&#x69;&#x72;&#105;&#x2e;&#x68;&#114;&nbsp; Health and Environmental Engineering Head: Assoc. Prof. Darija Vuki\u0107 Lu\u0161i\u0107, PhDE-mail:&nbsp; &#x64;&#x61;&#x72;&#x69;&#x6a;&#x61;&#x2e;&#x76;&#x75;&#x6b;&#x69;&#x63;&#x2e;&#x6c;&#x75;&#x73;&#x69;&#x63;&#x40;&#x6d;&#x65;&#x64;&#x72;&#x69;&#x2e;&#x75;&#x6e;&#x69;&#x72;&#x69;&#x2e;&#x68;&#x72; Public Health Head: Assoc. Prof. [&hellip;]<\/p>\n","protected":false},"author":4,"featured_media":0,"parent":12998,"menu_order":1,"comment_status":"closed","ping_status":"closed","template":"","meta":{"_acf_changed":false,"ub_ctt_via":"","footnotes":""},"class_list":["post-13000","page","type-page","status-publish","hentry"],"acf":[],"featured_image_src":null,"_links":{"self":[{"href":"https:\/\/medri.uniri.hr\/en\/wp-json\/wp\/v2\/pages\/13000","targetHints":{"allow":["GET"]}}],"collection":[{"href":"https:\/\/medri.uniri.hr\/en\/wp-json\/wp\/v2\/pages"}],"about":[{"href":"https:\/\/medri.uniri.hr\/en\/wp-json\/wp\/v2\/types\/page"}],"author":[{"embeddable":true,"href":"https:\/\/medri.uniri.hr\/en\/wp-json\/wp\/v2\/users\/4"}],"replies":[{"embeddable":true,"href":"https:\/\/medri.uniri.hr\/en\/wp-json\/wp\/v2\/comments?post=13000"}],"version-history":[{"count":4,"href":"https:\/\/medri.uniri.hr\/en\/wp-json\/wp\/v2\/pages\/13000\/revisions"}],"predecessor-version":[{"id":21091,"href":"https:\/\/medri.uniri.hr\/en\/wp-json\/wp\/v2\/pages\/13000\/revisions\/21091"}],"up":[{"embeddable":true,"href":"https:\/\/medri.uniri.hr\/en\/wp-json\/wp\/v2\/pages\/12998"}],"wp:attachment":[{"href":"https:\/\/medri.uniri.hr\/en\/wp-json\/wp\/v2\/media?parent=13000"}],"curies":[{"name":"wp","href":"https:\/\/api.w.org\/{rel}","templated":true}]}}