{"id":13011,"date":"2022-03-04T17:18:35","date_gmt":"2022-03-04T15:18:35","guid":{"rendered":"https:\/\/medri.uniri.hr\/?page_id=13011"},"modified":"2024-05-06T10:39:40","modified_gmt":"2024-05-06T08:39:40","slug":"invited-lectures","status":"publish","type":"page","link":"https:\/\/medri.uniri.hr\/en\/education\/study-programmes\/postgraduate-university-doctoral-study-doctoral-school\/doctoral-school-of-biomedicine-and-health\/invited-lectures\/","title":{"rendered":"Invited lectures"},"content":{"rendered":"\n<figure class=\"wp-block-table is-style-regular\"><table><thead><tr><th>Date and location<\/th><th>Invited lecture<\/th><th><\/th><\/tr><\/thead><tbody><tr><td>29 March 2024<br>Online &#8211; MS<br>Teams, 12,30 h<\/td><td>Assoc. Prof. Ana Angelova Volponi, &#8220;Prenatal craniofacial development &#8211; research and clinical implications&#8221;<br>\u00a0<\/td><td>Online<\/td><\/tr><tr><td>15 March 2024<br>Online &#8211; MS<br>Teams, 12,30 h<\/td><td>Prof. Vaska Vandevska Radunovi\u0107, &#8220;Etiology of malocclusions &#8211; research and clinics&#8221;<br>\u00a0<\/td><td>Online<\/td><\/tr><tr><td>24 January 2024<br>Online &#8211; MS<br>Teams, 15,00 h<\/td><td>Prof. Georges Verjans, &#8220;Phenotype and spatial orientation of antigen-specific CD8 T-cells in brain lesions of MS patients&#8221;<\/td><td>Online<\/td><\/tr><tr><td>29 November 2023<br>Faculty of Medicine in Rijeka, Lecture hall, 13,00 h<\/td><td>Prof. Vladimir Parpura, &#8220;Izlu\u010divanje glutamata iz astrocitnih mjehuri\u0107a na su\u010delju signalizacije i metabolizma&#8221;<\/td><td>Onsite<\/td><\/tr><tr><td>29 November 2023<br>Faculty of Medicine in Rijeka, Lecture hall, 13,00 h<\/td><td>Vedrana Montana, PhD, &#8220;Maligni gliomi &#8211; od bazi\u010dnih istra\u017eivanja do klini\u010dke primjene&#8221;<\/td><td>Onsite<\/td><\/tr><tr><td>8 May 2023<br>Faculty of Medicine in Rijeka, Lecture hall, 13,30 h<\/td><td>Prof. Suzanna M. Babich: &#8220;In Whose Interest? Working Effectively with Stakeholders to Influence Global Health Policies&#8221;<br>\u00a0<\/td><td>Onsite\/Zoom<\/td><\/tr><tr><td>24 April 2023<br>Faculty of Medicine in Rijeka, Lecture hall, 9,00 h<\/td><td>Milena Hasan, PhD, &#8220;Innovative strategies for measuring cell phenotypes and profiles with single cell resolution&#8221;<br>\u00a0<\/td><td>Onsite<\/td><\/tr><tr><td>9 November 2022<br>University Departments building, Radmile Matej\u010di\u0107 2, Lecture room 0-030, 12,00 h<\/td><td>Prof. Edward S. Mocarski, &#8220;Necroptosis during virus infection&#8221;<\/td><td>Onsite<\/td><\/tr><tr><td>27 October 2022<br>Faculty of Medicine in Rijeka, Lecture hall, 15,00 h<\/td><td>Prof. Luka \u010ci\u010din-\u0160ain, &#8220;Mehanizmi imunolo\u0161ke za\u0161tite protiv COVID-19 infekcije i bolesti&#8221;<br><\/td><td>Onsite<\/td><\/tr><tr><td>19 September 2022<br>Faculty of Medicine in Rijeka, Lecture hall<\/td><td>Assoc. Prof. Georges Verjans, &#8220;Selective retention of virus-specific tissue-resident T cells in infected skin after recovery from herpes zoster&#8221;<\/td><td>Onsite<\/td><\/tr><tr><td>3 September 2022<br>Faculty of Medicine in Rijeka, Lecture room 2 <\/td><td>Prof. Ofer Mandelboim, &#8220;Fusobaterium nucleatum: from tooth to tumor&#8221; <\/td><td>First 5 years of the CerVirVac: Symposium<\/td><\/tr><tr><td>3 September 2022<br>Faculty of Medicine in Rijeka, Lecture room 2<\/td><td>Prof. Reinhold F\u00f6rster, &#8220;Immune responses following COVID-19 vaccination and\/or SARS-CoV-2 infection&#8221;<\/td><td>First 5 years of the CerVirVac: Symposium<\/td><\/tr><tr><td>2 September 2022<br>Faculty of Medicine in Rijeka, Lecture room 2<\/td><td>Prof. Michela Matteoli, &#8220;How the immune system affects synapse function&#8221;<\/td><td>First 5 years of the CerVirVac: Symposium<\/td><\/tr><tr><td>2 September 2022<br>Faculty of Medicine in Rijeka, Lecture room 2<\/td><td>Prof. Ulf Dittmer, &#8220;Interferon alpha subtypes: A rediscovered drug for anti-viral therapy&#8221;<\/td><td>First 5 years of the CerVirVac: Symposium<\/td><\/tr><tr><td>2 September 2022<br>Faculty of Medicine in Rijeka, Lecture room 2<\/td><td>Prof. Ulrich Kalinke, &#8220;Pro- and anti-viral responses of cytomegalovirus exposed human dendritic cells&#8221;<\/td><td>First 5 years of the CerVirVac: Symposium<\/td><\/tr><tr><td>10 June 2022<br>Hotel Admiral, Opatija\u00a0<\/td><td>Prof. Jan Hazelzet, &#8220;The Role of Health Outcomes Measurement (PROMS; PREMS) in Person-centred Care (Patient\/Informal Caregiver, and Professional)&#8221;<\/td><td>Symposium &#8220;Zdravlje za sve?! Zdravstvena skrb temeljena na vrijednostima u Europi!&#8221;<\/td><\/tr><tr><td>18 May 2022<br>Faculty of Medicine in Rijeka, Lecture room 2\u00a0<\/td><td>Prof. Peter Goffe de Boer, &#8220;How fractures heal and what surgeons can do to help&#8221;<\/td><td>Onsite\u00a0<\/td><\/tr><tr><td>6 May 2022<br>Faculty of Medicine in Rijeka, Lecture hall<\/td><td>Prof. Koen Venema, &#8220;Studying the role of the gut microbiota in health and disease using sophisticated in vitro models of the gastrointestinal tract&#8221;<\/td><td>Onsite\/online\u00a0<\/td><\/tr><tr><td>5 May 2022<br>Faculty of Medicine in Rijeka, Lecture hall\u00a0<\/td><td>Prof. Claudio Cuello, &#8220;Pharmacological and neurochemical evidence for a novel NGF metabolic pathway in health and disease&#8221;<\/td><td>Onsite\/online\u00a0<\/td><\/tr><tr><td>7\u20139 April 2022<br>Online<\/td><td>Lectures as part of the Henry Kunkel Society<br>2022 meeting<\/td><td>Link <a href=\"https:\/\/www.henrykunkelsociety.org\/meeting-program?utm_source=Email_marketing&amp;utm_campaign=HKS_2022&amp;cmp=1&amp;utm_medium=HTMLEmail\">2022 meeting<\/a><\/td><\/tr><tr><td>21 March 2022<br>Faculty of Medicine in Rijeka, Lecture hall<\/td><td>Prof. Ofer Mandelboim, &#8220;Fusion proteins and antibodies for the treatment of SARS-CoV-2 infection&#8221;<\/td><td>WORKSHOP<br>&#8220;Fighting COVID-19: Basic and<br>translational research&#8221;<\/td><\/tr><tr><td>21 March 2022<br>Faculty of Medicine in Rijeka, Lecture hall<\/td><td>Prof. Fausto Baldanti, &#8220;20.02.2020., H20:00&#8221;<\/td><td>WORKSHOP<br>&#8220;Fighting COVID-19: Basic and<br>translational research&#8221;<\/td><\/tr><tr><td>21 March 2022<br>Faculty of Medicine in Rijeka, Lecture hall<\/td><td>Boris Krichel, PhD, &#8220;Structural mass<br>spectrometry of coronavirus nonstructural proteins and their interaction with antibodies&#8221;<\/td><td>WORKSHOP<br>&#8220;Fighting COVID-19: Basic and translational research&#8221;<\/td><\/tr><tr><td>2 December 2021<br>Online &#8211; ZOOM<\/td><td>Prof. Athanase Benetos,<br>&#8220;Slowing down the ageing process: opportunities and limitations&#8221;<\/td><td>Symposium AGEING OF THE<br>POPULATION: CHALLENGES<br>AND OPPORTUNITIES FOR<br>SOCIETY AND UNIVERSITY<\/td><\/tr><tr><td>2 December 2021<br>Online &#8211; ZOOM<\/td><td>Prof. Emerit. Natale<br>Gaspare De Santo, &#8220;The creativity of<br>aging artists and scientists&#8221;<\/td><td>Symposium AGEING OF THE<br>POPULATION: CHALLENGES<br>AND OPPORTUNITIES FOR<br>SOCIETY AND UNIVERSITY<\/td><\/tr><tr><td>2 December 2021<br>Online &#8211; ZOOM<\/td><td>Prof. Emerit. Jo\u017ee Gri\u010dar, &#8220;E-Seniors Engaging in Active Aging&#8221;<\/td><td>Symposium AGEING OF THE<br>POPULATION: CHALLENGES<br>AND OPPORTUNITIES FOR<br>SOCIETY AND UNIVERSITY<\/td><\/tr><tr><td>2 December 2021<br>Online &#8211; ZOOM<\/td><td>Prof. Massimo Reichlin,<br>&#8220;The use of quality-adjusted life year (QALY) in healthcare rationing and its ageistic implications&#8221;<\/td><td>Symposium AGEING OF THE<br>POPULATION: CHALLENGES<br>AND OPPORTUNITIES FOR<br>SOCIETY AND UNIVERSITY<\/td><\/tr><tr><td>2 December 2021<br>Online &#8211; ZOOM<\/td><td>Prof. Nenad Bogdanovi\u0107, <br>&#8220;Medico-social care of eldery population \u2013 democracy at its best&#8221;<\/td><td>Symposium AGEING OF THE<br>POPULATION: CHALLENGES<br>AND OPPORTUNITIES FOR<br>SOCIETY AND UNIVERSITY<\/td><\/tr><tr><td>2 December 2021<br>Online &#8211; ZOOM<\/td><td>Prof. Emerit. Du\u0161anka Mi\u010deti\u0107 Turk, <br>&#8220;Changes of intestinal microbioma during ageing&#8221;<\/td><td>Symposium AGEING OF THE<br>POPULATION: CHALLENGES<br>AND OPPORTUNITIES FOR<br>SOCIETY AND UNIVERSITY<\/td><\/tr><tr><td>9 December 2021<br>Online &#8211; MS<br>teams<\/td><td>Prof. Luka \u010ci\u010din-\u0160ain, &#8220;COVID-19 istra\u017eivanja u Braunschweigu i Rijeci&#8221;<\/td><td>Faculty of Medicine Days<br>(<a href=\"https:\/\/sway.office.com\/KCLtasjJmjjq4LCN?ref=Link\">programme<\/a>)<\/td><\/tr><tr><td>9 December 2021<br>Online &#8211; MS<br>teams<\/td><td>Pinchas Tsukerman, PhD,<br>&#8220;Translational development of the firstin-class anti-PVR mAb, the journey from bench to the clinic&#8221;<\/td><td>Faculty of Medicine Days<br>(<a href=\"https:\/\/sway.office.com\/KCLtasjJmjjq4LCN?ref=Link\">programme<\/a>) <\/td><\/tr><tr><td>17 November 2021<br>Online<\/td><td>Assoc. Prof. Martina Dreven\u0161ek, <br>&#8220;Pra\u0107enje rasta kod djece s rascjepima nepca&#8221;<\/td><td>Link to virtual webinar room<\/td><\/tr><tr><td>29 November 2021<br>Online<\/td><td>Prof. Mediha Selimovi\u0107 Draga\u0161, <br>&#8220;Strategije, planiranje i nadzor o\u010duvanja i unaprje\u0111enja oralnog zdravlja&#8221;<\/td><td>Link to virtual webinar room<\/td><\/tr><tr><td>29 November 2021<br>Online<\/td><td>Prof. Mediha Selimovi\u0107 Draga\u0161, <br>&#8220;Kontrola i unaprje\u0111enje kvalitete rada u dentalnoj medicini&#8221;<\/td><td>Link to virtual webinar room<\/td><\/tr><tr><td>27 October 2021<br>Online<\/td><td>Assoc. Prof. Martina Dreven\u0161ek, <br>&#8220;Istra\u017eivanja fiziologije i metabolizma kosti&#8221;<\/td><td>Link to virtual webinar room<\/td><\/tr><tr><td>14 October 2021<br>Online putem MS<br>teams platforme<\/td><td>Prof. Anders Sjostedt,<br>&#8220;Characterization of the immune response to tularemia as a prerequisite for an efficacious vaccine&#8221;<\/td><td>WORKSHOP<br>Francisella \u2013 interaction with the<br>host<\/td><\/tr><tr><td>8 October 2021<br>Online &#8211; MS<br>teams<\/td><td>Prof. Thomas Henry,<br>&#8220;Cell-intrinsic immune defenses against Francisella&#8221;<\/td><td>WORKSHOP<br>Francisella \u2013 interaction with the<br>host<\/td><\/tr><tr><td>8 October 2021<br>Online &#8211; MS<br>teams<\/td><td>Prof. Jiri Stulik,<br>&#8220;Francisella tularensis induces deacetylation of host mitochondrial proteins&#8221;<\/td><td>WORKSHOP<br>Francisella \u2013 interaction with the<br>host<\/td><\/tr><tr><td>8 October 2021<br>Online &#8211; MS<br>teams<\/td><td>Prof. Max Maurin,<br>&#8220;Tularemia as a waterborne disease&#8221;<\/td><td>WORKSHOP<br>Francisella \u2013 interaction with the<br>host<\/td><\/tr><tr><td>7 October 2021<br>Online &#8211; MS<br>teams<\/td><td>Prof. Yousef Abu Kwaik,<br>\u201ePathogenic evolution of Legionella through training within amoeba\u201d<\/td><td>WORKSHOP<br>Francisella \u2013 interaction with the<br>host<\/td><\/tr><tr><td>8 September 2021<br>Online<\/td><td>Assoc. Prof. Biljana D\u017eipunova, <br>&#8220;Contemporary aspects in adult orthodontics&#8221;<\/td><td>Link to virtual webinar room<\/td><\/tr><tr><td>7 September 2021<br>Online<\/td><td>Assoc. Prof. Biljana D\u017eipunova, <br>&#8220;Recent orthodontic scientific research in North Macedonia&#8221;<\/td><td>Link to virtual webinar room<\/td><\/tr><tr><td>7 July 2021<br>Online &#8211; ZOOM<\/td><td>Mario Mali\u010dki, PhD, &#8220;Preprint poslu\u017eitelji i otvoreni recenzijski postupak&#8221;<\/td><td>Online<\/td><\/tr><tr><td>7 July 2021<br>Online &#8211; ZOOM<\/td><td>Mario Mali\u010dki, PhD, &#8220;Kako napisati znanstveni rad?&#8221;<\/td><td>Online<\/td><\/tr><tr><td>6 July 2021<br>Online<\/td><td>Prof. Borut Polj\u0161ak, &#8220;Aging process: Where is the anti-age medicine at the moment?&#8221;<\/td><td>Link to virtual webinar room<\/td><\/tr><tr><td>15 June 2021<br>Online<\/td><td>Prof. Borut Polj\u0161ak, &#8220;Dental materials and oxidative stress: Indications for antioxidant therapy?&#8221;<\/td><td>Link to virtual webinar room<\/td><\/tr><tr><td>11 June 2021<br>Online<\/td><td>Prof. Borut Polj\u0161ak, &#8220;Science, research and ethics&#8221;<\/td><td>Link to virtual webinar room<\/td><\/tr><tr><td>24 May 2021<br>Online<\/td><td>Prof. Fabrizio de Benedetti, &#8220;Hyperinflammation: hemophagocytic lymphohistiocytosis and macrophage activation syndrome&#8221;<\/td><td>Webinar<\/td><\/tr><tr><td>29 April 2021<br>Online<\/td><td>Day of Immunology IUIS-EFIS Webinar<\/td><td>Webinar<\/td><\/tr><tr><td>22 March 2021<br>Online<\/td><td>Webinar by Prof. Antonio Lanzavecchi<\/td><td>Webinar<\/td><\/tr><tr><td>8 April 2021<br>Online<\/td><td>Prof. Paolo Manganotti<\/td><td>48th Symposium POST-COVID<br>ERA: THE NEW AND UNKOWN<br>FIELD<\/td><\/tr><tr><td>19 February 2021<br>Online<\/td><td>Online EFIS on Tour lectures<\/td><td>Online<\/td><\/tr><tr><td>21 December 2020<br>Online &#8211; MS<br>teams<\/td><td>Asst. Prof. Rok Fink, &#8220;Management of material properties and environmental conditions for biofilm control&#8221;<\/td><td>Online<\/td><\/tr><tr><td>15 December 2020<br>Online &#8211; MS<br>teams<\/td><td>Asst. Prof. Andrej Ovca, &#8220;Systematic analysis of formal education and training in the field of food safety with combined research approach&#8221;<\/td><td>Online<\/td><\/tr><tr><td>10 December 2020<br>Online<\/td><td>Prof. Stjepan Ore\u0161kovi\u0107, &#8220;Walking The Wire: What Makes A Critical Difference Between Successful and Disastrous COVID-19 Policies?&#8221;<\/td><td>8th International symposium<br>&#8220;Health for All?!&#8221;<\/td><\/tr><tr><td>25 September 2020<br>Online<\/td><td>Assoc. Prof. Martina Dreven\u0161ek, &#8220;Orofacijalni rascjepi u istra\u017eivanjima i klinici&#8221;<\/td><td>Link to virtual webinar room<\/td><\/tr><tr><td>25 September 2020<br>Online<\/td><td>Assoc. Prof. Yourij Anastassov, &#8220;Kraniofacijalne anomalije \u2013 registar anomalija u Bugarskoj i istra\u017eivanje ishoda primarne kirurgije&#8221;<\/td><td>Link to virtual webinar room<\/td><\/tr><tr><td>25 September 2020<br>Online<\/td><td>Asst. Prof. Neda Stefanovi\u0107, &#8220;Mitovi i \u010dinjenice u ortodonciji&#8221;<\/td><td>Link to virtual webinar room<\/td><\/tr><tr><td>24 September 2020<br>Online and onsite<\/td><td>Prof. Ivan \u0110iki\u0107, &#8220;Papain-like protease regulates SARSCoV-2 viral spread and innate immunity&#8221;<\/td><td>Symposium COVID-19 MESSAGES I,<br>ADVANCEMENT IN VIROLOGY<br>RESEARCH \u2013 AN OPORTUNITY<br>TO IMPOROVE INTERNATIONAL<br>IMPACT OF THE UNIVERSITY OD<br>RIJEKA<\/td><\/tr><\/tbody><\/table><\/figure>\n","protected":false},"excerpt":{"rendered":"<p>Date and location Invited lecture 29 March 2024Online &#8211; MSTeams, 12,30 h Assoc. Prof. Ana Angelova Volponi, &#8220;Prenatal craniofacial development &#8211; research and clinical implications&#8221;\u00a0 Online 15 March 2024Online &#8211; MSTeams, 12,30 h Prof. Vaska Vandevska Radunovi\u0107, &#8220;Etiology of malocclusions &#8211; research and clinics&#8221;\u00a0 Online 24 January 2024Online &#8211; MSTeams, 15,00 h Prof. Georges Verjans, [&hellip;]<\/p>\n","protected":false},"author":4,"featured_media":0,"parent":13000,"menu_order":5,"comment_status":"closed","ping_status":"closed","template":"","meta":{"_acf_changed":false,"ub_ctt_via":"","footnotes":""},"class_list":["post-13011","page","type-page","status-publish","hentry"],"acf":[],"featured_image_src":null,"_links":{"self":[{"href":"https:\/\/medri.uniri.hr\/en\/wp-json\/wp\/v2\/pages\/13011","targetHints":{"allow":["GET"]}}],"collection":[{"href":"https:\/\/medri.uniri.hr\/en\/wp-json\/wp\/v2\/pages"}],"about":[{"href":"https:\/\/medri.uniri.hr\/en\/wp-json\/wp\/v2\/types\/page"}],"author":[{"embeddable":true,"href":"https:\/\/medri.uniri.hr\/en\/wp-json\/wp\/v2\/users\/4"}],"replies":[{"embeddable":true,"href":"https:\/\/medri.uniri.hr\/en\/wp-json\/wp\/v2\/comments?post=13011"}],"version-history":[{"count":7,"href":"https:\/\/medri.uniri.hr\/en\/wp-json\/wp\/v2\/pages\/13011\/revisions"}],"predecessor-version":[{"id":24570,"href":"https:\/\/medri.uniri.hr\/en\/wp-json\/wp\/v2\/pages\/13011\/revisions\/24570"}],"up":[{"embeddable":true,"href":"https:\/\/medri.uniri.hr\/en\/wp-json\/wp\/v2\/pages\/13000"}],"wp:attachment":[{"href":"https:\/\/medri.uniri.hr\/en\/wp-json\/wp\/v2\/media?parent=13011"}],"curies":[{"name":"wp","href":"https:\/\/api.w.org\/{rel}","templated":true}]}}