{"id":13115,"date":"2022-02-04T12:28:57","date_gmt":"2022-02-04T10:28:57","guid":{"rendered":"https:\/\/medri.uniri.hr\/?page_id=13115"},"modified":"2024-05-07T17:11:46","modified_gmt":"2024-05-07T15:11:46","slug":"awards-and-accolades","status":"publish","type":"page","link":"https:\/\/medri.uniri.hr\/en\/science\/awards-and-accolades\/","title":{"rendered":"Awards and accolades"},"content":{"rendered":"<div class=\"wp-block-ub-content-toggle wp-block-ub-content-toggle-block\" id=\"ub-content-toggle-block-b080082c-17c5-4ead-92e0-0db37b4fb7dc\" data-mobilecollapse=\"false\" data-desktopcollapse=\"false\" data-preventcollapse=\"false\" data-showonlyone=\"false\">\n<div class=\"wp-block-ub-content-toggle-accordion\" style=\"border-color: #f1f1f1;\" id=\"ub-content-toggle-panel-block-d4913e6e-eab2-4120-bc37-d48df7adf675\">\n\t\t\t<div class=\"wp-block-ub-content-toggle-accordion-title-wrap\" style=\"background-color: #f1f1f1;\" aria-controls=\"ub-content-toggle-panel-0-b080082c-17c5-4ead-92e0-0db37b4fb7dc\" tabindex=\"0\">\n\t\t\t<p class=\"wp-block-ub-content-toggle-accordion-title ub-content-toggle-title-b080082c-17c5-4ead-92e0-0db37b4fb7dc\" style=\"color: #000000; \"><strong>National Science Awards<\/strong><\/p>\n\t\t\t<div class=\"wp-block-ub-content-toggle-accordion-toggle-wrap right\" style=\"color: #000000;\"><span class=\"wp-block-ub-content-toggle-accordion-state-indicator wp-block-ub-chevron-down open\"><\/span><\/div>\n\t\t<\/div>\n\t\t\t<div role=\"region\" aria-expanded=\"true\" class=\"wp-block-ub-content-toggle-accordion-content-wrap\" id=\"ub-content-toggle-panel-0-b080082c-17c5-4ead-92e0-0db37b4fb7dc\">\n\n<ul class=\"wp-block-list\">\n<li><em><strong>Vanda Jurani\u0107 Lisni\u0107<\/strong><\/em>\n<ul class=\"wp-block-list\">\n<li>2021<\/li>\n\n\n\n<li>Croatian National Science Awards<\/li>\n\n\n\n<li>Annual Award in the field of biomedicine and health<\/li>\n<\/ul>\n<\/li>\n\n\n\n<li><strong><em>Bojan Poli\u0107<\/em><\/strong>\n<ul class=\"wp-block-list\">\n<li>2020<\/li>\n\n\n\n<li>Croatian National Science Awards<\/li>\n\n\n\n<li>Lifetime Achievement Award, biomedicine and health<\/li>\n<\/ul>\n<\/li>\n\n\n\n<li><strong><em>Inga Kavazovi\u0107<\/em><\/strong>\n<ul class=\"wp-block-list\">\n<li>2020<\/li>\n\n\n\n<li>Croatian National Science Awards<\/li>\n\n\n\n<li>Annual Research Fellowship Award, biomedicine and health<\/li>\n<\/ul>\n<\/li>\n\n\n\n<li><strong><em>Nina Pereza<\/em><\/strong>\n<ul class=\"wp-block-list\">\n<li>2020<\/li>\n\n\n\n<li>Croatian National Science Awards<\/li>\n\n\n\n<li>Annual Award for Popularisation and Promotion of Science, biomedicine and health<\/li>\n<\/ul>\n<\/li>\n\n\n\n<li><strong><em>Marko \u0160estan<\/em><\/strong>\n<ul class=\"wp-block-list\">\n<li>2018<\/li>\n\n\n\n<li>Croatian National Science Awards<\/li>\n\n\n\n<li>Annual Award for Scientific Discovery in Biomedicine and Health<\/li>\n<\/ul>\n<\/li>\n\n\n\n<li><strong><em>Vedrana Jelen\u010di\u0107<\/em><\/strong>\n<ul class=\"wp-block-list\">\n<li>2018<\/li>\n\n\n\n<li>Croatian National Science Awards<\/li>\n\n\n\n<li>Annual Research Fellowship Award, biomedicine and health<\/li>\n<\/ul>\n<\/li>\n\n\n\n<li><strong><em>Ilija Brizi\u0107<\/em><\/strong>\n<ul class=\"wp-block-list\">\n<li>2017<\/li>\n\n\n\n<li>Croatian National Science Awards<\/li>\n\n\n\n<li>Annual Research Fellowship Award, biomedicine and health<\/li>\n<\/ul>\n<\/li>\n\n\n\n<li><strong><em>Sven Mari\u010di\u0107<\/em><\/strong>\n<ul class=\"wp-block-list\">\n<li>2017<\/li>\n\n\n\n<li>Croatian National Science Awards<\/li>\n\n\n\n<li>Annual Award for Popularisation and Promotion of Science, technical sciences<\/li>\n<\/ul>\n<\/li>\n\n\n\n<li><strong><em>Iva Dekaris<\/em><\/strong>\n<ul class=\"wp-block-list\">\n<li>2013<\/li>\n\n\n\n<li>Croatian National Science Awards<\/li>\n\n\n\n<li>Annual Award for biomedical sciences<\/li>\n<\/ul>\n<\/li>\n\n\n\n<li><strong><em>Stipan Jonji\u0107<\/em><\/strong>\n<ul class=\"wp-block-list\">\n<li>2012<\/li>\n\n\n\n<li>Croatian National Science Awards<\/li>\n\n\n\n<li>Lifetime Achievement Award, biomedical sciences<\/li>\n<\/ul>\n<\/li>\n\n\n\n<li><strong><em>Marina Babi\u0107 \u010ca\u010d<\/em><\/strong>\n<ul class=\"wp-block-list\">\n<li>2011<\/li>\n\n\n\n<li>Croatian National Science Awards<\/li>\n\n\n\n<li>Annual Research Fellowship Award, biomedicine and health<\/li>\n<\/ul>\n<\/li>\n\n\n\n<li><strong><em>Sa\u0161a Ostoji\u0107<\/em><\/strong>\n<ul class=\"wp-block-list\">\n<li>2010<\/li>\n\n\n\n<li>Croatian National Science Awards<\/li>\n\n\n\n<li>Annual Award for Popularisation and Promotion of Science, biomedical sciences<\/li>\n<\/ul>\n<\/li>\n\n\n\n<li><strong><em>Sini\u0161a Volarevi\u0107<\/em><\/strong>\n<ul class=\"wp-block-list\">\n<li>2009<\/li>\n\n\n\n<li>Croatian National Science Awards<\/li>\n\n\n\n<li>Annual Science Award, biomedical sciences<\/li>\n<\/ul>\n<\/li>\n\n\n\n<li><strong><em>Marina \u0160anti\u0107<\/em><\/strong>\n<ul class=\"wp-block-list\">\n<li>2007<\/li>\n\n\n\n<li>Croatian National Science Awards<\/li>\n\n\n\n<li>Annual Science Award, biomedical sciences<\/li>\n<\/ul>\n<\/li>\n\n\n\n<li><strong><em>Anton \u0160krobonja<\/em><\/strong>\n<ul class=\"wp-block-list\">\n<li>2006<\/li>\n\n\n\n<li>Croatian National Science Awards<\/li>\n\n\n\n<li>Annual Award for Popularisation and Promotion of Science, biomedical sciences<\/li>\n<\/ul>\n<\/li>\n\n\n\n<li><strong><em>Bojan Poli\u0107<\/em><\/strong>\n<ul class=\"wp-block-list\">\n<li>2002<\/li>\n\n\n\n<li>Croatian National Science Awards<\/li>\n\n\n\n<li>Annual Science Award, biomedical sciences<\/li>\n<\/ul>\n<\/li>\n\n\n\n<li><strong><em>Astrid Krmpoti\u0107<\/em><\/strong>\n<ul class=\"wp-block-list\">\n<li>2002<\/li>\n\n\n\n<li>Croatian National Science Awards<\/li>\n\n\n\n<li>Annual Science Award, biomedical sciences<\/li>\n<\/ul>\n<\/li>\n\n\n\n<li><strong><em>Gordana La\u0161karin<\/em><\/strong>\n<ul class=\"wp-block-list\">\n<li>2000<\/li>\n\n\n\n<li>Croatian National Science Awards<\/li>\n\n\n\n<li>Annual Research Fellowship Award, biomedical sciences<\/li>\n<\/ul>\n<\/li>\n\n\n\n<li><strong><em>Pero Lu\u010din<\/em><\/strong>\n<ul class=\"wp-block-list\">\n<li>1997<\/li>\n\n\n\n<li>Croatian National Science Awards<\/li>\n\n\n\n<li>Annual Science Award, biomedical sciences<\/li>\n<\/ul>\n<\/li>\n\n\n\n<li><strong><em>Stipan Jonji\u0107<\/em><\/strong>\n<ul class=\"wp-block-list\">\n<li>1993<\/li>\n\n\n\n<li>Ru\u0111er Bo\u0161kovi\u0107 State Award for Outstanding Scientific Discovery, natural sciences, biomedicine<\/li>\n<\/ul>\n<\/li>\n<\/ul>\n\n<\/div>\n\t\t<\/div>\n<\/div>\n\n<div class=\"wp-block-ub-content-toggle wp-block-ub-content-toggle-block\" id=\"ub-content-toggle-block-600c56fb-6ae2-4ca7-a836-d5f8acfdd28f\" data-mobilecollapse=\"false\" data-desktopcollapse=\"false\" data-preventcollapse=\"false\" data-showonlyone=\"false\">\n<div class=\"wp-block-ub-content-toggle-accordion\" style=\"border-color: #f1f1f1;\" id=\"ub-content-toggle-panel-block-f3bec057-7327-4694-8b48-8926ac1918a9\">\n\t\t\t<div class=\"wp-block-ub-content-toggle-accordion-title-wrap\" style=\"background-color: #f1f1f1;\" aria-controls=\"ub-content-toggle-panel-0-600c56fb-6ae2-4ca7-a836-d5f8acfdd28f\" tabindex=\"0\">\n\t\t\t<p class=\"wp-block-ub-content-toggle-accordion-title ub-content-toggle-title-600c56fb-6ae2-4ca7-a836-d5f8acfdd28f\" style=\"color: #000000; \">AWARD OF THE CROATIAN ACADEMY OF SCIENCES AND ARTS for the highest scientific and artistic achievements in the Republic of Croatia<\/p>\n\t\t\t<div class=\"wp-block-ub-content-toggle-accordion-toggle-wrap right\" style=\"color: #000000;\"><span class=\"wp-block-ub-content-toggle-accordion-state-indicator wp-block-ub-chevron-down open\"><\/span><\/div>\n\t\t<\/div>\n\t\t\t<div role=\"region\" aria-expanded=\"true\" class=\"wp-block-ub-content-toggle-accordion-content-wrap\" id=\"ub-content-toggle-panel-0-600c56fb-6ae2-4ca7-a836-d5f8acfdd28f\">\n\n<ul class=\"wp-block-list\">\n<li><strong><em>Felix Wensveen<\/em><\/strong>\n<ul class=\"wp-block-list\">\n<li>2019<\/li>\n\n\n\n<li>Annual Award of the Croatian Academy of Sciences and Arts for scientific achievements, medical sciences<\/li>\n<\/ul>\n<\/li>\n\n\n\n<li><strong><em>Bojan Poli\u0107<\/em><\/strong>\n<ul class=\"wp-block-list\">\n<li>2011<\/li>\n\n\n\n<li>Annual Award of the Croatian Academy of Sciences and Arts for scientific achievements, medical sciences<\/li>\n<\/ul>\n<\/li>\n\n\n\n<li><strong><em>Sini\u0161a Volarevi\u0107<\/em><\/strong>\n<ul class=\"wp-block-list\">\n<li>2006<\/li>\n\n\n\n<li>Annual Award of the Croatian Academy of Sciences and Arts for scientific achievements, medical sciences<\/li>\n<\/ul>\n<\/li>\n\n\n\n<li><strong><em>Stipan Jonji\u0107<\/em><\/strong>\n<ul class=\"wp-block-list\">\n<li>2002<\/li>\n\n\n\n<li>Annual Award of the Croatian Academy of Sciences and Arts for contribution of significant and lasting impact for the Republic of Croatia, medical sciences<\/li>\n<\/ul>\n<\/li>\n\n\n\n<li><strong><em>Danijel Rukavina<\/em><\/strong>\n<ul class=\"wp-block-list\">\n<li>1997<\/li>\n\n\n\n<li>Annual Award of the Croatian Academy of Sciences and Arts for scientific achievements, medical sciences<\/li>\n<\/ul>\n<\/li>\n\n\n\n<li><strong><em>Pero Lu\u010din<\/em><\/strong>\n<ul class=\"wp-block-list\">\n<li>1995<\/li>\n\n\n\n<li>Annual Award of the Croatian Academy of Sciences and Arts for scientific achievements, medical sciences<\/li>\n<\/ul>\n<\/li>\n<\/ul>\n\n<\/div>\n\t\t<\/div>\n<\/div>\n\n<div class=\"wp-block-ub-content-toggle wp-block-ub-content-toggle-block\" id=\"ub-content-toggle-block-6e787c20-58fc-4387-ac54-dd8e86200d7a\" data-mobilecollapse=\"false\" data-desktopcollapse=\"false\" data-preventcollapse=\"false\" data-showonlyone=\"false\">\n<div class=\"wp-block-ub-content-toggle-accordion\" style=\"border-color: #f1f1f1;\" id=\"ub-content-toggle-panel-block-09957199-d07c-4266-b4de-7b4550b872b5\">\n\t\t\t<div class=\"wp-block-ub-content-toggle-accordion-title-wrap\" style=\"background-color: #f1f1f1;\" aria-controls=\"ub-content-toggle-panel-0-6e787c20-58fc-4387-ac54-dd8e86200d7a\" tabindex=\"0\">\n\t\t\t<p class=\"wp-block-ub-content-toggle-accordion-title ub-content-toggle-title-6e787c20-58fc-4387-ac54-dd8e86200d7a\" style=\"color: #000000; \">Membership in the Croatian Academy of Science and Arts<\/p>\n\t\t\t<div class=\"wp-block-ub-content-toggle-accordion-toggle-wrap right\" style=\"color: #000000;\"><span class=\"wp-block-ub-content-toggle-accordion-state-indicator wp-block-ub-chevron-down open\"><\/span><\/div>\n\t\t<\/div>\n\t\t\t<div role=\"region\" aria-expanded=\"true\" class=\"wp-block-ub-content-toggle-accordion-content-wrap\" id=\"ub-content-toggle-panel-0-6e787c20-58fc-4387-ac54-dd8e86200d7a\">\n\n<p>Stipan Jonji\u0107<\/p>\n\n\n\n<p>Daniel Rukavina<\/p>\n\n<\/div>\n\t\t<\/div>\n<\/div>","protected":false},"excerpt":{"rendered":"","protected":false},"author":4,"featured_media":0,"parent":13103,"menu_order":6,"comment_status":"closed","ping_status":"closed","template":"","meta":{"_acf_changed":false,"ub_ctt_via":"","footnotes":""},"class_list":["post-13115","page","type-page","status-publish","hentry"],"acf":[],"featured_image_src":null,"_links":{"self":[{"href":"https:\/\/medri.uniri.hr\/en\/wp-json\/wp\/v2\/pages\/13115","targetHints":{"allow":["GET"]}}],"collection":[{"href":"https:\/\/medri.uniri.hr\/en\/wp-json\/wp\/v2\/pages"}],"about":[{"href":"https:\/\/medri.uniri.hr\/en\/wp-json\/wp\/v2\/types\/page"}],"author":[{"embeddable":true,"href":"https:\/\/medri.uniri.hr\/en\/wp-json\/wp\/v2\/users\/4"}],"replies":[{"embeddable":true,"href":"https:\/\/medri.uniri.hr\/en\/wp-json\/wp\/v2\/comments?post=13115"}],"version-history":[{"count":3,"href":"https:\/\/medri.uniri.hr\/en\/wp-json\/wp\/v2\/pages\/13115\/revisions"}],"predecessor-version":[{"id":24737,"href":"https:\/\/medri.uniri.hr\/en\/wp-json\/wp\/v2\/pages\/13115\/revisions\/24737"}],"up":[{"embeddable":true,"href":"https:\/\/medri.uniri.hr\/en\/wp-json\/wp\/v2\/pages\/13103"}],"wp:attachment":[{"href":"https:\/\/medri.uniri.hr\/en\/wp-json\/wp\/v2\/media?parent=13115"}],"curies":[{"name":"wp","href":"https:\/\/api.w.org\/{rel}","templated":true}]}}