{"id":13169,"date":"2021-05-27T08:54:57","date_gmt":"2021-05-27T06:54:57","guid":{"rendered":"https:\/\/medri.uniri.hr\/?page_id=13169"},"modified":"2023-10-13T11:55:54","modified_gmt":"2023-10-13T09:55:54","slug":"heads-of-studies","status":"publish","type":"page","link":"https:\/\/medri.uniri.hr\/en\/faculty\/organisational-units\/heads-of-studies\/","title":{"rendered":"Heads of studies"},"content":{"rendered":"\n<p>Heads of studies also participate in the organisation of teaching. They are appointed by the Faculty Council on the dean\u2019s proposal. In agreement with the course coordinators and the scheduler, the heads of studies determine the schedule of lectures, seminars and practicals, supervise the modernisation of study programmes, and harmonise the content and title of elective courses. They participate ex officio in the Section for Learning Outcomes within the Teaching Committee. There are 13 heads of studies at the Faculty of Medicine in Rijeka.<\/p>\n\n\n\n<p>University integrated undergraduate and graduate study programmes<\/p>\n\n\n\n<ol class=\"wp-block-list\" type=\"1\">\n<li>Assoc. Prof. Marko Zeli\u0107, MD, PhD \u2013 MEDICINE (clinical level)<\/li>\n\n\n\n<li>Assoc. Prof. Lara Bati\u010di\u0107, PhD \u2013 MEDICINE IN ENGLISH<\/li>\n\n\n\n<li>Prof. Dinko Vitezi\u0107, MD, PhD \u2013 PHARMACY<\/li>\n<\/ol>\n\n\n\n<p>University undergraduate and graduate study programme<\/p>\n\n\n\n<ol class=\"wp-block-list\" type=\"1\">\n<li>Prof. Ivana Gobin, PhD \u2013 ENVIRONMENTAL AND PUBLIC HEALTH<\/li>\n<\/ol>\n\n\n\n<p>University undergraduate study programme<\/p>\n\n\n\n<ol class=\"wp-block-list\">\n<li>Assoc. Prof. Nada Star\u010devi\u0107 \u010cizmarevi\u0107, PhD \u2013 MEDICAL LABORATORY DIAGNOSTICS<\/li>\n<\/ol>\n\n\n\n<p>University specialist study programmes<\/p>\n\n\n\n<ol class=\"wp-block-list\" type=\"1\">\n<li>Assoc. Prof. Marko Zeli\u0107, MD, PhD \u2013 ABDOMINAL SURGERY<\/li>\n\n\n\n<li>Prof. Alan \u0160usti\u0107, MD, PhD \u2013 ANESTHESIOLOGY, REANIMATOLOGY AND INTENSIVE CARE MEDICINE<\/li>\n\n\n\n<li>Asst. Prof. Kristina Lah Tomuli\u0107, MD, PhD \u2013 BIOMEDICINE OF DEVELOPMENTAL AGE<\/li>\n\n\n\n<li>Assoc. Prof. Sanja Klobu\u010dar, MD, PhD \u2013 ENDOCRINOLOGY AND DIABETOLOGY<\/li>\n\n\n\n<li>Prof. Davor \u0160timac, MD, PhD \u2013 GASTROENTEROLOGY<\/li>\n\n\n\n<li>Asst. Prof. Aleks Finderle, MD, PhD \u2013 GYNECOLOGY AND OBSTETRICS<\/li>\n\n\n\n<li>Prof. dr. sc. Alan \u0160usti\u0107, MD, PhD \u2013 EMERGENCY MEDICINE<\/li>\n\n\n\n<li>Prof. Renata Dobrila-Dintinjana, MD, PhD \u2013 MEDICAL ONCOLOGY<\/li>\n\n\n\n<li>Asst. Prof. Vjekoslav Tomuli\u0107, MD, PhD \u2013 CARDIOLOGY<\/li>\n\n\n\n<li>Prof. Vera Vlahovi\u0107 Pal\u010devski, MD, PhD \u2013 CLINICAL PHARMACOLOGY AND TOXICOLOGY: DRUG TESTING AND ADMINISTRATION<\/li>\n\n\n\n<li>Prof. Damir Mileti\u0107, MD, PhD \u2013 CLINICAL RADIOLOGY<\/li>\n\n\n\n<li>Prof. Sanja Balen, MD, PhD \u2013 HEALTHCARE MANAGEMENT<\/li>\n\n\n\n<li>Prof. Ines Dimini\u0107-Lisica, MD, PhD \u2013 FAMILY MEDICINE<\/li>\n\n\n\n<li>Prof. Iva Dekaris, MD, PhD (nominal title) \u2013 OPHTALMOLOGY<\/li>\n\n\n\n<li>Assoc. Prof. Goran Poropat, MD, PhD \u2013 GENERAL INTERNAL MEDICINE<\/li>\n\n\n\n<li>Assoc. Prof. Igor Medved, MD, PhD \u2013 GENERAL SURGERY<\/li>\n\n\n\n<li>Prof. Veljko \u0160anti\u0107, MD, PhD \u2013 ORTHOPEDICS AND TRAUMATOLOGY<\/li>\n\n\n\n<li>Asst. Prof. Darko Rovi\u0161, PhD \u2013 HEALTH PROMOTION AND ADDICTION PREVENTION<\/li>\n\n\n\n<li>Prof. Gordana Rube\u0161a, MD, PhD \u2013 PSYCHIATRY<\/li>\n\n\n\n<li>Asst. Prof. Igor Barkovi\u0107, MD, PhD \u2013 PULMONOLOGY<\/li>\n\n\n\n<li>Prof. Viktor Per\u0161i\u0107, MD, PhD \u2013 SPORTS AND REHABILITATION MEDICINE<\/li>\n\n\n\n<li>Prof. Oleg Petrovi\u0107, MD, PhD \u2013 ULTRASOUND IN GYNECOLOGY AND OBSTETRICS<\/li>\n<\/ol>\n\n\n\n<p>Doctoral study programmes<\/p>\n\n\n\n<ol class=\"wp-block-list\" type=\"1\">\n<li>Prof. Marina \u0160anti\u0107, PhD \u2013 HEAD OF THE DOCTORAL SCHOOL&nbsp;<\/li>\n\n\n\n<li>Assoc. Prof. Vanda Jurani\u0107 Lisni\u0107, PhD \u2013 BIOMEDICINE&nbsp;<\/li>\n\n\n\n<li>Assoc. Prof. Darija Vuki\u0107 Lu\u0161i\u0107, PhD \u2013 HEALTH AND ENVIRONMENTAL ENGINEERING&nbsp;<\/li>\n\n\n\n<li>Asst. Prof. Lovorka Bilajac, PhD \u2013 PUBLIC HEALTH&nbsp;<\/li>\n\n\n\n<li>Asst. Prof. Marko Klari\u0107, MD, PhD \u2013 CLINICAL MEDICINE&nbsp;<\/li>\n\n\n\n<li>Prof. Stjepan \u0160palj, DMD, PhD \u2013 DENTAL MEDICINE&nbsp;<\/li>\n<\/ol>\n","protected":false},"excerpt":{"rendered":"<p>Heads of studies also participate in the organisation of teaching. They are appointed by the Faculty Council on the dean\u2019s proposal. In agreement with the course coordinators and the scheduler, the heads of studies determine the schedule of lectures, seminars and practicals, supervise the modernisation of study programmes, and harmonise the content and title of [&hellip;]<\/p>\n","protected":false},"author":4,"featured_media":0,"parent":13161,"menu_order":3,"comment_status":"closed","ping_status":"closed","template":"","meta":{"_acf_changed":false,"ub_ctt_via":"","footnotes":""},"class_list":["post-13169","page","type-page","status-publish","hentry"],"acf":[],"featured_image_src":null,"_links":{"self":[{"href":"https:\/\/medri.uniri.hr\/en\/wp-json\/wp\/v2\/pages\/13169","targetHints":{"allow":["GET"]}}],"collection":[{"href":"https:\/\/medri.uniri.hr\/en\/wp-json\/wp\/v2\/pages"}],"about":[{"href":"https:\/\/medri.uniri.hr\/en\/wp-json\/wp\/v2\/types\/page"}],"author":[{"embeddable":true,"href":"https:\/\/medri.uniri.hr\/en\/wp-json\/wp\/v2\/users\/4"}],"replies":[{"embeddable":true,"href":"https:\/\/medri.uniri.hr\/en\/wp-json\/wp\/v2\/comments?post=13169"}],"version-history":[{"count":12,"href":"https:\/\/medri.uniri.hr\/en\/wp-json\/wp\/v2\/pages\/13169\/revisions"}],"predecessor-version":[{"id":20045,"href":"https:\/\/medri.uniri.hr\/en\/wp-json\/wp\/v2\/pages\/13169\/revisions\/20045"}],"up":[{"embeddable":true,"href":"https:\/\/medri.uniri.hr\/en\/wp-json\/wp\/v2\/pages\/13161"}],"wp:attachment":[{"href":"https:\/\/medri.uniri.hr\/en\/wp-json\/wp\/v2\/media?parent=13169"}],"curies":[{"name":"wp","href":"https:\/\/api.w.org\/{rel}","templated":true}]}}