{"id":13173,"date":"2022-01-14T11:48:10","date_gmt":"2022-01-14T09:48:10","guid":{"rendered":"https:\/\/medri.uniri.hr\/?page_id=13173"},"modified":"2024-05-02T20:50:42","modified_gmt":"2024-05-02T18:50:42","slug":"committee-for-scientific-research-activity","status":"publish","type":"page","link":"https:\/\/medri.uniri.hr\/en\/faculty\/organisational-units\/committees\/committee-for-scientific-research-activity\/","title":{"rendered":"Committee for Scientific Research Activity"},"content":{"rendered":"\n<p>The Committee for Scientific Research Activity is an advisory body that primarily monitors the quality of scientific research work, the quality of PhD thesis topics, scientific research activity and the quality of mentors, the quality of completed PhD theses and the candidate&#8217;s scientific publications.<br>The Committee meets once a month in the week before the scheduled Faculty Council session and before the Doctoral School Council meeting.<\/p>\n\n\n\n<h3 class=\"wp-block-heading\">Deadlines for submission of documents and session schedule<\/h3>\n\n\n\n<figure class=\"wp-block-table\"><table><thead><tr><th>Deadlines<\/th><th><\/th><th>Sessions<\/th><th><\/th><\/tr><\/thead><tbody><tr><td><strong>Ethics Committee<\/strong> <\/td><td><strong>Committee for Scientific Research Activity<\/strong><\/td><td><strong>Committee for Scientific Research Activity<\/strong><\/td><td><strong>Faculty Council<\/strong><\/td><\/tr><tr><td><em>19 September 2023<\/em><\/td><td><em>27 <em>September<\/em> 2023<\/em><\/td><td><em>3 <em>September<\/em> 2023<\/em><\/td><td><em>10 October 2023<\/em><\/td><\/tr><tr><td><em>24 <em>October<\/em> 2023<\/em><\/td><td><em>31 <em>October<\/em> 2023<\/em><\/td><td><em>7 November 2023<\/em><\/td><td><em>14 <em>November<\/em> 2023<\/em><\/td><\/tr><tr><td><em>21 <em>November<\/em> 2023<\/em><\/td><td><em>29 <em>November<\/em> 2023<\/em><\/td><td><em>5 December 2023<\/em>&nbsp;<\/td><td><em>19 <em>December<\/em> 2023<\/em><\/td><\/tr><tr><td><em>19 <em>December<\/em> 2023<\/em><\/td><td><em>3 January 2024<\/em><\/td><td><em>9 <em>January<\/em> 2024<\/em><\/td><td><em>16 <em>January<\/em> 2024<\/em><\/td><\/tr><tr><td><em>23 <em>January<\/em> 2024<\/em><\/td><td><em>31 <em>January<\/em> 2024<\/em><\/td><td><em>6 February 2024<\/em><\/td><td><em>13 <em>February<\/em> 2024<\/em><\/td><\/tr><tr><td><em>20 <em>February<\/em> 2024<\/em><\/td><td><em>28 <em>February<\/em> 2024<\/em>&nbsp;<\/td><td><em>5 March 2024<\/em><\/td><td><em>12 <em>March<\/em> 2024<\/em><\/td><\/tr><tr><td><em>19 <em>March<\/em> 2024<\/em><\/td><td><em>27 <em>March<\/em> 2024<\/em><\/td><td><em>2 April 2024<\/em>&nbsp;<\/td><td><em>9 <em>April<\/em> 2024<\/em>&nbsp;<\/td><\/tr><tr><td><em>23 <em>April<\/em> 2024<\/em><\/td><td><em>30 <em>April<\/em> 2024<\/em><\/td><td><em>7 May 2024<\/em><\/td><td><em>14 <em>May<\/em> 2024<\/em><\/td><\/tr><tr><td><em>21 <em>May<\/em> 2024<\/em><\/td><td><em>29 <em>May<\/em> 2024<\/em><\/td><td><em>4 June 2024<\/em><\/td><td><em>11 <em>June<\/em> 2024<\/em>&nbsp;<\/td><\/tr><tr><td><em>18 <em>June<\/em> 2024<\/em><\/td><td><em>26 <em>June<\/em> 2024<\/em><\/td><td><em>2 July 2024<\/em><\/td><td><em>9 <em>July<\/em> 2024<\/em>&nbsp;<\/td><\/tr><tr><td><em>20 August 2024<\/em><\/td><td><em>28 <em>August<\/em><\/em> <em>2024<\/em><\/td><td><em>3 <em>September<\/em> 2024<\/em><\/td><td><em>10 <em>September<\/em> 2024<\/em><\/td><\/tr><\/tbody><\/table><\/figure>\n\n\n\n<h3 class=\"wp-block-heading\">PhD thesis topic registration<\/h3>\n\n\n\n<p>PhD thesis topic registration must be structured according to the Instructions for PhD Thesis Topic Registration of the Faculty of Medicine in Rijeka. PhD thesis topic registration is submitted both to the Ethics Committee and Committee for Scientific Research Activity in accordance with the previously published deadlines of the Ethics Committee.<\/p>\n\n\n\n<h3 class=\"wp-block-heading\">PhD thesis <\/h3>\n\n\n\n<p>The PhD thesis must be written in accordance with the Instructions for Structure, Evaluation and Public Defense of PhD Thesis of the Faculty of Medicine in Rijeka.<\/p>\n\n\n\n<h3 class=\"wp-block-heading\">Documents<\/h3>\n\n\n\n<h4 class=\"wp-block-heading\">PhD thesis topic registration<\/h4>\n\n\n\n<ul class=\"wp-block-list\">\n<li><a href=\"https:\/\/medri.uniri.hr\/wp-content\/uploads\/2024\/02\/26.02.24.PDS3_DOCTORAL_DISSERTATION_TOPIC_APPLICATION.docx\">Doctoral dissertation topic application<\/a><\/li>\n\n\n\n<li><a href=\"https:\/\/www.medri.uniri.hr\/files\/PROPISI_I_DOKUMENTI\/POSLIJEDIPLOMSKI-DOKTORSKI_STUDIJI\/PRIJAVA_TEME\/EU_CV-EN.doc\">CV form<\/a><\/li>\n\n\n\n<li><a href=\"https:\/\/www.medri.uniri.hr\/files\/\/PROPISI_I_DOKUMENTI\/POSLIJEDIPLOMSKI-DOKTORSKI_STUDIJI\/PRIJAVA_TEME\/PDS5_REQUEST_FOR_CHANGE_OF_DOCTORAL_DISSERTATION_TOPIC.docx\">Request for change of doctoral dissertation topic<\/a><\/li>\n\n\n\n<li><a href=\"https:\/\/www.medri.uniri.hr\/files\/\/PROPISI_I_DOKUMENTI\/POSLIJEDIPLOMSKI-DOKTORSKI_STUDIJI\/PRIJAVA_TEME\/PDS6_REQUEST_FOR_CHANGE_OF_MENTOR.docx\">Request for change of mentor<\/a><\/li>\n\n\n\n<li><a href=\"https:\/\/www.medri.uniri.hr\/files\/\/PROPISI_I_DOKUMENTI\/POSLIJEDIPLOMSKI-DOKTORSKI_STUDIJI\/PRIJAVA_TEME\/PDS4_DOCTORAL_DISSERTATION_TOPIC_EVALUATION.docx\">Doctoral dissertation topic evaluation<\/a><\/li>\n<\/ul>\n\n\n\n<h4 class=\"wp-block-heading\">Doctoral thesis<\/h4>\n\n\n\n<ul class=\"wp-block-list\">\n<li><a href=\"https:\/\/medri.uniri.hr\/wp-content\/uploads\/2022\/07\/PDS7_DOCTORAL_DISSERTATION_EVALUATION_REPORT.docx\">Doctoral dissertation evaluation report<\/a><\/li>\n<\/ul>\n\n\n\n<h3 class=\"wp-block-heading\">Information <\/h3>\n\n\n\n<p>For additional information, please contact the Office of Science, Projects and Doctoral Studies. <\/p>\n\n\n\n<ul class=\"wp-block-list\">\n<li>Mamaja Jan\u010di\u0107, M.Ec.\n<ul class=\"wp-block-list\">\n<li><em>Phone: +385 51 651 157 <\/em><\/li>\n\n\n\n<li><em>E-mail:\u202f<a rel=\"noreferrer noopener\" href=\"&#109;&#x61;&#105;&#x6c;t&#x6f;:&#109;&#x61;&#109;&#x61;j&#x61;&#46;&#106;&#x61;&#110;&#x63;i&#x63;&#64;&#117;&#x6e;&#105;&#x72;i&#x2e;h&#114;\" target=\"_blank\">&#x6d;&#97;m&#x61;&#x6a;&#97;&#46;&#x6a;&#97;n&#x63;&#x69;&#99;&#64;&#x75;&#110;i&#x72;&#x69;&#46;h&#x72;<\/a><\/em><\/li>\n<\/ul>\n<\/li>\n<\/ul>\n\n\n\n<h3 class=\"wp-block-heading\">Committee members<\/h3>\n\n\n\n<ol class=\"wp-block-list\">\n<li>Prof. Dijana Detel, MD, PhD \u2013 President <\/li>\n\n\n\n<li>Prof. Vera Vlahovi\u0107-Pal\u010devski, MD, PhD&nbsp;<\/li>\n\n\n\n<li>Prof. Bojan Poli\u0107, MD, PhD<\/li>\n\n\n\n<li>Assoc. Prof. Goran Poropat, MD, PhD<\/li>\n\n\n\n<li>Assoc. Prof. Dra\u017een Lu\u0161i\u0107, PhD<\/li>\n\n\n\n<li>Assoc. Prof. Zdravko Jotanovi\u0107, MD, PhD&nbsp;<\/li>\n\n\n\n<li>Assoc. Prof. Ivan Bubi\u0107, MD, PhD<\/li>\n\n\n\n<li>Assoc. Prof. \u0110ur\u0111ica Cekinovi\u0107 Grbe\u0161a, MD, PhD \u2013 Vice President<\/li>\n\n\n\n<li>Prof. Gordana La\u0161karin, MD, PhD<\/li>\n\n\n\n<li>Prof. Branko Kolari\u0107, MD, PhD<\/li>\n\n\n\n<li>Asst. Prof. Andrea Dekani\u0107, MD, PhD<\/li>\n\n\n\n<li>Assoc. Prof. Jadranka Vranekovi\u0107, PhD<\/li>\n\n\n\n<li>Asst. Prof. Marina Babi\u0107 \u010ca\u010d, PhD<\/li>\n\n\n\n<li>Assoc. Prof. Ivana Ljubi\u010di\u0107 Bistrovi\u0107, MD, PhD<\/li>\n\n\n\n<li>Vice Dean for Scientific Research Activity<\/li>\n\n\n\n<li>Prof. Miranda Muhvi\u0107-Urek, DMD, PhD (University of Rijeka, Faculty of Dental Medicine) \u2013 external member<\/li>\n<\/ol>\n","protected":false},"excerpt":{"rendered":"<p>The Committee for Scientific Research Activity is an advisory body that primarily monitors the quality of scientific research work, the quality of PhD thesis topics, scientific research activity and the quality of mentors, the quality of completed PhD theses and the candidate&#8217;s scientific publications.The Committee meets once a month in the week before the scheduled [&hellip;]<\/p>\n","protected":false},"author":4,"featured_media":0,"parent":13171,"menu_order":1,"comment_status":"closed","ping_status":"closed","template":"","meta":{"_acf_changed":false,"ub_ctt_via":"","footnotes":""},"class_list":["post-13173","page","type-page","status-publish","hentry"],"acf":[],"featured_image_src":null,"_links":{"self":[{"href":"https:\/\/medri.uniri.hr\/en\/wp-json\/wp\/v2\/pages\/13173","targetHints":{"allow":["GET"]}}],"collection":[{"href":"https:\/\/medri.uniri.hr\/en\/wp-json\/wp\/v2\/pages"}],"about":[{"href":"https:\/\/medri.uniri.hr\/en\/wp-json\/wp\/v2\/types\/page"}],"author":[{"embeddable":true,"href":"https:\/\/medri.uniri.hr\/en\/wp-json\/wp\/v2\/users\/4"}],"replies":[{"embeddable":true,"href":"https:\/\/medri.uniri.hr\/en\/wp-json\/wp\/v2\/comments?post=13173"}],"version-history":[{"count":4,"href":"https:\/\/medri.uniri.hr\/en\/wp-json\/wp\/v2\/pages\/13173\/revisions"}],"predecessor-version":[{"id":24482,"href":"https:\/\/medri.uniri.hr\/en\/wp-json\/wp\/v2\/pages\/13173\/revisions\/24482"}],"up":[{"embeddable":true,"href":"https:\/\/medri.uniri.hr\/en\/wp-json\/wp\/v2\/pages\/13171"}],"wp:attachment":[{"href":"https:\/\/medri.uniri.hr\/en\/wp-json\/wp\/v2\/media?parent=13173"}],"curies":[{"name":"wp","href":"https:\/\/api.w.org\/{rel}","templated":true}]}}