{"id":13195,"date":"2022-01-14T11:55:54","date_gmt":"2022-01-14T09:55:54","guid":{"rendered":"https:\/\/medri.uniri.hr\/?page_id=13195"},"modified":"2024-05-02T20:54:54","modified_gmt":"2024-05-02T18:54:54","slug":"ethics-committee-for-biomedical-research","status":"publish","type":"page","link":"https:\/\/medri.uniri.hr\/en\/faculty\/organisational-units\/committees\/ethics-committee-for-biomedical-research\/","title":{"rendered":"Ethics Committee for Biomedical Research"},"content":{"rendered":"\n<h3 class=\"wp-block-heading\">Committee members: <\/h3>\n\n\n\n<ol class=\"wp-block-list\">\n<li>Assoc. Prof. Sandra Peternel, MD, PhD<\/li>\n\n\n\n<li>Asst. Prof. Dora Fu\u010dkar \u010cupi\u0107, MD, PhD<\/li>\n\n\n\n<li>Prof. Dinko Vitezi\u0107, MD, PhD<\/li>\n\n\n\n<li>Asst. Prof. Anja Harej Hrka\u0107, PhD<\/li>\n\n\n\n<li>Prof. Iva Rin\u010di\u0107, PhD<\/li>\n\n\n\n<li>Asst. Prof. Mirna Bobinac, MD, PhD<\/li>\n\n\n\n<li>Asst. Prof. Dijana Tomi\u0107 Lin\u0161ak, PhD<\/li>\n<\/ol>\n\n\n\n<p><\/p>\n","protected":false},"excerpt":{"rendered":"<p>Committee members:<\/p>\n","protected":false},"author":4,"featured_media":0,"parent":13171,"menu_order":12,"comment_status":"closed","ping_status":"closed","template":"","meta":{"_acf_changed":false,"ub_ctt_via":"","footnotes":""},"class_list":["post-13195","page","type-page","status-publish","hentry"],"acf":[],"featured_image_src":null,"_links":{"self":[{"href":"https:\/\/medri.uniri.hr\/en\/wp-json\/wp\/v2\/pages\/13195","targetHints":{"allow":["GET"]}}],"collection":[{"href":"https:\/\/medri.uniri.hr\/en\/wp-json\/wp\/v2\/pages"}],"about":[{"href":"https:\/\/medri.uniri.hr\/en\/wp-json\/wp\/v2\/types\/page"}],"author":[{"embeddable":true,"href":"https:\/\/medri.uniri.hr\/en\/wp-json\/wp\/v2\/users\/4"}],"replies":[{"embeddable":true,"href":"https:\/\/medri.uniri.hr\/en\/wp-json\/wp\/v2\/comments?post=13195"}],"version-history":[{"count":2,"href":"https:\/\/medri.uniri.hr\/en\/wp-json\/wp\/v2\/pages\/13195\/revisions"}],"predecessor-version":[{"id":24484,"href":"https:\/\/medri.uniri.hr\/en\/wp-json\/wp\/v2\/pages\/13195\/revisions\/24484"}],"up":[{"embeddable":true,"href":"https:\/\/medri.uniri.hr\/en\/wp-json\/wp\/v2\/pages\/13171"}],"wp:attachment":[{"href":"https:\/\/medri.uniri.hr\/en\/wp-json\/wp\/v2\/media?parent=13195"}],"curies":[{"name":"wp","href":"https:\/\/api.w.org\/{rel}","templated":true}]}}