{"id":13207,"date":"2021-05-27T11:44:10","date_gmt":"2021-05-27T09:44:10","guid":{"rendered":"https:\/\/medri.uniri.hr\/?page_id=13207"},"modified":"2023-10-13T09:41:28","modified_gmt":"2023-10-13T07:41:28","slug":"anatomy","status":"publish","type":"page","link":"https:\/\/medri.uniri.hr\/en\/faculty\/organisational-units\/departments\/anatomy\/","title":{"rendered":"Anatomy"},"content":{"rendered":"\n<p><strong>Department of Anatomy<\/strong><br>Faculty of Medicine in Rijeka<br>Bra\u0107e Branchetta 20, 51000 Rijeka<br>Phone: +385 (0)51 651 143<\/p>\n\n\n\n<p><\/p>\n\n\n<div class=\"wp-block-ub-content-toggle wp-block-ub-content-toggle-block\" id=\"ub-content-toggle-block-68cc9095-eb76-4d53-b97d-13a9006cbd86\" data-mobilecollapse=\"true\" data-desktopcollapse=\"true\" data-preventcollapse=\"false\" data-showonlyone=\"false\">\n<div class=\"wp-block-ub-content-toggle-accordion\" style=\"border-color: #f1f1f1;\" id=\"ub-content-toggle-panel-block-\">\n\t\t\t<div class=\"wp-block-ub-content-toggle-accordion-title-wrap\" style=\"background-color: #f1f1f1;\" aria-controls=\"ub-content-toggle-panel-0-68cc9095-eb76-4d53-b97d-13a9006cbd86\" tabindex=\"0\">\n\t\t\t<p class=\"wp-block-ub-content-toggle-accordion-title ub-content-toggle-title-68cc9095-eb76-4d53-b97d-13a9006cbd86\" style=\"color: #000000; \">Contact<\/p>\n\t\t\t<div class=\"wp-block-ub-content-toggle-accordion-toggle-wrap right\" style=\"color: #000000;\"><span class=\"wp-block-ub-content-toggle-accordion-state-indicator wp-block-ub-chevron-down\"><\/span><\/div>\n\t\t<\/div>\n\t\t\t<div role=\"region\" aria-expanded=\"false\" class=\"wp-block-ub-content-toggle-accordion-content-wrap ub-hide\" id=\"ub-content-toggle-panel-0-68cc9095-eb76-4d53-b97d-13a9006cbd86\">\n\n<p><strong>Department Head:<br><\/strong>Assoc. Prof.\u00a0<strong>Tanja \u0106eli\u0107<\/strong>, MD, PhD<em><br>E-mail:\u00a0<\/em><a rel=\"noreferrer noopener\" href=\"&#x6d;&#97;&#105;l&#x74;&#x6f;&#58;t&#x61;&#x6e;&#106;a&#46;&#x63;&#101;&#108;i&#x63;&#x40;&#109;e&#x64;&#x72;&#105;&#46;u&#x6e;&#x69;&#114;i&#x2e;&#x68;&#114;\" target=\"_blank\"><em>&#x74;&#x61;&#x6e;&#x6a;&#97;&#46;&#99;&#101;lic&#x40;&#x6d;&#x65;&#x64;&#x72;&#105;&#46;&#117;nir&#x69;&#x2e;&#x68;&#x72;<\/em><\/a><br><em>Phone: +385 (0)51 651 209<br><\/em><br><strong>Department Secretary:<br>Mia Medi\u0107<\/strong>\u00a0<strong>Maru\u0161i\u0107<\/strong>, M.Ec.<br><em>E-mail:\u00a0<\/em><a href=\"&#109;a&#105;l&#116;o&#x3a;m&#x69;a&#x2e;m&#x65;d&#x69;c&#x40;m&#x65;d&#x72;i&#x2e;u&#x6e;&#105;&#x72;&#105;&#x2e;&#104;&#x72;\"><em>&#x6d;&#x69;&#x61;&#x2e;&#x6d;&#x65;&#100;&#105;&#99;&#64;medr&#x69;&#x2e;&#x75;&#x6e;&#x69;&#x72;&#105;&#46;&#104;&#114;<\/em><\/a><br><em>Phone: +385 (0)51 651 143<\/em><\/p>\n\n\n\n<ul class=\"wp-block-list\" id=\"block-841700ca-077f-4cef-a86a-c9cbc66e8ce4\">\n<li>Office hours for students:<br>Department Office \u2013 Monday\u2013Friday from 11 am to 1 pm<\/li>\n<\/ul>\n\n<\/div>\n\t\t<\/div>\n<\/div>\n\n<div class=\"wp-block-ub-content-toggle wp-block-ub-content-toggle-block\" id=\"ub-content-toggle-block-559cecaa-9e92-4d62-85c3-4ac39bcf66c0\" data-mobilecollapse=\"true\" data-desktopcollapse=\"true\" data-preventcollapse=\"false\" data-showonlyone=\"false\">\n<div class=\"wp-block-ub-content-toggle-accordion\" style=\"border-color: #f1f1f1;\" id=\"ub-content-toggle-panel-block-\">\n\t\t\t<div class=\"wp-block-ub-content-toggle-accordion-title-wrap\" style=\"background-color: #f1f1f1;\" aria-controls=\"ub-content-toggle-panel-0-559cecaa-9e92-4d62-85c3-4ac39bcf66c0\" tabindex=\"0\">\n\t\t\t<p class=\"wp-block-ub-content-toggle-accordion-title ub-content-toggle-title-559cecaa-9e92-4d62-85c3-4ac39bcf66c0\" style=\"color: #000000; \">Staff<\/p>\n\t\t\t<div class=\"wp-block-ub-content-toggle-accordion-toggle-wrap right\" style=\"color: #000000;\"><span class=\"wp-block-ub-content-toggle-accordion-state-indicator wp-block-ub-chevron-down\"><\/span><\/div>\n\t\t<\/div>\n\t\t\t<div role=\"region\" aria-expanded=\"false\" class=\"wp-block-ub-content-toggle-accordion-content-wrap ub-hide\" id=\"ub-content-toggle-panel-0-559cecaa-9e92-4d62-85c3-4ac39bcf66c0\">\n\n<ul class=\"wp-block-list\">\n<li><strong>Department Head<\/strong>\n<ul class=\"wp-block-list\">\n<li>Assoc. Prof. Tanja \u0106eli\u0107, MD, PhD<\/li>\n<\/ul>\n<\/li>\n<\/ul>\n\n\n\n<ul class=\"wp-block-list\">\n<li><strong>Teaching staff<\/strong>\n<ul class=\"wp-block-list\">\n<li>Prof. Romana Jerkovi\u0107, MD, PhD,\u00a0<em>E-mail:\u00a0<\/em><a rel=\"noreferrer noopener\" href=\"&#109;&#x61;&#x69;l&#116;&#x6f;&#x3a;r&#111;&#x6d;a&#110;&#x61;&#x2e;j&#101;&#x72;k&#111;&#x76;&#x69;c&#64;&#x6d;&#x65;&#100;&#x72;&#x69;&#46;&#117;&#x6e;&#x69;r&#105;&#x2e;h&#114;\" target=\"_blank\"><em>&#x72;o&#x6d;a&#x6e;&#97;&#x2e;&#106;e&#x72;k&#x6f;&#118;&#x69;&#99;&#x40;&#109;e&#x64;r&#x69;&#46;&#x75;&#110;&#x69;&#x72;i&#x2e;h&#x72;<\/em><\/a><\/li>\n\n\n\n<li>Prof. Ivana Mari\u0107, MD, PhD,\u00a0<em>E-mail:<\/em>\u00a0<a rel=\"noreferrer noopener\" href=\"&#x6d;&#x61;&#x69;&#x6c;&#x74;&#x6f;&#x3a;&#x69;&#118;&#97;&#110;&#97;&#46;&#109;&#97;ric&#64;&#x6d;&#x65;&#x64;&#x72;&#x69;&#x2e;&#x75;&#x6e;&#x69;&#114;&#105;&#46;&#104;&#114;\" target=\"_blank\"><em>&#x69;&#118;a&#x6e;&#97;&#46;&#x6d;&#97;r&#x69;&#99;&#64;&#x6d;&#101;d&#x72;&#x69;&#46;&#x75;&#x6e;&#105;&#x72;&#x69;&#46;&#x68;&#x72;<\/em><\/a><\/li>\n<\/ul>\n\n\n\n<ul class=\"wp-block-list\">\n<li>Prof. Sanja Zori\u010di\u0107 Cvek, MD, PhD,\u00a0<em>E-mail:<\/em>\u00a0<a href=\"&#x6d;&#x61;&#x69;&#x6c;&#x74;&#x6f;&#x3a;&#115;&#97;&#110;&#106;&#97;&#46;zor&#x69;&#x63;&#x69;&#x63;&#x40;&#x6d;&#x65;&#x64;&#114;&#105;&#46;&#117;&#110;iri&#46;&#x68;&#x72;\"><em>s&#97;&#x6e;&#x6a;a&#46;&#122;&#x6f;&#x72;i&#99;&#105;&#x63;&#x40;m&#101;&#x64;&#x72;&#x69;&#46;&#117;&#x6e;&#x69;r&#105;&#46;&#x68;&#x72;<\/em><\/a><\/li>\n\n\n\n<li>Prof. Olga Cvijanovi\u0107 Peloza, MD, PhD,\u00a0<em>E-mail:\u00a0<\/em><a rel=\"noreferrer noopener\" href=\"&#x6d;a&#x69;l&#x74;&#111;&#x3a;&#111;l&#x67;a&#x2e;&#99;&#x76;&#105;&#x6a;&#97;n&#x6f;v&#x69;&#99;&#x40;&#109;&#x65;&#x64;r&#x69;&#46;&#x75;&#110;&#x69;&#114;i&#x2e;h&#x72;\" target=\"_blank\"><em>olga&#46;&#99;&#118;&#105;&#106;&#x61;&#x6e;&#x6f;&#x76;&#x69;&#x63;&#x40;medr&#105;&#46;&#117;&#110;&#105;&#x72;&#x69;&#x2e;&#x68;&#x72;<\/em><\/a><\/li>\n\n\n\n<li>Assoc. Prof. Tamara \u0160oi\u0107-Vrani\u0107, MD, PhD,\u00a0<em>E-mail:<\/em>\u00a0<a rel=\"noreferrer noopener\" href=\"m&#97;&#x69;&#x6c;t&#111;&#58;&#x74;&#x61;m&#97;&#x72;&#x61;&#46;&#115;&#111;&#x69;&#x63;&#46;&#118;&#x72;&#x61;n&#105;&#99;&#x40;&#x6d;e&#100;&#x72;&#x69;&#46;&#117;&#110;&#x69;&#x72;i&#46;&#x68;&#x72;\" target=\"_blank\"><em>tamara&#46;s&#111;&#105;&#99;&#46;&#118;&#114;&#97;&#110;&#105;&#99;&#x40;&#x6d;&#x65;&#x64;&#x72;&#x69;&#x2e;&#x75;&#x6e;&#x69;&#x72;&#x69;&#x2e;&#x68;&#x72;<\/em><\/a><\/li>\n\n\n\n<li>Assoc. Prof. Marina Nikoli\u0107, MD, PhD,\u00a0<em>E-mail:\u00a0<\/em><a href=\"&#x6d;&#x61;&#x69;&#x6c;&#116;&#111;&#58;ma&#x72;&#x69;&#x6e;&#x61;&#x2e;&#110;&#105;&#107;ol&#x69;&#x63;&#x40;&#x6d;&#x65;&#100;&#114;&#105;&#46;u&#x6e;&#x69;&#x72;&#x69;&#x2e;&#104;&#114;\"><em>&#x6d;a&#x72;&#105;&#x6e;&#97;&#46;&#x6e;i&#x6b;&#111;&#x6c;&#105;c&#x40;&#109;&#x65;&#100;r&#x69;&#46;&#x75;&#110;&#x69;&#114;i&#x2e;h&#x72;<\/em><\/a><\/li>\n\n\n\n<li>Assoc. Prof. Juraj Arbanas, MD, PhD,\u00a0<em>E-mail:\u00a0<\/em><a rel=\"noreferrer noopener\" href=\"&#x6d;&#x61;&#x69;&#x6c;&#x74;&#x6f;&#x3a;&#x6a;&#x75;&#x72;&#x61;&#x6a;&#x2e;&#x61;&#x72;&#x62;&#x61;&#x6e;&#x61;&#x73;&#x40;&#x6d;&#x65;&#x64;&#x72;&#x69;&#x2e;&#x75;&#x6e;&#x69;&#x72;&#x69;&#x2e;&#x68;&#x72;\" target=\"_blank\"><em>&#x6a;&#x75;&#x72;&#x61;&#x6a;&#46;&#97;&#114;&#98;ana&#x73;&#x40;&#x6d;&#x65;&#x64;&#x72;&#105;&#46;&#117;nir&#x69;&#x2e;&#x68;&#x72;<\/em><\/a><\/li>\n\n\n\n<li>Assoc. Prof. Tanja \u0106eli\u0107, MD, PhD,\u00a0<em>E-mail:\u00a0<\/em><a rel=\"noreferrer noopener\" href=\"&#x6d;&#97;&#x69;&#108;t&#x6f;&#58;t&#x61;&#110;&#x6a;&#x61;&#46;&#x63;&#101;l&#x69;&#99;&#x40;&#x6d;e&#x64;&#114;i&#x2e;&#117;n&#x69;&#114;&#x69;&#46;h&#x72;\" target=\"_blank\"><em>&#x74;&#97;&#x6e;&#x6a;a&#x2e;&#99;e&#x6c;&#105;c&#x40;&#109;&#x65;&#x64;r&#x69;&#46;u&#x6e;&#105;r&#x69;&#46;&#x68;&#x72;<\/em><\/a><\/li>\n\n\n\n<li>Asst. Prof. Ivan \u0160o\u0161a, MD, PhD,\u00a0<em>E-mail:\u00a0<\/em><a rel=\"noreferrer noopener\" href=\"&#109;&#x61;&#x69;&#108;&#x74;&#x6f;:&#x69;&#x76;a&#110;&#x2e;s&#111;&#x73;a&#64;&#x6d;e&#100;&#x72;i&#46;&#x75;&#x6e;&#105;&#x72;&#x69;&#46;&#x68;&#x72;\" target=\"_blank\"><em>ivan&#46;&#115;&#111;&#115;&#97;&#x40;&#x6d;&#x65;&#x64;&#x72;&#x69;&#x2e;unir&#105;&#46;&#104;&#114;<\/em><\/a><\/li>\n\n\n\n<li>Teaching Assistant Ana Terezija Jerbi\u0107 Radeti\u0107, MD,\u00a0PhD, <em>E-mail:\u00a0<\/em><a rel=\"noreferrer noopener\" href=\"&#x6d;&#97;&#x69;&#108;t&#x6f;&#58;a&#x6e;&#97;&#x2e;&#x6a;e&#x72;&#98;i&#x63;&#46;&#x72;&#x61;d&#x65;&#116;i&#x63;&#64;m&#x65;&#100;&#x72;&#105;&#46;&#x75;&#110;i&#x72;&#105;&#x2e;&#x68;r\" target=\"_blank\"><em>&#x61;&#x6e;&#x61;&#46;&#106;&#101;rb&#x69;&#x63;&#x2e;&#x72;&#97;&#100;et&#x69;&#x63;&#x40;&#x6d;&#101;&#100;ri&#x2e;&#x75;&#x6e;&#x69;&#114;&#105;&#46;hr<\/em><\/a><\/li>\n\n\n\n<li>Teaching Assistant Bojana \u010culev, DMD,\u00a0<em>E-mail:\u00a0<\/em><a rel=\"noreferrer noopener\" href=\"&#109;&#x61;&#105;&#x6c;&#116;&#x6f;&#58;&#x6c;&#101;&#x6f;&#46;&#x67;u&#x6c;a&#x6e;&#64;&#x6d;e&#x64;r&#x69;&#46;&#117;&#x6e;&#105;&#x72;&#105;&#x2e;&#104;&#x72;\" target=\"_blank\"><em>&#98;o&#x6a;a&#x6e;a&#x2e;c&#x75;&#108;&#x65;&#118;&#x40;&#117;&#x6e;&#105;r&#105;&#46;&#x68;r<\/em><\/a><\/li>\n\n\n\n<li>Teaching Assistant Luka Delak, MD, <em>E-mail: l&#117;&#107;&#x61;&#x2e;&#x64;el&#97;&#107;&#x40;&#x75;&#x6e;i&#114;&#105;&#46;&#x68;&#x72;<\/em><\/li>\n\n\n\n<li>Teaching Assistant Diana Veljanovska, M.Sc.,\u00a0<em>E-mail:\u00a0diana&#46;velj&#97;&#110;&#111;&#118;&#115;&#107;&#97;&#64;&#117;&#110;&#105;&#114;&#105;&#46;&#104;&#x72;<\/em><\/li>\n\n\n\n<li>Barbara Franovi\u0107, M.Sc.EPH;\u00a0<em>E-mail:\u00a0<a rel=\"noreferrer noopener\" href=\"&#x6d;&#x61;&#x69;&#108;&#116;&#111;:b&#x61;&#x72;&#x62;&#x61;&#114;&#97;&#46;f&#x72;&#x61;&#x6e;&#x6f;&#118;&#105;c&#64;&#x75;&#x6e;&#x69;&#x72;&#105;&#46;&#104;r\" target=\"_blank\">&#x62;&#97;&#x72;&#x62;&#97;&#x72;&#x61;&#46;&#x66;&#x72;&#97;&#x6e;&#x6f;v&#x69;&#x63;&#64;&#x75;&#110;i&#x72;&#105;&#46;&#x68;&#114;<\/a><\/em><\/li>\n<\/ul>\n<\/li>\n<\/ul>\n\n\n\n<ul class=\"wp-block-list\">\n<li><strong>Nonteaching staff<\/strong>\n<ul class=\"wp-block-list\">\n<li>Mia Medi\u0107 Maru\u0161i\u0107, M.Ec. \u2013 Administrative Secretary,\u00a0<em>E-mail:\u00a0<\/em><a rel=\"noreferrer noopener\" href=\"&#x6d;a&#x69;l&#x74;&#111;&#x3a;&#109;i&#x61;&#46;&#x6d;&#101;&#x64;&#105;&#x63;&#64;m&#x65;d&#x72;&#105;&#x2e;&#117;&#x6e;&#x69;r&#x69;&#46;&#x68;&#114;\" target=\"_blank\"><em>mia&#46;medic&#64;medri&#46;uniri&#46;hr<\/em><\/a><\/li>\n\n\n\n<li>Snje\u017eana \u0160imac Vorkapi\u0107 \u2013 Senior Laboratory Technician,\u00a0<em>E-mail:\u00a0<a href=\"m&#97;&#x69;&#x6c;&#x74;o&#58;&#115;&#x6e;&#x6a;e&#122;&#97;&#x6e;&#x61;&#46;s&#105;&#x6d;&#x61;&#x63;&#64;&#109;&#x65;&#x64;&#x72;i&#46;&#117;&#x6e;&#x69;r&#105;&#46;&#x68;&#x72;\">&#115;&#x6e;&#106;&#x65;&#122;&#x61;&#110;&#x61;&#46;&#x73;&#105;&#x6d;&#97;&#x63;&#64;&#x6d;&#101;&#x64;&#114;&#x69;&#46;&#x75;&#110;&#x69;&#114;&#x69;&#46;&#x68;r<\/a><\/em><\/li>\n\n\n\n<li>Marija Mr\u0161i\u0107 \u2013 Laboratory Technician,\u00a0<em>E-mail:\u00a0<\/em><a rel=\"noreferrer noopener\" href=\"&#x6d;&#x61;&#105;&#108;t&#x6f;&#x3a;&#x6d;&#97;&#114;i&#x6a;&#x61;&#x2e;&#109;&#114;s&#x69;&#x63;&#x40;&#109;&#101;d&#x72;&#x69;&#x2e;&#117;ni&#x72;&#x69;&#x2e;&#104;r\" target=\"_blank\"><em>mari&#106;&#97;&#46;&#109;&#114;&#x73;&#x69;&#x63;&#x40;&#x6d;&#x65;&#x64;ri&#46;u&#110;&#105;&#114;&#105;&#46;&#x68;&#x72;<\/em><\/a><\/li>\n<\/ul>\n<\/li>\n<\/ul>\n\n<\/div>\n\t\t<\/div>\n<\/div>\n\n\n<p><\/p>\n","protected":false},"excerpt":{"rendered":"<p>Department of AnatomyFaculty of Medicine in RijekaBra\u0107e Branchetta 20, 51000 RijekaPhone: +385 (0)51 651 143<\/p>\n","protected":false},"author":4,"featured_media":0,"parent":13205,"menu_order":1,"comment_status":"closed","ping_status":"closed","template":"","meta":{"_acf_changed":false,"ub_ctt_via":"","footnotes":""},"class_list":["post-13207","page","type-page","status-publish","hentry"],"acf":[],"featured_image_src":null,"_links":{"self":[{"href":"https:\/\/medri.uniri.hr\/en\/wp-json\/wp\/v2\/pages\/13207","targetHints":{"allow":["GET"]}}],"collection":[{"href":"https:\/\/medri.uniri.hr\/en\/wp-json\/wp\/v2\/pages"}],"about":[{"href":"https:\/\/medri.uniri.hr\/en\/wp-json\/wp\/v2\/types\/page"}],"author":[{"embeddable":true,"href":"https:\/\/medri.uniri.hr\/en\/wp-json\/wp\/v2\/users\/4"}],"replies":[{"embeddable":true,"href":"https:\/\/medri.uniri.hr\/en\/wp-json\/wp\/v2\/comments?post=13207"}],"version-history":[{"count":10,"href":"https:\/\/medri.uniri.hr\/en\/wp-json\/wp\/v2\/pages\/13207\/revisions"}],"predecessor-version":[{"id":19955,"href":"https:\/\/medri.uniri.hr\/en\/wp-json\/wp\/v2\/pages\/13207\/revisions\/19955"}],"up":[{"embeddable":true,"href":"https:\/\/medri.uniri.hr\/en\/wp-json\/wp\/v2\/pages\/13205"}],"wp:attachment":[{"href":"https:\/\/medri.uniri.hr\/en\/wp-json\/wp\/v2\/media?parent=13207"}],"curies":[{"name":"wp","href":"https:\/\/api.w.org\/{rel}","templated":true}]}}