{"id":13215,"date":"2021-05-27T11:48:27","date_gmt":"2021-05-27T09:48:27","guid":{"rendered":"https:\/\/medri.uniri.hr\/?page_id=13215"},"modified":"2024-04-29T20:37:01","modified_gmt":"2024-04-29T18:37:01","slug":"humanities-and-social-sciences-in-medicine","status":"publish","type":"page","link":"https:\/\/medri.uniri.hr\/en\/faculty\/organisational-units\/departments\/humanities-and-social-sciences-in-medicine\/","title":{"rendered":"Humanities and Social Sciences in Medicine"},"content":{"rendered":"\n<p><strong>Department of Humanities and Social Sciences in Medicine<\/strong><br>Faculty of Medicine in Rijeka<br>Viktora Cara Emina 5, 51000 Rijeka<br>Phone: +385 (0)51 688 264<\/p>\n\n\n<div class=\"wp-block-ub-content-toggle wp-block-ub-content-toggle-block\" id=\"ub-content-toggle-block-5c23565b-8149-4916-b5ae-f0315221a80c\" data-mobilecollapse=\"true\" data-desktopcollapse=\"true\" data-preventcollapse=\"false\" data-showonlyone=\"false\">\n<div class=\"wp-block-ub-content-toggle-accordion\" style=\"border-color: #f1f1f1;\" id=\"ub-content-toggle-panel-block-79874577-ccab-4f46-aa3b-4abe07016a71\">\n\t\t\t<div class=\"wp-block-ub-content-toggle-accordion-title-wrap\" style=\"background-color: #f1f1f1;\" aria-controls=\"ub-content-toggle-panel-0-5c23565b-8149-4916-b5ae-f0315221a80c\" tabindex=\"0\">\n\t\t\t<p class=\"wp-block-ub-content-toggle-accordion-title ub-content-toggle-title-5c23565b-8149-4916-b5ae-f0315221a80c\" style=\"color: #000000; \">Contact<\/p>\n\t\t\t<div class=\"wp-block-ub-content-toggle-accordion-toggle-wrap right\" style=\"color: #000000;\"><span class=\"wp-block-ub-content-toggle-accordion-state-indicator wp-block-ub-chevron-down\"><\/span><\/div>\n\t\t<\/div>\n\t\t\t<div role=\"region\" aria-expanded=\"false\" class=\"wp-block-ub-content-toggle-accordion-content-wrap ub-hide\" id=\"ub-content-toggle-panel-0-5c23565b-8149-4916-b5ae-f0315221a80c\">\n\n<p><strong>Department Head:<br><\/strong>Prof.\u00a0<strong>Amir Muzur<\/strong>, MD, PhD (tenure)<br><em>E-mail:\u00a0<\/em><a rel=\"noreferrer noopener\" href=\"&#109;a&#x69;l&#x74;o&#x3a;a&#x6d;i&#x72;&#46;&#x6d;&#117;&#x7a;&#117;&#x72;&#64;&#x6d;&#101;&#x64;&#114;&#x69;&#46;&#x75;&#110;i&#x72;i&#x2e;h&#x72;\" target=\"_blank\"><em>&#x61;&#109;i&#x72;&#46;&#109;&#x75;&#x7a;&#117;r&#x40;&#109;e&#x64;&#x72;&#105;&#46;&#x75;&#110;i&#x72;&#x69;&#46;h&#x72;<\/em><\/a><br><em>Phone: +385 (0)51 688 247<\/em><\/p>\n\n\n\n<p><strong>Department Secretary:<br>Marinka Kruljac<br><\/strong><em>E-mail:\u00a0<\/em><a href=\"&#x6d;&#x61;&#105;&#108;t&#x6f;&#x3a;&#x6d;&#97;ri&#x6e;&#x6b;&#97;&#46;k&#x72;&#x75;&#x6c;&#106;ac&#x40;&#x6d;&#101;&#100;r&#x69;&#x2e;&#x75;&#110;ir&#x69;&#x2e;&#104;&#114;\"><em>&#109;&#x61;&#x72;i&#110;&#x6b;a&#46;&#x6b;r&#117;&#x6c;j&#97;&#x63;&#x40;&#109;&#x65;&#x64;r&#105;&#x2e;u&#110;&#x69;r&#105;&#x2e;&#x68;&#114;<\/em><\/a><em><br>Phone: +385 (0)51 688 264<\/em><\/p>\n\n\n\n<ul class=\"wp-block-list\">\n<li>Office hours for students:\n<ul class=\"wp-block-list\">\n<li>Department Office \u2013 Monday\u2013Friday from 11 am to 1 pm<\/li>\n<\/ul>\n<\/li>\n<\/ul>\n\n<\/div>\n\t\t<\/div>\n<\/div>\n\n<div class=\"wp-block-ub-content-toggle wp-block-ub-content-toggle-block\" id=\"ub-content-toggle-block-eebcaff6-c0c3-4f80-8f56-5f36bff0ea17\" data-mobilecollapse=\"true\" data-desktopcollapse=\"true\" data-preventcollapse=\"false\" data-showonlyone=\"false\">\n<div class=\"wp-block-ub-content-toggle-accordion\" style=\"border-color: #f1f1f1;\" id=\"ub-content-toggle-panel-block-b3b1e45f-91c6-4b24-8ddb-f6b9a5528422\">\n\t\t\t<div class=\"wp-block-ub-content-toggle-accordion-title-wrap\" style=\"background-color: #f1f1f1;\" aria-controls=\"ub-content-toggle-panel-0-eebcaff6-c0c3-4f80-8f56-5f36bff0ea17\" tabindex=\"0\">\n\t\t\t<p class=\"wp-block-ub-content-toggle-accordion-title ub-content-toggle-title-eebcaff6-c0c3-4f80-8f56-5f36bff0ea17\" style=\"color: #000000; \">Staff<\/p>\n\t\t\t<div class=\"wp-block-ub-content-toggle-accordion-toggle-wrap right\" style=\"color: #000000;\"><span class=\"wp-block-ub-content-toggle-accordion-state-indicator wp-block-ub-chevron-down\"><\/span><\/div>\n\t\t<\/div>\n\t\t\t<div role=\"region\" aria-expanded=\"false\" class=\"wp-block-ub-content-toggle-accordion-content-wrap ub-hide\" id=\"ub-content-toggle-panel-0-eebcaff6-c0c3-4f80-8f56-5f36bff0ea17\">\n\n<ul class=\"wp-block-list\">\n<li><strong>Department Head<\/strong>\n<ul class=\"wp-block-list\">\n<li>Prof. Amir Muzur, MD, PhD (tenure)<br><em>E-mail:\u00a0<\/em><a href=\"&#109;a&#x69;l&#x74;o&#x3a;&#97;&#x6d;&#105;&#x72;&#46;m&#x75;z&#x75;r&#x40;&#117;&#x6e;&#105;&#x72;&#105;&#x2e;&#104;r\"><em>a&#109;&#x69;&#x72;&#x2e;m&#117;&#x7a;&#x75;&#x72;&#64;&#117;&#x6e;&#x69;&#x72;i&#46;&#x68;&#x72;<\/em><\/a><\/li>\n<\/ul>\n<\/li>\n\n\n\n<li><strong>Teaching staff<\/strong>\n\n\n\n\n\n\n\n\n\n\n\n\n\n\n<ul class=\"wp-block-list\">\n<li>Prof. Iva Rin\u010di\u0107, PhD, <em>E-mail<\/em>:\u00a0<a href=\"&#x6d;&#x61;&#x69;&#x6c;&#x74;&#x6f;&#x3a;&#x69;&#x76;&#x61;&#x2e;&#x72;&#x69;&#x6e;&#x63;&#x69;&#x63;&#x40;&#x75;&#x6e;&#x69;&#x72;&#x69;&#x2e;&#x68;&#x72;\"><em>i&#118;&#x61;&#x2e;r&#105;&#x6e;&#x63;i&#99;&#64;&#x75;&#x6e;i&#114;&#x69;&#x2e;h&#114;<\/em><\/a><\/li>\n\n\n\n<li>Assoc. Prof. Anamarija Gjuran-Coha, PhD, <em>E-mail<\/em>:\u00a0<a href=\"mail&#116;&#111;&#58;&#97;&#110;&#x61;&#x6d;&#x61;&#x72;&#x69;&#x6a;&#x61;gc&#64;u&#110;&#105;&#114;&#105;&#46;&#x68;&#x72;\"><em>&#x61;&#x6e;&#x61;&#x6d;&#97;&#114;&#105;ja&#x67;&#x63;&#x40;&#x75;&#x6e;&#105;&#114;&#105;&#46;h&#x72;<\/em><\/a><\/li>\n\n\n\n<li>Assoc. Prof. Gordana Pel\u010di\u0107, PhD, <em>E-mail<\/em>:\u00a0<a href=\"m&#97;&#x69;&#x6c;t&#111;&#58;&#x67;&#x6f;r&#100;&#x61;&#x6e;a&#46;&#112;&#x65;&#x6c;c&#105;&#x63;&#x40;u&#110;&#105;&#x72;&#x69;&#46;&#104;&#x72;\"><em>&#x67;&#111;r&#x64;&#x61;&#110;a&#x2e;&#112;e&#x6c;&#x63;&#105;c&#x40;&#117;n&#x69;&#x72;&#105;&#46;&#x68;&#x72;<\/em><\/a><\/li>\n\n\n\n<li>Assoc. Prof. Marko Medved, PhD, <em>E-mail<\/em>:\u00a0<a href=\"&#109;a&#x69;l&#x74;o&#x3a;m&#x61;r&#x6b;o&#x2e;&#109;&#x65;&#100;&#x76;&#101;&#x64;&#64;&#x75;&#110;&#x69;&#114;&#x69;&#46;h&#x72;\"><em>marko&#46;medved&#64;uniri&#46;hr<\/em><\/a><\/li>\n\n\n\n<li>Assoc. Prof. Sa\u0161a Horvat, PhD, <em>E-mail<\/em>:\u00a0<a href=\"m&#97;&#105;&#x6c;&#x74;&#x6f;:s&#97;&#115;&#x61;&#x2e;&#x68;o&#114;&#118;&#97;&#x74;&#x40;&#x75;n&#105;&#114;&#x69;&#x2e;&#x68;r\"><em>&#x73;&#97;s&#x61;&#46;h&#x6f;&#x72;&#118;&#x61;&#x74;&#64;u&#x6e;&#105;r&#x69;&#x2e;&#104;&#x72;<\/em><\/a><\/li>\n\n\n\n<li>Assoc. Prof. Vanja Pupovac, PhD, <em>E-mail<\/em>:\u00a0<a href=\"m&#97;&#x69;&#x6c;&#x74;o&#58;&#118;&#x61;&#x6e;j&#97;&#46;&#x70;&#x75;po&#118;&#x61;&#x63;&#x40;u&#110;&#x69;&#x72;&#x69;&#46;&#104;&#114;\"><em>&#118;a&#x6e;j&#x61;&#46;&#x70;u&#x70;o&#x76;a&#x63;&#64;&#x75;&#110;&#x69;&#114;&#x69;&#46;&#x68;&#114;<\/em><\/a><\/li>\n\n\n\n<li>Asst. Prof. Igor Eterovi\u0107, PhD, <em>E-mail<\/em>:\u00a0<a href=\"&#x6d;&#x61;&#x69;&#108;&#116;o:&#x69;&#x67;&#x6f;&#114;&#46;et&#x65;&#x72;&#x6f;&#118;&#105;c&#64;&#x75;&#x6e;&#x69;&#114;&#105;&#46;h&#x72;\"><em>&#x69;&#103;o&#x72;&#46;&#101;&#x74;&#x65;&#114;o&#x76;&#105;c&#x40;&#x75;&#110;i&#x72;&#105;&#46;&#x68;&#x72;<\/em><\/a><\/li>\n<\/ul>\n\n\n\n<ul class=\"wp-block-list\">\n<li>Asst. Prof. Franjo Mijatovi\u0107, PhD, <em>E-mail<\/em>:\u00a0<a href=\"&#x6d;&#x61;&#x69;&#108;&#116;o:&#x66;&#x72;&#x61;&#110;&#106;o&#46;&#x6d;&#x69;&#x6a;&#97;&#116;ov&#x69;&#x63;&#x40;&#117;&#110;ir&#x69;&#x2e;&#x68;&#114;\"><em>fran&#106;&#111;&#46;&#109;&#105;&#x6a;&#x61;&#x74;&#x6f;&#x76;&#x69;&#x63;&#64;uni&#114;&#105;&#46;&#104;&#114;<\/em><\/a><\/li>\n\n\n\n<li>Asst. Prof. Robert Dori\u010di\u0107, PhD, <em>E-mail<\/em>:\u00a0<a href=\"&#109;&#x61;&#x69;&#108;&#x74;&#x6f;&#58;&#x72;&#x6f;&#98;&#x65;&#x72;&#116;&#x2e;&#x64;&#111;&#x72;&#x69;&#99;&#x69;&#x63;&#64;&#x75;&#x6e;&#105;&#x72;&#x69;&#46;&#x68;&#x72;\"><em>&#114;&#x6f;b&#101;&#x72;t&#46;&#x64;o&#114;&#x69;c&#105;&#x63;&#64;&#117;&#x6e;i&#114;&#x69;&#46;&#104;&#x72;<\/em><\/a><\/li>\n\n\n\n<li>Asst. Prof. Matea Butkovi\u0107, PhD, <em>E-mail<\/em>:\u00a0<a href=\"&#109;&#x61;&#105;&#x6c;&#116;&#x6f;&#58;&#x6d;&#97;&#x74;&#101;&#x61;&#46;&#x62;u&#x74;k&#x6f;v&#x69;c&#x40;u&#110;&#x69;&#114;&#x69;&#46;&#x68;&#114;\"><em>&#109;&#x61;&#116;&#x65;a&#46;&#x62;&#117;&#x74;k&#x6f;v&#105;&#x63;&#64;&#x75;n&#x69;&#x72;&#105;&#x2e;h&#x72;<\/em><\/a><\/li>\n\n\n\n<li>Toni Buterin, M.Sc.EPH, PhD, <em>E-mail<\/em>:\u00a0<a href=\"m&#97;&#x69;&#x6c;t&#111;&#x3a;&#x74;o&#110;&#105;&#x2e;&#x62;u&#116;&#x65;&#x72;i&#110;&#x40;&#x75;n&#105;&#114;&#x69;&#x2e;h&#114;\"><em>&#116;&#x6f;n&#105;&#x2e;b&#117;&#x74;e&#114;&#x69;n&#64;&#x75;&#110;&#x69;&#x72;&#105;&#x2e;&#x68;&#114;<\/em><\/a><\/li>\n\n\n\n<li>Gordana \u0160imunkovi\u0107, MA, PhD, <em>E-mail<\/em>:\u00a0<a href=\"&#109;&#x61;i&#108;&#x74;o&#58;&#x67;o&#114;&#x64;a&#110;&#x61;&#46;&#115;&#x69;m&#117;&#x6e;k&#111;&#x76;i&#99;&#x40;u&#110;&#x69;r&#105;&#x2e;h&#x72;\"><em>&#103;o&#114;d&#97;n&#x61;&#46;&#x73;i&#x6d;u&#x6e;k&#x6f;v&#x69;c&#x40;u&#x6e;i&#x72;i&#x2e;&#104;&#x72;<\/em><\/a><\/li>\n\n\n\n<li>Teaching Assistant Ivana Tuti\u0107 Grok\u0161a, MA, <em>E-mail<\/em>:\u00a0<a href=\"&#x6d;&#97;&#105;&#x6c;&#x74;&#111;&#58;&#x69;&#x76;&#97;&#110;&#x61;&#x74;&#103;&#64;&#x75;&#x6e;&#105;&#114;&#x69;&#x2e;&#104;&#114;\"><em>&#x69;&#x76;&#97;&#110;a&#x74;&#x67;&#x40;&#117;ni&#x72;&#x69;&#46;&#104;r<\/em><\/a><\/li>\n\n\n\n<li>Teaching Assistant Ana Depope, <em>E-mail:\u00a0<a href=\"m&#97;&#105;&#x6c;&#x74;o:&#97;&#110;&#x61;&#x2e;de&#112;&#111;&#x70;&#x65;&#64;u&#110;&#x69;&#x72;&#x69;&#46;&#104;&#114;\">ana&#46;&#100;&#101;&#112;&#x6f;&#x70;&#x65;&#x40;&#x75;&#x6e;&#x69;ri&#46;&#104;&#114;<\/a><\/em><\/li>\n\n\n\n<li>Senior Lecturer Viktor Moretti, <em>E-mail<\/em>:\u00a0<a href=\"&#x6d;&#97;&#105;l&#x74;&#x6f;&#58;v&#x69;&#x6b;&#116;or&#x2e;&#109;&#111;r&#x65;&#x74;&#116;i&#x40;&#x75;&#110;&#105;r&#x69;&#x2e;&#104;r\"><em>vik&#116;&#111;&#114;&#46;&#x6d;&#x6f;&#x72;&#x65;&#x74;&#x74;&#x69;&#64;un&#105;&#114;&#105;&#46;&#104;&#x72;<\/em><\/a> <\/li>\n<\/ul>\n<\/li>\n<\/ul>\n\n\n\n<p><\/p>\n\n\n\n<ul class=\"wp-block-list\">\n<li>Associates:\n<ul class=\"wp-block-list\">\n<li>Senior Lecturer Tajana Tomak, MA, <em>E-mail<\/em>:\u00a0<a href=\"&#x6d;a&#x69;&#108;&#x74;&#111;:&#x74;a&#x6a;&#97;&#x6e;&#97;&#46;&#x74;&#111;&#x6d;&#97;k&#x40;m&#x65;&#100;&#x72;&#105;&#46;&#x75;n&#x69;&#114;&#x69;&#x2e;h&#x72;\"><em>&#x74;&#x61;&#x6a;&#x61;&#x6e;&#x61;&#x2e;&#x74;&#x6f;&#x6d;&#x61;&#107;&#64;&#109;&#101;&#100;&#114;&#105;&#46;uniri&#x2e;&#x68;&#x72;<\/em><\/a><\/li>\n\n\n\n<li>Senior Lecturer Helena \u0160trucelj, MA, <em>E-mail<\/em>:\u00a0<a href=\"&#x6d;&#97;i&#x6c;&#116;o&#x3a;&#104;e&#x6c;&#x65;&#110;&#x61;&#x2e;&#115;t&#x72;&#117;c&#x65;&#108;j&#x40;&#x75;&#110;&#x69;&#x72;&#105;&#46;&#x68;&#114;\"><em>helena&#46;s&#116;&#114;&#117;&#99;&#101;&#108;&#106;&#64;&#117;&#110;&#x69;&#x72;&#x69;&#x2e;&#x68;&#x72;<\/em><\/a><\/li>\n<\/ul>\n<\/li>\n<\/ul>\n\n\n\n<p><\/p>\n\n\n\n<ul class=\"wp-block-list\">\n<li>Emeritus:\n<ul class=\"wp-block-list\">\n<li>Prof. Emerit. Ante Simoni\u0107, MD, PhD, <em>E-mail<\/em>:\u00a0<a href=\"&#109;&#x61;&#105;&#x6c;&#116;&#x6f;:&#x61;n&#x74;e&#46;&#x73;&#105;&#x6d;&#111;&#x6e;&#105;&#x63;&#64;&#x6d;e&#x64;r&#105;&#x2e;&#117;&#x6e;&#105;&#x72;&#105;&#x2e;h&#x72;\"><em>&#x61;&#110;&#x74;&#101;&#46;&#x73;&#105;m&#x6f;&#110;&#x69;&#x63;&#64;&#x6d;&#101;d&#x72;&#105;&#x2e;&#x75;n&#x69;&#114;i&#x2e;&#104;r<\/em><\/a><\/li>\n<\/ul>\n<\/li>\n<\/ul>\n\n\n\n<ul class=\"wp-block-list\">\n<li>Nominal titles:\n<ul class=\"wp-block-list\">\n<li>Assoc. Prof. Goran Arbanas, MD, PhD (nominal title), <em>E-mail<\/em>:\u00a0<a href=\"mailto&#58;&#103;&#111;&#114;&#97;&#110;&#46;&#x61;&#x72;&#x62;&#x61;&#x6e;&#x61;&#x73;&#x40;&#x6b;&#x61;&#x2e;&#x74;-com&#46;h&#114;\"><em>&#103;&#x6f;r&#x61;&#x6e;&#46;&#x61;r&#98;&#x61;&#110;&#x61;s&#64;&#x6b;a&#x2e;t&#45;&#x63;o&#x6d;&#x2e;&#104;&#x72;<\/em><\/a><\/li>\n\n\n\n<li>Teaching Assistant Bernarda Mrak, DMD (nominal title), <em>E-mail<\/em>:\u00a0<a href=\"ma&#105;&#108;&#116;&#111;&#x3a;&#x62;&#x65;&#x72;&#x6e;ar&#100;&#97;&#109;&#114;&#x61;&#x6b;&#x40;&#x68;&#x6f;tm&#97;&#105;&#108;&#46;&#x63;&#x6f;&#x6d;\"><em>&#x62;&#x65;&#x72;&#x6e;&#97;&#114;&#100;am&#x72;&#x61;&#x6b;&#x40;&#x68;&#111;&#116;&#109;ai&#x6c;&#x2e;&#x63;&#x6f;&#x6d;<\/em><\/a><\/li>\n<\/ul>\n<\/li>\n<\/ul>\n\n\n\n<p>Teaching assistants (nominal title):<\/p>\n\n\n\n<div class=\"wp-block-group is-layout-constrained wp-block-group-is-layout-constrained\">\n<ul class=\"wp-block-list\">\n<li>Dajana Kukurin Cnappi, MD, <em>E-mail: da&#106;&#97;&#110;&#x61;&#x2e;&#x6b;&#x75;ku&#114;&#105;&#110;&#x40;&#x67;&#x6d;&#x61;il&#46;&#99;&#111;&#x6d;<\/em><\/li>\n\n\n\n<li>Dolores Gall-Sviderek, MD, <em>E-mail<\/em>: <em>&#103;&#x73;&#46;&#x64;&#111;&#x6c;&#111;&#x72;&#101;&#x73;&#64;&#x67;&#109;&#x61;&#105;&#x6c;&#46;&#x63;&#111;&#x6d;<\/em><\/li>\n\n\n\n<li>Gordana Toma\u0161i\u0107-\u010cubrani\u0107, MD, <em>E-mail<\/em>: <em>&#x67;o&#x72;&#100;&#x61;&#110;a&#x2e;&#116;&#x6f;&#109;a&#x73;&#105;&#x63;&#64;g&#x6d;a&#x69;&#108;&#x2e;&#x63;o&#x6d;<\/em><\/li>\n\n\n\n<li>Sanja Rodi\u0107 Tomljenovi\u0107, MD, <em>E-mail<\/em>: <em>&#x73;a&#x6e;&#106;a&#x72;&#111;&#x64;&#x69;&#64;&#x67;&#109;a&#x69;&#108;&#x2e;&#99;o&#x6d;<\/em><\/li>\n\n\n\n<li>Madlen Mihali\u0107, MD<em>, <em>E-mail<\/em><\/em>: <em>&#109;&#x69;&#x68;a&#108;&#x69;&#x63;&#46;&#109;&#x61;d&#108;&#x65;&#x6e;&#64;&#103;&#x6d;a&#105;&#x6c;&#x2e;c&#111;&#x6d;<\/em><\/li>\n\n\n\n<li>Ines Vuleti\u0107, MD, <em>E-mail<\/em>: <em>&#105;&#x6e;e&#115;&#x2e;&#118;&#x75;l&#101;&#x74;i\u0107&#64;&#x64;o&#109;&#x7a;d&#x72;&#x61;&#118;&#x6c;j&#97;&#x2d;&#112;&#x67;z&#46;&#x68;r<\/em><\/li>\n\n\n\n<li>Branka Obersnel, MD, <em>E-mail<\/em>: <em>branka&#46;o&#98;&#101;&#114;&#115;&#110;&#101;&#108;&#64;&#103;&#109;&#x61;&#x69;&#x6c;&#x2e;&#x63;&#x6f;&#x6d;<\/em><\/li>\n\n\n\n<li>mr.sc. Suzana Surijan, MD, <em>E-mail<\/em>: <em>&#115;&#x75;z&#97;&#x6e;&#97;&#x2e;s&#117;&#x72;i&#x6a;&#x61;&#110;&#x40;d&#111;&#x6d;z&#x64;&#x72;&#97;&#x76;l&#106;&#x61;&#45;&#x70;g&#122;&#x2e;h&#114;<\/em><\/li>\n\n\n\n<li>Silvija Kamber, MD, <em>E-mail<\/em>: <em>&#x73;i&#x6c;&#118;&#x69;&#106;a&#x2e;&#107;&#x61;&#109;b&#x65;&#114;&#x40;&#121;a&#x68;o&#x6f;&#46;&#x63;&#x6f;m<\/em><\/li>\n\n\n\n<li>Mia Brajovi\u0107 Bla\u0161kovi\u0107, MD, <em>E-mail<\/em>: <em>&#x6d;&#x69;&#x61;&#x62;&#x62;&#x40;&#x6e;&#x65;&#116;&#46;&#104;&#114;<\/em><\/li>\n\n\n\n<li>Marina Bo\u017ei\u0107, MD, <em>E-mail<\/em>: <em>marina&#46;bozic&#46;&#98;&#97;&#99;&#105;&#99;&#64;&#100;&#111;&#109;&#122;&#100;&#114;&#97;&#118;&#x6c;&#x6a;&#x61;&#x2d;&#x70;&#x67;&#x7a;&#x2e;&#x68;&#x72;<\/em><\/li>\n\n\n\n<li>Nikolina Vezmar Ad\u017eami\u0107, MD, <em>E-mail<\/em>: <em>&#x76;&#x65;&#x7a;&#x6d;&#x61;&#x72;&#x2e;&#x6e;&#x69;&#x6b;&#x6f;&#x6c;&#x69;&#x6e;&#97;&#64;&#103;&#109;&#97;&#105;&#108;&#46;&#99;&#111;&#109;<\/em><\/li>\n\n\n\n<li>Tisa Pape\u0161 Lovrovi\u0107, MD, <em>E-mail<\/em>: <em>t&#105;&#115;&#x61;&#x2e;p&#97;&#112;&#x65;&#x73;&#x2e;l&#111;&#118;&#x72;&#x6f;vi&#99;&#x40;&#x64;&#x6f;m&#122;&#100;&#x72;&#x61;vl&#106;&#x61;&#x2d;&#x70;g&#122;&#46;&#x68;&#x72;<\/em><\/li>\n\n\n\n<li>Nata\u0161a Dan\u010dulovi\u0107 \u0160kalamera MD, <em>E-mail<\/em>: <em>&#x6e;&#97;t&#x61;&#115;a&#x2e;&#x64;&#97;&#x6e;&#x63;&#117;l&#x6f;&#118;i&#x63;&#x31;&#64;&#x67;&#x6d;&#97;i&#x6c;&#46;c&#x6f;&#x6d;<\/em><\/li>\n<\/ul>\n<\/div>\n\n\n\n<ul class=\"wp-block-list\">\n<li><strong>Nonteaching staff<\/strong>\n<ul class=\"wp-block-list\">\n<li>Marinka Kruljac \u2013 Administrative Secretary<\/li>\n<\/ul>\n<\/li>\n<\/ul>\n\n<\/div>\n\t\t<\/div>\n<\/div>","protected":false},"excerpt":{"rendered":"<p>Department of Humanities and Social Sciences in MedicineFaculty of Medicine in RijekaViktora Cara Emina 5, 51000 RijekaPhone: +385 (0)51 688 264<\/p>\n","protected":false},"author":4,"featured_media":0,"parent":13205,"menu_order":5,"comment_status":"closed","ping_status":"closed","template":"","meta":{"_acf_changed":false,"ub_ctt_via":"","footnotes":""},"class_list":["post-13215","page","type-page","status-publish","hentry"],"acf":[],"featured_image_src":null,"_links":{"self":[{"href":"https:\/\/medri.uniri.hr\/en\/wp-json\/wp\/v2\/pages\/13215","targetHints":{"allow":["GET"]}}],"collection":[{"href":"https:\/\/medri.uniri.hr\/en\/wp-json\/wp\/v2\/pages"}],"about":[{"href":"https:\/\/medri.uniri.hr\/en\/wp-json\/wp\/v2\/types\/page"}],"author":[{"embeddable":true,"href":"https:\/\/medri.uniri.hr\/en\/wp-json\/wp\/v2\/users\/4"}],"replies":[{"embeddable":true,"href":"https:\/\/medri.uniri.hr\/en\/wp-json\/wp\/v2\/comments?post=13215"}],"version-history":[{"count":17,"href":"https:\/\/medri.uniri.hr\/en\/wp-json\/wp\/v2\/pages\/13215\/revisions"}],"predecessor-version":[{"id":24433,"href":"https:\/\/medri.uniri.hr\/en\/wp-json\/wp\/v2\/pages\/13215\/revisions\/24433"}],"up":[{"embeddable":true,"href":"https:\/\/medri.uniri.hr\/en\/wp-json\/wp\/v2\/pages\/13205"}],"wp:attachment":[{"href":"https:\/\/medri.uniri.hr\/en\/wp-json\/wp\/v2\/media?parent=13215"}],"curies":[{"name":"wp","href":"https:\/\/api.w.org\/{rel}","templated":true}]}}