{"id":13217,"date":"2021-05-27T11:51:48","date_gmt":"2021-05-27T09:51:48","guid":{"rendered":"https:\/\/medri.uniri.hr\/?page_id=13217"},"modified":"2024-03-11T14:32:59","modified_gmt":"2024-03-11T12:32:59","slug":"physiology-immunology-and-pathophysiology","status":"publish","type":"page","link":"https:\/\/medri.uniri.hr\/en\/faculty\/organisational-units\/departments\/physiology-immunology-and-pathophysiology\/","title":{"rendered":"Physiology, Immunology and Pathophysiology"},"content":{"rendered":"\n<p><strong>Department of Physiology, Immunology and Pathophysiology<\/strong><br>Faculty of Medicine in Rijeka<br>Bra\u0107e Branchetta 20, 51000 Rijeka<br>Phone: +385 (0)51 651 150<\/p>\n\n\n\n<p>Contact<\/p>\n\n\n\n<p><strong>Department Head:<br><\/strong>Prof.&nbsp;<strong>Pero Lu\u010din<\/strong>, MD, PhD (tenure)<br><em>E-mail:&nbsp;<\/em><a href=\"&#109;&#x61;i&#x6c;&#x74;&#111;&#x3a;p&#101;&#x72;&#111;&#x40;u&#110;&#x69;r&#x69;&#46;&#104;&#x72;\" target=\"_blank\" rel=\"noreferrer noopener\"><em>&#112;&#x65;&#114;&#x6f;&#64;&#x75;n&#x69;r&#x69;&#46;&#104;&#x72;<\/em><\/a><em><br>Phone: +385 (0)51 651 232<\/em><\/p>\n\n\n\n<p><strong>Department Secretary:<\/strong><br><strong>Maja Medakovi\u0107<\/strong>, M.PA<br><em>E-mail:&nbsp;<\/em><a href=\"&#x6d;&#x61;&#x69;&#x6c;&#x74;&#x6f;&#x3a;&#x6d;&#x61;&#x6a;&#x61;&#x2e;&#x6d;&#x65;&#x64;&#x61;&#x6b;&#x6f;&#x76;&#x69;&#x63;&#x40;&#x6d;&#x65;&#x64;&#x72;&#x69;&#x2e;&#x75;&#x6e;&#x69;&#x72;&#x69;&#x2e;&#x68;&#x72;\" target=\"_blank\" rel=\"noreferrer noopener\"><em>&#109;&#x61;&#106;&#x61;&#46;&#x6d;e&#x64;a&#x6b;o&#118;&#x69;&#99;&#x40;&#109;&#x65;&#100;&#x72;i&#x2e;u&#x6e;i&#114;&#x69;&#46;&#x68;&#114;<\/em><\/a><em><br>Phone: +385 (0)51 651 150<\/em><\/p>\n\n\n\n<ul class=\"wp-block-list\">\n<li>Office hours for students:<\/li>\n<\/ul>\n\n\n\n<p>Department Office \u2013 Monday\u2013Friday from 1 pm to 2:30 pm<\/p>\n\n\n\n<p>Staff<\/p>\n\n\n\n<ul class=\"wp-block-list\">\n<li><strong>Department Head<\/strong>\n<ul class=\"wp-block-list\">\n<li>Prof.&nbsp;<strong>Pero Lu\u010din<\/strong>, MD, PhD (tenure)<br><em>E-mail:&nbsp;<\/em><a href=\"&#x6d;&#97;&#x69;&#108;t&#x6f;&#58;p&#x65;&#114;&#x6f;&#x40;u&#x6e;&#105;r&#x69;&#46;&#x68;&#x72;\" target=\"_blank\" rel=\"noreferrer noopener\"><em>pero&#64;&#117;&#110;&#105;&#114;&#x69;&#x2e;&#x68;&#x72;<\/em><\/a><\/li>\n<\/ul>\n<\/li>\n\n\n\n<li><strong>Teaching Staff<\/strong>\n<ul class=\"wp-block-list\">\n<li>Prof. Vesna Barac-Latas, MD, PhD (tenure)<br><em>E-mail:&nbsp;<\/em><a href=\"&#109;&#x61;i&#108;&#x74;o&#58;&#x76;e&#x73;&#x6e;&#97;&#x2e;b&#97;&#x72;a&#99;&#x2e;l&#x61;&#x74;&#97;&#x73;&#x40;&#117;&#x6e;i&#114;&#x69;&#46;&#104;&#x72;\" target=\"_blank\" rel=\"noreferrer noopener\"><em>ve&#115;&#110;&#x61;&#x2e;&#x62;&#x61;ra&#99;&#46;&#x6c;&#x61;&#x74;&#x61;s&#64;&#117;&#110;&#105;&#x72;&#x69;&#x2e;&#x68;r<\/em><\/a><\/li>\n\n\n\n<li>Prof. Damir Muhvi\u0107, MD, PhD (tenure)<br><em>E-mail:&nbsp;<\/em><a href=\"&#109;&#x61;&#x69;&#108;&#x74;&#x6f;:&#x64;&#x61;m&#105;&#x72;&#46;&#109;&#x75;h&#118;&#x69;c&#64;&#x75;n&#105;&#x72;&#x69;&#46;&#x68;&#x72;\" target=\"_blank\" rel=\"noreferrer noopener\"><em>&#x64;&#97;&#x6d;&#x69;r&#x2e;&#109;u&#x68;&#118;i&#x63;&#64;&#x75;&#x6e;i&#x72;&#105;&#46;&#x68;&#114;<\/em><\/a><\/li>\n\n\n\n<li>Prof. Zlatko Trobonja\u010da, MD, PhD (tenure)<br><em>E-mail:&nbsp;<\/em><a href=\"&#109;&#97;&#x69;l&#116;&#x6f;&#x3a;z&#108;&#x61;&#x74;k&#111;&#x2e;&#x74;r&#111;&#x62;&#x6f;n&#106;&#x61;&#x63;a&#64;&#x75;n&#105;&#114;&#x69;&#46;&#104;&#x72;\" target=\"_blank\" rel=\"noreferrer noopener\"><em>&#x7a;&#x6c;&#97;&#116;k&#x6f;&#x2e;&#x74;&#114;ob&#x6f;&#x6e;&#106;&#97;c&#x61;&#x40;&#x75;&#110;ir&#x69;&#x2e;&#104;&#114;<\/em><\/a><\/li>\n\n\n\n<li>Prof. Jagoda Ravli\u0107-Gulan, MD, PhD (tenure)<br><em>E-mail:&nbsp;<\/em><a href=\"&#x6d;&#x61;&#x69;&#x6c;&#x74;&#x6f;&#x3a;&#x6a;&#x72;&#x61;&#x76;&#x6c;&#x69;&#x63;&#x40;&#x75;&#x6e;&#x69;&#x72;&#x69;&#x2e;&#x68;&#x72;\" target=\"_blank\" rel=\"noreferrer noopener\"><em>&#x6a;&#x72;&#x61;&#x76;&#108;&#105;c&#64;u&#x6e;&#x69;&#x72;&#x69;&#46;&#104;r<\/em><\/a><\/li>\n\n\n\n<li>Prof. Ines Mrakov\u010di\u0107-\u0160uti\u0107, MD, PhD (tenure)<br><em>E-mail:&nbsp;<\/em><a href=\"&#109;&#x61;i&#x6c;t&#111;&#x3a;&#105;&#x6e;e&#115;&#x2e;&#109;&#x72;a&#x6b;&#x6f;&#118;&#x63;i&#x63;&#46;&#115;&#x75;&#116;&#x69;c&#64;&#x75;&#110;&#x69;r&#105;&#x2e;&#104;&#x72;\" target=\"_blank\" rel=\"noreferrer noopener\"><em>&#x69;&#110;e&#x73;&#x2e;&#109;r&#x61;&#x6b;&#111;v&#x63;&#x69;&#99;&#46;&#x73;&#x75;&#116;i&#x63;&#64;&#117;n&#x69;&#114;i&#x2e;&#x68;&#114;<\/em><\/a><\/li>\n\n\n\n<li>Prof. Gordana La\u0161karin, MD, PhD (tenure)<br><em>E-mail:&nbsp;<\/em><a href=\"m&#97;&#105;&#x6c;&#x74;&#x6f;&#x3a;g&#111;&#114;&#100;&#x61;&#x6e;&#x61;&#46;l&#97;&#115;&#x6b;&#x61;&#x72;in&#64;&#117;&#x6e;&#x69;&#x72;i&#46;&#104;&#114;\" target=\"_blank\" rel=\"noreferrer noopener\"><em>&#x67;o&#x72;&#100;&#x61;&#110;a&#x2e;&#108;&#x61;&#115;k&#x61;&#114;&#x69;&#110;&#64;&#x75;n&#x69;&#114;&#x69;&#x2e;h&#x72;<\/em><\/a><\/li>\n\n\n\n<li>Prof. Natalia Ku\u010di\u0107, MD, PhD (tenure)<br><em>E-mail:&nbsp;<\/em><a href=\"&#x6d;&#97;i&#x6c;&#116;o&#x3a;&#110;a&#x74;&#97;l&#x69;&#97;&#46;&#x6b;&#117;c&#x69;&#99;&#64;&#x6d;&#101;d&#x72;&#105;&#46;&#x75;&#110;i&#x72;&#105;&#46;&#x68;&#114;\" target=\"_blank\" rel=\"noreferrer noopener\"><em>&#x6e;&#97;t&#x61;&#x6c;&#105;a&#x2e;&#x6b;&#117;c&#x69;&#x63;&#64;m&#x65;&#x64;&#114;i&#x2e;&#117;&#110;i&#x72;&#105;&#46;&#x68;&#x72;<\/em><\/a><\/li>\n\n\n\n<li>Assoc. Prof. Hana Mahmutefendi\u0107 Lu\u010din, PhD<br><em>E-mail:&nbsp;<\/em><a href=\"&#x6d;&#97;i&#x6c;&#116;o&#x3a;&#104;a&#x6e;&#97;&#46;&#x6d;&#97;h&#x6d;&#x75;t&#x65;&#x66;&#101;&#x6e;&#x64;&#105;&#x63;&#x40;&#117;n&#x69;&#114;i&#x2e;&#104;r\" target=\"_blank\" rel=\"noreferrer noopener\"><em>hana&#46;mah&#109;&#117;&#116;&#101;&#102;&#101;&#110;&#100;&#105;&#99;&#x40;&#x75;&#x6e;&#x69;&#x72;&#x69;&#x2e;&#x68;&#x72;<\/em><\/a><\/li>\n\n\n\n<li>Assoc. Prof. Hrvoje Jakovac, MD, PhD<br><em>E-mail:&nbsp;<\/em><a href=\"&#109;&#x61;&#x69;l&#116;&#x6f;:&#104;&#x72;&#x76;o&#106;&#x65;&#46;&#106;&#x61;&#x6b;o&#118;&#x61;c&#64;&#x75;&#x6e;&#105;&#114;&#x69;&#46;&#104;&#x72;\" target=\"_blank\" rel=\"noreferrer noopener\"><em>hrvoje&#46;&#106;&#97;&#107;&#111;&#118;&#97;&#x63;&#x40;&#x75;&#x6e;&#x69;&#x72;&#x69;&#x2e;&#x68;&#x72;<\/em><\/a><\/li>\n\n\n\n<li>Assoc. Prof. Gordana Blagojevi\u0107 Zagorac, MD, PhD<br><em>E-mail:&nbsp;<\/em><a href=\"&#109;&#97;&#x69;&#x6c;&#116;&#111;&#x3a;&#x67;&#111;&#114;&#x64;&#x61;&#110;&#97;&#x2e;&#x62;&#108;&#97;&#x67;&#x6f;&#106;&#101;&#x76;&#x69;&#99;&#64;&#x75;&#x6e;&#105;&#114;&#x69;&#x2e;&#104;&#114;\" target=\"_blank\" rel=\"noreferrer noopener\"><em>&#x67;o&#x72;&#100;&#x61;&#110;a&#x2e;&#98;&#x6c;&#97;g&#x6f;&#106;&#x65;&#118;i&#x63;&#64;&#x75;&#110;&#x69;&#x72;i&#x2e;&#104;&#x72;<\/em><\/a><\/li>\n\n\n\n<li>Assoc. Prof. Kristina Grabu\u0161i\u0107, PhD<br><em>E-mail:&nbsp;<\/em><a href=\"&#109;&#x61;&#105;&#x6c;&#116;&#x6f;&#58;&#x6b;&#114;&#x69;&#115;&#x74;&#105;&#x6e;&#97;&#x2e;&#103;&#x72;&#97;&#x62;&#117;&#x73;&#105;&#x63;&#64;&#x75;&#110;&#x69;&#114;&#x69;&#46;&#x68;&#114;\" target=\"_blank\" rel=\"noreferrer noopener\"><em>kri&#115;&#116;&#105;&#x6e;&#x61;&#x2e;&#x67;&#x72;&#x61;bus&#105;&#99;&#64;&#117;&#x6e;&#x69;&#x72;&#x69;&#x2e;&#x68;r<\/em><\/a><\/li>\n\n\n\n<li>Asst. Prof. Tanja Grubi\u0107 Kezele, MD, PhD<br><em>E-mail:&nbsp;<\/em><a rel=\"noreferrer noopener\" href=\"&#x6d;&#x61;&#x69;&#x6c;&#x74;&#x6f;&#x3a;&#x74;&#x61;&#x6e;&#x6a;&#x61;&#x2e;&#x67;&#x72;&#x75;&#x62;&#x69;&#x63;&#x40;&#x75;&#x6e;&#x69;&#x72;&#x69;&#x2e;&#x68;&#x72;\" target=\"_blank\"><em>&#116;&#x61;n&#106;&#x61;&#46;&#x67;&#x72;&#117;&#x62;i&#99;&#x40;u&#110;&#x69;&#114;&#x69;&#46;&#104;&#x72;<\/em><\/a><\/li>\n\n\n\n<li>Asst. Prof. Tamara Guli\u0107, PhD<br><em>E-mail:&nbsp;<\/em><a rel=\"noreferrer noopener\" href=\"mailto:tamara&#46;gulic&#64;unir&#105;&#46;&#104;&#114;\" target=\"_blank\"><em>ta&#109;&#97;&#114;&#97;&#x2e;&#x67;&#x75;&#x6c;&#x69;c&#64;&#117;&#110;&#105;&#114;&#x69;&#x2e;&#x68;&#x72;<\/em><\/a><\/li>\n\n\n\n<li>Asst. Prof. Bo\u017eena \u0106urko-Cofek, MD, PhD<br><em>E-mail:&nbsp;<\/em><a rel=\"noreferrer noopener\" href=\"&#x6d;&#97;i&#x6c;&#116;o&#x3a;&#98;o&#x7a;&#101;n&#x61;&#46;c&#x75;&#114;k&#x6f;&#46;c&#x6f;&#102;e&#x6b;&#64;u&#x6e;&#105;r&#x69;&#46;h&#x72;\" target=\"_blank\"><em>&#x62;&#x6f;&#122;en&#x61;&#x2e;&#99;&#117;r&#x6b;&#x6f;&#46;&#99;o&#x66;&#x65;&#x6b;&#64;un&#x69;&#x72;&#105;&#46;h&#x72;<\/em><\/a><\/li>\n\n\n\n<li>Postdoctoral Researcher Ljerka Karleu\u0161a, PhD<br><em>E-mail:&nbsp;<\/em><a href=\"&#x6d;&#x61;&#x69;&#x6c;&#x74;&#x6f;&#x3a;&#x6c;&#x6a;&#x65;&#x72;&#x6b;&#x61;&#x2e;&#x6b;&#x61;&#x72;&#x6c;&#x65;&#x75;&#x73;&#x61;&#x40;&#x75;&#x6e;&#x69;&#x72;&#x69;&#x2e;&#x68;&#x72;\" target=\"_blank\" rel=\"noreferrer noopener\"><em>&#x6c;j&#x65;&#114;k&#x61;&#46;&#x6b;&#x61;r&#x6c;&#101;u&#x73;&#97;&#x40;&#117;n&#x69;&#114;i&#x2e;&#104;&#x72;<\/em><\/a><\/li>\n\n\n\n<li>Teaching Assistant Ingrid \u0160uti\u0107 Udovi\u0107, MD<br><em>E-mail:&nbsp;<\/em><a href=\"&#x6d;&#97;i&#x6c;&#116;o&#x3a;&#x69;&#110;&#x67;&#x72;&#105;d&#x2e;&#115;u&#x74;&#x69;&#99;&#x40;&#x75;&#110;i&#x72;&#105;&#46;&#x68;&#x72;\" target=\"_blank\" rel=\"noreferrer noopener\"><em>&#x69;&#x6e;&#103;r&#x69;&#x64;&#46;&#115;u&#x74;&#x69;&#99;&#64;u&#x6e;&#x69;&#114;i&#46;&#x68;&#x72;<\/em><\/a><\/li>\n\n\n\n<li>Teaching Assistant Silvija Lukanovi\u0107 Juri\u0107, MD<br><em>E-mail:&nbsp;<\/em><a href=\"&#109;&#x61;&#x69;l&#116;&#x6f;:&#115;&#x69;&#x6c;&#118;&#x69;&#x6a;a&#108;&#x6a;&#64;&#117;&#x6e;&#x69;&#114;&#x69;&#x2e;h&#114;\" target=\"_blank\" rel=\"noreferrer noopener\"><em>&#x73;&#x69;&#108;v&#x69;&#x6a;&#97;lj&#x40;&#x75;&#110;i&#x72;&#x69;&#46;&#104;r<\/em><\/a><\/li>\n\n\n\n<li>Teaching Assistant Ivona Viduka, M.Sc.<br><em>E-mail:&nbsp;<\/em><a href=\"m&#97;&#105;&#x6c;&#x74;o&#58;&#105;&#x76;&#x6f;&#x6e;a&#46;&#118;&#x69;&#x64;uk&#97;&#x40;&#x75;&#x6e;i&#114;&#105;&#x2e;&#x68;r\" target=\"_blank\" rel=\"noreferrer noopener\"><em>i&#118;&#x6f;&#x6e;&#x61;&#46;&#118;&#x69;&#x64;&#x75;k&#97;&#x40;&#x75;&#x6e;i&#114;&#x69;&#x2e;&#x68;r<\/em><\/a><\/li>\n\n\n\n<li>Teaching Assistant Vedrana Kru\u0161i\u0107 Ali\u0107, M.Sc.<br><em>E-mail:&nbsp;<\/em><a href=\"&#109;&#x61;i&#108;&#x74;o&#58;&#x76;e&#100;&#x72;a&#110;&#x61;&#46;&#x6b;&#x72;&#117;&#x73;&#x69;&#99;&#x40;u&#110;&#x69;r&#105;&#x2e;h&#114;\" target=\"_blank\" rel=\"noreferrer noopener\"><em>v&#101;&#x64;&#x72;a&#110;&#x61;&#x2e;k&#114;&#117;&#x73;&#x69;c&#64;&#x75;&#x6e;i&#114;&#x69;&#x2e;h&#114;<\/em><\/a><\/li>\n\n\n\n<li>Teaching Assistant Alen Omerovi\u0107, MD<br><em>E-mail:&nbsp;<\/em><a href=\"m&#97;&#x69;&#x6c;t&#111;&#58;&#x61;&#x6c;e&#110;&#x2e;&#x6f;m&#101;&#114;&#x6f;&#x76;i&#99;&#x40;&#x6d;e&#100;&#114;&#x69;&#x2e;u&#110;&#x69;&#x72;i&#46;&#104;&#x72;\"><em>a&#108;&#101;&#x6e;&#x2e;&#x6f;&#x6d;e&#114;&#111;&#118;&#x69;&#x63;&#x40;me&#100;&#114;&#x69;&#x2e;&#x75;ni&#114;&#105;&#x2e;&#x68;&#x72;<\/em><\/a><\/li>\n\n\n\n<li>Teaching Assistant Mirna Jurkovi\u0107, M.Sc.<br><em>E-mail:\u00a0<\/em><a href=\"&#x6d;&#x61;&#x69;&#108;&#116;o:&#x76;&#x65;&#x64;&#114;&#97;na&#x2e;&#x6b;&#x72;&#117;&#115;ic&#x40;&#x75;&#x6e;&#105;&#114;i&#46;&#x68;&#x72;\" target=\"_blank\" rel=\"noreferrer noopener\"><em>&#x6d;&#x69;&#x72;&#x6e;&#97;&#46;jur&#x6b;&#x6f;&#x76;&#x69;&#99;&#64;med&#x72;&#x69;&#x2e;&#x75;&#110;&#105;&#114;i&#46;&#x68;&#x72;<\/em><\/a><\/li>\n<\/ul>\n<\/li>\n\n\n\n<li><strong>Nonteaching staff<\/strong>\n<ul class=\"wp-block-list\">\n<li>Maja Medakovi\u0107, M.PA \u2013 Administrative Secretary<br><em>E-mail:&nbsp;<\/em><a href=\"m&#97;&#105;&#108;&#x74;&#x6f;&#x3a;ma&#106;&#97;&#x2e;&#x6d;&#x65;&#x64;ak&#111;&#118;&#x69;&#x63;&#x40;&#x75;n&#105;&#114;&#105;&#x2e;&#x68;&#x72;\" target=\"_blank\" rel=\"noreferrer noopener\"><em>&#x6d;&#97;j&#x61;&#46;m&#x65;&#100;a&#x6b;&#111;v&#x69;&#99;&#64;&#x75;&#x6e;i&#x72;&#x69;&#46;&#x68;&#x72;<\/em><\/a><\/li>\n\n\n\n<li>Ksenija Tuli\u0107, MLS \u2013 Senior Laboratory Technician<br><em>E-mail:&nbsp;<\/em><a href=\"mailto:ksenija.tulic@.uniri.hr\" target=\"_blank\" rel=\"noreferrer noopener\"><em>ksenija.tulic@.uniri.hr<\/em><\/a><\/li>\n\n\n\n<li>Tatjana Daka, MLS \u2013 Senior Laboratory Technician<br><em>E-mail:&nbsp;<\/em><a href=\"&#x6d;a&#x69;&#108;&#x74;&#111;&#x3a;&#x74;a&#x74;&#106;&#x61;&#110;&#x61;&#46;d&#x61;&#107;&#x61;&#64;&#x75;&#110;i&#x72;&#105;&#x2e;&#104;&#x72;\" target=\"_blank\" rel=\"noreferrer noopener\"><em>tatjana&#46;&#100;&#97;&#107;&#97;&#64;&#117;&#110;&#105;&#114;&#105;&#x2e;&#x68;&#x72;<\/em><\/a><\/li>\n\n\n\n<li>Tihana Vujnovi\u0107 \u2013 Laboratory Technician<br><em>E-mail:&nbsp;<\/em><a href=\"&#x6d;&#x61;&#x69;&#x6c;&#x74;&#111;&#58;&#116;&#105;han&#x61;&#x2e;&#x76;&#x75;&#x6a;&#x6e;&#111;&#118;&#105;c&#64;u&#x6e;&#x69;&#x72;&#x69;&#x2e;&#x68;&#114;\" target=\"_blank\" rel=\"noreferrer noopener\"><em>t&#105;&#104;&#x61;&#x6e;&#x61;&#46;&#118;&#117;&#x6a;&#x6e;&#x6f;vi&#99;&#x40;&#x75;&#x6e;ir&#105;&#46;&#x68;&#x72;<\/em><\/a><\/li>\n\n\n\n<li>Igor \u0160timac, M.Sc.EPH \u2013 Laboratory Technician<br><em>E-mail:&nbsp;<\/em><a href=\"&#x6d;&#97;&#105;l&#x74;&#x6f;&#58;i&#x67;&#x6f;&#114;&#46;s&#x74;&#105;&#109;a&#x63;&#x40;&#117;n&#x69;&#x72;&#105;&#46;h&#x72;\" target=\"_blank\" rel=\"noreferrer noopener\"><em>&#x69;&#103;o&#x72;&#46;&#115;&#x74;&#x69;&#109;a&#x63;&#64;u&#x6e;&#x69;&#114;i&#x2e;&#104;r<\/em><\/a><\/li>\n\n\n\n<li>Sanja \u0160timac \u2013 technical associate<br><em>E-mail:&nbsp;<\/em><a href=\"&#x6d;&#x61;&#x69;&#x6c;&#x74;&#x6f;&#x3a;&#x73;&#x61;&#x6e;&#x6a;&#97;&#46;&#115;&#116;&#105;&#109;&#97;c&#64;unir&#x69;&#x2e;&#x68;&#x72;\" target=\"_blank\" rel=\"noreferrer noopener\"><em>&#115;&#x61;&#x6e;j&#97;&#x2e;s&#116;&#x69;m&#97;&#x63;&#64;&#117;&#x6e;&#x69;&#114;&#x69;&#x2e;h&#114;<\/em><\/a><\/li>\n<\/ul>\n<\/li>\n<\/ul>\n","protected":false},"excerpt":{"rendered":"<p>Department of Physiology, Immunology and PathophysiologyFaculty of Medicine in RijekaBra\u0107e Branchetta 20, 51000 RijekaPhone: +385 (0)51 651 150 Contact Department Head:Prof.&nbsp;Pero Lu\u010din, MD, PhD (tenure)E-mail:&nbsp;per&#111;&#64;&#117;&#110;&#x69;&#x72;&#x69;&#x2e;&#x68;&#x72;Phone: +385 (0)51 651 232 Department Secretary:Maja Medakovi\u0107, M.PAE-mail:&nbsp;&#x6d;&#x61;&#x6a;&#x61;&#x2e;&#x6d;&#x65;&#x64;&#x61;&#x6b;&#x6f;&#x76;&#x69;&#x63;&#x40;&#x6d;&#x65;&#x64;&#x72;&#x69;&#x2e;&#x75;&#x6e;&#x69;&#x72;&#x69;&#x2e;&#x68;&#x72;Phone: +385 (0)51 651 150 Department Office \u2013 Monday\u2013Friday from 1 pm to 2:30 pm Staff<\/p>\n","protected":false},"author":4,"featured_media":0,"parent":13205,"menu_order":7,"comment_status":"closed","ping_status":"closed","template":"","meta":{"_acf_changed":false,"ub_ctt_via":"","footnotes":""},"class_list":["post-13217","page","type-page","status-publish","hentry"],"acf":[],"featured_image_src":null,"_links":{"self":[{"href":"https:\/\/medri.uniri.hr\/en\/wp-json\/wp\/v2\/pages\/13217","targetHints":{"allow":["GET"]}}],"collection":[{"href":"https:\/\/medri.uniri.hr\/en\/wp-json\/wp\/v2\/pages"}],"about":[{"href":"https:\/\/medri.uniri.hr\/en\/wp-json\/wp\/v2\/types\/page"}],"author":[{"embeddable":true,"href":"https:\/\/medri.uniri.hr\/en\/wp-json\/wp\/v2\/users\/4"}],"replies":[{"embeddable":true,"href":"https:\/\/medri.uniri.hr\/en\/wp-json\/wp\/v2\/comments?post=13217"}],"version-history":[{"count":7,"href":"https:\/\/medri.uniri.hr\/en\/wp-json\/wp\/v2\/pages\/13217\/revisions"}],"predecessor-version":[{"id":23131,"href":"https:\/\/medri.uniri.hr\/en\/wp-json\/wp\/v2\/pages\/13217\/revisions\/23131"}],"up":[{"embeddable":true,"href":"https:\/\/medri.uniri.hr\/en\/wp-json\/wp\/v2\/pages\/13205"}],"wp:attachment":[{"href":"https:\/\/medri.uniri.hr\/en\/wp-json\/wp\/v2\/media?parent=13217"}],"curies":[{"name":"wp","href":"https:\/\/api.w.org\/{rel}","templated":true}]}}