{"id":13219,"date":"2021-05-27T11:52:18","date_gmt":"2021-05-27T09:52:18","guid":{"rendered":"https:\/\/medri.uniri.hr\/?page_id=13219"},"modified":"2025-10-13T10:46:05","modified_gmt":"2025-10-13T08:46:05","slug":"gynecology-and-obstetrics","status":"publish","type":"page","link":"https:\/\/medri.uniri.hr\/en\/faculty\/organisational-units\/departments\/gynecology-and-obstetrics\/","title":{"rendered":"Gynecology and Obstetrics"},"content":{"rendered":"\n<p><strong>Department of Gynecology and Obstetrics<\/strong><br>Vjekoslava Duki\u0107a 7, 51000 Rijeka<br>Phone: +385 (0)51 640 267<\/p>\n\n\n\n<p>Contact<\/p>\n\n\n\n<p><strong>Department Head:<br><\/strong>Assoc. Prof.&nbsp;<strong>Alemka Brn\u010di\u0107-Fischer<\/strong>, MD, PhD<br><em>E-mail:&nbsp;<a href=\"&#x6d;a&#x69;&#108;&#x74;&#x6f;:&#x61;&#108;&#x65;&#x6d;k&#x61;&#98;&#x66;&#x40;m&#x65;&#100;&#x72;&#x69;&#46;&#x75;&#110;&#x69;&#x72;i&#x2e;&#104;&#x72;\">&#x61;l&#x65;&#109;&#x6b;&#x61;b&#x66;&#64;&#x6d;&#x65;d&#x72;&#105;&#x2e;&#x75;n&#x69;&#114;&#x69;&#x2e;h&#x72;<\/a><\/em><br><em>Phone: +385 (0)51 640 239<\/em><\/p>\n\n\n\n<p><strong>Department Secretary:<br>Tatjana Mu\u017eik<br><\/strong><em>E-mail:&nbsp;<a href=\"m&#97;&#x69;&#x6c;t&#111;&#x3a;&#x62;a&#114;&#x62;&#x61;r&#97;&#x2e;&#x73;u&#114;&#x69;&#x6e;a&#64;&#109;&#x65;&#x64;r&#105;&#x2e;&#x75;n&#105;&#x72;&#x69;&#46;&#104;&#x72;\" target=\"_blank\" rel=\"noreferrer noopener\">&#116;&#x61;t&#106;&#x61;&#110;&#x61;&#46;&#109;&#x75;z&#x69;&#x6b;&#64;&#x6d;e&#100;&#x72;i&#x2e;&#x75;&#110;&#x69;r&#105;&#x2e;&#104;&#x72;<\/a><br>Phone: +385 (0)51 640 267<\/em><\/p>\n\n\n\n<ul class=\"wp-block-list\">\n<li>Office hours for students:<\/li>\n<\/ul>\n\n\n\n<p>Department Office \u2013 Monday\u2013Friday from 8 am to 4 pm<\/p>\n\n\n\n<p>Staff<\/p>\n\n\n\n<ul class=\"wp-block-list\">\n<li><strong>Department Head<\/strong><\/li>\n\n\n\n<li>Assoc. Prof.&nbsp;Alemka Brn\u010di\u0107-Fischer, MD, PhD<\/li>\n<\/ul>\n\n\n\n<p><em>E-mail:&nbsp;<\/em><a href=\"ma&#105;&#108;&#116;&#111;&#x3a;&#x6e;&#x65;&#x64;&#x61;ss&#64;&#117;&#110;&#105;&#x72;&#x69;&#x2e;&#x68;&#x72;\"><em><\/em><\/a><em><a href=\"ma&#105;&#108;&#116;&#x6f;&#x3a;&#x61;&#x6c;&#x65;mk&#97;&#98;&#102;&#x40;&#x6d;&#x65;&#x64;&#x72;i&#46;&#117;&#110;&#105;&#x72;&#x69;&#x2e;&#x68;&#x72;\">&#x61;&#x6c;&#x65;&#x6d;&#x6b;&#x61;&#x62;&#102;&#64;&#109;&#101;&#100;ri&#46;u&#x6e;&#x69;&#x72;&#x69;&#x2e;&#x68;&#x72;<\/a><\/em><\/p>\n\n\n\n<p><strong>Teaching staff<\/strong><\/p>\n\n\n\n<ul class=\"wp-block-list\">\n<li>Prof. Neda Smiljan Severinski, MD, PhD <em>E-mail:&nbsp;<a href=\"&#x6d;&#97;i&#x6c;&#116;o&#x3a;&#110;e&#x64;&#97;s&#x73;&#64;u&#x6e;&#x69;r&#x69;&#x2e;&#104;&#x72;\">&#x6e;e&#x64;&#97;&#x73;&#115;&#64;&#x75;n&#x69;&#114;&#x69;&#46;h&#x72;<\/a><\/em><\/li>\n\n\n\n<li>Assoc. Prof. Tea \u0160timac, MD, PhD <em>E-mail:&nbsp;<\/em><a href=\"&#x6d;&#x61;&#x69;&#x6c;&#x74;&#x6f;&#x3a;&#x74;&#x65;&#x61;&#x2e;&#x73;&#x74;&#x69;&#x6d;&#x61;&#x63;&#x40;&#x6d;&#x65;&#x64;&#x72;&#x69;&#x2e;&#x75;&#x6e;&#x69;&#x72;&#x69;&#x2e;&#x68;&#x72;\"><em>&#x74;&#x65;&#x61;&#x2e;&#x73;&#x74;&#x69;&#x6d;&#x61;&#x63;&#x40;&#x6d;&#x65;&#x64;&#x72;&#x69;&#x2e;&#x75;&#x6e;&#x69;&#x72;&#x69;&#46;&#104;&#114;<\/em><\/a><\/li>\n\n\n\n<li>Asst. Prof. Aleks Finderle, MD, PhD <em>E-mail:<\/em>&nbsp;<a href=\"&#109;&#x61;&#105;&#x6c;&#116;&#x6f;:&#x61;l&#x65;k&#115;&#x2e;&#102;&#x69;&#110;&#x64;&#101;&#x72;l&#x65;&#64;&#x6d;e&#100;&#x72;&#105;&#x2e;&#117;&#x6e;&#105;&#x72;i&#x2e;h&#x72;\"><em>a&#108;&#101;&#x6b;&#x73;&#x2e;f&#105;&#110;&#x64;&#x65;&#x72;le&#64;&#x6d;&#x65;&#x64;ri&#46;&#117;&#x6e;&#x69;&#x72;i&#46;&#104;&#x72;<\/em><\/a>&nbsp;<\/li>\n\n\n\n<li>Asst. Prof. Marko Klari\u0107, MD, PhD <em>E-mail:<\/em>&nbsp;<a href=\"&#109;a&#x69;l&#x74;&#111;&#x3a;&#109;&#x61;&#114;k&#x6f;&#46;&#x6b;&#108;&#x61;&#114;&#x69;&#99;&#x32;&#64;m&#x65;d&#x72;&#105;&#x2e;&#117;&#x6e;&#105;r&#x69;&#46;&#x68;&#114;\"><em>m&#97;&#x72;&#x6b;o&#46;&#x6b;&#x6c;a&#114;&#x69;&#x63;2&#64;&#x6d;&#x65;d&#114;&#x69;&#x2e;u&#110;&#105;&#x72;&#x69;&#46;&#104;&#x72;<\/em><\/a><\/li>\n\n\n\n<li>Asst. Prof. Lana Glavan, MD, PhD <em>E-mail:<\/em>&nbsp;<a href=\"m&#97;&#x69;&#x6c;t&#111;&#x3a;&#x6c;a&#110;&#97;&#x2e;&#x67;l&#97;&#x76;&#x61;n&#46;&#x67;&#x61;c&#97;&#110;&#x69;&#x6e;&#64;&#109;&#x65;&#x64;r&#105;&#x2e;&#x75;n&#105;&#114;&#x69;&#x2e;h&#114;\"><em>&#x6c;&#x61;&#x6e;&#x61;&#x2e;&#x67;&#x6c;&#x61;&#x76;&#x61;&#x6e;&#x2e;&#x67;&#x61;&#x63;&#x61;&#x6e;&#x69;&#x6e;&#x40;&#x6d;&#x65;&#x64;&#x72;&#x69;&#x2e;&#x75;&#x6e;&#x69;&#x72;&#x69;&#x2e;&#x68;&#x72;<\/em><\/a><\/li>\n\n\n\n<li>Asst. Prof. Alenka&nbsp;Vi\u0161ni\u0107,&nbsp;MD, PhD (nominal title); <em>E-mail:&nbsp;<a href=\"&#109;&#x61;i&#x6c;&#x74;&#111;&#x3a;a&#x6c;&#x65;&#110;&#x6b;a&#x2e;&#x76;&#105;&#x73;n&#x69;&#x63;&#64;&#x68;o&#x74;&#x6d;&#97;&#x69;l&#x2e;&#x63;&#111;&#x6d;\">&#x61;l&#x65;&#110;k&#x61;&#46;&#x76;&#x69;s&#x6e;&#105;c&#x40;&#104;&#x6f;&#116;m&#x61;&#105;l&#x2e;&#99;&#x6f;&#109;<\/a><\/em><\/li>\n\n\n\n<li>Postdoctoral Researcher Ines Kri\u0161tofi\u0107, MD, PhD <em>E-mail:<\/em>&nbsp;<a href=\"&#x6d;a&#x69;&#108;&#x74;&#x6f;:&#x69;&#110;&#x65;&#x73;&#46;&#x6b;&#114;&#x69;&#x73;t&#x6f;&#102;&#x69;&#x63;&#64;&#x6d;&#101;&#x64;&#x72;i&#x2e;&#117;&#x6e;&#x69;r&#x69;&#46;&#x68;&#x72;\"><em>&#x69;&#x6e;&#x65;&#x73;&#46;&#107;&#114;is&#x74;&#x6f;&#x66;&#x69;&#x63;&#64;&#109;&#101;dr&#x69;&#x2e;&#x75;&#x6e;&#x69;&#114;&#105;&#46;hr<\/em><\/a><\/li>\n\n\n\n<li>Teaching Assistant Tina Su\u0161anj \u0160epi\u0107, MD <em>E-mail:<\/em>&nbsp;<a href=\"m&#97;&#x69;&#x6c;t&#111;&#x3a;&#x74;i&#110;&#x61;&#x73;s&#64;&#x75;&#x6e;i&#114;&#x69;&#x2e;h&#114;\"><em>&#116;&#105;&#x6e;a&#115;&#x73;&#x40;u&#110;&#x69;&#x72;i&#46;&#x68;&#x72;<\/em><\/a><\/li>\n\n\n\n<li>Teaching Assistant Eduard E\u0161kinja, MD <em>E-mail:<\/em>&nbsp;<a href=\"&#109;&#x61;&#105;&#x6c;t&#x6f;:&#101;&#x64;&#117;&#x61;r&#x64;&#46;&#101;&#x73;&#107;&#x69;n&#x6a;a&#64;&#x6d;&#101;&#x64;r&#x69;&#46;&#117;&#x6e;&#105;&#x72;i&#x2e;h&#114;\"><em>e&#100;&#117;&#x61;&#x72;d&#46;&#101;&#115;&#x6b;&#x69;nj&#97;&#64;&#x6d;&#x65;dr&#105;&#x2e;&#x75;&#x6e;i&#114;&#105;&#x2e;&#x68;&#x72;<\/em><\/a><\/li>\n\n\n\n<li>Teaching Assistant Jelena Ivandi\u0107, MD <em>E-mail: <a href=\"&#109;&#x61;&#105;&#x6c;&#116;&#x6f;&#58;&#x6a;e&#x6c;e&#x6e;a&#x2e;i&#118;&#x61;&#110;&#x64;&#105;&#x63;&#64;&#x6d;&#101;&#x64;r&#x69;&#46;&#x75;n&#x69;r&#105;&#x2e;&#104;&#x72;\">&#x6a;&#x65;&#x6c;&#x65;&#x6e;&#x61;&#x2e;&#x69;&#x76;&#x61;&#x6e;&#x64;&#x69;&#x63;&#64;&#109;&#101;&#100;&#114;&#105;&#46;&#117;&#110;&#105;&#114;i&#46;hr<\/a><\/em><\/li>\n\n\n\n<li>Teaching Assistant Damir \u0106erimagi\u0107, MD <em>E-mail:<\/em>&nbsp;<a href=\"&#x6d;&#97;&#x69;&#x6c;&#116;&#x6f;&#58;d&#x61;&#109;i&#x72;&#46;c&#x65;&#114;i&#x6d;&#97;&#x67;&#x69;&#99;&#x40;&#x75;&#110;&#x69;&#114;i&#x2e;&#104;r\"><em>&#100;&#x61;&#x6d;&#105;&#x72;&#x2e;&#99;&#x65;&#x72;&#105;&#x6d;&#x61;&#103;&#x69;&#x63;&#64;&#x75;&#x6e;&#105;&#x72;&#x69;&#46;&#x68;&#x72;<\/em><\/a><\/li>\n\n\n\n<li>Teaching Assistant Roberta \u017dauhar Ba\u010di\u0107, MD <em>E-mail:<\/em>&nbsp;<a href=\"m&#97;&#105;&#x6c;&#x74;&#x6f;:&#114;&#111;&#x62;&#x65;&#x72;ta&#46;&#x7a;&#x61;&#x75;ha&#114;&#46;&#x62;&#x61;&#x63;i&#99;&#64;&#x75;&#x6e;&#x69;r&#105;&#46;&#x68;&#x72;\"><em>&#x72;&#x6f;&#98;er&#x74;&#x61;&#46;&#122;a&#x75;&#x68;&#97;&#114;&#46;&#x62;&#x61;&#x63;&#105;c&#64;&#x75;&#x6e;&#105;&#114;i&#x2e;&#x68;&#114;<\/em><\/a><\/li>\n\n\n\n<li>Teaching Assistant Nata\u0161a Smajla, MD <em>E-mail: &#x6e;&#97;&#116;a&#x73;&#x61;&#46;s&#x6d;&#x61;&#106;la&#x40;&#109;&#101;d&#x72;&#x69;&#46;u&#x6e;&#x69;&#114;&#105;&#46;&#x68;&#x72;<\/em><\/li>\n<\/ul>\n\n\n\n<p><\/p>\n\n\n\n<p><strong>Nominal titles<\/strong>\n\n\n\n\n\n\n\n\n\n\n\n\n\n\n\n\n\n\n\n\n\n\n\n\n\n\n\n\n\n\n\n\n\n\n\n\n\n\n\n\n\n\n\n\n\n\n\n\n\n\n\n\n\n\n\n\n\n\n\n\n\n\n\n\n\n<\/p>\n\n\n\n<ul class=\"wp-block-list\">\n<li>Asst. Prof.&nbsp;Dra\u017ean&nbsp;Butorac,&nbsp;MD, PhD (nominal title); <em>E-mail:&nbsp;<a href=\"&#109;a&#x69;l&#x74;&#111;&#x3a;&#100;&#x72;&#97;z&#x61;n&#x2e;&#98;&#x75;&#116;&#x6f;&#114;&#x61;&#99;&#64;&#x67;m&#x61;&#105;&#x6c;&#46;&#x63;&#111;m\">&#x64;r&#x61;z&#x61;&#110;&#x2e;&#98;u&#x74;o&#x72;&#97;&#x63;&#64;&#x67;&#109;a&#x69;l&#x2e;&#99;&#x6f;&#109;<\/a><\/em><\/li>\n\n\n\n<li>Asst. Prof. Romana Dmitrovi\u0107, MD, PhD (nominal title);<em> E-mail:&nbsp;<a href=\"&#109;&#x61;&#x69;&#108;&#x74;&#x6f;&#58;&#x72;&#x6f;&#109;&#x61;&#x6e;&#97;&#x40;&#x62;&#101;&#x74;&#x61;&#112;&#x6c;&#x75;&#115;&#x2e;&#x68;&#114;\">&#114;&#x6f;&#x6d;&#97;&#x6e;&#x61;&#64;&#x62;&#x65;&#116;&#x61;&#x70;&#108;&#x75;&#x73;&#46;&#x68;&#x72;<\/a><\/em><\/li>\n\n\n\n<li>Asst. Prof. Ulla Marton, MD, PhD (nominal title); <em>E-mail:&nbsp;<a href=\"mai&#108;&#116;&#111;&#x3a;&#x75;&#x6c;&#x6c;&#x61;&#x2e;mar&#116;&#111;&#110;&#64;&#x67;&#x6d;&#x61;&#x69;&#x6c;&#x2e;com\">&#117;&#x6c;l&#97;&#x2e;m&#97;&#x72;t&#111;&#x6e;&#64;&#103;&#x6d;&#97;&#x69;&#x6c;&#46;&#x63;&#x6f;&#109;<\/a><\/em><\/li>\n\n\n\n<li>Asst. Prof. Edina\u00a0<strong>Berberovi\u0107,<\/strong>\u00a0MD, PhD\u00a0<\/li>\n\n\n\n<li>Asst. Prof. Ines\u00a0<strong>Kri\u0161tofi\u0107<\/strong>, MD, PhD<\/li>\n\n\n\n<li>Senior Teaching Assistant Kristina \u010cavlovi\u0107, MD, PhD (nominal title)<\/li>\n\n\n\n<li>Teaching Assistant Sanela Maru\u0161i\u0107,\u00a0MD (nominal title)<\/li>\n\n\n\n<li>Teaching Assistant Valentina&nbsp;Viljevac,&nbsp;MD (nominal title)<\/li>\n\n\n\n<li>Teaching Assistant \u0110uro\u00a0Despot,\u00a0MD (nominal title)<\/li>\n\n\n\n<li>Teaching Assistant Ivan Zmijanovi\u0107 (nominal title)<\/li>\n\n\n\n<li>Senior Teaching Assistant Anita Bari\u0161i\u0107, MD, PhD<\/li>\n\n\n\n<li>Teaching Assistant Barbara Borovac, MD<\/li>\n\n\n\n<li>Teaching Assistant Lucija Bubli\u0107, MD<\/li>\n\n\n\n<li>Teaching Assistant Martina Crn\u010devi\u0107, MD<\/li>\n\n\n\n<li>Teaching Assistant Marta Crn\u010di\u0107, MD<\/li>\n\n\n\n<li>Teaching Assistant Sandro Gr\u017ean\u010di\u0107, MD<\/li>\n\n\n\n<li>Teaching Assistant Toni Juri\u0107, MD<\/li>\n\n\n\n<li>Teaching Assistant Matea Pavlinovi\u0107, MD<\/li>\n\n\n\n<li>Teaching Assistant Marina Pranji\u0107, MD<\/li>\n\n\n\n<li>Teaching Assistant Omar Saleh, MD<\/li>\n\n\n\n<li>Teaching Assistant Gabrijela Sopta Primorac, MD<\/li>\n\n\n\n<li>Teaching Assistant Iva \u0160imi\u0107, MD<\/li>\n\n\n\n<li>Teaching Assistant Tea \u0160koda, MD<\/li>\n\n\n\n<li>Teaching Assistant Klara Tijan, MD<\/li>\n\n\n\n<li>Teaching Assistant David Zahirovi\u0107, MD<\/li>\n<\/ul>\n\n\n\n<p><strong>Nonteaching staff<\/strong><\/p>\n\n\n\n<ul class=\"wp-block-list\">\n<li>Tatjana Mu\u017eik \u2013 Administrative Secretary&nbsp;<em>E-mail:<\/em> <a href=\"&#x6d;&#97;i&#x6c;&#116;&#111;&#x3a;&#x62;&#97;r&#x62;&#97;r&#x61;&#x2e;&#115;u&#x72;&#105;n&#x61;&#x40;&#117;n&#x69;&#114;i&#x2e;&#x68;&#114;\"><em>&#116;&#x61;t&#106;&#x61;n&#97;&#x2e;m&#117;&#x7a;i&#107;&#x40;m&#101;&#x64;r&#105;&#x2e;u&#110;&#x69;r&#105;&#x2e;h&#114;<\/em><\/a><\/li>\n<\/ul>\n","protected":false},"excerpt":{"rendered":"<p>Department of Gynecology and ObstetricsVjekoslava Duki\u0107a 7, 51000 RijekaPhone: +385 (0)51 640 267 Contact Department Head:Assoc. Prof.&nbsp;Alemka Brn\u010di\u0107-Fischer, MD, PhDE-mail:&nbsp;&#97;&#x6c;&#101;&#x6d;&#107;&#x61;&#98;&#x66;&#64;&#x6d;e&#x64;r&#x69;&#46;&#117;&#x6e;&#105;&#x72;&#105;&#x2e;&#104;&#x72;Phone: +385 (0)51 640 239 Department Secretary:Tatjana Mu\u017eikE-mail:&nbsp;t&#97;&#116;&#x6a;&#x61;&#x6e;a&#46;&#109;&#117;&#x7a;&#x69;&#x6b;&#64;&#109;&#101;&#100;&#x72;&#x69;&#x2e;u&#110;&#105;&#x72;&#x69;&#x2e;hrPhone: +385 (0)51 640 267 Department Office \u2013 Monday\u2013Friday from 8 am to 4 pm Staff E-mail:&nbsp;&#97;&#x6c;e&#109;&#x6b;a&#98;&#x66;&#64;&#x6d;&#x65;&#100;&#x72;i&#46;&#x75;n&#105;&#x72;i&#x2e;&#x68;&#114; Teaching staff Nominal titles Nonteaching staff<\/p>\n","protected":false},"author":4,"featured_media":0,"parent":13205,"menu_order":8,"comment_status":"closed","ping_status":"closed","template":"","meta":{"_acf_changed":false,"ub_ctt_via":"","footnotes":""},"class_list":["post-13219","page","type-page","status-publish","hentry"],"acf":[],"featured_image_src":null,"_links":{"self":[{"href":"https:\/\/medri.uniri.hr\/en\/wp-json\/wp\/v2\/pages\/13219","targetHints":{"allow":["GET"]}}],"collection":[{"href":"https:\/\/medri.uniri.hr\/en\/wp-json\/wp\/v2\/pages"}],"about":[{"href":"https:\/\/medri.uniri.hr\/en\/wp-json\/wp\/v2\/types\/page"}],"author":[{"embeddable":true,"href":"https:\/\/medri.uniri.hr\/en\/wp-json\/wp\/v2\/users\/4"}],"replies":[{"embeddable":true,"href":"https:\/\/medri.uniri.hr\/en\/wp-json\/wp\/v2\/comments?post=13219"}],"version-history":[{"count":27,"href":"https:\/\/medri.uniri.hr\/en\/wp-json\/wp\/v2\/pages\/13219\/revisions"}],"predecessor-version":[{"id":35235,"href":"https:\/\/medri.uniri.hr\/en\/wp-json\/wp\/v2\/pages\/13219\/revisions\/35235"}],"up":[{"embeddable":true,"href":"https:\/\/medri.uniri.hr\/en\/wp-json\/wp\/v2\/pages\/13205"}],"wp:attachment":[{"href":"https:\/\/medri.uniri.hr\/en\/wp-json\/wp\/v2\/media?parent=13219"}],"curies":[{"name":"wp","href":"https:\/\/api.w.org\/{rel}","templated":true}]}}