{"id":13221,"date":"2021-05-27T11:52:37","date_gmt":"2021-05-27T09:52:37","guid":{"rendered":"https:\/\/medri.uniri.hr\/?page_id=13221"},"modified":"2024-01-26T09:51:14","modified_gmt":"2024-01-26T07:51:14","slug":"histology-and-embryology","status":"publish","type":"page","link":"https:\/\/medri.uniri.hr\/en\/faculty\/organisational-units\/departments\/histology-and-embryology\/","title":{"rendered":"Histology and Embryology"},"content":{"rendered":"\n<p><strong>Department of Histology and Embryology<\/strong><br>Faculty of Medicine in Rijeka<br>Bra\u0107e Branchetta 20, 51000 Rijeka<br>Phone: +385 (0)51 651 170<\/p>\n\n\n\n<p>Contact<\/p>\n\n\n\n<p><strong>Department Head:<br><\/strong>Prof.&nbsp;<strong>Bojan Poli\u0107<\/strong>, MD, PhD (tenure)<br><em>E-mail:&nbsp;<\/em><a href=\"&#109;&#x61;&#105;&#x6c;&#116;&#x6f;:&#x62;o&#x6a;a&#110;&#x2e;&#112;&#x6f;&#108;&#x69;&#99;&#x40;u&#x6e;i&#x72;i&#46;&#x68;&#114;\" target=\"_blank\" rel=\"noreferrer noopener\"><em>&#x62;o&#x6a;&#97;&#x6e;&#46;&#x70;&#x6f;l&#x69;&#99;&#x40;&#117;&#x6e;&#105;r&#x69;&#46;&#x68;&#114;<\/em><\/a><em><br>Phone: +385(0)51 651 206<\/em><\/p>\n\n\n\n<p><strong>Department Secretary:<br>Lidija Jugovac<\/strong>, M.Sc.<br><em>E-mail:&nbsp;<\/em><a href=\"&#x6d;&#97;&#105;l&#x74;&#x6f;&#58;l&#x69;&#x64;&#105;ja&#x2e;&#107;&#97;r&#x69;&#x6e;&#106;a&#x40;&#x75;&#110;&#105;r&#x69;&#x2e;&#104;r\"><em>&#108;&#105;&#x64;i&#106;&#x61;&#x2e;k&#97;&#x72;&#x69;n&#106;&#x61;&#64;&#117;&#x6e;&#x69;r&#105;&#x2e;&#x68;r<\/em><\/a><em><br>Phone: +385 (0)51 651 170<\/em><\/p>\n\n\n\n<ul class=\"wp-block-list\">\n<li>Office hours for students:<\/li>\n<\/ul>\n\n\n\n<p>Department Office \u2013 Monday\u2013Friday from 1 pm to 3 pm<\/p>\n\n\n\n<p>Staff<\/p>\n\n\n\n<ul class=\"wp-block-list\">\n<li><strong>Department Head<\/strong>\n<ul class=\"wp-block-list\">\n<li>Prof. Bojan Poli\u0107, MD, PhD (tenure)<\/li>\n<\/ul>\n<\/li>\n\n\n\n<li><strong>Teaching staff<\/strong>\n<ul class=\"wp-block-list\">\n<li>Prof. Bojan Poli\u0107, MD, PhD (tenure)<\/li>\n<\/ul>\n<\/li>\n<\/ul>\n\n\n\n<p><em>E-mail:&nbsp;<\/em><a href=\"ma&#105;&#108;&#116;&#x6f;&#x3a;&#x62;&#x6f;ja&#110;&#46;&#112;&#x6f;&#x6c;&#x69;&#x63;&#64;u&#110;&#105;&#114;&#x69;&#x2e;&#x68;&#x72;\" target=\"_blank\" rel=\"noreferrer noopener\"><em>&#x62;o&#x6a;&#97;n&#x2e;&#112;&#x6f;&#x6c;i&#x63;&#64;u&#x6e;&#105;&#x72;&#105;&#46;&#x68;&#114;<\/em><\/a><em><\/em><\/p>\n\n\n\n<ul class=\"wp-block-list\">\n<li>Prof. Astrid Krmpoti\u0107, MD, PhD (tenure)<\/li>\n<\/ul>\n\n\n\n<p><em>E-mail:\u00a0<\/em><a href=\"&#x6d;&#x61;&#105;&#108;to&#x3a;&#x61;&#x73;&#116;ri&#x64;&#x2e;&#x6b;&#114;&#109;p&#x6f;&#x74;&#x69;&#99;&#64;m&#x65;&#x64;&#x72;&#105;&#46;un&#x69;&#x72;&#x69;&#46;hr\" target=\"_blank\" rel=\"noreferrer noopener\"><em>&#97;&#x73;&#116;&#x72;&#105;&#x64;&#46;&#x6b;&#114;&#x6d;&#112;&#x6f;t&#x69;c&#x40;m&#x65;d&#x72;i&#x2e;u&#110;&#x69;&#114;&#x69;&#46;&#x68;&#114;<\/em><\/a><\/p>\n\n\n\n<ul class=\"wp-block-list\">\n<li>Assoc. Prof. Jelena Tomac, MD, PhD<\/li>\n<\/ul>\n\n\n\n<p><em>E-mail:&nbsp;<\/em><a href=\"&#109;&#x61;&#x69;l&#116;&#x6f;:&#106;&#x65;&#x6c;e&#110;&#x61;&#46;&#116;&#x6f;&#x6d;a&#99;&#x40;m&#101;&#x64;&#x72;&#105;&#46;&#x75;n&#105;&#x72;&#x69;&#46;&#x68;&#x72;\" target=\"_blank\" rel=\"noreferrer noopener\"><em>jel&#101;&#110;&#97;&#x2e;&#x74;&#x6f;&#x6d;&#x61;&#x63;&#64;me&#100;&#114;&#105;&#46;&#x75;&#x6e;&#x69;&#x72;&#x69;&#x2e;hr<\/em><\/a><em><\/em><\/p>\n\n\n\n<ul class=\"wp-block-list\">\n<li>Assoc. Prof. Felix Wensveen, PhD<\/li>\n<\/ul>\n\n\n\n<p><em>E-mail:&nbsp;<\/em><a href=\"&#x6d;&#97;&#x69;&#x6c;&#116;&#x6f;&#58;f&#x65;&#108;i&#x78;&#46;w&#x65;&#110;s&#x76;&#101;&#x65;&#x6e;&#64;&#x6d;&#x65;&#100;&#x72;&#105;&#46;&#x75;&#110;i&#x72;&#105;&#46;&#x68;&#114;\" target=\"_blank\" rel=\"noreferrer noopener\"><em>&#x66;e&#x6c;&#105;x&#x2e;&#119;&#x65;&#x6e;s&#x76;&#101;e&#x6e;&#64;&#x6d;&#101;d&#x72;&#105;&#46;&#x75;&#110;&#x69;&#114;i&#x2e;&#104;&#x72;<\/em><\/a><\/p>\n\n\n\n<ul class=\"wp-block-list\">\n<li>Asst. Prof. Marina Babi\u0107 \u010ca\u010d, PhD<\/li>\n<\/ul>\n\n\n\n<p><em>E-mail:&nbsp;<\/em><a href=\"&#x6d;&#x61;&#x69;&#108;&#116;o:&#x6d;&#x61;&#x72;&#105;&#110;a&#46;&#x62;&#x61;&#x62;&#105;&#99;&#64;u&#x6e;&#x69;&#x72;&#105;&#46;hr\"><em>&#x6d;&#x61;&#x72;&#x69;&#110;&#97;&#46;&#98;abi&#x63;&#x40;&#x75;&#x6e;&#x69;&#114;&#105;&#46;hr<\/em><\/a><\/p>\n\n\n\n<ul class=\"wp-block-list\">\n<li>Asst. Prof. Maja Lenarti\u0107, PhD<\/li>\n<\/ul>\n\n\n\n<p><em>E-mail:&nbsp;<\/em><a href=\"&#x6d;a&#x69;&#108;t&#x6f;&#58;&#x6d;&#x61;j&#x61;&#46;g&#x75;&#108;&#x69;&#110;&#64;&#x75;&#110;i&#x72;&#105;&#x2e;&#104;r\" target=\"_blank\" rel=\"noreferrer noopener\"><em>m&#97;&#106;&#x61;&#x2e;gu&#108;&#105;&#x6e;&#x40;un&#105;&#114;&#x69;&#x2e;hr<\/em><\/a><\/p>\n\n\n\n<ul class=\"wp-block-list\">\n<li>Asst. Prof. Vedrana Jelen\u010di\u0107, PhD<\/li>\n<\/ul>\n\n\n\n<p><em>E-mail:&nbsp;<\/em><a href=\"&#x6d;&#97;i&#x6c;&#116;o&#x3a;&#118;e&#x64;&#114;a&#x6e;&#97;&#46;&#x6a;&#101;l&#x65;&#110;c&#x69;&#99;&#64;&#x6d;&#101;d&#x72;&#105;&#46;&#x75;&#110;i&#x72;&#105;&#46;&#x68;&#114;\" target=\"_blank\" rel=\"noreferrer noopener\"><em>&#x76;e&#x64;&#114;&#x61;&#110;a&#x2e;j&#x65;&#108;&#x65;&#110;c&#x69;&#99;&#x40;&#109;e&#x64;r&#x69;&#46;&#x75;&#110;i&#x72;i&#x2e;&#104;&#x72;<\/em><\/a><\/p>\n\n\n\n<ul class=\"wp-block-list\">\n<li>Asst. Prof. Marko \u0160estan, DVM, PhD<\/li>\n<\/ul>\n\n\n\n<p><em>E-mail:\u00a0<\/em><a href=\"&#109;&#x61;&#105;&#x6c;&#116;&#x6f;:&#x73;e&#115;&#x74;&#97;&#x6e;&#46;&#x6d;a&#x72;k&#111;&#x40;&#109;&#x65;&#100;&#x72;&#105;&#x2e;u&#x6e;i&#114;&#x69;&#46;&#x68;&#114;\" target=\"_blank\" rel=\"noreferrer noopener\"><em><a href=\"&#x6d;&#97;i&#x6c;&#x74;&#111;:&#x6d;&#97;r&#x6b;&#x6f;&#46;s&#x65;&#115;t&#x61;&#x6e;&#64;m&#x65;&#x64;&#114;&#x69;&#x2e;&#117;n&#x69;&#x72;&#105;&#46;&#x68;&#114;\">&#109;&#x61;&#114;&#x6b;&#111;&#x2e;s&#x65;s&#x74;a&#110;&#x40;&#109;&#x65;&#100;&#x72;&#105;&#x2e;u&#x6e;i&#x72;i&#46;&#x68;&#114;<\/a><\/em><\/a><\/p>\n\n\n\n<ul class=\"wp-block-list\">\n<li>Inga Kavazovi\u0107, M.Sc., PhD<\/li>\n<\/ul>\n\n\n\n<p><em>E-mail:<\/em>&nbsp;<a href=\"&#109;&#x61;&#x69;l&#116;&#x6f;:&#105;&#x6b;&#x61;&#118;&#x61;&#x7a;o&#118;&#x69;c&#64;&#x6d;&#x65;&#100;&#x72;&#x69;&#46;&#117;&#x6e;i&#114;&#x69;&#x2e;&#104;&#x72;\" target=\"_blank\" rel=\"noreferrer noopener\"><em>&#105;&#x6b;&#97;&#x76;&#97;&#x7a;&#111;&#x76;&#105;&#x63;&#64;&#x6d;e&#x64;r&#x69;&#46;&#x75;n&#x69;r&#x69;&#46;&#104;&#x72;<\/em><\/a><\/p>\n\n\n\n<ul class=\"wp-block-list\">\n<li>Lydia Ga\u0107ina, M.Sc.<\/li>\n<\/ul>\n\n\n\n<p><em>E-mail:<\/em>\u00a0<a href=\"&#109;&#x61;i&#x6c;t&#111;&#x3a;&#108;&#x79;d&#105;&#x61;&#46;&#x67;a&#x63;&#x69;&#110;&#x61;&#64;&#x75;n&#105;&#x72;&#105;&#x2e;h&#114;\" target=\"_blank\" rel=\"noreferrer noopener\"><em>&#x6c;y&#x64;&#105;&#x61;&#46;&#x67;&#x61;c&#x69;&#110;&#x61;&#64;&#x75;&#110;i&#x72;&#105;&#x2e;&#104;&#x72;<\/em><\/a><\/p>\n\n\n\n<ul class=\"wp-block-list\">\n<li>Dora Ga\u0161parini, MD<\/li>\n<\/ul>\n\n\n\n<p><em>E-mail:&nbsp;<\/em><a href=\"&#109;&#x61;i&#108;&#x74;o&#58;&#x64;o&#114;&#x61;&#46;&#103;&#x61;&#115;&#x70;&#x61;&#114;&#x69;&#x6e;&#105;&#x40;u&#110;&#x69;r&#105;&#x2e;h&#114;\" target=\"_blank\" rel=\"noreferrer noopener\"><em>d&#111;&#x72;&#x61;&#x2e;g&#97;&#115;&#x70;&#x61;r&#105;&#110;&#x69;&#x40;un&#105;&#x72;&#x69;&#x2e;h&#114;<\/em><\/a><\/p>\n\n\n\n<ul class=\"wp-block-list\">\n<li>Vanna Im\u0161irovi\u0107, M.Sc.<\/li>\n<\/ul>\n\n\n\n<p><em>E-mail:&nbsp;<\/em><a href=\"&#109;&#x61;&#105;&#x6c;&#116;&#x6f;&#58;&#x76;&#97;&#x6e;&#110;&#x61;&#46;&#x69;m&#x73;i&#x72;o&#x76;i&#x63;&#64;&#117;&#x6e;&#105;&#x72;&#105;&#x2e;&#104;&#x72;\" target=\"_blank\" rel=\"noreferrer noopener\"><em>&#118;a&#110;n&#97;&#46;&#x69;m&#x73;i&#x72;o&#x76;i&#x63;&#64;&#x75;n&#x69;r&#x69;&#46;&#x68;r<\/em><\/a><\/p>\n\n\n\n<ul class=\"wp-block-list\">\n<li>Karlo Mladeni\u0107, M.Sc., PhD<\/li>\n<\/ul>\n\n\n\n<p><em>E-mail:&nbsp;<\/em><a href=\"&#109;&#x61;&#105;&#x6c;&#116;&#x6f;:&#x6b;a&#114;&#x6c;&#111;&#x2e;&#109;&#x6c;a&#x64;e&#110;&#x69;&#99;&#x40;&#109;&#x65;&#100;&#x72;i&#x2e;u&#110;&#x69;&#114;&#x69;&#46;&#x68;r\" target=\"_blank\" rel=\"noreferrer noopener\"><em>k&#97;&#114;&#x6c;&#x6f;&#x2e;ml&#97;&#100;&#x65;&#x6e;&#x69;c&#64;&#109;&#101;&#x64;&#x72;&#x69;&#46;&#117;&#110;&#x69;&#x72;&#x69;&#46;h&#114;<\/em><\/a><\/p>\n\n\n\n<ul class=\"wp-block-list\">\n<li>Sanja Mika\u0161inovi\u0107, M.Sc.<\/li>\n<\/ul>\n\n\n\n<p><em>E-mail:&nbsp;<\/em><a href=\"&#x6d;&#x61;&#105;&#108;t&#x6f;&#x3a;&#x73;&#97;nj&#x61;&#x2e;&#109;&#105;k&#x61;&#x73;&#x69;&#110;ov&#x69;&#x63;&#64;&#117;n&#x69;&#x72;&#x69;&#46;hr\" target=\"_blank\" rel=\"noreferrer noopener\"><em>&#x73;&#x61;&#x6e;&#x6a;&#x61;&#x2e;&#x6d;&#x69;&#x6b;&#x61;&#x73;&#x69;&#x6e;&#x6f;&#118;&#105;&#99;&#64;&#117;&#110;&#105;&#114;&#105;&#46;&#104;r<\/em><\/a><\/p>\n\n\n\n<ul class=\"wp-block-list\">\n<li><strong>Nonteaching staff<\/strong>\n<ul class=\"wp-block-list\">\n<li>Sali Slavi\u0107 Stupac, MLS<\/li>\n<\/ul>\n<\/li>\n<\/ul>\n\n\n\n<p><em>E-mail:&nbsp;<\/em><a href=\"&#x6d;&#x61;&#x69;&#x6c;&#x74;&#x6f;&#x3a;&#x73;&#x61;&#x6c;&#x69;&#x2e;&#x73;&#x74;&#x75;&#x70;&#x61;&#x63;&#x40;&#x6d;&#x65;&#x64;&#x72;&#x69;&#x2e;&#x75;&#x6e;&#x69;&#x72;&#x69;&#x2e;&#x68;&#x72;\" target=\"_blank\" rel=\"noreferrer noopener\"><em>&#115;&#x61;&#108;&#x69;&#46;&#x73;t&#x75;p&#97;&#x63;&#64;&#x6d;&#101;&#x64;r&#x69;&#46;&#117;&#x6e;&#105;&#x72;&#105;&#x2e;&#104;&#x72;<\/em><\/a><\/p>\n\n\n\n<ul class=\"wp-block-list\">\n<li>Edvard Ra\u017ei\u0107, MLS<\/li>\n<\/ul>\n\n\n\n<p><em>E-mail:&nbsp;<\/em><a href=\"&#x6d;&#x61;&#x69;&#x6c;&#x74;&#x6f;&#x3a;&#101;&#100;&#118;&#97;&#114;d&#46;ra&#x7a;&#x69;&#x63;&#x40;&#x6d;&#x65;&#x64;&#x72;&#105;&#46;&#117;&#110;&#105;ri&#46;h&#x72;\" target=\"_blank\" rel=\"noreferrer noopener\"><em>&#101;&#x64;v&#97;&#x72;d&#x2e;&#x72;&#97;&#x7a;i&#99;&#x40;m&#101;&#x64;&#114;&#x69;&#46;&#117;&#x6e;i&#114;&#x69;&#46;&#x68;&#x72;<\/em><\/a><\/p>\n\n\n\n<ul class=\"wp-block-list\">\n<li>Dijana Rumora, B.Sc.MLD<\/li>\n<\/ul>\n\n\n\n<p><em>E-mail:&nbsp;<\/em><a href=\"&#109;&#x61;&#105;&#x6c;&#116;&#x6f;&#58;&#x64;i&#x6a;a&#x6e;a&#x2e;r&#117;&#x6d;&#111;&#x72;&#97;&#x40;&#117;&#x6e;&#105;&#x72;i&#x2e;h&#x72;\" target=\"_blank\" rel=\"noreferrer noopener\"><em>&#100;&#105;&#x6a;&#x61;&#110;&#97;&#x2e;&#x72;&#117;&#109;&#x6f;&#x72;&#97;&#64;&#x75;&#x6e;&#105;&#114;&#x69;&#x2e;&#104;&#114;<\/em><\/a><\/p>\n\n\n\n<ul class=\"wp-block-list\">\n<li>Tina Rudan\u010di\u0107, B.Sc.MLD<\/li>\n<\/ul>\n\n\n\n<p><em>E-mail:&nbsp;<\/em><a href=\"&#x6d;&#97;i&#x6c;&#116;&#111;&#x3a;&#x74;&#105;n&#x61;&#46;r&#x75;&#x64;&#97;n&#x63;&#105;c&#x40;&#x6d;&#101;d&#x72;&#105;&#46;&#x75;&#x6e;&#105;r&#x69;&#46;h&#x72;\" target=\"_blank\" rel=\"noreferrer noopener\"><em>&#116;&#x69;&#x6e;a&#46;&#x72;u&#100;&#x61;&#x6e;&#99;&#x69;&#x63;&#64;&#109;&#x65;d&#114;&#x69;&#x2e;&#117;&#x6e;&#x69;r&#105;&#x2e;h&#114;<\/em><\/a><\/p>\n\n\n\n<ul class=\"wp-block-list\">\n<li>Ante Mi\u0161e, senior technician \u2013 Vivarium<\/li>\n<\/ul>\n\n\n\n<p><em>E-mail:&nbsp;<\/em><a href=\"&#109;&#x61;&#105;&#x6c;&#116;&#x6f;&#58;&#x61;n&#x74;e&#x2e;m&#x69;s&#101;&#x40;&#109;&#x65;&#100;&#x72;&#105;&#x2e;&#117;&#x6e;i&#x72;i&#x2e;h&#x72;\" target=\"_blank\" rel=\"noreferrer noopener\"><em>&#x61;&#x6e;&#116;e&#x2e;&#x6d;&#105;se&#x40;&#x6d;&#101;d&#x72;&#x69;&#46;&#117;n&#x69;&#x72;&#105;&#46;&#x68;&#x72;<\/em><\/a><\/p>\n\n\n\n<ul class=\"wp-block-list\">\n<li>Nata\u0161a Vragovi\u0107, animal care technician \u2013 Vivarium<\/li>\n<\/ul>\n\n\n\n<p><em>E-mail:&nbsp;<\/em><a href=\"ma&#105;&#108;&#116;&#x6f;&#x3a;&#x6e;&#x61;ta&#115;&#97;&#46;&#x76;&#x72;&#x61;&#x67;ov&#105;&#99;&#64;&#x6d;&#x65;&#x64;&#x72;i&#46;&#117;&#110;&#105;&#x72;&#x69;&#x2e;&#x68;r\" target=\"_blank\" rel=\"noreferrer noopener\"><em>&#110;&#x61;&#x74;&#97;&#x73;&#x61;&#46;&#x76;&#x72;&#97;&#x67;&#x6f;&#118;&#x69;&#x63;&#64;&#x6d;&#x65;&#100;&#x72;&#x69;&#46;&#x75;&#x6e;&#105;&#x72;&#x69;&#46;&#x68;&#x72;<\/em><\/a><\/p>\n\n\n\n<ul class=\"wp-block-list\">\n<li>Mihaela Ga\u0161parevi\u0107, assistant technical associate \u2013 Vivarium<\/li>\n<\/ul>\n\n\n\n<p><em>E-mail:&nbsp;<\/em><a href=\"&#x6d;a&#x69;&#108;t&#x6f;&#58;&#x6d;&#x69;h&#x61;&#101;l&#x61;&#46;&#x7a;&#97;m&#x75;&#100;a&#x40;&#117;&#x6e;&#105;r&#x69;&#46;&#x68;&#x72;\" target=\"_blank\" rel=\"noreferrer noopener\"><em>&#109;i&#x68;a&#x65;l&#x61;&#46;&#x7a;a&#x6d;u&#x64;&#97;&#x40;&#117;&#x6e;&#105;&#x72;&#105;&#x2e;&#104;&#x72;<\/em><\/a><\/p>\n\n\n\n<ul class=\"wp-block-list\">\n<li>Andrej Rumora, technical associate \u2013 Vivarium<\/li>\n<\/ul>\n\n\n\n<p><em>E-mail:\u00a0<\/em><a href=\"&#109;&#x61;&#105;&#x6c;&#116;&#x6f;:&#x61;n&#100;&#x72;&#101;&#x6a;&#46;&#x72;u&#x6d;o&#114;&#x61;&#64;&#x6d;&#101;&#x64;&#114;&#x69;&#46;&#x75;n&#105;&#x72;&#105;&#x2e;&#104;&#x72;\" target=\"_blank\" rel=\"noreferrer noopener\"><em>&#97;&#x6e;&#x64;&#114;&#x65;&#x6a;&#46;&#x72;&#x75;m&#111;&#x72;a&#64;&#x6d;e&#100;&#x72;i&#46;&#x75;n&#105;&#x72;&#x69;&#46;&#x68;&#x72;<\/em><\/a><\/p>\n\n\n\n<ul class=\"wp-block-list\">\n<li>Tin Stuli\u0107, technical associate \u2013 Vivarium<\/li>\n<\/ul>\n\n\n\n<p><em>E-mail:\u00a0<a href=\"mail&#116;&#111;&#58;&#116;&#105;&#110;&#46;&#x73;&#x74;&#x75;&#x6c;&#x69;&#x63;&#x40;&#x6d;&#x65;dri&#46;&#117;&#110;&#105;&#114;&#105;&#46;&#104;&#x72;\">&#116;i&#x6e;&#46;&#x73;t&#x75;l&#x69;&#99;&#x40;&#109;&#x65;&#100;&#x72;&#105;&#46;&#117;n&#x69;r&#x69;&#46;&#x68;&#114;<\/a><\/em><\/p>\n\n\n\n<ul class=\"wp-block-list\">\n<li>Lidija Jugovac, M.Sc. \u2013 Administrative Secretary<\/li>\n<\/ul>\n\n\n\n<p><em>E-mail:&nbsp;<\/em><a href=\"&#109;&#x61;i&#x6c;&#x74;&#111;&#x3a;l&#x69;&#x64;&#105;&#x6a;a&#x2e;&#x6b;&#97;&#x72;i&#x6e;&#x6a;&#97;&#x40;m&#x65;&#x64;&#114;&#x69;&#46;&#x75;&#x6e;&#105;&#x72;i&#x2e;&#x68;&#114;\" target=\"_blank\" rel=\"noreferrer noopener\"><em>&#108;&#x69;d&#105;&#x6a;a&#46;&#x6b;a&#114;&#x69;n&#106;&#x61;&#64;&#x75;&#x6e;&#105;&#x72;&#x69;&#46;&#x68;r<\/em><\/a><\/p>\n","protected":false},"excerpt":{"rendered":"<p>Department of Histology and EmbryologyFaculty of Medicine in RijekaBra\u0107e Branchetta 20, 51000 RijekaPhone: +385 (0)51 651 170 Contact Department Head:Prof.&nbsp;Bojan Poli\u0107, MD, PhD (tenure)E-mail:&nbsp;&#x62;&#111;j&#x61;&#x6e;&#46;p&#x6f;&#x6c;&#105;c&#x40;&#117;n&#x69;&#x72;&#105;&#46;&#x68;&#x72;Phone: +385(0)51 651 206 Department Secretary:Lidija Jugovac, M.Sc.E-mail:&nbsp;&#x6c;&#x69;&#x64;&#x69;&#x6a;&#x61;&#x2e;&#x6b;&#x61;&#x72;&#x69;&#x6e;&#x6a;&#x61;&#x40;&#x75;&#x6e;&#x69;&#x72;&#x69;&#x2e;&#x68;&#x72;Phone: +385 (0)51 651 170 Department Office \u2013 Monday\u2013Friday from 1 pm to 3 pm Staff E-mail:&nbsp;&#x62;&#111;j&#x61;&#x6e;&#46;p&#x6f;&#108;i&#x63;&#x40;&#117;n&#x69;&#114;i&#x2e;&#x68;&#114; E-mail:\u00a0&#97;&#x73;t&#x72;&#x69;&#100;&#x2e;k&#x72;&#x6d;&#112;&#x6f;t&#x69;&#x63;&#64;&#x6d;e&#x64;&#x72;&#105;&#x2e;u&#x6e;&#x69;&#114;&#x69;&#46;&#x68;&#x72; E-mail:&nbsp;&#x6a;&#x65;&#x6c;&#x65;&#110;&#97;&#46;&#116;oma&#x63;&#x40;&#x6d;&#x65;&#x64;&#114;&#105;&#46;uni&#x72;&#x69;&#x2e;&#x68;&#x72; E-mail:&nbsp;&#102;&#x65;&#108;&#x69;&#120;&#x2e;w&#x65;n&#115;&#x76;&#101;&#x65;&#110;&#x40;m&#x65;d&#114;&#x69;&#46;&#x75;&#110;&#x69;&#114;&#x69;&#46;&#x68;r E-mail:&nbsp;&#x6d;&#x61;&#x72;&#x69;&#x6e;&#x61;&#x2e;&#x62;&#x61;&#x62;&#x69;&#99;&#64;&#117;&#110;&#105;&#114;&#105;&#46;hr E-mail:&nbsp;&#x6d;&#x61;&#x6a;&#x61;&#46;&#103;&#117;li&#x6e;&#x40;&#x75;&#x6e;&#x69;&#114;&#105;&#46;hr E-mail:&nbsp;&#x76;&#x65;&#x64;&#x72;&#97;&#110;a&#46;j&#x65;&#x6c;&#x65;&#x6e;&#99;&#105;c&#64;m&#x65;&#x64;&#x72;&#x69;&#46;&#117;&#110;ir&#x69;&#x2e;&#x68;&#x72; E-mail:\u00a0&#x6d;&#x61;&#x72;&#x6b;&#x6f;&#x2e;&#x73;&#x65;&#x73;&#x74;&#x61;&#x6e;&#x40;&#x6d;&#101;&#100;&#114;&#105;&#46;&#117;&#110;&#105;&#114;&#105;&#46;hr E-mail:&nbsp;i&#107;&#x61;&#x76;&#x61;z&#111;&#118;&#x69;&#x63;&#64;&#109;&#101;&#x64;&#x72;i&#46;&#117;&#x6e;&#x69;&#x72;i&#46;&#x68;&#x72; [&hellip;]<\/p>\n","protected":false},"author":4,"featured_media":0,"parent":13205,"menu_order":9,"comment_status":"closed","ping_status":"closed","template":"","meta":{"_acf_changed":false,"ub_ctt_via":"","footnotes":""},"class_list":["post-13221","page","type-page","status-publish","hentry"],"acf":[],"featured_image_src":null,"_links":{"self":[{"href":"https:\/\/medri.uniri.hr\/en\/wp-json\/wp\/v2\/pages\/13221","targetHints":{"allow":["GET"]}}],"collection":[{"href":"https:\/\/medri.uniri.hr\/en\/wp-json\/wp\/v2\/pages"}],"about":[{"href":"https:\/\/medri.uniri.hr\/en\/wp-json\/wp\/v2\/types\/page"}],"author":[{"embeddable":true,"href":"https:\/\/medri.uniri.hr\/en\/wp-json\/wp\/v2\/users\/4"}],"replies":[{"embeddable":true,"href":"https:\/\/medri.uniri.hr\/en\/wp-json\/wp\/v2\/comments?post=13221"}],"version-history":[{"count":7,"href":"https:\/\/medri.uniri.hr\/en\/wp-json\/wp\/v2\/pages\/13221\/revisions"}],"predecessor-version":[{"id":22036,"href":"https:\/\/medri.uniri.hr\/en\/wp-json\/wp\/v2\/pages\/13221\/revisions\/22036"}],"up":[{"embeddable":true,"href":"https:\/\/medri.uniri.hr\/en\/wp-json\/wp\/v2\/pages\/13205"}],"wp:attachment":[{"href":"https:\/\/medri.uniri.hr\/en\/wp-json\/wp\/v2\/media?parent=13221"}],"curies":[{"name":"wp","href":"https:\/\/api.w.org\/{rel}","templated":true}]}}