{"id":13230,"date":"2021-05-27T11:55:05","date_gmt":"2021-05-27T09:55:05","guid":{"rendered":"https:\/\/medri.uniri.hr\/?page_id=13230"},"modified":"2023-02-07T10:01:50","modified_gmt":"2023-02-07T08:01:50","slug":"maxillofacial-surgery","status":"publish","type":"page","link":"https:\/\/medri.uniri.hr\/en\/faculty\/organisational-units\/departments\/maxillofacial-surgery\/","title":{"rendered":"Maxillofacial Surgery"},"content":{"rendered":"\n<p><strong>Department of Maxillofacial Surgery&nbsp;<\/strong><\/p>\n\n\n\n<p>Clinical Hospital Centre Rijeka<\/p>\n\n\n\n<p>Tome Stri\u017ei\u0107a 3, 51000 Rijeka&nbsp;<br>Phone: +385 (0)51 218 279&nbsp;<\/p>\n\n\n\n<p>Contact<\/p>\n\n\n\n<p><strong>Department Head:<br><\/strong>Assoc. Prof.&nbsp;<strong>Margita Belu\u0161i\u0107-Gobi\u0107<\/strong>, MD, PhD&nbsp;<br><em>E-mail:&nbsp;<\/em><a href=\"&#109;&#x61;&#105;&#x6c;t&#111;&#x3a;&#109;&#x61;r&#x67;i&#116;&#x61;&#98;&#x67;&#64;&#x6d;&#x65;&#100;&#x72;i&#x2e;u&#110;&#x69;&#114;&#x69;&#46;&#x68;r\" target=\"_blank\" rel=\"noreferrer noopener\"><em>&#x6d;&#97;r&#x67;&#105;t&#x61;&#98;g&#x40;&#109;e&#x64;&#114;i&#x2e;&#x75;n&#x69;&#x72;&#105;&#x2e;&#x68;&#114;<\/em><\/a><em>&nbsp;<\/em><br><em>Phone: +385 (0)51 218 279&nbsp;<\/em><\/p>\n\n\n\n<p><strong>Department Secretary:<\/strong><br><strong>Irma Dizdarevi\u0107 Jer\u010dinovi\u0107<\/strong>, M.Ec.<br><em>E-mail:&nbsp;<\/em><a href=\"&#109;&#x61;i&#x6c;&#x74;&#111;&#x3a;i&#x72;&#x6d;&#97;&#x2e;d&#x69;&#x7a;&#100;&#x61;r&#x65;&#x76;&#105;&#x63;&#64;&#x75;&#x6e;&#105;&#x72;i&#x2e;&#x68;&#114;\" target=\"_blank\" rel=\"noreferrer noopener\"><em>i&#114;&#x6d;&#x61;&#46;&#100;&#x69;&#x7a;d&#97;&#114;&#x65;&#x76;i&#99;&#x40;&#x75;n&#105;&#x72;&#x69;&#46;&#104;&#114;<\/em><\/a><\/p>\n\n\n\n<ul class=\"wp-block-list\"><li>Office hours for students:<\/li><\/ul>\n\n\n\n<p>Department Office \u2013 Wednesday and Friday from 11 am to 1 pm<\/p>\n\n\n\n<p>Staff<\/p>\n\n\n\n<ul class=\"wp-block-list\"><li><strong>Department Head<\/strong><ul><li>Assoc. Prof. Margita Belu\u0161i\u0107-Gobi\u0107, MD, PhD&nbsp;<br><em>E-mail:&nbsp;<\/em><a href=\"&#x6d;a&#x69;l&#x74;&#111;&#x3a;&#109;a&#x72;g&#x69;&#116;&#x61;&#98;&#x67;&#64;m&#x65;d&#x72;&#105;&#x2e;&#117;&#x6e;&#x69;r&#x69;&#46;&#x68;&#114;\" target=\"_blank\" rel=\"noreferrer noopener\"><em>&#109;&#x61;&#114;&#x67;&#105;&#x74;&#97;&#x62;&#103;&#x40;&#109;&#x65;d&#x72;i&#x2e;u&#x6e;i&#x72;i&#x2e;h&#114;<\/em><\/a><em>&nbsp;<\/em><\/li><\/ul><\/li><li><strong>Teaching staff<\/strong><ul><li>Assoc. Prof. Robert Cerovi\u0107, MD, PhD<\/li><\/ul><\/li><\/ul>\n\n\n\n<p><em>E-mail:&nbsp;<\/em><a href=\"&#109;&#x61;&#x69;l&#116;&#x6f;&#x3a;r&#111;&#x62;e&#114;&#x74;&#x2e;c&#101;&#x72;o&#118;&#x69;&#x63;&#64;&#117;&#x6e;&#x69;&#114;&#x69;&#x2e;h&#114;\" target=\"_blank\" rel=\"noreferrer noopener\"><em>&#114;&#x6f;b&#101;&#x72;t&#x2e;&#x63;&#101;&#x72;o&#118;&#x69;c&#64;&#x75;&#110;&#x69;r&#105;&#x2e;h&#114;<\/em><\/a>&nbsp;<\/p>\n\n\n\n<ul class=\"wp-block-list\"><li>Harmicar David, MD<\/li><\/ul>\n\n\n\n<p><em>E-mail:&nbsp;<\/em><a href=\"&#x6d;&#x61;&#105;lt&#x6f;&#x3a;&#100;&#97;v&#x69;&#x64;&#46;&#104;a&#x72;&#x6d;&#x69;&#99;ar&#x40;&#x75;&#110;&#105;r&#x69;&#x2e;&#104;&#114;\" target=\"_blank\" rel=\"noreferrer noopener\"><em>&#x64;a&#x76;&#105;&#x64;&#x2e;h&#x61;&#114;&#x6d;&#x69;c&#x61;&#114;&#x40;&#x75;n&#x69;&#114;&#x69;&#x2e;h&#x72;<\/em><\/a>&nbsp;<\/p>\n\n\n\n<ul class=\"wp-block-list\"><li>Zubovi\u0107 Arijan, MD<\/li><\/ul>\n\n\n\n<p><em>E-mail:&nbsp;<\/em><a href=\"&#x6d;a&#x69;&#108;t&#x6f;&#58;&#x61;&#x72;i&#x6a;&#97;n&#x2e;&#122;&#x75;&#98;o&#x76;&#105;c&#x40;&#117;&#x6e;&#105;r&#x69;&#46;&#x68;&#x72;\" target=\"_blank\" rel=\"noreferrer noopener\"><em>&#x61;r&#x69;&#106;&#x61;&#110;&#46;&#x7a;u&#x62;&#111;&#x76;&#105;c&#x40;&#117;&#x6e;&#105;r&#x69;&#46;&#x68;&#114;<\/em><\/a>&nbsp;<\/p>\n\n\n\n<ul class=\"wp-block-list\"><li>External associates&nbsp;<ul><li>Rogi\u0107 Mate, MD<\/li><\/ul><\/li><\/ul>\n\n\n\n<p><em>E-mail:&nbsp;<\/em><a href=\"&#109;&#x61;i&#108;&#x74;o&#58;&#x6d;a&#116;&#x65;r&#111;&#x67;i&#99;&#x37;6&#64;&#x67;m&#97;&#x69;l&#46;&#x63;o&#109;\" target=\"_blank\" rel=\"noreferrer noopener\"><em>&#109;&#x61;&#x74;e&#114;&#x6f;g&#105;&#x63;&#x37;6&#64;&#x67;m&#97;&#x69;&#x6c;&#46;&#99;&#x6f;m<\/em><\/a><em>&nbsp;<\/em><\/p>\n\n\n\n<ul class=\"wp-block-list\"><li>Vuli\u0107 Luka, MD<\/li><\/ul>\n\n\n\n<p><em>E-mail:&nbsp;<\/em><a href=\"&#x6d;a&#x69;&#108;&#x74;&#111;&#x3a;&#x6c;l&#x75;&#107;&#x61;&#46;&#x76;&#117;l&#x69;&#99;&#x40;&#103;&#x6d;&#97;i&#x6c;&#46;&#x63;&#111;&#x6d;\" target=\"_blank\" rel=\"noreferrer noopener\"><em>&#x6c;&#x6c;&#117;k&#x61;&#x2e;&#x76;&#117;l&#x69;&#x63;&#x40;&#103;m&#x61;&#x69;&#x6c;&#46;c&#x6f;&#x6d;<\/em><\/a>&nbsp;<\/p>\n\n\n\n<ul class=\"wp-block-list\"><li><strong>Nonteaching staff<\/strong><ul><li>Irma Dizdarevi\u0107 Jer\u010dinovi\u0107, M.Ec. \u2013 Administrative Secretary<\/li><\/ul><\/li><\/ul>\n\n\n\n<p><em>E-mail:<\/em> <a href=\"&#109;&#x61;&#105;&#x6c;&#116;&#x6f;:&#x69;r&#x6d;a&#46;&#x64;&#105;&#x7a;&#100;&#x61;&#114;&#x65;v&#x69;c&#x40;u&#110;&#x69;&#114;&#x69;&#46;&#x68;&#114;\" target=\"_blank\" rel=\"noreferrer noopener\"><em>&#x69;r&#x6d;&#97;&#46;&#x64;&#105;&#x7a;&#x64;a&#x72;&#101;v&#x69;&#99;&#x40;&#117;n&#x69;&#114;i&#x2e;&#104;&#x72;<\/em><\/a><\/p>\n","protected":false},"excerpt":{"rendered":"<p>Department of Maxillofacial Surgery&nbsp; Clinical Hospital Centre Rijeka Tome Stri\u017ei\u0107a 3, 51000 Rijeka&nbsp;Phone: +385 (0)51 218 279&nbsp; Contact Department Head:Assoc. Prof.&nbsp;Margita Belu\u0161i\u0107-Gobi\u0107, MD, PhD&nbsp;E-mail:&nbsp;&#x6d;&#x61;&#114;&#103;it&#x61;&#x62;&#x67;&#64;me&#x64;&#x72;&#x69;&#46;&#117;n&#x69;&#x72;&#x69;&#46;&#104;r&nbsp;Phone: +385 (0)51 218 279&nbsp; Department Secretary:Irma Dizdarevi\u0107 Jer\u010dinovi\u0107, M.Ec.E-mail:&nbsp;&#x69;&#x72;&#x6d;&#x61;&#x2e;&#x64;&#x69;&#x7a;&#x64;&#x61;&#x72;&#x65;&#x76;&#x69;&#x63;&#x40;&#x75;&#x6e;&#x69;&#x72;&#x69;&#x2e;&#104;&#114; Office hours for students: Department Office \u2013 Wednesday and Friday from 11 am to 1 pm Staff Department Head Assoc. Prof. Margita [&hellip;]<\/p>\n","protected":false},"author":4,"featured_media":0,"parent":13205,"menu_order":13,"comment_status":"closed","ping_status":"closed","template":"","meta":{"_acf_changed":false,"ub_ctt_via":"","footnotes":""},"class_list":["post-13230","page","type-page","status-publish","hentry"],"acf":[],"featured_image_src":null,"_links":{"self":[{"href":"https:\/\/medri.uniri.hr\/en\/wp-json\/wp\/v2\/pages\/13230","targetHints":{"allow":["GET"]}}],"collection":[{"href":"https:\/\/medri.uniri.hr\/en\/wp-json\/wp\/v2\/pages"}],"about":[{"href":"https:\/\/medri.uniri.hr\/en\/wp-json\/wp\/v2\/types\/page"}],"author":[{"embeddable":true,"href":"https:\/\/medri.uniri.hr\/en\/wp-json\/wp\/v2\/users\/4"}],"replies":[{"embeddable":true,"href":"https:\/\/medri.uniri.hr\/en\/wp-json\/wp\/v2\/comments?post=13230"}],"version-history":[{"count":2,"href":"https:\/\/medri.uniri.hr\/en\/wp-json\/wp\/v2\/pages\/13230\/revisions"}],"predecessor-version":[{"id":13668,"href":"https:\/\/medri.uniri.hr\/en\/wp-json\/wp\/v2\/pages\/13230\/revisions\/13668"}],"up":[{"embeddable":true,"href":"https:\/\/medri.uniri.hr\/en\/wp-json\/wp\/v2\/pages\/13205"}],"wp:attachment":[{"href":"https:\/\/medri.uniri.hr\/en\/wp-json\/wp\/v2\/media?parent=13230"}],"curies":[{"name":"wp","href":"https:\/\/api.w.org\/{rel}","templated":true}]}}