{"id":13232,"date":"2021-05-27T11:55:40","date_gmt":"2021-05-27T09:55:40","guid":{"rendered":"https:\/\/medri.uniri.hr\/?page_id=13232"},"modified":"2023-11-06T15:37:06","modified_gmt":"2023-11-06T13:37:06","slug":"medical-biology-and-genetics","status":"publish","type":"page","link":"https:\/\/medri.uniri.hr\/en\/faculty\/organisational-units\/departments\/medical-biology-and-genetics\/","title":{"rendered":"Medical Biology and Genetics"},"content":{"rendered":"\n<p><strong>Department of Medical Biology and Genetics<\/strong><\/p>\n\n\n\n<p>Faculty of Medicine in Rijeka<br>Bra\u0107e Branchetta 20, 51000 Rijeka<br>Phone: +385 (0)51 651 131<br>Fax: +385 (0)51 678 896<\/p>\n\n\n\n<p>Contact<\/p>\n\n\n\n<p><strong>Department Head:<br><\/strong>Prof.\u00a0<strong>Sa\u0161a Ostoji\u0107<\/strong>, MD, PhD (tenure)<br><em>E-mail:\u00a0<\/em><a rel=\"noreferrer noopener\" href=\"&#x6d;&#97;&#x69;&#x6c;t&#x6f;&#58;s&#x61;&#115;a&#x2e;&#111;&#x73;&#x74;o&#x6a;&#105;c&#x40;&#109;e&#x64;&#114;&#x69;&#x2e;&#117;&#x6e;&#x69;r&#x69;&#46;h&#x72;\" target=\"_blank\"><em>sas&#97;&#46;&#111;&#x73;&#x74;&#x6f;&#x6a;&#x69;&#x63;&#64;me&#100;&#114;&#105;&#46;&#x75;&#x6e;&#x69;&#x72;&#x69;&#x2e;hr<\/em><\/a><\/p>\n\n\n\n<p><strong>Department Secretary:<br>Andrea \u0160i\u017egori\u0107<br><\/strong><em>E-mail:&nbsp;<\/em><a rel=\"noreferrer noopener\" href=\"m&#97;&#x69;&#x6c;&#x74;o&#58;&#106;&#x61;&#x73;n&#97;&#46;&#x67;&#x6c;az&#97;&#x72;&#x40;&#x6d;e&#100;&#x72;&#x69;&#x2e;u&#110;&#105;&#x72;&#x69;&#46;&#104;&#114;\" target=\"_blank\"><em>an&#100;&#114;&#101;&#97;&#x2e;&#x73;&#x69;&#x7a;&#x67;or&#105;&#99;&#64;&#109;&#x65;&#x64;&#x72;&#x69;&#x2e;un&#105;&#114;&#105;&#46;&#x68;&#x72;<\/em><\/a><\/p>\n\n\n\n<ul class=\"wp-block-list\">\n<li>Office hours for students:<\/li>\n<\/ul>\n\n\n\n<p>Department Office \u2013 Monday\u2013Friday from 11 am to 1 pm<\/p>\n\n\n\n<p>Staff<\/p>\n\n\n\n<div class=\"wp-block-group is-layout-constrained wp-block-group-is-layout-constrained\">\n<ul class=\"wp-block-list\">\n<li><strong>Department Head<\/strong><\/li>\n\n\n\n<li>Prof. Sa\u0161a Ostoji\u0107, MD, PhD (tenure)\n<ul class=\"wp-block-list\">\n<li><em>E-mail:\u00a0<\/em><a rel=\"noreferrer noopener\" href=\"&#x6d;&#x61;&#x69;&#x6c;&#x74;&#x6f;&#x3a;&#x73;&#x61;&#x73;&#x61;&#x2e;&#x6f;&#x73;&#x74;&#x6f;&#x6a;&#x69;&#x63;&#x40;&#x6d;&#x65;&#100;&#114;&#105;&#46;&#117;&#110;&#105;&#114;&#105;&#46;&#104;&#114;\" target=\"_blank\"><em>&#x73;&#x61;&#115;&#97;&#46;&#x6f;&#x73;&#x74;&#111;ji&#x63;&#x40;&#109;&#101;d&#x72;&#x69;&#x2e;&#117;ni&#x72;&#x69;&#46;&#104;r<\/em><\/a><\/li>\n<\/ul>\n<\/li>\n\n\n\n<li>Prof. Smiljana Risti\u0107, PhD (tenure)\n<ul class=\"wp-block-list\">\n<li><em>E-mail:\u00a0<\/em><a rel=\"noreferrer noopener\" href=\"&#x6d;a&#x69;&#108;&#x74;&#111;&#x3a;&#x73;m&#x69;&#108;&#x6a;&#97;&#x6e;&#97;&#46;&#x72;&#105;&#x73;&#116;&#x69;&#99;&#64;&#x6d;&#101;&#x64;&#114;&#x69;&#46;u&#x6e;i&#x72;&#105;&#x2e;&#104;r\" target=\"_blank\"><em>&#x73;m&#x69;&#108;&#x6a;&#x61;n&#x61;&#46;&#x72;&#x69;s&#x74;&#105;&#x63;&#x40;m&#x65;&#100;&#x72;&#x69;&#46;&#x75;&#110;&#x69;&#x72;i&#x2e;&#104;&#x72;<\/em><\/a><\/li>\n<\/ul>\n<\/li>\n\n\n\n<li>Prof. Alena Bureti\u0107-Tomljanovi\u0107, PhD (tenure)\n<ul class=\"wp-block-list\">\n<li><em>E-mail:\u00a0<\/em><a rel=\"noreferrer noopener\" href=\"&#109;&#x61;&#x69;&#108;&#x74;&#x6f;:&#x61;&#x6c;e&#110;&#x61;b&#116;&#x40;m&#101;&#x64;r&#105;&#x2e;u&#110;&#x69;&#x72;&#105;&#x2e;&#x68;&#114;\" target=\"_blank\"><em>a&#108;&#101;&#x6e;&#x61;b&#116;&#64;&#x6d;&#x65;&#x64;r&#105;&#46;&#x75;&#x6e;ir&#105;&#x2e;&#x68;&#x72;<\/em><\/a><\/li>\n<\/ul>\n<\/li>\n\n\n\n<li>Assoc. Prof. Nada Star\u010devi\u0107 \u010cizmarevi\u0107, PhD\n<ul class=\"wp-block-list\">\n<li><em>E-mail:\u00a0<\/em><a rel=\"noreferrer noopener\" href=\"&#109;&#x61;&#105;&#x6c;&#116;&#x6f;&#58;&#x6e;&#97;&#x64;&#97;&#x73;&#99;&#x40;&#109;&#x65;&#100;&#x72;&#105;&#x2e;&#117;&#x6e;&#105;&#x72;&#105;&#x2e;h&#x72;\" target=\"_blank\"><em>&#x6e;&#97;d&#x61;&#115;&#99;&#x40;&#x6d;&#101;d&#x72;&#105;&#46;&#x75;&#x6e;&#105;r&#x69;&#46;h&#x72;<\/em><\/a><\/li>\n<\/ul>\n<\/li>\n\n\n\n<li>Assoc. Prof. Jadranka Vranekovi\u0107, PhD\n<ul class=\"wp-block-list\">\n<li><em>E-mail:\u00a0<\/em><a rel=\"noreferrer noopener\" href=\"&#x6d;&#97;i&#x6c;&#x74;&#111;:&#x6a;&#x61;&#100;r&#x61;&#x6e;&#107;a&#x2e;&#x76;&#114;a&#x6e;&#101;&#107;o&#x76;&#105;c&#x40;&#x6d;&#101;d&#x72;&#x69;&#46;u&#x6e;&#x69;&#114;i&#x2e;&#x68;&#114;\" target=\"_blank\"><em>&#106;a&#x64;r&#x61;n&#x6b;&#97;&#x2e;&#118;&#x72;&#97;n&#x65;k&#x6f;v&#x69;&#99;&#x40;&#109;&#x65;&#100;&#x72;&#105;&#46;&#x75;n&#x69;r&#x69;&#46;&#x68;&#114;<\/em><\/a><\/li>\n<\/ul>\n<\/li>\n\n\n\n<li>Assoc. Prof. Nina Pereza, MD, PhD\n<ul class=\"wp-block-list\">\n<li><em>E-mail:\u00a0<\/em><a rel=\"noreferrer noopener\" href=\"mai&#108;&#116;&#111;&#58;&#x6e;&#x69;&#x6e;&#x61;&#x2e;&#x70;&#x65;rez&#97;&#64;&#109;&#101;&#100;&#x72;&#x69;&#x2e;&#x75;&#x6e;&#x69;ri&#46;h&#114;\" target=\"_blank\"><em>&#110;&#105;&#x6e;a&#46;&#x70;&#x65;r&#101;&#x7a;&#x61;&#64;&#109;&#x65;d&#114;&#x69;&#x2e;u&#110;&#x69;&#x72;i&#46;&#x68;r<\/em><\/a><\/li>\n<\/ul>\n<\/li>\n\n\n\n<li>Asst. Prof. Sanja Devi\u0107 Pavli\u0107, M.Sc., PhD\n<ul class=\"wp-block-list\">\n<li><em>E-mail:\u00a0<\/em><a rel=\"noreferrer noopener\" href=\"&#x6d;&#97;i&#x6c;&#116;o&#x3a;&#115;a&#x6e;&#106;a&#x2e;&#100;e&#x76;&#105;c&#x40;&#109;e&#x64;&#114;i&#x2e;&#117;n&#x69;&#114;i&#x2e;&#104;r\" target=\"_blank\"><em>s&#97;&#x6e;&#x6a;&#x61;&#46;&#100;&#x65;&#x76;&#x69;c&#64;&#x6d;&#x65;&#x64;r&#105;&#x2e;&#x75;&#x6e;i&#114;&#x69;&#x2e;&#x68;r<\/em><\/a><\/li>\n<\/ul>\n<\/li>\n\n\n\n<li>Teaching Assistant Tea Mladeni\u0107, M.Sc.\n<ul class=\"wp-block-list\">\n<li><em>E-mail:\u00a0<\/em><a rel=\"noreferrer noopener\" href=\"&#109;a&#105;l&#116;o&#x3a;t&#x65;a&#x2e;m&#x6c;a&#x64;e&#x6e;i&#x63;&#64;&#x6d;e&#x64;r&#x69;&#46;&#x75;&#110;&#x69;&#114;&#x69;&#46;&#x68;&#114;\" target=\"_blank\"><em>&#116;&#x65;&#97;&#x2e;m&#x6c;a&#100;&#x65;&#110;&#x69;&#99;&#x40;m&#x65;d&#114;&#x69;&#46;&#x75;n&#x69;r&#x69;&#x2e;&#104;&#x72;<\/em><\/a><\/li>\n<\/ul>\n<\/li>\n\n\n\n<li>Prof. Emerit. Miljenko Kapovi\u0107, MD, PhD\n<ul class=\"wp-block-list\">\n<li><em>E-mail:<\/em>\u00a0<a rel=\"noreferrer noopener\" href=\"&#x6d;&#97;i&#x6c;&#116;o&#x3a;&#x6d;&#105;&#x6c;&#x6a;&#101;n&#x6b;&#111;&#46;&#x6b;&#x61;&#112;&#x6f;&#x76;&#105;c&#x40;&#109;e&#x64;&#x72;&#105;&#x2e;&#x75;&#110;i&#x72;&#105;&#46;&#x68;&#x72;\" target=\"_blank\"><em>m&#105;&#108;&#x6a;&#x65;nk&#111;&#46;&#x6b;&#x61;po&#118;&#105;&#x63;&#x40;me&#100;&#x72;&#x69;&#x2e;u&#110;&#105;&#x72;&#x69;&#x2e;h&#114;<\/em><\/a><\/li>\n<\/ul>\n<\/li>\n\n\n\n<li>Prof. Dragan Primorac, MD, PhD (nominal title)\n<ul class=\"wp-block-list\">\n<li><em>E-mail:\u00a0<\/em><a rel=\"noreferrer noopener\" href=\"&#x6d;&#x61;&#x69;&#x6c;&#x74;&#x6f;&#x3a;&#x64;&#x72;&#x61;&#x67;&#x61;&#x6e;&#x70;&#x72;&#x69;&#x6d;&#x6f;&#x72;&#x61;&#x63;&#x32;&#x40;&#x67;&#x6d;&#x61;&#x69;&#x6c;&#x2e;&#x63;&#x6f;&#x6d;\" target=\"_blank\"><em>&#100;&#x72;&#x61;g&#97;&#x6e;&#x70;r&#105;&#x6d;o&#114;&#x61;&#x63;2&#64;&#x67;m&#97;&#x69;&#x6c;&#46;&#99;&#x6f;&#x6d;<\/em><\/a><\/li>\n<\/ul>\n<\/li>\n\n\n\n<li>Prof. Borut Peterlin, MD, PhD (visiting professor)\n<ul class=\"wp-block-list\">\n<li><em>E-mail:\u00a0<\/em><a rel=\"noreferrer noopener\" href=\"&#x6d;a&#x69;&#108;t&#x6f;&#58;&#x62;&#x6f;r&#x75;&#116;&#46;&#x70;&#101;&#x74;&#101;r&#x6c;&#105;n&#x40;&#103;&#x75;&#101;s&#x74;&#46;&#x61;&#x72;n&#x65;&#115;&#46;&#x73;&#105;\" target=\"_blank\"><em>&#x62;&#111;&#x72;&#117;t&#x2e;&#112;e&#x74;&#101;&#x72;&#x6c;i&#x6e;&#64;g&#x75;&#101;&#x73;&#x74;&#46;&#x61;&#114;n&#x65;&#115;&#46;&#x73;&#105;<\/em><\/a><\/li>\n<\/ul>\n<\/li>\n<\/ul>\n\n\n\n<ul class=\"wp-block-list\">\n<li><strong>Nonteaching staff<\/strong><\/li>\n\n\n\n<li>Davorka Mi\u0161kulin \u2013 Laboratory Technician\n<ul class=\"wp-block-list\">\n<li><em>E-mail:\u00a0<a rel=\"noreferrer noopener\" href=\"&#109;a&#x69;l&#x74;&#111;&#x3a;&#100;&#x61;&#118;o&#x72;k&#x61;&#46;&#x6d;&#105;&#x73;&#107;&#x75;&#108;i&#x6e;&#64;&#x6d;&#101;&#x64;&#114;&#x69;&#46;u&#x6e;i&#x72;&#105;&#x2e;&#104;&#x72;\" target=\"_blank\">&#100;&#x61;&#x76;o&#114;&#x6b;a&#46;&#x6d;&#x69;s&#107;&#x75;l&#105;&#x6e;&#x40;m&#101;&#x64;r&#105;&#x2e;&#x75;&#110;&#105;&#x72;i&#46;&#x68;&#x72;<\/a><\/em><\/li>\n<\/ul>\n<\/li>\n\n\n\n<li>Goranka Brklja\u010da \u2013 Laboratory Technician\n<ul class=\"wp-block-list\">\n<li><em>E-mail:\u00a0<\/em><a rel=\"noreferrer noopener\" href=\"&#109;a&#x69;l&#x74;o&#x3a;g&#x6f;&#114;&#x61;&#110;&#x6b;&#97;&#x2e;&#98;r&#107;l&#x6a;a&#x63;a&#x40;&#109;&#x65;&#100;&#x72;&#105;&#x2e;&#117;&#x6e;&#105;r&#105;&#46;&#x68;r\" target=\"_blank\"><em>goranka&#46;brkljaca&#64;medri&#46;u&#110;&#105;&#114;&#105;&#46;&#104;&#114;<\/em><\/a><\/li>\n<\/ul>\n<\/li>\n\n\n\n<li>\u017deljka Superina, M.Sc.MLD\n<ul class=\"wp-block-list\">\n<li><em>E-mail:\u00a0<\/em><a rel=\"noreferrer noopener\" href=\"&#x6d;&#x61;&#x69;&#x6c;&#x74;&#x6f;&#x3a;&#x7a;&#x65;&#x6c;&#x6a;&#x6b;&#x61;&#x2e;&#115;&#117;&#112;&#101;&#114;&#105;&#110;&#97;&#64;&#109;&#101;dri&#46;unir&#x69;&#x2e;&#x68;&#x72;\" target=\"_blank\"><em>&#x7a;&#101;l&#x6a;&#107;&#97;&#x2e;&#x73;&#117;p&#x65;&#114;i&#x6e;&#x61;&#64;m&#x65;&#100;r&#x69;&#x2e;&#117;n&#x69;&#114;i&#x2e;&#x68;&#114;<\/em><\/a><\/li>\n<\/ul>\n<\/li>\n\n\n\n<li>Ivana Ple\u0161a, M.Sc.MLD\n<ul class=\"wp-block-list\">\n<li><em>E-mail:\u00a0<\/em><a rel=\"noreferrer noopener\" href=\"&#109;a&#x69;l&#x74;o&#x3a;i&#x76;&#97;&#x6e;&#97;&#x2e;&#112;&#x6c;&#101;s&#97;&#64;&#x6d;e&#x64;r&#x69;&#46;&#x75;&#110;&#x69;&#114;&#x69;&#46;&#x68;&#114;\" target=\"_blank\"><em>&#x69;&#x76;&#x61;&#x6e;&#97;&#46;&#112;le&#x73;&#x61;&#x40;&#x6d;&#x65;&#100;&#114;&#105;&#46;u&#x6e;&#x69;&#x72;&#x69;&#x2e;&#104;&#114;<\/em><\/a><\/li>\n<\/ul>\n<\/li>\n\n\n\n<li>Andrea \u0160i\u017egori\u0107 \u2013 Administrative Secretary\n<ul class=\"wp-block-list\">\n<li><em>E-mail:\u00a0<\/em><a rel=\"noreferrer noopener\" href=\"&#109;&#x61;&#x69;&#108;&#x74;&#x6f;:&#x6a;&#x61;s&#110;&#x61;&#46;&#103;&#x6c;a&#122;&#x61;r&#64;&#x6d;e&#100;&#x72;&#x69;&#46;&#x75;&#x6e;&#105;&#x72;&#x69;&#46;&#x68;&#x72;\" target=\"_blank\"><em>andrea<\/em><\/a><a rel=\"noreferrer noopener\" href=\"&#x6d;a&#x69;&#108;&#x74;&#111;&#x3a;&#x6a;a&#x73;&#110;&#x61;&#46;&#x67;&#108;a&#x7a;&#97;&#x72;&#64;&#x6d;&#101;d&#x72;&#105;&#x2e;&#117;&#x6e;&#105;r&#x69;&#46;&#x68;&#114;\" target=\"_blank\"><em>&#x2e;&#115;&#x69;&#x7a;&#103;&#x6f;&#114;i&#x63;&#64;m&#x65;&#100;r&#x69;&#46;u&#x6e;&#105;&#x72;&#x69;&#46;&#x68;&#x72;<\/em><\/a><\/li>\n<\/ul>\n<\/li>\n\n\n\n<li>\u0110enka Baki\u0107 \u2013 cleaning staff (Technical Services and Maintenance)<\/li>\n<\/ul>\n<\/div>\n","protected":false},"excerpt":{"rendered":"<p>Department of Medical Biology and Genetics Faculty of Medicine in RijekaBra\u0107e Branchetta 20, 51000 RijekaPhone: +385 (0)51 651 131Fax: +385 (0)51 678 896 Contact Department Head:Prof.\u00a0Sa\u0161a Ostoji\u0107, MD, PhD (tenure)E-mail:\u00a0&#115;&#x61;&#x73;a&#46;&#x6f;s&#116;&#x6f;&#x6a;i&#99;&#x40;m&#101;&#x64;&#x72;i&#46;&#x75;n&#105;&#x72;&#x69;&#46;&#104;&#x72; Department Secretary:Andrea \u0160i\u017egori\u0107E-mail:&nbsp;&#x61;&#110;&#x64;&#x72;&#101;&#x61;&#46;s&#x69;&#122;g&#x6f;&#114;i&#x63;&#64;m&#x65;&#100;&#x72;&#x69;&#46;&#x75;&#x6e;&#105;&#x72;&#105;&#46;&#x68;&#114; Department Office \u2013 Monday\u2013Friday from 11 am to 1 pm Staff<\/p>\n","protected":false},"author":4,"featured_media":0,"parent":13205,"menu_order":14,"comment_status":"closed","ping_status":"closed","template":"","meta":{"_acf_changed":false,"ub_ctt_via":"","footnotes":""},"class_list":["post-13232","page","type-page","status-publish","hentry"],"acf":[],"featured_image_src":null,"_links":{"self":[{"href":"https:\/\/medri.uniri.hr\/en\/wp-json\/wp\/v2\/pages\/13232","targetHints":{"allow":["GET"]}}],"collection":[{"href":"https:\/\/medri.uniri.hr\/en\/wp-json\/wp\/v2\/pages"}],"about":[{"href":"https:\/\/medri.uniri.hr\/en\/wp-json\/wp\/v2\/types\/page"}],"author":[{"embeddable":true,"href":"https:\/\/medri.uniri.hr\/en\/wp-json\/wp\/v2\/users\/4"}],"replies":[{"embeddable":true,"href":"https:\/\/medri.uniri.hr\/en\/wp-json\/wp\/v2\/comments?post=13232"}],"version-history":[{"count":11,"href":"https:\/\/medri.uniri.hr\/en\/wp-json\/wp\/v2\/pages\/13232\/revisions"}],"predecessor-version":[{"id":20624,"href":"https:\/\/medri.uniri.hr\/en\/wp-json\/wp\/v2\/pages\/13232\/revisions\/20624"}],"up":[{"embeddable":true,"href":"https:\/\/medri.uniri.hr\/en\/wp-json\/wp\/v2\/pages\/13205"}],"wp:attachment":[{"href":"https:\/\/medri.uniri.hr\/en\/wp-json\/wp\/v2\/media?parent=13232"}],"curies":[{"name":"wp","href":"https:\/\/api.w.org\/{rel}","templated":true}]}}