{"id":13234,"date":"2021-05-27T11:56:15","date_gmt":"2021-05-27T09:56:15","guid":{"rendered":"https:\/\/medri.uniri.hr\/?page_id=13234"},"modified":"2024-05-13T12:52:28","modified_gmt":"2024-05-13T10:52:28","slug":"medical-physics-and-biophysics","status":"publish","type":"page","link":"https:\/\/medri.uniri.hr\/en\/faculty\/organisational-units\/departments\/medical-physics-and-biophysics\/","title":{"rendered":"Medical Physics and Biophysics"},"content":{"rendered":"\n<p><strong>Department of Medical Physics and Biophysics<\/strong><br>Faculty of Medicine in Rijeka<br>Bra\u0107e Branchetta 20, 51000 Rijeka<br>Phone: +385 (0)51 651 210<\/p>\n\n\n\n<p>Contact<\/p>\n\n\n\n<p><strong>Department Head:<br><\/strong>Prof. <strong>Gordana&nbsp;\u017dauhar<\/strong>, PhD<br><em>E-mail:&nbsp;<\/em><a href=\"mailto&#58;&#103;&#111;&#114;&#100;&#97;&#110;&#x61;&#x2e;&#x7a;&#x61;&#x75;&#x68;&#x61;&#x72;&#x40;&#x6d;&#x65;&#x64;ri&#46;uni&#114;&#105;&#46;&#104;&#114;\" target=\"_blank\" rel=\"noreferrer noopener\"><em>gord&#97;&#110;&#97;&#46;&#122;&#x61;&#x75;&#x68;&#x61;&#x72;&#x40;&#x75;niri&#46;&#104;&#114;<\/em><\/a><br><em>Phone:&nbsp;+385 (0)51 651 210<\/em><\/p>\n\n\n\n<p><strong>Department Secretary:<br>Ivana&nbsp;Bjedov&nbsp;Kelekovi\u0107<\/strong>, LLM<br><em>E-mail:&nbsp;<\/em><a href=\"&#109;&#x61;i&#108;&#x74;o&#58;&#x69;v&#97;&#x6e;a&#46;&#x62;j&#101;&#x64;o&#118;&#x40;p&#104;&#x79;&#46;&#117;&#x6e;i&#114;&#x69;&#46;&#104;&#x72;\" target=\"_blank\" rel=\"noreferrer noopener\"><em>&#105;&#x76;a&#x6e;&#x61;&#46;&#x62;j&#x65;&#x64;&#111;&#x76;&#64;&#x70;&#x68;&#121;&#x2e;u&#x6e;&#x69;&#114;&#x69;&#46;&#x68;&#x72;<\/em><\/a><em>&nbsp;<br>Phone:+385 (0)51&nbsp;584 780&nbsp;<\/em><\/p>\n\n\n\n<ul class=\"wp-block-list\">\n<li>Office hours for students:<br>Department Office (office 0-014, Radmile&nbsp;Matej\u010di\u0107 2) \u2013 Monday\u2013Friday from 12 pm to 2 pm<\/li>\n<\/ul>\n\n\n\n<p>Staff<\/p>\n\n\n\n<ul class=\"wp-block-list\">\n<li><strong>Department Head<\/strong>\n<ul class=\"wp-block-list\">\n<li>Prof. Gordana&nbsp;\u017dauhar, PhD<\/li>\n<\/ul>\n<\/li>\n<\/ul>\n\n\n\n<p><em>E-mail:&nbsp;<\/em><a href=\"&#x6d;&#x61;&#x69;&#x6c;&#x74;&#x6f;&#x3a;&#x67;&#x6f;&#x72;&#x64;&#x61;&#x6e;&#x61;&#x2e;&#x7a;&#x61;&#x75;&#x68;&#x61;&#x72;&#x40;&#109;&#101;&#100;&#114;&#105;&#46;&#117;&#110;&#105;&#114;&#105;&#46;&#104;&#114;\" target=\"_blank\" rel=\"noreferrer noopener\"><em>&#103;&#x6f;r&#100;&#x61;n&#x61;&#x2e;&#122;&#x61;u&#104;&#x61;r&#64;&#x75;&#110;&#x69;r&#105;&#x2e;h&#114;<\/em><\/a><\/p>\n\n\n\n<ul class=\"wp-block-list\">\n<li><strong>Teaching staff<\/strong>\n<ul class=\"wp-block-list\">\n<li>Assoc. Prof. Slaven Jurkovi\u0107, PhD<\/li>\n<\/ul>\n<\/li>\n<\/ul>\n\n\n\n<p><em>E-mail:&nbsp;<\/em><a href=\"&#109;&#x61;i&#x6c;&#x74;&#111;&#x3a;s&#x6c;&#x61;&#118;&#x65;n&#x2e;&#x6a;&#117;&#x72;k&#x6f;&#x76;&#105;&#x63;&#64;&#x6d;&#x65;&#100;&#x72;i&#x2e;&#x75;&#110;&#x69;r&#x69;&#x2e;&#104;&#x72;\" target=\"_blank\" rel=\"noreferrer noopener\"><em>&#x73;&#x6c;&#97;&#118;e&#x6e;&#x2e;&#x6a;&#117;rk&#x6f;&#x76;&#105;&#99;&#64;&#x75;&#x6e;&#x69;&#114;i&#46;&#x68;&#x72;<\/em><\/a>&nbsp;<\/p>\n\n\n\n<ul class=\"wp-block-list\">\n<li>Asst. Prof. \u0110eni&nbsp;Smilovi\u0107&nbsp;Radoj\u010di\u0107, PhD<\/li>\n<\/ul>\n\n\n\n<p><em>E-mail:&nbsp;<\/em><a href=\"&#x6d;&#x61;&#x69;&#x6c;&#x74;&#x6f;&#x3a;&#x64;&#x6a;&#x65;&#x6e;&#x69;&#x73;&#x72;&#x40;&#x6d;&#x65;&#x64;&#x72;&#x69;&#x2e;&#x75;&#x6e;&#x69;&#x72;&#x69;&#x2e;&#x68;&#x72;\" target=\"_blank\" rel=\"noreferrer noopener\"><em>d&#106;&#101;&#x6e;&#x69;sr&#64;&#117;&#x6e;&#x69;ri&#46;&#104;&#x72;<\/em><\/a><em>&nbsp;&nbsp;<\/em>&nbsp;<\/p>\n\n\n\n<ul class=\"wp-block-list\">\n<li>Teaching Assistant Ivan Pribani\u0107, M.Ed.<\/li>\n<\/ul>\n\n\n\n<p><em>E-mail:&nbsp;ipribani&#99;&#64;&#117;&#110;&#105;&#114;&#105;&#46;&#104;&#114;<\/em>&nbsp;<\/p>\n\n\n\n<ul class=\"wp-block-list\">\n<li>Prof. Marta&nbsp;\u017duvi\u0107, PhD (external associate)<\/li>\n<\/ul>\n\n\n\n<p><em>E-mail:&nbsp;<\/em><a href=\"&#x6d;&#x61;&#x69;&#x6c;&#x74;&#x6f;&#x3a;&#x6d;&#x61;&#x72;&#x74;&#x61;&#x2e;&#x7a;&#x75;&#x76;&#x69;&#x63;&#x40;&#x75;&#x6e;&#x69;&#114;&#105;&#46;&#104;&#114;\" target=\"_blank\" rel=\"noreferrer noopener\"><em>&#109;&#x61;&#114;&#x74;&#97;&#x2e;&#122;&#x75;&#118;&#x69;&#99;&#x40;&#117;&#x6e;&#105;&#x72;&#105;&#x2e;&#104;&#x72;<\/em><\/a><\/p>\n\n\n\n<ul class=\"wp-block-list\">\n<li>Teaching Assistant Doris&nbsp;\u0160egota Rito\u0161a, M.Ed. (nominal title)<\/li>\n<\/ul>\n\n\n\n<p><em>E-mail:&nbsp;<\/em><a href=\"ma&#105;&#108;&#x74;&#x6f;&#x3a;&#x64;or&#105;&#115;&#x2e;&#x73;&#x65;&#x67;ot&#97;&#64;&#117;&#x6e;&#x69;&#x72;&#x69;&#46;h&#114;\" target=\"_blank\" rel=\"noreferrer noopener\"><em>&#x64;&#111;&#114;&#x69;&#x73;&#46;&#115;&#x65;&#x67;&#111;&#116;&#x61;&#x40;&#117;&#110;&#x69;&#x72;&#105;&#46;&#x68;&#x72;<\/em><\/a><\/p>\n\n\n\n<ul class=\"wp-block-list\">\n<li>Teaching Assistant Nevena Obajdin, M.Ed. (nominal title)<\/li>\n<\/ul>\n\n\n\n<p><em>E-mail: <a href=\"&#x6d;&#x61;&#105;l&#x74;&#x6f;&#x3a;&#110;e&#x76;&#x65;&#x6e;&#97;&#46;&#x6f;&#x62;&#x61;&#106;d&#x69;&#x6e;&#x40;&#117;n&#x69;&#x72;&#x69;&#46;h&#x72;\">&#x6e;&#x65;&#x76;&#x65;&#x6e;&#x61;&#x2e;&#x6f;&#98;&#97;&#106;&#100;&#105;&#110;&#64;unir&#x69;&#x2e;&#x68;&#x72;<\/a><\/em><\/p>\n\n\n\n<ul class=\"wp-block-list\">\n<li>Teaching Assistant Dea&nbsp;Dundara&nbsp;Debeljuh,&nbsp;MA (nominal title)<\/li>\n<\/ul>\n\n\n\n<p><em>E-mail:&nbsp;<\/em><a href=\"&#109;&#97;&#x69;&#x6c;&#116;&#111;&#x3a;&#x64;&#101;&#97;&#x2e;&#x64;&#117;&#110;&#x64;&#x61;&#114;&#97;&#x64;&#x40;&#117;&#110;&#x69;&#x72;&#105;&#46;&#x68;&#x72;\" target=\"_blank\" rel=\"noreferrer noopener\"><em>&#100;&#x65;&#x61;&#46;&#x64;&#x75;n&#x64;&#x61;r&#97;&#x64;&#64;&#117;&#x6e;i&#114;&#x69;&#46;&#104;&#x72;<\/em><\/a><em><\/em><\/p>\n\n\n\n<ul class=\"wp-block-list\">\n<li><strong>Nonteaching staff<\/strong>\n<ul class=\"wp-block-list\">\n<li>Ivana&nbsp;Bjedov&nbsp;Kelekovi\u0107, LLM (external associate)<\/li>\n<\/ul>\n<\/li>\n<\/ul>\n\n\n\n<p><em>E-mail:&nbsp;<\/em><a href=\"&#109;&#x61;i&#x6c;&#x74;&#111;&#x3a;i&#x76;&#x61;&#110;&#x61;&#46;&#x62;&#x6a;&#101;&#x64;o&#x76;&#x40;&#112;&#x68;y&#x2e;&#x75;&#110;&#x69;r&#x69;&#x2e;&#104;&#x72;\" target=\"_blank\" rel=\"noreferrer noopener\"><em>&#x69;&#x76;&#97;na&#x2e;&#x62;&#106;&#101;d&#x6f;&#x76;&#64;&#117;n&#x69;&#x72;&#x69;&#46;hr<\/em><\/a><\/p>\n\n\n\n<ul class=\"wp-block-list\">\n<li>Marijana Majeti\u0107,&nbsp;B.Sc. \u2013 Senior Technician (external associate)<\/li>\n<\/ul>\n\n\n\n<p><em>E-mail:&nbsp;<\/em><a href=\"&#109;&#x61;&#105;&#x6c;t&#x6f;:&#109;&#x61;&#114;&#x69;j&#x61;n&#97;&#x2e;&#109;&#x61;j&#x65;t&#105;&#x63;&#64;&#x75;n&#x69;r&#105;&#x2e;&#104;&#x72;\" target=\"_blank\" rel=\"noreferrer noopener\"><em>&#109;&#x61;&#114;&#x69;j&#97;&#x6e;&#97;&#x2e;m&#x61;j&#101;&#x74;&#105;&#x63;&#64;&#x75;&#x6e;&#105;&#x72;i&#x2e;h&#114;<\/em><\/a><\/p>\n\n\n\n<ul class=\"wp-block-list\">\n<li>Mila Musulin \u2013 Technician (external associate)<\/li>\n<\/ul>\n\n\n\n<p><em>E-mail:&nbsp;<\/em><a href=\"&#109;&#97;&#x69;&#x6c;&#116;&#111;&#x3a;&#x6d;&#105;&#108;&#x61;&#x2e;&#109;&#117;&#x73;&#x75;&#108;&#105;&#x6e;&#x40;&#117;&#110;&#x69;&#x72;&#105;&#46;&#x68;&#x72;\" target=\"_blank\" rel=\"noreferrer noopener\"><em>&#x6d;&#x69;&#x6c;&#x61;&#x2e;&#x6d;&#x75;&#x73;&#x75;&#x6c;&#x69;&#x6e;&#x40;&#x75;&#x6e;&#x69;&#x72;&#x69;&#x2e;&#x68;&#x72;<\/em><\/a><\/p>\n","protected":false},"excerpt":{"rendered":"<p>Department of Medical Physics and BiophysicsFaculty of Medicine in RijekaBra\u0107e Branchetta 20, 51000 RijekaPhone: +385 (0)51 651 210 Contact Department Head:Prof. Gordana&nbsp;\u017dauhar, PhDE-mail:&nbsp;&#103;&#x6f;&#114;&#x64;&#97;&#x6e;a&#x2e;z&#x61;u&#104;&#x61;&#114;&#x40;&#117;&#x6e;&#105;&#x72;i&#x2e;h&#x72;Phone:&nbsp;+385 (0)51 651 210 Department Secretary:Ivana&nbsp;Bjedov&nbsp;Kelekovi\u0107, LLME-mail:&nbsp;&#x69;&#x76;&#x61;&#x6e;&#x61;&#46;&#98;&#106;&#101;dov&#x40;&#x70;&#x68;&#x79;&#x2e;&#x75;&#110;&#105;&#114;i&#46;h&#x72;&nbsp;Phone:+385 (0)51&nbsp;584 780&nbsp; Staff E-mail:&nbsp;&#103;&#x6f;&#x72;&#100;&#x61;&#x6e;&#97;&#x2e;&#x7a;&#97;&#x75;&#x68;&#97;&#x72;&#x40;&#117;&#x6e;&#x69;&#114;&#x69;&#x2e;&#104;&#x72; E-mail:&nbsp;s&#108;&#97;&#x76;&#x65;n&#46;&#106;&#117;&#x72;&#x6b;ov&#105;&#99;&#x40;&#x75;ni&#114;&#x69;&#x2e;&#x68;r&nbsp; E-mail:&nbsp;d&#106;&#x65;&#x6e;i&#115;&#114;&#x40;&#x75;n&#105;&#114;&#x69;&#x2e;h&#114;&nbsp;&nbsp;&nbsp; E-mail:&nbsp;&#x69;&#x70;&#x72;&#x69;&#x62;&#x61;&#x6e;&#x69;&#x63;&#x40;&#x75;&#110;&#105;&#114;&#105;&#46;&#104;&#114;&nbsp; E-mail:&nbsp;&#x6d;a&#x72;&#116;&#x61;&#46;&#x7a;&#x75;v&#x69;&#99;&#x40;&#117;&#x6e;&#105;r&#x69;&#46;&#x68;&#114; E-mail:&nbsp;&#x64;&#x6f;&#114;&#105;s&#x2e;&#x73;&#x65;&#103;ot&#x61;&#x40;&#117;&#110;i&#x72;&#x69;&#x2e;&#104;r E-mail: nevena&#46;obajdin&#64;uniri&#46;hr E-mail:&nbsp;&#100;&#x65;&#x61;&#46;&#100;&#x75;n&#100;&#x61;&#x72;a&#100;&#x40;u&#110;&#x69;&#x72;i&#46;&#x68;r E-mail:&nbsp;&#105;&#x76;&#x61;n&#97;&#x2e;&#x62;j&#101;&#x64;o&#118;&#x40;&#x75;n&#105;&#x72;i&#46;&#x68;&#x72; E-mail:&nbsp;&#109;&#97;&#x72;i&#106;&#x61;&#x6e;a&#46;&#x6d;&#x61;j&#101;&#x74;&#x69;c&#64;&#x75;&#x6e;i&#114;&#x69;&#x2e;h&#114; E-mail:&nbsp;m&#105;&#108;&#x61;&#x2e;m&#117;&#115;&#x75;&#x6c;&#x69;n&#64;&#117;&#x6e;&#x69;ri&#46;&#x68;&#x72;<\/p>\n","protected":false},"author":4,"featured_media":0,"parent":13205,"menu_order":15,"comment_status":"closed","ping_status":"closed","template":"","meta":{"_acf_changed":false,"ub_ctt_via":"","footnotes":""},"class_list":["post-13234","page","type-page","status-publish","hentry"],"acf":[],"featured_image_src":null,"_links":{"self":[{"href":"https:\/\/medri.uniri.hr\/en\/wp-json\/wp\/v2\/pages\/13234","targetHints":{"allow":["GET"]}}],"collection":[{"href":"https:\/\/medri.uniri.hr\/en\/wp-json\/wp\/v2\/pages"}],"about":[{"href":"https:\/\/medri.uniri.hr\/en\/wp-json\/wp\/v2\/types\/page"}],"author":[{"embeddable":true,"href":"https:\/\/medri.uniri.hr\/en\/wp-json\/wp\/v2\/users\/4"}],"replies":[{"embeddable":true,"href":"https:\/\/medri.uniri.hr\/en\/wp-json\/wp\/v2\/comments?post=13234"}],"version-history":[{"count":6,"href":"https:\/\/medri.uniri.hr\/en\/wp-json\/wp\/v2\/pages\/13234\/revisions"}],"predecessor-version":[{"id":24806,"href":"https:\/\/medri.uniri.hr\/en\/wp-json\/wp\/v2\/pages\/13234\/revisions\/24806"}],"up":[{"embeddable":true,"href":"https:\/\/medri.uniri.hr\/en\/wp-json\/wp\/v2\/pages\/13205"}],"wp:attachment":[{"href":"https:\/\/medri.uniri.hr\/en\/wp-json\/wp\/v2\/media?parent=13234"}],"curies":[{"name":"wp","href":"https:\/\/api.w.org\/{rel}","templated":true}]}}