{"id":13238,"date":"2021-05-27T11:57:10","date_gmt":"2021-05-27T09:57:10","guid":{"rendered":"https:\/\/medri.uniri.hr\/?page_id=13238"},"modified":"2024-02-08T14:14:02","modified_gmt":"2024-02-08T12:14:02","slug":"medical-chemistry-biochemistry-and-clinical-chemistry","status":"publish","type":"page","link":"https:\/\/medri.uniri.hr\/en\/faculty\/organisational-units\/departments\/medical-chemistry-biochemistry-and-clinical-chemistry\/","title":{"rendered":"Medical Chemistry, Biochemistry and Clinical Chemistry"},"content":{"rendered":"\n<p><strong>Department of Medical Chemistry, Biochemistry and Clinical Chemistry<\/strong><br>Faculty of Medicine in Rijeka<br>Bra\u0107e Branchetta 20, 51000 Rijeka<br>Phone: +385 (0)51 651 135<\/p>\n\n\n\n<p>Contact<\/p>\n\n\n\n<p><strong>Department Head:<br><\/strong>Prof.&nbsp;<strong>Robert Domitrovi\u0107<\/strong>, M.Sc., PhD (tenure)<br><em>E-mail:&nbsp;<\/em><a href=\"&#109;&#x61;i&#108;&#x74;o&#58;&#x72;o&#98;&#x65;r&#116;&#x2e;d&#111;&#x6d;i&#116;&#x72;o&#118;&#x69;c&#64;&#x75;n&#105;&#x72;i&#46;&#x68;r\"><em>&#x72;&#111;b&#x65;&#114;t&#x2e;&#100;o&#x6d;&#x69;&#116;&#x72;&#x6f;&#118;i&#x63;&#64;u&#x6e;&#105;r&#x69;&#x2e;&#104;&#x72;<\/em><\/a><em><br>Phone: +385 (0)51 651 211<\/em><br><br><strong>Department Secretary:<br>Vesna Topi\u0107<\/strong><br><em>E-mail:&nbsp;<\/em><a href=\"&#x6d;&#97;i&#x6c;&#x74;&#111;:&#x76;&#101;s&#x6e;&#x61;&#46;t&#x6f;&#112;i&#x63;&#x40;&#117;n&#x69;&#x72;&#105;&#x2e;&#x68;&#114;\" target=\"_blank\" rel=\"noreferrer noopener\"><em>&#x76;&#x65;&#x73;&#110;&#97;&#46;t&#x6f;&#x70;&#x69;&#99;&#64;un&#x69;&#x72;&#x69;&#46;&#104;r<\/em><\/a><em><br>Phone: +385 (0)51 651 135<\/em><\/p>\n\n\n\n<ul class=\"wp-block-list\">\n<li>Office hours for students:<br>Department Office \u2013 Monday\u2013Friday from 11 am to 1 pm<\/li>\n<\/ul>\n\n\n\n<p>Staff<\/p>\n\n\n\n<ul class=\"wp-block-list\">\n<li><strong>Department Head<\/strong>\n<ul class=\"wp-block-list\">\n<li>Prof. Robert Domitrovi\u0107, d M.Sc., PhD (tenure)<\/li>\n<\/ul>\n<\/li>\n<\/ul>\n\n\n\n<p><em>E-mail:&nbsp;<\/em><a href=\"m&#97;&#x69;&#x6c;t&#111;&#x3a;&#x72;o&#98;&#101;&#x72;&#x74;&#46;&#100;&#x6f;&#x6d;i&#116;&#x72;&#x6f;v&#105;&#99;&#x40;&#x75;n&#105;&#x72;&#x69;&#46;&#104;&#x72;\"><em>&#114;&#x6f;b&#x65;r&#116;&#x2e;&#100;&#x6f;m&#105;&#x74;&#114;&#x6f;v&#x69;&#x63;&#64;&#x75;n&#x69;r&#105;&#x2e;&#104;&#x72;<\/em><\/a><\/p>\n\n\n\n<ul class=\"wp-block-list\">\n<li><strong>Deputy Head<\/strong>\n<ul class=\"wp-block-list\">\n<li>Assoc. Prof. Marin Tota, M.Pharm., PhD<\/li>\n<\/ul>\n<\/li>\n<\/ul>\n\n\n\n<p><em>E-mail:&nbsp;<\/em><a href=\"&#x6d;&#x61;&#x69;&#x6c;&#x74;&#x6f;&#x3a;&#x6d;&#x61;&#x72;&#x69;&#x6e;&#x2e;&#x74;&#111;&#116;&#97;&#64;&#117;&#110;&#105;&#114;&#105;&#46;&#104;r\"><em>&#x6d;a&#x72;&#105;&#x6e;&#x2e;t&#x6f;&#116;&#x61;&#x40;u&#x6e;&#105;&#x72;&#x69;&#46;&#x68;&#114;<\/em><\/a><em>&nbsp;<\/em>&nbsp;<\/p>\n\n\n\n<ul class=\"wp-block-list\">\n<li><strong>Teaching staff<\/strong>\n<ul class=\"wp-block-list\">\n<li>Prof. Robert Domitrovi\u0107, d M.Sc., PhD (tenure)<\/li>\n<\/ul>\n<\/li>\n<\/ul>\n\n\n\n<p><em>E-mail:&nbsp;<\/em><a href=\"&#x6d;&#97;i&#x6c;&#116;o&#x3a;&#114;o&#x62;&#101;r&#x74;&#46;d&#x6f;&#x6d;i&#x74;&#x72;&#111;&#x76;&#x69;&#99;&#x40;&#x75;&#110;i&#x72;&#105;&#46;&#x68;&#114;\"><em>&#114;&#x6f;b&#101;&#x72;t&#x2e;&#x64;&#111;&#x6d;i&#116;&#x72;o&#118;&#x69;&#99;&#x40;u&#110;&#x69;r&#105;&#x2e;&#104;&#x72;<\/em><\/a><em>&nbsp;&nbsp;<\/em><\/p>\n\n\n\n<ul class=\"wp-block-list\">\n<li>Prof. Sre\u0107ko Vali\u0107, PhD<\/li>\n<\/ul>\n\n\n\n<p><em>E-mail:&nbsp;<\/em><a href=\"&#109;&#x61;i&#108;&#x74;o&#58;&#x73;v&#97;&#x6c;i&#99;&#x40;&#117;&#x6e;&#x69;&#114;&#x69;&#x2e;&#104;&#x72;\"><em>s&#118;&#x61;&#x6c;i&#99;&#64;&#x75;&#x6e;i&#114;&#105;&#x2e;&#x68;r<\/em><\/a>&nbsp;<\/p>\n\n\n\n<ul class=\"wp-block-list\">\n<li>Assoc. Prof. Marin Tota, M.Pharm., PhD<\/li>\n<\/ul>\n\n\n\n<p><em>E-mail:&nbsp;<\/em><a href=\"ma&#105;&#108;&#x74;&#x6f;&#x3a;&#x6d;ar&#105;&#110;&#x2e;&#x74;&#x6f;&#x74;a&#64;&#117;&#110;&#105;&#x72;&#x69;&#x2e;&#x68;r\"><em>&#109;a&#x72;i&#x6e;&#46;&#x74;&#111;&#x74;&#97;&#x40;&#117;n&#x69;r&#x69;&#46;&#x68;&#114;<\/em><\/a><em>&nbsp;&nbsp;<\/em><\/p>\n\n\n\n<ul class=\"wp-block-list\">\n<li>Assoc. Prof. Gordana \u010canadi Jure\u0161i\u0107, PHD<\/li>\n<\/ul>\n\n\n\n<p><em>E-mail:&nbsp;<\/em><a href=\"&#x6d;a&#x69;&#108;t&#x6f;&#58;&#x67;&#111;r&#x64;&#97;&#x6e;&#97;c&#x6a;&#64;&#x75;&#x6e;i&#x72;&#105;&#46;&#x68;&#114;\"><em>&#103;&#x6f;r&#100;&#x61;n&#97;&#x63;j&#x40;&#x75;&#110;&#x69;r&#105;&#x2e;h&#114;<\/em><\/a><em>&nbsp;<\/em>&nbsp;<\/p>\n\n\n\n<ul class=\"wp-block-list\">\n<li>Prof. Dijana Detel, MD, PhD<\/li>\n<\/ul>\n\n\n\n<p><em>E-mail:&nbsp;<\/em><a href=\"mailto&#58;&#100;&#105;&#106;&#97;&#110;&#97;&#x2e;&#x64;&#x65;&#x74;&#x65;&#x6c;&#x40;&#x75;&#x6e;&#x69;&#x72;&#x69;&#46;hr\"><em>&#100;&#x69;&#106;&#x61;n&#x61;&#46;&#100;&#x65;&#116;&#x65;l&#x40;u&#110;&#x69;&#114;&#x69;&#46;&#x68;r<\/em><\/a><em>&nbsp;<\/em>&nbsp;<\/p>\n\n\n\n<ul class=\"wp-block-list\">\n<li>Assoc. Prof. Lara Bati\u010di\u0107, PhD<\/li>\n<\/ul>\n\n\n\n<p><em>E-mail:&nbsp;<\/em><a href=\"&#x6d;&#x61;&#105;l&#x74;&#x6f;&#x3a;&#108;a&#x72;&#x61;&#x2e;&#98;a&#x74;&#x69;&#x63;&#105;c&#x40;&#x75;&#x6e;&#105;r&#x69;&#x2e;&#x68;&#114;\"><em>&#108;&#x61;&#114;&#x61;&#46;&#x62;&#97;&#x74;i&#x63;i&#x63;&#64;&#x75;n&#105;&#x72;&#105;&#x2e;&#104;&#x72;<\/em><\/a>&nbsp;<\/p>\n\n\n\n<ul class=\"wp-block-list\">\n<li>Assoc. Prof. Dalibor Brozni\u0107, PhD<\/li>\n<\/ul>\n\n\n\n<p><em>E-mail:&nbsp;<\/em><a href=\"&#x6d;&#x61;&#105;&#108;to&#x3a;&#x64;&#x61;&#108;ib&#x6f;&#x72;&#x2e;&#98;&#114;o&#x7a;&#x6e;&#x69;&#99;&#64;u&#x6e;&#x69;&#x72;&#105;&#46;hr\"><em>&#x64;&#97;&#108;&#x69;&#x62;&#111;&#114;&#x2e;&#x62;&#114;&#111;&#x7a;&#x6e;&#105;&#99;&#x40;&#x75;&#110;&#105;&#x72;&#x69;&#46;&#104;&#x72;<\/em><\/a><em>&nbsp;<\/em><\/p>\n\n\n\n<ul class=\"wp-block-list\">\n<li>Assoc. Prof. Mladenka Malenica, PhD<\/li>\n<\/ul>\n\n\n\n<p><em>E-mail:&nbsp;<\/em><a href=\"&#x6d;&#x61;&#x69;&#108;&#116;o:&#x6d;&#x6c;&#x61;&#100;&#101;nk&#x61;&#x2e;&#x6d;&#97;&#108;en&#x69;&#x63;&#x61;&#64;&#117;ni&#x72;&#x69;&#x2e;&#104;&#114;\"><em>&#x6d;&#x6c;&#x61;&#x64;&#x65;&#x6e;&#x6b;&#x61;&#x2e;&#x6d;&#x61;&#x6c;&#x65;&#x6e;&#x69;&#x63;&#x61;&#x40;&#x75;&#x6e;&#x69;&#x72;&#105;&#46;&#104;&#114;<\/em><\/a><em>&nbsp;<\/em><\/p>\n\n\n\n<ul class=\"wp-block-list\">\n<li>Asst. Prof. Jelena Marini\u0107, PhD<\/li>\n<\/ul>\n\n\n\n<p><em>E-mail:&nbsp;<\/em><a href=\"&#109;&#x61;&#x69;&#108;&#x74;&#x6f;:&#x6a;&#x65;l&#101;&#x6e;a&#46;&#x6d;a&#114;&#x69;n&#105;&#x63;&#64;&#117;&#x6e;&#x69;&#114;&#x69;&#x2e;&#104;&#x72;\"><em>&#x6a;&#x65;&#108;&#101;&#110;a&#x2e;&#x6d;&#x61;&#114;&#105;ni&#x63;&#x40;&#x75;&#110;&#105;r&#x69;&#x2e;&#x68;&#114;<\/em><\/a><em>&nbsp;&nbsp;<\/em><\/p>\n\n\n\n<ul class=\"wp-block-list\">\n<li>Asst. Prof. Mirna Petkovi\u0107 Didovi\u0107, PhD<\/li>\n<\/ul>\n\n\n\n<p><em>E-mail:&nbsp;<\/em><a href=\"&#x6d;&#x61;&#x69;&#x6c;&#116;&#111;&#58;&#109;irn&#x61;&#x70;&#x64;&#x40;&#x75;&#110;&#105;&#114;i&#46;h&#x72;\"><em>&#x6d;&#105;r&#x6e;&#97;p&#x64;&#x40;&#117;&#x6e;&#x69;&#114;i&#x2e;&#104;r<\/em><\/a><em>&nbsp;&nbsp;<\/em><\/p>\n\n\n\n<ul class=\"wp-block-list\">\n<li>Asst. Prof. Damir Klepac, PhD<\/li>\n<\/ul>\n\n\n\n<p><em>E-mail:&nbsp;<\/em><a href=\"&#x6d;a&#x69;l&#x74;&#111;&#x3a;&#100;a&#x6d;i&#x72;&#46;&#x6b;&#108;&#x65;&#112;a&#x63;&#64;&#x75;&#110;&#x69;&#114;&#x69;&#x2e;h&#x72;\"><em>&#100;a&#x6d;i&#x72;&#46;&#x6b;&#108;&#x65;&#112;a&#x63;&#64;&#x75;&#110;&#x69;&#114;&#x69;&#46;&#x68;&#114;<\/em><\/a><em>&nbsp;&nbsp;<\/em><\/p>\n\n\n\n<ul class=\"wp-block-list\">\n<li>Postdoctoral Researcher Sun\u010dica Buljevi\u0107, PhD<\/li>\n<\/ul>\n\n\n\n<p><em>E-mail:&nbsp;<\/em><a href=\"&#109;&#x61;i&#108;&#x74;&#111;&#x3a;s&#117;&#x6e;c&#x69;&#x63;&#97;&#x2e;b&#117;&#x6c;j&#x65;&#x76;&#105;&#x63;&#64;&#117;&#x6e;&#105;&#x72;i&#46;&#x68;r\"><em>su&#110;&#99;&#105;&#99;&#x61;&#x2e;&#x62;&#x75;&#x6c;je&#118;&#105;&#99;&#64;&#x75;&#x6e;&#x69;&#x72;&#x69;&#46;h&#114;<\/em><\/a><em>&nbsp;&nbsp;<\/em><\/p>\n\n\n\n<ul class=\"wp-block-list\">\n<li>Postdoctoral Researcher Iva Poto\u010dnjak, PhD<\/li>\n<\/ul>\n\n\n\n<p><em>E-mail:&nbsp;<\/em><a href=\"&#x6d;&#x61;&#x69;&#x6c;&#x74;&#x6f;&#58;&#105;&#118;&#97;&#46;pot&#x6f;&#x63;&#x6e;&#x6a;&#x61;&#x6b;&#64;&#117;&#110;&#105;&#114;i&#46;h&#x72;\"><em>&#x69;&#118;&#97;&#46;&#x70;&#x6f;&#116;o&#x63;&#x6e;&#106;a&#x6b;&#x40;&#117;n&#x69;&#x72;&#105;&#46;&#x68;&#x72;<\/em><\/a><em>&nbsp;<\/em><\/p>\n\n\n\n<ul class=\"wp-block-list\">\n<li>Postdoctoral Researcher Iva Vukeli\u0107, PhD<\/li>\n<\/ul>\n\n\n\n<p><em>E-mail:&nbsp;<\/em><a href=\"&#x6d;&#x61;&#105;l&#x74;&#x6f;&#58;iv&#x61;&#x2e;&#118;u&#x6b;&#x65;&#108;&#105;c&#x40;&#x75;&#110;i&#x72;&#x69;&#46;&#104;r\"><em>iv&#97;&#46;&#118;&#x75;&#x6b;&#x65;&#x6c;&#x69;c&#64;&#117;&#110;&#105;&#x72;&#x69;&#x2e;&#x68;&#x72;<\/em><\/a><em>&nbsp;&nbsp;<\/em><\/p>\n\n\n\n<ul class=\"wp-block-list\">\n<li><strong>Nominal titles<\/strong>\n<ul class=\"wp-block-list\">\n<li>Postdoctoral Researcher Orjen Petkovi\u0107, PhD (nominal title)<\/li>\n<\/ul>\n<\/li>\n<\/ul>\n\n\n\n<p><em>E-mail:&nbsp;<\/em><a href=\"&#109;&#x61;i&#108;&#x74;&#111;&#x3a;o&#114;&#x6a;e&#x6e;&#x2e;&#112;&#x65;t&#107;&#x6f;v&#x69;&#x63;&#64;&#x67;m&#97;&#x69;&#108;&#x2e;c&#111;&#x6d;\"><em>o&#114;&#106;&#x65;&#x6e;&#x2e;p&#101;&#116;&#x6b;&#x6f;&#x76;ic&#64;&#x67;&#x6d;&#x61;il&#46;&#99;&#x6f;&#x6d;<\/em><\/a><em>&nbsp;<\/em><\/p>\n\n\n\n<ul class=\"wp-block-list\">\n<li>Teaching Assistant Lidija \u0160imi\u0107, M.Sc.EPH (nominal title)<\/li>\n<\/ul>\n\n\n\n<p><em>E-mail:&nbsp;<\/em><a href=\"mail&#116;&#111;&#58;&#108;&#105;&#x64;&#x69;&#x6a;&#x61;&#x2e;&#x73;&#x69;mic&#64;&#117;&#110;&#105;&#114;&#105;&#x2e;&#x68;&#x72;\"><em>&#x6c;i&#x64;i&#x6a;&#97;&#x2e;&#115;i&#x6d;i&#x63;&#64;&#x75;&#110;&#x69;&#114;i&#x2e;h&#x72;<\/em><\/a><em>&nbsp;<\/em><\/p>\n\n\n\n<ul class=\"wp-block-list\">\n<li><strong>Nonteaching staff<\/strong>\n<ul class=\"wp-block-list\">\n<li>Vesna Topi\u0107 \u2013 Administrative Secretary<\/li>\n<\/ul>\n<\/li>\n<\/ul>\n\n\n\n<p><em>E-mail:&nbsp;<\/em><a href=\"&#x6d;&#x61;&#x69;&#x6c;&#x74;&#111;&#58;&#118;&#101;sna&#x2e;&#x74;&#x6f;&#x70;&#x69;&#x63;&#64;&#117;&#110;iri&#x2e;&#x68;&#x72;\" target=\"_blank\" rel=\"noreferrer noopener\"><em>&#118;&#x65;&#115;&#x6e;a&#x2e;t&#111;&#x70;&#105;&#x63;&#64;&#x75;n&#105;&#x72;&#105;&#x2e;h&#x72;<\/em><\/a><\/p>\n\n\n\n<ul class=\"wp-block-list\">\n<li>Hrvoje Kri\u017ean, M.Sc. \u2013 Senior Technician<\/li>\n<\/ul>\n\n\n\n<p><em>E-mail:&nbsp;<\/em><a href=\"m&#97;&#x69;&#x6c;t&#111;&#58;&#x68;&#x72;v&#111;&#106;&#x65;&#x2e;k&#114;&#x69;&#x7a;&#x61;n&#64;&#x75;&#x6e;i&#114;&#105;&#x2e;&#x68;r\" target=\"_blank\" rel=\"noreferrer noopener\"><em>&#x68;r&#x76;&#111;j&#x65;&#46;&#x6b;&#x72;i&#x7a;&#97;n&#x40;&#117;&#x6e;&#105;r&#x69;&#46;h&#x72;<\/em><\/a><\/p>\n\n\n\n<ul class=\"wp-block-list\">\n<li>Roberta Ogrizovi\u0107, M.Sc. \u2013 Senior Technician<\/li>\n<\/ul>\n\n\n\n<p><em>E-mail:&nbsp;<\/em><a href=\"m&#97;&#x69;&#x6c;t&#111;&#58;&#x72;&#x6f;b&#101;&#x72;&#x74;a&#46;&#111;&#x67;&#x72;i&#122;&#x6f;&#x76;i&#99;&#64;&#x75;&#x6e;i&#114;&#x69;&#x2e;h&#114;\" target=\"_blank\" rel=\"noreferrer noopener\"><em>r&#111;&#98;&#x65;&#x72;&#x74;a&#46;&#111;&#x67;&#x72;&#x69;zo&#118;&#x69;&#x63;&#x40;un&#105;&#114;&#x69;&#x2e;&#x68;r<\/em><\/a><\/p>\n\n\n\n<ul class=\"wp-block-list\">\n<li>Ana-Maria Ble\u010di\u0107, M.Sc.EPH \u2013 Senior Technician<\/li>\n<\/ul>\n\n\n\n<p><em>E-mail:&nbsp;<\/em><a href=\"&#x6d;a&#x69;&#108;&#x74;&#111;:&#x61;n&#x61;&#46;&#x6d;&#97;r&#x69;&#97;&#x2e;&#97;r&#x73;e&#x6e;&#105;&#x63;&#64;u&#x6e;i&#x72;&#105;&#x2e;&#x68;r\" target=\"_blank\" rel=\"noreferrer noopener\"><em>&#x61;n&#x61;&#46;&#x6d;&#97;&#x72;&#105;a&#x2e;a&#x72;&#115;&#x65;&#110;&#x69;&#99;&#64;&#x75;n&#x69;&#114;&#x69;&#46;&#x68;&#x72;<\/em><\/a><\/p>\n\n\n\n<ul class=\"wp-block-list\">\n<li>Dolores Kova\u010di\u0107 \u2013 Chemical Technician<\/li>\n<\/ul>\n","protected":false},"excerpt":{"rendered":"<p>Department of Medical Chemistry, Biochemistry and Clinical ChemistryFaculty of Medicine in RijekaBra\u0107e Branchetta 20, 51000 RijekaPhone: +385 (0)51 651 135 Contact Department Head:Prof.&nbsp;Robert Domitrovi\u0107, M.Sc., PhD (tenure)E-mail:&nbsp;&#x72;o&#x62;&#101;&#x72;&#116;&#46;&#x64;o&#x6d;&#105;&#x74;&#114;o&#x76;&#105;&#x63;&#64;u&#x6e;i&#x72;&#105;&#x2e;&#104;rPhone: +385 (0)51 651 211 Department Secretary:Vesna Topi\u0107E-mail:&nbsp;vesn&#97;&#46;&#116;&#111;&#112;&#105;&#99;&#x40;&#x75;&#x6e;&#x69;&#x72;&#x69;&#x2e;&#x68;&#x72;Phone: +385 (0)51 651 135 Staff E-mail:&nbsp;&#x72;&#111;b&#x65;&#x72;&#116;&#46;&#x64;&#x6f;&#109;i&#x74;&#x72;&#111;v&#x69;&#x63;&#64;u&#x6e;&#105;&#114;i&#x2e;&#104;r E-mail:&nbsp;&#x6d;&#x61;&#x72;&#x69;&#110;&#46;&#116;&#111;ta&#64;&#x75;&#x6e;&#x69;&#x72;&#x69;&#46;&#104;&#114;&nbsp;&nbsp; E-mail:&nbsp;&#114;o&#x62;e&#x72;&#116;&#x2e;&#100;&#x6f;&#109;i&#x74;r&#x6f;&#118;&#x69;&#99;&#x40;&#117;&#x6e;&#105;r&#x69;&#46;&#x68;&#114;&nbsp;&nbsp; E-mail:&nbsp;&#x73;&#x76;&#x61;&#x6c;&#105;&#99;&#64;un&#x69;&#x72;&#x69;&#x2e;&#x68;&#114;&nbsp; E-mail:&nbsp;&#109;a&#x72;i&#x6e;&#46;&#x74;&#111;&#x74;&#97;&#64;&#x75;n&#x69;&#114;&#x69;&#46;&#x68;&#114;&nbsp;&nbsp; E-mail:&nbsp;&#x67;&#111;&#114;d&#x61;&#x6e;&#97;c&#x6a;&#x40;&#117;n&#x69;&#x72;&#105;&#46;&#x68;&#x72;&nbsp;&nbsp; E-mail:&nbsp;d&#105;&#x6a;&#x61;&#x6e;a&#46;&#100;&#x65;&#x74;e&#108;&#64;&#x75;&#x6e;ir&#105;&#x2e;&#x68;&#x72;&nbsp;&nbsp; E-mail:&nbsp;l&#97;&#x72;&#x61;&#46;&#98;&#97;&#x74;&#x69;c&#105;&#x63;&#x40;u&#110;&#105;&#x72;&#x69;&#46;&#104;&#x72;&nbsp; E-mail:&nbsp;&#100;&#x61;&#x6c;i&#98;&#x6f;r&#46;&#x62;r&#111;&#x7a;n&#105;&#x63;&#x40;&#117;&#x6e;&#x69;r&#105;&#x2e;h&#114;&nbsp; E-mail:&nbsp;&#x6d;&#108;a&#x64;&#101;n&#x6b;&#97;&#46;&#x6d;&#97;l&#x65;&#110;i&#x63;&#97;&#64;&#x75;&#110;i&#x72;&#105;&#46;&#x68;&#114;&nbsp; E-mail:&nbsp;&#x6a;&#x65;&#x6c;&#101;&#110;&#97;&#46;m&#x61;&#x72;&#x69;&#x6e;&#105;&#99;&#64;u&#x6e;&#x69;&#x72;&#x69;&#46;&#104;r&nbsp;&nbsp; E-mail:&nbsp;&#x6d;&#105;r&#x6e;&#x61;&#112;d&#x40;&#x75;&#110;i&#x72;&#105;&#46;&#x68;&#x72;&nbsp;&nbsp; E-mail:&nbsp;&#100;a&#x6d;i&#x72;&#46;&#x6b;&#108;&#x65;&#112;a&#x63;&#64;&#x75;&#110;&#x69;&#114;&#x69;&#46;&#x68;&#114;&nbsp;&nbsp; E-mail:&nbsp;&#115;&#x75;n&#x63;&#x69;&#99;&#x61;&#46;&#98;&#x75;&#108;&#x6a;e&#118;&#x69;c&#x40;u&#110;&#x69;r&#x69;&#x2e;&#104;&#x72;&nbsp;&nbsp; E-mail:&nbsp;&#x69;&#x76;&#97;&#46;&#112;o&#x74;&#x6f;&#x63;&#110;&#106;ak&#x40;&#x75;&#x6e;&#105;&#114;i&#x2e;&#x68;&#x72;&nbsp; E-mail:&nbsp;&#x69;&#x76;&#x61;&#x2e;&#x76;&#x75;&#x6b;&#x65;&#x6c;&#x69;&#x63;&#x40;&#x75;&#x6e;&#105;&#114;&#105;&#46;&#104;&#114;&nbsp;&nbsp; [&hellip;]<\/p>\n","protected":false},"author":4,"featured_media":0,"parent":13205,"menu_order":17,"comment_status":"closed","ping_status":"closed","template":"","meta":{"_acf_changed":false,"ub_ctt_via":"","footnotes":""},"class_list":["post-13238","page","type-page","status-publish","hentry"],"acf":[],"featured_image_src":null,"_links":{"self":[{"href":"https:\/\/medri.uniri.hr\/en\/wp-json\/wp\/v2\/pages\/13238","targetHints":{"allow":["GET"]}}],"collection":[{"href":"https:\/\/medri.uniri.hr\/en\/wp-json\/wp\/v2\/pages"}],"about":[{"href":"https:\/\/medri.uniri.hr\/en\/wp-json\/wp\/v2\/types\/page"}],"author":[{"embeddable":true,"href":"https:\/\/medri.uniri.hr\/en\/wp-json\/wp\/v2\/users\/4"}],"replies":[{"embeddable":true,"href":"https:\/\/medri.uniri.hr\/en\/wp-json\/wp\/v2\/comments?post=13238"}],"version-history":[{"count":5,"href":"https:\/\/medri.uniri.hr\/en\/wp-json\/wp\/v2\/pages\/13238\/revisions"}],"predecessor-version":[{"id":22352,"href":"https:\/\/medri.uniri.hr\/en\/wp-json\/wp\/v2\/pages\/13238\/revisions\/22352"}],"up":[{"embeddable":true,"href":"https:\/\/medri.uniri.hr\/en\/wp-json\/wp\/v2\/pages\/13205"}],"wp:attachment":[{"href":"https:\/\/medri.uniri.hr\/en\/wp-json\/wp\/v2\/media?parent=13238"}],"curies":[{"name":"wp","href":"https:\/\/api.w.org\/{rel}","templated":true}]}}