{"id":13240,"date":"2021-05-27T11:57:32","date_gmt":"2021-05-27T09:57:32","guid":{"rendered":"https:\/\/medri.uniri.hr\/?page_id=13240"},"modified":"2024-05-06T18:50:04","modified_gmt":"2024-05-06T16:50:04","slug":"microbiology-and-parasitology","status":"publish","type":"page","link":"https:\/\/medri.uniri.hr\/en\/faculty\/organisational-units\/departments\/microbiology-and-parasitology\/","title":{"rendered":"Microbiology and Parasitology"},"content":{"rendered":"\n<p><strong>Department of Microbiology and Parasitology<\/strong><\/p>\n\n\n\n<p>Faculty of Medicine in Rijeka<br>Bra\u0107e Branchetta 20, 51000 Rijeka<br>Phone: +385 (0)51 651 145<\/p>\n\n\n\n<p>Contact<\/p>\n\n\n\n<p><strong>Department Head:<br><\/strong>Prof. <strong>Marina \u0160anti\u0107<\/strong>, M.Sc.EPH, PhD (tenure)<br>E-mail:&nbsp;<a href=\"&#x6d;&#x61;&#x69;&#x6c;&#116;&#111;&#58;ma&#x6a;&#x61;&#x2e;&#x61;&#x62;&#114;&#97;&#109;&#64;m&#x65;&#x64;&#x72;&#x69;&#x2e;&#117;&#110;&#105;ri&#x2e;&#x68;&#x72;\">&#109;&#x61;r&#105;&#x6e;a&#46;&#x73;a&#110;&#x74;i&#99;&#x40;m&#101;&#x64;r&#105;&#x2e;u&#110;&#x69;r&#105;&#x2e;h&#114;<\/a><br>Phone: +385 (0)51 651 267<a href=\"&#x6d;&#97;&#105;&#x6c;&#x74;&#111;&#58;&#x72;&#x6f;&#109;&#97;&#x6e;&#x61;&#46;&#106;&#x65;&#x72;&#107;&#111;&#x76;&#x69;&#99;&#64;&#x6d;&#x65;&#100;&#114;&#x69;&#x2e;&#117;&#110;&#x69;&#x72;&#105;&#46;&#x68;&#x72;\"><em><br><br><\/em><\/a><strong>Department Secretary:<br>Sandra Abramovi\u0107<\/strong><br>E-mail:&nbsp;<a href=\"&#109;&#x61;&#105;&#x6c;&#116;&#x6f;:&#x73;a&#110;&#x64;&#114;&#x61;&#46;&#x61;b&#x72;a&#109;&#x6f;&#118;&#x69;&#99;&#x40;&#109;&#x65;d&#x72;i&#46;&#x75;&#110;&#x69;&#114;&#x69;&#46;&#x68;r\">&#x73;&#x61;&#x6e;&#x64;&#x72;&#x61;&#x2e;&#x61;&#x62;&#x72;&#x61;&#x6d;&#x6f;&#x76;&#x69;&#x63;&#x40;&#x6d;&#x65;&#x64;&#x72;&#x69;&#x2e;&#x75;&#x6e;&#x69;&#x72;&#x69;&#x2e;&#x68;&#x72;<\/a><br>Phone: +385 (0)51 651 145<\/p>\n\n\n\n<ul class=\"wp-block-list\">\n<li>Office hours for students:<br>Department Office \u2013 Monday\u2013Friday from 11 am to 1 pm<\/li>\n<\/ul>\n\n\n\n<p>Staff<\/p>\n\n\n\n<ul class=\"wp-block-list\">\n<li><strong>Department Head<\/strong>\n<ul class=\"wp-block-list\">\n<li>Prof. Marina \u0160anti\u0107, M.Sc.EPH, PhD (tenure)<br><em>E-mail:&nbsp;<\/em><a href=\"&#x6d;&#x61;&#x69;&#x6c;&#x74;&#x6f;&#x3a;&#x6d;&#x61;&#x6a;&#x61;&#x2e;&#x61;&#x62;&#x72;&#x61;&#x6d;&#x40;&#x6d;&#x65;&#x64;&#x72;&#x69;&#x2e;&#x75;&#x6e;&#x69;&#x72;&#x69;&#x2e;&#x68;&#x72;\" target=\"_blank\" rel=\"noreferrer noopener\"><em>m&#97;&#114;&#x69;&#x6e;&#x61;&#x2e;s&#97;&#110;&#116;&#x69;&#x63;&#x40;me&#100;&#114;&#x69;&#x2e;&#x75;ni&#114;&#105;&#x2e;&#x68;&#x72;<\/em><\/a><\/li>\n<\/ul>\n<\/li>\n\n\n\n<li><strong>Teaching staff<\/strong><ul><li>Prof. Maja Abram, MD, PhD (tenure)<br><em>E-mail:&nbsp;<\/em><a href=\"&#x6d;&#x61;&#105;&#108;to&#x3a;&#x6d;&#x61;&#106;a&#46;&#x61;&#x62;&#x72;&#97;&#109;&#64;&#x6d;&#x65;&#x64;&#114;&#105;&#46;&#x75;&#x6e;&#x69;&#114;&#105;&#46;h&#x72;\" target=\"_blank\" rel=\"noreferrer noopener\"><em>&#x6d;&#x61;&#106;a&#46;&#x61;&#x62;&#114;&#97;m&#x40;&#x6d;&#101;&#100;r&#x69;&#x2e;&#x75;&#110;ir&#x69;&#x2e;&#104;&#114;<\/em><\/a><em>&nbsp;<\/em><\/li><li>Prof. Darinka Vu\u010dkovi\u0107, MD, PhD&nbsp;(tenure)<br><em>E-mail:&nbsp;<\/em><a href=\"&#109;&#x61;i&#108;&#x74;o&#58;&#x64;a&#114;&#x69;n&#107;&#x61;&#46;&#x76;&#x75;&#99;&#x6b;&#x6f;&#118;&#x69;c&#64;&#x6d;e&#100;&#x72;i&#46;&#x75;n&#105;&#x72;&#105;&#x2e;&#x68;&#114;\" target=\"_blank\" rel=\"noreferrer noopener\"><em>&#x64;&#x61;&#x72;&#x69;&#110;&#107;&#97;&#46;vuc&#x6b;&#x6f;&#x76;&#x69;&#x63;&#64;&#109;&#101;dri&#x2e;&#x75;&#x6e;&#x69;&#x72;&#105;&#46;&#104;r<\/em><\/a><em>&nbsp;&nbsp;<\/em><\/li><li>Prof. Marina \u0160anti\u0107, M.Sc.EPH, PhD&nbsp;(tenure)<br><em>E-mail:&nbsp;<\/em><a href=\"&#x6d;&#x61;&#105;l&#x74;&#x6f;&#58;&#109;a&#x72;&#x69;&#110;&#97;&#46;&#x73;&#x61;&#110;ti&#x63;&#x40;&#109;e&#x64;&#x72;&#105;&#46;u&#x6e;&#x69;&#114;&#105;&#46;&#x68;&#x72;\" target=\"_blank\" rel=\"noreferrer noopener\"><em>&#109;&#x61;&#114;&#x69;&#110;&#x61;&#46;&#x73;&#97;&#x6e;&#116;&#x69;&#99;&#x40;&#109;&#x65;&#100;&#x72;&#105;&#x2e;&#117;&#x6e;&#105;&#x72;&#105;&#x2e;&#104;&#x72;<\/em><\/a><em>&nbsp;&nbsp;<\/em><\/li><li>Prof. Brigita Ti\u0107ac, MD, PhD&nbsp;&nbsp;<br><em>E-mail:&nbsp;<\/em><a href=\"mailto&#58;&#98;&#114;&#105;&#103;&#105;&#116;&#x61;&#x2e;&#x74;&#x69;&#x63;&#x61;&#x63;&#x40;&#x6d;&#x65;&#x64;&#x72;i&#46;unir&#105;&#46;&#104;&#114;\" target=\"_blank\" rel=\"noreferrer noopener\"><em>&#x62;&#x72;&#105;g&#x69;&#x74;&#x61;&#46;t&#x69;&#x63;&#x61;&#99;&#64;&#x6d;&#x65;&#x64;&#114;i&#x2e;&#x75;&#x6e;&#105;r&#x69;&#x2e;&#x68;&#114;<\/em><\/a><em>&nbsp;<\/em><\/li><li>Prof. Marina Bubonja \u0160onje, MD, PhD&nbsp;<br><em>E-mail:&nbsp;<\/em><a href=\"&#x6d;&#x61;&#x69;&#x6c;&#116;&#111;:ma&#x72;&#x69;&#x6e;&#x61;&#46;&#98;ubo&#x6e;&#x6a;&#x61;&#x40;&#109;&#101;&#100;ri&#x2e;&#x75;&#x6e;&#x69;&#114;&#105;&#46;hr\" target=\"_blank\" rel=\"noreferrer noopener\"><em>marina&#46;bubonja&#64;medri&#46;uni&#114;&#105;&#46;&#104;&#114;<\/em><\/a><em>&nbsp;&nbsp;<\/em><\/li><li>Prof. Ivana Gobin, M.Sc.EPH, PhD&nbsp;<br><em>E-mail:&nbsp;<\/em><a href=\"&#x6d;a&#x69;&#108;&#x74;&#111;&#x3a;&#x69;v&#x61;&#110;&#x61;&#46;&#x67;&#111;b&#x69;&#110;&#x40;&#117;&#x6e;&#105;r&#x69;&#46;&#x68;&#114;\" target=\"_blank\" rel=\"noreferrer noopener\"><em>&#x69;&#x76;&#x61;&#x6e;&#x61;&#x2e;&#103;&#111;&#98;&#105;n&#64;un&#x69;&#x72;&#x69;&#x2e;&#x68;&#x72;<\/em><\/a><em>&nbsp;&nbsp;<\/em><\/li><\/ul>\n<ul class=\"wp-block-list\">\n<li>Asst. Prof. Bojana Mohar Vitezi\u0107, M.Sc., PhD&nbsp;<br><em>E-mail:&nbsp;<\/em><a rel=\"noreferrer noopener\" href=\"mail&#116;&#111;&#58;&#98;&#111;&#x6a;&#x61;&#x6e;&#x61;&#x2e;&#x6d;&#x6f;har&#64;&#109;&#101;&#100;&#114;&#105;&#x2e;&#x75;&#x6e;&#x69;&#x72;&#x69;&#x2e;&#x68;r\" target=\"_blank\"><em>&#98;&#x6f;&#106;&#x61;n&#x61;&#46;&#109;&#x6f;&#104;&#x61;r&#x40;m&#101;&#x64;&#114;&#x69;&#46;&#x75;n&#105;&#x72;&#105;&#x2e;h&#x72;<\/em><\/a><em>&nbsp;<\/em><\/li>\n\n\n\n<li>Asst. Prof. Mirna Mihel\u010di\u0107, DVM, PhD&nbsp;&nbsp;<br><em>E-mail:&nbsp;<\/em><a rel=\"noreferrer noopener\" href=\"&#x6d;&#97;&#105;l&#x74;&#x6f;&#58;m&#x69;&#x72;&#110;a&#46;&#x6d;&#105;&#104;e&#x6c;&#x63;&#105;c&#x40;&#x6d;&#101;&#100;r&#x69;&#x2e;&#117;n&#x69;&#x72;&#105;&#46;&#x68;&#x72;\" target=\"_blank\"><em>&#x6d;&#x69;&#x72;&#x6e;&#97;&#46;&#109;ih&#x65;&#x6c;&#x63;&#x69;&#x63;&#64;&#109;&#101;dr&#x69;&#x2e;&#x75;&#x6e;&#x69;&#114;&#105;&#46;hr<\/em><\/a><em>&nbsp;&nbsp;<\/em><\/li>\n\n\n\n<li>Asst. Prof. Dolores Peru\u010d, MD, PhD&nbsp;<br><em>E-mail:&nbsp;<\/em><a href=\"&#109;&#x61;i&#x6c;&#x74;&#111;&#x3a;d&#111;&#x6c;&#111;&#x72;e&#115;&#x2e;p&#x65;r&#117;&#x63;&#64;&#x75;&#x6e;&#105;&#x72;i&#46;&#x68;&#114;\" target=\"_blank\" rel=\"noreferrer noopener\"><em>dolores&#46;&#112;&#101;&#114;&#117;&#99;&#64;&#117;&#110;&#105;&#114;&#x69;&#x2e;&#x68;&#x72;<\/em><\/a><em>&nbsp;&nbsp;<\/em><\/li>\n\n\n\n<li>Postdoctoral Research Assistant Davorka Repac Anti\u0107, MD, PhD<br><em>E-mail:&nbsp;<\/em><a href=\"mailto&#58;&#100;&#97;&#118;&#111;&#114;&#107;&#x61;&#x61;&#x72;&#x40;&#x6d;&#x65;&#x64;&#x72;&#x69;&#x2e;&#x75;&#x6e;iri&#46;hr\" target=\"_blank\" rel=\"noreferrer noopener\"><em>&#100;&#x61;v&#x6f;&#x72;&#107;&#x61;a&#114;&#x40;&#109;&#x65;d&#114;&#x69;&#46;&#x75;n&#105;&#x72;i&#x2e;&#x68;&#114;<\/em><\/a><\/li>\n\n\n\n<li>Postdoctoral Research Assistant Ina Viduka, M.Sc.EPH, PhD<br><em>E-mail:&nbsp;<\/em><a href=\"&#x6d;a&#x69;&#108;&#x74;&#x6f;:&#x69;&#110;&#x61;&#x2e;k&#x65;&#108;&#x61;&#x76;a&#x40;&#117;&#x6e;&#x69;r&#x69;&#46;&#x68;&#x72;\" target=\"_blank\" rel=\"noreferrer noopener\"><em>&#105;&#x6e;a&#46;&#x6b;e&#108;&#x61;v&#97;&#x40;u&#110;&#x69;&#114;&#x69;&#x2e;&#104;&#x72;<\/em><\/a><\/li>\n\n\n\n<li>Postdoctoral Research Assistant Ma\u0161a Kne\u017eevi\u0107, M.Sc., PhD<br><em>E-mail:&nbsp;<\/em><a href=\"&#x6d;&#97;i&#x6c;&#x74;&#111;:&#x6d;&#x61;&#115;a&#x2e;&#107;n&#x65;&#x7a;&#101;v&#x69;&#x63;&#64;m&#x65;&#100;&#114;&#x69;&#x2e;&#117;n&#x69;&#x72;&#105;&#46;&#x68;&#114;\" target=\"_blank\" rel=\"noreferrer noopener\"><em>&#109;&#x61;s&#97;&#x2e;k&#110;&#x65;z&#101;&#x76;i&#99;&#x40;&#109;&#x65;&#x64;&#114;&#x69;&#x2e;&#117;&#x6e;i&#114;&#x69;&#46;&#104;&#x72;<\/em><\/a><\/li>\n\n\n\n<li>Teaching Assistant Katja Lipo\u0161\u0107ak, MD (nominal title)<br><em>E-mail:&nbsp;<\/em><a href=\"&#109;&#97;&#x69;l&#116;&#x6f;&#x3a;k&#97;&#x74;&#x6a;a&#108;&#x69;p&#111;&#x73;&#x63;a&#107;&#x31;&#x38;0&#50;&#x40;g&#109;&#x61;&#x69;l&#46;&#x63;&#x6f;m\"><em>&#x6b;&#x61;&#116;ja&#x6c;&#x69;&#112;&#111;s&#x63;&#x61;&#107;&#49;8&#x30;&#x32;&#x40;&#103;ma&#x69;&#x6c;&#46;&#99;o&#x6d;<\/em><\/a><\/li>\n\n\n\n<li>Teaching Assistant Kristina Franji\u0107, MD (nominal title)<br><em>E-mail:&nbsp;<a href=\"&#109;a&#x69;l&#x74;o&#x3a;&#107;&#x72;&#105;&#x73;&#116;i&#x6e;a&#x2e;f&#x72;&#97;&#x6e;&#106;&#x69;&#99;&#x34;&#64;g&#x6d;a&#x69;l&#x2e;&#99;&#x6f;&#109;\">&#107;&#x72;&#105;&#x73;&#116;&#x69;&#110;&#x61;&#46;&#x66;&#114;&#x61;&#110;&#x6a;&#105;&#x63;&#52;&#x40;&#103;&#x6d;&#97;&#x69;&#108;&#x2e;&#99;&#x6f;m<\/a><\/em><\/li>\n\n\n\n<li>Teaching Assistant Ivana \u0160krobonja, MD (nominal title)<br><em>E-mail:\u00a0<a href=\"&#109;&#x61;&#105;&#x6c;&#116;&#x6f;&#58;&#x69;&#118;&#x61;&#110;&#x61;&#46;&#x73;k&#x72;o&#x62;o&#x6e;j&#x61;7&#53;&#x40;&#103;&#x6d;&#97;&#x69;&#108;&#x2e;&#99;&#x6f;&#109;\">ivana&#46;sk&#114;&#111;&#98;&#111;&#110;&#106;&#97;&#55;&#53;&#64;&#x67;&#x6d;&#x61;&#x69;&#x6c;&#x2e;&#x63;&#x6f;&#x6d;<\/a><\/em><\/li>\n<\/ul>\n<\/li>\n<\/ul>\n\n\n\n<ul class=\"wp-block-list\">\n<li><strong>Associates<\/strong>\n<ul class=\"wp-block-list\">\n<li>Postdoctoral Research Assistant Andreja Zubkovi\u0107, PhD \u2013 Project Assistant<br><em>E-mail:\u00a0<\/em><a href=\"&#109;&#x61;i&#108;&#x74;o&#58;&#x69;n&#x61;&#x2e;&#107;&#x65;l&#97;&#x76;a&#64;&#x75;n&#x69;&#x72;&#105;&#x2e;&#x68;&#114;\" target=\"_blank\" rel=\"noreferrer noopener\"><em>andrejaz<\/em><\/a><a href=\"&#109;&#x61;i&#x6c;&#x74;&#111;&#x3a;i&#110;&#x61;&#46;&#x6b;e&#108;&#x61;v&#x61;&#64;&#117;&#x6e;i&#x72;&#x69;&#46;&#x68;r\" target=\"_blank\" rel=\"noreferrer noopener\"><em>@uniri.hr<\/em><\/a><\/li>\n<\/ul>\n<\/li>\n<\/ul>\n\n\n\n<ul class=\"wp-block-list\">\n<li><strong>Nonteaching staff<\/strong>\n<ul class=\"wp-block-list\">\n<li>Sandra Abramovi\u0107 \u2013 Administrative Secretary<br><em>E-mail:&nbsp;<\/em><a href=\"&#x6d;&#x61;&#105;l&#x74;&#x6f;&#58;sa&#x6e;&#x64;&#114;a&#x2e;&#x61;&#98;&#114;a&#x6d;&#x6f;&#118;i&#x63;&#x40;&#109;&#101;d&#x72;&#x69;&#46;u&#x6e;&#x69;&#114;&#105;&#46;&#x68;&#x72;\" target=\"_blank\" rel=\"noreferrer noopener\"><em>&#x73;&#x61;&#110;d&#x72;&#x61;&#46;&#97;b&#x72;&#x61;&#109;&#111;v&#x69;&#x63;&#64;me&#x64;&#x72;&#105;&#46;&#x75;&#x6e;&#105;&#114;i&#x2e;&#x68;&#114;<\/em><\/a><\/li>\n\n\n\n<li>Gabrijela Begi\u0107, M.Sc.MLD, PhD \u2013 Senior Laboratory Technician<br><em>E-mail:&nbsp;<\/em><a href=\"m&#97;&#105;&#x6c;&#x74;&#x6f;:&#103;&#97;&#x62;&#x72;&#x69;je&#108;&#x61;&#x2e;&#x62;eg&#105;&#99;&#x40;&#x75;&#x6e;i&#114;&#105;&#x2e;&#x68;&#x72;\" target=\"_blank\" rel=\"noreferrer noopener\"><em>&#x67;&#x61;&#x62;&#x72;&#x69;&#106;&#101;&#108;&#97;&#46;be&#x67;&#x69;&#x63;&#x40;&#x75;&#x6e;&#105;&#114;&#105;&#46;hr<\/em><\/a><\/li>\n\n\n\n<li>Danica Rebi\u0107, B.Sc.MLD \u2013 Senior Laboratory Technician<br><em>E-mail:\u00a0<\/em><a href=\"&#x6d;a&#x69;l&#x74;&#111;&#x3a;&#100;a&#x6e;i&#x63;&#97;&#x2e;&#114;&#x65;&#98;i&#x63;&#64;&#x6d;&#101;&#x64;&#114;&#x69;&#x2e;u&#x6e;i&#x72;&#105;&#x2e;&#104;r\" target=\"_blank\" rel=\"noreferrer noopener\"><em>&#x64;&#97;&#110;i&#x63;&#x61;&#46;r&#x65;&#x62;&#105;c&#64;&#x6d;&#101;&#100;r&#x69;&#x2e;&#117;n&#x69;&#x72;&#105;&#46;h&#x72;<\/em><\/a><\/li>\n\n\n\n<li>Gabriel Tomas \u2013 Laboratory Technician<br><em>E-mail:\u00a0<\/em><a href=\"&#x6d;&#x61;&#x69;&#108;&#116;&#111;:d&#x61;&#x6e;&#x69;&#x63;&#97;&#46;re&#x62;&#x69;&#x63;&#x40;&#109;&#101;dr&#x69;&#x2e;&#x75;&#x6e;&#105;&#114;&#105;&#46;h&#x72;\" target=\"_blank\" rel=\"noreferrer noopener\"><em>gabriel<\/em><\/a><a href=\"&#109;&#x61;&#105;&#x6c;&#116;&#x6f;:&#x64;a&#x6e;i&#99;&#x61;&#46;&#x72;&#101;&#x62;&#105;&#x63;&#64;&#x6d;e&#x64;r&#105;&#x2e;&#117;&#x6e;&#105;&#x72;&#105;&#x2e;h&#x72;\" target=\"_blank\" rel=\"noreferrer noopener\"><em>&#46;t&#111;&#109;&#97;&#115;&#x40;&#x6d;&#x65;&#x64;&#x72;i&#46;&#117;&#110;&#105;&#114;&#x69;&#x2e;&#x68;&#x72;<\/em><\/a><\/li>\n\n\n\n<li>Elena Mitrovi\u0107 \u2013 Laboratory Technician<br><em>E-mail:\u00a0<\/em><a href=\"m&#97;&#105;&#x6c;&#x74;o:&#100;&#97;&#x6e;&#x69;ca&#46;&#114;&#x65;&#x62;ic&#64;&#x6d;&#x65;&#x64;r&#105;&#46;&#x75;&#x6e;&#x69;r&#105;&#46;&#x68;&#x72;\" target=\"_blank\" rel=\"noreferrer noopener\"><em>elenam<\/em><\/a><a href=\"&#x6d;a&#x69;l&#x74;&#111;&#x3a;&#100;a&#x6e;i&#x63;&#97;&#x2e;&#114;&#x65;&#98;i&#x63;&#64;&#x6d;&#101;&#x64;&#114;&#x69;&#x2e;u&#x6e;i&#x72;&#105;&#x2e;&#104;r\" target=\"_blank\" rel=\"noreferrer noopener\"><em>@uniri.hr<\/em><\/a><\/li>\n\n\n\n<li>Mirjana Oljica \u2013 Assistant Technical Associate<br><em>E-mail:&nbsp;<\/em><a href=\"&#x6d;&#x61;&#105;&#108;&#116;o&#x3a;&#x6d;&#x69;&#114;&#106;an&#x61;&#x2e;&#x6f;&#108;&#106;i&#x63;&#x61;&#x40;&#109;&#101;&#100;r&#x69;&#x2e;&#x75;&#110;&#105;ri&#x2e;&#x68;&#x72;\" target=\"_blank\" rel=\"noreferrer noopener\"><em>&#x6d;&#105;r&#x6a;&#x61;&#110;a&#x2e;&#111;l&#x6a;&#x69;&#99;a&#x40;&#109;e&#x64;&#x72;&#105;&#46;&#x75;&#x6e;&#105;&#x72;&#x69;&#46;h&#x72;<\/em><\/a><\/li>\n<\/ul>\n<\/li>\n<\/ul>\n","protected":false},"excerpt":{"rendered":"<p>Department of Microbiology and Parasitology Faculty of Medicine in RijekaBra\u0107e Branchetta 20, 51000 RijekaPhone: +385 (0)51 651 145 Contact Department Head:Prof. Marina \u0160anti\u0107, M.Sc.EPH, PhD (tenure)E-mail:&nbsp;&#109;&#97;&#x72;i&#110;&#x61;&#x2e;s&#97;&#x6e;&#x74;i&#99;&#x40;m&#101;&#x64;&#x72;i&#46;&#x75;&#x6e;i&#114;&#x69;&#46;&#104;&#x72;Phone: +385 (0)51 651 267 Department Secretary:Sandra Abramovi\u0107E-mail:&nbsp;san&#100;&#114;&#97;&#46;&#x61;&#x62;&#x72;&#x61;&#x6d;&#x6f;&#x76;ic&#64;&#109;&#101;&#100;&#114;&#105;&#x2e;&#x75;&#x6e;&#x69;&#x72;&#x69;&#46;hrPhone: +385 (0)51 651 145 Staff<\/p>\n","protected":false},"author":4,"featured_media":0,"parent":13205,"menu_order":18,"comment_status":"closed","ping_status":"closed","template":"","meta":{"_acf_changed":false,"ub_ctt_via":"","footnotes":""},"class_list":["post-13240","page","type-page","status-publish","hentry"],"acf":[],"featured_image_src":null,"_links":{"self":[{"href":"https:\/\/medri.uniri.hr\/en\/wp-json\/wp\/v2\/pages\/13240","targetHints":{"allow":["GET"]}}],"collection":[{"href":"https:\/\/medri.uniri.hr\/en\/wp-json\/wp\/v2\/pages"}],"about":[{"href":"https:\/\/medri.uniri.hr\/en\/wp-json\/wp\/v2\/types\/page"}],"author":[{"embeddable":true,"href":"https:\/\/medri.uniri.hr\/en\/wp-json\/wp\/v2\/users\/4"}],"replies":[{"embeddable":true,"href":"https:\/\/medri.uniri.hr\/en\/wp-json\/wp\/v2\/comments?post=13240"}],"version-history":[{"count":8,"href":"https:\/\/medri.uniri.hr\/en\/wp-json\/wp\/v2\/pages\/13240\/revisions"}],"predecessor-version":[{"id":24695,"href":"https:\/\/medri.uniri.hr\/en\/wp-json\/wp\/v2\/pages\/13240\/revisions\/24695"}],"up":[{"embeddable":true,"href":"https:\/\/medri.uniri.hr\/en\/wp-json\/wp\/v2\/pages\/13205"}],"wp:attachment":[{"href":"https:\/\/medri.uniri.hr\/en\/wp-json\/wp\/v2\/media?parent=13240"}],"curies":[{"name":"wp","href":"https:\/\/api.w.org\/{rel}","templated":true}]}}