{"id":13242,"date":"2021-05-27T11:58:08","date_gmt":"2021-05-27T09:58:08","guid":{"rendered":"https:\/\/medri.uniri.hr\/?page_id=13242"},"modified":"2023-04-28T12:02:39","modified_gmt":"2023-04-28T10:02:39","slug":"molecular-medicine-and-biotechnology","status":"publish","type":"page","link":"https:\/\/medri.uniri.hr\/en\/faculty\/organisational-units\/departments\/molecular-medicine-and-biotechnology\/","title":{"rendered":"Molecular Medicine and Biotechnology"},"content":{"rendered":"\n<p><strong>Department of Molecular Medicine and Biotechnology<\/strong><br>Faculty of Medicine in Rijeka<br>Bra\u0107e Branchetta 20, 51000 Rijeka<br>Phone: +385 (0)51 651 197<\/p>\n\n\n\n<p>Contact<\/p>\n\n\n\n<p><strong>Department Head:<br><\/strong>Prof. <strong>Sini\u0161a Volarevi\u0107<\/strong>, MD, PhD (tenure)<br><em>E-mail:&nbsp;<\/em><a href=\"&#x6d;&#x61;&#x69;&#x6c;&#x74;&#x6f;&#x3a;&#115;&#105;&#110;&#105;&#115;a&#46;vo&#x6c;&#x61;&#x72;&#x65;&#x76;&#x69;&#x63;&#x40;&#109;&#101;&#100;&#114;&#105;&#46;uni&#x72;&#x69;&#x2e;&#x68;&#x72;\"><em>&#x73;&#105;n&#x69;&#115;a&#x2e;&#118;o&#x6c;&#97;r&#x65;&#118;i&#x63;&#64;m&#x65;&#100;r&#x69;&#46;u&#x6e;&#105;r&#x69;&#46;h&#x72;<\/em><\/a><em><br>Phone: +385 (0)51 651 120<\/em><br><br><strong>Department Secretary:<br>Marija Stani\u010di\u0107<\/strong><br><em>E-mail:&nbsp;<\/em><a href=\"&#x6d;&#x61;&#x69;&#108;&#116;o:&#x6d;&#x61;&#x72;&#x69;&#106;&#97;ds&#x40;&#x6d;&#x65;&#100;&#114;&#105;&#46;u&#x6e;&#x69;&#x72;&#105;&#46;hr\"><em>marijads&#64;medri&#46;uniri&#46;hr<\/em><\/a><em><br>Phone: +385 (0)51 651 197<\/em><\/p>\n\n\n\n<ul class=\"wp-block-list\">\n<li>Office hours for students:<br>Department Office \u2013 Monday\u2013Friday from 12 pm to 2 pm<\/li>\n<\/ul>\n\n\n\n<p>Staff<\/p>\n\n\n\n<ul class=\"wp-block-list\">\n<li><strong>Department Head<\/strong>\n<ul class=\"wp-block-list\">\n<li>Prof. Sini\u0161a Volarevi\u0107, MD, PhD (tenure)<\/li>\n<\/ul>\n<\/li>\n<\/ul>\n\n\n\n<p><em>E-mail:&nbsp;<\/em><a href=\"&#x6d;&#97;i&#x6c;&#116;&#111;&#x3a;&#x73;&#105;n&#x69;&#115;a&#x2e;&#x76;&#111;l&#x61;&#114;e&#x76;&#x69;&#99;&#64;&#x6d;&#101;d&#x72;&#x69;&#46;u&#x6e;&#105;r&#x69;&#x2e;&#104;&#x72;\"><em>&#115;&#x69;n&#105;&#x73;a&#46;&#x76;o&#108;&#x61;r&#101;&#x76;&#105;&#x63;&#x40;&#109;&#x65;&#x64;&#114;&#x69;&#46;&#117;&#x6e;i&#114;&#x69;&#46;&#104;&#x72;<\/em><\/a><em><\/em><\/p>\n\n\n\n<ul class=\"wp-block-list\">\n<li><strong>Teaching staff<\/strong>\n<ul class=\"wp-block-list\">\n<li>Prof. Sini\u0161a Volarevi\u0107, MD, PhD (tenure)<br><em>E-mail:&nbsp;<\/em><a href=\"&#x6d;&#x61;&#x69;&#x6c;&#x74;&#111;&#58;&#115;&#105;nis&#x61;&#x2e;&#x76;&#x6f;&#x6c;&#x61;&#114;&#101;&#118;ic&#64;&#x6d;&#x65;&#x64;&#x72;&#x69;&#x2e;&#117;&#110;&#105;&#114;i&#46;h&#x72;\" target=\"_blank\" rel=\"noreferrer noopener\"><em>s&#105;&#x6e;&#x69;&#x73;a&#46;&#118;&#x6f;&#x6c;a&#114;&#101;&#x76;&#x69;c&#64;&#109;&#x65;&#x64;&#x72;i&#46;&#x75;&#x6e;&#x69;r&#105;&#46;&#x68;&#x72;<\/em><\/a><\/li>\n<\/ul>\n<\/li>\n<\/ul>\n\n\n\n<ul class=\"wp-block-list\">\n<li>Assoc. Prof. Ivana Mihalek, M.Sc., PhD (nominal title)<br><em>E-mail:&nbsp;<\/em><a rel=\"noreferrer noopener\" href=\"&#x6d;&#x61;&#x69;&#x6c;&#x74;&#x6f;&#x3a;&#x69;&#x76;&#x61;&#x6e;&#x61;&#x2e;&#x6d;&#105;&#104;&#97;&#108;&#101;&#107;&#64;&#109;&#101;&#100;&#114;i&#46;uniri&#46;&#x68;&#x72;\" target=\"_blank\"><em>&#x69;&#x76;&#97;&#110;a&#46;&#x6d;&#x69;&#x68;&#97;le&#x6b;&#x40;&#x6d;&#101;&#100;r&#x69;&#x2e;&#x75;&#110;&#105;r&#x69;&#x2e;&#x68;&#114;<\/em><\/a><\/li>\n<\/ul>\n\n\n\n<ul class=\"wp-block-list\">\n<li>Asst. Prof. Sla\u0111ana Bursa\u0107, M.Sc.EPH, PhD<br><em>E-mail:\u00a0<\/em><a rel=\"noreferrer noopener\" href=\"&#109;&#x61;&#105;&#x6c;t&#111;&#x3a;&#115;&#x6c;a&#x64;a&#110;&#x61;&#46;&#x62;u&#x72;&#x73;&#97;&#x63;&#64;&#x6d;e&#100;&#x72;&#105;&#x2e;u&#x6e;i&#114;&#x69;&#46;&#x68;r\" target=\"_blank\"><em>&#x73;l&#x61;&#100;&#x61;&#110;a&#x2e;&#98;&#x75;&#114;s&#x61;&#99;&#x40;&#109;e&#x64;r&#x69;&#46;&#x75;&#x6e;i&#x72;&#105;&#x2e;&#104;r<\/em><\/a><\/li>\n<\/ul>\n\n\n\n<ul class=\"wp-block-list\">\n<li>Teaching Assistant Katarina Budi\u0107, M.Sc.<\/li>\n<\/ul>\n\n\n\n<ul class=\"wp-block-list\">\n<li>Postdoctoral Researcher Milorad Zjali\u0107, PhD&nbsp;&nbsp;&nbsp;&nbsp;&nbsp;&nbsp;&nbsp;&nbsp;&nbsp;&nbsp;<\/li>\n<\/ul>\n\n\n\n<p><em>E-mail:&nbsp;<\/em><a href=\"&#109;&#x61;i&#x6c;&#x74;&#111;&#x3a;m&#105;&#x6c;&#111;&#x72;a&#100;&#x2e;z&#x6a;a&#108;&#x69;c&#x40;&#x6d;&#101;&#x64;r&#105;&#x2e;&#117;&#x6e;i&#114;&#x69;&#46;&#x68;r\" target=\"_blank\" rel=\"noreferrer noopener\"><em>&#x6d;&#105;l&#x6f;&#x72;&#97;d&#x2e;&#x7a;&#106;a&#x6c;&#105;c&#x40;&#x6d;&#101;d&#x72;&#x69;&#46;u&#x6e;&#105;&#114;&#x69;&#x2e;&#104;r<\/em><\/a>&nbsp;<\/p>\n\n\n\n<ul class=\"wp-block-list\">\n<li><strong>Nonteaching staff<\/strong>\n<ul class=\"wp-block-list\">\n<li>Marija Stani\u010di\u0107, M.Ec. \u2013 Administrative Secretary<\/li>\n<\/ul>\n<\/li>\n<\/ul>\n\n\n\n<p><em>E-mail:&nbsp;<\/em><a href=\"m&#97;&#x69;&#x6c;t&#111;&#58;&#x6d;&#x61;r&#105;&#106;&#x61;&#x64;s&#64;&#x6d;&#x65;&#x64;r&#105;&#x2e;&#x75;n&#105;&#114;&#x69;&#x2e;h&#114;\" target=\"_blank\" rel=\"noreferrer noopener\"><em>&#x6d;&#97;&#114;&#x69;&#x6a;&#97;&#100;&#x73;&#x40;&#109;&#101;&#x64;&#x72;&#105;&#46;&#x75;&#x6e;&#105;&#114;&#x69;&#x2e;&#104;&#114;<\/em><\/a><em><\/em><\/p>\n\n\n\n<ul class=\"wp-block-list\">\n<li>Ivana Matu\u0161i\u0107, M.Sc.MLD \u2013 Senior Laboratory Technician<br><em>E-mail:&nbsp;<\/em><a href=\"&#109;a&#105;l&#116;o&#x3a;i&#x76;a&#x6e;a&#x2e;m&#x61;t&#x75;s&#x69;c&#x40;m&#x65;d&#x72;&#105;&#x2e;&#117;&#x6e;&#105;&#x72;&#105;&#x2e;&#104;&#x72;\" target=\"_blank\" rel=\"noreferrer noopener\"><em>&#x69;&#x76;&#x61;&#x6e;&#97;&#46;&#109;at&#x75;&#x73;&#x69;&#x63;&#x40;&#109;&#101;&#100;ri&#x2e;&#x75;&#x6e;&#x69;&#x72;&#105;&#46;&#104;r<\/em><\/a><\/li>\n<\/ul>\n\n\n\n<ul class=\"wp-block-list\">\n<li>Miljana Uzelac, B.Sc.MLD \u2013 Senior Laboratory Technician<br><em>E-mail:&nbsp;<\/em><a href=\"&#109;&#x61;i&#x6c;&#x74;&#111;&#x3a;m&#105;&#x6c;&#106;&#x61;n&#97;&#x2e;u&#x7a;e&#108;&#x61;c&#x40;&#x6d;&#101;&#x64;r&#105;&#x2e;&#117;&#x6e;i&#114;&#x69;&#46;&#x68;r\" target=\"_blank\" rel=\"noreferrer noopener\"><em>&#x6d;&#105;l&#x6a;&#x61;&#110;a&#x2e;&#117;z&#x65;&#x6c;&#97;c&#x40;&#109;e&#x64;&#x72;&#105;&#46;&#x75;&#x6e;&#105;&#x72;&#x69;&#46;h&#x72;<\/em><\/a><\/li>\n<\/ul>\n","protected":false},"excerpt":{"rendered":"<p>Department of Molecular Medicine and BiotechnologyFaculty of Medicine in RijekaBra\u0107e Branchetta 20, 51000 RijekaPhone: +385 (0)51 651 197 Contact Department Head:Prof. Sini\u0161a Volarevi\u0107, MD, PhD (tenure)E-mail:&nbsp;&#x73;&#x69;&#x6e;&#105;&#115;&#97;&#46;v&#x6f;&#x6c;&#x61;&#x72;&#101;&#118;ic&#x40;&#x6d;&#x65;&#x64;&#114;&#105;&#46;u&#x6e;&#x69;&#x72;&#x69;&#46;&#104;&#114;Phone: +385 (0)51 651 120 Department Secretary:Marija Stani\u010di\u0107E-mail:&nbsp;&#109;&#x61;&#114;&#x69;&#106;&#x61;d&#x73;&#64;&#x6d;e&#100;&#x72;&#105;&#x2e;&#117;&#x6e;&#105;&#x72;i&#x2e;h&#x72;Phone: +385 (0)51 651 197 Staff E-mail:&nbsp;&#x73;&#x69;&#110;&#105;s&#x61;&#x2e;&#x76;&#111;la&#x72;&#x65;&#118;&#105;c&#x40;&#x6d;&#x65;&#100;ri&#x2e;&#x75;&#110;&#105;r&#x69;&#x2e;&#x68;&#114; E-mail:&nbsp;&#109;i&#x6c;o&#x72;a&#x64;&#46;&#x7a;j&#x61;l&#x69;&#99;&#x40;&#109;&#x65;&#100;&#x72;&#105;&#x2e;&#117;&#x6e;&#105;&#x72;&#105;&#46;&#x68;r&nbsp; E-mail:&nbsp;&#x6d;&#x61;&#x72;&#105;&#106;ad&#x73;&#x40;&#x6d;&#x65;&#100;&#114;i&#46;&#x75;&#x6e;&#x69;&#114;&#105;&#46;hr<\/p>\n","protected":false},"author":4,"featured_media":0,"parent":13205,"menu_order":19,"comment_status":"closed","ping_status":"closed","template":"","meta":{"_acf_changed":false,"ub_ctt_via":"","footnotes":""},"class_list":["post-13242","page","type-page","status-publish","hentry"],"acf":[],"featured_image_src":null,"_links":{"self":[{"href":"https:\/\/medri.uniri.hr\/en\/wp-json\/wp\/v2\/pages\/13242","targetHints":{"allow":["GET"]}}],"collection":[{"href":"https:\/\/medri.uniri.hr\/en\/wp-json\/wp\/v2\/pages"}],"about":[{"href":"https:\/\/medri.uniri.hr\/en\/wp-json\/wp\/v2\/types\/page"}],"author":[{"embeddable":true,"href":"https:\/\/medri.uniri.hr\/en\/wp-json\/wp\/v2\/users\/4"}],"replies":[{"embeddable":true,"href":"https:\/\/medri.uniri.hr\/en\/wp-json\/wp\/v2\/comments?post=13242"}],"version-history":[{"count":5,"href":"https:\/\/medri.uniri.hr\/en\/wp-json\/wp\/v2\/pages\/13242\/revisions"}],"predecessor-version":[{"id":17139,"href":"https:\/\/medri.uniri.hr\/en\/wp-json\/wp\/v2\/pages\/13242\/revisions\/17139"}],"up":[{"embeddable":true,"href":"https:\/\/medri.uniri.hr\/en\/wp-json\/wp\/v2\/pages\/13205"}],"wp:attachment":[{"href":"https:\/\/medri.uniri.hr\/en\/wp-json\/wp\/v2\/media?parent=13242"}],"curies":[{"name":"wp","href":"https:\/\/api.w.org\/{rel}","templated":true}]}}