{"id":13244,"date":"2021-05-27T11:58:35","date_gmt":"2021-05-27T09:58:35","guid":{"rendered":"https:\/\/medri.uniri.hr\/?page_id=13244"},"modified":"2024-02-11T22:22:11","modified_gmt":"2024-02-11T20:22:11","slug":"neurosurgery","status":"publish","type":"page","link":"https:\/\/medri.uniri.hr\/en\/faculty\/organisational-units\/departments\/neurosurgery\/","title":{"rendered":"Neurosurgery"},"content":{"rendered":"\n<p><strong>Department of Neurosurgery<\/strong><br>Faculty of Medicine in Rijeka<br>Tome Stri\u017ei\u0107a 3, 51000 Rijeka<br>Phone: +385 (0)51 407 248<\/p>\n\n\n\n<p>Contact<\/p>\n\n\n\n<p><strong>Department Head:<br><\/strong>Asst. Prof.\u00a0<strong>Hrvoje \u0160imi\u0107<\/strong>,\u00a0MD, PhD\u00a0<br>E-mail:\u00a0<a href=\"&#x6d;&#97;i&#x6c;&#x74;&#111;:&#x64;&#x61;&#114;k&#x6f;&#46;l&#x65;&#x64;&#105;c&#x40;&#x6d;&#101;d&#x72;&#105;&#46;&#x75;&#x6e;&#105;r&#x69;&#x2e;&#104;r\">&#x68;r&#x76;&#111;&#x6a;&#101;&#46;&#x73;i&#x6d;&#105;&#x63;&#64;m&#x65;&#100;&#x72;&#105;&#46;&#x75;n&#x69;&#114;&#x69;&#46;h&#x72;<\/a>\u00a0<br>Phone: +385 (0)51 407 248<br><br><strong>Department Secretary:<br>Jadranka Grubi\u0107<\/strong>,\u00a0M.Ec.<br>E-mail:\u00a0<a href=\"&#x6d;&#x61;&#x69;&#108;&#116;o:&#x6a;&#x61;&#x64;&#114;&#97;nk&#x61;&#x2e;&#x67;&#114;&#117;bi&#x63;&#x40;&#x6d;&#101;&#100;ri&#x2e;&#x75;&#x6e;&#105;&#114;i&#46;&#x68;&#x72;\">&#106;&#x61;&#100;&#x72;&#97;&#x6e;&#107;&#x61;&#46;&#x67;&#114;&#x75;&#98;&#x69;&#99;&#x40;&#109;&#x65;&#100;&#x72;&#105;&#x2e;&#117;&#x6e;&#105;&#x72;&#105;&#x2e;&#104;&#x72;<\/a>\u00a0<br>Phone: +385 (0)51 407 248\u00a0<\/p>\n\n\n\n<ul class=\"wp-block-list\">\n<li>Office hours for students:<br>Department Office \u2013 Monday\u2013Friday from 10 am to 2 pm<\/li>\n<\/ul>\n\n\n\n<p>Staff<\/p>\n\n\n\n<ul class=\"wp-block-list\">\n<li><strong>Department Head<\/strong>\n<ul class=\"wp-block-list\">\n<li>Asst. Prof. Hrvoje \u0160imi\u0107,&nbsp;MD, PhD<\/li>\n<\/ul>\n<\/li>\n<\/ul>\n\n\n\n<ul class=\"wp-block-list\">\n<li><strong>Teaching staff<\/strong>\n<ul class=\"wp-block-list\">\n<li>Asst. Prof. Dean&nbsp;Girotto,&nbsp;MD, PhD&nbsp;<\/li>\n\n\n\n<li>Asst. Prof. Hrvoje \u0160imi\u0107,&nbsp;MD, PhD&nbsp;&nbsp;<\/li>\n\n\n\n<li>Assoc. Prof. Karlo Houra,&nbsp;MD, PhD (nominal title) \u2013&nbsp;external associate&nbsp;<\/li>\n<\/ul>\n<\/li>\n\n\n\n<li><strong>Teaching associates:&nbsp;<\/strong>\n<ul class=\"wp-block-list\">\n<li>Teaching Assistant Ana Gavrani\u0107,&nbsp;MD (nominal title)<br>E-mail:&nbsp;<a href=\"&#109;&#x61;&#105;&#x6c;t&#x6f;:&#106;&#x61;&#100;&#x72;&#97;&#x6e;k&#x61;&#46;&#103;&#x72;&#117;&#x62;i&#x63;&#64;&#x6d;&#x65;&#100;&#x72;&#105;&#x2e;u&#x6e;i&#114;&#x69;&#46;&#x68;&#114;\">&#x61;&#x6e;&#x61;&#x2e;&#x67;&#x61;&#x76;&#114;&#97;&#110;&#105;&#99;&#64;uni&#x72;&#x69;&#x2e;&#x68;&#x72;<\/a>&nbsp;<\/li>\n\n\n\n<li>Teaching Assistant Ozren Vidak,&nbsp;MD (nominal title)<br>E-mail:&nbsp;<a href=\"ma&#105;&#108;&#116;&#x6f;&#x3a;&#x6a;&#x61;&#x64;ra&#110;&#107;&#97;&#x2e;&#x67;&#x72;&#x75;&#x62;ic&#64;&#109;&#101;&#x64;&#x72;&#x69;&#x2e;&#x75;ni&#114;&#105;&#46;&#x68;&#x72;\">&#x6f;&#x7a;&#114;&#101;n&#x2e;&#x76;&#x69;&#100;&#97;k&#x40;&#x75;&#x6e;&#105;&#114;i&#x2e;&#x68;&#x72;<\/a>&nbsp;<\/li>\n\n\n\n<li>Teaching Assistant Darko Planini\u0107,&nbsp;MD (nominal title)<br>E-mail:&nbsp;<a href=\"&#x6d;&#97;&#x69;&#x6c;&#116;&#x6f;&#x3a;&#106;&#x61;&#x64;&#114;&#x61;&#x6e;k&#x61;&#x2e;g&#x72;&#117;b&#x69;&#99;&#64;&#x6d;&#101;d&#x72;&#105;&#46;&#x75;&#110;i&#x72;&#105;&#46;&#x68;&#114;\">&#100;a&#x72;k&#x6f;&#46;&#x70;l&#x61;&#110;&#x69;&#110;&#x69;&#99;&#x40;&#117;n&#105;r&#x69;&#46;&#x68;r<\/a>&nbsp;<\/li>\n\n\n\n<li>Teaching Assistant Barbara Kolbah,&nbsp;MD (nominal title)<br>E-mail:&nbsp;<a href=\"&#109;&#x61;&#105;&#x6c;&#116;&#x6f;:&#x6a;a&#100;&#x72;&#97;&#x6e;&#107;&#x61;&#46;&#x67;r&#117;&#x62;&#105;&#x63;&#64;&#x6d;&#101;&#x64;r&#x69;&#46;&#117;&#x6e;&#105;&#x72;&#105;&#x2e;h&#x72;\">&#98;&#x61;&#x72;&#98;&#x61;&#x72;&#97;&#x2e;&#x6b;&#111;&#x6c;&#x62;&#97;&#x68;&#x40;&#117;&#x6e;&#x69;&#114;&#x69;&#x2e;&#104;&#x72;<\/a><\/li>\n\n\n\n<li>Teaching Assistant Boris Blai\u0107 Mr\u0111enovi\u0107,&nbsp;MD (nominal title)<br>E-mail:&nbsp;<a href=\"&#x6d;a&#x69;&#108;t&#x6f;&#58;&#x6a;&#97;d&#x72;&#97;&#x6e;&#107;a&#x2e;&#103;&#x72;&#x75;b&#x69;&#99;&#64;&#x6d;&#101;&#x64;&#114;i&#x2e;&#117;&#x6e;&#105;r&#x69;&#46;&#x68;&#x72;\">b&#111;&#114;&#x69;&#x73;bm&#64;&#117;&#x6e;&#x69;ri&#46;&#104;&#x72;<\/a><\/li>\n\n\n\n<li>Teaching Assistant Zvonimir Kvas,&nbsp;MD (nominal title)<br>E-mail:&nbsp;<a href=\"&#109;&#x61;&#105;&#x6c;t&#x6f;:&#106;&#x61;&#100;&#x72;a&#x6e;k&#97;&#x2e;&#103;&#x72;u&#x62;i&#99;&#x40;&#109;&#x65;d&#x72;i&#46;&#x75;&#110;&#x69;r&#x69;&#46;&#104;&#x72;\">&#x7a;&#x76;&#111;&#110;i&#x6d;&#x69;&#x72;&#46;&#107;v&#x61;&#x73;&#x40;&#117;&#110;i&#x72;&#x69;&#x2e;&#104;&#114;<\/a><\/li>\n<\/ul>\n<\/li>\n<\/ul>\n\n\n\n<ul class=\"wp-block-list\">\n<li><strong>Nonteaching staff<\/strong>\n<ul class=\"wp-block-list\">\n<li>Jadranka Grubi\u0107,&nbsp;P.M.Ec. \u2013 Administrative Secretary<\/li>\n<\/ul>\n<\/li>\n<\/ul>\n","protected":false},"excerpt":{"rendered":"<p>Department of NeurosurgeryFaculty of Medicine in RijekaTome Stri\u017ei\u0107a 3, 51000 RijekaPhone: +385 (0)51 407 248 Contact Department Head:Asst. Prof.\u00a0Hrvoje \u0160imi\u0107,\u00a0MD, PhD\u00a0E-mail:\u00a0&#x68;&#x72;&#118;o&#x6a;&#x65;&#x2e;&#115;i&#x6d;&#x69;&#x63;&#64;m&#x65;&#x64;&#x72;&#105;&#46;&#x75;&#x6e;&#x69;&#114;i&#x2e;&#x68;&#x72;\u00a0Phone: +385 (0)51 407 248 Department Secretary:Jadranka Grubi\u0107,\u00a0M.Ec.E-mail:\u00a0jadr&#97;&#110;&#107;&#97;&#46;&#103;&#114;&#x75;&#x62;&#x69;&#x63;&#x40;&#x6d;&#x65;&#x64;&#x72;i&#46;un&#105;&#114;&#105;&#46;&#104;&#114;\u00a0Phone: +385 (0)51 407 248\u00a0 Staff<\/p>\n","protected":false},"author":4,"featured_media":0,"parent":13205,"menu_order":20,"comment_status":"closed","ping_status":"closed","template":"","meta":{"_acf_changed":false,"ub_ctt_via":"","footnotes":""},"class_list":["post-13244","page","type-page","status-publish","hentry"],"acf":[],"featured_image_src":null,"_links":{"self":[{"href":"https:\/\/medri.uniri.hr\/en\/wp-json\/wp\/v2\/pages\/13244","targetHints":{"allow":["GET"]}}],"collection":[{"href":"https:\/\/medri.uniri.hr\/en\/wp-json\/wp\/v2\/pages"}],"about":[{"href":"https:\/\/medri.uniri.hr\/en\/wp-json\/wp\/v2\/types\/page"}],"author":[{"embeddable":true,"href":"https:\/\/medri.uniri.hr\/en\/wp-json\/wp\/v2\/users\/4"}],"replies":[{"embeddable":true,"href":"https:\/\/medri.uniri.hr\/en\/wp-json\/wp\/v2\/comments?post=13244"}],"version-history":[{"count":6,"href":"https:\/\/medri.uniri.hr\/en\/wp-json\/wp\/v2\/pages\/13244\/revisions"}],"predecessor-version":[{"id":22401,"href":"https:\/\/medri.uniri.hr\/en\/wp-json\/wp\/v2\/pages\/13244\/revisions\/22401"}],"up":[{"embeddable":true,"href":"https:\/\/medri.uniri.hr\/en\/wp-json\/wp\/v2\/pages\/13205"}],"wp:attachment":[{"href":"https:\/\/medri.uniri.hr\/en\/wp-json\/wp\/v2\/media?parent=13244"}],"curies":[{"name":"wp","href":"https:\/\/api.w.org\/{rel}","templated":true}]}}