{"id":13248,"date":"2021-05-27T11:59:45","date_gmt":"2021-05-27T09:59:45","guid":{"rendered":"https:\/\/medri.uniri.hr\/?page_id=13248"},"modified":"2026-01-22T12:52:41","modified_gmt":"2026-01-22T10:52:41","slug":"neurorehabilitation","status":"publish","type":"page","link":"https:\/\/medri.uniri.hr\/en\/faculty\/organisational-units\/departments\/neurorehabilitation\/","title":{"rendered":"Physical Medicine and Rehabilitation\u00a0"},"content":{"rendered":"\n<p>Department of Physical Medicine and Rehabilitation\u00a0<\/p>\n\n\n\n<p>Clinical Hospital Centre Rijeka<br>Tome Stri\u017ei\u0107a 3, 51000 Rijeka<br>Phone: + 385 (0)51 407 120<\/p>\n\n\n\n<p>Contact<\/p>\n\n\n\n<p><strong>Department Head:<br><\/strong>Prof. <strong>Tea Schnurrer-Luke-Vrbani\u0107<\/strong>,&nbsp;MD, PhD&nbsp;<br><em>E-mail:&nbsp;<a href=\"&#x6d;&#97;i&#x6c;&#x74;&#111;:&#x74;&#x65;&#97;s&#x6c;&#x76;&#64;m&#x65;&#x64;&#114;i&#x2e;&#117;&#110;i&#x72;&#105;&#46;&#x68;&#x72;\">&#x74;&#x65;&#x61;&#x73;&#x6c;&#x76;&#x40;&#x6d;&#x65;&#x64;&#x72;&#105;&#46;&#117;&#110;&#105;&#114;&#105;&#46;hr<\/a><br>Phone: + 385 (0)51 407 120<br><\/em><br><strong>Department Secretary:<br>Jasmina \u0160trbac,&nbsp;<\/strong>M.Sc.<br><em>E-mail:&nbsp;<a href=\"&#x6d;&#x61;&#105;&#108;to&#x3a;&#x6a;&#x61;&#115;mi&#x6e;&#x61;&#x2e;&#115;&#116;r&#x62;&#x61;&#x63;&#64;&#117;n&#x69;&#x72;&#x69;&#46;&#104;r\" target=\"_blank\" rel=\"noreferrer noopener\">&#x6a;&#x61;&#x73;&#109;&#105;na&#x2e;&#x73;&#x74;&#x72;&#98;&#97;c&#64;&#x75;&#x6e;&#x69;&#114;&#105;&#46;hr<\/a>&nbsp;<br>Phone: + 385 (0)51 407 120<\/em><\/p>\n\n\n\n<ul class=\"wp-block-list\">\n<li>Office hours for students:<br>Department Office \u2013 Monday from 12 pm to 2 pm<\/li>\n<\/ul>\n\n\n\n<p>Staff<\/p>\n\n\n\n<ul class=\"wp-block-list\">\n<li><strong>Department Head<\/strong>\n<ul class=\"wp-block-list\">\n<li>Prof. Tea Schnurrer-Luke-Vrbani\u0107, MD, PhD<\/li>\n<\/ul>\n<\/li>\n<\/ul>\n\n\n\n<p><em>E-mail: <\/em><a href=\"mail&#116;&#111;&#58;&#116;&#101;&#x61;&#x73;&#x6c;&#x76;&#x40;&#x6d;&#x65;dri&#46;&#117;&#110;&#105;&#114;&#105;&#x2e;&#x68;&#x72;\" target=\"_blank\" rel=\"noreferrer noopener\"><em>t&#101;&#x61;&#x73;l&#118;&#64;&#x6d;&#x65;d&#114;&#105;&#x2e;&#x75;n&#105;&#x72;&#x69;&#x2e;h&#114;<\/em><\/a><em>&nbsp;<\/em><em><\/em><\/p>\n\n\n\n<ul class=\"wp-block-list\">\n<li><strong>Teaching staff<\/strong><\/li>\n\n\n\n<li>Prof. Tea Schnurrer-Luke-Vrbani\u0107,&nbsp;MD, PhD<\/li>\n<\/ul>\n\n\n\n<p><em>E-mail: <\/em><a href=\"&#x6d;&#x61;&#x69;&#x6c;&#x74;&#x6f;&#x3a;&#x74;&#101;&#97;&#115;&#108;&#118;&#64;&#109;edri&#x2e;&#x75;&#x6e;&#x69;&#x72;&#x69;&#x2e;&#x68;&#x72;\" target=\"_blank\" rel=\"noreferrer noopener\"><em>&#x74;e&#x61;&#115;&#x6c;&#118;&#64;&#x6d;e&#x64;&#114;&#x69;&#46;u&#x6e;&#105;&#x72;&#105;&#46;&#x68;r<\/em><\/a><em>&nbsp;<\/em><\/p>\n\n\n\n<ul class=\"wp-block-list\">\n<li>Assoc. Prof. Prim. Vlasta&nbsp;\u0110uranovi\u0107,&nbsp;MD, PhD (nominal title)<\/li>\n<\/ul>\n\n\n\n<p><em>E-mail: <\/em><a href=\"&#109;&#x61;&#x69;&#108;&#x74;&#x6f;&#58;&#x76;&#x6c;&#97;&#x73;&#x74;&#97;&#x2e;&#x64;&#117;&#x72;&#x61;&#110;&#x6f;&#x76;&#105;&#x63;&#x40;&#109;&#x65;&#x64;r&#x69;&#x2e;u&#x6e;&#x69;r&#105;&#x2e;h&#114;\" target=\"_blank\" rel=\"noreferrer noopener\"><em>&#x76;&#x6c;&#97;s&#x74;&#x61;&#x2e;&#100;u&#x72;&#x61;&#x6e;&#111;v&#x69;&#x63;&#x40;&#109;e&#x64;&#x72;&#x69;&#46;u&#x6e;&#x69;&#x72;&#105;&#46;&#x68;&#x72;<\/em><\/a>&nbsp;<\/p>\n\n\n\n<ul class=\"wp-block-list\">\n<li>Asst. Prof. Viviana&nbsp;Avancini-Dobrovi\u0107, MD, PhD (nominal title)<\/li>\n<\/ul>\n\n\n\n<p><em>E-mail: <\/em><a href=\"&#109;&#x61;i&#108;&#x74;o&#58;&#x76;i&#118;&#x69;a&#110;&#x61;&#46;&#97;&#x64;o&#98;&#x72;o&#118;&#x69;c&#64;&#x66;z&#115;&#x72;i&#46;&#x75;n&#x69;&#x72;i&#x2e;&#x68;&#114;\" target=\"_blank\" rel=\"noreferrer noopener\"><em>&#118;i&#x76;i&#x61;n&#x61;&#46;&#x61;&#100;&#x6f;&#98;&#x72;&#111;&#x76;&#105;c&#64;f&#x7a;s&#x72;i&#x2e;&#117;&#x6e;&#105;&#x72;&#105;&#x2e;&#104;&#x72;<\/em><\/a><em>&nbsp;<\/em><\/p>\n\n\n\n<ul class=\"wp-block-list\">\n<li>Teaching Assistant Adelmo&nbsp;\u0160egota, MD (nominal title)<\/li>\n<\/ul>\n\n\n\n<p><em>E-mail: <\/em><a href=\"&#109;&#x61;i&#108;&#x74;&#111;&#x3a;a&#100;&#x65;l&#x6d;&#x6f;&#46;&#x73;e&#103;&#x6f;t&#x61;&#x40;&#115;&#x74;u&#100;&#x65;&#110;&#x74;&#46;&#117;&#x6e;i&#114;&#x69;&#46;&#x68;r\" target=\"_blank\" rel=\"noreferrer noopener\"><em>ade&#108;&#109;&#111;&#x2e;&#x73;&#x65;&#x67;&#x6f;&#x74;a&#64;s&#116;&#117;&#100;&#101;&#x6e;&#x74;&#x2e;&#x75;&#x6e;&#x69;ri&#46;&#104;&#114;<\/em><\/a>&nbsp;<\/p>\n\n\n\n<ul class=\"wp-block-list\">\n<li>Teaching Assistant Miriam&nbsp;Bren\u010di\u0107, MD (nominal title)<\/li>\n<\/ul>\n\n\n\n<p><em>E-mail: <\/em><a href=\"&#109;a&#x69;l&#x74;&#111;&#x3a;&#109;&#x69;&#114;i&#x61;m&#x2e;&#98;&#x72;&#101;&#x6e;&#99;&#x69;&#99;&#64;&#x6d;e&#x64;&#114;&#x69;&#46;&#x75;&#110;i&#x72;i&#x2e;&#104;&#x72;\" target=\"_blank\" rel=\"noreferrer noopener\"><em>miriam&#46;brencic&#64;medri&#46;uni&#114;&#105;&#46;&#104;&#114;<\/em><\/a>&nbsp;<\/p>\n\n\n\n<ul class=\"wp-block-list\">\n<li><strong>Nonteaching staff<\/strong>\n<ul class=\"wp-block-list\">\n<li>Jasmina \u0160trbac, M.Sc. \u2013 Administrative Secretary<\/li>\n<\/ul>\n<\/li>\n<\/ul>\n","protected":false},"excerpt":{"rendered":"<p>Department of Physical Medicine and Rehabilitation\u00a0 Clinical Hospital Centre RijekaTome Stri\u017ei\u0107a 3, 51000 RijekaPhone: + 385 (0)51 407 120 Contact Department Head:Prof. Tea Schnurrer-Luke-Vrbani\u0107,&nbsp;MD, PhD&nbsp;E-mail:&nbsp;&#x74;&#x65;&#x61;&#115;&#108;v&#64;&#x6d;&#x65;&#x64;&#114;&#105;&#46;u&#x6e;&#x69;&#x72;&#105;&#46;hrPhone: + 385 (0)51 407 120Department Secretary:Jasmina \u0160trbac,&nbsp;M.Sc.E-mail:&nbsp;&#106;&#x61;s&#109;&#x69;n&#97;&#x2e;s&#116;&#x72;b&#97;&#x63;&#64;&#x75;&#x6e;&#105;&#x72;&#x69;&#46;&#x68;r&nbsp;Phone: + 385 (0)51 407 120 Staff E-mail: &#x74;&#x65;&#97;&#115;l&#x76;&#x40;&#x6d;&#101;&#100;r&#x69;&#x2e;&#x75;&#110;&#105;r&#x69;&#x2e;&#x68;&#114;&nbsp; E-mail: &#x74;e&#x61;&#115;&#x6c;&#x76;&#64;&#x6d;&#101;&#x64;&#x72;i&#x2e;&#117;&#x6e;&#x69;r&#x69;&#46;&#x68;&#x72;&nbsp; E-mail: vlasta&#46;duran&#111;&#118;&#105;&#99;&#64;&#109;&#101;&#100;&#114;&#105;&#46;&#117;&#110;&#105;&#114;&#x69;&#x2e;&#x68;&#x72;&nbsp; E-mail: &#118;i&#x76;i&#x61;n&#x61;&#46;&#x61;d&#x6f;b&#x72;&#111;&#x76;&#105;&#x63;&#64;&#x66;&#122;&#x73;&#114;&#x69;&#46;&#x75;&#110;i&#x72;i&#x2e;h&#x72;&nbsp; E-mail: &#97;&#x64;&#101;&#x6c;m&#111;&#x2e;&#115;&#x65;g&#x6f;t&#97;&#x40;&#115;&#x74;u&#x64;&#x65;&#110;&#x74;&#46;&#x75;n&#105;&#x72;&#105;&#x2e;h&#x72;&nbsp; E-mail: &#x6d;&#105;&#114;&#x69;&#x61;&#109;&#46;&#x62;&#x72;&#101;&#110;&#x63;&#x69;&#99;&#64;&#x6d;&#x65;&#100;&#114;&#x69;&#x2e;&#117;&#110;&#x69;&#x72;&#105;&#46;&#x68;&#x72;&nbsp;<\/p>\n","protected":false},"author":4,"featured_media":0,"parent":13205,"menu_order":6,"comment_status":"closed","ping_status":"closed","template":"","meta":{"_acf_changed":false,"ub_ctt_via":"","footnotes":""},"class_list":["post-13248","page","type-page","status-publish","hentry"],"acf":[],"featured_image_src":null,"_links":{"self":[{"href":"https:\/\/medri.uniri.hr\/en\/wp-json\/wp\/v2\/pages\/13248","targetHints":{"allow":["GET"]}}],"collection":[{"href":"https:\/\/medri.uniri.hr\/en\/wp-json\/wp\/v2\/pages"}],"about":[{"href":"https:\/\/medri.uniri.hr\/en\/wp-json\/wp\/v2\/types\/page"}],"author":[{"embeddable":true,"href":"https:\/\/medri.uniri.hr\/en\/wp-json\/wp\/v2\/users\/4"}],"replies":[{"embeddable":true,"href":"https:\/\/medri.uniri.hr\/en\/wp-json\/wp\/v2\/comments?post=13248"}],"version-history":[{"count":6,"href":"https:\/\/medri.uniri.hr\/en\/wp-json\/wp\/v2\/pages\/13248\/revisions"}],"predecessor-version":[{"id":39021,"href":"https:\/\/medri.uniri.hr\/en\/wp-json\/wp\/v2\/pages\/13248\/revisions\/39021"}],"up":[{"embeddable":true,"href":"https:\/\/medri.uniri.hr\/en\/wp-json\/wp\/v2\/pages\/13205"}],"wp:attachment":[{"href":"https:\/\/medri.uniri.hr\/en\/wp-json\/wp\/v2\/media?parent=13248"}],"curies":[{"name":"wp","href":"https:\/\/api.w.org\/{rel}","templated":true}]}}