{"id":13250,"date":"2021-05-27T12:00:05","date_gmt":"2021-05-27T10:00:05","guid":{"rendered":"https:\/\/medri.uniri.hr\/?page_id=13250"},"modified":"2023-04-28T11:59:45","modified_gmt":"2023-04-28T09:59:45","slug":"nuclear-medicine","status":"publish","type":"page","link":"https:\/\/medri.uniri.hr\/en\/faculty\/organisational-units\/departments\/nuclear-medicine\/","title":{"rendered":"Nuclear Medicine"},"content":{"rendered":"\n<p><strong>Department of Nuclear Medicine<\/strong><br>Kre\u0161imirova 42, 51000 Rijeka<br>Phone: +385 (0)51 658 365<\/p>\n\n\n\n<p>Contact<\/p>\n\n\n\n<p><strong>Department Head:<br><\/strong>Assoc. Prof.&nbsp;<strong>Tatjana Bogovi\u0107 Crn\u010di\u0107<\/strong><br><em>E-mail:&nbsp;<\/em><a href=\"&#109;&#x61;&#105;&#x6c;t&#x6f;:&#116;&#x61;&#116;&#x6a;&#97;&#x6e;a&#x62;c&#64;&#x6d;&#101;&#x64;r&#x69;&#46;&#x75;&#x6e;&#105;&#x72;&#105;&#x2e;h&#x72;\" target=\"_blank\" rel=\"noreferrer noopener\"><em>&#x74;&#x61;&#x74;&#x6a;&#x61;&#x6e;&#x61;&#x62;&#99;&#64;&#109;&#101;&#100;&#114;&#105;&#46;uni&#x72;&#x69;&#x2e;&#x68;&#x72;<\/em><\/a><em><br>Phone: +385 051 658 365<\/em><a href=\"&#109;&#x61;&#105;&#x6c;&#116;&#x6f;&#58;&#x72;&#111;&#x6d;&#97;&#x6e;&#97;&#x2e;&#106;&#x65;&#114;&#x6b;&#111;&#x76;&#105;&#x63;&#64;&#x6d;&#101;&#x64;r&#x69;&#46;&#x75;n&#x69;r&#x69;&#46;&#x68;r\"><em><br><br><\/em><\/a><strong>Department Secretary:<br>Mirjana Jug<\/strong><br><em>E-mail:&nbsp;<\/em><a href=\"&#x6d;&#x61;&#x69;&#x6c;&#116;&#111;&#58;&#110;ukl&#x65;&#x61;&#x72;&#x6e;&#x61;&#64;&#107;&#98;c-r&#x69;&#x6a;&#x65;&#x6b;&#x61;&#46;&#104;&#114;\" target=\"_blank\" rel=\"noreferrer noopener\"><em>&#110;&#x75;k&#108;&#x65;a&#114;&#x6e;a&#64;&#x6b;b&#99;&#x2d;r&#105;&#x6a;e&#107;&#x61;&#46;&#104;&#x72;<\/em><\/a><em>&nbsp;&nbsp;<\/em><a href=\"&#x6d;a&#x69;&#108;&#x74;&#111;:&#x6d;i&#x72;&#106;&#x61;&#110;a&#x2e;&#106;&#x75;&#103;&#64;&#x75;n&#x69;&#114;&#x69;&#46;h&#x72;\" target=\"_blank\" rel=\"noreferrer noopener\"><em>&#109;&#x69;r&#x6a;&#x61;&#110;&#x61;&#46;&#x6a;&#x75;&#103;&#x40;u&#x6e;&#x69;&#114;&#x69;&#46;&#x68;&#x72;<\/em><\/a><em>&nbsp;<br><\/em><em>Phone: +385 (0)51 658 365<\/em><\/p>\n\n\n\n<ul class=\"wp-block-list\">\n<li>Office hours for students:<br>Department Office \u2013 Monday\u2013Friday from 1 pm to 2 pm<\/li>\n<\/ul>\n\n\n\n<p>Staff<\/p>\n\n\n\n<ul class=\"wp-block-list\">\n<li><strong>Department Head<\/strong>\n<ul class=\"wp-block-list\">\n<li>Assoc. Prof. Tatjana Bogovi\u0107 Crn\u010di\u0107&nbsp;&nbsp;<\/li>\n<\/ul>\n<\/li>\n\n\n\n<li><strong>Teaching staff<\/strong>\n<ul class=\"wp-block-list\">\n<li>Assoc. Prof. Svjetlana Grbac-Ivankovi\u0107, MD, PhD<\/li>\n<\/ul>\n<\/li>\n<\/ul>\n\n\n\n<p><em>E-mail:<\/em> <a href=\"&#109;&#97;&#x69;l&#116;&#x6f;&#x3a;s&#118;&#x6a;&#x65;t&#108;&#x61;&#x6e;a&#46;&#x67;&#x72;b&#97;&#x63;&#x40;m&#101;&#x64;r&#105;&#46;&#x75;n&#105;&#x72;&#x69;&#46;&#104;&#x72;\"><em>&#115;&#x76;&#106;&#x65;t&#x6c;a&#110;&#x61;&#46;&#x67;&#114;&#x62;a&#x63;&#64;&#109;&#x65;&#100;&#x72;i&#x2e;u&#x6e;&#x69;&#114;&#x69;&#46;&#x68;r<\/em><\/a><\/p>\n\n\n\n<ul class=\"wp-block-list\">\n<li>Asst. Prof. Neva Girotto, MD, PhD<\/li>\n<\/ul>\n\n\n\n<p><em>E-mail:<\/em> <a href=\"&#109;&#x61;&#x69;l&#116;&#x6f;:&#110;&#x65;&#x76;a&#46;&#x67;i&#114;&#x6f;&#x74;t&#111;&#x40;m&#101;&#x64;&#x72;&#105;&#46;&#x75;n&#105;&#x72;&#x69;&#46;&#x68;&#x72;\"><em>&#x6e;&#x65;&#x76;&#97;&#46;gi&#x72;&#x6f;&#x74;&#116;&#111;&#64;m&#x65;&#x64;&#x72;&#105;&#46;un&#x69;&#x72;&#x69;&#46;&#104;r<\/em><\/a><\/p>\n\n\n\n<ul class=\"wp-block-list\">\n<li>Assoc. Prof. Tatjana Bogovi\u0107 Crn\u010di\u0107, MD, PhD<\/li>\n<\/ul>\n\n\n\n<p><em>E-mail:<\/em> <a href=\"&#x6d;a&#x69;&#108;&#x74;&#x6f;:&#x74;&#97;&#x74;&#x6a;a&#x6e;&#97;&#x2e;&#x62;o&#x67;&#111;&#x76;&#x69;c&#x40;&#109;&#x65;&#x64;r&#x69;&#46;&#x75;&#x6e;i&#x72;&#105;&#x2e;&#x68;r\"><em>&#x74;&#97;t&#x6a;&#97;n&#x61;&#x2e;&#98;&#x6f;&#x67;&#111;v&#x69;&#99;&#64;&#x6d;&#x65;&#100;&#x72;&#x69;&#46;u&#x6e;&#105;r&#x69;&#x2e;&#104;&#x72;<\/em><\/a><\/p>\n\n\n\n<ul class=\"wp-block-list\">\n<li>Assoc. Prof. Antonija Balenovi\u0107, MD, PhD (nominal title)<\/li>\n<\/ul>\n\n\n\n<p><em>E-mail:<\/em> <a href=\"m&#97;&#105;&#x6c;&#x74;&#x6f;:&#100;&#114;&#x6e;&#x65;&#x6c;i&#64;&#104;&#x6f;&#x74;&#x6d;ai&#108;&#46;&#x63;&#x6f;&#x6d;\"><em>&#x64;&#114;&#110;e&#x6c;&#x69;&#64;h&#x6f;&#x74;&#109;a&#x69;&#x6c;&#46;c&#x6f;&#x6d;<\/em><\/a><\/p>\n\n\n\n<ul class=\"wp-block-list\">\n<li>Postdoctoral Researcher Maja Ili\u0107 Toma\u0161, MD, PhD<\/li>\n<\/ul>\n\n\n\n<p><em>E-mail:<\/em> <a href=\"m&#97;&#x69;&#x6c;&#x74;o&#58;&#x6d;&#x61;&#x6a;a&#46;&#x69;&#x6c;&#x69;c&#46;&#x74;&#x6f;&#x6d;a&#115;&#x40;&#x75;&#x6e;i&#114;&#x69;&#x2e;&#x68;r\"><em>&#x6d;&#97;j&#x61;&#46;i&#x6c;&#105;c&#x2e;&#x74;&#111;&#x6d;&#x61;&#115;&#64;&#x75;&#110;i&#x72;&#105;&#46;&#x68;&#x72;<\/em><\/a><\/p>\n\n\n\n<ul class=\"wp-block-list\">\n<li>Teaching Assistant Jasna Neki\u0107, MD (nominal title)<\/li>\n<\/ul>\n\n\n\n<p><em>E-mail:<\/em> <a href=\"&#109;&#x61;i&#108;&#x74;o&#x3a;&#x6a;&#97;&#x73;n&#97;&#x2e;n&#101;&#x6b;&#105;&#x63;&#64;&#109;&#x65;d&#114;&#x69;&#46;&#x75;&#x6e;&#105;&#x72;i&#46;&#x68;r\"><em>&#x6a;&#x61;&#x73;&#x6e;&#x61;&#x2e;&#110;&#101;&#107;&#105;c&#64;me&#x64;&#x72;&#x69;&#x2e;&#x75;&#x6e;&#105;&#114;&#105;&#46;&#104;r<\/em><\/a><\/p>\n\n\n\n<ul class=\"wp-block-list\">\n<li>Teaching Assistant Leo Fischer, MD (nominal title)<\/li>\n<\/ul>\n\n\n\n<p><em>E-mail:<\/em> <a href=\"&#109;&#x61;&#x69;&#108;&#x74;&#x6f;:&#x6c;&#x65;o&#46;&#x6d;e&#100;&#x72;i&#64;&#x67;m&#97;&#x69;l&#46;&#x63;&#x6f;&#109;\"><em>&#x6c;&#101;o&#x2e;&#x6d;&#101;d&#x72;&#x69;&#64;g&#x6d;&#x61;&#105;l&#x2e;&#x63;&#111;m<\/em><\/a><\/p>\n\n\n\n<ul class=\"wp-block-list\">\n<li><strong>Nonteaching staff<\/strong>\n<ul class=\"wp-block-list\">\n<li>Sonja Rac, B.Sc. \u2013 external associate<\/li>\n<\/ul>\n<\/li>\n<\/ul>\n\n\n\n<p><em>E-mail:<\/em> <a href=\"&#x6d;&#x61;&#x69;&#x6c;&#116;&#111;&#58;so&#x6e;&#x6a;&#x61;&#x2e;&#x72;&#97;&#99;&#64;me&#x64;&#x72;&#x69;&#x2e;&#x75;&#110;&#105;&#114;i&#46;&#x68;&#x72;\"><em>&#115;&#x6f;&#x6e;j&#97;&#x2e;r&#97;&#x63;&#x40;m&#101;&#x64;r&#105;&#x2e;&#x75;n&#105;&#x72;i&#46;&#x68;&#x72;<\/em><\/a><\/p>\n\n\n\n<ul class=\"wp-block-list\">\n<li>Mirjana Jug \u2013 Administrative Secretary<\/li>\n<\/ul>\n\n\n\n<p><em>E-mail:<\/em> <a href=\"mailto:n&#117;&#107;&#108;&#101;&#97;&#114;&#110;&#97;&#64;&#107;&#x62;&#x63;&#x2d;&#x72;&#x69;&#x6a;&#x65;&#x6b;&#x61;&#x2e;&#x68;&#x72;\"><em>&#x6e;u&#x6b;&#108;&#x65;&#97;r&#x6e;&#97;&#x40;&#107;b&#x63;&#45;&#x72;&#105;j&#x65;k&#x61;&#46;&#x68;&#x72;<\/em><\/a><\/p>\n\n\n\n<ul class=\"wp-block-list\">\n<li>Nikola Finka, B.Sc. \u2013 external associate<\/li>\n<\/ul>\n\n\n\n<p><em>E-mail:<\/em> <a href=\"&#x6d;a&#x69;&#108;&#x74;&#x6f;:&#x6e;&#105;&#x6b;&#x6f;l&#x61;&#46;&#x66;&#x69;n&#x6b;&#97;&#x40;&#x66;z&#x73;&#114;&#x69;&#x2e;u&#x6e;&#105;&#x72;&#x69;&#46;&#x68;&#114;\"><em>&#110;&#x69;&#x6b;o&#108;&#x61;&#46;&#102;&#x69;n&#107;&#x61;&#64;&#102;&#x7a;&#x73;&#114;&#x69;&#x2e;u&#110;&#x69;r&#105;&#x2e;h&#114;<\/em><\/a><\/p>\n\n\n\n<ul class=\"wp-block-list\">\n<li>Nives Ore\u0161kovi\u0107, B.Sc. \u2013 external associate<\/li>\n<\/ul>\n\n\n\n<p><em>E-mail:<\/em> <a href=\"m&#97;&#105;&#108;&#x74;&#x6f;&#x3a;ni&#118;&#101;&#x73;&#x2e;&#x6f;&#x72;es&#107;&#111;&#x76;&#x69;&#x63;&#x31;&#64;&#103;&#109;&#97;&#x69;&#x6c;&#x2e;co&#109;\"><em>&#110;&#x69;v&#x65;&#x73;&#46;&#x6f;r&#101;&#x73;&#107;&#x6f;v&#105;&#x63;1&#x40;g&#109;&#x61;i&#x6c;&#x2e;&#99;&#x6f;m<\/em><\/a><\/p>\n","protected":false},"excerpt":{"rendered":"<p>Department of Nuclear MedicineKre\u0161imirova 42, 51000 RijekaPhone: +385 (0)51 658 365 Contact Department Head:Assoc. Prof.&nbsp;Tatjana Bogovi\u0107 Crn\u010di\u0107E-mail:&nbsp;ta&#116;&#106;&#x61;&#x6e;&#x61;&#x62;c&#64;&#109;&#101;&#x64;&#x72;&#x69;&#x2e;un&#105;&#114;&#105;&#x2e;&#x68;&#x72;Phone: +385 051 658 365 Department Secretary:Mirjana JugE-mail:&nbsp;n&#117;&#x6b;&#x6c;e&#97;&#x72;&#x6e;a&#64;&#x6b;&#x62;c&#45;&#x72;&#x69;j&#101;&#x6b;&#x61;&#46;&#104;&#114;&nbsp;&nbsp;&#x6d;&#105;&#x72;&#x6a;&#97;&#x6e;&#97;&#46;&#x6a;&#117;g&#x40;&#117;n&#x69;&#114;i&#x2e;&#104;&#x72;&nbsp;Phone: +385 (0)51 658 365 Staff E-mail: &#x73;&#x76;&#x6a;&#x65;&#x74;&#x6c;&#x61;&#x6e;&#x61;&#x2e;&#x67;&#x72;&#x62;&#x61;&#x63;&#x40;&#x6d;&#x65;&#x64;&#x72;&#x69;&#x2e;&#x75;&#x6e;&#x69;&#x72;&#x69;&#x2e;&#x68;&#x72; E-mail: &#x6e;&#x65;&#x76;&#97;&#46;gi&#x72;&#x6f;&#x74;&#x74;&#111;&#64;me&#x64;&#x72;&#x69;&#46;&#117;&#110;ir&#x69;&#x2e;&#x68;&#114; E-mail: tat&#106;&#97;&#110;&#x61;&#x2e;&#x62;&#x6f;&#x67;&#x6f;vic&#64;&#109;&#101;&#100;&#x72;&#x69;&#x2e;&#x75;&#x6e;&#x69;ri&#46;&#104;&#114; E-mail: &#x64;&#x72;&#110;e&#x6c;&#x69;&#64;ho&#x74;&#x6d;&#97;i&#x6c;&#x2e;&#99;&#111;m E-mail: &#109;&#97;&#x6a;a&#46;&#x69;&#x6c;i&#99;&#x2e;&#x74;o&#109;&#x61;s&#64;&#x75;&#x6e;i&#114;&#x69;&#x2e;h&#114; E-mail: &#106;a&#x73;n&#x61;&#46;&#x6e;e&#x6b;i&#x63;&#64;&#x6d;&#101;&#x64;&#114;&#x69;&#46;&#x75;&#110;&#x69;&#114;&#x69;&#46;&#x68;&#114; E-mail: &#x6c;&#x65;&#111;&#46;&#109;e&#x64;&#x72;&#x69;&#64;&#103;ma&#x69;&#x6c;&#x2e;&#99;&#111;m E-mail: &#115;&#x6f;n&#x6a;a&#46;&#x72;&#97;&#x63;&#64;&#109;&#x65;&#100;&#x72;i&#x2e;&#x75;&#110;&#x69;r&#x69;&#46;&#104;&#x72; E-mail: &#x6e;u&#x6b;&#108;e&#x61;&#114;&#x6e;&#97;&#64;&#x6b;&#98;&#x63;&#45;r&#x69;&#106;&#x65;&#x6b;a&#x2e;&#104;r E-mail: &#x6e;&#x69;&#x6b;&#x6f;&#x6c;&#x61;&#x2e;&#x66;&#x69;&#x6e;&#x6b;&#x61;&#x40;&#x66;&#122;&#115;&#114;&#105;&#46;&#117;&#110;&#105;&#114;&#105;&#46;hr E-mail: nive&#115;&#46;&#111;&#114;&#101;&#x73;&#x6b;&#x6f;&#x76;&#x69;&#x63;&#x31;&#64;gma&#105;&#108;&#46;&#99;&#111;&#x6d;<\/p>\n","protected":false},"author":4,"featured_media":0,"parent":13205,"menu_order":23,"comment_status":"closed","ping_status":"closed","template":"","meta":{"_acf_changed":false,"ub_ctt_via":"","footnotes":""},"class_list":["post-13250","page","type-page","status-publish","hentry"],"acf":[],"featured_image_src":null,"_links":{"self":[{"href":"https:\/\/medri.uniri.hr\/en\/wp-json\/wp\/v2\/pages\/13250","targetHints":{"allow":["GET"]}}],"collection":[{"href":"https:\/\/medri.uniri.hr\/en\/wp-json\/wp\/v2\/pages"}],"about":[{"href":"https:\/\/medri.uniri.hr\/en\/wp-json\/wp\/v2\/types\/page"}],"author":[{"embeddable":true,"href":"https:\/\/medri.uniri.hr\/en\/wp-json\/wp\/v2\/users\/4"}],"replies":[{"embeddable":true,"href":"https:\/\/medri.uniri.hr\/en\/wp-json\/wp\/v2\/comments?post=13250"}],"version-history":[{"count":4,"href":"https:\/\/medri.uniri.hr\/en\/wp-json\/wp\/v2\/pages\/13250\/revisions"}],"predecessor-version":[{"id":17137,"href":"https:\/\/medri.uniri.hr\/en\/wp-json\/wp\/v2\/pages\/13250\/revisions\/17137"}],"up":[{"embeddable":true,"href":"https:\/\/medri.uniri.hr\/en\/wp-json\/wp\/v2\/pages\/13205"}],"wp:attachment":[{"href":"https:\/\/medri.uniri.hr\/en\/wp-json\/wp\/v2\/media?parent=13250"}],"curies":[{"name":"wp","href":"https:\/\/api.w.org\/{rel}","templated":true}]}}