{"id":13252,"date":"2021-05-27T12:00:27","date_gmt":"2021-05-27T10:00:27","guid":{"rendered":"https:\/\/medri.uniri.hr\/?page_id=13252"},"modified":"2023-04-28T09:30:48","modified_gmt":"2023-04-28T07:30:48","slug":"family-medicine","status":"publish","type":"page","link":"https:\/\/medri.uniri.hr\/en\/faculty\/organisational-units\/departments\/family-medicine\/","title":{"rendered":"Family Medicine"},"content":{"rendered":"\n<p><strong>Department of Family Medicine<\/strong><br>Faculty of Medicine in Rijeka<br>Bra\u0107e Branchetta 20, 51000 Rijeka<br>Phone: +385 (0)51 651 155<\/p>\n\n\n\n<p>Contact<\/p>\n\n\n\n<p><strong>Department Head:<br><\/strong>Prof.&nbsp;<strong>Ines&nbsp;Dimini\u0107&nbsp;Lisica<\/strong>, MD, PhD<br>E-mail:&nbsp;<a href=\"&#109;&#x61;i&#108;&#x74;o&#58;&#x69;n&#x65;&#x73;&#46;&#x64;i&#109;&#x69;n&#105;&#x63;&#46;&#x6c;&#x69;&#115;&#x69;&#x63;&#97;&#x40;u&#110;&#x69;r&#105;&#x2e;h&#x72;\">&#x69;&#x6e;&#x65;&#x73;&#46;&#100;&#105;mi&#x6e;&#x69;&#x63;&#x2e;&#x6c;&#105;&#115;&#105;ca&#x40;&#x75;&#x6e;&#x69;&#x72;&#105;&#46;&#104;r<\/a><br>Phone: +385 (0)51 651 154&nbsp;&nbsp;<br>Mobile phone: +385 (0)91 165 1349<a href=\"&#109;&#x61;&#x69;&#108;&#x74;&#x6f;:&#x72;&#x6f;m&#97;&#x6e;a&#46;&#x6a;e&#114;&#x6b;o&#118;&#x69;c&#64;&#x6d;&#x65;&#100;&#x72;&#x69;&#46;&#x75;&#x6e;i&#x72;&#x69;&#46;&#104;&#x72;\"><em><br><br><\/em><\/a><strong>Department Secretary:<br>Meri Cucan\u010di\u0107<\/strong><br>E-mail:&nbsp;<a href=\"&#x6d;&#x61;&#105;l&#x74;&#x6f;&#x3a;&#109;e&#x72;&#x69;&#x2e;&#99;u&#x63;&#x61;&#x6e;&#99;i&#x63;&#x40;&#x6d;&#101;d&#x72;&#x69;&#x2e;&#117;n&#x69;&#x72;&#x69;&#46;h&#x72;\">&#109;e&#x72;i&#x2e;c&#x75;c&#x61;n&#x63;i&#x63;&#64;&#x6d;&#101;&#x64;&#114;&#x69;&#46;&#x75;&#110;&#x69;&#114;&#x69;&#46;h&#x72;<\/a><br>Phone: +385 (0)51 651 155<\/p>\n\n\n\n<ul class=\"wp-block-list\">\n<li>Office hours for students:<br>Department Office \u2013 Monday\u2013Friday from 11 am to 1 pm<\/li>\n<\/ul>\n\n\n\n<p>Staff<\/p>\n\n\n\n<ul class=\"wp-block-list\">\n<li><strong>Department Head<\/strong>\n<ul class=\"wp-block-list\">\n<li>Prof. Ines&nbsp;Dimini\u0107&nbsp;Lisica,&nbsp;MD, PhD<\/li>\n<\/ul>\n<\/li>\n<\/ul>\n\n\n\n<p><em>E-mail:&nbsp;<\/em><a href=\"&#109;&#x61;&#x69;&#108;&#x74;&#x6f;:&#x69;&#x6e;e&#115;&#x2e;d&#105;&#x6d;i&#110;&#x69;c&#46;&#x6c;i&#115;&#x69;&#x63;&#97;&#x40;&#x75;&#110;&#x69;&#x72;i&#x2e;&#x68;r\"><em>&#x69;&#x6e;&#x65;&#115;&#46;di&#x6d;&#x69;&#x6e;&#105;&#99;&#46;l&#x69;&#x73;&#x69;&#99;&#97;&#64;u&#x6e;&#x69;&#x72;&#105;&#46;hr<\/em><\/a><em><br><br><\/em><em><\/em><\/p>\n\n\n\n<ul class=\"wp-block-list\">\n<li><strong>Teaching staff<\/strong>\n<ul class=\"wp-block-list\">\n<li>Prof. Hrvoje Lali\u0107,&nbsp;MD, PhD (tenure)<br><em>E-mail:&nbsp;<\/em><a href=\"&#x6d;&#97;&#x69;&#x6c;t&#x6f;&#58;h&#x72;&#118;o&#x6a;&#101;&#x2e;&#x6c;a&#x6c;&#105;c&#x40;&#109;e&#x64;&#114;&#x69;&#x2e;&#117;&#x6e;&#x69;r&#x69;&#46;h&#x72;\" target=\"_blank\" rel=\"noreferrer noopener\"><em>&#104;&#x72;&#x76;o&#106;&#x65;&#46;&#108;&#x61;&#x6c;&#105;&#x63;&#x40;m&#101;&#x64;r&#105;&#x2e;&#x75;&#110;&#x69;&#x72;i&#46;&#x68;r<\/em><\/a><em>,;&nbsp;<\/em><a href=\"&#109;&#x61;i&#108;&#x74;o&#58;&#x68;l&#97;&#x6c;i&#99;&#x40;&#105;&#x6e;&#x65;&#116;&#x2e;&#x68;&#114;\" target=\"_blank\" rel=\"noreferrer noopener\"><em>&#x68;&#x6c;&#x61;&#108;&#105;&#99;&#64;i&#x6e;&#x65;&#x74;&#x2e;&#104;&#114;<\/em><\/a>&nbsp;<\/li>\n<\/ul>\n<\/li>\n<\/ul>\n\n\n\n<ul class=\"wp-block-list\">\n<li>Asst. Prof. Aleksandar\u00a0Ljubotina, MD, PhD<\/li>\n<\/ul>\n\n\n\n<p><em>e-mail:&nbsp;<\/em><a href=\"&#x6d;&#x61;&#105;l&#x74;&#x6f;&#58;&#97;l&#x65;&#x78;&#97;&#110;d&#x61;&#x72;&#95;lj&#x75;&#x62;&#111;t&#x69;&#x6e;&#97;&#64;y&#x61;&#x68;&#111;&#111;&#46;&#x63;&#x6f;&#109;\"><em>&#97;&#x6c;&#101;&#x78;&#97;&#x6e;&#100;&#x61;&#114;&#x5f;&#108;&#x6a;&#117;&#x62;&#111;&#x74;&#105;&#x6e;&#97;&#x40;&#121;&#x61;&#104;&#x6f;&#111;&#x2e;&#99;&#x6f;&#109;<\/em><\/a>&nbsp;<\/p>\n\n\n\n<ul class=\"wp-block-list\">\n<li>Asst. Prof. Tatjana \u010culina, MD, PhD<\/li>\n<\/ul>\n\n\n\n<p><em>e-mail:&nbsp;&nbsp;<\/em><a href=\"&#x6d;&#97;i&#x6c;&#x74;&#111;:&#x74;&#x61;&#116;j&#x61;&#x6e;&#97;&#46;&#x63;&#x75;&#108;i&#x6e;&#97;&#64;m&#x65;&#100;r&#x69;&#x2e;&#117;n&#x69;&#x72;&#105;&#46;&#x68;&#x72;\" target=\"_blank\" rel=\"noreferrer noopener\"><em>&#x74;a&#x74;j&#x61;&#110;&#x61;&#46;c&#x75;l&#x69;&#110;&#x61;&#64;&#x6d;&#101;d&#x72;i&#x2e;&#117;&#x6e;&#105;&#x72;&#x69;&#46;&#x68;r<\/em><\/a>&nbsp;<\/p>\n\n\n\n<ul class=\"wp-block-list\">\n<li>Asst. Prof. Branislava\u00a0Popovi\u0107, MD, PhD<\/li>\n<\/ul>\n\n\n\n<p><em>e-mail:&nbsp;<\/em><a href=\"&#x6d;&#97;i&#x6c;&#116;&#111;&#x3a;&#x62;&#114;a&#x6e;&#105;s&#x6c;&#x61;&#118;a&#x2e;&#112;o&#x70;&#x6f;&#118;i&#x63;&#64;m&#x65;&#x64;&#114;i&#x2e;&#117;n&#x69;&#x72;&#105;&#x2e;&#x68;&#114;\" target=\"_blank\" rel=\"noreferrer noopener\"><em>&#x62;&#114;a&#x6e;&#105;s&#x6c;&#x61;&#118;&#x61;&#x2e;&#112;o&#x70;&#111;v&#x69;&#x63;&#64;&#x6d;&#x65;&#100;r&#x69;&#46;u&#x6e;&#x69;&#114;&#x69;&#x2e;&#104;r<\/em><\/a>&nbsp;<\/p>\n\n\n\n<ul class=\"wp-block-list\">\n<li>Teaching Assistant Martina&nbsp;Fi\u0161i\u0107-Jurkovi\u0107,&nbsp;MD<\/li>\n<\/ul>\n\n\n\n<p><em>e-mail:&nbsp;<\/em><a href=\"&#x6d;&#x61;&#x69;&#x6c;&#x74;&#x6f;&#x3a;&#x6d;&#x61;&#x72;&#x74;&#x69;&#x6e;&#x61;&#x2e;&#x66;&#x69;&#x73;&#x69;&#x63;&#x40;&#x6d;&#101;&#100;&#114;&#105;&#46;&#117;&#110;&#105;&#114;&#105;&#46;&#104;&#114;\" target=\"_blank\" rel=\"noreferrer noopener\"><em>&#x6d;&#97;&#x72;&#116;i&#x6e;&#97;&#46;&#x66;&#105;&#x73;&#x69;c&#x40;&#109;e&#x64;&#114;&#x69;&#x2e;u&#x6e;&#105;r&#x69;&#46;h&#x72;<\/em><\/a>&nbsp;<\/p>\n\n\n\n<ul class=\"wp-block-list\">\n<li>Teaching Assistant Tina&nbsp;Zavidi\u0107,&nbsp;MD<\/li>\n<\/ul>\n\n\n\n<p><em>e-mail:&nbsp;<\/em><a href=\"mailto:tina&#46;zavidic&#64;medr&#105;&#46;&#117;&#110;&#105;&#114;&#105;&#46;&#104;&#114;\" target=\"_blank\" rel=\"noreferrer noopener\"><em>&#x74;&#x69;&#x6e;&#x61;&#x2e;&#x7a;&#x61;&#x76;&#x69;&#x64;&#x69;&#x63;&#x40;&#x6d;&#x65;&#x64;&#x72;&#x69;&#x2e;&#x75;&#x6e;&#x69;&#x72;&#x69;&#x2e;&#x68;&#x72;<\/em><\/a>&nbsp;<\/p>\n\n\n\n<ul class=\"wp-block-list\">\n<li><strong>Associates (nominal titles)<\/strong>\n<ul class=\"wp-block-list\">\n<li>Nina Ba\u0161i\u0107-Markovi\u0107, MD, PhD (nominal title)<\/li>\n<\/ul>\n<\/li>\n<\/ul>\n\n\n\n<p><em>e-mail:&nbsp;<\/em><a href=\"&#109;&#x61;&#x69;l&#116;&#x6f;:&#110;&#x69;n&#97;&#x2e;b&#97;&#x73;&#x69;&#99;&#x40;&#x68;i&#46;&#x74;-&#99;&#x6f;m&#46;&#x68;&#x72;\" target=\"_blank\" rel=\"noreferrer noopener\"><em>&#110;&#x69;n&#97;&#x2e;&#98;&#x61;s&#105;&#x63;&#64;&#x68;&#x69;&#46;&#x74;-&#99;&#x6f;m&#x2e;&#x68;&#114;<\/em><\/a>&nbsp;<\/p>\n\n\n\n<ul class=\"wp-block-list\">\n<li>Tamara&nbsp;Sino\u017ei\u0107,&nbsp;MD, PhD (nominal title)<\/li>\n<\/ul>\n\n\n\n<p><em>e-mail:&nbsp;<\/em><a href=\"&#109;a&#x69;l&#x74;o&#x3a;t&#x61;&#109;&#x61;&#114;&#x61;&#46;&#x73;&#105;n&#111;z&#x69;c&#x40;m&#x65;&#100;&#x72;&#105;&#x2e;&#117;&#x6e;&#105;&#x72;&#105;&#46;&#104;r\" target=\"_blank\" rel=\"noreferrer noopener\"><em>&#x74;&#97;&#109;a&#x72;&#x61;&#46;s&#x69;&#x6e;&#111;zi&#x63;&#64;&#109;e&#x64;&#x72;&#105;&#46;&#x75;&#x6e;&#105;&#114;i&#x2e;&#x68;&#114;<\/em><\/a>&nbsp;<\/p>\n\n\n\n<ul class=\"wp-block-list\">\n<li>Teaching Assistant Ivana&nbsp;\u0160uti\u0107,&nbsp;MD (nominal title)<\/li>\n<\/ul>\n\n\n\n<p><em>e-mail:&nbsp;<\/em><a href=\"&#109;&#x61;&#x69;&#108;&#x74;&#x6f;&#58;&#x69;&#x76;&#97;&#x6e;&#x61;&#46;&#x73;&#x75;&#116;&#x69;&#x63;&#64;&#x6d;&#x65;&#100;&#x72;&#x69;&#46;&#x75;&#x6e;i&#x72;&#x69;&#46;&#x68;&#x72;\" target=\"_blank\" rel=\"noreferrer noopener\"><em>&#105;&#x76;&#x61;&#110;&#x61;&#x2e;&#115;&#x75;&#x74;&#105;&#x63;&#x40;&#109;&#x65;&#x64;&#114;&#x69;&#x2e;&#117;&#x6e;&#x69;&#114;&#x69;&#x2e;&#104;&#x72;<\/em><\/a>&nbsp;<\/p>\n","protected":false},"excerpt":{"rendered":"<p>Department of Family MedicineFaculty of Medicine in RijekaBra\u0107e Branchetta 20, 51000 RijekaPhone: +385 (0)51 651 155 Contact Department Head:Prof.&nbsp;Ines&nbsp;Dimini\u0107&nbsp;Lisica, MD, PhDE-mail:&nbsp;&#x69;&#x6e;&#x65;&#115;&#46;di&#x6d;&#x69;&#x6e;&#x69;&#99;&#46;li&#x73;&#x69;&#x63;&#97;&#64;&#117;ni&#x72;&#x69;&#x2e;&#104;&#114;Phone: +385 (0)51 651 154&nbsp;&nbsp;Mobile phone: +385 (0)91 165 1349 Department Secretary:Meri Cucan\u010di\u0107E-mail:&nbsp;&#x6d;&#101;&#x72;&#x69;&#46;&#x63;&#x75;&#99;&#x61;&#x6e;&#99;&#x69;&#x63;&#64;&#x6d;&#x65;d&#x72;&#105;&#46;&#x75;&#110;i&#x72;&#105;&#46;&#x68;&#114;Phone: +385 (0)51 651 155 Staff E-mail:&nbsp;&#105;&#x6e;&#101;&#x73;&#46;&#x64;&#105;&#x6d;i&#x6e;i&#x63;&#46;&#x6c;i&#115;&#x69;&#99;&#x61;&#64;&#x75;&#110;&#x69;&#114;&#x69;&#46;&#x68;r e-mail:&nbsp;al&#101;&#120;&#97;&#110;&#x64;&#x61;&#x72;&#x5f;&#x6c;ju&#98;&#111;&#116;&#105;&#x6e;&#x61;&#x40;&#x79;&#x61;ho&#111;&#46;&#99;&#111;&#x6d;&nbsp; e-mail:&nbsp;&nbsp;&#116;&#x61;&#x74;&#106;&#x61;&#x6e;a&#x2e;&#x63;u&#108;&#x69;n&#97;&#x40;m&#101;&#x64;r&#105;&#x2e;u&#110;&#x69;&#x72;&#105;&#x2e;&#x68;&#114;&nbsp; e-mail:&nbsp;&#x62;&#114;a&#x6e;&#105;s&#x6c;&#x61;&#118;&#x61;&#x2e;&#112;o&#x70;&#111;v&#x69;&#x63;&#64;&#x6d;&#x65;&#100;r&#x69;&#46;u&#x6e;&#x69;&#114;&#x69;&#x2e;&#104;r&nbsp; e-mail:&nbsp;&#109;&#x61;&#114;&#x74;&#105;&#x6e;a&#x2e;f&#x69;s&#105;&#x63;&#64;&#x6d;&#101;&#x64;&#114;&#x69;&#46;&#x75;n&#x69;r&#105;&#x2e;&#104;&#x72;&nbsp; e-mail:&nbsp;&#x74;&#105;&#110;&#x61;&#x2e;&#122;&#97;&#x76;&#x69;&#100;&#105;&#x63;&#x40;&#109;&#101;&#x64;&#x72;&#105;&#46;&#x75;&#x6e;&#105;&#114;&#x69;&#x2e;&#104;&#114;&nbsp; e-mail:&nbsp;&#x6e;&#x69;&#x6e;&#x61;&#x2e;&#x62;&#x61;&#x73;&#x69;&#x63;&#x40;&#104;&#105;&#46;&#116;&#45;&#99;&#111;m&#46;hr&nbsp; e-mail:&nbsp;&#116;a&#109;a&#114;a&#x2e;s&#x69;n&#x6f;z&#x69;c&#x40;m&#x65;d&#x72;i&#x2e;u&#x6e;i&#x72;&#105;&#x2e;&#104;&#x72;&nbsp; e-mail:&nbsp;&#x69;&#x76;&#97;n&#x61;&#x2e;&#115;ut&#x69;&#x63;&#64;m&#x65;&#x64;&#114;&#105;&#46;&#x75;&#x6e;&#105;r&#x69;&#x2e;&#104;&#114;&nbsp;<\/p>\n","protected":false},"author":4,"featured_media":0,"parent":13205,"menu_order":24,"comment_status":"closed","ping_status":"closed","template":"","meta":{"_acf_changed":false,"ub_ctt_via":"","footnotes":""},"class_list":["post-13252","page","type-page","status-publish","hentry"],"acf":[],"featured_image_src":null,"_links":{"self":[{"href":"https:\/\/medri.uniri.hr\/en\/wp-json\/wp\/v2\/pages\/13252","targetHints":{"allow":["GET"]}}],"collection":[{"href":"https:\/\/medri.uniri.hr\/en\/wp-json\/wp\/v2\/pages"}],"about":[{"href":"https:\/\/medri.uniri.hr\/en\/wp-json\/wp\/v2\/types\/page"}],"author":[{"embeddable":true,"href":"https:\/\/medri.uniri.hr\/en\/wp-json\/wp\/v2\/users\/4"}],"replies":[{"embeddable":true,"href":"https:\/\/medri.uniri.hr\/en\/wp-json\/wp\/v2\/comments?post=13252"}],"version-history":[{"count":5,"href":"https:\/\/medri.uniri.hr\/en\/wp-json\/wp\/v2\/pages\/13252\/revisions"}],"predecessor-version":[{"id":17093,"href":"https:\/\/medri.uniri.hr\/en\/wp-json\/wp\/v2\/pages\/13252\/revisions\/17093"}],"up":[{"embeddable":true,"href":"https:\/\/medri.uniri.hr\/en\/wp-json\/wp\/v2\/pages\/13205"}],"wp:attachment":[{"href":"https:\/\/medri.uniri.hr\/en\/wp-json\/wp\/v2\/media?parent=13252"}],"curies":[{"name":"wp","href":"https:\/\/api.w.org\/{rel}","templated":true}]}}