{"id":13254,"date":"2021-05-27T12:00:51","date_gmt":"2021-05-27T10:00:51","guid":{"rendered":"https:\/\/medri.uniri.hr\/?page_id=13254"},"modified":"2023-04-28T09:36:22","modified_gmt":"2023-04-28T07:36:22","slug":"ophthalmology","status":"publish","type":"page","link":"https:\/\/medri.uniri.hr\/en\/faculty\/organisational-units\/departments\/ophthalmology\/","title":{"rendered":"Ophthalmology"},"content":{"rendered":"\n<p><strong>Department of Ophthalmology<\/strong><br>Kre\u0161imirova 42, 51000 Rijeka<br>Phone: +385 (0)51 658 171<br>Fax: +385 (0)51 331 407<\/p>\n\n\n\n<p>Contact<\/p>\n\n\n\n<p><strong>Department Head:<br><\/strong>Asst. Prof.\u00a0Prim.<strong> Tea\u00a0\u010caljku\u0161i\u0107-Mance<\/strong>, MD, PhD<br><em>E-mail:\u00a0<\/em><a href=\"m&#97;&#105;&#108;&#x74;&#x6f;&#x3a;te&#97;&#46;&#x6d;&#x61;&#x6e;&#x63;e&#46;&#99;&#97;&#x6c;&#x6a;&#x6b;&#x75;s&#105;&#99;&#64;&#x75;&#x6e;&#x69;ri&#46;&#104;&#114;\"><em>tea&#46;&#109;&#97;&#110;&#99;&#101;&#46;&#99;&#x61;&#x6c;&#x6a;&#x6b;&#x75;&#x73;&#x69;&#x63;&#x40;unir&#105;&#46;&#104;&#114;<\/em><\/a><em><br>Phone: 091 588 1765, 091 165 8687<\/em><br><br><strong>Department Secretary:<br>Lilijana\u00a0Baus<\/strong>, B.Ec.<br><em>E-mail:\u00a0<\/em><a href=\"&#x6d;&#x61;&#105;l&#x74;&#x6f;&#x3a;&#108;i&#x6c;&#x69;&#x6a;&#97;n&#x61;&#x2e;&#x62;&#97;u&#x73;&#x40;&#x75;&#110;i&#x72;&#x69;&#x2e;&#104;r\"><em>&#x6c;&#105;&#108;i&#x6a;&#x61;&#110;a&#x2e;&#x62;&#97;u&#x73;&#x40;&#117;n&#x69;&#x72;&#105;&#46;&#x68;&#x72;<\/em><\/a><em><br>Phone: +385 (0)51 658 171\u00a0<\/em><\/p>\n\n\n\n<ul class=\"wp-block-list\">\n<li>Office hours for students:<br>Department Office \u2013 Monday\u2013Friday from 12 pm to 2 pm<\/li>\n<\/ul>\n\n\n\n<p>Staff<\/p>\n\n\n\n<ul class=\"wp-block-list\">\n<li><strong>Department Head<\/strong>\n<ul class=\"wp-block-list\">\n<li>Asst. Prof.\u00a0Prim. Tea\u00a0\u010caljku\u0161i\u0107-Mance, MD, PhD<\/li>\n<\/ul>\n<\/li>\n<\/ul>\n\n\n\n<p><em>E-mail:&nbsp;<\/em><a href=\"&#109;&#97;&#x69;&#x6c;&#116;&#111;&#x3a;&#x74;&#101;&#97;&#x2e;&#x6d;&#97;&#110;&#x63;&#x65;&#46;&#99;&#x61;&#x6c;&#106;&#107;&#x75;&#x73;&#105;&#99;&#x40;&#x75;&#110;&#105;&#x72;&#x69;&#46;&#104;&#x72;\"><em>&#116;&#x65;&#x61;&#46;&#x6d;&#x61;&#110;&#x63;&#x65;&#46;&#x63;&#x61;&#108;&#x6a;&#x6b;&#117;&#x73;&#x69;&#99;&#x40;&#x75;&#110;&#x69;&#x72;&#105;&#x2e;&#x68;r<\/em><\/a>&nbsp;<\/p>\n\n\n\n<ul class=\"wp-block-list\">\n<li><strong>Teaching staff<\/strong><\/li>\n\n\n\n<li>Prof. Damir Kova\u010devi\u0107, MD, PhD (tenure)<\/li>\n<\/ul>\n\n\n\n<p><em>E-mail:&nbsp;<\/em><a href=\"mail&#116;&#111;&#58;&#100;&#97;&#x6d;&#x69;&#x72;&#x2e;&#x6b;&#x6f;&#x76;acev&#105;&#99;&#64;&#109;&#101;&#x64;&#x72;&#x69;&#x2e;&#x75;&#x6e;&#x69;&#x72;i&#46;hr\" target=\"_blank\" rel=\"noreferrer noopener\"><em>&#x64;&#x61;&#x6d;&#x69;&#x72;&#x2e;&#107;&#111;&#118;&#97;cevi&#x63;&#x40;&#x6d;&#x65;&#x64;&#x72;&#105;&#46;&#117;&#110;&#105;ri&#46;&#x68;&#x72;<\/em><\/a>&nbsp;<\/p>\n\n\n\n<ul class=\"wp-block-list\">\n<li>Prof. Karmen&nbsp;Lon\u010darek,&nbsp;MD, PhD<\/li>\n<\/ul>\n\n\n\n<p><em>E-mail:&nbsp;<\/em><a href=\"&#109;&#97;&#x69;l&#116;&#x6f;&#x3a;k&#97;&#x72;&#x6d;e&#110;&#x2e;l&#111;&#x6e;&#x63;a&#114;&#x65;&#x6b;&#64;&#117;&#x6e;i&#114;&#x69;&#x2e;h&#114;\" target=\"_blank\" rel=\"noreferrer noopener\"><em>ka&#114;&#109;&#101;&#x6e;&#x2e;&#x6c;&#x6f;&#x6e;ca&#114;&#101;&#107;&#x40;&#x75;&#x6e;&#x69;&#x72;i&#46;&#104;&#114;<\/em><\/a><\/p>\n\n\n\n<ul class=\"wp-block-list\">\n<li>Assoc. Prof. Maja&nbsp;Merlak,&nbsp;MD, PhD<\/li>\n<\/ul>\n\n\n\n<p><em>E-mail:&nbsp;<\/em><a href=\"&#x6d;&#x61;&#x69;&#x6c;&#116;&#111;&#58;ma&#x6a;&#x61;&#x2e;&#x6d;&#x65;&#114;&#108;&#97;k&#64;&#x67;&#x6d;&#x61;&#x69;&#x6c;&#46;&#99;&#111;m\" target=\"_blank\" rel=\"noreferrer noopener\"><em>ma&#106;&#97;&#x2e;&#x6d;&#x65;&#x72;la&#107;&#64;&#x6d;&#x65;&#x64;&#x72;i&#46;&#117;&#110;&#105;&#x72;&#x69;&#x2e;&#x68;r<\/em><\/a><em><\/em><\/p>\n\n\n\n<ul class=\"wp-block-list\">\n<li>Asst. Prof. Goran\u00a0Pel\u010di\u0107, MD, PhD<\/li>\n<\/ul>\n\n\n\n<p><em>E-mail:&nbsp;<\/em><a href=\"&#x6d;a&#x69;&#108;t&#x6f;&#58;&#x67;&#111;r&#x61;&#110;&#x2e;&#112;e&#x6c;&#99;&#x69;&#x63;&#64;&#x6d;&#101;d&#x72;&#105;&#x2e;&#104;r\" target=\"_blank\" rel=\"noreferrer noopener\"><em>&#103;&#x6f;&#114;&#x61;&#110;&#x2e;&#112;&#x65;&#108;&#x63;&#105;&#x63;&#64;&#x6d;&#101;&#x64;&#114;&#x69;&#46;&#x68;&#114;<\/em><\/a><\/p>\n\n\n\n<ul class=\"wp-block-list\">\n<li><strong>Associates (nominal titles)&nbsp;<\/strong><\/li>\n<\/ul>\n\n\n\n<ul class=\"wp-block-list\">\n<li>Prof.&nbsp;Nikica&nbsp;Gabri\u0107,&nbsp;MD, PhD (nominal title) \u2013 Special Hospital for Ophthalmology Svjetlost,&nbsp;Zagreb&nbsp;<\/li>\n\n\n\n<li>Prof. Iva&nbsp;Dekaris,&nbsp;MD, PhD (nominal title) \u2013 Special Hospital for Ophthalmology Svjetlost,&nbsp;Zagreb&nbsp;<\/li>\n\n\n\n<li>Assoc. Prof.&nbsp;Ratimir&nbsp;Lazi\u0107,&nbsp;MD, PhD (nominal title)&nbsp;\u2013 Special Hospital for Ophthalmology Svjetlost,&nbsp;Zagreb&nbsp;&nbsp;<\/li>\n\n\n\n<li>Assoc. Prof. Ivana&nbsp;Mravi\u010di\u0107,&nbsp;MD, PhD (nominal title) \u2013 Special Hospital for Ophthalmology Svjetlost,&nbsp;Zagreb&nbsp;&nbsp;<\/li>\n\n\n\n<li>Asst. Prof.\u00a0Nata\u0161a\u00a0Dra\u010da,\u00a0MD, PhD (nominal title) \u2013 Special Hospital for Ophthalmology Svjetlost,\u00a0Zagreb\u00a0<\/li>\n\n\n\n<li>Asst. Prof.\u00a0Maja\u00a0Boha\u010d,\u00a0MD, PhD (nominal title) \u2013 Special Hospital for Ophthalmology Svjetlost,\u00a0Zagreb\u00a0\u00a0<\/li>\n<\/ul>\n\n\n\n<ul class=\"wp-block-list\">\n<li><strong>Nonteaching staff<\/strong>\n<ul class=\"wp-block-list\">\n<li>Lilijana&nbsp;Baus, B.Ec. \u2013 Administrative Secretary<\/li>\n<\/ul>\n<\/li>\n<\/ul>\n\n\n\n<p><em>E-mail:&nbsp;<\/em><a href=\"&#x6d;&#97;i&#x6c;&#116;o&#x3a;&#108;i&#x6c;&#105;a&#x6e;&#97;&#46;&#x62;&#97;u&#x73;&#64;g&#x6d;&#97;i&#x6c;&#46;c&#x6f;&#109;\"><em>&#x6c;&#105;l&#x69;&#97;&#110;&#x61;&#x2e;&#98;a&#x75;&#115;&#64;&#x67;&#x6d;&#97;i&#x6c;&#46;c&#x6f;&#x6d;<\/em><\/a><\/p>\n","protected":false},"excerpt":{"rendered":"<p>Department of OphthalmologyKre\u0161imirova 42, 51000 RijekaPhone: +385 (0)51 658 171Fax: +385 (0)51 331 407 Contact Department Head:Asst. Prof.\u00a0Prim. Tea\u00a0\u010caljku\u0161i\u0107-Mance, MD, PhDE-mail:\u00a0&#x74;&#101;&#97;&#46;&#x6d;&#x61;&#110;c&#x65;&#x2e;&#99;al&#x6a;&#107;&#117;s&#x69;&#x63;&#64;u&#x6e;&#x69;&#114;&#105;&#46;&#x68;&#x72;Phone: 091 588 1765, 091 165 8687 Department Secretary:Lilijana\u00a0Baus, B.Ec.E-mail:\u00a0&#108;&#x69;l&#x69;&#x6a;&#97;&#x6e;a&#46;&#x62;&#97;&#x75;s&#64;&#x75;n&#x69;r&#105;&#x2e;h&#x72;Phone: +385 (0)51 658 171\u00a0 Staff E-mail:&nbsp;tea&#46;&#109;&#97;&#110;&#99;&#101;&#x2e;&#x63;&#x61;&#x6c;&#x6a;&#x6b;&#x75;sic&#64;&#117;&#110;&#105;&#114;&#105;&#x2e;&#x68;&#x72;&nbsp; E-mail:&nbsp;&#100;&#x61;&#109;&#x69;r&#x2e;k&#111;&#x76;&#97;&#x63;&#101;&#x76;i&#x63;&#64;&#109;&#x65;&#100;&#x72;i&#x2e;u&#x6e;&#x69;&#114;&#x69;&#46;&#x68;r&nbsp; E-mail:&nbsp;&#107;a&#x72;m&#x65;n&#x2e;l&#x6f;n&#x63;a&#x72;&#101;&#x6b;&#64;&#x75;&#110;&#x69;&#114;&#x69;&#46;&#x68;&#114; E-mail:&nbsp;&#109;&#x61;&#106;&#x61;&#46;&#x6d;&#101;&#x72;&#108;&#x61;&#107;&#x40;&#109;&#x65;&#100;&#x72;&#105;&#x2e;&#117;&#x6e;&#105;&#x72;&#105;&#x2e;&#104;&#x72; E-mail:&nbsp;go&#114;&#97;&#110;&#x2e;&#x70;&#x65;&#x6c;ci&#99;&#64;&#109;&#x65;&#x64;&#x72;&#x69;&#46;h&#114; E-mail:&nbsp;&#x6c;&#105;l&#x69;&#97;&#110;&#x61;&#x2e;&#98;a&#x75;&#115;&#64;&#x67;&#x6d;&#97;i&#x6c;&#46;c&#x6f;&#x6d;<\/p>\n","protected":false},"author":4,"featured_media":0,"parent":13205,"menu_order":25,"comment_status":"closed","ping_status":"closed","template":"","meta":{"_acf_changed":false,"ub_ctt_via":"","footnotes":""},"class_list":["post-13254","page","type-page","status-publish","hentry"],"acf":[],"featured_image_src":null,"_links":{"self":[{"href":"https:\/\/medri.uniri.hr\/en\/wp-json\/wp\/v2\/pages\/13254","targetHints":{"allow":["GET"]}}],"collection":[{"href":"https:\/\/medri.uniri.hr\/en\/wp-json\/wp\/v2\/pages"}],"about":[{"href":"https:\/\/medri.uniri.hr\/en\/wp-json\/wp\/v2\/types\/page"}],"author":[{"embeddable":true,"href":"https:\/\/medri.uniri.hr\/en\/wp-json\/wp\/v2\/users\/4"}],"replies":[{"embeddable":true,"href":"https:\/\/medri.uniri.hr\/en\/wp-json\/wp\/v2\/comments?post=13254"}],"version-history":[{"count":4,"href":"https:\/\/medri.uniri.hr\/en\/wp-json\/wp\/v2\/pages\/13254\/revisions"}],"predecessor-version":[{"id":17094,"href":"https:\/\/medri.uniri.hr\/en\/wp-json\/wp\/v2\/pages\/13254\/revisions\/17094"}],"up":[{"embeddable":true,"href":"https:\/\/medri.uniri.hr\/en\/wp-json\/wp\/v2\/pages\/13205"}],"wp:attachment":[{"href":"https:\/\/medri.uniri.hr\/en\/wp-json\/wp\/v2\/media?parent=13254"}],"curies":[{"name":"wp","href":"https:\/\/api.w.org\/{rel}","templated":true}]}}