{"id":13260,"date":"2021-05-27T12:02:07","date_gmt":"2021-05-27T10:02:07","guid":{"rendered":"https:\/\/medri.uniri.hr\/?page_id=13260"},"modified":"2023-04-28T09:44:49","modified_gmt":"2023-04-28T07:44:49","slug":"orthopedics-and-physical-medicine","status":"publish","type":"page","link":"https:\/\/medri.uniri.hr\/en\/faculty\/organisational-units\/departments\/orthopedics-and-physical-medicine\/","title":{"rendered":"Orthopedics and Physical Medicine"},"content":{"rendered":"\n<p><strong>Department of Orthopedics and Physical Medicine<\/strong><br>\u0160etali\u0161te m. Tita 1, 51415 Lovran<br>Phone: +385 (0)51 710 212&nbsp;<\/p>\n\n\n\n<p>Contact<\/p>\n\n\n\n<p><strong>Department Head:<br><\/strong>Prof. <strong>Branko \u0160estan<\/strong>, MD, PhD (tenure)<br><em>E-mail:&nbsp;<\/em><a href=\"&#x6d;&#x61;&#105;l&#x74;&#x6f;&#58;&#98;r&#x61;&#x6e;&#107;&#111;&#46;&#x73;&#x65;&#115;ta&#x6e;&#x40;&#117;n&#x69;&#x72;&#105;&#46;h&#x72;\" target=\"_blank\" rel=\"noreferrer noopener\"><em>&#x62;&#114;a&#x6e;&#107;o&#x2e;&#115;e&#x73;&#116;a&#x6e;&#64;u&#x6e;&#x69;r&#x69;&#x2e;&#104;&#x72;<\/em><\/a><em><br>Phone: +385 (0)51 710 212<\/em><br><strong>Department Secretary:<br>Nata\u0161a Mo\u017eeti\u0107<\/strong><br><em>E-mail:&nbsp;<\/em><a href=\"ma&#105;&#108;&#116;&#111;&#x3a;&#x6e;&#x61;&#x74;&#x61;sa&#46;&#109;&#111;&#122;&#x65;&#x74;&#x69;&#x63;&#x40;un&#105;&#114;&#105;&#46;&#x68;&#x72;\"><em>&#110;&#x61;&#x74;a&#115;&#x61;&#46;&#109;&#x6f;&#x7a;e&#116;&#x69;c&#64;&#x75;&#x6e;i&#114;&#x69;&#46;&#104;&#x72;<\/em><\/a><em><br>Phone: +385 (0)51 710 212<\/em><\/p>\n\n\n\n<ul class=\"wp-block-list\">\n<li>Office hours for students:<br>Department Office \u2013 Thursday from 11 am to 1 pm<\/li>\n<\/ul>\n\n\n\n<p>Staff<\/p>\n\n\n\n<ul class=\"wp-block-list\">\n<li><strong>Department Head<\/strong>\n<ul class=\"wp-block-list\">\n<li>Prof. Branko \u0160estan, MD, PhD (tenure)<\/li>\n<\/ul>\n<\/li>\n<\/ul>\n\n\n\n<p><em>E-mail:&nbsp;<\/em><a href=\"&#x6d;a&#x69;&#108;t&#x6f;&#58;&#x62;&#114;a&#x6e;&#107;&#x6f;&#46;s&#x65;&#115;&#x74;&#x61;n&#x40;&#117;n&#x69;&#114;&#x69;&#46;h&#x72;\"><em>&#x62;&#114;a&#x6e;&#107;o&#x2e;&#115;e&#x73;&#x74;&#97;&#x6e;&#x40;&#117;n&#x69;&#114;i&#x2e;&#104;r<\/em><\/a><\/p>\n\n\n\n<ul class=\"wp-block-list\">\n<li><strong>Teaching staff<\/strong>\n<ul class=\"wp-block-list\">\n<li>Prof. Branko \u0160estan, MD, PhD (tenure)<\/li>\n<\/ul>\n<\/li>\n<\/ul>\n\n\n\n<p><em>E-mail:&nbsp;<\/em><a href=\"&#109;&#x61;i&#x6c;&#x74;&#111;&#x3a;b&#114;&#x61;&#110;&#x6b;o&#46;&#x73;e&#x73;t&#97;&#x6e;&#64;&#x75;&#x6e;&#105;&#x72;i&#46;&#x68;&#114;\" target=\"_blank\" rel=\"noreferrer noopener\"><em>&#98;r&#97;n&#107;o&#x2e;s&#x65;s&#x74;a&#x6e;&#64;&#x75;n&#x69;r&#x69;&#46;&#x68;r<\/em><\/a><\/p>\n\n\n\n<ul class=\"wp-block-list\">\n<li>Prof. Veljko \u0160anti\u0107, MD, PhD<\/li>\n<\/ul>\n\n\n\n<p><em>E-mail:&nbsp;<\/em><a href=\"&#x6d;&#x61;&#x69;&#x6c;&#x74;&#x6f;&#x3a;&#x76;&#x65;&#x6c;&#x6a;&#107;&#111;&#46;&#115;&#97;&#110;&#116;ic&#64;uni&#x72;&#x69;&#x2e;&#x68;&#x72;\" target=\"_blank\" rel=\"noreferrer noopener\"><em>&#x76;e&#x6c;&#106;&#x6b;&#111;&#x2e;&#x73;a&#x6e;&#116;&#x69;&#99;&#x40;&#117;n&#x69;&#114;&#x69;&#46;&#x68;&#114;<\/em><\/a><\/p>\n\n\n\n<ul class=\"wp-block-list\">\n<li>Prof. Gordan Gulan, MD, PhD (tenure)<\/li>\n<\/ul>\n\n\n\n<p><em>E-mail:&nbsp;<\/em><a href=\"&#x6d;&#97;i&#x6c;&#x74;&#111;:&#x67;&#x6f;&#114;d&#x61;&#x6e;&#46;g&#x75;&#x6c;&#97;n&#x40;&#117;&#110;i&#x72;&#105;&#46;&#x68;&#x72;\" target=\"_blank\" rel=\"noreferrer noopener\"><em>&#103;o&#x72;d&#x61;n&#x2e;&#103;&#x75;&#108;&#x61;&#110;&#64;&#x75;n&#x69;r&#x69;&#46;&#x68;&#114;<\/em><\/a><\/p>\n\n\n\n<ul class=\"wp-block-list\">\n<li>Assoc. Prof. Zdravko Jotanovi\u0107,&nbsp;MD, PhD<\/li>\n<\/ul>\n\n\n\n<p><em>E-mail:&nbsp;<\/em><a href=\"m&#97;&#105;&#x6c;&#x74;o:&#122;&#100;&#x72;&#x61;vk&#111;&#46;&#x6a;&#x6f;ta&#110;&#x6f;&#x76;&#x69;c&#64;&#117;&#x6e;&#x69;&#x72;i&#46;&#104;&#x72;\" target=\"_blank\" rel=\"noreferrer noopener\"><em>&#x7a;&#100;r&#x61;&#118;k&#x6f;&#46;j&#x6f;&#x74;&#97;&#x6e;&#x6f;&#118;i&#x63;&#64;u&#x6e;&#105;r&#x69;&#x2e;&#104;&#x72;<\/em><\/a><\/p>\n\n\n\n<ul class=\"wp-block-list\">\n<li>Assoc. Prof. Dalen Legovi\u0107, MD, PhD (nominal title)<\/li>\n<\/ul>\n\n\n\n<p><em>E-mail:&nbsp;<\/em><a href=\"&#109;a&#x69;l&#x74;o&#x3a;d&#x61;l&#x65;n&#x2e;&#108;&#x65;&#103;&#x6f;&#118;&#x69;&#99;&#x40;&#117;&#x6e;&#105;&#x72;&#105;&#46;&#x68;r\" target=\"_blank\" rel=\"noreferrer noopener\"><em>&#100;&#97;&#x6c;e&#110;&#x2e;&#x6c;e&#103;&#x6f;&#x76;i&#99;&#x40;u&#110;&#x69;&#x72;i&#46;&#x68;&#x72;<\/em><\/a><\/p>\n\n\n\n<ul class=\"wp-block-list\">\n<li>Asst. Prof. Tomislav Prpi\u0107, MD, PhD<\/li>\n<\/ul>\n\n\n\n<p><em>E-mail:&nbsp;<\/em><a href=\"&#109;&#x61;&#x69;l&#116;&#x6f;:&#116;&#x6f;m&#105;&#x73;l&#97;&#x76;&#x2e;&#112;&#x72;&#x70;i&#99;&#x40;u&#110;&#x69;r&#105;&#x2e;&#x68;&#114;\" target=\"_blank\" rel=\"noreferrer noopener\"><em>&#116;&#x6f;m&#x69;&#x73;&#108;&#x61;v&#46;&#x70;&#114;&#x70;i&#99;&#x40;u&#x6e;i&#114;&#x69;&#46;&#x68;&#x72;<\/em><\/a><\/p>\n\n\n\n<ul class=\"wp-block-list\">\n<li>Asst. Prof. Nikola Gr\u017ealja, MD, PhD (nominal title)<\/li>\n<\/ul>\n\n\n\n<p><em>E-mail:&nbsp;<\/em><a href=\"&#109;&#x61;i&#108;&#x74;o&#58;&#x6e;i&#107;&#x6f;l&#97;&#x2e;g&#114;&#x7a;a&#108;&#x6a;a&#64;&#x75;n&#105;&#x72;i&#46;&#x68;r\" target=\"_blank\" rel=\"noreferrer noopener\"><em>&#x6e;i&#x6b;o&#x6c;&#97;&#x2e;&#103;r&#x7a;a&#x6c;&#106;&#x61;&#64;&#x75;&#110;i&#x72;i&#x2e;&#104;&#x72;<\/em><\/a><\/p>\n\n\n\n<ul class=\"wp-block-list\">\n<li>Asst. Prof. Tomislav Ma\u0111arevi\u0107, MD, PhD (nominal title)<\/li>\n<\/ul>\n\n\n\n<p><em>E-mail:&nbsp;<\/em><a href=\"&#x6d;&#97;i&#x6c;&#x74;&#111;:&#x74;&#111;m&#x69;&#x73;&#108;a&#x76;&#46;m&#x61;&#x64;&#106;a&#x72;&#x65;&#118;&#x69;&#x63;&#64;u&#x6e;&#x69;&#114;i&#x2e;&#104;r\" target=\"_blank\" rel=\"noreferrer noopener\"><em>&#x74;o&#x6d;&#105;&#x73;&#108;a&#x76;&#46;&#x6d;&#97;&#x64;&#106;a&#x72;&#101;&#x76;&#105;c&#x40;u&#x6e;&#105;&#x72;&#105;&#46;&#x68;r<\/em><\/a><\/p>\n\n\n\n<ul class=\"wp-block-list\">\n<li>Asst. Prof. Sandor Roth, MD, PhD (nominal title)<\/li>\n<\/ul>\n\n\n\n<p><em>E-mail:&nbsp;<\/em><a href=\"&#x6d;&#x61;&#105;&#108;t&#x6f;&#x3a;&#x72;&#111;&#116;h&#x6d;&#x65;&#x64;&#64;&#114;i&#x2e;&#x68;&#x74;&#110;&#101;t&#x2e;&#x68;&#x72;\" target=\"_blank\" rel=\"noreferrer noopener\"><em>&#x72;o&#x74;h&#x6d;&#101;&#x64;&#64;r&#x69;&#46;&#x68;&#116;&#x6e;&#101;&#x74;&#46;h&#x72;<\/em><\/a><\/p>\n\n\n\n<ul class=\"wp-block-list\">\n<li>Mirjana Bari\u010di\u0107, MD<\/li>\n<\/ul>\n\n\n\n<p><em>E-mail:&nbsp;<\/em><a href=\"ma&#105;&#108;&#116;&#111;&#x3a;&#x6d;&#x69;&#x72;&#x6a;an&#97;&#46;&#98;&#97;&#x72;&#x69;&#x63;&#x69;&#x63;&#64;u&#110;&#105;&#114;&#105;&#x2e;&#x68;&#x72;\" target=\"_blank\" rel=\"noreferrer noopener\"><em>m&#105;&#114;&#106;&#x61;&#x6e;&#x61;&#46;b&#97;&#114;&#x69;&#x63;&#x69;&#x63;&#64;u&#110;&#105;&#x72;&#x69;&#x2e;&#x68;r<\/em><\/a><\/p>\n\n\n\n<ul class=\"wp-block-list\">\n<li>Leo Gulan, MD<\/li>\n<\/ul>\n\n\n\n<p><em>E-mail:<\/em>&nbsp;<a href=\"&#109;&#x61;i&#x6c;&#x74;&#111;&#x3a;l&#x65;&#x6f;&#46;&#x67;u&#x6c;&#x61;&#110;&#x40;g&#x6d;&#x61;&#105;&#x6c;&#46;&#x63;&#x6f;&#109;\" target=\"_blank\" rel=\"noreferrer noopener\"><em>&#108;&#x65;&#111;&#x2e;&#103;&#x75;&#108;&#x61;&#110;&#x40;&#103;&#x6d;a&#x69;l&#x2e;c&#x6f;m<\/em><\/a><\/p>\n\n\n\n<ul class=\"wp-block-list\">\n<li>Karlo Tudor, MD<\/li>\n<\/ul>\n\n\n\n<p><em>E-mail:<\/em>&nbsp;<a href=\"m&#97;&#105;&#x6c;&#x74;&#x6f;:&#107;&#97;&#x72;&#x6c;&#x6f;tu&#100;&#x6f;&#x72;&#x40;ya&#104;&#111;&#x6f;&#x2e;&#x63;o&#109;\" target=\"_blank\" rel=\"noreferrer noopener\"><em>&#107;&#x61;r&#108;&#x6f;&#116;&#x75;d&#111;&#x72;&#64;&#x79;&#x61;&#104;&#x6f;o&#46;&#x63;o&#x6d;<\/em><\/a><\/p>\n\n\n\n<ul class=\"wp-block-list\">\n<li><strong>Nonteaching staff<\/strong>\n<ul class=\"wp-block-list\">\n<li>Nata\u0161a Mo\u017eeti\u0107 \u2013 Administrative Secretary<\/li>\n<\/ul>\n<\/li>\n<\/ul>\n","protected":false},"excerpt":{"rendered":"<p>Department of Orthopedics and Physical Medicine\u0160etali\u0161te m. Tita 1, 51415 LovranPhone: +385 (0)51 710 212&nbsp; Contact Department Head:Prof. Branko \u0160estan, MD, PhD (tenure)E-mail:&nbsp;&#98;&#x72;a&#110;&#x6b;o&#46;&#x73;e&#115;&#x74;a&#110;&#x40;&#117;&#x6e;&#x69;&#114;&#x69;&#x2e;&#104;&#x72;Phone: +385 (0)51 710 212Department Secretary:Nata\u0161a Mo\u017eeti\u0107E-mail:&nbsp;&#x6e;&#x61;&#x74;&#x61;&#115;&#97;&#46;mo&#x7a;&#x65;&#x74;&#x69;&#x63;&#64;&#117;&#110;ir&#x69;&#x2e;&#x68;&#x72;Phone: +385 (0)51 710 212 Staff E-mail:&nbsp;&#98;&#x72;&#x61;n&#107;&#x6f;&#46;&#115;&#x65;s&#116;&#x61;n&#64;&#x75;&#x6e;&#105;&#x72;&#x69;&#46;&#104;&#x72; E-mail:&nbsp;&#98;&#x72;&#x61;&#110;&#x6b;&#x6f;&#46;&#x73;&#x65;s&#116;&#x61;n&#64;&#x75;n&#105;&#x72;i&#46;&#x68;r E-mail:&nbsp;v&#101;&#108;&#x6a;&#x6b;o&#46;&#115;&#x61;&#x6e;&#x74;i&#99;&#64;&#x75;&#x6e;ir&#105;&#x2e;&#x68;&#x72; E-mail:&nbsp;go&#114;&#100;&#97;&#x6e;&#x2e;&#x67;&#x75;&#x6c;an&#64;&#117;&#110;&#x69;&#x72;&#x69;&#x2e;&#x68;r E-mail:&nbsp;&#x7a;&#x64;&#114;&#97;v&#x6b;&#x6f;&#x2e;&#106;&#111;t&#x61;&#x6e;&#x6f;&#118;&#105;c&#x40;&#x75;&#x6e;&#105;&#114;i&#x2e;&#x68;&#x72; E-mail:&nbsp;dale&#110;&#46;&#108;&#101;&#103;&#x6f;&#x76;&#x69;&#x63;&#x40;&#x75;&#x6e;iri&#46;&#104;&#114; E-mail:&nbsp;&#x74;&#111;m&#x69;&#115;l&#x61;&#118;&#46;&#x70;&#114;p&#x69;&#99;&#64;&#x75;&#110;i&#x72;&#105;&#46;&#x68;&#114; E-mail:&nbsp;&#x6e;&#x69;&#x6b;&#111;&#108;&#97;&#46;g&#x72;&#x7a;&#x61;&#x6c;&#106;&#97;&#64;u&#x6e;&#x69;&#x72;&#x69;&#46;&#104;r E-mail:&nbsp;&#x74;o&#x6d;i&#x73;&#108;&#x61;&#118;&#46;&#x6d;a&#x64;&#106;&#x61;&#114;&#x65;&#118;i&#x63;&#64;&#x75;&#110;&#x69;&#114;&#x69;&#x2e;h&#x72; E-mail:&nbsp;&#x72;&#111;&#x74;&#x68;&#109;&#x65;&#x64;&#64;&#x72;&#x69;&#46;&#x68;&#x74;n&#x65;&#x74;&#46;&#x68;&#114; E-mail:&nbsp;&#109;&#105;&#x72;j&#97;&#x6e;&#x61;&#46;&#98;&#x61;&#x72;i&#99;&#x69;&#x63;&#64;&#117;&#x6e;&#x69;r&#105;&#x2e;&#x68;r E-mail:&nbsp;&#x6c;&#x65;&#111;&#46;gu&#x6c;&#x61;&#x6e;&#64;gm&#x61;&#x69;&#x6c;&#46;&#99;o&#x6d; E-mail:&nbsp;karlotud&#111;&#114;&#64;&#121;&#97;&#104;&#111;&#111;&#46;&#99;&#x6f;&#x6d;<\/p>\n","protected":false},"author":4,"featured_media":0,"parent":13205,"menu_order":28,"comment_status":"closed","ping_status":"closed","template":"","meta":{"_acf_changed":false,"ub_ctt_via":"","footnotes":""},"class_list":["post-13260","page","type-page","status-publish","hentry"],"acf":[],"featured_image_src":null,"_links":{"self":[{"href":"https:\/\/medri.uniri.hr\/en\/wp-json\/wp\/v2\/pages\/13260","targetHints":{"allow":["GET"]}}],"collection":[{"href":"https:\/\/medri.uniri.hr\/en\/wp-json\/wp\/v2\/pages"}],"about":[{"href":"https:\/\/medri.uniri.hr\/en\/wp-json\/wp\/v2\/types\/page"}],"author":[{"embeddable":true,"href":"https:\/\/medri.uniri.hr\/en\/wp-json\/wp\/v2\/users\/4"}],"replies":[{"embeddable":true,"href":"https:\/\/medri.uniri.hr\/en\/wp-json\/wp\/v2\/comments?post=13260"}],"version-history":[{"count":4,"href":"https:\/\/medri.uniri.hr\/en\/wp-json\/wp\/v2\/pages\/13260\/revisions"}],"predecessor-version":[{"id":17096,"href":"https:\/\/medri.uniri.hr\/en\/wp-json\/wp\/v2\/pages\/13260\/revisions\/17096"}],"up":[{"embeddable":true,"href":"https:\/\/medri.uniri.hr\/en\/wp-json\/wp\/v2\/pages\/13205"}],"wp:attachment":[{"href":"https:\/\/medri.uniri.hr\/en\/wp-json\/wp\/v2\/media?parent=13260"}],"curies":[{"name":"wp","href":"https:\/\/api.w.org\/{rel}","templated":true}]}}