{"id":13264,"date":"2021-05-27T12:02:52","date_gmt":"2021-05-27T10:02:52","guid":{"rendered":"https:\/\/medri.uniri.hr\/?page_id=13264"},"modified":"2025-11-07T11:01:26","modified_gmt":"2025-11-07T09:01:26","slug":"pediatrics","status":"publish","type":"page","link":"https:\/\/medri.uniri.hr\/en\/faculty\/organisational-units\/departments\/pediatrics\/","title":{"rendered":"Pediatrics"},"content":{"rendered":"\n<p><strong>Department of Pediatrics<\/strong><br>Vjekoslava Duki\u0107a 7, 51000 Rijeka&nbsp;&nbsp;<br>Phone: +385 (0)51 640 267&nbsp;<br><\/p>\n\n\n\n<p>Contact<\/p>\n\n\n\n<div class=\"wp-block-group is-layout-constrained wp-block-group-is-layout-constrained\">\n<p><strong>Department Head:<br><\/strong>Assoc. Prof.&nbsp;<strong>Kristina Lah Tomuli\u0107<\/strong>, MD, PhD<br><em>E-mail:&nbsp;<a href=\"&#x6d;&#97;i&#x6c;&#116;o&#x3a;&#107;r&#x69;&#x73;&#116;&#x69;&#x6e;&#97;&#46;&#x6c;&#97;h&#x2e;&#116;o&#x6d;&#x75;&#108;&#x69;&#x63;&#64;m&#x65;&#100;r&#x69;&#46;u&#x6e;&#105;r&#x69;&#x2e;&#104;&#x72;\">&#x6b;&#x72;&#105;s&#x74;&#x69;&#x6e;&#97;&#46;&#x6c;&#x61;&#x68;&#46;t&#x6f;&#x6d;&#x75;&#108;i&#x63;&#x40;&#x6d;&#101;d&#x72;&#x69;&#x2e;&#117;n&#x69;&#x72;&#x69;&#46;h&#x72;<\/a><br>Phone: +385 (0)51 640 254<\/em><\/p>\n\n\n\n<p><a href=\"&#x6d;&#97;&#105;l&#x74;&#x6f;&#58;r&#x6f;&#x6d;&#97;n&#x61;&#x2e;&#106;e&#x72;&#x6b;&#111;v&#x69;&#x63;&#64;m&#x65;&#x64;&#114;&#105;&#46;&#x75;&#x6e;&#105;r&#x69;&#x2e;&#104;r\"><em><br><\/em><\/a><strong>Department Secretary:<br>Tatjana Mu\u017eik, M.Ec.<\/strong><br><em>E-mail:&nbsp;<u>&#x74;&#97;t&#x6a;&#97;n&#x61;&#46;m&#x75;&#x7a;&#105;&#x6b;&#x40;&#109;e&#x64;&#114;i&#x2e;&#117;n&#x69;&#x72;&#105;&#x2e;&#x68;&#114;<\/u><br>Phone: +385 (0)51 640 267&nbsp;<\/em><\/p>\n<\/div>\n\n\n\n<ul class=\"wp-block-list\">\n<li>Office hours for students:<br>Department Office \u2013 Monday\u2013Friday from 8 am to 4 pm<\/li>\n<\/ul>\n\n\n\n<p>Staff<\/p>\n\n\n\n<ul class=\"wp-block-list\">\n<li><strong>Department Head<\/strong><\/li>\n\n\n\n<li>Assoc. Prof.&nbsp;<strong>Kristina Lah Tomuli\u0107<\/strong>, MD, PhD<br><em>E-mail:&nbsp;<\/em><a href=\"&#109;&#x61;&#105;&#x6c;t&#x6f;:&#106;&#x65;&#108;&#x65;n&#x61;&#46;&#114;&#x6f;&#103;&#x61;n&#x6f;v&#105;&#x63;&#64;&#x6d;e&#x64;r&#105;&#x2e;&#117;&#x6e;i&#x72;i&#46;&#x68;&#114;\" target=\"_blank\" rel=\"noreferrer noopener\"><em>kri&#115;&#116;&#105;&#110;&#x61;&#x2e;&#x6c;&#x61;&#x68;&#x2e;&#x74;omu&#108;&#105;&#99;&#64;&#109;&#x65;&#x64;&#x72;&#x69;&#x2e;&#x75;niri&#46;&#104;&#114;<\/em><\/a><em>&nbsp;<\/em><\/li>\n<\/ul>\n\n\n\n<ul class=\"wp-block-list\">\n<li><strong>Teaching staff<\/strong>\n<ul class=\"wp-block-list\">\n<li>Prof. Sr\u0111an Banac,&nbsp;MD, PhD (tenure), <em>E-mail:&nbsp;<\/em><a href=\"&#109;&#x61;&#105;&#x6c;t&#111;&#x3a;&#115;&#x72;d&#x61;n&#46;&#x62;&#97;&#x6e;a&#x63;&#x40;&#109;&#x65;d&#x72;i&#46;&#x75;&#110;&#x69;r&#x69;&#46;&#104;&#x72;\" target=\"_blank\" rel=\"noreferrer noopener\"><em>&#115;&#114;&#x64;a&#110;&#x2e;&#x62;a&#110;&#x61;&#x63;&#64;&#109;&#x65;d&#114;&#x69;&#x2e;u&#110;&#x69;&#x72;i&#46;&#x68;r<\/em><\/a><em>&nbsp;<\/em><\/li>\n\n\n\n<li>Prof. Igor Prpi\u0107,&nbsp;MD, PhD (tenure), <em>E-mail:&nbsp;<\/em><a href=\"&#x6d;&#97;i&#x6c;&#116;o&#x3a;&#105;g&#x6f;&#114;&#46;&#x70;&#114;p&#x69;&#x63;&#64;&#x6d;&#x65;&#100;&#x72;&#x69;&#46;&#x75;&#x6e;&#105;r&#x69;&#46;h&#x72;\" target=\"_blank\" rel=\"noreferrer noopener\"><em>&#105;g&#x6f;r&#x2e;p&#x72;p&#x69;&#99;&#x40;&#109;&#x65;&#100;&#x72;&#105;&#46;&#117;n&#x69;r&#x69;&#46;&#x68;&#114;<\/em><\/a>&nbsp;<\/li>\n\n\n\n<li>Prof. Goran&nbsp;Pal\u010devski,&nbsp;MD, PhD (tenure), <em>E-mail:&nbsp;<\/em><a href=\"&#x6d;&#x61;&#x69;&#x6c;&#x74;&#x6f;&#x3a;&#x67;&#x6f;&#x72;&#x61;&#x6e;&#x2e;&#x70;&#x61;&#x6c;&#x63;&#x65;&#x76;&#x73;&#x6b;&#x69;&#x40;&#x6d;&#x65;&#x64;&#x72;&#x69;&#x2e;&#x75;&#x6e;&#x69;&#x72;&#x69;&#x2e;&#x68;&#x72;\" target=\"_blank\" rel=\"noreferrer noopener\"><em>&#103;&#x6f;&#114;&#x61;&#110;&#x2e;&#112;&#x61;&#108;&#x63;&#101;&#x76;s&#x6b;i&#x40;m&#x65;d&#x72;i&#x2e;u&#110;&#x69;&#114;&#x69;&#46;&#x68;&#114;<\/em><\/a><em>&nbsp;<\/em><\/li>\n\n\n\n<li>Assoc. Prof. Sre\u0107ko Severinski,&nbsp;MD, PhD, <em>E-mail:&nbsp;<\/em><a href=\"&#109;a&#105;l&#116;o&#x3a;s&#x72;e&#x63;k&#x6f;&#46;&#x73;e&#x76;e&#x72;i&#x6e;s&#x6b;i&#x40;&#109;&#x65;&#100;&#x72;&#105;&#x2e;&#117;&#x6e;&#105;&#x72;&#105;&#x2e;&#104;&#x72;%20\" target=\"_blank\" rel=\"noreferrer noopener\"><em>&#115;&#x72;&#101;&#x63;k&#x6f;&#46;&#115;&#x65;&#118;&#x65;r&#x69;n&#115;&#x6b;&#105;&#x40;m&#x65;d&#114;&#x69;&#46;&#x75;n&#x69;r&#105;&#x2e;&#104;&#x72;<\/em><\/a><\/li>\n\n\n\n<li>Assoc. Prof. Kristina&nbsp;Lah&nbsp;Tomuli\u0107,&nbsp;MD, PhD, <em>E-mail:&nbsp;<\/em><a href=\"m&#97;&#x69;&#x6c;&#x74;o&#58;&#107;&#x72;&#x69;s&#116;&#105;&#x6e;&#x61;&#46;l&#97;&#x68;&#x2e;&#x74;o&#109;&#x75;&#x6c;&#x69;c&#64;&#109;&#x65;&#x64;r&#105;&#46;&#x75;&#x6e;ir&#105;&#x2e;&#x68;&#x72;%20\" target=\"_blank\" rel=\"noreferrer noopener\"><em>&#107;&#x72;&#x69;s&#116;&#x69;n&#97;&#x2e;&#x6c;a&#104;&#x2e;t&#111;&#x6d;&#x75;l&#105;&#x63;&#64;&#109;&#x65;&#x64;&#114;&#105;&#x2e;u&#110;&#x69;&#x72;&#105;&#x2e;&#x68;r<\/em><\/a><em>&nbsp;<\/em><\/li>\n\n\n\n<li>Assoc. Prof. Iva Bili\u0107&nbsp;\u010ca\u010de,&nbsp;MD, PhD, <em>E-mail:&nbsp;<\/em><a href=\"&#x6d;&#97;i&#x6c;&#116;o&#x3a;&#105;v&#x61;&#46;b&#x69;&#108;i&#x63;&#64;m&#x65;&#100;r&#x69;&#46;u&#x6e;&#105;r&#x69;&#46;h&#x72;%20\" target=\"_blank\" rel=\"noreferrer noopener\"><em>iva&#46;&#98;&#105;&#x6c;&#x69;&#x63;&#x40;&#x6d;&#x65;dri&#46;&#117;&#110;&#105;&#x72;&#x69;&#x2e;&#x68;&#x72;<\/em><\/a><\/li>\n\n\n\n<li>Assoc. Prof. Ana Milardovi\u0107,&nbsp;MD, PhD, <em>E-mail:&nbsp;<\/em><a href=\"&#109;&#x61;i&#108;&#x74;o&#58;&#x61;n&#97;&#x2e;m&#105;&#x6c;a&#114;&#x64;o&#118;&#x69;c&#64;&#x6d;e&#100;&#x72;i&#46;&#x75;n&#105;&#x72;i&#x2e;&#x68;r%20\" target=\"_blank\" rel=\"noreferrer noopener\"><em>an&#97;&#46;&#109;&#105;&#x6c;&#x61;&#x72;&#x64;&#x6f;vi&#99;&#64;&#109;&#101;&#x64;&#x72;&#x69;&#x2e;&#x75;ni&#114;&#105;&#46;&#104;&#x72;<\/em><\/a>&nbsp;<\/li>\n\n\n\n<li>Asst. Prof. Jelena Radi\u0107&nbsp;Ni\u0161evi\u0107,&nbsp;MD, PhD, <em>E-mail:&nbsp;<\/em><a href=\"m&#97;&#105;&#x6c;&#x74;o:&#106;&#101;&#x6c;&#x65;na&#46;&#114;&#x61;&#x64;ic&#46;&#x6e;&#x69;&#x73;e&#118;&#105;&#x63;&#x40;&#x6d;e&#100;&#114;&#x69;&#x2e;&#x75;n&#105;&#114;&#x69;&#x2e;&#x68;r%20\" target=\"_blank\" rel=\"noreferrer noopener\"><em>&#106;&#101;&#x6c;e&#110;&#x61;&#x2e;r&#97;&#x64;&#x69;c&#46;&#x6e;i&#115;&#x65;&#x76;i&#99;&#x40;&#x6d;e&#100;&#x72;i&#46;&#x75;&#x6e;i&#114;&#x69;&#x2e;h&#114;&nbsp;<\/em><\/a><em>&nbsp;<\/em><\/li>\n\n\n\n<li>Postdoctoral Research Assistant Ivona Butorac\u00a0Ahel,\u00a0MD, PhD, <em>E-mail:\u00a0<\/em><a href=\"&#x6d;&#x61;&#x69;&#x6c;&#116;&#111;&#58;iv&#x6f;&#x6e;&#x61;&#x2e;&#x62;&#117;&#116;&#111;ra&#x63;&#x2e;&#x61;&#x68;&#x65;&#108;&#64;&#109;ed&#x72;&#x69;&#x2e;&#x75;&#x6e;&#105;&#114;&#105;&#46;h&#x72;%20\" target=\"_blank\" rel=\"noreferrer noopener\"><em>&#x69;&#118;&#111;n&#x61;&#x2e;&#98;u&#x74;&#x6f;&#114;ac&#x2e;&#97;&#104;e&#x6c;&#x40;&#109;e&#x64;&#x72;&#105;&#46;u&#x6e;&#x69;&#114;i&#x2e;&#x68;&#114;<\/em><\/a>\u00a0<\/li>\n\n\n\n<li>Teaching Assistant Lucija&nbsp;Ru\u017eman,&nbsp;MD, <em>E-mail:&nbsp;<\/em><a href=\"&#109;a&#x69;l&#x74;o&#x3a;l&#x75;&#99;&#x69;&#106;&#x61;&#46;&#x72;&#117;z&#109;a&#x6e;&#64;&#x6d;e&#x64;&#114;&#x69;&#46;&#x75;&#110;&#x69;&#114;&#x69;&#46;h&#114;\" target=\"_blank\" rel=\"noreferrer noopener\"><em>&#108;&#x75;c&#105;&#x6a;a&#46;&#x72;u&#122;&#x6d;a&#110;&#x40;&#109;&#x65;&#x64;&#114;&#x69;&#x2e;&#117;&#x6e;i&#114;&#x69;&#46;&#104;&#x72;<\/em><\/a><em>&nbsp;<\/em><\/li>\n\n\n\n<li>Teaching Assistant Senada \u0160erifi,&nbsp;MD (nominal title), <em>E-mail:&nbsp;<\/em><a href=\"m&#97;&#x69;&#x6c;t&#111;&#58;&#x73;&#x65;n&#97;&#x64;&#x61;&#46;&#115;&#101;&#x72;&#x69;f&#105;&#x40;&#x6d;e&#100;&#114;&#x69;&#x2e;u&#110;&#x69;&#x72;i&#46;&#104;&#x72;\" target=\"_blank\" rel=\"noreferrer noopener\"><em>&#115;&#x65;&#110;&#x61;&#100;&#x61;&#46;&#x73;&#101;&#x72;&#105;&#x66;&#105;&#x40;&#109;&#x65;&#100;&#x72;&#105;&#x2e;&#117;&#x6e;&#105;&#x72;&#105;&#x2e;&#104;&#x72;<\/em><\/a><em>&nbsp;<\/em><\/li>\n<\/ul>\n<\/li>\n<\/ul>\n\n\n\n<p><\/p>\n\n\n\n<ul class=\"wp-block-list\">\n<li><strong>Associates (nominal titles)&nbsp;<\/strong>\n<ul class=\"wp-block-list\">\n<li>Prof. Andrea Cvitkovi\u0107 Roi\u0107, MD, Phd &nbsp;e-mail: <a href=\"&#x6d;a&#x69;&#108;&#x74;&#111;:&#x61;n&#x64;&#114;&#x65;&#97;c&#x72;&#64;&#x6d;&#101;d&#x72;i&#x2e;&#117;&#x6e;&#105;r&#x69;&#46;&#x68;&#114;\">&#x61;&#x6e;&#100;&#114;&#101;a&#x63;&#x72;&#x40;&#109;&#101;dr&#x69;&#x2e;&#x75;&#110;&#105;r&#x69;&#x2e;&#x68;&#114;<\/a><\/li>\n\n\n\n<li>Asst. Prof. Izabela Kranj\u010dec, MD, PhD e-mail: <a href=\"&#x6d;&#x61;&#x69;&#x6c;&#116;&#111;&#58;&#105;zab&#x65;&#x6c;&#x61;&#x6b;&#x40;&#109;&#101;&#100;ri&#46;&#x75;&#x6e;&#x69;&#x72;&#x69;&#46;&#104;&#114;\">&#x69;&#x7a;&#x61;&#x62;&#x65;&#x6c;&#x61;&#107;&#64;&#109;&#101;&#100;ri&#46;u&#x6e;&#x69;&#x72;&#x69;&#x2e;&#x68;&#x72;<\/a><\/li>\n\n\n\n<li>Asst. Prof. Rajka Luli\u0107 Jurjevi\u0107, MD, PhD e-mail: <a href=\"m&#97;&#x69;&#x6c;t&#111;&#58;&#x72;&#x61;j&#107;&#x61;&#x6c;j&#64;&#109;&#x65;&#x64;r&#105;&#x2e;&#x75;n&#105;&#114;&#x69;&#x2e;h&#114;\">&#x72;a&#x6a;&#107;&#x61;&#108;j&#x40;&#109;&#x65;&#100;r&#x69;&#46;&#x75;&#110;i&#x72;i&#x2e;&#104;&#x72;<\/a><\/li>\n\n\n\n<li>Asst. Prof. Ivana Trutin, MD, PhD e-mail: &#x69;&#x76;&#x61;&#x6e;&#x61;&#x2e;&#x74;&#x72;&#117;&#116;&#105;&#110;&#64;&#109;&#101;dri&#46;&#x75;&#x6e;&#x69;&#x72;&#x69;&#x2e;&#x68;&#x72;<\/li>\n\n\n\n<li>Asst. Prof. Vla\u0161i\u0107-Cicvari\u0107, PhD e-mail: <a href=\"&#x6d;&#x61;&#x69;&#x6c;&#x74;&#x6f;&#x3a;&#x69;&#x6e;&#x67;&#x65;&#46;&#118;&#108;&#97;&#115;&#105;&#99;&#46;cicva&#x72;&#x69;&#x63;&#x40;&#x6d;&#x65;&#x64;&#x72;&#x69;&#x2e;&#x75;&#x6e;&#105;&#114;&#105;&#46;&#104;&#114;\">i&#110;&#103;&#x65;&#x2e;&#x76;l&#97;&#115;&#x69;&#x63;&#x2e;ci&#99;&#x76;&#x61;&#x72;ic&#64;&#109;&#x65;&#x64;&#x72;i&#46;&#117;&#x6e;&#x69;&#x72;i&#46;&#104;&#x72;<\/a><\/li>\n\n\n\n<li>Teaching Assistant Sanja Flaj\u0161man-Raspor, MD, M.Sc &nbsp;e-mail: <a href=\"&#x6d;&#x61;&#x69;&#x6c;&#x74;&#x6f;&#58;&#115;&#97;&#110;jafr&#x40;&#x6d;&#x65;&#x64;&#x72;&#x69;&#46;&#117;&#110;&#105;&#114;i&#46;h&#x72;\">&#x73;&#97;&#110;j&#x61;&#x66;&#114;&#64;&#x6d;&#x65;&#100;ri&#x2e;&#117;&#110;i&#x72;&#x69;&#46;h&#x72;<\/a><\/li>\n\n\n\n<li>Teaching Assistant Nika Brajeni\u0107, MD e-mail: <a href=\"mailto&#58;&#110;&#105;&#107;&#97;&#46;&#98;&#x72;&#x61;&#x6a;&#x65;&#x6e;&#x69;&#x63;&#x40;&#x6d;&#x65;&#x64;&#x72;i&#46;unir&#105;&#46;&#104;&#114;\">n&#105;&#x6b;&#x61;&#46;&#98;&#x72;&#x61;j&#101;&#110;&#x69;&#x63;&#64;&#109;&#x65;&#x64;r&#105;&#x2e;&#x75;n&#105;&#114;&#x69;&#x2e;h&#114;<\/a><\/li>\n\n\n\n<li>Teaching Assistant Dorotea Dra\u0161kovi\u0107, MD e-mail: <a href=\"&#x6d;&#x61;&#x69;&#x6c;&#x74;&#x6f;&#x3a;&#x64;&#x6f;&#x72;&#x6f;&#x74;&#x65;&#x61;&#x2e;&#x64;&#x72;&#x61;&#x73;&#x6b;&#x6f;&#x76;&#x69;&#x63;&#x40;&#x6d;&#x65;&#x64;&#x72;&#x69;&#x2e;&#x75;&#x6e;&#x69;&#x72;&#x69;&#x2e;&#x68;&#x72;\">&#x64;&#x6f;&#x72;&#x6f;&#x74;&#x65;&#x61;&#x2e;&#x64;&#x72;&#x61;&#115;&#107;&#111;&#118;&#105;&#99;&#64;medri&#46;&#x75;&#x6e;&#x69;&#x72;&#x69;&#x2e;&#x68;&#x72;<\/a><\/li>\n\n\n\n<li>Teaching Assistant Davorka Gudac Ma\u0111arevi\u0107, MD e-mail: <a href=\"&#109;&#x61;&#105;&#x6c;t&#x6f;:&#100;&#x61;&#118;&#x6f;&#114;&#x6b;a&#x67;m&#64;&#x6d;&#101;&#x64;r&#x69;&#46;&#x75;&#x6e;&#105;&#x72;&#105;&#x2e;h&#x72;\">&#x64;&#x61;&#x76;&#x6f;&#114;&#107;&#97;gm&#x40;&#x6d;&#x65;&#x64;&#x72;&#105;&#46;&#117;ni&#x72;&#x69;&#x2e;&#x68;&#x72;<\/a><\/li>\n\n\n\n<li>Teaching Assistant Jurica Jambrovi\u0107, MD e-mail: <a href=\"&#x6d;&#97;i&#x6c;&#x74;&#111;:&#x6a;&#x75;&#114;i&#x63;&#x61;&#46;j&#x61;&#x6d;&#98;r&#x6f;&#118;&#105;c&#x40;&#109;e&#x64;&#x72;&#105;&#46;&#x75;&#x6e;&#105;r&#x69;&#x2e;&#104;r\">jur&#105;&#99;&#97;&#46;&#x6a;&#x61;&#x6d;&#x62;&#x72;&#x6f;&#x76;ic&#64;&#109;&#101;&#100;&#114;&#105;&#x2e;&#x75;&#x6e;&#x69;&#x72;&#x69;&#46;hr<\/a><\/li>\n\n\n\n<li>Teaching Assistant Maja Je\u0161i\u0107, MD e-mail: <a href=\"&#x6d;a&#x69;&#108;t&#x6f;&#58;&#x6d;&#x61;j&#x61;&#46;j&#x65;&#115;&#x69;&#99;&#64;&#x6d;&#101;d&#x72;&#105;&#x2e;&#117;n&#x69;&#114;&#x69;&#x2e;h&#x72;\">m&#97;&#106;&#x61;&#x2e;j&#101;&#115;&#x69;&#x63;&#x40;m&#101;&#100;&#x72;&#x69;&#46;u&#110;&#x69;&#x72;&#x69;&#46;&#104;&#114;<\/a><\/li>\n\n\n\n<li>Teaching Assistant Franka Kova\u010devi\u0107, MD e-mail: <a href=\"&#109;&#x61;i&#108;&#x74;o&#58;&#x66;r&#97;&#x6e;k&#97;&#x2e;k&#111;&#x76;a&#99;&#x65;v&#105;&#x63;&#64;&#109;&#x65;d&#114;&#x69;&#46;&#117;&#x6e;i&#x72;&#x69;&#46;&#x68;&#x72;\">&#102;&#x72;a&#110;&#x6b;a&#46;&#x6b;o&#118;&#x61;c&#101;&#x76;&#105;&#x63;&#x40;&#109;&#x65;&#x64;&#114;&#x69;&#46;&#117;&#x6e;i&#114;&#x69;&#46;&#104;&#x72;<\/a><\/li>\n\n\n\n<li>Teaching Assistant Kristina Lovrinovi\u0107 Grozdani\u0107, MD e-mail: <a href=\"&#x6d;&#x61;&#105;l&#x74;&#x6f;&#x3a;&#107;r&#x69;&#x73;&#x74;&#105;n&#x61;&#x6c;&#x67;&#64;m&#x65;&#x64;&#x72;&#105;&#46;&#x75;&#x6e;&#x69;&#114;i&#x2e;&#x68;&#x72;\">&#107;r&#x69;s&#x74;i&#x6e;a&#x6c;&#103;&#x40;&#109;&#x65;&#100;&#x72;&#105;&#46;&#117;n&#x69;r&#x69;&#46;&#x68;&#114;<\/a><\/li>\n\n\n\n<li>Teaching Assistant Koraljka Manestar Rukavina, MD e-mail: <a href=\"&#109;&#x61;i&#108;&#x74;o&#58;&#x6b;o&#114;&#x61;l&#106;&#x6b;a&#109;&#x72;&#64;&#109;&#x65;d&#114;&#x69;&#46;&#117;&#x6e;i&#114;&#x69;&#46;&#104;&#x72;\">&#x6b;&#x6f;&#x72;&#97;&#108;jk&#x61;&#x6d;&#x72;&#64;&#109;ed&#x72;&#x69;&#x2e;&#117;&#110;ir&#x69;&#x2e;&#x68;&#114;<\/a><\/li>\n\n\n\n<li>Teaching Assistant Dolores Marini\u0107, MD e-mail: <a href=\"m&#97;&#x69;&#x6c;&#x74;o&#58;&#x64;&#x6f;&#x6c;o&#114;&#x65;&#x73;&#x2e;m&#97;&#x72;&#x69;&#x6e;i&#99;&#x40;&#x6d;&#x65;d&#114;&#x69;&#x2e;&#x75;n&#105;&#x72;&#x69;&#x2e;h&#114;\">&#x64;&#x6f;&#108;&#111;&#114;e&#x73;&#x2e;&#x6d;&#97;&#114;in&#x69;&#x63;&#x40;&#109;&#101;d&#x72;&#x69;&#x2e;&#117;&#110;&#105;r&#x69;&#x2e;&#x68;&#114;<\/a><\/li>\n\n\n\n<li>Teaching Assistant Lucija Matko, MD e-mail: <a href=\"&#x6d;&#97;&#105;l&#x74;&#x6f;&#58;l&#x75;&#x63;&#105;ja&#x2e;&#109;&#97;t&#x6b;&#x6f;&#64;m&#x65;&#x64;&#114;&#105;&#46;&#x75;&#x6e;&#105;r&#x69;&#x2e;&#104;r\">&#x6c;&#117;&#99;i&#x6a;&#x61;&#46;m&#x61;&#x74;&#107;o&#64;&#x6d;&#101;&#100;r&#x69;&#x2e;&#117;n&#x69;&#x72;&#105;&#46;h&#x72;<\/a><\/li>\n\n\n\n<li>Teaching Assistant Laura Prtori\u0107, MD e-mail: <a href=\"&#x6d;&#97;i&#x6c;&#x74;&#111;:&#x6c;&#97;u&#x72;&#x61;&#46;p&#x72;&#116;o&#x72;&#x69;&#99;&#64;&#x6d;&#x65;&#100;&#x72;&#x69;&#46;u&#x6e;&#x69;&#114;i&#x2e;&#104;r\">&#108;&#x61;u&#114;&#x61;&#46;&#112;&#x72;t&#111;&#x72;i&#99;&#x40;&#109;&#x65;&#x64;&#114;&#x69;&#x2e;&#117;&#x6e;i&#114;&#x69;&#46;&#104;&#x72;<\/a><\/li>\n\n\n\n<li>Teaching Assistant Ilarija Serini \u0160eremet, MD &nbsp;e-mail: <a href=\"mailto:i&#108;&#97;&#114;&#105;&#106;&#97;&#46;&#115;&#101;&#114;&#x69;&#x6e;&#x69;&#x40;&#x6d;&#x65;&#x64;&#x72;&#x69;&#x2e;&#x75;&#x6e;&#x69;&#x72;&#x69;&#46;hr\">i&#108;&#x61;&#x72;&#x69;j&#97;&#x2e;&#x73;&#x65;r&#105;&#x6e;&#x69;&#x40;m&#101;&#x64;&#x72;&#x69;&#46;&#117;&#x6e;&#x69;&#x72;i&#46;&#x68;&#x72;<\/a><\/li>\n\n\n\n<li>Teaching Assistant Sara Smeraldo, MD e-mail: <a href=\"m&#97;&#105;&#x6c;&#x74;o:&#115;&#97;&#x72;&#x61;&#46;s&#109;&#101;&#x72;&#x61;ld&#111;&#x40;&#x6d;&#x65;d&#114;&#105;&#x2e;&#x75;&#x6e;i&#114;&#105;&#x2e;&#x68;&#x72;\">&#115;&#x61;r&#x61;&#46;&#115;&#x6d;&#101;&#x72;a&#108;&#x64;&#111;&#x40;m&#x65;&#x64;&#114;&#x69;&#46;&#x75;n&#105;&#x72;&#105;&#x2e;h&#114;<\/a><\/li>\n\n\n\n<li>Teaching Assistant Ema \u0160labek, MD e-mail: <a href=\"&#x6d;&#x61;&#x69;&#108;&#116;o:&#x65;&#x6d;&#x61;&#46;&#115;la&#x62;&#x65;&#x6b;&#64;&#109;ed&#x72;&#x69;&#x2e;&#117;&#110;ir&#x69;&#x2e;&#x68;&#114;\">e&#109;&#x61;&#x2e;&#x73;l&#97;&#x62;&#x65;&#x6b;&#64;&#109;&#x65;&#x64;&#x72;i&#46;&#x75;&#x6e;&#x69;r&#105;&#x2e;&#x68;&#x72;<\/a><\/li>\n\n\n\n<li>Teaching Assistant Arijan Verbi\u0107, MD e-mail: <a href=\"&#x6d;&#97;&#x69;&#x6c;&#116;&#x6f;&#58;a&#x72;&#105;j&#x61;&#110;&#46;&#x76;&#101;r&#x62;&#105;&#x63;&#x32;&#64;&#x6d;&#x65;&#100;&#x72;&#105;&#46;&#x75;&#110;i&#x72;&#105;&#46;&#x68;&#114;\">a&#114;&#105;&#106;&#x61;&#x6e;&#x2e;ve&#114;&#98;&#x69;&#x63;&#x32;&#x40;me&#100;&#114;&#x69;&#x2e;&#x75;&#x6e;i&#114;&#105;&#46;&#x68;&#x72;<\/a><\/li>\n\n\n\n<li>Teaching Assistant Iva Vrsaljko, MD e-mail: <a href=\"&#x6d;&#97;i&#x6c;&#x74;&#111;:&#x69;&#118;a&#x2e;&#x76;&#114;s&#x61;&#108;j&#x6b;&#x6f;&#64;m&#x65;&#x64;&#114;&#x69;&#x2e;&#117;n&#x69;&#x72;&#105;&#46;&#x68;&#114;\">&#105;&#x76;a&#x2e;&#x76;&#114;&#x73;a&#x6c;&#x6a;&#107;&#x6f;&#64;&#x6d;&#x65;&#100;&#x72;i&#x2e;&#x75;&#110;&#x69;r&#x69;&#x2e;&#104;&#x72;<\/a><\/li>\n\n\n\n<li>Teaching Assistant Maja Zaninovi\u0107, MD e-mail: <a href=\"&#109;a&#105;l&#116;o&#x3a;m&#x61;j&#x61;&#46;&#x7a;a&#x6e;i&#x6e;o&#x76;i&#x63;&#64;&#x6d;e&#x64;&#114;&#x69;&#46;&#x75;&#110;&#x69;&#114;&#x69;&#46;&#x68;&#114;\">&#109;&#97;&#x6a;a&#46;&#x7a;&#x61;n&#105;&#x6e;&#x6f;v&#105;&#x63;&#x40;m&#101;&#x64;&#x72;i&#46;&#x75;&#x6e;i&#114;&#x69;&#46;&#104;&#114;<\/a><\/li>\n\n\n\n<li>Teaching Assistant Katarina \u0160alamon, MD e-mail: <a href=\"&#x6d;&#x61;&#105;&#108;t&#x6f;&#x3a;&#x6b;&#97;ta&#x72;&#x69;&#110;&#97;&#46;&#x73;&#x61;&#x6c;&#97;mo&#x6e;&#x40;&#109;&#101;d&#x72;&#x69;&#x2e;&#117;ni&#x72;&#x69;&#46;&#104;r\">&#107;&#x61;&#x74;&#97;&#x72;&#x69;n&#x61;&#x2e;s&#97;&#x6c;a&#109;&#x6f;n&#64;&#x6d;e&#100;&#x72;i&#46;&#x75;&#x6e;&#105;&#x72;&#x69;&#46;&#x68;&#x72;<\/a><\/li>\n<\/ul>\n<\/li>\n<\/ul>\n\n\n\n<ul class=\"wp-block-list\">\n<li><strong>Nonteaching staff<\/strong>\n<ul class=\"wp-block-list\">\n<li>Tatjana Mu\u017eik, M.Ec. \u2013 Administrative Secretary, <em>E-mail:&nbsp;<u>&#x74;&#97;t&#x6a;&#97;n&#x61;&#46;m&#x75;&#122;i&#x6b;&#64;m&#x65;&#x64;r&#x69;&#x2e;&#117;&#x6e;&#x69;&#114;&#x69;&#x2e;&#104;r<\/u><\/em><\/li>\n<\/ul>\n<\/li>\n<\/ul>\n","protected":false},"excerpt":{"rendered":"<p>Department of PediatricsVjekoslava Duki\u0107a 7, 51000 Rijeka&nbsp;&nbsp;Phone: +385 (0)51 640 267&nbsp; Contact Department Head:Assoc. Prof.&nbsp;Kristina Lah Tomuli\u0107, MD, PhDE-mail:&nbsp;&#107;&#x72;&#x69;s&#116;&#x69;n&#97;&#x2e;&#x6c;&#97;&#x68;&#x2e;t&#111;&#x6d;u&#108;&#x69;&#x63;&#64;&#x6d;&#x65;d&#114;&#x69;&#46;&#117;&#x6e;&#x69;&#114;&#x69;&#x2e;h&#114;Phone: +385 (0)51 640 254 Department Secretary:Tatjana Mu\u017eik, M.Ec.E-mail:&nbsp;t&#97;&#116;&#x6a;&#x61;&#x6e;a&#46;&#109;&#x75;&#x7a;&#x69;k&#64;&#109;&#x65;&#x64;&#x72;i&#46;&#117;&#110;&#x69;&#x72;&#x69;&#46;&#104;&#114;Phone: +385 (0)51 640 267&nbsp; Staff<\/p>\n","protected":false},"author":4,"featured_media":0,"parent":13205,"menu_order":30,"comment_status":"closed","ping_status":"closed","template":"","meta":{"_acf_changed":false,"ub_ctt_via":"","footnotes":""},"class_list":["post-13264","page","type-page","status-publish","hentry"],"acf":[],"featured_image_src":null,"_links":{"self":[{"href":"https:\/\/medri.uniri.hr\/en\/wp-json\/wp\/v2\/pages\/13264","targetHints":{"allow":["GET"]}}],"collection":[{"href":"https:\/\/medri.uniri.hr\/en\/wp-json\/wp\/v2\/pages"}],"about":[{"href":"https:\/\/medri.uniri.hr\/en\/wp-json\/wp\/v2\/types\/page"}],"author":[{"embeddable":true,"href":"https:\/\/medri.uniri.hr\/en\/wp-json\/wp\/v2\/users\/4"}],"replies":[{"embeddable":true,"href":"https:\/\/medri.uniri.hr\/en\/wp-json\/wp\/v2\/comments?post=13264"}],"version-history":[{"count":29,"href":"https:\/\/medri.uniri.hr\/en\/wp-json\/wp\/v2\/pages\/13264\/revisions"}],"predecessor-version":[{"id":35563,"href":"https:\/\/medri.uniri.hr\/en\/wp-json\/wp\/v2\/pages\/13264\/revisions\/35563"}],"up":[{"embeddable":true,"href":"https:\/\/medri.uniri.hr\/en\/wp-json\/wp\/v2\/pages\/13205"}],"wp:attachment":[{"href":"https:\/\/medri.uniri.hr\/en\/wp-json\/wp\/v2\/media?parent=13264"}],"curies":[{"name":"wp","href":"https:\/\/api.w.org\/{rel}","templated":true}]}}