{"id":13266,"date":"2021-05-27T12:03:22","date_gmt":"2021-05-27T10:03:22","guid":{"rendered":"https:\/\/medri.uniri.hr\/?page_id=13266"},"modified":"2023-04-28T10:42:54","modified_gmt":"2023-04-28T08:42:54","slug":"psychiatry-and-psychological-medicine","status":"publish","type":"page","link":"https:\/\/medri.uniri.hr\/en\/faculty\/organisational-units\/departments\/psychiatry-and-psychological-medicine\/","title":{"rendered":"Psychiatry and Psychological Medicine"},"content":{"rendered":"\n<p><strong>Department of Psychiatry and Psychological Medicine<\/strong><br>Kre\u0161imirova 42, 51000 Rijeka<br>Phone: +385 (0)51 333 323<\/p>\n\n\n\n<p>Contact<\/p>\n\n\n\n<p><strong>Department Head:<br><\/strong>Prof.&nbsp;<strong>Gordana Rube\u0161a<\/strong>, MD, PhD (tenure)<br><em>E-mail:&nbsp;<\/em><a href=\"&#x6d;&#97;&#x69;&#108;t&#x6f;&#58;g&#x6f;&#114;&#x64;&#x61;n&#x61;&#46;r&#x75;&#98;&#x65;&#x73;a&#x40;&#109;e&#x64;&#114;i&#x2e;&#117;&#x6e;&#105;r&#x69;&#46;h&#x72;\" target=\"_blank\" rel=\"noreferrer noopener\"><em>&#x67;o&#x72;&#100;&#x61;&#110;a&#x2e;&#114;&#x75;&#98;e&#x73;&#97;&#x40;&#109;e&#x64;r&#x69;&#46;&#x75;&#x6e;i&#x72;&#105;&#x2e;&#104;r<\/em><\/a><\/p>\n\n\n\n<p><strong>Department Secretary:<br>Tina \u0160ubat Lazinica<\/strong>, B.Ec.<br><em>E-mail:&nbsp;<\/em><a href=\"m&#97;&#x69;&#x6c;t&#111;&#x3a;&#x74;i&#110;&#97;&#x2e;&#x73;u&#98;&#x61;&#x74;&#46;&#108;&#x61;&#x7a;i&#110;&#105;&#x63;&#x61;&#64;&#117;&#x6e;&#x69;r&#105;&#x2e;&#x68;r\" target=\"_blank\" rel=\"noreferrer noopener\"><em>&#x74;&#105;n&#x61;&#46;s&#x75;&#98;a&#x74;&#46;l&#x61;&#122;i&#x6e;&#105;c&#x61;&#64;u&#x6e;&#105;r&#x69;&#46;h&#x72;<\/em><\/a><em><br>Phone: +385 (0)51 333 323<\/em><\/p>\n\n\n\n<ul class=\"wp-block-list\">\n<li>Office hours for students:<br>Department Office \u2013 Monday\u2013Friday from 8 am to 10 am<\/li>\n<\/ul>\n\n\n\n<p>Staff<\/p>\n\n\n\n<ul class=\"wp-block-list\">\n<li><strong>Department Head<\/strong>\n<ul class=\"wp-block-list\">\n<li>Prof. Gordana Rube\u0161a, MD, PhD (tenure)<\/li>\n<\/ul>\n<\/li>\n\n\n\n<li><strong>Teaching staff<\/strong>\n<ul class=\"wp-block-list\">\n<li>Prof.&nbsp;Gordana Rube\u0161a, MD, PhD (tenure)<\/li>\n<\/ul>\n<\/li>\n<\/ul>\n\n\n\n<p><em>E-mail:&nbsp;<\/em><a href=\"&#x6d;a&#x69;&#108;&#x74;&#x6f;:&#x67;&#111;&#x72;&#x64;a&#x6e;&#97;&#x2e;&#x72;u&#x62;&#101;&#x73;&#x61;&#64;&#x6d;&#101;&#x64;&#x72;i&#x2e;&#117;&#x6e;&#x69;r&#x69;&#46;&#x68;&#x72;\" target=\"_blank\" rel=\"noreferrer noopener\"><em>&#x67;&#111;r&#x64;&#97;n&#x61;&#46;r&#x75;&#x62;&#101;&#x73;&#x61;&#64;m&#x65;&#100;r&#x69;&#46;u&#x6e;&#x69;&#114;&#x69;&#x2e;&#104;r<\/em><\/a><\/p>\n\n\n\n<ul class=\"wp-block-list\">\n<li>Assoc. Prof. Ika Ron\u010devi\u0107-Gr\u017eeta, MD, PhD<\/li>\n<\/ul>\n\n\n\n<p><em>E-mail:&nbsp;<\/em><a href=\"&#x6d;&#97;&#x69;&#x6c;&#116;&#x6f;&#x3a;&#105;&#x6b;&#x61;&#46;&#x72;&#x6f;n&#x63;&#x65;v&#x69;&#99;&#46;&#x67;&#114;z&#x65;&#116;a&#x40;&#109;e&#x64;&#114;i&#x2e;&#117;n&#x69;&#114;i&#x2e;&#104;r\" target=\"_blank\" rel=\"noreferrer noopener\"><em>&#x69;&#x6b;&#97;&#46;&#x72;&#x6f;&#110;&#99;e&#x76;&#x69;&#99;&#46;g&#x72;&#x7a;&#101;ta&#x40;&#x6d;&#101;d&#x72;&#x69;&#46;&#117;n&#x69;&#x72;&#105;&#46;h&#x72;<\/em><\/a><\/p>\n\n\n\n<ul class=\"wp-block-list\">\n<li>Assoc. Prof. Prim. Klementina Ru\u017ei\u0107, MD, PhD<\/li>\n<\/ul>\n\n\n\n<p><em>E-mail:&nbsp;<\/em><a href=\"&#x6d;&#97;i&#x6c;&#116;o&#x3a;&#x6b;&#108;&#x65;&#x6d;&#101;n&#x74;&#105;n&#x61;&#x2e;&#114;&#x75;&#x7a;&#105;c&#x40;&#109;e&#x64;&#x72;&#105;&#x2e;&#x75;&#110;i&#x72;&#105;&#46;&#x68;&#x72;\" target=\"_blank\" rel=\"noreferrer noopener\"><em>&#x6b;&#108;&#101;m&#x65;&#x6e;&#116;i&#x6e;&#x61;&#46;r&#x75;&#x7a;&#105;c&#x40;&#x6d;&#101;d&#x72;&#x69;&#46;u&#x6e;&#x69;&#114;&#105;&#46;&#x68;&#x72;<\/em><\/a><\/p>\n\n\n\n<ul class=\"wp-block-list\">\n<li>Assoc. Prof. Mirjana Graovac, MD, PhD<\/li>\n<\/ul>\n\n\n\n<p><em>E-mail:&nbsp;<\/em><a href=\"mail&#116;&#111;&#58;&#109;&#105;&#x72;&#x6a;&#x61;&#x6e;&#x61;&#x2e;&#x67;raov&#97;&#99;&#64;&#117;&#110;&#x69;&#x72;&#x69;&#x2e;&#x68;&#x72;%0d\" target=\"_blank\" rel=\"noreferrer noopener\"><em>&#x6d;&#105;r&#x6a;&#97;n&#x61;&#x2e;&#103;&#x72;&#x61;&#111;v&#x61;&#99;&#64;&#x75;&#x6e;&#105;&#x72;&#x69;&#46;h&#x72;<\/em><\/a><\/p>\n\n\n\n<ul class=\"wp-block-list\">\n<li>Assoc. Prof. Vesna \u0160endula-Jengi\u0107, MD, PhD<\/li>\n<\/ul>\n\n\n\n<p><em>E-mail:&nbsp;<\/em><a href=\"mailto:vesna&#46;&#115;&#101;&#110;&#100;&#117;&#108;&#97;&#46;&#106;&#101;&#110;&#103;&#105;&#99;&#x40;&#x75;&#x6e;&#x72;&#x69;&#x2e;&#x68;&#x72;\" target=\"_blank\" rel=\"noreferrer noopener\"><em>&#118;&#x65;&#x73;&#110;&#x61;&#x2e;&#115;&#x65;&#x6e;&#100;&#x75;&#x6c;&#97;&#x2e;&#x6a;&#101;&#x6e;&#x67;&#105;&#x63;&#x40;&#117;&#x6e;&#x72;&#105;&#x2e;&#x68;r<\/em><\/a><\/p>\n\n\n\n<ul class=\"wp-block-list\">\n<li>Asst. Prof. Jasna Grkovi\u0107, MD, PhD<\/li>\n<\/ul>\n\n\n\n<p><em>E-mail:&nbsp;<\/em><a href=\"m&#97;&#105;&#x6c;&#x74;&#x6f;&#x3a;j&#97;&#115;&#110;&#x61;&#x2e;&#x67;rk&#111;&#118;&#x69;&#x63;&#x40;me&#100;&#114;&#x69;&#x2e;&#x75;ni&#114;&#105;&#x2e;&#x68;&#x72;\" target=\"_blank\" rel=\"noreferrer noopener\"><em>&#x6a;&#x61;&#115;&#110;a&#x2e;&#x67;&#x72;&#107;ov&#x69;&#x63;&#64;&#109;e&#x64;&#x72;&#x69;&#46;un&#x69;&#x72;&#105;&#46;h&#x72;<\/em><\/a><\/p>\n\n\n\n<ul class=\"wp-block-list\">\n<li>Asst. Prof. Prim. Daniela Petri\u0107, MD, PhD<\/li>\n<\/ul>\n\n\n\n<p><em>E-mail:&nbsp;<\/em><a href=\"m&#97;&#105;&#x6c;&#x74;&#x6f;:&#100;&#97;&#x6e;&#x69;&#x65;la&#46;&#x70;&#x65;&#x74;ri&#99;&#64;&#x75;&#x6e;&#x69;r&#105;&#46;&#x68;&#x72;\" target=\"_blank\" rel=\"noreferrer noopener\"><em>daniela&#46;petric&#64;uniri&#46;hr<\/em><\/a><\/p>\n\n\n\n<ul class=\"wp-block-list\">\n<li>Asst. Prof. Ana Ka\u0161telan, MD, PhD<\/li>\n<\/ul>\n\n\n\n<p><em>E-mail:&nbsp;<\/em><a href=\"&#x6d;&#x61;&#x69;&#x6c;&#x74;&#x6f;&#x3a;&#x61;&#110;&#97;&#46;&#107;&#97;&#115;&#116;elan&#x40;&#x6d;&#x65;&#x64;&#x72;&#x69;&#x2e;&#x75;&#x6e;&#105;&#114;&#105;&#46;&#104;&#114;\" target=\"_blank\" rel=\"noreferrer noopener\"><em>&#97;&#x6e;&#97;&#x2e;&#107;&#x61;s&#x74;e&#x6c;a&#110;&#x40;&#109;&#x65;&#100;&#x72;&#105;&#x2e;u&#x6e;i&#x72;i&#46;&#x68;&#114;<\/em><\/a><\/p>\n\n\n\n<ul class=\"wp-block-list\">\n<li>Asst. Prof. Prim. Marija Vu\u010di\u0107 Peitl, MD, PhD<\/li>\n<\/ul>\n\n\n\n<p><em>E-mail:&nbsp;<\/em><a href=\"m&#97;&#x69;&#x6c;&#x74;o&#58;&#x6d;&#x61;&#x72;i&#106;&#x61;&#x2e;&#x76;u&#99;&#x69;&#x63;&#x2e;p&#101;&#x69;&#x74;&#x6c;&#64;&#117;&#x6e;&#x69;&#x72;i&#46;&#x68;&#x72;\" target=\"_blank\" rel=\"noreferrer noopener\"><em>&#x6d;a&#x72;&#105;&#x6a;&#97;&#46;&#x76;u&#x63;&#105;&#x63;&#46;p&#x65;&#105;&#x74;&#108;&#64;&#x75;n&#x69;&#114;&#x69;&#46;h&#x72;<\/em><\/a><\/p>\n\n\n\n<ul class=\"wp-block-list\">\n<li>Asst. Prof. Marina Letica Crepulja, MD, PhD<\/li>\n<\/ul>\n\n\n\n<p><em>E-mail:&nbsp;<\/em><a href=\"&#x6d;a&#x69;&#108;t&#x6f;&#58;&#x6d;&#x61;r&#x69;&#110;a&#x6c;&#99;&#x40;&#109;e&#x64;&#114;i&#x2e;&#117;&#x6e;&#105;r&#x69;&#46;&#x68;&#x72;\" target=\"_blank\" rel=\"noreferrer noopener\"><em>&#x6d;&#x61;&#114;i&#x6e;&#x61;&#x6c;&#99;&#64;&#x6d;&#x65;&#x64;&#114;i&#x2e;&#x75;&#x6e;&#105;r&#x69;&#x2e;&#x68;&#114;<\/em><\/a><\/p>\n\n\n\n<ul class=\"wp-block-list\">\n<li>Asst. Prof. Ivana Ljubi\u010di\u0107 Bistrovi\u0107, MD, PhD<\/li>\n<\/ul>\n\n\n\n<p><em>E-mail: <u>i<\/u><\/em><a href=\"&#x6d;&#x61;&#105;&#108;t&#x6f;&#x3a;&#x76;&#97;&#110;a&#x2e;&#x6c;&#x6a;&#117;&#98;i&#x63;&#x69;&#x63;&#64;&#109;e&#x64;&#x72;&#x69;&#46;un&#x69;&#x72;&#x69;&#46;hr\" target=\"_blank\" rel=\"noreferrer noopener\"><em>&#x76;&#97;&#x6e;&#x61;&#46;&#x6c;&#106;u&#x62;&#105;c&#x69;&#99;&#64;&#x6d;&#101;d&#x72;&#105;&#x2e;&#x75;&#110;&#x69;&#x72;&#105;&#x2e;&#104;r<\/em><\/a><\/p>\n\n\n\n<ul class=\"wp-block-list\">\n<li>Asst. Prof. Tanja Grahovac Jureti\u0107, MD, PhD<\/li>\n<\/ul>\n\n\n\n<p><em>E-mail:&nbsp;<\/em><a href=\"&#x6d;&#97;i&#x6c;&#116;o&#x3a;&#116;a&#x6e;&#x6a;&#97;&#x2e;&#x67;&#114;a&#x68;&#111;v&#x61;&#99;&#64;&#x75;&#x6e;&#105;&#x72;&#x69;&#46;h&#x72;\" target=\"_blank\" rel=\"noreferrer noopener\"><em>&#x74;a&#x6e;&#106;&#x61;&#46;&#x67;&#x72;a&#x68;&#111;&#x76;&#97;&#x63;&#64;u&#x6e;&#105;&#x72;&#105;&#x2e;&#104;r<\/em><\/a><\/p>\n\n\n\n<ul class=\"wp-block-list\">\n<li>Postdoctoral Researcher Sandra Bla\u017eevi\u0107 Zeli\u0107, MD, PhD<\/li>\n<\/ul>\n\n\n\n<p><em>E-mail:&nbsp;<\/em><a href=\"mailto&#58;&#115;&#97;&#110;&#100;&#114;&#97;&#x62;&#x7a;&#x40;&#x75;&#x6e;&#x69;&#x72;&#x69;&#x2e;&#x68;&#x72;\" target=\"_blank\" rel=\"noreferrer noopener\"><em>&#x73;&#x61;&#x6e;&#x64;&#x72;&#x61;&#x62;&#122;&#64;&#117;&#110;&#105;ri&#46;h&#x72;<\/em><\/a><\/p>\n\n\n\n<ul class=\"wp-block-list\">\n<li>Asst. Prof. Aleksandra Stevanovi\u0107, PhD<\/li>\n<\/ul>\n\n\n\n<p><em>E-mail: &#x61;&#108;&#x65;&#x6b;s&#x61;&#110;d&#x72;&#97;s&#x40;&#117;&#x6e;&#x69;r&#x69;&#46;h&#x72;<\/em><\/p>\n\n\n\n<ul class=\"wp-block-list\">\n<li>Teaching Assistant Jelena Rebi\u0107, MD<\/li>\n<\/ul>\n\n\n\n<p><em>E-mail:&nbsp;<\/em><a href=\"&#x6d;&#x61;&#105;&#108;to&#x3a;&#x6a;&#x65;&#108;en&#x61;&#x2e;&#x72;&#101;&#98;i&#x63;&#x40;&#x75;&#110;&#105;r&#x69;&#x2e;&#x68;&#114;\" target=\"_blank\" rel=\"noreferrer noopener\"><em>&#x6a;&#x65;&#108;e&#x6e;&#x61;&#x2e;&#114;e&#x62;&#x69;&#x63;&#64;u&#x6e;&#x69;&#x72;&#105;&#46;&#x68;&#x72;<\/em><\/a><\/p>\n\n\n\n<ul class=\"wp-block-list\">\n<li>Asst. Prof. Lea Gudelj, MD, PhD (nominal title)<\/li>\n<\/ul>\n\n\n\n<p><em>E-mail:&nbsp;<\/em><a href=\"&#x6d;&#x61;&#x69;&#x6c;&#x74;&#x6f;&#x3a;&#x6c;&#x65;&#x61;&#x2e;&#x67;&#x75;&#x64;&#x65;&#x6c;&#x6a;&#x40;&#x6d;&#x65;&#x64;&#x72;&#x69;&#x2e;&#x75;&#x6e;&#x69;&#x72;&#x69;&#x2e;&#x68;&#x72;\" target=\"_blank\" rel=\"noreferrer noopener\"><em>&#x6c;&#x65;&#x61;&#46;&#103;&#117;de&#x6c;&#x6a;&#x40;&#x6d;&#101;&#100;ri&#x2e;&#x75;&#x6e;&#x69;&#114;&#105;&#46;h&#x72;<\/em><\/a><\/p>\n\n\n\n<ul class=\"wp-block-list\">\n<li>Asst. Prof. Rajna Knez, MD, PhD (nominal title)<\/li>\n<\/ul>\n\n\n\n<p><em>E-mail:&nbsp;<\/em><a href=\"&#x6d;&#x61;&#105;l&#x74;&#x6f;&#58;&#114;a&#x6a;&#x6e;&#97;&#46;k&#x6e;&#x65;&#122;&#64;m&#x65;&#x64;&#114;i&#x2e;&#x75;&#110;&#105;r&#x69;&#x2e;&#104;&#114;\" target=\"_blank\" rel=\"noreferrer noopener\"><em>&#114;&#x61;j&#110;&#x61;&#46;&#107;&#x6e;e&#122;&#x40;m&#101;&#x64;r&#105;&#x2e;u&#110;&#x69;r&#105;&#x2e;h&#114;<\/em><\/a><\/p>\n\n\n\n<ul class=\"wp-block-list\">\n<li>Teaching Assistant Ilijana Stanivuk, MD (nominal title)<\/li>\n<\/ul>\n\n\n\n<p><em>E-mail:&nbsp;<\/em><a href=\"&#x6d;&#x61;&#x69;&#108;&#116;o:&#x69;&#x6c;&#x69;&#x6a;&#97;&#110;a&#46;&#x73;&#x74;&#x61;&#110;&#105;&#118;uk&#x40;&#x6d;&#x65;&#100;&#114;i&#46;&#x75;&#x6e;&#x69;&#x72;&#105;&#46;hr\" target=\"_blank\" rel=\"noreferrer noopener\"><em>&#105;&#x6c;&#105;&#x6a;&#97;&#x6e;&#97;&#x2e;&#115;&#x74;&#97;&#x6e;i&#x76;u&#x6b;&#64;&#x6d;e&#x64;r&#x69;&#46;&#117;&#x6e;&#105;&#x72;&#105;&#x2e;&#104;&#x72;<\/em><\/a><\/p>\n\n\n\n<ul class=\"wp-block-list\">\n<li>Teaching Assistant Aristea Pave\u0161i\u0107 Radonja, MD (nominal title)<\/li>\n<\/ul>\n\n\n\n<p><em>E-mail:&nbsp;<\/em><a href=\"&#109;&#x61;&#105;&#x6c;t&#x6f;:&#97;&#x72;&#105;&#x73;t&#x65;a&#112;&#x72;&#64;&#x6d;e&#x64;r&#105;&#x2e;&#117;&#x6e;i&#x72;i&#46;&#x68;&#114;\" target=\"_blank\" rel=\"noreferrer noopener\"><em>&#97;&#x72;i&#115;&#x74;e&#x61;&#x70;&#114;&#x40;m&#101;&#x64;r&#105;&#x2e;&#117;&#x6e;i&#114;&#x69;&#46;&#104;&#x72;<\/em><\/a><\/p>\n\n\n\n<ul class=\"wp-block-list\">\n<li>Teaching Assistant Tanja Kosec, MD (nominal title)<\/li>\n<\/ul>\n\n\n\n<p><em>E-mail:&nbsp;<\/em><a href=\"&#109;a&#x69;l&#x74;o&#x3a;t&#x61;n&#x6a;a&#x2e;&#107;&#x6f;&#115;&#x65;&#99;&#x40;&#117;&#x6e;&#105;&#x72;&#105;&#x2e;&#104;r\"><em>t&#97;&#110;&#x6a;&#x61;&#x2e;ko&#115;&#101;&#x63;&#x40;&#x75;n&#105;&#114;&#105;&#x2e;&#x68;&#x72;<\/em><\/a><\/p>\n\n\n\n<ul class=\"wp-block-list\">\n<li>Teaching Assistant Mersad Muminovi\u0107, MD (nominal title)<\/li>\n<\/ul>\n\n\n\n<p><em>E-mail:&nbsp;<\/em><a href=\"&#x6d;a&#x69;&#108;t&#x6f;&#58;&#x6d;&#x65;r&#x73;&#97;d&#x2e;&#109;&#x75;&#109;i&#x6e;&#111;v&#x69;&#99;&#x40;&#109;e&#x64;&#114;&#x69;&#x2e;u&#x6e;&#105;r&#x69;&#46;&#x68;&#x72;\" target=\"_blank\" rel=\"noreferrer noopener\"><em>&#109;&#x65;&#x72;s&#97;&#x64;&#x2e;m&#117;&#x6d;i&#110;&#x6f;&#x76;i&#99;&#x40;m&#101;&#x64;&#x72;i&#46;&#x75;&#x6e;&#105;&#x72;&#x69;&#46;&#104;&#x72;<\/em><\/a><\/p>\n\n\n\n<ul class=\"wp-block-list\">\n<li>Teaching Assistant Sanja Brozan, MD (nominal title)<\/li>\n<\/ul>\n\n\n\n<p><em>E-mail:&nbsp;<\/em><a href=\"&#x6d;a&#x69;l&#x74;&#111;&#x3a;&#115;a&#x6e;j&#x61;&#46;&#x62;&#114;&#x6f;&#122;a&#x6e;&#64;&#x6d;&#101;&#x64;&#114;&#x69;&#x2e;u&#x6e;i&#x72;&#105;&#x2e;&#104;r\" target=\"_blank\" rel=\"noreferrer noopener\"><em>&#115;&#x61;n&#x6a;a&#46;&#x62;&#114;&#x6f;z&#97;&#x6e;&#64;&#x6d;e&#x64;&#x72;&#105;&#x2e;u&#x6e;i&#114;&#x69;&#46;&#x68;r<\/em><\/a><\/p>\n\n\n\n<ul class=\"wp-block-list\">\n<li><strong>Nonteaching staff<\/strong>\n<ul class=\"wp-block-list\">\n<li>Tina \u0160ubat Lazinica, B.Ec. \u2013 Administrative Secretary<\/li>\n<\/ul>\n<\/li>\n<\/ul>\n\n\n\n<p><em>E-mail:&nbsp;<\/em><a href=\"&#109;a&#105;l&#116;o&#x3a;t&#x69;n&#x61;&#46;&#x73;u&#x62;a&#x74;&#46;&#x6c;a&#x7a;i&#x6e;i&#x63;&#97;&#x40;&#117;&#x6e;&#105;&#x72;&#105;&#x2e;&#104;&#x72;\" target=\"_blank\" rel=\"noreferrer noopener\"><em>&#x74;&#105;&#110;a&#x2e;&#x73;&#117;b&#x61;&#x74;&#46;la&#x7a;&#105;&#110;i&#x63;&#x61;&#64;u&#x6e;&#x69;&#114;&#105;&#46;&#x68;&#x72;<\/em><\/a><\/p>\n\n\n\n<ul class=\"wp-block-list\">\n<li>Zoran \u0160ukovi\u0107, MA \u2013 Senior Expert Associate (Executive Secretary of the European Society for Traumatic Stress Studies)<\/li>\n<\/ul>\n\n\n\n<p><em>E-mail:&nbsp;<\/em><a href=\"mail&#116;&#111;&#58;&#122;&#111;&#114;&#97;&#x6e;&#x2e;&#x73;&#x75;&#x6b;&#x6f;&#x76;&#x69;&#x63;&#64;uni&#114;&#105;&#46;&#104;&#114;\" target=\"_blank\" rel=\"noreferrer noopener\"><em>&#x7a;o&#x72;&#97;&#x6e;&#46;s&#x75;&#107;&#x6f;&#118;i&#x63;&#64;&#x75;&#110;i&#x72;i&#x2e;&#104;&#x72;<\/em><\/a><\/p>\n","protected":false},"excerpt":{"rendered":"<p>Department of Psychiatry and Psychological MedicineKre\u0161imirova 42, 51000 RijekaPhone: +385 (0)51 333 323 Contact Department Head:Prof.&nbsp;Gordana Rube\u0161a, MD, PhD (tenure)E-mail:&nbsp;&#x67;&#x6f;&#114;da&#x6e;&#x61;&#46;&#114;u&#x62;&#x65;&#115;&#97;&#64;&#x6d;&#x65;&#x64;&#114;i&#46;&#x75;&#x6e;&#105;&#114;i&#x2e;&#x68;&#114; Department Secretary:Tina \u0160ubat Lazinica, B.Ec.E-mail:&nbsp;&#116;&#x69;n&#x61;&#x2e;&#115;&#x75;b&#x61;&#x74;&#46;&#x6c;a&#x7a;&#x69;&#110;&#x69;c&#x61;&#x40;&#117;&#x6e;i&#x72;&#x69;&#46;&#x68;rPhone: +385 (0)51 333 323 Staff E-mail:&nbsp;&#103;&#x6f;r&#100;&#x61;n&#x61;&#x2e;&#114;&#x75;b&#101;&#x73;a&#64;&#x6d;&#101;&#x64;r&#105;&#x2e;u&#110;&#x69;&#114;&#x69;&#x2e;&#104;&#x72; E-mail:&nbsp;&#x69;&#107;&#x61;&#x2e;&#114;&#x6f;&#110;c&#x65;&#118;i&#x63;&#46;g&#x72;&#122;e&#x74;&#97;&#x40;&#x6d;&#101;&#x64;&#x72;&#105;&#x2e;&#117;n&#x69;&#114;i&#x2e;&#104;r E-mail:&nbsp;klementina&#46;r&#117;&#122;&#105;&#99;&#64;&#109;&#101;&#100;&#114;&#105;&#46;&#117;&#110;&#105;&#114;&#x69;&#x2e;&#x68;&#x72; E-mail:&nbsp;&#x6d;i&#x72;&#106;&#x61;&#110;a&#x2e;&#103;&#x72;&#97;o&#x76;&#97;&#x63;&#64;u&#x6e;i&#x72;&#105;&#x2e;&#x68;r E-mail:&nbsp;&#118;&#x65;&#115;&#x6e;&#97;&#x2e;&#115;&#x65;&#110;&#x64;&#117;&#x6c;&#97;&#x2e;&#106;&#x65;&#110;&#x67;&#105;&#x63;&#64;&#x75;&#110;&#x72;&#105;&#x2e;&#104;&#x72; E-mail:&nbsp;&#x6a;a&#x73;&#110;&#x61;&#46;g&#x72;&#107;&#x6f;&#118;i&#x63;&#64;&#x6d;&#101;d&#x72;i&#x2e;&#117;&#x6e;&#x69;r&#x69;&#46;&#x68;&#114; E-mail:&nbsp;d&#97;&#x6e;&#x69;e&#108;&#97;&#x2e;&#x70;e&#116;&#114;&#x69;&#x63;&#64;&#117;&#x6e;&#x69;&#x72;i&#46;&#x68;&#x72; E-mail:&nbsp;a&#110;&#97;&#x2e;&#x6b;&#x61;s&#116;&#101;&#x6c;&#x61;&#x6e;&#64;m&#101;&#x64;&#x72;&#x69;&#46;u&#110;&#105;&#x72;&#x69;&#x2e;h&#114; E-mail:&nbsp;&#109;&#x61;r&#x69;j&#97;&#x2e;&#118;&#x75;c&#105;&#x63;&#46;&#x70;e&#x69;&#x74;&#108;&#x40;u&#x6e;i&#114;&#x69;&#46;&#x68;r E-mail:&nbsp;marinalc&#64;&#109;&#101;&#100;&#114;&#105;&#46;&#117;&#110;&#105;&#x72;&#x69;&#x2e;&#x68;&#x72; E-mail: i&#118;&#97;&#x6e;&#x61;&#46;&#108;&#x6a;&#x75;&#98;&#105;&#x63;&#x69;&#99;&#64;&#x6d;&#x65;&#100;&#114;&#x69;&#x2e;&#117;&#110;&#x69;&#x72;&#105;&#46;&#x68;&#x72; E-mail:&nbsp;&#116;&#97;&#x6e;j&#97;&#x2e;&#x67;r&#97;&#x68;&#x6f;v&#97;&#x63;&#x40;u&#110;&#x69;&#x72;i&#46;&#x68;&#x72; E-mail:&nbsp;&#x73;a&#x6e;&#100;&#x72;&#97;b&#x7a;&#64;&#x75;&#110;&#x69;&#114;i&#x2e;&#104;&#x72; E-mail: &#x61;&#x6c;&#x65;&#x6b;&#x73;&#x61;&#x6e;&#x64;&#x72;&#x61;&#x73;&#x40;&#x75;&#x6e;&#x69;&#x72;&#x69;&#x2e;&#x68;&#x72; E-mail:&nbsp;&#x6a;&#x65;&#x6c;&#x65;&#110;&#97;&#46;re&#x62;&#x69;&#x63;&#x40;&#117;&#110;iri&#x2e;&#x68;&#x72; E-mail:&nbsp;&#x6c;e&#x61;&#46;&#x67;&#117;d&#x65;l&#x6a;&#64;&#x6d;&#101;d&#x72;&#105;&#x2e;&#117;n&#x69;r&#x69;&#46;&#x68;&#114; E-mail:&nbsp;&#x72;&#97;&#x6a;&#x6e;a&#x2e;&#107;n&#x65;&#122;&#64;&#x6d;&#101;&#x64;&#x72;i&#x2e;&#117;n&#x69;&#114;i&#x2e;&#104;&#x72; E-mail:&nbsp;&#x69;&#108;i&#x6a;&#x61;&#110;a&#x2e;&#x73;&#116;a&#x6e;&#x69;&#118;u&#x6b;&#x40;&#109;e&#x64;&#114;&#105;&#46;&#x75;&#110;i&#x72;&#x69;&#46;h&#x72; E-mail:&nbsp;&#x61;&#114;&#105;&#x73;&#x74;&#101;&#97;&#x70;&#x72;&#64;&#109;&#x65;&#x64;&#114;&#105;&#x2e;&#x75;&#110;&#105;&#x72;&#x69;&#46;&#104;&#x72; E-mail:&nbsp;&#x74;&#x61;&#x6e;&#106;&#97;&#46;k&#x6f;&#x73;&#x65;&#99;&#64;un&#x69;&#x72;&#x69;&#46;&#104;r E-mail:&nbsp;m&#101;&#114;&#115;&#x61;&#x64;&#x2e;mu&#109;&#105;&#x6e;&#x6f;&#x76;&#x69;c&#64;&#109;&#101;&#x64;&#x72;&#x69;&#x2e;u&#110;&#105;&#114;&#x69;&#x2e;&#x68;r E-mail:&nbsp;&#x73;&#97;&#x6e;&#x6a;a&#x2e;&#98;r&#x6f;&#122;a&#x6e;&#64;&#x6d;&#x65;d&#x72;&#105;&#46;&#x75;&#110;i&#x72;&#105;&#x2e;&#x68;&#114; E-mail:&nbsp;&#x74;&#105;n&#x61;&#x2e;&#115;u&#x62;&#97;t&#x2e;&#x6c;&#97;z&#x69;&#110;i&#x63;&#x61;&#64;u&#x6e;&#x69;&#114;&#x69;&#x2e;&#104;r [&hellip;]<\/p>\n","protected":false},"author":4,"featured_media":0,"parent":13205,"menu_order":31,"comment_status":"closed","ping_status":"closed","template":"","meta":{"_acf_changed":false,"ub_ctt_via":"","footnotes":""},"class_list":["post-13266","page","type-page","status-publish","hentry"],"acf":[],"featured_image_src":null,"_links":{"self":[{"href":"https:\/\/medri.uniri.hr\/en\/wp-json\/wp\/v2\/pages\/13266","targetHints":{"allow":["GET"]}}],"collection":[{"href":"https:\/\/medri.uniri.hr\/en\/wp-json\/wp\/v2\/pages"}],"about":[{"href":"https:\/\/medri.uniri.hr\/en\/wp-json\/wp\/v2\/types\/page"}],"author":[{"embeddable":true,"href":"https:\/\/medri.uniri.hr\/en\/wp-json\/wp\/v2\/users\/4"}],"replies":[{"embeddable":true,"href":"https:\/\/medri.uniri.hr\/en\/wp-json\/wp\/v2\/comments?post=13266"}],"version-history":[{"count":4,"href":"https:\/\/medri.uniri.hr\/en\/wp-json\/wp\/v2\/pages\/13266\/revisions"}],"predecessor-version":[{"id":17106,"href":"https:\/\/medri.uniri.hr\/en\/wp-json\/wp\/v2\/pages\/13266\/revisions\/17106"}],"up":[{"embeddable":true,"href":"https:\/\/medri.uniri.hr\/en\/wp-json\/wp\/v2\/pages\/13205"}],"wp:attachment":[{"href":"https:\/\/medri.uniri.hr\/en\/wp-json\/wp\/v2\/media?parent=13266"}],"curies":[{"name":"wp","href":"https:\/\/api.w.org\/{rel}","templated":true}]}}