{"id":13268,"date":"2021-05-27T12:03:46","date_gmt":"2021-05-27T10:03:46","guid":{"rendered":"https:\/\/medri.uniri.hr\/?page_id=13268"},"modified":"2025-07-14T09:18:43","modified_gmt":"2025-07-14T07:18:43","slug":"radiology","status":"publish","type":"page","link":"https:\/\/medri.uniri.hr\/en\/faculty\/organisational-units\/departments\/radiology\/","title":{"rendered":"Radiology"},"content":{"rendered":"\n<p><strong>Department of Radiology<\/strong><br>Kre\u0161imirova 42, 51 000 Rijeka<br><em>Phone: +385 (0)51 658 386<\/em><\/p>\n\n\n\n<p>Contact<\/p>\n\n\n\n<p><strong>Department Head:<br><\/strong>Assoc. Prof. Petra Valkovi\u0107 Zuji\u0107, MD, PhD<br><em>E-mail:&nbsp;<a href=\"&#x6d;&#97;i&#x6c;&#x74;&#111;:&#x70;&#x65;&#116;r&#x61;&#46;v&#x61;&#x6c;&#107;o&#x76;&#x69;&#99;&#46;&#x7a;&#117;&#106;&#x69;&#x63;&#64;u&#x6e;&#x69;&#114;i&#x2e;&#104;&#114;\" target=\"_blank\" rel=\"noreferrer noopener\"><em>&#x70;&#101;t&#x72;&#97;&#46;&#x76;&#97;l&#x6b;&#111;v&#x69;&#99;&#46;&#x7a;&#117;j&#x69;&#99;&#64;&#x75;&#110;i&#x72;&#105;&#46;&#x68;&#114;<\/em><\/a><br>Phone: +385 (0)51 658 386<\/em><a href=\"&#109;&#x61;i&#x6c;&#x74;&#111;&#x3a;r&#111;&#x6d;&#97;&#x6e;a&#46;&#x6a;e&#x72;k&#111;&#x76;i&#x63;&#x40;&#109;&#x65;d&#114;&#x69;&#46;&#x75;n&#105;&#x72;&#105;&#x2e;h&#114;\"><em><br><br><\/em><\/a><strong>Department Secretary:<br>\u017deljka Lali\u0107<\/strong>, P.M.Ec.<br><em>E-mail:&nbsp;<\/em><a href=\"&#x6d;&#97;i&#x6c;&#116;&#111;&#x3a;&#x7a;&#101;l&#x6a;&#107;a&#x2e;&#x6c;&#97;l&#x69;&#99;&#64;&#x6d;&#x65;&#100;r&#x69;&#46;u&#x6e;&#x69;&#114;i&#x2e;&#104;r\"><em>zeljka&#46;lalic&#64;medri&#46;uniri&#46;&#104;&#114;<\/em><\/a><em><br>Phone: +385 (0)51 658 386<\/em><\/p>\n\n\n\n<ul class=\"wp-block-list\">\n<li>Office hours for students:<br>Department Office \u2013 Monday\u2013Friday from 11 am to 1 pm<\/li>\n<\/ul>\n\n\n\n<p>Staff<\/p>\n\n\n\n<ul class=\"wp-block-list\">\n<li><strong>Department Head<\/strong><\/li>\n\n\n\n<li>Assoc. Prof. Petra Valkovi\u0107 Zuji\u0107, MD, PhD<\/li>\n<\/ul>\n\n\n\n<p><em>E-mail:&nbsp;<\/em><a href=\"ma&#105;&#108;&#116;&#x6f;&#x3a;&#x64;&#x61;&#x6d;ir&#46;&#109;&#105;&#x6c;&#x65;&#x74;&#x69;&#x63;&#64;m&#101;&#100;&#114;&#x69;&#x2e;&#x75;&#x6e;&#x69;ri&#46;&#104;&#114;\"><em><\/em><\/a><em><a href=\"&#x6d;&#97;i&#x6c;&#116;&#111;&#x3a;&#x70;&#101;t&#x72;&#97;&#46;&#x76;&#x61;&#108;k&#x6f;&#118;i&#x63;&#x2e;&#122;u&#x6a;&#105;c&#x40;&#x75;&#110;i&#x72;&#105;&#46;&#x68;&#x72;\" target=\"_blank\" rel=\"noreferrer noopener\"><em>&#112;e&#x74;r&#x61;&#46;&#x76;a&#x6c;&#107;&#x6f;&#118;&#x69;&#99;&#x2e;&#122;u&#106;i&#x63;&#64;&#x75;n&#x69;&#114;&#x69;&#46;&#x68;&#114;<\/em><\/a><\/em><em><br><br><\/em><\/p>\n\n\n\n<ul class=\"wp-block-list\">\n<li><strong>Teaching staff<\/strong><\/li>\n\n\n\n<li>Prof. Damir Mileti\u0107, MD, PhD (tenure)                                                                                                                <\/li>\n<\/ul>\n\n\n\n<p><em>E-mail: <a href=\"&#x6d;&#x61;&#x69;&#x6c;&#116;&#111;&#58;&#100;ami&#x72;&#x2e;&#x6d;&#x69;&#x6c;&#101;&#116;&#105;c&#64;m&#x65;&#x64;&#x72;&#x69;&#x2e;&#117;&#110;&#105;ri&#46;&#x68;&#x72;\">&#100;&#x61;&#x6d;i&#114;&#x2e;m&#105;&#x6c;&#x65;t&#105;&#x63;&#64;&#109;&#x65;&#x64;r&#105;&#x2e;u&#110;&#x69;&#x72;&#105;&#46;&#x68;r<\/a><\/em><\/p>\n\n\n\n<ul class=\"wp-block-list\">\n<li>Assoc. Prof. Melita Kukuljan, MD, PhD<\/li>\n<\/ul>\n\n\n\n<p><em>E-mail:\u00a0<\/em><a href=\"&#109;&#97;&#x69;l&#116;&#x6f;&#x3a;m&#101;&#x6c;&#x69;t&#97;&#x2e;k&#117;&#x6b;&#x75;l&#106;&#x61;&#x6e;&#64;&#102;&#x7a;s&#114;&#x69;&#x2e;u&#110;&#x69;&#x72;i&#46;&#x68;&#x72;\"><em>&#x6d;&#x65;&#x6c;&#105;&#116;a&#46;&#x6b;&#x75;&#x6b;&#x75;&#108;&#106;an&#x40;&#x66;&#x7a;&#115;&#114;&#105;&#46;u&#x6e;&#x69;&#x72;&#105;&#46;hr<\/em><\/a><\/p>\n\n\n\n<ul class=\"wp-block-list\">\n<li>Asst. Prof. Danijela Veljkovi\u0107 Vujaklija, MD, PhD<\/li>\n<\/ul>\n\n\n\n<p><em>E-mail:&nbsp;<\/em><a href=\"&#109;&#x61;&#x69;&#108;&#x74;&#x6f;:&#x64;&#x61;n&#105;&#x6a;e&#108;&#x61;v&#118;&#x40;u&#110;&#x69;r&#105;&#x2e;&#x68;&#114;\" target=\"_blank\" rel=\"noreferrer noopener\"><em>&#x64;&#x61;&#110;i&#x6a;&#x65;&#108;&#97;&#46;&#x76;&#x65;&#108;&#106;k&#x6f;&#x76;&#105;c&#46;&#x76;&#x75;&#106;a&#x6b;&#x6c;&#105;&#106;a&#x40;&#x75;&#110;&#105;r&#x69;&#x2e;&#104;r<\/em><\/a><\/p>\n\n\n\n<ul class=\"wp-block-list\">\n<li>Asst. Prof. Slavica Kova\u010di\u0107, MD, PhD<\/li>\n<\/ul>\n\n\n\n<p><em>E-mail:&nbsp;<\/em><a href=\"m&#97;&#x69;&#x6c;t&#111;&#58;&#x73;&#x6c;a&#118;&#105;&#x63;&#x61;&#46;&#107;&#x6f;&#x76;&#x61;c&#105;&#x63;&#x40;u&#110;&#105;&#x72;&#x69;&#46;&#104;&#114;\" target=\"_blank\" rel=\"noreferrer noopener\"><em>&#x73;&#108;&#x61;&#x76;&#105;&#x63;&#x61;&#46;&#x6b;&#x6f;&#118;&#x61;&#x63;i&#x63;&#x40;u&#x6e;&#105;r&#x69;&#46;h&#x72;<\/em><\/a><\/p>\n\n\n\n<ul class=\"wp-block-list\">\n<li>Teaching Assistant Tiana Grube\u0161i\u0107, MD<\/li>\n<\/ul>\n\n\n\n<p><em>E-mail:&nbsp;<\/em><a href=\"&#x6d;&#97;i&#x6c;&#116;&#111;&#x3a;&#x74;&#105;a&#x6e;&#97;&#46;&#x67;&#x72;&#117;b&#x65;&#115;i&#x63;&#x40;&#117;n&#x69;&#114;i&#x2e;&#x68;&#114;\"><em>&#116;&#x69;a&#110;&#x61;&#46;&#103;&#x72;u&#98;&#x65;s&#105;&#x63;&#64;&#x75;&#x6e;&#105;&#x72;&#x69;&#46;&#x68;r<\/em><\/a><\/p>\n\n\n\n<ul class=\"wp-block-list\">\n<li><strong>Teaching staff (nominal title)<\/strong><\/li>\n<\/ul>\n\n\n\n<ul class=\"wp-block-list\">\n<li>Prof. Goran Roi\u0107, MD, PhD (nominal title)<\/li>\n<\/ul>\n\n\n\n<p><em>E-mail:&nbsp;<\/em><a href=\"m&#97;&#x69;&#x6c;t&#111;&#58;&#x67;&#x6f;r&#97;&#110;&#x2e;&#x72;o&#105;&#x63;&#x40;&#x75;n&#105;&#x72;&#x69;&#46;&#104;&#114;\" target=\"_blank\" rel=\"noreferrer noopener\"><em>gora&#110;&#46;&#114;&#111;&#105;&#99;&#64;&#x75;&#x6e;&#x69;&#x72;&#x69;&#x2e;&#x68;&#x72;<\/em><\/a><\/p>\n\n\n\n<ul class=\"wp-block-list\">\n<li>Prof. Zoran Rumboldt, MD, PhD (nominal title)<\/li>\n<\/ul>\n\n\n\n<p><em>E-mail:&nbsp;<\/em><a href=\"&#109;&#97;&#x69;l&#116;&#x6f;&#x3a;z&#111;&#x72;&#x61;n&#46;&#x72;&#x75;m&#98;&#x6f;&#x6c;d&#116;&#x40;&#x75;n&#105;&#x72;i&#46;&#104;&#x72;\"><em>&#x7a;&#x6f;&#114;an&#x2e;&#x72;&#117;&#109;b&#x6f;&#x6c;&#100;&#116;&#64;&#x75;&#x6e;&#x69;&#114;i&#46;&#x68;&#x72;<\/em><\/a><\/p>\n\n\n\n<ul class=\"wp-block-list\">\n<li>Assoc. Prof. Igor Bori\u0107, MD, PhD (nominal title)<\/li>\n<\/ul>\n\n\n\n<p><em>E-mail:&nbsp;<\/em><a href=\"m&#97;&#x69;&#x6c;t&#111;&#58;&#x69;&#x67;o&#114;&#46;&#x62;&#x6f;r&#105;&#x63;&#x40;&#x75;n&#105;&#x72;&#x69;&#46;&#104;&#114;\"><em>&#x69;&#103;&#x6f;&#x72;&#46;&#x62;&#111;r&#x69;&#99;&#64;&#x75;&#110;i&#x72;&#105;&#46;&#x68;&#114;<\/em><\/a><\/p>\n\n\n\n<ul class=\"wp-block-list\">\n<li>Postdoctoral Research Assistant Tin Nadarevi\u0107, MD (nominal title)<\/li>\n<\/ul>\n\n\n\n<p><em>E-mail:&nbsp;<\/em><a href=\"&#x6d;&#97;&#x69;&#x6c;&#116;&#x6f;&#x3a;&#116;&#x69;&#x6e;&#46;&#x6e;&#x61;d&#x61;&#x72;e&#x76;&#105;c&#x40;&#117;n&#x69;&#114;i&#x2e;&#104;r\"><em>tin&#46;&#110;&#97;&#100;&#97;&#114;&#101;&#118;&#x69;&#x63;&#x40;&#x75;&#x6e;&#x69;&#x72;&#x69;&#x2e;hr<\/em><\/a><\/p>\n\n\n\n<ul class=\"wp-block-list\">\n<li>Teaching Assistant Dina Mileti\u0107 Rigo, MD (nominal title)<\/li>\n<\/ul>\n\n\n\n<p><em>E-mail:&nbsp;<\/em><a href=\"&#x6d;&#97;&#x69;&#108;t&#x6f;&#58;d&#x69;&#110;&#x61;&#x2e;m&#x69;&#108;e&#x74;&#105;&#x63;&#x2e;r&#x69;&#103;o&#x40;&#117;n&#x69;&#114;&#x69;&#46;h&#x72;\"><em>&#100;&#x69;n&#97;&#x2e;m&#105;&#x6c;e&#x74;&#x69;&#99;&#x2e;r&#105;&#x67;o&#64;&#x75;n&#x69;&#x72;&#105;&#x2e;&#x68;&#114;<\/em><\/a><\/p>\n\n\n\n<ul class=\"wp-block-list\">\n<li>Teaching Assistant Nina Bartolovi\u0107, MD (nominal title)<\/li>\n<\/ul>\n\n\n\n<p><em>E-mail: &#110;&#x69;n&#x61;&#x2e;&#98;&#x61;r&#116;&#x6f;&#108;&#x6f;v&#105;&#x63;&#64;&#x75;n&#105;&#x72;i&#x2e;&#x68;&#114;<\/em><\/p>\n\n\n\n<ul class=\"wp-block-list\">\n<li>Teaching Assistant Mateo Maduni\u0107, MD (nominal title)<\/li>\n<\/ul>\n\n\n\n<p><em>E-mail: &#109;&#x61;t&#x65;&#x6f;&#46;&#x6d;a&#x64;&#x75;&#110;&#x69;c&#x40;&#x75;&#110;&#x69;r&#x69;&#x2e;&#104;&#x72;<\/em><\/p>\n\n\n\n<ul class=\"wp-block-list\">\n<li>Teaching Assistant Jelena Rnjak, MD (nominal title)<\/li>\n<\/ul>\n\n\n\n<p><em>E-mail: jelena&#46;r&#110;&#106;&#97;&#107;&#64;&#117;&#110;&#105;&#114;&#105;&#x2e;&#x68;&#x72;<\/em><\/p>\n\n\n\n<ul class=\"wp-block-list\">\n<li><strong>Teaching associates<\/strong><\/li>\n<\/ul>\n\n\n\n<ul class=\"wp-block-list\">\n<li>Senior Lecturer Lovro Tkal\u010di\u0107, MD, PhD (from the Faculty of Health Studies)<\/li>\n<\/ul>\n\n\n\n<p><em>E-mail: &#x6c;&#x6f;&#x76;&#x72;&#x6f;&#x2e;&#x74;&#x6b;&#x61;&#x6c;&#x63;&#x69;&#x63;&#x40;&#x75;&#x6e;&#x69;&#x72;&#x69;&#x2e;&#x68;&#x72;<\/em><\/p>\n\n\n\n<ul class=\"wp-block-list\">\n<li>Lecturer Boris Bezak, MD (from the Faculty of Health Studies)<\/li>\n<\/ul>\n\n\n\n<p><em>E-mail: &#x62;&#x6f;&#x72;&#x69;&#x73;&#x2e;&#x62;&#x65;&#x7a;&#x61;&#x6b;&#x40;&#x75;&#x6e;&#x69;&#x72;&#x69;&#x2e;&#x68;&#x72;<\/em><\/p>\n\n\n\n<ul class=\"wp-block-list\">\n<li>Teaching Assistant Ivan Brumini, MD (from the Department of Anatomy)<\/li>\n<\/ul>\n\n\n\n<ul class=\"wp-block-list\">\n<li>Lecturer Ena Mr\u0161i\u0107, MD (from the Faculty of Health Studies)<\/li>\n<\/ul>\n\n\n\n<ul class=\"wp-block-list\">\n<li>Prof. Dimitrij Kuhelj, PhD (visiting professor from the Medical Faculty Ljubljana, SLO)<\/li>\n<\/ul>\n\n\n\n<p><\/p>\n\n\n\n<ul class=\"wp-block-list\">\n<li><strong>Nonteaching staff<\/strong><\/li>\n\n\n\n<li>\u017deljka Lali\u0107, P.M.Ec. \u2013 Administrative Secretary<\/li>\n<\/ul>\n\n\n\n<p><em>E-mail:&nbsp;<\/em><a href=\"&#109;&#x61;i&#108;&#x74;o&#58;&#x7a;e&#108;&#x6a;k&#97;&#x2e;&#108;&#x61;&#x6c;&#105;&#x63;&#x40;&#109;&#x65;d&#114;&#x69;&#46;&#117;&#x6e;i&#114;&#x69;&#46;&#104;&#x72;\"><em>&#122;&#x65;l&#106;&#x6b;a&#46;&#x6c;a&#x6c;&#x69;&#99;&#x40;m&#101;&#x64;r&#105;&#x2e;u&#x6e;&#x69;&#114;&#x69;&#x2e;&#104;&#x72;<\/em><\/a><em><br><br><\/em><\/p>\n","protected":false},"excerpt":{"rendered":"<p>Department of RadiologyKre\u0161imirova 42, 51 000 RijekaPhone: +385 (0)51 658 386 Contact Department Head:Assoc. Prof. Petra Valkovi\u0107 Zuji\u0107, MD, PhDE-mail:&nbsp;&#x70;e&#x74;&#114;&#x61;&#x2e;v&#x61;&#108;&#x6b;&#x6f;v&#x69;&#99;&#x2e;&#x7a;u&#x6a;&#105;&#x63;&#x40;u&#x6e;&#105;&#x72;&#x69;&#46;&#x68;&#114;Phone: +385 (0)51 658 386 Department Secretary:\u017deljka Lali\u0107, P.M.Ec.E-mail:&nbsp;&#x7a;&#x65;&#x6c;&#x6a;&#107;&#97;&#46;la&#x6c;&#x69;&#x63;&#x40;&#x6d;&#101;&#100;&#114;i&#46;&#x75;&#x6e;&#x69;&#x72;&#x69;&#46;&#104;&#114;Phone: +385 (0)51 658 386 Staff E-mail:&nbsp;&#112;&#x65;t&#x72;a&#46;&#x76;&#97;&#x6c;k&#111;&#x76;&#105;&#x63;&#46;&#x7a;&#x75;&#106;&#x69;c&#x40;u&#110;&#x69;&#114;&#x69;&#46;&#104;&#x72; E-mail: &#x64;a&#x6d;&#105;&#x72;&#x2e;m&#x69;&#108;&#x65;&#x74;i&#x63;&#64;&#x6d;&#x65;d&#x72;&#105;&#x2e;&#x75;n&#x69;&#114;&#x69;&#x2e;h&#x72; E-mail:\u00a0&#x6d;&#x65;&#108;i&#x74;&#x61;&#46;&#107;u&#x6b;&#x75;&#108;&#106;a&#x6e;&#x40;&#102;zs&#x72;&#x69;&#46;u&#x6e;&#x69;&#114;&#105;&#46;&#x68;&#x72; E-mail:&nbsp;&#x64;&#x61;&#x6e;&#x69;&#106;&#101;&#108;&#97;&#46;ve&#x6c;&#x6a;&#x6b;&#x6f;&#x76;&#105;&#99;&#46;vuj&#x61;&#x6b;&#x6c;&#x69;&#x6a;&#97;&#64;&#117;nir&#x69;&#x2e;&#x68;&#x72; E-mail:&nbsp;&#115;&#x6c;&#x61;v&#105;&#x63;a&#46;&#x6b;&#x6f;v&#97;&#x63;i&#99;&#x40;&#x75;n&#105;&#x72;i&#46;&#x68;&#x72; E-mail:&nbsp;ti&#97;&#110;&#97;&#x2e;&#x67;&#x72;&#x75;&#x62;es&#105;&#99;&#64;&#x75;&#x6e;&#x69;&#x72;&#x69;&#46;h&#114; E-mail:&nbsp;&#103;&#x6f;r&#97;&#x6e;&#46;&#x72;o&#105;&#x63;&#64;&#x75;&#x6e;&#105;&#x72;i&#46;&#x68;r E-mail:&nbsp;&#122;&#x6f;&#114;&#x61;&#110;&#x2e;&#114;&#x75;&#109;&#x62;&#111;&#x6c;d&#x74;&#64;&#x75;n&#x69;r&#x69;&#46;&#x68;r E-mail:&nbsp;&#x69;&#x67;&#x6f;&#x72;&#x2e;&#98;&#111;&#114;&#105;c&#64;u&#x6e;&#x69;&#x72;&#x69;&#x2e;&#x68;&#114; E-mail:&nbsp;&#x74;&#105;&#110;&#46;&#x6e;&#x61;&#100;a&#x72;&#x65;&#118;i&#x63;&#x40;&#117;n&#x69;&#x72;&#105;&#46;&#x68;&#x72; E-mail:&nbsp;d&#105;&#x6e;&#x61;&#46;&#109;&#x69;&#x6c;e&#116;&#105;&#x63;&#x2e;r&#105;&#x67;&#x6f;&#64;&#117;&#x6e;&#x69;r&#105;&#46;&#x68;&#x72; E-mail: &#x6e;i&#x6e;&#97;&#46;&#x62;&#97;&#x72;&#116;o&#x6c;&#111;&#x76;&#105;c&#x40;&#117;&#x6e;&#x69;r&#x69;&#46;h&#x72; E-mail: m&#97;&#116;&#x65;&#x6f;&#x2e;ma&#100;&#117;&#x6e;&#x69;&#x63;&#64;&#117;&#110;&#105;&#x72;&#x69;&#x2e;h&#114; E-mail: je&#108;&#101;&#x6e;&#x61;&#x2e;&#x72;nj&#97;&#107;&#x40;&#x75;&#x6e;&#x69;ri&#46;&#104;&#114; E-mail: &#x6c;&#x6f;&#x76;&#x72;&#111;&#46;&#116;&#107;alc&#x69;&#x63;&#x40;&#x75;&#x6e;&#105;&#114;&#105;&#46;hr E-mail: &#x62;&#x6f;&#114;i&#x73;&#x2e;&#x62;&#101;z&#x61;&#x6b;&#x40;&#117;n&#x69;&#x72;&#x69;&#46;h&#x72; [&hellip;]<\/p>\n","protected":false},"author":4,"featured_media":0,"parent":13205,"menu_order":32,"comment_status":"closed","ping_status":"closed","template":"","meta":{"_acf_changed":false,"ub_ctt_via":"","footnotes":""},"class_list":["post-13268","page","type-page","status-publish","hentry"],"acf":[],"featured_image_src":null,"_links":{"self":[{"href":"https:\/\/medri.uniri.hr\/en\/wp-json\/wp\/v2\/pages\/13268","targetHints":{"allow":["GET"]}}],"collection":[{"href":"https:\/\/medri.uniri.hr\/en\/wp-json\/wp\/v2\/pages"}],"about":[{"href":"https:\/\/medri.uniri.hr\/en\/wp-json\/wp\/v2\/types\/page"}],"author":[{"embeddable":true,"href":"https:\/\/medri.uniri.hr\/en\/wp-json\/wp\/v2\/users\/4"}],"replies":[{"embeddable":true,"href":"https:\/\/medri.uniri.hr\/en\/wp-json\/wp\/v2\/comments?post=13268"}],"version-history":[{"count":13,"href":"https:\/\/medri.uniri.hr\/en\/wp-json\/wp\/v2\/pages\/13268\/revisions"}],"predecessor-version":[{"id":33598,"href":"https:\/\/medri.uniri.hr\/en\/wp-json\/wp\/v2\/pages\/13268\/revisions\/33598"}],"up":[{"embeddable":true,"href":"https:\/\/medri.uniri.hr\/en\/wp-json\/wp\/v2\/pages\/13205"}],"wp:attachment":[{"href":"https:\/\/medri.uniri.hr\/en\/wp-json\/wp\/v2\/media?parent=13268"}],"curies":[{"name":"wp","href":"https:\/\/api.w.org\/{rel}","templated":true}]}}