{"id":13270,"date":"2021-05-27T12:04:07","date_gmt":"2021-05-27T10:04:07","guid":{"rendered":"https:\/\/medri.uniri.hr\/?page_id=13270"},"modified":"2023-04-28T10:04:55","modified_gmt":"2023-04-28T08:04:55","slug":"rehabilitation-and-sports-medicine","status":"publish","type":"page","link":"https:\/\/medri.uniri.hr\/en\/faculty\/organisational-units\/departments\/rehabilitation-and-sports-medicine\/","title":{"rendered":"Rehabilitation and Sports Medicine"},"content":{"rendered":"\n<p><strong>Department of Rehabilitation and Sports Medicine<\/strong><br>Thalassotherapia Opatija<br>Mar\u0161ala Tita 188\/1, 51 410 Opatija<br>Phone: +385 (0)51 202 751<\/p>\n\n\n\n<p>Contact<\/p>\n\n\n\n<p><strong>Department Head:<br><\/strong>Prof.&nbsp;<strong>Viktor Per\u0161i\u0107,<\/strong>&nbsp;MD, PhD<br><em>E-mail:&nbsp;<\/em><a href=\"mailto:vikto&#114;&#46;&#112;&#101;&#114;&#115;&#105;&#99;&#64;&#109;&#101;&#100;&#114;&#105;&#46;&#x75;&#x6e;&#x69;&#x72;&#x69;&#x2e;&#x68;&#x72;\"><em>&#x76;&#105;k&#x74;&#x6f;&#114;&#46;&#x70;&#101;r&#x73;&#x69;&#99;&#64;&#x6d;&#101;d&#x72;&#x69;&#46;u&#x6e;&#x69;&#114;&#x69;&#x2e;&#104;r<\/em><\/a><em><br>Phone: +385 (0)51 202 621<br><br><\/em><strong>Department Secretary:<br>Milana&nbsp;Stanec-\u0160uti\u0107<\/strong><br><em>E-mail:&nbsp;<\/em><a href=\"&#109;&#x61;&#105;&#x6c;t&#x6f;:&#109;&#x69;&#108;&#x61;&#110;&#x61;s&#x73;&#64;&#109;&#x65;&#100;&#x72;i&#x2e;u&#x6e;&#x69;&#114;&#x69;&#46;&#x68;r\"><em>&#x6d;&#x69;&#108;a&#x6e;&#x61;&#115;&#115;&#64;&#x6d;&#x65;&#100;&#114;i&#x2e;&#x75;&#110;ir&#x69;&#x2e;&#104;r<\/em><\/a><em><br>Phone: +385 (0)51 202 751<\/em><\/p>\n\n\n\n<ul class=\"wp-block-list\">\n<li>Office hours for students:<br>Department Office \u2013 Monday\u2013Friday from 11 am to 1 pm<\/li>\n<\/ul>\n\n\n\n<p>Staff<\/p>\n\n\n\n<ul class=\"wp-block-list\">\n<li><strong>Department Head<\/strong>\n<ul class=\"wp-block-list\">\n<li>Prof. Viktor Per\u0161i\u0107,&nbsp;MD, PhD<\/li>\n<\/ul>\n<\/li>\n<\/ul>\n\n\n\n<p><em>E-mail:&nbsp;<\/em><a href=\"mailto:v&#105;&#107;&#116;&#111;&#114;&#46;&#112;&#101;&#114;&#115;&#x69;&#x63;&#x40;&#x6d;&#x65;&#x64;&#x72;&#x69;&#x2e;&#x75;&#x6e;&#x69;&#x72;&#x69;&#x2e;hr\" target=\"_blank\" rel=\"noreferrer noopener\"><em>&#x76;i&#x6b;&#116;o&#x72;&#46;&#x70;&#101;r&#x73;&#105;&#x63;&#64;m&#x65;&#100;&#x72;&#x69;&#46;&#x75;&#110;i&#x72;&#105;&#x2e;&#104;r<\/em><\/a>&nbsp;<\/p>\n\n\n\n<ul class=\"wp-block-list\">\n<li><strong>Teaching staff<\/strong>\n<ul class=\"wp-block-list\">\n<li>Assoc. Prof. Tatjana Kehler,&nbsp;MD, PhD<\/li>\n<\/ul>\n<\/li>\n<\/ul>\n\n\n\n<p><em>E-mail:&nbsp;<\/em><a href=\"&#x6d;a&#x69;&#108;t&#x6f;&#58;&#x74;&#x61;t&#x6a;&#97;n&#x61;&#46;&#x6b;&#101;h&#x6c;&#101;r&#x40;&#109;&#x65;&#100;r&#x69;&#46;&#x75;&#x6e;i&#x72;&#105;&#46;&#x68;&#114;\" target=\"_blank\" rel=\"noreferrer noopener\"><em>t&#97;&#x74;&#x6a;a&#110;&#97;&#x2e;&#x6b;e&#104;&#x6c;&#x65;r&#64;&#109;&#x65;&#x64;r&#105;&#x2e;&#x75;n&#105;&#114;&#x69;&#x2e;h&#114;<\/em><\/a><em>&nbsp;<\/em><\/p>\n\n\n\n<ul class=\"wp-block-list\">\n<li>Asst. Prof. Rajko Mi\u0161kulin, MD, PhD<\/li>\n<\/ul>\n\n\n\n<p><em>E-mail:&nbsp;<\/em><a href=\"&#109;a&#x69;l&#x74;o&#x3a;r&#x61;j&#x6b;o&#x2e;&#109;&#x69;&#115;&#x6b;&#117;&#x6c;&#105;&#x6e;&#64;&#x6d;&#101;&#x64;&#114;i&#x2e;u&#x6e;i&#x72;i&#x2e;h&#x72;\" target=\"_blank\" rel=\"noreferrer noopener\"><em>&#114;&#x61;&#x6a;k&#111;&#x2e;m&#105;&#x73;&#x6b;u&#108;&#x69;n&#64;&#x6d;&#x65;d&#114;&#x69;&#46;&#117;&#x6e;&#x69;&#114;&#105;&#x2e;h&#114;<\/em><\/a>&nbsp;<\/p>\n\n\n\n<ul class=\"wp-block-list\">\n<li>Asst. Prof. Dijana\u00a0Travica\u00a0Samsa,\u00a0MD, PhD (nominal title)<\/li>\n\n\n\n<li>Asst. Prof. Vesna Pehar\u00a0Pej\u010dinovi\u0107, MD, PhD (nominal title)\u00a0<\/li>\n\n\n\n<li>Teaching Assistant Tamara&nbsp;Kauzlari\u0107&nbsp;\u017divkovi\u0107, MD (nominal title)<\/li>\n<\/ul>\n\n\n\n<ul class=\"wp-block-list\">\n<li><strong>Nonteaching staff<\/strong>\n<ul class=\"wp-block-list\">\n<li>Milana&nbsp;Stanec-\u0160uti\u0107, M.QMH \u2013&nbsp;Administrative Secretary&nbsp;<\/li>\n<\/ul>\n<\/li>\n<\/ul>\n","protected":false},"excerpt":{"rendered":"<p>Department of Rehabilitation and Sports MedicineThalassotherapia OpatijaMar\u0161ala Tita 188\/1, 51 410 OpatijaPhone: +385 (0)51 202 751 Contact Department Head:Prof.&nbsp;Viktor Per\u0161i\u0107,&nbsp;MD, PhDE-mail:&nbsp;&#118;&#x69;&#x6b;&#116;&#x6f;&#x72;&#46;&#x70;&#x65;&#114;&#x73;&#x69;&#99;&#x40;&#x6d;&#101;&#x64;&#x72;&#105;&#x2e;&#x75;&#110;&#x69;&#x72;&#105;&#x2e;&#x68;rPhone: +385 (0)51 202 621 Department Secretary:Milana&nbsp;Stanec-\u0160uti\u0107E-mail:&nbsp;&#x6d;&#105;l&#x61;&#110;a&#x73;&#115;&#64;&#x6d;&#x65;&#100;&#x72;&#x69;&#46;u&#x6e;&#105;r&#x69;&#46;h&#x72;Phone: +385 (0)51 202 751 Staff E-mail:&nbsp;&#x76;i&#x6b;&#116;o&#x72;&#46;&#x70;&#101;r&#x73;&#105;&#x63;&#64;m&#x65;&#100;&#x72;&#x69;&#46;&#x75;&#110;i&#x72;&#105;&#x2e;&#104;r&nbsp; E-mail:&nbsp;&#x74;&#x61;&#x74;&#106;&#97;na&#x2e;&#x6b;&#x65;&#x68;&#108;&#101;r&#64;&#x6d;&#x65;&#x64;&#114;&#105;&#46;un&#x69;&#x72;&#x69;&#46;&#104;r&nbsp; E-mail:&nbsp;&#114;&#x61;&#x6a;k&#111;&#x2e;m&#105;&#x73;k&#117;&#x6c;i&#110;&#x40;&#x6d;&#101;&#x64;&#x72;i&#46;&#x75;n&#105;&#x72;i&#46;&#x68;&#x72;&nbsp;<\/p>\n","protected":false},"author":4,"featured_media":0,"parent":13205,"menu_order":33,"comment_status":"closed","ping_status":"closed","template":"","meta":{"_acf_changed":false,"ub_ctt_via":"","footnotes":""},"class_list":["post-13270","page","type-page","status-publish","hentry"],"acf":[],"featured_image_src":null,"_links":{"self":[{"href":"https:\/\/medri.uniri.hr\/en\/wp-json\/wp\/v2\/pages\/13270","targetHints":{"allow":["GET"]}}],"collection":[{"href":"https:\/\/medri.uniri.hr\/en\/wp-json\/wp\/v2\/pages"}],"about":[{"href":"https:\/\/medri.uniri.hr\/en\/wp-json\/wp\/v2\/types\/page"}],"author":[{"embeddable":true,"href":"https:\/\/medri.uniri.hr\/en\/wp-json\/wp\/v2\/users\/4"}],"replies":[{"embeddable":true,"href":"https:\/\/medri.uniri.hr\/en\/wp-json\/wp\/v2\/comments?post=13270"}],"version-history":[{"count":4,"href":"https:\/\/medri.uniri.hr\/en\/wp-json\/wp\/v2\/pages\/13270\/revisions"}],"predecessor-version":[{"id":17098,"href":"https:\/\/medri.uniri.hr\/en\/wp-json\/wp\/v2\/pages\/13270\/revisions\/17098"}],"up":[{"embeddable":true,"href":"https:\/\/medri.uniri.hr\/en\/wp-json\/wp\/v2\/pages\/13205"}],"wp:attachment":[{"href":"https:\/\/medri.uniri.hr\/en\/wp-json\/wp\/v2\/media?parent=13270"}],"curies":[{"name":"wp","href":"https:\/\/api.w.org\/{rel}","templated":true}]}}