{"id":13278,"date":"2021-07-13T11:22:01","date_gmt":"2021-07-13T09:22:01","guid":{"rendered":"https:\/\/medri.uniri.hr\/?page_id=13278"},"modified":"2025-10-13T11:47:03","modified_gmt":"2025-10-13T09:47:03","slug":"basic-and-clinical-pharmacology-and-toxicology","status":"publish","type":"page","link":"https:\/\/medri.uniri.hr\/en\/faculty\/organisational-units\/departments\/basic-and-clinical-pharmacology-and-toxicology\/","title":{"rendered":"Basic and Clinical Pharmacology and Toxicology"},"content":{"rendered":"\n<p><strong>Department of <\/strong><strong>Basic and Clinical Pharmacology and Toxicology<\/strong><br>Faculty of Medicine in Rijeka<br>Bra\u0107e Branchetta 20, 51000 Rijeka<br>Phone: +385 (0)51 651 139<br>Fax: +385 (0)51 651 174<\/p>\n\n\n\n<p>Contact<\/p>\n\n\n\n<p><strong>Department Head:<br><\/strong>Prof. <strong>Jasenka Mr\u0161i\u0107-Pel\u010di\u0107<\/strong>&nbsp;MD, PhD (tenure)<br><em>E-mail:&nbsp;<\/em><a href=\"&#109;&#x61;i&#108;&#x74;o&#x3a;&#x6a;&#97;&#x73;e&#110;&#x6b;a&#46;&#x6d;&#114;&#x73;i&#99;&#x2e;p&#101;&#x6c;&#99;&#x69;&#x63;&#64;&#x6d;e&#100;&#x72;i&#x2e;&#x75;&#110;&#x69;r&#105;&#x2e;h&#114;\"><em>j&#97;&#115;&#101;&#x6e;&#x6b;&#x61;&#46;m&#114;&#115;&#x69;&#x63;&#x2e;&#x70;el&#99;&#105;&#x63;&#x40;&#x6d;&#x65;d&#114;&#105;&#46;&#x75;&#x6e;&#x69;ri&#46;&#104;&#114;<\/em><\/a><em><br>Phone: +385(0)51 651 137<\/em><a href=\"&#109;&#x61;&#105;&#x6c;&#116;&#x6f;:&#x72;o&#109;&#x61;&#110;&#x61;&#46;&#x6a;e&#x72;k&#111;&#x76;&#105;&#x63;&#64;&#x6d;&#101;&#x64;r&#x69;&#46;&#117;&#x6e;&#105;&#x72;&#105;&#x2e;h&#x72;\"><em><br><br><\/em><\/a><strong>Department Secretary:<br>Anamaria Karneluti<br><\/strong><em>E-mail:&nbsp;<\/em><a href=\"&#109;&#x61;i&#108;&#x74;&#111;&#x3a;v&#101;&#x73;n&#x61;&#x2e;&#99;&#x61;n&#100;&#x72;l&#x69;&#x63;&#64;&#x6d;e&#100;&#x72;&#105;&#x2e;u&#110;&#x69;r&#105;&#x2e;&#104;&#x72;\"><em>&#97;&#x6e;&#97;&#x6d;&#97;&#x72;&#105;&#x61;&#46;&#x6b;&#97;&#x72;&#110;&#x65;&#108;&#x75;&#116;&#x69;&#64;&#x6d;&#101;&#x64;&#114;&#x69;&#46;&#x75;&#110;&#x69;&#114;&#x69;&#46;&#x68;&#114;<\/em><\/a><em><br>Phone: +385(0)51 651 139<\/em><\/p>\n\n\n\n<ul class=\"wp-block-list\">\n<li>Office hours for students:<br>Department Office \u2013 Monday \u2013 Friday from 9 am to 2 pm<\/li>\n<\/ul>\n\n\n\n<p>Staff<\/p>\n\n\n\n<ul class=\"wp-block-list\">\n<li><strong>Department Head<\/strong>\n<ul class=\"wp-block-list\">\n<li>Prof. Jasenka Mr\u0161i\u0107-Pel\u010di\u0107 MD, PhD (tenure)<br><em>E-mail:&nbsp;<\/em><a href=\"&#109;&#97;&#x69;&#x6c;&#116;&#111;&#x3a;&#x6a;&#97;&#115;&#x65;&#x6e;&#107;&#97;&#x2e;&#x6d;&#114;&#115;&#x69;&#x63;&#46;&#112;&#x65;&#x6c;&#99;&#105;&#x63;&#x40;&#109;&#101;&#x64;&#x72;&#105;&#46;&#x75;&#x6e;&#105;&#114;&#x69;&#x2e;&#104;&#114;\" target=\"_blank\" rel=\"noreferrer noopener\"><em>&#x6a;&#x61;&#115;&#101;n&#x6b;&#x61;&#x2e;&#109;&#114;s&#x69;&#x63;&#x2e;&#112;&#101;l&#x63;&#x69;&#x63;&#64;&#109;e&#x64;&#x72;&#x69;&#46;un&#x69;&#x72;&#x69;&#46;hr<\/em><\/a><\/li>\n<\/ul>\n<\/li>\n<\/ul>\n\n\n\n<ul class=\"wp-block-list\">\n<li><strong>Teaching staff<\/strong>\n<ul class=\"wp-block-list\">\n<li>Prof. Dinko Vitezi\u0107, MD, PhD (tenure)<\/li>\n<\/ul>\n<\/li>\n<\/ul>\n\n\n\n<p><em>E-mail:&nbsp;<\/em><a href=\"&#x6d;&#x61;&#105;lt&#x6f;&#x3a;&#100;&#105;n&#x6b;&#x6f;&#46;&#118;i&#x74;&#x65;&#x7a;&#105;c&#64;&#x6d;&#x65;&#100;&#114;i&#x2e;&#x75;&#110;&#105;r&#x69;&#x2e;&#104;&#114;\" target=\"_blank\" rel=\"noreferrer noopener\"><em>&#100;&#x69;&#x6e;k&#111;&#x2e;&#x76;i&#116;&#x65;z&#105;&#x63;&#x40;m&#101;&#x64;r&#105;&#x2e;&#x75;n&#105;&#x72;&#x69;&#46;&#x68;&#x72;<\/em><\/a><\/p>\n\n\n\n<ul class=\"wp-block-list\">\n<li>Prof. Vera Vlahovi\u0107-Pal\u010devski, MD, PhD (tenure)<\/li>\n<\/ul>\n\n\n\n<p><em>E-mail:&nbsp;<\/em><a href=\"&#109;&#x61;&#x69;l&#116;&#x6f;:&#118;&#x65;r&#97;&#x76;p&#64;&#x75;&#x6e;&#105;&#x72;&#x69;&#46;&#104;&#x72;\" target=\"_blank\" rel=\"noreferrer noopener\"><em>v&#101;&#x72;&#x61;&#x76;p&#64;&#x75;&#x6e;&#x69;r&#105;&#x2e;&#x68;&#x72;<\/em><\/a><\/p>\n\n\n\n<ul class=\"wp-block-list\">\n<li>Prof. Elitza Petkova Markova-Car, M.Sc., PhD<\/li>\n<\/ul>\n\n\n\n<p><em>E-mail:&nbsp;<\/em><a href=\"&#109;&#x61;&#x69;l&#116;&#x6f;:&#101;&#x6c;i&#116;&#x7a;a&#64;&#x6d;&#x65;&#100;&#x72;&#x69;&#46;&#117;&#x6e;i&#114;&#x69;&#46;&#104;&#x72;\"><em>&#x65;&#108;&#x69;&#x74;&#122;&#x61;&#64;m&#x65;&#100;r&#x69;&#46;u&#x6e;&#105;r&#x69;&#46;&#x68;&#x72;<\/em><\/a><\/p>\n\n\n\n<ul class=\"wp-block-list\">\n<li>Prof. Renata Juri\u0161i\u0107 Grube\u0161i\u0107, M.Pharm., PhD<br><em>E-mail:&nbsp;<\/em><a href=\"ma&#105;&#108;&#116;&#x6f;&#x3a;&#x72;&#x65;&#x6e;at&#97;&#106;&#103;&#x40;&#x6d;&#x65;&#x64;&#x72;i&#46;&#117;&#110;&#105;&#x72;&#x69;&#x2e;&#x68;&#x72;\" target=\"_blank\" rel=\"noreferrer noopener\"><em>&#114;&#x65;n&#97;&#x74;a&#x6a;&#x67;&#64;&#x6d;e&#100;&#x72;i&#46;&#x75;&#110;&#x69;r&#105;&#x2e;h&#114;<\/em><\/a><\/li>\n<\/ul>\n\n\n\n<ul class=\"wp-block-list\">\n<li>Assoc. Prof. Kristina Pilipovi\u0107, MD, PhD<\/li>\n<\/ul>\n\n\n\n<p><em>E-mail:&nbsp;<\/em><a href=\"&#x6d;&#x61;&#x69;&#x6c;&#x74;&#x6f;&#x3a;&#x6b;&#114;&#105;&#115;&#116;&#105;&#110;&#97;&#46;pil&#x69;&#x70;&#x6f;&#x76;&#x69;&#x63;&#x40;&#x6d;&#x65;&#100;&#114;&#105;&#46;&#117;&#110;&#105;ri&#46;h&#x72;\" target=\"_blank\" rel=\"noreferrer noopener\"><em>&#x6b;r&#x69;s&#x74;&#105;&#x6e;&#97;&#46;&#x70;i&#x6c;&#105;&#x70;&#111;&#x76;&#105;c&#x40;m&#x65;&#100;&#x72;&#105;&#x2e;&#x75;n&#x69;r&#x69;&#46;&#x68;&#114;<\/em><\/a><\/p>\n\n\n\n<ul class=\"wp-block-list\">\n<li>Asst. Prof. Marko Skelin, M.Pharm., PhD<\/li>\n<\/ul>\n\n\n\n<p><em>E-mail:&nbsp;<\/em><a href=\"&#x6d;&#97;i&#x6c;&#x74;&#111;:&#x6d;&#x61;&#114;k&#x6f;&#46;s&#x6b;&#x65;&#108;i&#x6e;&#x40;&#109;e&#x64;&#114;&#105;&#x2e;&#x75;&#110;i&#x72;&#x69;&#46;h&#x72;\" target=\"_blank\" rel=\"noreferrer noopener\"><em>&#x6d;a&#x72;&#107;&#x6f;&#46;&#x73;&#x6b;e&#x6c;&#105;&#x6e;&#64;&#x6d;&#101;d&#x72;&#105;&#x2e;&#117;&#x6e;&#105;r&#x69;&#46;&#x68;&#114;<\/em><\/a><\/p>\n\n\n\n<ul class=\"wp-block-list\">\n<li>Asst. Prof. Petra Dolenec, PhD<\/li>\n<\/ul>\n\n\n\n<p><em>E-mail:&nbsp;<\/em><a rel=\"noreferrer noopener\" href=\"&#x6d;a&#x69;&#108;&#x74;&#111;:&#x70;&#101;&#x74;&#114;a&#x2e;&#100;&#x6f;&#108;e&#x6e;e&#x63;&#64;&#x6d;&#x65;d&#x72;&#105;&#x2e;&#117;n&#x69;&#114;&#x69;&#46;h&#x72;\" target=\"_blank\"><em>p&#101;&#x74;&#x72;a&#46;&#100;&#x6f;&#x6c;e&#110;&#101;&#x63;&#x40;m&#101;&#x64;&#x72;&#x69;&#46;&#117;&#x6e;&#x69;r&#105;&#46;&#x68;&#x72;<\/em><\/a><\/p>\n\n\n\n<ul class=\"wp-block-list\">\n<li>Asst. Prof. Anja Harej Hrka\u0107, M.Sc.<\/li>\n<\/ul>\n\n\n\n<p>E-mail<em>:&nbsp;<\/em><a href=\"&#109;&#x61;i&#x6c;&#x74;&#111;&#x3a;a&#x68;&#x61;&#114;&#x65;j&#x40;&#x6d;&#101;&#x64;r&#x69;&#x2e;&#117;&#x6e;i&#x72;&#x69;&#46;&#x68;r\"><em>ahar&#101;&#106;&#64;&#109;&#101;&#100;&#114;&#x69;&#x2e;&#x75;&#x6e;&#x69;&#x72;&#x69;&#x2e;&#x68;r<\/em><\/a><\/p>\n\n\n\n<ul class=\"wp-block-list\">\n<li>Postdoctoral Researcher Jelena Raji\u010d Bumber, M.Sc., PhD<\/li>\n<\/ul>\n\n\n\n<p><em>E-mail:&nbsp;<\/em><a href=\"&#109;&#97;&#x69;l&#116;&#x6f;&#x3a;j&#101;&#x6c;&#x65;n&#97;&#x2e;r&#97;&#x6a;&#x69;c&#64;&#x6d;&#x65;d&#114;&#x69;&#46;&#117;&#x6e;&#x69;r&#105;&#x2e;&#x68;r\" target=\"_blank\" rel=\"noreferrer noopener\"><em>&#106;&#x65;l&#101;&#x6e;a&#46;&#x72;a&#106;&#x69;c&#64;&#x6d;&#101;&#x64;&#x72;&#105;&#x2e;&#x75;&#110;&#x69;r&#105;&#x2e;h&#114;<\/em><\/a><\/p>\n\n\n\n<ul class=\"wp-block-list\">\n<li>Senior Teaching Assistant Tamara Jankovi\u0107, M.Sc.EPH, PhD<\/li>\n<\/ul>\n\n\n\n<p><em>E-mail:&nbsp;<\/em><a href=\"&#109;&#x61;&#x69;&#108;&#x74;&#x6f;&#58;&#x74;&#x61;&#109;&#x61;&#x72;&#97;&#x2e;&#x6a;&#97;&#x6e;&#x6b;&#111;&#x76;&#x69;&#99;&#x40;&#x6d;&#101;&#x64;&#x72;i&#x2e;&#x75;n&#x69;&#x72;i&#46;&#x68;r\" target=\"_blank\" rel=\"noreferrer noopener\"><em>&#116;a&#x6d;a&#x72;a&#x2e;&#106;&#x61;&#110;&#x6b;&#111;v&#x69;c&#x40;m&#x65;&#100;&#x72;&#105;&#x2e;&#117;&#x6e;&#105;r&#x69;&#46;&#x68;r<\/em><\/a><\/p>\n\n\n\n<ul class=\"wp-block-list\">\n<li>Senior Teaching Assistant Nika Gr\u017eeta, M.Sc.<\/li>\n<\/ul>\n\n\n\n<p><em>E-mail:<\/em>&nbsp;<a href=\"&#109;&#x61;&#105;&#x6c;t&#x6f;:&#108;&#x6a;&#101;&#x72;&#107;&#x61;&#46;&#x64;e&#108;&#x61;&#99;&#x40;m&#x65;d&#x72;&#x69;&#46;&#x75;&#110;&#x69;r&#x69;&#46;&#104;&#x72;\" target=\"_blank\" rel=\"noreferrer noopener\"><em>nika.grzeta @medri.uniri.hr<\/em><\/a><\/p>\n\n\n\n<ul class=\"wp-block-list\">\n<li>Teaching Assistant Lea Jureti\u0107, M.Pharm.<\/li>\n<\/ul>\n\n\n\n<p><em>E-mail:<\/em>&nbsp;<a rel=\"noreferrer noopener\" href=\"&#x6d;&#97;i&#x6c;&#116;&#111;&#x3a;&#x6c;&#106;e&#x72;&#107;a&#x2e;&#x64;&#101;l&#x61;&#99;&#64;&#x6d;&#x65;&#100;r&#x69;&#46;u&#x6e;&#x69;&#114;i&#x2e;&#104;r\" target=\"_blank\"><em>lea.juretic @medri.uniri.hr<\/em><\/a><\/p>\n\n\n\n<ul class=\"wp-block-list\">\n<li>Teaching Assistant Ena Vr\u010dek, M.Pharm.<\/li>\n<\/ul>\n\n\n\n<p><em>E-mail<\/em>:&nbsp;<a rel=\"noreferrer noopener\" href=\"&#x6d;&#x61;&#105;&#108;&#116;o&#x3a;&#x65;&#x6e;&#97;&#46;vr&#x63;&#x65;&#x6b;&#64;&#109;e&#x64;&#x72;&#x69;&#46;&#117;&#110;i&#x72;&#x69;&#x2e;&#104;&#114;\" target=\"_blank\"><em>&#x65;&#110;&#x61;&#x2e;&#118;&#x72;&#99;e&#x6b;&#64;m&#x65;&#100;r&#x69;&#46;u&#x6e;&#105;&#x72;&#x69;&#46;&#x68;&#x72;<\/em><\/a>&nbsp;<\/p>\n\n\n\n<ul class=\"wp-block-list\">\n<li>Teaching Assistant Sandra Kne\u017eevi\u0107, MD<\/li>\n<\/ul>\n\n\n\n<p><em>E-mail<\/em>:&nbsp;<em><a rel=\"noreferrer noopener\" href=\"m&#97;&#x69;&#x6c;&#x74;o&#58;&#115;&#x61;&#x6e;d&#114;&#97;&#x2e;&#x6b;ne&#122;&#x65;&#x76;&#x69;c&#64;&#x6d;&#x65;&#x64;r&#105;&#46;&#x75;&#x6e;i&#114;&#105;&#x2e;&#x68;r\" target=\"_blank\">&#115;&#x61;n&#100;&#x72;&#97;&#x2e;k&#110;&#x65;z&#x65;&#x76;&#105;&#x63;&#64;&#109;&#x65;d&#x72;&#x69;&#46;&#x75;n&#105;&#x72;&#105;&#x2e;h&#114;<\/a>&nbsp;<\/em><\/p>\n\n\n\n<ul class=\"wp-block-list\">\n<li>Teaching Assistant Iva Kristi\u0107, M.Sc.EPH<\/li>\n<\/ul>\n\n\n\n<p><em>E-mail<\/em>:&nbsp;<a href=\"&#x6d;&#x61;&#x69;&#x6c;&#x74;&#x6f;&#x3a;&#x69;&#x76;&#x61;&#x2e;&#107;&#114;&#105;&#115;&#116;&#105;&#99;&#64;medri&#x2e;&#x75;&#x6e;&#x69;&#x72;&#x69;&#x2e;&#x68;&#x72;\"><em>&#x69;&#118;&#97;&#x2e;&#x6b;&#114;&#105;&#x73;&#x74;&#105;&#99;&#x40;&#x6d;&#101;&#100;&#x72;&#x69;&#46;&#117;&#x6e;&#x69;&#114;&#105;&#x2e;&#x68;&#114;<\/em><\/a><\/p>\n\n\n\n<ul class=\"wp-block-list\">\n<li><strong>Associates (nominal titles)<\/strong><\/li>\n<\/ul>\n\n\n\n<ul class=\"wp-block-list\">\n<li>Prof. Sini\u0161a Tomi\u0107, M.Sc., PhD (nominal title)<\/li>\n<\/ul>\n\n\n\n<p><em>E-mail<\/em>: <em>&#115;&#x69;n&#105;&#x73;a&#46;&#x74;o&#109;&#x69;c&#64;&#x68;&#97;&#x6c;&#x6d;&#101;&#x64;&#x2e;&#104;&#x72;<\/em><\/p>\n\n\n\n<ul class=\"wp-block-list\">\n<li>Asst. Prof. Maja Lusina Kregar, M.Pharm., PhD (nominal title)<\/li>\n<\/ul>\n\n\n\n<p><em>E-mail:&nbsp;<\/em><a href=\"&#109;&#x61;&#105;&#x6c;&#116;&#x6f;:&#x6d;a&#106;&#x61;&#46;&#x6c;&#117;&#x73;i&#x6e;a&#46;&#x6b;&#114;&#x65;&#103;&#x61;&#114;&#x40;g&#x6d;a&#105;&#x6c;&#46;&#x63;&#111;&#x6d;\"><em>&#109;&#x61;&#106;&#x61;&#46;&#x6c;&#117;&#x73;&#105;&#x6e;&#97;&#x2e;k&#x72;e&#x67;a&#x72;&#64;&#x67;m&#x61;i&#108;&#x2e;&#99;&#x6f;&#109;<\/em><\/a>&nbsp;<\/p>\n\n\n\n<ul class=\"wp-block-list\">\n<li>Asst. Prof. Stribor Markovi\u0107, PhD<\/li>\n<\/ul>\n\n\n\n<p><em>E-mail:&nbsp;<\/em><a href=\"&#x6d;&#x61;&#x69;&#x6c;&#x74;&#111;&#58;&#115;&#116;rib&#x6f;&#x72;&#x2e;&#x6d;&#x61;&#x72;&#107;&#111;&#118;ic&#64;&#x67;&#x6d;&#x61;&#x69;&#x6c;&#x2e;&#99;&#111;&#109;\"><em>st&#114;&#105;&#98;&#111;&#x72;&#x2e;&#x6d;&#x61;&#x72;ko&#118;&#105;&#99;&#64;&#x67;&#x6d;&#x61;&#x69;&#x6c;&#46;c&#111;&#109;<\/em><\/a><\/p>\n\n\n\n<p>Asst. Prof. Viktorija Erdelji\u0107 Turk, MD, PhD (nominal title)<\/p>\n\n\n\n<p><em>E-mail: &#118;e&#114;d&#101;l&#x6a;i&#x63;&#64;&#x67;m&#x61;i&#x6c;&#46;&#x63;o&#x6d;<\/em><\/p>\n\n\n\n<ul class=\"wp-block-list\">\n<li>Postdoctoral Researcher Vedrana Aljinovi\u0107-Vu\u010di\u0107, M.Pharm., PhD (nominal title)<\/li>\n<\/ul>\n\n\n\n<p><em>E-mail:&nbsp;<\/em><a href=\"&#x6d;&#x61;&#105;l&#x74;&#x6f;&#x3a;&#118;e&#x64;&#x72;&#x61;&#110;a&#x2e;&#x61;&#x6c;&#106;i&#x6e;&#x6f;&#x76;&#105;c&#x40;&#x67;&#x6d;&#97;i&#x6c;&#x2e;&#x63;&#111;m\"><em>v&#101;&#x64;&#x72;a&#110;&#97;&#x2e;&#x61;l&#106;&#105;&#x6e;&#x6f;v&#105;&#x63;&#x40;&#x67;m&#97;&#x69;&#x6c;&#46;&#99;&#111;&#x6d;<\/em><\/a><em>&nbsp;<\/em><\/p>\n\n\n\n<ul class=\"wp-block-list\">\n<li>Asst. Prof. Gioconda Millotti, M.Pharm., PhD (nominal title)<\/li>\n<\/ul>\n\n\n\n<p><em>E-mail:&nbsp;<\/em><a href=\"&#x6d;&#x61;&#x69;&#x6c;&#116;&#111;&#58;gi&#x6f;&#x63;&#x6f;&#x6e;&#x64;&#97;&#46;&#109;il&#x6c;&#x6f;&#x74;&#x74;&#x69;&#64;&#103;&#109;ai&#x6c;&#x2e;&#x63;&#x6f;&#x6d;\" target=\"_blank\" rel=\"noreferrer noopener\"><em>gioconda&#46;mil&#108;&#111;&#116;&#116;&#105;&#64;&#103;&#109;&#97;&#105;&#108;&#46;&#99;&#111;&#109;<\/em><\/a><\/p>\n\n\n\n<ul class=\"wp-block-list\">\n<li>Teaching Assistant Andrej Belan\u010di\u0107, MD (nominal title)<\/li>\n<\/ul>\n\n\n\n<p><em>E-mail:&nbsp;<\/em><a href=\"ma&#105;&#108;&#x74;&#x6f;&#x3a;&#x61;&#46;b&#101;&#108;&#x61;&#x6e;&#x63;&#x69;c9&#51;&#64;&#103;&#x6d;&#x61;&#x69;&#x6c;&#46;c&#111;&#109;\"><em>&#97;&#x2e;b&#x65;l&#97;&#x6e;&#99;&#x69;c&#57;&#x33;&#64;&#x67;m&#x61;&#x69;&#108;&#x2e;c&#x6f;m<\/em><\/a><em>&nbsp;<\/em><\/p>\n\n\n\n<ul class=\"wp-block-list\">\n<li>Teaching Assistant Igor Rubini\u0107, MD (nominal title)<\/li>\n<\/ul>\n\n\n\n<p><em>E-mail:&nbsp;<\/em><a href=\"&#x6d;&#x61;&#x69;&#x6c;&#x74;&#x6f;&#x3a;&#x72;&#x75;&#x62;&#x69;&#x6e;&#x69;&#x63;&#x2e;&#x69;&#x67;&#x6f;&#x72;&#x40;&#x67;&#x6d;&#97;&#105;&#108;&#46;&#99;&#111;&#109;\"><em>&#x72;u&#x62;&#105;&#x6e;&#105;c&#x2e;i&#x67;&#111;&#x72;&#64;g&#x6d;&#97;&#x69;&#108;&#46;&#x63;o&#x6d;<\/em><\/a><\/p>\n\n\n\n<ul class=\"wp-block-list\">\n<li>Postdoctoral Researcher Leo \u0160tefan, M.Sc.EPH, PhD (nominal title)<\/li>\n<\/ul>\n\n\n\n<p><em>E-mail:&nbsp;<\/em><a rel=\"noreferrer noopener\" href=\"m&#97;&#105;&#x6c;&#x74;o:&#108;&#101;&#x6f;&#x2e;st&#101;&#102;&#x61;&#x6e;&#64;j&#103;&#x6c;&#x2e;&#x68;r\" target=\"_blank\"><em>l&#101;&#111;&#x2e;&#x73;&#x74;e&#102;&#97;&#x6e;&#x40;&#x6a;gl&#46;&#x68;&#x72;<\/em><\/a><\/p>\n\n\n\n<ul class=\"wp-block-list\">\n<li>Asst. Prof. Suzana Mimica, MD, PhD (nominal title)<\/li>\n<\/ul>\n\n\n\n<p><em>E-mail:&nbsp;<a href=\"&#x6d;&#x61;&#x69;&#108;&#116;o:&#x73;&#x75;&#x7a;&#x61;&#110;&#97;mm&#x40;&#x6d;&#x65;&#100;&#114;&#105;&#46;u&#x6e;&#x69;&#x72;&#105;&#46;hr\">&#x73;&#x75;&#x7a;&#x61;&#x6e;&#x61;&#x6d;&#x6d;&#x40;&#x6d;&#x65;&#100;&#114;&#105;&#46;&#117;&#110;&#105;ri&#46;hr<\/a><\/em><\/p>\n\n\n\n<ul class=\"wp-block-list\">\n<li><strong>Nonteaching staff<\/strong><\/li>\n\n\n\n<li>Marina Jakovac, B.Sc.MLD \u2013 Senior Laboratory Technician<\/li>\n<\/ul>\n\n\n\n<p><em>E-mail:<\/em>&nbsp;<a href=\"&#x6d;&#97;i&#x6c;&#x74;&#111;:&#x6d;&#x61;&#114;i&#x6e;&#x61;&#46;j&#x61;&#x6b;&#111;v&#x61;&#99;&#64;m&#x65;&#100;r&#x69;&#x2e;&#117;n&#x69;&#x72;&#105;&#46;&#x68;&#x72;\" target=\"_blank\" rel=\"noreferrer noopener\"><em>&#109;a&#114;i&#110;a&#x2e;j&#x61;k&#x6f;v&#x61;c&#x40;m&#x65;d&#x72;i&#x2e;u&#x6e;i&#x72;&#105;&#x2e;&#104;&#x72;<\/em><\/a><\/p>\n\n\n\n<ul class=\"wp-block-list\">\n<li>Maja Rukavina, B.Sc. \u2013 Senior Laboratory Technician<\/li>\n<\/ul>\n\n\n\n<p><em>E-mail:<\/em>&nbsp;<a href=\"&#x6d;&#x61;&#x69;&#x6c;&#116;&#111;&#58;ma&#x6a;&#x61;&#x2e;&#x72;&#x75;&#107;&#97;&#118;in&#x61;&#x32;&#x40;&#x75;&#x6e;&#105;&#114;&#105;&#46;h&#x72;\" target=\"_blank\" rel=\"noreferrer noopener\"><em>&#x6d;&#x61;&#x6a;&#x61;&#46;&#114;uka&#x76;&#x69;&#x6e;&#x61;&#50;&#64;uni&#x72;&#x69;&#x2e;&#x68;&#114;<\/em><\/a><\/p>\n\n\n\n<ul class=\"wp-block-list\">\n<li>Anamaria Karneluti \u2013 Administrative Secretary<\/li>\n<\/ul>\n\n\n\n<p><em>E-mail:<\/em>&nbsp;<a href=\"&#x6d;&#97;i&#x6c;&#x74;&#111;:&#x76;&#x65;&#115;n&#x61;&#46;c&#x61;&#x6e;&#100;r&#x6c;&#x69;&#99;&#64;&#x6d;&#101;&#100;&#x72;&#x69;&#46;u&#x6e;&#x69;&#114;i&#x2e;&#104;&#114;\" target=\"_blank\" rel=\"noreferrer noopener\"><em>&#x76;&#101;s&#x6e;&#x61;&#46;c&#x61;&#x6e;&#100;r&#x6c;&#x69;&#99;&#64;&#x6d;&#x65;&#100;r&#x69;&#46;&#117;n&#x69;&#114;i&#x2e;&#x68;&#114;<\/em><\/a><\/p>\n\n\n\n<ul class=\"wp-block-list\">\n<li>Tanja Me\u0161anovi\u0107 \u2013 Technical Associate<\/li>\n<\/ul>\n\n\n\n<p><em>E-mail:<\/em>&nbsp;<a rel=\"noreferrer noopener\" href=\"&#109;&#x61;&#105;&#x6c;&#116;&#x6f;&#58;&#x74;&#97;&#x6e;&#106;&#x61;&#46;&#x73;u&#x76;a&#x6b;&#64;&#x6d;e&#x64;r&#105;&#x2e;&#117;&#x6e;&#105;&#x72;&#105;&#x2e;&#104;&#x72;\" target=\"_blank\"><em>&#116;&#x61;n&#106;&#x61;&#46;&#115;&#x75;v&#97;&#x6b;&#64;&#109;&#x65;d&#114;&#x69;&#46;&#117;&#x6e;i&#114;&#x69;&#46;&#104;&#x72;<\/em><\/a><\/p>\n\n\n\n<p>Helena Mu\u0161kovi\u0107 \u2013 Assistant Technical Associate<\/p>\n\n\n\n<p><em>E-mail<\/em>:&nbsp;<a href=\"&#x6d;&#97;&#x69;&#108;t&#x6f;&#58;h&#x65;&#108;&#x65;&#x6e;a&#x2e;&#109;u&#x73;&#107;&#x6f;&#x76;i&#x63;&#64;m&#x65;&#100;r&#x69;&#46;&#x75;&#110;i&#x72;&#105;&#46;&#x68;&#114;\"><em>&#x68;e&#x6c;&#101;n&#x61;&#46;&#x6d;&#117;s&#x6b;&#111;&#x76;&#105;c&#x40;&#109;&#x65;&#x64;r&#x69;&#46;u&#x6e;&#105;&#x72;&#105;&#46;&#x68;&#114;<\/em><\/a><\/p>\n","protected":false},"excerpt":{"rendered":"<p>Department of Basic and Clinical Pharmacology and ToxicologyFaculty of Medicine in RijekaBra\u0107e Branchetta 20, 51000 RijekaPhone: +385 (0)51 651 139Fax: +385 (0)51 651 174 Contact Department Head:Prof. Jasenka Mr\u0161i\u0107-Pel\u010di\u0107&nbsp;MD, PhD (tenure)E-mail:&nbsp;&#106;&#x61;&#115;&#x65;&#110;&#x6b;&#97;&#x2e;m&#x72;s&#x69;c&#x2e;p&#101;&#x6c;&#99;&#x69;&#99;&#x40;&#109;&#x65;&#100;&#x72;i&#x2e;u&#x6e;i&#x72;i&#46;&#x68;&#114;Phone: +385(0)51 651 137 Department Secretary:Anamaria KarnelutiE-mail:&nbsp;a&#110;&#x61;&#x6d;a&#114;&#105;&#x61;&#x2e;k&#97;&#x72;&#x6e;e&#108;&#117;&#x74;&#x69;&#64;&#109;&#x65;&#x64;r&#105;&#46;&#x75;&#x6e;i&#114;&#x69;&#x2e;h&#114;Phone: +385(0)51 651 139 Staff E-mail:&nbsp;&#x64;&#x69;&#x6e;&#x6b;&#x6f;&#x2e;&#118;&#105;&#116;&#101;zic&#64;&#x6d;&#x65;&#x64;&#x72;&#x69;&#x2e;&#117;&#110;&#105;&#114;&#105;&#46;hr E-mail:&nbsp;&#x76;&#x65;&#x72;&#97;&#118;p&#64;&#x75;&#x6e;&#x69;&#114;&#105;&#46;h&#x72; E-mail:&nbsp;&#x65;&#108;i&#x74;&#122;a&#x40;&#x6d;&#101;&#x64;&#x72;&#105;&#46;&#x75;&#110;i&#x72;&#x69;&#46;&#x68;&#x72; E-mail:&nbsp;&#x6b;&#x72;&#x69;&#x73;&#x74;&#x69;&#x6e;&#x61;&#x2e;&#x70;&#x69;&#108;&#105;&#112;&#111;&#118;&#105;&#99;&#64;medri&#x2e;&#x75;&#x6e;&#x69;&#x72;&#x69;&#x2e;&#x68;&#x72; E-mail:&nbsp;&#109;&#x61;&#114;&#x6b;o&#x2e;s&#107;&#x65;&#108;&#x69;n&#x40;m&#101;&#x64;&#114;&#x69;&#46;&#x75;n&#105;&#x72;&#105;&#x2e;h&#x72; E-mail:&nbsp;&#112;&#x65;t&#114;&#x61;&#46;&#x64;&#x6f;&#108;&#x65;n&#101;&#x63;&#64;&#109;&#x65;&#100;&#x72;i&#46;&#x75;n&#105;&#x72;&#105;&#x2e;&#x68;&#114; E-mail:&nbsp;a&#104;&#97;&#x72;&#x65;&#x6a;&#64;m&#101;&#100;&#x72;&#x69;&#x2e;u&#110;&#105;&#114;&#x69;&#x2e;&#x68;r E-mail:&nbsp;&#x6a;e&#x6c;&#101;n&#x61;&#46;&#x72;&#97;j&#x69;&#99;&#x40;&#109;e&#x64;&#114;&#x69;&#x2e;u&#x6e;&#105;r&#x69;&#46;&#x68;&#114; E-mail:&nbsp;&#116;a&#x6d;a&#x72;a&#x2e;&#106;&#x61;&#110;&#x6b;&#111;v&#x69;c&#x40;m&#x65;&#100;&#x72;&#105;&#x2e;&#117;&#x6e;&#105;r&#x69;&#46;&#x68;r E-mail:&nbsp;nika.grzeta @medri.uniri.hr E-mail:&nbsp;lea.juretic @medri.uniri.hr E-mail:&nbsp;e&#110;&#x61;&#x2e;v&#114;&#x63;&#x65;k&#64;&#x6d;&#x65;d&#114;&#x69;&#x2e;u&#110;&#x69;&#x72;i&#46;&#104;&#x72;&nbsp; [&hellip;]<\/p>\n","protected":false},"author":4,"featured_media":0,"parent":13205,"menu_order":37,"comment_status":"closed","ping_status":"closed","template":"","meta":{"_acf_changed":false,"ub_ctt_via":"","footnotes":""},"class_list":["post-13278","page","type-page","status-publish","hentry"],"acf":[],"featured_image_src":null,"_links":{"self":[{"href":"https:\/\/medri.uniri.hr\/en\/wp-json\/wp\/v2\/pages\/13278","targetHints":{"allow":["GET"]}}],"collection":[{"href":"https:\/\/medri.uniri.hr\/en\/wp-json\/wp\/v2\/pages"}],"about":[{"href":"https:\/\/medri.uniri.hr\/en\/wp-json\/wp\/v2\/types\/page"}],"author":[{"embeddable":true,"href":"https:\/\/medri.uniri.hr\/en\/wp-json\/wp\/v2\/users\/4"}],"replies":[{"embeddable":true,"href":"https:\/\/medri.uniri.hr\/en\/wp-json\/wp\/v2\/comments?post=13278"}],"version-history":[{"count":10,"href":"https:\/\/medri.uniri.hr\/en\/wp-json\/wp\/v2\/pages\/13278\/revisions"}],"predecessor-version":[{"id":35264,"href":"https:\/\/medri.uniri.hr\/en\/wp-json\/wp\/v2\/pages\/13278\/revisions\/35264"}],"up":[{"embeddable":true,"href":"https:\/\/medri.uniri.hr\/en\/wp-json\/wp\/v2\/pages\/13205"}],"wp:attachment":[{"href":"https:\/\/medri.uniri.hr\/en\/wp-json\/wp\/v2\/media?parent=13278"}],"curies":[{"name":"wp","href":"https:\/\/api.w.org\/{rel}","templated":true}]}}