{"id":13280,"date":"2021-05-27T12:05:33","date_gmt":"2021-05-27T10:05:33","guid":{"rendered":"https:\/\/medri.uniri.hr\/?page_id=13280"},"modified":"2024-01-08T15:59:19","modified_gmt":"2024-01-08T13:59:19","slug":"urology","status":"publish","type":"page","link":"https:\/\/medri.uniri.hr\/en\/faculty\/organisational-units\/departments\/urology\/","title":{"rendered":"Urology"},"content":{"rendered":"\n<p><strong>Department of Urology<\/strong><br>Tome&nbsp;Stri\u017ei\u0107a&nbsp;3, 51000 Rijeka<br>Phone: +385 (0)51 407 493<\/p>\n\n\n\n<p>Contact<\/p>\n\n\n\n<p><strong>Department Head:<br><\/strong>Assoc. Prof.&nbsp;<strong>Josip&nbsp;\u0160panjol<\/strong>, MD, PhD<br><em>E-mail:&nbsp;<\/em><a href=\"&#109;&#x61;&#105;&#x6c;&#116;&#x6f;&#58;&#x6a;o&#x73;i&#x70;&#46;&#x73;p&#97;&#x6e;&#106;&#x6f;&#108;&#x40;&#109;&#x65;&#100;&#x72;i&#x2e;u&#x6e;i&#x72;i&#46;&#x68;&#114;\"><em>&#106;&#x6f;s&#105;&#x70;&#46;&#115;&#x70;a&#110;&#x6a;o&#108;&#x40;m&#101;&#x64;r&#105;&#x2e;u&#110;&#x69;r&#105;&#x2e;h&#114;<\/em><\/a><em>&nbsp;<br>Phone: +385 (0)51 407 493<\/em>&nbsp;<a href=\"&#x6d;&#x61;&#105;&#108;t&#x6f;&#x3a;&#x72;&#111;&#109;a&#x6e;&#x61;&#x2e;&#106;&#101;r&#x6b;&#x6f;&#x76;&#105;&#99;&#64;&#x6d;&#x65;&#x64;&#114;i&#46;&#x75;&#x6e;&#x69;&#114;i&#46;&#x68;&#x72;\"><em><br><br><\/em><\/a><strong>Department Secretary:<br>Irena&nbsp;Gilja<\/strong><br><em>E-mail:&nbsp;<\/em><a href=\"&#109;&#x61;&#105;&#x6c;&#116;&#x6f;&#58;&#x69;&#114;&#x65;&#110;&#x61;&#46;&#x67;i&#x6c;j&#x61;&#64;&#x6d;e&#x64;r&#105;&#x2e;&#117;&#x6e;&#105;&#x72;&#105;&#x2e;&#104;&#x72;\"><em>irena&#46;gilja&#64;medri&#46;uniri&#46;&#104;&#114;<\/em><\/a><em><br>Phone: +385 (0)51 407 493&nbsp;<\/em><\/p>\n\n\n\n<ul class=\"wp-block-list\">\n<li>Office hours for students:<br>Department Office \u2013 Monday\u2013Friday from 12 pm to 2 pm&nbsp;<\/li>\n<\/ul>\n\n\n\n<p>Staff<\/p>\n\n\n\n<ul class=\"wp-block-list\">\n<li><strong>Department Head<\/strong>\n<ul class=\"wp-block-list\">\n<li>Assoc. Prof. Josip&nbsp;\u0160panjol,&nbsp;MD, PhD<\/li>\n<\/ul>\n<\/li>\n<\/ul>\n\n\n\n<ul class=\"wp-block-list\">\n<li><strong>Teaching staff<\/strong><\/li>\n\n\n\n<li><strong>Members of the Department<\/strong>\n<ul class=\"wp-block-list\">\n<li>Assoc. Prof. Josip \u0160panjol, MD, PhD \u2013 Scientific Advisor (tenure)<\/li>\n<\/ul>\n<\/li>\n<\/ul>\n\n\n\n<p><em>E-mail:&nbsp;<\/em><a href=\"&#x6d;&#x61;&#105;&#108;t&#x6f;&#x3a;&#x6a;&#111;si&#x70;&#x2e;&#115;&#112;a&#x6e;&#x6a;&#x6f;&#108;&#64;m&#x65;&#x64;&#114;&#105;&#46;&#x75;&#x6e;&#x69;&#114;i&#46;&#x68;&#x72;\"><em>j&#111;&#x73;&#x69;&#x70;&#46;&#115;&#112;&#x61;&#x6e;j&#111;&#108;&#x40;&#x6d;ed&#114;&#x69;&#x2e;&#x75;n&#105;&#x72;&#x69;&#x2e;h&#114;<\/em><\/a><\/p>\n\n\n\n<ul class=\"wp-block-list\">\n<li>Assoc. Prof. Dean Marki\u0107, MD, PhD \u2013 Scientific Advisor (tenure)<\/li>\n<\/ul>\n\n\n\n<p><em>E-mail:&nbsp;<\/em><a href=\"ma&#105;&#108;&#116;&#111;&#x3a;&#x64;&#x65;&#x61;&#x6e;&#46;m&#97;&#114;&#107;&#105;&#x63;&#x40;&#x6d;&#x65;&#x64;ri&#46;&#117;&#110;&#105;&#x72;&#x69;&#x2e;&#x68;&#x72;\"><em>&#100;e&#x61;n&#x2e;m&#x61;r&#x6b;&#105;&#x63;&#64;&#x6d;&#101;&#x64;&#114;i&#46;u&#x6e;i&#x72;i&#x2e;&#104;&#x72;<\/em><\/a><\/p>\n\n\n\n<ul class=\"wp-block-list\">\n<li>Assoc. Prof. Romano Ogui\u0107, MD, PhD \u2013 Scientific Advisor (tenure)<\/li>\n<\/ul>\n\n\n\n<p><em>E-mail:&nbsp;<\/em><a href=\"&#x6d;&#x61;&#x69;&#x6c;&#116;&#111;&#58;&#114;oma&#x6e;&#x6f;&#x2e;&#x6f;&#x67;&#117;&#105;&#99;&#64;me&#x64;&#x72;&#x69;&#x2e;&#x75;&#110;&#105;&#114;i&#46;h&#x72;\"><em>&#114;&#x6f;m&#x61;&#x6e;&#111;&#x2e;o&#103;&#x75;&#105;&#x63;&#64;&#109;&#x65;d&#x72;i&#46;&#x75;n&#x69;&#x72;&#105;&#x2e;h&#114;<\/em><\/a><em><\/em><\/p>\n\n\n\n<ul class=\"wp-block-list\">\n<li><strong>Professor emeritus<\/strong>\n<ul class=\"wp-block-list\">\n<li>Prof. Emerit. \u017deljko Fu\u010dkar,&nbsp;MD, PhD \u2013 Scientific Advisor (tenure)<\/li>\n<\/ul>\n<\/li>\n\n\n\n<li><strong>Nominal titles<\/strong>\n<ul class=\"wp-block-list\">\n<li>Asst. Prof. Juraj\u00a0Ahel,\u00a0MD, PhD \u2013 Scientific Associate (nominal title)<\/li>\n<\/ul>\n<\/li>\n<\/ul>\n\n\n\n<p><em>E-mail:&nbsp;<\/em><a href=\"&#x6d;&#97;i&#x6c;&#x74;&#111;:&#x6a;&#117;r&#x61;&#x6a;&#46;a&#x68;&#101;l&#x40;&#x6d;&#101;d&#x72;&#x69;&#46;&#x75;&#x6e;&#105;r&#x69;&#x2e;&#104;r\" target=\"_blank\" rel=\"noreferrer noopener\"><em>&#x6a;u&#x72;&#97;j&#x2e;&#97;&#x68;&#101;l&#x40;&#109;&#x65;&#100;r&#x69;&#46;&#x75;&#x6e;i&#x72;&#105;&#46;&#x68;&#114;<\/em><\/a><em>&nbsp;<\/em><\/p>\n\n\n\n<ul class=\"wp-block-list\">\n<li>Asst. Prof. Antun Gr\u0161kovi\u0107, MD, PhD \u2013 Scientific Associate (nominal title)<\/li>\n<\/ul>\n\n\n\n<p><em>E-mail:&nbsp;<\/em><a href=\"&#x6d;&#x61;&#105;&#108;&#116;o&#x3a;&#x61;&#x6e;&#116;&#117;n-&#x67;&#x72;&#x73;&#107;&#111;v&#x69;&#x63;&#x40;&#109;&#101;&#100;r&#x69;&#x2e;&#x75;&#110;&#105;ri&#x2e;&#x68;&#x72;\" target=\"_blank\" rel=\"noreferrer noopener\"><em>&#x61;&#x6e;&#x74;&#117;&#110;&#46;g&#x72;&#x73;&#x6b;&#x6f;&#118;&#105;c&#64;&#x6d;&#x65;&#x64;&#114;&#105;&#46;un&#x69;&#x72;&#x69;&#46;&#104;r<\/em><\/a>&nbsp;<\/p>\n\n\n\n<ul class=\"wp-block-list\">\n<li>Asst. Prof. Kristian Krpina, MD, PhD \u2013 Scientific Associate (nominal title)<\/li>\n<\/ul>\n\n\n\n<ul class=\"wp-block-list\">\n<li>Asst. Prof. Stanislav Soto\u0161ek, MD, PhD \u2013 Scientific Associate (nominal title)<\/li>\n<\/ul>\n\n\n\n<p><em>E-mail:&nbsp;<\/em><a href=\"&#109;&#x61;&#x69;l&#116;&#x6f;:&#115;&#x74;&#x61;&#110;&#x69;&#x73;l&#97;&#x76;&#46;&#115;&#x6f;&#x74;&#111;&#x73;&#x65;k&#64;&#x75;n&#105;&#x72;&#x69;&#46;&#x68;&#x72;\" target=\"_blank\" rel=\"noreferrer noopener\"><em>&#x73;&#x74;&#97;n&#x69;&#x73;&#108;av&#x2e;&#x73;&#111;t&#x6f;&#x73;&#101;&#107;&#64;&#x75;&#x6e;&#105;r&#x69;&#x2e;&#104;&#114;<\/em><\/a>&nbsp;<\/p>\n\n\n\n<ul class=\"wp-block-list\">\n<li><strong>Teaching assistants:<\/strong>\n<ul class=\"wp-block-list\">\n<li>Mauro&nbsp;Materljan,&nbsp;MD<\/li>\n<\/ul>\n<\/li>\n<\/ul>\n\n\n\n<p><em>E-mail:&nbsp;<\/em><a href=\"&#109;a&#x69;l&#x74;o&#x3a;m&#x61;&#117;&#x72;&#111;&#x2e;&#109;&#x61;&#116;e&#114;l&#x6a;a&#x6e;&#64;&#x6e;&#105;&#x72;&#105;&#x2e;&#104;&#x72;\" target=\"_blank\" rel=\"noreferrer noopener\"><em>&#109;&#x61;u&#114;&#x6f;&#46;&#x6d;a&#116;&#x65;r&#x6c;&#x6a;&#97;&#x6e;&#64;&#110;&#x69;r&#x69;&#x2e;&#104;&#x72;<\/em><\/a><em>&nbsp;<\/em><\/p>\n\n\n\n<ul class=\"wp-block-list\">\n<li>Dra\u017een&nbsp;Raheli\u0107,&nbsp;MD<\/li>\n<\/ul>\n\n\n\n<ul class=\"wp-block-list\">\n<li>Marin&nbsp;Tro\u0161elj,&nbsp;MD<\/li>\n<\/ul>\n\n\n\n<p><em>E-mail:&nbsp;<\/em><a href=\"&#109;&#x61;&#x69;&#108;&#x74;&#x6f;&#58;&#x6d;&#x61;&#114;&#x69;&#x6e;&#46;&#x74;&#x72;&#111;&#x73;&#x65;&#108;&#x6a;&#x31;&#64;&#x75;&#x6e;&#105;&#x72;&#x69;&#46;&#x68;&#x72;\" target=\"_blank\" rel=\"noreferrer noopener\"><em>&#x6d;a&#x72;&#105;&#x6e;&#x2e;t&#x72;&#111;&#x73;&#x65;l&#x6a;&#49;&#x40;&#x75;n&#x69;&#114;&#x69;&#x2e;h&#x72;<\/em><\/a>&nbsp;<\/p>\n\n\n\n<ul class=\"wp-block-list\">\n<li>Ivan Vukeli\u0107,&nbsp;MD<\/li>\n<\/ul>\n\n\n\n<p><em>E-mail:&nbsp;<\/em><a href=\"mailto&#58;&#105;&#118;&#97;&#110;&#46;&#118;&#x75;&#x6b;&#x65;&#x6c;&#x69;&#x63;&#x31;&#x40;&#x75;&#x6e;&#x69;&#x72;i&#46;hr\" target=\"_blank\" rel=\"noreferrer noopener\"><em>i&#118;&#x61;&#x6e;&#46;&#118;&#x75;&#x6b;e&#108;&#105;&#x63;&#x31;&#64;&#117;&#x6e;&#x69;r&#105;&#x2e;&#x68;r<\/em><\/a><\/p>\n\n\n\n<ul class=\"wp-block-list\">\n<li><strong>Nonteaching staff<\/strong>\n<ul class=\"wp-block-list\">\n<li>Irena&nbsp;Gilja \u2013 Administrative Secretary<\/li>\n<\/ul>\n<\/li>\n<\/ul>\n\n\n\n<p><em>E-mail:&nbsp;<\/em><a href=\"&#x6d;&#97;&#x69;&#x6c;t&#x6f;&#58;i&#x72;&#101;n&#x61;&#46;&#x67;&#x69;l&#x6a;&#97;&#64;&#x6d;&#101;d&#x72;&#105;&#x2e;&#x75;&#110;&#x69;&#x72;i&#x2e;&#104;r\" target=\"_blank\" rel=\"noreferrer noopener\"><em>&#x69;r&#x65;n&#x61;&#46;&#x67;&#105;l&#x6a;a&#x40;&#109;&#x65;&#100;&#x72;&#105;&#46;&#x75;n&#x69;&#114;&#x69;&#46;&#x68;&#x72;<\/em><\/a><\/p>\n","protected":false},"excerpt":{"rendered":"<p>Department of UrologyTome&nbsp;Stri\u017ei\u0107a&nbsp;3, 51000 RijekaPhone: +385 (0)51 407 493 Contact Department Head:Assoc. Prof.&nbsp;Josip&nbsp;\u0160panjol, MD, PhDE-mail:&nbsp;&#x6a;&#111;s&#x69;&#x70;&#46;s&#x70;&#97;n&#x6a;&#x6f;&#108;&#64;&#x6d;&#101;d&#x72;&#x69;&#46;u&#x6e;&#x69;&#114;&#x69;&#x2e;&#104;r&nbsp;Phone: +385 (0)51 407 493&nbsp; Department Secretary:Irena&nbsp;GiljaE-mail:&nbsp;&#105;&#x72;&#x65;&#110;&#x61;&#x2e;&#103;&#x69;&#x6c;&#106;&#x61;&#x40;&#109;&#x65;&#x64;&#114;&#x69;&#x2e;&#117;&#x6e;&#x69;&#114;&#x69;&#x2e;&#104;&#x72;Phone: +385 (0)51 407 493&nbsp; Staff E-mail:&nbsp;&#106;&#x6f;s&#x69;&#x70;&#46;&#x73;p&#x61;&#x6e;&#106;&#x6f;l&#x40;&#x6d;&#101;&#x64;r&#x69;&#x2e;&#117;&#x6e;i&#x72;&#x69;&#46;&#x68;r E-mail:&nbsp;&#x64;&#x65;&#x61;&#x6e;&#x2e;&#109;&#97;&#114;&#107;ic&#64;&#x6d;&#x65;&#x64;&#x72;&#x69;&#x2e;&#117;&#110;&#105;ri&#46;&#x68;&#x72; E-mail:&nbsp;&#x72;&#x6f;&#x6d;&#x61;&#110;&#111;&#46;og&#x75;&#x69;&#x63;&#x40;&#109;&#101;dri&#x2e;&#x75;&#x6e;&#x69;&#114;&#105;&#46;hr E-mail:&nbsp;&#106;u&#x72;a&#x6a;&#46;&#x61;h&#x65;&#108;&#x40;&#109;&#x65;&#100;&#x72;&#105;&#46;&#117;n&#x69;r&#x69;&#46;&#x68;&#114;&nbsp; E-mail:&nbsp;&#97;&#x6e;&#116;&#x75;n&#46;&#x67;&#114;&#x73;k&#x6f;v&#105;&#x63;&#64;&#x6d;e&#x64;&#x72;&#105;&#x2e;u&#x6e;i&#114;&#x69;&#46;&#x68;r&nbsp; E-mail:&nbsp;&#115;&#x74;&#97;&#x6e;&#105;&#x73;l&#x61;v&#x2e;s&#111;&#x74;&#111;&#x73;&#101;&#x6b;&#64;&#x75;n&#x69;r&#x69;&#46;&#104;&#x72;&nbsp; E-mail:&nbsp;&#x6d;a&#x75;&#114;o&#x2e;&#109;&#x61;&#116;e&#x72;&#108;&#x6a;&#97;n&#x40;&#110;&#x69;&#x72;i&#x2e;&#104;r&nbsp; E-mail:&nbsp;m&#97;&#x72;&#x69;n&#46;&#x74;&#x72;o&#115;&#101;&#x6c;&#x6a;1&#64;&#x75;&#x6e;i&#114;&#x69;&#x2e;h&#114;&nbsp; E-mail:&nbsp;&#105;v&#x61;n&#x2e;v&#x75;k&#x65;&#108;&#x69;&#99;&#x31;&#64;&#x75;&#110;i&#114;i&#x2e;h&#x72; E-mail:&nbsp;&#x69;&#x72;&#x65;&#110;&#97;&#46;g&#x69;&#x6c;&#x6a;&#x61;&#64;&#109;ed&#x72;&#x69;&#x2e;&#117;&#110;&#105;ri&#x2e;&#x68;&#x72;<\/p>\n","protected":false},"author":4,"featured_media":0,"parent":13205,"menu_order":38,"comment_status":"closed","ping_status":"closed","template":"","meta":{"_acf_changed":false,"ub_ctt_via":"","footnotes":""},"class_list":["post-13280","page","type-page","status-publish","hentry"],"acf":[],"featured_image_src":null,"_links":{"self":[{"href":"https:\/\/medri.uniri.hr\/en\/wp-json\/wp\/v2\/pages\/13280","targetHints":{"allow":["GET"]}}],"collection":[{"href":"https:\/\/medri.uniri.hr\/en\/wp-json\/wp\/v2\/pages"}],"about":[{"href":"https:\/\/medri.uniri.hr\/en\/wp-json\/wp\/v2\/types\/page"}],"author":[{"embeddable":true,"href":"https:\/\/medri.uniri.hr\/en\/wp-json\/wp\/v2\/users\/4"}],"replies":[{"embeddable":true,"href":"https:\/\/medri.uniri.hr\/en\/wp-json\/wp\/v2\/comments?post=13280"}],"version-history":[{"count":4,"href":"https:\/\/medri.uniri.hr\/en\/wp-json\/wp\/v2\/pages\/13280\/revisions"}],"predecessor-version":[{"id":17100,"href":"https:\/\/medri.uniri.hr\/en\/wp-json\/wp\/v2\/pages\/13280\/revisions\/17100"}],"up":[{"embeddable":true,"href":"https:\/\/medri.uniri.hr\/en\/wp-json\/wp\/v2\/pages\/13205"}],"wp:attachment":[{"href":"https:\/\/medri.uniri.hr\/en\/wp-json\/wp\/v2\/media?parent=13280"}],"curies":[{"name":"wp","href":"https:\/\/api.w.org\/{rel}","templated":true}]}}