{"id":13283,"date":"2021-05-27T12:06:04","date_gmt":"2021-05-27T10:06:04","guid":{"rendered":"https:\/\/medri.uniri.hr\/?page_id=13283"},"modified":"2023-10-13T13:43:17","modified_gmt":"2023-10-13T11:43:17","slug":"infectious-diseases","status":"publish","type":"page","link":"https:\/\/medri.uniri.hr\/en\/faculty\/organisational-units\/departments\/infectious-diseases\/","title":{"rendered":"Infectious Diseases"},"content":{"rendered":"\n<p><strong>Department of Infectious Diseases<\/strong><br>Cambierieva 17, 51000 Rijeka<br>Phone: +385 (0)51 658 271<br>Fax: +385 (0)51 658 810<\/p>\n\n\n\n<p>Contact<\/p>\n\n\n\n<p><strong>Department Head:<br><\/strong>Prof. <strong>Ivica Pavi\u0107<\/strong>, MD, PhD (tenure)<br><em>E-mail:&nbsp;<\/em><a href=\"&#x6d;&#x61;&#x69;&#108;&#116;o:&#x69;&#x76;&#x69;&#x63;&#97;&#46;pa&#x76;&#x69;&#x63;&#64;&#109;&#101;dr&#x69;&#x2e;&#x75;&#110;&#105;ri&#x2e;&#x68;&#x72;\" target=\"_blank\" rel=\"noreferrer noopener\"><em>&#105;&#x76;i&#99;&#x61;&#46;&#x70;a&#118;&#x69;c&#x40;&#x6d;&#101;&#x64;r&#105;&#x2e;u&#x6e;&#x69;&#114;&#x69;&#46;&#104;&#x72;<\/em><\/a><em><br>Phone: +385 (0)51 658 271<\/em><a href=\"ma&#105;&#108;&#116;&#x6f;&#x3a;&#x72;&#x6f;&#x6d;an&#97;&#46;&#106;&#x65;&#x72;&#x6b;&#x6f;&#x76;ic&#64;&#109;&#101;&#x64;&#x72;&#x69;&#x2e;&#x75;ni&#114;&#105;&#46;&#x68;&#x72;\"><em><br><br><\/em><\/a><strong>Department Secretary:<br>Sanja Rivetti<\/strong>, B.Ec.<br><em>E-mail:&nbsp;<\/em><a href=\"mailto&#58;&#115;&#97;&#110;&#106;&#97;&#46;&#x72;&#x69;&#x76;&#x65;&#x74;&#x74;&#x69;&#x40;&#x6d;&#x65;&#x64;&#x72;i&#46;unir&#105;&#46;&#104;&#114;\" target=\"_blank\" rel=\"noreferrer noopener\"><em>sanja&#46;rivetti&#64;medri&#46;unir&#105;&#46;&#104;&#114;<\/em><\/a><em><br>Phone: +385 (0)51 658 271<\/em><\/p>\n\n\n\n<ul class=\"wp-block-list\">\n<li>Office hours for students:<br>Department Office (CHC Rijeka) \u2013 Monday \u2013 Friday from 8 am to 12 pm<\/li>\n<\/ul>\n\n\n\n<p>Staff<\/p>\n\n\n\n<ul class=\"wp-block-list\">\n<li><strong>Department Head<\/strong>\n<ul class=\"wp-block-list\">\n<li>Prof. Ivica Pavi\u0107, MD, PhD (tenure)<br><em>E-mail:&nbsp;<\/em><a href=\"&#x6d;&#x61;&#105;&#108;t&#x6f;&#x3a;&#x69;&#118;ic&#x61;&#x2e;&#112;&#97;v&#x69;&#x63;&#x40;&#109;ed&#x72;&#x69;&#46;&#117;n&#x69;&#x72;&#x69;&#46;hr\" target=\"_blank\" rel=\"noreferrer noopener\"><em>i&#118;&#105;&#x63;&#x61;&#46;&#112;&#97;&#x76;&#x69;&#x63;&#64;&#109;&#101;&#x64;&#x72;i&#46;&#117;&#x6e;&#x69;&#x72;i&#46;&#104;&#x72;<\/em><\/a><\/li>\n<\/ul>\n<\/li>\n\n\n\n<li><strong>Teaching staff<\/strong>\n<ul class=\"wp-block-list\">\n<li>Assoc. Prof.&nbsp;\u0110ur\u0111ica&nbsp;Cekinovi\u0107&nbsp;Grbe\u0161a,&nbsp;MD, PhD<\/li>\n<\/ul>\n<\/li>\n<\/ul>\n\n\n\n<p><em>E-mail:&nbsp;<\/em><a href=\"mailto&#58;&#100;&#117;&#114;&#100;&#105;&#99;&#x61;&#x2e;&#x63;&#x65;&#x6b;&#x69;&#x6e;&#x6f;&#x76;&#x69;&#x63;&#x40;medri&#46;&#117;&#110;&#105;&#114;&#105;&#46;&#104;&#x72;\" target=\"_blank\" rel=\"noreferrer noopener\"><em>dur&#100;&#105;&#99;&#x61;&#x2e;&#x63;&#x65;&#x6b;&#x69;nov&#105;&#99;&#64;&#109;&#x65;&#x64;&#x72;&#x69;&#x2e;&#x75;nir&#105;&#46;&#104;&#x72;<\/em><\/a><em>&nbsp;<\/em>&nbsp;<\/p>\n\n\n\n<ul class=\"wp-block-list\">\n<li>Assoc. Prof. Irena\u00a0Slavuljica, MD, PhD<\/li>\n<\/ul>\n\n\n\n<p><em>E-mail:&nbsp;<\/em><a href=\"&#x6d;&#x61;&#105;&#108;to&#x3a;&#x69;&#x72;&#101;na&#x2e;&#x73;&#x6c;&#97;&#118;u&#x6c;&#x6a;&#x69;&#99;&#97;&#64;&#x6d;&#x65;&#x64;&#114;&#105;&#46;u&#x6e;&#x69;&#x72;&#105;&#46;h&#x72;\" target=\"_blank\" rel=\"noreferrer noopener\"><em>&#105;&#x72;&#101;&#x6e;&#97;&#x2e;&#115;&#x6c;&#97;&#x76;&#117;&#x6c;j&#x69;c&#x61;&#64;&#x6d;e&#x64;r&#x69;&#46;&#117;&#x6e;&#105;&#x72;&#105;&#x2e;&#104;&#x72;<\/em><\/a>&nbsp;<\/p>\n\n\n\n<ul class=\"wp-block-list\">\n<li>Teaching Assistant Marija&nbsp;Livaji\u0107,&nbsp;MD<\/li>\n<\/ul>\n\n\n\n<p><em>E-mail:&nbsp;<\/em><a href=\"m&#97;&#x69;&#x6c;&#x74;o&#58;&#x6d;&#x61;&#x72;i&#106;&#x61;&#x2e;&#x6c;i&#118;&#x61;&#x6a;&#x69;c&#64;&#x75;&#x6e;&#x69;r&#105;&#x2e;&#x68;&#x72;\" target=\"_blank\" rel=\"noreferrer noopener\"><em>&#109;&#x61;&#x72;i&#106;&#x61;&#x2e;l&#105;&#x76;a&#106;&#x69;&#x63;&#64;&#117;&#x6e;i&#114;&#x69;&#x2e;h&#114;<\/em><\/a><em>&nbsp;&nbsp;<\/em>&nbsp;<\/p>\n\n\n\n<ul class=\"wp-block-list\">\n<li>Teaching Assistant Mari&nbsp;Ron\u010devi\u0107&nbsp;Filipovi\u0107,&nbsp;MD<\/li>\n<\/ul>\n\n\n\n<p><em>E-mail:&nbsp;<\/em><a href=\"m&#97;&#105;&#x6c;&#x74;o&#58;&#109;&#x61;&#x72;&#x69;r&#102;&#64;&#x75;&#x6e;ir&#105;&#x2e;&#x68;&#x72;\" target=\"_blank\" rel=\"noreferrer noopener\"><em>m&#97;&#114;&#105;&#x72;&#x66;&#x40;un&#105;&#114;&#x69;&#x2e;&#x68;&#x72;<\/em><\/a>&nbsp;<\/p>\n\n\n\n<ul class=\"wp-block-list\">\n<li><strong>Nonteaching staff<\/strong>\n<ul class=\"wp-block-list\">\n<li>Sanja Rivetti, B.Ec. \u2013 Administrative Secretary<\/li>\n<\/ul>\n<\/li>\n<\/ul>\n\n\n\n<p><em>E-mail:&nbsp;<\/em><a href=\"&#109;&#x61;i&#108;&#x74;o&#x3a;&#x73;&#97;&#x6e;j&#97;&#x2e;r&#105;&#x76;&#101;&#x74;t&#105;&#x40;m&#101;&#x64;&#114;&#x69;&#x2e;&#117;&#x6e;i&#114;&#x69;&#46;&#x68;&#x72;\" target=\"_blank\" rel=\"noreferrer noopener\"><em>san&#106;&#97;&#46;&#114;&#x69;&#x76;&#x65;&#x74;&#x74;&#x69;&#x40;med&#114;&#105;&#46;&#117;&#110;&#x69;&#x72;&#x69;&#x2e;&#x68;&#x72;<\/em><\/a><\/p>\n","protected":false},"excerpt":{"rendered":"<p>Department of Infectious DiseasesCambierieva 17, 51000 RijekaPhone: +385 (0)51 658 271Fax: +385 (0)51 658 810 Contact Department Head:Prof. Ivica Pavi\u0107, MD, PhD (tenure)E-mail:&nbsp;&#105;&#x76;&#x69;c&#97;&#x2e;p&#97;&#x76;i&#99;&#x40;m&#101;&#x64;&#x72;&#105;&#x2e;&#x75;n&#105;&#x72;i&#46;&#x68;rPhone: +385 (0)51 658 271 Department Secretary:Sanja Rivetti, B.Ec.E-mail:&nbsp;&#115;&#97;&#x6e;j&#97;&#x2e;&#x72;i&#118;&#x65;&#x74;t&#105;&#x40;m&#101;&#x64;&#x72;i&#46;&#x75;&#x6e;i&#114;&#x69;&#46;&#104;&#x72;Phone: +385 (0)51 658 271 Staff E-mail:&nbsp;&#100;&#x75;&#x72;d&#105;&#x63;&#x61;&#46;&#99;&#x65;k&#105;&#x6e;&#x6f;v&#105;&#x63;&#64;&#109;&#x65;&#x64;r&#105;&#x2e;&#x75;&#110;&#x69;&#x72;i&#46;&#x68;&#x72;&nbsp;&nbsp; E-mail:&nbsp;&#x69;&#x72;&#x65;&#x6e;&#x61;&#x2e;&#115;&#108;&#97;&#118;ulji&#x63;&#x61;&#x40;&#x6d;&#x65;&#x64;&#114;&#105;&#46;&#117;&#110;iri&#x2e;&#x68;&#x72;&nbsp; E-mail:&nbsp;m&#97;&#114;&#x69;&#x6a;a&#46;&#108;&#x69;&#x76;&#x61;j&#105;&#99;&#x40;&#x75;ni&#114;&#x69;&#x2e;&#x68;r&nbsp;&nbsp;&nbsp; E-mail:&nbsp;&#x6d;&#97;r&#x69;&#114;f&#x40;&#117;n&#x69;&#114;i&#x2e;&#104;r&nbsp; E-mail:&nbsp;&#x73;&#x61;&#x6e;&#x6a;&#x61;&#x2e;&#x72;&#x69;&#x76;&#x65;&#x74;&#116;&#105;&#64;&#109;&#101;&#100;&#114;i&#46;unir&#x69;&#x2e;&#x68;&#x72;<\/p>\n","protected":false},"author":4,"featured_media":0,"parent":13205,"menu_order":39,"comment_status":"closed","ping_status":"closed","template":"","meta":{"_acf_changed":false,"ub_ctt_via":"","footnotes":""},"class_list":["post-13283","page","type-page","status-publish","hentry"],"acf":[],"featured_image_src":null,"_links":{"self":[{"href":"https:\/\/medri.uniri.hr\/en\/wp-json\/wp\/v2\/pages\/13283","targetHints":{"allow":["GET"]}}],"collection":[{"href":"https:\/\/medri.uniri.hr\/en\/wp-json\/wp\/v2\/pages"}],"about":[{"href":"https:\/\/medri.uniri.hr\/en\/wp-json\/wp\/v2\/types\/page"}],"author":[{"embeddable":true,"href":"https:\/\/medri.uniri.hr\/en\/wp-json\/wp\/v2\/users\/4"}],"replies":[{"embeddable":true,"href":"https:\/\/medri.uniri.hr\/en\/wp-json\/wp\/v2\/comments?post=13283"}],"version-history":[{"count":4,"href":"https:\/\/medri.uniri.hr\/en\/wp-json\/wp\/v2\/pages\/13283\/revisions"}],"predecessor-version":[{"id":20071,"href":"https:\/\/medri.uniri.hr\/en\/wp-json\/wp\/v2\/pages\/13283\/revisions\/20071"}],"up":[{"embeddable":true,"href":"https:\/\/medri.uniri.hr\/en\/wp-json\/wp\/v2\/pages\/13205"}],"wp:attachment":[{"href":"https:\/\/medri.uniri.hr\/en\/wp-json\/wp\/v2\/media?parent=13283"}],"curies":[{"name":"wp","href":"https:\/\/api.w.org\/{rel}","templated":true}]}}