{"id":13285,"date":"2021-05-27T12:06:37","date_gmt":"2021-05-27T10:06:37","guid":{"rendered":"https:\/\/medri.uniri.hr\/?page_id=13285"},"modified":"2024-02-11T22:20:32","modified_gmt":"2024-02-11T20:20:32","slug":"health-ecology","status":"publish","type":"page","link":"https:\/\/medri.uniri.hr\/en\/faculty\/organisational-units\/departments\/health-ecology\/","title":{"rendered":"Health Ecology"},"content":{"rendered":"\n<p><strong>Department of Health Ecology<br><\/strong>Kre\u0161imirova 52\/A, 51000 Rijeka<br>Phone: +385 (0)51 334 530<\/p>\n\n\n\n<p>Contact<\/p>\n\n\n\n<p><strong>Department Head:<br><\/strong>Assoc. Prof.&nbsp;<strong>Sandra Pavi\u010di\u0107 \u017de\u017eelj<\/strong>, M.Sc.EPH, PhD<br><em>E-mail:&nbsp;<\/em><a href=\"m&#97;&#105;&#x6c;&#x74;o:&#118;&#108;&#x61;&#x64;im&#105;&#114;&#x2e;&#x6d;ic&#111;&#x76;&#x69;&#x63;&#64;&#109;&#101;&#x64;&#x72;&#x69;&#46;&#117;&#110;&#x69;&#x72;&#x69;&#46;&#104;&#114;\"><em>&#x73;&#97;&#110;&#x64;&#x72;&#97;&#112;&#x7a;&#x40;&#109;&#101;&#x64;&#x72;&#105;&#46;&#x75;&#x6e;&#105;&#114;&#x69;&#x2e;&#104;&#114;; &#x73;&#97;&#x6e;&#x64;&#114;&#x61;&#46;p&#x61;&#118;i&#x63;&#105;c&#x40;&#122;z&#x6a;&#122;&#x70;&#x67;&#122;&#x2e;&#x68;&#114;<\/em><\/a><em><br><\/em><a href=\"&#109;&#x61;&#x69;l&#116;&#x6f;:&#114;&#x6f;m&#97;&#x6e;a&#46;&#x6a;&#x65;&#114;&#x6b;&#x6f;v&#105;&#x63;&#64;&#109;&#x65;d&#114;&#x69;&#x2e;&#117;&#x6e;&#x69;r&#105;&#x2e;h&#114;\"><em><br><\/em><\/a><strong>Department Secretary:<br>Marija Oluji\u0107<\/strong>,&nbsp;M.Ec.<br><em>E-mail:&nbsp;<\/em><a href=\"&#109;a&#105;l&#116;o&#x3a;m&#x61;r&#x69;j&#x61;&#46;&#x6f;l&#x75;j&#x69;c&#x31;&#64;&#x6d;e&#x64;&#114;&#x69;&#46;&#x75;&#110;&#x69;&#114;&#x69;&#46;&#x68;&#114;\"><em>marija&#46;&#111;&#108;&#117;&#106;&#105;&#99;&#x31;&#x40;&#x6d;&#x65;&#x64;&#x72;&#x69;&#x2e;&#x75;&#x6e;&#x69;&#x72;i&#46;hr<\/em><\/a><em><br>Phone: +385 (0)51 334 530<\/em><\/p>\n\n\n\n<ul class=\"wp-block-list\">\n<li>Office hours for students:<br>Department Office (Teaching Institute of Public Health of Primorje-Gorski Kotar County, Kre\u0161imirova&nbsp;52\/A) \u2013 Monday\u2013Friday from 7 am to 3 pm<\/li>\n<\/ul>\n\n\n\n<p>Staff<\/p>\n\n\n\n<ul class=\"wp-block-list\">\n<li><strong>Department Head<\/strong><\/li>\n\n\n\n<li>Assoc. Prof.&nbsp;<strong>Sandra Pavi\u010di\u0107 \u017de\u017eelj<\/strong>, M.Sc.EPH, PhD<br><em>E-mail:&nbsp;<\/em><a href=\"m&#97;&#x69;&#x6c;t&#111;&#58;&#x76;&#x6c;a&#100;&#105;&#x6d;&#x69;r&#46;&#x6d;&#x69;&#x63;o&#118;&#x69;&#x63;&#64;&#109;&#101;&#x64;&#x72;i&#46;&#117;&#x6e;&#x69;r&#105;&#x2e;&#x68;&#x72;\"><em>&#115;&#x61;n&#100;&#x72;a&#112;&#x7a;&#64;&#x6d;&#x65;&#100;&#x72;i&#46;&#x75;n&#105;&#x72;i&#x2e;&#x68;&#114;; &#115;a&#x6e;d&#x72;a&#x2e;p&#x61;&#118;&#x69;&#99;&#x69;&#99;&#x40;&#122;z&#106;z&#x70;g&#x7a;&#46;&#x68;&#114;<\/em><\/a><\/li>\n<\/ul>\n\n\n\n<ul class=\"wp-block-list\">\n<li><strong>Teaching staff<\/strong><\/li>\n<\/ul>\n\n\n\n<ul class=\"wp-block-list\">\n<li>Assoc. Prof. Luka Traven,&nbsp;M.Sc., PhD<\/li>\n<\/ul>\n\n\n\n<p><em>E-mail:&nbsp;<\/em><a href=\"&#x6d;&#x61;&#x69;&#x6c;&#x74;&#x6f;&#x3a;&#x6c;&#x75;&#x6b;&#x61;&#x2e;&#x74;&#x72;&#97;&#118;&#101;&#110;&#64;&#109;&#101;&#100;&#114;&#105;&#46;uniri&#46;hr\" target=\"_blank\" rel=\"noreferrer noopener\"><em>&#x6c;u&#x6b;a&#x2e;&#116;&#x72;&#97;v&#x65;n&#x40;&#109;&#x65;&#100;&#x72;&#105;&#46;&#x75;n&#x69;&#114;&#x69;&#46;&#x68;&#x72;<\/em><\/a><em>&nbsp;&nbsp;<\/em>&nbsp;<\/p>\n\n\n\n<ul class=\"wp-block-list\">\n<li>Assoc. Prof. Aleksandar&nbsp;Bulog, M.Sc.EPH, PhD<\/li>\n<\/ul>\n\n\n\n<p><em>E-mail:&nbsp;<\/em><a href=\"&#109;&#x61;&#105;&#x6c;&#116;&#x6f;&#58;&#x61;&#108;&#x65;&#107;&#x73;a&#x6e;d&#x61;r&#x2e;b&#x75;l&#x6f;g&#64;&#x6d;&#101;&#x64;&#114;&#x69;&#46;&#x75;&#110;&#x69;&#114;&#x69;&#46;&#x68;r\" target=\"_blank\" rel=\"noreferrer noopener\"><em>&#x61;&#108;&#x65;&#x6b;&#115;&#x61;&#x6e;&#100;&#x61;&#x72;&#46;&#x62;&#x75;l&#x6f;&#x67;&#64;&#x6d;&#101;d&#x72;&#105;&#46;&#x75;&#110;i&#x72;&#105;&#46;&#x68;&#114;<\/em><\/a>&nbsp;<\/p>\n\n\n\n<ul class=\"wp-block-list\">\n<li>Assoc. Prof. Dra\u017een&nbsp;Lu\u0161i\u0107, M.Sc.EPH, PhD<\/li>\n<\/ul>\n\n\n\n<p><em>E-mail:&nbsp;<\/em><a href=\"&#x6d;&#x61;&#105;l&#x74;&#x6f;&#x3a;&#100;r&#x61;&#x7a;&#x65;&#110;&#46;&#x6c;&#x75;&#x73;&#105;c&#x40;&#x6d;&#x65;&#100;r&#x69;&#x2e;&#x75;&#110;i&#x72;&#x69;&#x2e;&#104;r\" target=\"_blank\" rel=\"noreferrer noopener\"><em>&#100;&#x72;&#x61;z&#101;&#x6e;&#46;&#108;&#x75;&#x73;&#105;&#x63;&#x40;m&#101;&#x64;r&#105;&#x2e;&#x75;&#110;&#x69;&#x72;i&#46;&#x68;r<\/em><\/a>&nbsp;<\/p>\n\n\n\n<ul class=\"wp-block-list\">\n<li>Assoc. Prof. Sandra Pavi\u010di\u0107 \u017de\u017eelj, M.Sc.EPH, PhD<\/li>\n<\/ul>\n\n\n\n<p><em>E-mail:&nbsp;<\/em><a href=\"m&#97;&#x69;&#x6c;&#x74;o&#58;&#115;&#x61;&#x6e;d&#114;&#97;&#x70;&#x7a;&#64;m&#101;&#x64;&#x72;&#x69;&#46;&#117;&#x6e;&#x69;&#x72;i&#46;&#104;&#x72;\" target=\"_blank\" rel=\"noreferrer noopener\"><em>sandrapz&#64;medri&#46;uniri&#46;hr<\/em><\/a>&nbsp;<\/p>\n\n\n\n<ul class=\"wp-block-list\">\n<li>Assoc. Prof. Darija Vuki\u0107&nbsp;Lu\u0161i\u0107, M.Sc.EPH, PhD<\/li>\n<\/ul>\n\n\n\n<p><em>E-mail:&nbsp;<\/em><a href=\"&#109;&#x61;&#105;&#x6c;&#116;&#x6f;&#58;&#x64;a&#x72;i&#x6a;a&#x2e;v&#117;&#x6b;&#105;&#x63;&#46;&#x6c;&#117;&#x73;&#105;&#x63;&#64;&#x6d;e&#x64;r&#x69;&#46;&#117;&#x6e;&#105;&#x72;&#105;&#x2e;&#104;&#x72;\" target=\"_blank\" rel=\"noreferrer noopener\"><em>&#100;a&#x72;i&#x6a;a&#x2e;v&#x75;&#107;&#x69;&#99;&#x2e;&#108;&#x75;&#115;i&#99;&#64;&#x6d;e&#x64;r&#x69;&#46;&#x75;&#110;&#x69;&#114;&#x69;&#46;&#x68;&#114;<\/em><\/a><em>&nbsp;<\/em>&nbsp;<\/p>\n\n\n\n<ul class=\"wp-block-list\">\n<li>Assoc. Prof. Dijana Tomi\u0107\u00a0Lin\u0161ak,\u00a0M.Sc.EPH, PhD<\/li>\n<\/ul>\n\n\n\n<p><em>E-mail:&nbsp;<\/em><a href=\"&#109;&#x61;i&#108;&#x74;&#111;&#x3a;d&#105;&#x6a;a&#x6e;&#x61;&#116;&#x6c;&#64;&#109;&#x65;d&#x72;&#x69;&#46;&#x75;n&#105;&#x72;&#105;&#x2e;h&#114;\" target=\"_blank\" rel=\"noreferrer noopener\"><em>&#100;&#x69;&#106;&#x61;&#110;&#x61;t&#x6c;&#64;&#109;&#x65;&#100;&#x72;&#105;&#x2e;u&#x6e;i&#114;&#x69;&#46;&#x68;&#114;<\/em><\/a>&nbsp;<\/p>\n\n\n\n<ul class=\"wp-block-list\">\n<li>Asst. Prof.&nbsp;\u017deljko&nbsp;Lin\u0161ak,&nbsp;M.Sc.EPH, PhD<\/li>\n<\/ul>\n\n\n\n<p><em>E-mail:\u00a0<\/em><a href=\"&#x6d;&#x61;&#x69;&#x6c;&#x74;&#x6f;&#58;&#122;&#101;&#108;jko&#46;&#x6c;&#x69;&#x6e;&#x73;&#x61;&#x6b;&#64;&#117;&#110;&#105;&#114;i&#46;h&#x72;\" target=\"_blank\" rel=\"noreferrer noopener\"><em>z&#101;&#108;&#x6a;&#x6b;&#x6f;&#46;&#108;&#105;&#x6e;&#x73;&#x61;k&#64;&#117;&#x6e;&#x69;&#x72;i&#46;&#104;&#114;<\/em><\/a>\u00a0<\/p>\n\n\n\n<ul class=\"wp-block-list\">\n<li>Asst. Prof. Gordana Ken\u0111el Jovanovi\u0107,\u00a0M.Sc., PhD<\/li>\n<\/ul>\n\n\n\n<p><em>E-mail:\u00a0<\/em><a href=\"&#x6d;&#97;&#105;l&#x74;&#x6f;&#58;s&#x74;&#x6a;&#101;p&#x61;&#x6e;&#46;p&#x69;&#x6c;&#105;c&#x69;&#x63;&#64;g&#x6d;&#x61;&#105;&#108;&#46;&#x63;&#x6f;&#109;\" target=\"_blank\" rel=\"noreferrer noopener\"><em>go&#114;&#100;&#x61;&#x6e;&#x61;&#x6b;j&#64;&#109;&#101;&#x64;&#x72;&#x69;&#x2e;hr<\/em><\/a>\u00a0<\/p>\n\n\n\n<ul class=\"wp-block-list\">\n<li><strong>Associates (nominal titles)<\/strong><\/li>\n\n\n\n<li>Prof. Iva Sorta-Bilajac&nbsp;Turina,&nbsp;MD, PhD (nominal title)<\/li>\n<\/ul>\n\n\n\n<p><em>E-mail:&nbsp;<\/em><a href=\"mailto:iva&#46;sorta&#64;medri&#46;u&#110;&#105;&#114;&#105;&#46;&#104;&#114;\" target=\"_blank\" rel=\"noreferrer noopener\"><em>&#x69;v&#x61;&#46;&#x73;&#111;&#x72;&#116;a&#x40;m&#x65;&#100;&#x72;&#105;&#x2e;&#117;n&#x69;r&#x69;&#46;&#x68;&#114;<\/em><\/a>&nbsp;<\/p>\n\n\n\n<ul class=\"wp-block-list\">\n<li>Asst. Prof. Danko&nbsp;Holjevi\u0107,&nbsp;M.Sc., PhD (nominal title)<\/li>\n<\/ul>\n\n\n\n<p><em>E-mail:&nbsp;<\/em><a href=\"ma&#105;&#108;&#116;&#111;&#x3a;&#x64;&#x61;&#x6e;&#x6b;o&#46;&#104;&#111;&#108;&#106;&#x65;&#x76;&#x69;&#x63;&#x40;vo&#100;&#97;&#46;&#104;&#x72;\" target=\"_blank\" rel=\"noreferrer noopener\"><em>&#x64;&#97;n&#x6b;&#111;&#46;&#x68;&#111;l&#x6a;&#x65;&#118;&#x69;&#x63;&#64;v&#x6f;&#100;a&#x2e;&#104;r<\/em><\/a><em>&nbsp;<\/em>&nbsp;<\/p>\n\n\n\n<ul class=\"wp-block-list\">\n<li>Asst. Prof. Igor&nbsp;Dubrovi\u0107,&nbsp;M.Sc.EPH, PhD (nominal title)<\/li>\n<\/ul>\n\n\n\n<p><em>E-mail:&nbsp;<\/em><a rel=\"noreferrer noopener\" href=\"&#x6d;&#x61;&#105;&#108;t&#x6f;&#x3a;&#x69;&#103;&#111;r&#x2e;&#x64;&#x75;&#98;&#114;o&#x76;&#x69;&#x63;&#64;&#122;z&#x6a;&#x7a;&#x70;&#103;z&#46;&#x68;&#x72;\" target=\"_blank\"><em>&#x69;&#103;&#x6f;&#x72;&#46;&#x64;&#117;b&#x72;&#111;v&#x69;&#99;&#64;&#x7a;&#122;j&#x7a;&#112;&#x67;&#x7a;&#46;&#x68;&#x72;<\/em><\/a><\/p>\n\n\n\n<ul class=\"wp-block-list\">\n<li>Asst. Prof. Petra&nbsp;\u0160ulji\u0107, MA, PhD (nominal title)<\/li>\n<\/ul>\n\n\n\n<p><em>E-mail:&nbsp;<\/em><a href=\"&#x6d;&#97;i&#x6c;&#116;o&#x3a;&#112;e&#x74;&#114;a&#x40;&#122;z&#x6a;&#122;p&#x67;&#122;&#46;&#x68;&#114;\" target=\"_blank\" rel=\"noreferrer noopener\"><em>&#112;&#x65;&#116;&#x72;a&#x40;z&#122;&#x6a;&#122;&#x70;&#103;&#x7a;&#46;&#x68;r<\/em><\/a><em>&nbsp;<\/em>&nbsp;<\/p>\n\n\n\n<ul class=\"wp-block-list\">\n<li>Asst. Prof. Marin Glad,&nbsp;M.Sc.EPH, PhD (nominal title)<\/li>\n<\/ul>\n\n\n\n<p><em>E-mail:&nbsp;<\/em><a href=\"mail&#116;&#111;&#58;&#109;&#97;&#114;&#105;&#x6e;&#x2e;&#x67;&#x6c;&#x61;&#x64;&#x40;&#x7a;&#x7a;jzpg&#122;&#46;&#104;&#114;\" target=\"_blank\" rel=\"noreferrer noopener\"><em>&#x6d;&#x61;&#114;&#105;n&#46;&#x67;&#x6c;&#x61;&#100;&#64;z&#x7a;&#x6a;&#x7a;&#112;&#103;z&#x2e;&#x68;&#x72;<\/em><\/a>&nbsp;<\/p>\n\n\n\n<ul class=\"wp-block-list\">\n<li>Asst. Prof. Arijana&nbsp;Cenov,&nbsp;M.Sc.EPH, PhD (nominal title)<\/li>\n<\/ul>\n\n\n\n<p><em>E-mail:\u00a0<\/em><a href=\"mailto:a&#114;&#105;&#106;&#97;&#110;&#97;&#46;&#99;&#101;&#110;&#x6f;&#x76;&#x40;&#x7a;&#x7a;&#x6a;&#x7a;&#x70;&#x67;&#x7a;&#x2e;&#x68;&#x72;\" target=\"_blank\" rel=\"noreferrer noopener\"><em>&#x61;&#114;i&#x6a;&#97;n&#x61;&#46;c&#x65;&#110;o&#x76;&#64;z&#x7a;&#x6a;z&#x70;&#x67;&#122;&#x2e;&#x68;&#114;<\/em><\/a>\u00a0<\/p>\n\n\n\n<ul class=\"wp-block-list\">\n<li>Asst. Prof. Iva Pavlini\u0107-Prokurica,&nbsp;M.Sc., PhD (nominal title)<\/li>\n<\/ul>\n\n\n\n<p><em>E-mail:&nbsp;<\/em><a rel=\"noreferrer noopener\" href=\"&#x6d;a&#x69;&#108;t&#x6f;&#58;&#x6d;&#x61;t&#x69;&#106;a&#x2e;&#115;&#x69;&#114;o&#x6b;&#97;&#64;&#x67;&#109;&#x61;&#105;l&#x2e;&#99;&#x6f;&#x6d;\" target=\"_blank\"><em>i&#118;&#97;&#x2e;&#x70;&#x61;&#x76;l&#105;&#110;&#105;&#x63;&#x2e;&#x70;ro&#107;&#117;&#x72;&#x69;&#x63;a&#64;&#104;&#97;&#x70;&#x69;&#x68;&#46;h&#114;; &#105;&#x70;&#x61;v&#108;&#x69;n&#105;&#x63;&#64;&#103;&#x6d;a&#105;&#x6c;&#x2e;&#99;&#x6f;&#x6d;<\/em><\/a>&nbsp;<\/p>\n\n\n\n<ul class=\"wp-block-list\">\n<li>Teaching Assistant Sanja Klari\u0107, M.Sc.EPH (nominal title)<\/li>\n<\/ul>\n\n\n\n<p><em>E-mail:&nbsp;<\/em><a rel=\"noreferrer noopener\" href=\"&#109;a&#x69;l&#x74;&#111;&#x3a;&#115;&#x61;&#110;j&#x61;&#46;&#x6b;&#108;&#x61;&#114;&#x69;&#99;&#x40;&#122;z&#x6a;z&#x70;&#103;&#x7a;&#46;&#x68;&#114;\" target=\"_blank\"><em>sanj&#97;&#46;&#107;&#108;&#97;&#114;&#105;&#x63;&#x40;&#x7a;&#x7a;&#x6a;&#x7a;&#x70;&#x67;&#x7a;&#46;hr<\/em><\/a><em>&nbsp;<\/em><\/p>\n\n\n\n<ul class=\"wp-block-list\">\n<li><strong>External associates<\/strong><\/li>\n<\/ul>\n\n\n\n<ul class=\"wp-block-list\">\n<li>Asst. Prof. Marta Cerovi\u0107,&nbsp;M.Ec., PhD<\/li>\n<\/ul>\n\n\n\n<p><em>E-mail:&nbsp;<\/em><a rel=\"noreferrer noopener\" href=\"&#109;&#x61;i&#108;&#x74;&#111;&#x3a;m&#97;&#x72;t&#x61;&#x2e;&#99;&#x65;r&#111;&#x76;i&#x63;&#x40;&#102;&#x74;h&#109;&#x2e;&#104;&#x72;\" target=\"_blank\"><em>&#x6d;a&#x72;&#116;&#x61;&#46;&#x63;&#x65;r&#x6f;&#118;&#x69;&#99;&#x40;&#102;t&#x68;&#109;&#x2e;&#104;&#x72;<\/em><\/a>&nbsp;<\/p>\n\n\n\n<ul class=\"wp-block-list\">\n<li>Ivana \u0160karica&nbsp;Bjelobaba,&nbsp;M.Ec., PhD<\/li>\n<\/ul>\n\n\n\n<p><em>E-mail:&nbsp;<\/em><a rel=\"noreferrer noopener\" href=\"&#109;&#x61;&#x69;&#108;&#x74;&#x6f;:&#x69;&#x76;a&#110;&#x61;&#46;&#115;&#x6b;a&#114;&#x69;c&#97;&#x40;z&#122;&#x6a;&#x7a;&#112;&#x67;&#x7a;&#46;&#x68;&#x72;\" target=\"_blank\"><em>&#x69;&#x76;&#x61;&#x6e;&#97;&#46;&#115;ka&#x72;&#x69;&#x63;&#x61;&#x40;&#122;&#122;&#106;zp&#x67;&#x7a;&#x2e;&#x68;&#x72;<\/em><\/a>&nbsp;<\/p>\n\n\n\n<ul class=\"wp-block-list\">\n<li><strong>Nonteaching staff<\/strong>\n<ul class=\"wp-block-list\">\n<li>Marija Oluji\u0107,&nbsp;M.Ec. \u2013 Administrative Secretary&nbsp;<\/li>\n<\/ul>\n<\/li>\n<\/ul>\n","protected":false},"excerpt":{"rendered":"<p>Department of Health EcologyKre\u0161imirova 52\/A, 51000 RijekaPhone: +385 (0)51 334 530 Contact Department Head:Assoc. Prof.&nbsp;Sandra Pavi\u010di\u0107 \u017de\u017eelj, M.Sc.EPH, PhDE-mail:&nbsp;s&#97;&#110;&#x64;&#x72;&#x61;&#x70;z&#64;&#109;&#101;&#x64;&#x72;&#x69;&#46;u&#110;&#105;&#x72;&#x69;&#x2e;hr; s&#97;&#110;&#x64;&#x72;&#x61;&#46;&#112;&#97;&#x76;&#x69;&#x63;ic&#64;&#x7a;&#x7a;&#x6a;zp&#103;&#122;&#x2e;&#x68;&#x72;Department Secretary:Marija Oluji\u0107,&nbsp;M.Ec.E-mail:&nbsp;&#x6d;&#x61;&#x72;&#105;&#106;&#97;&#46;o&#x6c;&#x75;&#x6a;&#x69;&#99;&#49;&#64;m&#x65;&#x64;&#x72;&#x69;&#46;&#117;ni&#x72;&#x69;&#x2e;&#x68;&#114;Phone: +385 (0)51 334 530 Staff E-mail:&nbsp;&#x6c;u&#x6b;&#97;&#46;&#x74;&#114;&#x61;&#118;e&#x6e;&#64;&#x6d;&#101;d&#x72;&#105;&#x2e;&#x75;n&#x69;&#114;i&#x2e;&#104;&#x72;&nbsp;&nbsp;&nbsp; E-mail:&nbsp;&#97;&#x6c;&#101;&#x6b;&#115;&#x61;&#110;&#x64;&#97;&#x72;&#46;&#x62;&#117;&#x6c;&#111;&#x67;&#64;&#x6d;&#101;&#x64;&#114;&#x69;&#46;&#x75;&#110;&#x69;&#114;&#x69;&#46;&#x68;&#114;&nbsp; E-mail:&nbsp;&#100;&#114;&#x61;z&#101;&#x6e;&#x2e;l&#117;&#x73;&#x69;c&#64;&#x6d;e&#100;&#x72;&#x69;&#46;&#117;&#x6e;&#x69;r&#105;&#x2e;h&#114;&nbsp; E-mail:&nbsp;&#x73;&#97;&#x6e;&#x64;r&#x61;&#112;z&#x40;&#109;e&#x64;&#114;&#x69;&#x2e;u&#x6e;&#105;r&#x69;&#46;h&#x72;&nbsp; E-mail:&nbsp;d&#97;&#114;&#x69;&#x6a;a&#46;&#118;&#x75;&#x6b;&#x69;c&#46;&#108;&#x75;&#x73;ic&#64;&#x6d;&#x65;&#x64;r&#105;&#46;&#x75;&#x6e;ir&#105;&#x2e;&#x68;&#x72;&nbsp;&nbsp; E-mail:&nbsp;dijanatl&#64;medri&#46;uniri&#46;hr&nbsp; E-mail:\u00a0&#122;&#x65;&#108;&#x6a;&#107;&#x6f;&#46;&#x6c;&#105;&#x6e;&#115;&#x61;k&#x40;u&#x6e;i&#x72;i&#x2e;h&#x72;\u00a0 E-mail:\u00a0&#103;&#111;&#x72;d&#97;&#x6e;&#x61;k&#106;&#x40;&#x6d;e&#100;&#x72;i&#46;&#x68;&#x72;\u00a0 E-mail:&nbsp;&#x69;&#118;&#x61;&#x2e;s&#x6f;&#114;t&#x61;&#64;m&#x65;&#100;&#x72;&#x69;&#46;&#x75;&#110;i&#x72;&#105;&#46;&#x68;&#114;&nbsp; E-mail:&nbsp;&#100;&#x61;&#x6e;k&#111;&#x2e;&#x68;o&#108;&#x6a;e&#118;&#x69;&#x63;&#64;&#118;&#x6f;d&#97;&#x2e;&#x68;r&nbsp;&nbsp; E-mail:&nbsp;&#105;&#x67;o&#114;&#x2e;d&#117;&#x62;r&#111;&#x76;i&#99;&#x40;&#122;&#x7a;&#x6a;&#122;&#x70;&#x67;&#122;&#x2e;h&#114; E-mail:&nbsp;&#112;&#x65;&#116;&#x72;a&#x40;z&#122;&#x6a;&#122;&#x70;g&#x7a;&#46;&#104;&#x72;&nbsp;&nbsp; E-mail:&nbsp;&#x6d;a&#x72;&#105;n&#x2e;&#103;&#x6c;&#x61;d&#x40;&#122;z&#x6a;&#122;&#x70;&#103;z&#x2e;&#104;r&nbsp; E-mail:\u00a0&#x61;&#x72;&#x69;&#x6a;&#x61;&#x6e;&#97;&#46;&#99;&#101;nov&#64;&#x7a;&#x7a;&#x6a;&#x7a;&#x70;&#x67;&#122;&#46;&#104;&#114;\u00a0 E-mail:&nbsp;iv&#97;&#46;&#112;&#97;&#x76;&#x6c;&#x69;&#x6e;&#x69;c&#46;&#112;&#114;&#111;&#107;&#x75;&#x72;&#x69;&#x63;&#x61;&#64;h&#97;&#112;&#105;&#104;&#x2e;&#x68;&#x72;; ipa&#118;&#108;&#105;&#x6e;&#x69;&#x63;&#x40;&#x67;&#x6d;ail&#46;&#99;&#111;&#109;&nbsp; E-mail:&nbsp;s&#97;&#x6e;&#x6a;a&#46;&#107;&#x6c;&#x61;r&#105;&#x63;&#x40;z&#122;&#106;&#x7a;&#x70;g&#122;&#x2e;&#x68;r&nbsp; E-mail:&nbsp;&#109;&#x61;&#114;&#x74;&#97;&#x2e;c&#x65;r&#x6f;v&#105;&#x63;&#64;&#x66;&#116;&#x68;&#109;&#x2e;h&#x72;&nbsp; E-mail:&nbsp;&#x69;&#118;&#97;n&#x61;&#x2e;&#115;k&#x61;&#x72;&#105;ca&#x40;&#122;&#122;j&#x7a;&#x70;&#103;z&#x2e;&#x68;&#114;&nbsp;<\/p>\n","protected":false},"author":4,"featured_media":0,"parent":13205,"menu_order":40,"comment_status":"closed","ping_status":"closed","template":"","meta":{"_acf_changed":false,"ub_ctt_via":"","footnotes":""},"class_list":["post-13285","page","type-page","status-publish","hentry"],"acf":[],"featured_image_src":null,"_links":{"self":[{"href":"https:\/\/medri.uniri.hr\/en\/wp-json\/wp\/v2\/pages\/13285","targetHints":{"allow":["GET"]}}],"collection":[{"href":"https:\/\/medri.uniri.hr\/en\/wp-json\/wp\/v2\/pages"}],"about":[{"href":"https:\/\/medri.uniri.hr\/en\/wp-json\/wp\/v2\/types\/page"}],"author":[{"embeddable":true,"href":"https:\/\/medri.uniri.hr\/en\/wp-json\/wp\/v2\/users\/4"}],"replies":[{"embeddable":true,"href":"https:\/\/medri.uniri.hr\/en\/wp-json\/wp\/v2\/comments?post=13285"}],"version-history":[{"count":10,"href":"https:\/\/medri.uniri.hr\/en\/wp-json\/wp\/v2\/pages\/13285\/revisions"}],"predecessor-version":[{"id":22400,"href":"https:\/\/medri.uniri.hr\/en\/wp-json\/wp\/v2\/pages\/13285\/revisions\/22400"}],"up":[{"embeddable":true,"href":"https:\/\/medri.uniri.hr\/en\/wp-json\/wp\/v2\/pages\/13205"}],"wp:attachment":[{"href":"https:\/\/medri.uniri.hr\/en\/wp-json\/wp\/v2\/media?parent=13285"}],"curies":[{"name":"wp","href":"https:\/\/api.w.org\/{rel}","templated":true}]}}