{"id":13295,"date":"2021-11-23T08:54:21","date_gmt":"2021-11-23T06:54:21","guid":{"rendered":"https:\/\/medri.uniri.hr\/?page_id=13295"},"modified":"2023-04-28T13:07:15","modified_gmt":"2023-04-28T11:07:15","slug":"centre-for-genetic-education","status":"publish","type":"page","link":"https:\/\/medri.uniri.hr\/en\/faculty\/organisational-units\/centres\/centre-for-genetic-education\/","title":{"rendered":"Centre for Genetic Education"},"content":{"rendered":"\n<p><strong>Centre for Genetic Education<\/strong><br>Faculty of Medicine in Rijeka<br>Bra\u0107e Branchetta 20, 51000 Rijeka<br><em>Phone: +385 51 651 131<br>Phone: +385 51 651 246<br>Fax: + 385 51 678 896<\/em><\/p>\n\n\n\n<p>Contact<\/p>\n\n\n\n<p><strong>Head:<\/strong><\/p>\n\n\n\n<ul class=\"wp-block-list\">\n<li>Assoc. Prof. Nina Pereza, MD, PhD<br><em>E-mail:\u00a0<\/em><a rel=\"noreferrer noopener\" href=\"&#109;&#x61;&#x69;l&#116;&#x6f;:&#110;&#x69;n&#97;&#x2e;p&#101;&#x72;&#x65;&#122;&#x61;&#x40;u&#110;&#x69;r&#105;&#x2e;h&#114;\" target=\"_blank\"><em>&#x6e;&#105;n&#x61;&#46;p&#x65;&#x72;&#101;&#x7a;&#x61;&#64;u&#x6e;&#105;r&#x69;&#x2e;&#104;&#x72;<\/em><\/a><\/li>\n<\/ul>\n\n\n\n<p>About the Centre<\/p>\n\n\n\n<p>The Centre for Genetic Education was founded in 2020 with the primary goal of raising the level of genetic literacy among physicians who are not medical geneticists and other health professionals who are in any way involved in the care of patients with (possible) genetic disorders, but also among the general public, primarily patients and their families.<\/p>\n\n\n\n<p>The reasons for establishing the Centre for Genetic Education stem from the large disparity between, on the one hand, the technological possibilities that have made medical genetics one of the fastest developing medical specialisations and, on the other hand, the lack of timely breakthroughs in the efforts to raise genetic literacy among all the interest groups mentioned above.<\/p>\n\n\n\n<p>The Centre\u2019s main goal will be achieved through scientific research and educational and professional activities. All scientific research will be aimed at improving education, and different forms of needs-based education will enable the acquisition of knowledge, skills and attitudes towards medical genetics. The aforementioned includes postgraduate specialist study for physicians, lifelong learning courses and workshops for health professionals, workshops for the general public, patients and their families, and designing educational materials. Through professional activities and cooperation with expert centres in Europe and the world, the Centre will actively participate in the improvement of genetic education by participating and organising professional meetings.<\/p>\n\n\n\n<p>Staff<\/p>\n\n\n\n<ul class=\"wp-block-list\">\n<li><strong>Head:<\/strong>\n<ul class=\"wp-block-list\">\n<li>Assoc. Prof. Nina Pereza, MD, PhD<\/li>\n<\/ul>\n<\/li>\n\n\n\n<li><strong>Deputy Head:<\/strong>\n<ul class=\"wp-block-list\">\n<li>Prof. Sa\u0161a Ostoji\u0107, MD, PhD (<a href=\"&#109;&#x61;&#105;&#x6c;t&#x6f;:&#115;&#x61;&#115;&#x61;&#46;&#x6f;s&#116;&#x6f;&#106;&#x69;c&#x40;u&#110;&#x69;&#114;&#x69;&#46;&#x68;r\" target=\"_blank\" rel=\"noreferrer noopener\"><em>&#115;&#97;&#x73;&#x61;&#46;&#111;&#x73;&#x74;&#111;&#106;&#x69;&#x63;&#64;&#117;&#x6e;&#x69;&#114;&#105;&#x2e;&#x68;&#114;<\/em><\/a>)<\/li>\n<\/ul>\n<\/li>\n\n\n\n<li><strong>Expert Associate:<\/strong>\n<ul class=\"wp-block-list\">\n<li>Asst. Prof. Sanja Devi\u0107 Pavli\u0107, M.Sc., PhD (<a rel=\"noreferrer noopener\" href=\"&#109;&#x61;&#105;&#x6c;&#116;&#x6f;&#58;&#x73;&#97;&#x6e;&#106;&#x61;&#46;&#x64;&#101;&#x76;&#105;&#x63;&#64;&#x75;&#110;&#x69;&#114;&#x69;&#46;&#x68;r\" target=\"_blank\"><em>&#115;&#x61;n&#106;&#x61;&#46;&#100;&#x65;v&#105;&#x63;&#64;&#117;&#x6e;i&#114;&#x69;&#46;&#104;&#x72;<\/em><\/a>)<\/li>\n<\/ul>\n<\/li>\n\n\n\n<li><strong>Honorary member\/advisor:<\/strong>\n<ul class=\"wp-block-list\">\n<li>Prof. Borut Peterlin, MD, PhD, president of the European Society of Human Genetics (<a href=\"&#109;&#x61;&#105;&#x6c;&#116;&#x6f;&#58;&#x62;&#111;&#x72;&#117;&#x74;&#46;&#x70;&#101;&#x74;&#101;&#x72;&#108;&#x69;&#110;&#x40;&#103;&#x75;&#101;&#x73;&#116;&#x2e;&#97;&#x72;&#110;&#x65;&#115;&#x2e;&#115;&#x69;\" target=\"_blank\" rel=\"noreferrer noopener\"><em>b&#111;&#x72;&#x75;t&#46;&#112;&#x65;&#x74;e&#114;&#108;&#x69;&#x6e;&#64;&#103;&#x75;&#x65;&#x73;t&#46;&#x61;&#x72;n&#101;&#115;&#x2e;&#x73;i<\/em><\/a>)<\/li>\n<\/ul>\n<\/li>\n\n\n\n<li><strong>Members:<\/strong>\n<ul class=\"wp-block-list\">\n<li>Prof. Smiljana Risti\u0107, M.Sc., PhD (<a href=\"&#109;&#x61;&#x69;l&#116;&#x6f;&#x3a;s&#109;&#x69;l&#106;&#x61;&#x6e;a&#46;&#x72;i&#115;&#x74;&#x69;c&#64;&#x75;&#x6e;&#105;&#x72;&#x69;&#46;&#104;&#x72;\" target=\"_blank\" rel=\"noreferrer noopener\"><em>&#115;&#x6d;&#x69;l&#106;&#x61;&#x6e;a&#46;&#x72;i&#115;&#x74;&#x69;c&#64;&#x75;n&#105;&#x72;&#x69;&#46;&#104;&#x72;<\/em><\/a>)<\/li>\n\n\n\n<li>Prof. Alena Bureti\u0107-Tomljanovi\u0107, M.Sc., PhD (<a href=\"&#x6d;&#97;&#x69;&#x6c;&#116;&#x6f;&#x3a;&#97;&#x6c;&#x65;&#110;&#x61;&#x62;t&#x40;&#x75;n&#x69;&#114;i&#x2e;&#104;r\" target=\"_blank\" rel=\"noreferrer noopener\"><em>&#97;&#x6c;&#x65;n&#97;&#x62;t&#64;&#x75;&#x6e;i&#114;&#x69;&#46;&#104;&#x72;<\/em><\/a>)<\/li>\n\n\n\n<li>Assoc. Prof. Nada Star\u010devi\u0107-\u010cizmarevi\u0107, M.Sc., PhD (<a href=\"&#x6d;&#x61;&#105;&#108;t&#x6f;&#x3a;&#x6e;&#97;&#100;a&#x73;&#x63;&#x40;&#117;&#110;i&#x72;&#x69;&#x2e;&#104;&#114;\" target=\"_blank\" rel=\"noreferrer noopener\"><em>&#x6e;&#x61;&#100;&#97;s&#x63;&#x40;&#x75;&#110;ir&#x69;&#x2e;&#104;&#114;<\/em><\/a>)<\/li>\n\n\n\n<li>Asst. Prof. Jadranka Vranekovi\u0107, PhD (<a rel=\"noreferrer noopener\" href=\"&#x6d;&#97;&#x69;&#x6c;&#116;&#x6f;&#58;j&#x61;&#100;r&#x61;&#110;k&#x61;&#46;v&#x72;&#97;&#x6e;&#x65;&#107;&#x6f;&#x76;&#105;&#x63;&#64;u&#x6e;&#105;r&#x69;&#46;h&#x72;\" target=\"_blank\"><em>&#106;&#x61;&#100;&#x72;a&#x6e;k&#97;&#x2e;&#118;&#x72;a&#x6e;e&#107;&#x6f;&#118;&#x69;c&#x40;u&#110;&#x69;&#114;&#x69;&#46;&#x68;r<\/em><\/a>)<\/li>\n\n\n\n<li>Asst. Prof. Martina Mavrinac, PhD (<a rel=\"noreferrer noopener\" href=\"&#x6d;&#97;&#x69;&#x6c;t&#x6f;&#58;m&#x61;&#114;t&#x69;&#110;&#x61;&#x2e;m&#x61;&#118;r&#x69;&#110;a&#x63;&#64;&#x75;&#x6e;&#105;&#x72;&#x69;&#46;&#x68;&#114;\" target=\"_blank\"><em>&#x6d;&#97;r&#x74;&#105;&#110;&#x61;&#x2e;&#109;a&#x76;&#114;i&#x6e;&#x61;&#99;&#64;&#x75;&#110;i&#x72;&#x69;&#46;h&#x72;<\/em><\/a>)<\/li>\n\n\n\n<li>Anita Bari\u0161i\u0107, MD, PhD (<a href=\"&#x6d;a&#x69;&#108;&#x74;&#x6f;:&#x61;&#110;&#x69;&#x74;a&#x2e;&#98;&#x61;&#x72;i&#x73;&#105;&#x63;&#x40;m&#x65;&#100;&#x72;&#x69;&#46;&#x75;&#110;&#x69;&#x72;i&#x2e;&#104;&#x72;\" target=\"_blank\" rel=\"noreferrer noopener\"><em>&#97;&#x6e;&#105;&#x74;a&#x2e;b&#97;&#x72;&#105;&#x73;&#105;&#x63;&#64;&#x6d;e&#100;&#x72;&#105;&#x2e;u&#x6e;i&#x72;&#x69;&#46;&#x68;&#114;<\/em><\/a>)<\/li>\n\n\n\n<li>Gaia Bellesi, student<\/li>\n\n\n\n<li>Marija Grkovi\u0107, student<\/li>\n\n\n\n<li>Laura Rado\u0161, student<\/li>\n<\/ul>\n<\/li>\n<\/ul>\n\n\n\n<p>Centre activities<\/p>\n\n\n\n<p><strong>Puzzles of Heredity workshop<\/strong><\/p>\n\n\n\n<p>Puzzles of Heredity workshop is a newly designed project by the Centre for Genetic Education and CroMSIC \u2013 Croatian Medical Students\u2019 International Committee. The workshop is intended for children of early school and preschool age (first to fourth grade), and the goal is to introduce them to the structural organisation of the human body, the basic concepts of genetics and genetic inheritance and to raise awareness about the importance of accepting the differences between humans and other living beings, which arise from the inheritance process.<\/p>\n\n\n\n<p>The workshop is conducted by genetic educators from the Centre for Genetic Education of the Faculty of Medicine in Rijeka, together with specially trained medical students \u2013 student genetic educators. Educational materials used at the workshop are a picture book and three didactic toys. The picture book was written by medical geneticists, while the toys were designed and created by a preschool teacher who is a Montessori school counsellor. The toys were made by the company Linit design d.o.o.<\/p>\n\n\n\n<figure class=\"wp-block-embed is-type-wp-embed is-provider-poslovni-dnevnik wp-block-embed-poslovni-dnevnik\"><div class=\"wp-block-embed__wrapper\">\n<blockquote class=\"wp-embedded-content\" data-secret=\"ywjTBO8yNn\"><a href=\"https:\/\/www.poslovni.hr\/sci-tech\/slagalica-nasljeda-pricom-o-djecaku-i-macku-geneticki-opismenjuje-klince-4315216\">Slagalica naslje\u0111a pri\u010dom o dje\u010daku i ma\u010dku geneti\u010dki opismenjuje klince<\/a><\/blockquote><iframe class=\"wp-embedded-content\" sandbox=\"allow-scripts\" security=\"restricted\" style=\"position: absolute; clip: rect(1px, 1px, 1px, 1px);\" title=\"&#8220;Slagalica naslje\u0111a pri\u010dom o dje\u010daku i ma\u010dku geneti\u010dki opismenjuje klince&#8221; &#8212; Poslovni dnevnik\" src=\"https:\/\/www.poslovni.hr\/sci-tech\/slagalica-nasljeda-pricom-o-djecaku-i-macku-geneticki-opismenjuje-klince-4315216\/embed#?secret=ywjTBO8yNn\" data-secret=\"ywjTBO8yNn\" width=\"600\" height=\"338\" frameborder=\"0\" marginwidth=\"0\" marginheight=\"0\" scrolling=\"no\"><\/iframe>\n<\/div><\/figure>\n\n\n\n<p><strong>Frontiers in genetics \u2013 the importance of genetic literacy and education in medicine<\/strong><\/p>\n\n\n\n<p>The Centre for Genetic Education is the initiator and organiser of the thematic issue dedicated to the importance of genetic literacy and education in medicine in the prestigious scientific journal Frontiers in Genetics. Almost 60 respectable experts from all over the world participated in the making of this thematic issue.<\/p>\n\n\n\n<p>Some of the topics covered include:<\/p>\n\n\n\n<ul class=\"wp-block-list\">\n<li>the state of the current level of genetic literacy among medical students, non-genetic health professionals, patients and the general public<\/li>\n\n\n\n<li>the current state of activities and options for genetic education of medical students, medical geneticists, non-genetic health professionals, patients and the general public<\/li>\n\n\n\n<li>needs and possibilities of genetic education for patients with rare diseases<\/li>\n\n\n\n<li>future directions for increasing the level of genetic literacy among medical students, non-genetic health professionals, patients and the general public.<\/li>\n<\/ul>\n\n\n\n<p><a href=\"https:\/\/www.frontiersin.org\/research-topics\/16954\/the-importance-of-genetic-literacy-and-education-in-medicine#authors\">https:\/\/www.frontiersin.org\/research-topics\/16954\/the-importance-of-genetic-literacy-and-education-in-medicine#authors<\/a><\/p>\n","protected":false},"excerpt":{"rendered":"<p>Centre for Genetic EducationFaculty of Medicine in RijekaBra\u0107e Branchetta 20, 51000 RijekaPhone: +385 51 651 131Phone: +385 51 651 246Fax: + 385 51 678 896 Contact Head: About the Centre The Centre for Genetic Education was founded in 2020 with the primary goal of raising the level of genetic literacy among physicians who are not [&hellip;]<\/p>\n","protected":false},"author":4,"featured_media":0,"parent":13287,"menu_order":3,"comment_status":"closed","ping_status":"closed","template":"","meta":{"_acf_changed":false,"ub_ctt_via":"","footnotes":""},"class_list":["post-13295","page","type-page","status-publish","hentry"],"acf":[],"featured_image_src":null,"_links":{"self":[{"href":"https:\/\/medri.uniri.hr\/en\/wp-json\/wp\/v2\/pages\/13295","targetHints":{"allow":["GET"]}}],"collection":[{"href":"https:\/\/medri.uniri.hr\/en\/wp-json\/wp\/v2\/pages"}],"about":[{"href":"https:\/\/medri.uniri.hr\/en\/wp-json\/wp\/v2\/types\/page"}],"author":[{"embeddable":true,"href":"https:\/\/medri.uniri.hr\/en\/wp-json\/wp\/v2\/users\/4"}],"replies":[{"embeddable":true,"href":"https:\/\/medri.uniri.hr\/en\/wp-json\/wp\/v2\/comments?post=13295"}],"version-history":[{"count":3,"href":"https:\/\/medri.uniri.hr\/en\/wp-json\/wp\/v2\/pages\/13295\/revisions"}],"predecessor-version":[{"id":17161,"href":"https:\/\/medri.uniri.hr\/en\/wp-json\/wp\/v2\/pages\/13295\/revisions\/17161"}],"up":[{"embeddable":true,"href":"https:\/\/medri.uniri.hr\/en\/wp-json\/wp\/v2\/pages\/13287"}],"wp:attachment":[{"href":"https:\/\/medri.uniri.hr\/en\/wp-json\/wp\/v2\/media?parent=13295"}],"curies":[{"name":"wp","href":"https:\/\/api.w.org\/{rel}","templated":true}]}}