{"id":13299,"date":"2021-11-23T08:54:56","date_gmt":"2021-11-23T06:54:56","guid":{"rendered":"https:\/\/medri.uniri.hr\/?page_id=13299"},"modified":"2023-10-13T09:42:31","modified_gmt":"2023-10-13T07:42:31","slug":"centre-for-proteomics","status":"publish","type":"page","link":"https:\/\/medri.uniri.hr\/en\/faculty\/organisational-units\/centres\/centre-for-proteomics\/","title":{"rendered":"Centre for Proteomics"},"content":{"rendered":"\n<p><strong>Centre for Proteomics<\/strong><br>Faculty of Medicine in Rijeka<br>Bra\u0107e Branchetta 20, 51000 Rijeka<br><em>Phone: +385 51 651 260<\/em><br><em>Phone: +385 51 651 250<br>Phone: +385 51 651 280<br>Phone: +385 51&nbsp;345 655<\/em><\/p>\n\n\n\n<p>Contact<\/p>\n\n\n\n<p><strong>Head:<br><\/strong>Asst. Prof. <strong>Ilija Brizi\u0107<\/strong>, PhD<em><br>E-mail:\u00a0<\/em><a href=\"&#x6d;&#97;&#x69;&#x6c;t&#x6f;&#58;s&#x74;&#105;p&#x61;&#110;&#x2e;&#x6a;o&#x6e;&#106;i&#x63;&#64;u&#x6e;&#105;&#x72;&#x69;&#46;&#x68;&#x72;\"><em>&#x69;&#108;i&#x6a;&#97;&#46;&#x62;&#114;i&#x7a;&#x69;&#99;&#x40;&#x75;&#110;i&#x72;&#105;&#46;&#x68;&#114;<\/em><\/a><br><em>Phone: +385 51 651 235<\/em><\/p>\n\n\n\n<p>About the Centre<\/p>\n\n\n\n<p>The Centre for Proteomics was established in 2006, focusing on the production and characterisation of monoclonal antibodies, which are indispensable instruments in basic biomedical research, but also in developing medicines and biotechnological products. Although part of the University of Rijeka Faculty of Medicine, the Centre is currently funded exclusively from competitive national, European and international grants and commercial activities, making it a unique research department in Croatian academia.<\/p>\n\n\n\n<p>The underlying idea to establish the Centre for Proteomics was first initiated by experts from the World Bank in 2002, who highlighted in their report the Center for Proteomics&#8217; project as one of three promising projects that the Ministry of Science, Education and Sports (MSES) should support in the World Bank grant application. By allocating financial resources for the construction of the Centre building, which was completed in the summer of 2003, the Faculty of Medicine in Rijeka contributed significantly to the realisation of the project. Capital and laboratory equipment were purchased through the JEZGRA project supported by the Croatian Ministry of Science, Education and Sports.<\/p>\n\n\n\n<p>Since its establishment, the Centre has participated in more than thirty collaborative projects with prestigious research institutes, universities and biotech SMEs from SE Europe, the EU and the USA. These projects are mainly based on the production and characterisation of mAbs for research purposes. In many instances, the reagents generated at the Centre have played a key role in various discoveries and resulted in joint publications in the leading journals. The Centre currently has at its disposal several hundred hybridoma cell lines, which secrete antibodies to various viral and cellular proteins.<\/p>\n\n\n\n<p>The Centre for Proteomics will continue to encourage the development of its biomedical potential and international scientific collaboration in accordance with the growing need of the industry and the scientific community for monoclonal antibodies due to their key role in the research of proteins and their use for diagnostic and therapeutic purposes. Furthermore, the Centre will strive to implement new initiatives to achieve self-sustainability, and one of the possibilities is the commercialisation of monoclonal antibodies through establishing a spin-off company or licensing agreements.<\/p>\n\n\n\n<p>Staff<\/p>\n\n\n\n<ul class=\"wp-block-list\">\n<li><strong>Head<\/strong>\n<ul class=\"wp-block-list\">\n<li>Asst. Prof. Ilija Brizi\u0107, PhD<\/li>\n<\/ul>\n<\/li>\n<\/ul>\n\n\n\n<p><em>E-mail:\u00a0<\/em><a rel=\"noreferrer noopener\" href=\"&#x6d;&#x61;&#105;l&#x74;&#x6f;&#x3a;&#115;t&#x69;&#x70;&#x61;&#110;&#46;&#x6a;&#x6f;&#x6e;&#106;i&#x63;&#x40;&#x6d;&#101;d&#x72;&#x69;&#x2e;&#117;n&#x69;&#x72;&#x69;&#46;h&#x72;\" target=\"_blank\"><em>&#105;&#x6c;&#105;&#x6a;&#97;&#x2e;&#98;&#x72;&#105;&#x7a;&#105;&#x63;&#64;&#x75;&#110;&#x69;&#114;&#x69;&#46;&#x68;&#114;<\/em><\/a><\/p>\n\n\n\n<ul class=\"wp-block-list\">\n<li><strong>Teaching staff<\/strong>\n<ul class=\"wp-block-list\">\n<li>Prof. Stipan Jonji\u0107, MD, PhD<\/li>\n<\/ul>\n<\/li>\n<\/ul>\n\n\n\n<p><em>E-mail:&nbsp;<\/em><a href=\"ma&#105;&#108;&#x74;&#x6f;&#x3a;&#x73;ti&#112;&#97;&#x6e;&#x2e;&#x6a;&#x6f;nj&#105;&#99;&#64;&#x6d;&#x65;&#x64;&#x72;i&#46;&#117;&#110;&#x69;&#x72;&#x69;&#x2e;hr\" target=\"_blank\" rel=\"noreferrer noopener\"><em>&#x73;&#116;i&#x70;&#97;n&#x2e;&#106;o&#x6e;&#106;i&#x63;&#64;u&#x6e;&#105;r&#x69;&#46;h&#x72;<\/em><\/a>&nbsp;<\/p>\n\n\n\n<ul class=\"wp-block-list\">\n<li>Prof. Tihana Lenac Rovi\u0161, PhD<\/li>\n<\/ul>\n\n\n\n<p><em>E-mail:&nbsp;<\/em><a href=\"&#x6d;&#x61;&#x69;&#x6c;&#x74;&#x6f;&#x3a;&#x74;&#x69;&#x68;&#x61;&#110;&#97;&#46;&#108;&#101;&#110;&#97;c&#64;medr&#x69;&#x2e;&#x75;&#x6e;&#x69;&#x72;&#x69;&#x2e;&#x68;&#x72;\" target=\"_blank\" rel=\"noreferrer noopener\"><em>&#x74;&#x69;&#x68;&#x61;&#x6e;&#x61;&#46;&#108;&#101;&#110;ac&#64;u&#x6e;&#x69;&#x72;&#x69;&#x2e;&#x68;&#114;<\/em><\/a><em>&nbsp;<\/em>&nbsp;<\/p>\n\n\n\n<ul class=\"wp-block-list\">\n<li>Assoc. Prof. Berislav Lisni\u0107, PhD<\/li>\n<\/ul>\n\n\n\n<p><em>E-mail:&nbsp;<\/em><a href=\"mailto:berislav&#46;lisnic&#64;m&#101;&#100;&#114;&#105;&#46;&#117;&#110;&#105;&#114;&#105;&#46;&#104;&#114;\" target=\"_blank\" rel=\"noreferrer noopener\"><em>&#98;&#x65;&#114;&#x69;s&#x6c;a&#118;&#x2e;&#108;&#x69;&#115;&#x6e;i&#x63;&#64;&#117;&#x6e;&#105;&#x72;i&#x2e;h&#x72;<\/em><\/a><em>&nbsp;&nbsp;<\/em>&nbsp;<\/p>\n\n\n\n<ul class=\"wp-block-list\">\n<li>Assoc. Prof. Vanda Jurani\u0107 Lisni\u0107, PhD<\/li>\n<\/ul>\n\n\n\n<p><em>E-mail:&nbsp;<\/em><a href=\"&#109;a&#x69;l&#x74;o&#x3a;v&#x61;&#110;&#x64;&#97;&#x2e;&#106;&#x75;&#114;a&#110;i&#x63;&#64;&#x6d;e&#x64;&#114;&#x69;&#46;&#x75;&#110;&#x69;&#114;&#x69;&#46;h&#114;\" target=\"_blank\" rel=\"noreferrer noopener\"><em>&#118;&#x61;&#110;&#x64;&#97;&#x2e;&#106;&#x75;&#114;&#x61;&#110;&#x69;c&#x40;u&#x6e;i&#x72;i&#x2e;h&#x72;<\/em><\/a><em>&nbsp;<\/em>&nbsp;<\/p>\n\n\n\n<ul class=\"wp-block-list\">\n<li>Asst. Prof. Ilija Brizi\u0107, PhD<\/li>\n<\/ul>\n\n\n\n<p><em>E-mail:&nbsp;<\/em><a href=\"mail&#116;&#111;&#58;&#105;&#108;&#x69;&#x6a;&#x61;&#x2e;&#x62;&#x72;&#x69;zic&#64;&#109;&#101;&#100;&#114;&#105;&#x2e;&#x75;&#x6e;&#x69;&#x72;&#x69;&#x2e;&#x68;r\" target=\"_blank\" rel=\"noreferrer noopener\"><em>&#x69;&#x6c;&#105;&#106;a&#46;&#x62;&#x72;&#x69;&#122;ic&#x40;&#x75;&#x6e;&#105;&#114;i&#x2e;&#x68;&#x72;<\/em><\/a>&nbsp;<\/p>\n\n\n\n<ul class=\"wp-block-list\">\n<li>Postdoctoral Researcher Maja Cokari\u0107 Brdov\u010dak, PhD<\/li>\n<\/ul>\n\n\n\n<p><em>E-mail:&nbsp;<\/em><a href=\"&#x6d;&#x61;&#x69;&#x6c;&#x74;&#x6f;&#x3a;&#x6d;&#x61;&#x6a;&#x61;&#x2e;&#x63;&#x6f;&#x6b;&#x61;&#x72;&#x69;&#x63;&#x40;&#x75;&#x6e;&#x69;&#x72;&#x69;&#x2e;&#x68;&#x72;\"><em>&#x6d;&#x61;&#106;a&#46;&#x63;&#x6f;&#107;&#97;r&#x69;&#x63;&#64;&#117;n&#x69;&#x72;&#x69;&#46;hr<\/em><\/a><em>&nbsp;<\/em><\/p>\n\n\n\n<ul class=\"wp-block-list\">\n<li>Postdoctoral Researcher Lea Hir\u0161l, PhD<\/li>\n<\/ul>\n\n\n\n<p><em>E-mail:&nbsp;<\/em><a href=\"ma&#105;&#108;&#116;&#x6f;&#x3a;&#x6c;&#x65;a&#46;&#104;&#105;&#114;&#x73;&#x6c;&#x40;&#x6d;ed&#114;&#105;&#46;&#x75;&#x6e;&#x69;&#x72;i&#46;&#104;&#114;\" target=\"_blank\" rel=\"noreferrer noopener\"><em>l&#101;&#97;&#x2e;&#x68;&#x69;rs&#108;&#64;&#x75;&#x6e;&#x69;r&#105;&#46;&#104;&#x72;<\/em><\/a>&nbsp;<\/p>\n\n\n\n<ul class=\"wp-block-list\">\n<li>Postdoctoral Researcher Paola Ku\u010dan Brli\u0107, PhD<\/li>\n<\/ul>\n\n\n\n<p><em>E-mail:&nbsp;<\/em><a href=\"&#x6d;&#x61;&#105;&#108;&#116;o&#x3a;&#x70;&#x61;&#111;&#108;a&#46;&#x6b;&#x75;&#x63;&#97;&#110;&#64;&#x6d;&#x65;&#x64;&#114;&#105;&#46;u&#x6e;&#x69;&#x72;&#105;&#46;hr\" target=\"_blank\" rel=\"noreferrer noopener\"><em>&#x70;&#x61;&#x6f;&#x6c;&#97;&#46;&#107;&#117;can&#x40;&#x75;&#x6e;&#x69;&#x72;&#105;&#46;&#104;r<\/em><\/a><\/p>\n\n\n\n<ul class=\"wp-block-list\">\n<li>Postdoctoral Researcher Marina Pribani\u0107 Mate\u0161i\u0107, PhD<\/li>\n<\/ul>\n\n\n\n<p><em>E-mail:&nbsp;<\/em><a href=\"&#109;&#x61;i&#108;&#x74;o&#x3a;&#x6d;&#97;&#x72;i&#110;&#x61;&#46;&#112;&#x72;&#105;&#x62;a&#110;&#x69;c&#46;&#x6d;&#97;&#x74;&#x65;&#115;&#x69;c&#64;&#x75;n&#x69;&#x72;&#105;&#x2e;h&#114;\"><em>&#109;&#x61;&#114;&#x69;&#110;&#x61;&#46;&#x70;r&#x69;b&#97;&#x6e;&#105;&#x63;&#46;&#x6d;&#97;&#x74;e&#x73;i&#x63;&#64;&#117;&#x6e;&#105;&#x72;&#105;&#x2e;&#104;&#x72;<\/em><\/a>&nbsp;<\/p>\n\n\n\n<ul class=\"wp-block-list\">\n<li>Postdoctoral Researcher Marija Mazor, PhD<\/li>\n<\/ul>\n\n\n\n<p><em>E-mail:&nbsp;<\/em><a href=\"m&#97;&#105;&#x6c;&#x74;&#x6f;:&#109;&#97;&#x72;&#x69;&#x6a;a&#46;&#109;&#x61;&#x7a;&#x6f;r&#64;&#109;&#101;&#x64;&#x72;&#x69;&#46;&#117;&#110;&#x69;&#x72;&#x69;&#46;&#104;&#114;\" target=\"_blank\" rel=\"noreferrer noopener\"><em>&#109;a&#x72;i&#x6a;a&#x2e;&#109;&#x61;&#122;&#x6f;&#114;&#64;&#x75;n&#x69;r&#x69;&#46;&#x68;&#114;<\/em><\/a><em>&nbsp;<\/em>&nbsp;<\/p>\n\n\n\n<ul class=\"wp-block-list\">\n<li>Postdoctoral Researcher Jelena \u017deleznjak, PhD<\/li>\n<\/ul>\n\n\n\n<p><em>E-mail:&nbsp;<\/em><a href=\"&#x6d;a&#x69;&#108;&#x74;&#111;&#x3a;&#x6a;e&#x6c;&#101;&#x6e;&#97;&#x2e;&#122;e&#x6c;&#101;&#x7a;&#110;&#x6a;&#97;k&#x40;&#117;&#x6e;&#105;&#x72;&#105;&#46;&#x68;r\"><em>&#106;&#x65;&#x6c;e&#110;&#x61;&#x2e;z&#101;&#x6c;e&#122;&#x6e;&#x6a;a&#107;&#x40;u&#110;&#x69;&#x72;i&#46;&#x68;&#x72;<\/em><\/a>&nbsp;<\/p>\n\n\n\n<ul class=\"wp-block-list\">\n<li>Teaching Assistant Tina Ru\u017ei\u0107, M.Sc.<\/li>\n<\/ul>\n\n\n\n<p><em>E-mail:&nbsp;<\/em><a href=\"m&#97;&#x69;&#x6c;t&#111;&#58;&#x74;&#x6a;e&#110;&#x75;&#x73;&#64;&#109;&#101;&#x64;&#x72;i&#46;&#x75;&#x6e;i&#114;&#105;&#x2e;&#x68;r\" target=\"_blank\" rel=\"noreferrer noopener\"><em>tjen&#117;&#115;&#64;&#117;&#110;&#x69;&#x72;&#x69;&#x2e;&#x68;&#x72;<\/em><\/a><\/p>\n\n\n\n<ul class=\"wp-block-list\">\n<li>Teaching Assistant Dubravka Karner, M.Sc.<\/li>\n<\/ul>\n\n\n\n<p><em>E-mail:&nbsp;<\/em><a href=\"&#x6d;&#x61;&#x69;&#108;&#116;o:&#x64;&#x75;&#x62;&#x72;&#97;&#118;ka&#x2e;&#x6b;&#x61;&#114;&#110;&#101;r&#64;&#x75;&#x6e;&#x69;&#114;&#105;&#46;h&#x72;\"><em>&#100;&#x75;b&#x72;a&#118;&#x6b;&#97;&#x2e;k&#97;&#x72;&#110;&#x65;r&#x40;&#x75;&#110;&#x69;r&#x69;&#46;&#104;&#x72;<\/em><\/a>&nbsp;<\/p>\n\n\n\n<ul class=\"wp-block-list\">\n<li>Teaching Assistant Fran Krstanovi\u0107, M.Sc.<\/li>\n<\/ul>\n\n\n\n<p><em>E-mail:&nbsp;<\/em><a href=\"&#x6d;&#x61;&#x69;&#x6c;&#116;&#111;&#58;fr&#x61;&#x6e;&#x2e;&#x6b;&#x72;&#115;&#116;&#97;no&#x76;&#x69;&#x63;&#x40;&#x75;&#110;&#105;&#114;i&#46;&#x68;&#x72;\"><em>&#x66;&#x72;&#x61;&#x6e;&#x2e;&#x6b;&#x72;&#x73;&#x74;&#x61;&#x6e;&#x6f;&#x76;&#x69;&#x63;&#x40;&#x75;&#x6e;&#x69;&#x72;&#x69;&#x2e;&#104;&#114;<\/em><\/a>&nbsp;<\/p>\n\n\n\n<ul class=\"wp-block-list\">\n<li>Teaching Assistant Daria Kve\u0161tak, M.Sc., PhD<\/li>\n<\/ul>\n\n\n\n<p><em>E-mail:&nbsp;<\/em><a href=\"&#109;a&#x69;l&#x74;o&#x3a;&#100;&#x61;&#114;&#x69;&#97;&#46;&#x6b;v&#x65;s&#x74;&#97;&#x6b;&#64;&#x75;&#110;&#x69;&#114;i&#x2e;h&#x72;\"><em>&#x64;&#x61;&#114;i&#x61;&#x2e;&#107;ve&#x73;&#x74;&#97;k&#x40;&#x75;&#110;&#105;r&#x69;&#x2e;&#104;r<\/em><\/a>&nbsp;<\/p>\n\n\n\n<ul class=\"wp-block-list\">\n<li>Teaching Assistant Jelena Materljan, MD<\/li>\n<\/ul>\n\n\n\n<p><em>E-mail:&nbsp;<\/em><a href=\"m&#97;&#105;&#x6c;&#x74;&#x6f;:&#106;&#101;&#x6c;&#x65;&#x6e;a&#46;&#109;&#x61;&#x74;&#x65;rl&#106;&#97;&#x6e;&#x40;&#x75;n&#105;&#114;&#x69;&#x2e;&#x68;r\"><em>j&#101;&#x6c;&#x65;n&#97;&#x2e;&#x6d;a&#116;&#x65;&#x72;l&#106;&#x61;&#x6e;&#64;&#117;&#x6e;&#x69;r&#105;&#46;&#x68;&#x72;<\/em><\/a>&nbsp;<\/p>\n\n\n\n<ul class=\"wp-block-list\">\n<li>Teaching Assistant Magdalena Medved, M.Sc.<\/li>\n<\/ul>\n\n\n\n<p><em>E-mail:&nbsp;<\/em><a href=\"&#x6d;&#97;&#x69;&#x6c;&#116;&#x6f;&#58;m&#x61;&#103;d&#x61;&#108;e&#x6e;&#97;&#46;&#x6d;&#101;&#x64;&#x76;&#101;&#x64;&#x40;&#117;&#x6e;&#105;r&#x69;&#46;h&#x72;\"><em>m&#97;&#103;&#x64;&#x61;le&#110;&#97;&#x2e;&#x6d;ed&#118;&#101;&#x64;&#x40;un&#105;&#x72;&#x69;&#x2e;h&#114;<\/em><\/a>&nbsp;<\/p>\n\n\n\n<ul class=\"wp-block-list\">\n<li>Teaching Assistant Andrea Mihali\u0107, M.Sc.<\/li>\n<\/ul>\n\n\n\n<p><em>E-mail:&nbsp;<\/em><a href=\"mail&#116;&#111;&#58;&#97;&#110;&#x64;&#x72;&#x65;&#x61;&#x2e;&#x6d;&#x69;hali&#99;&#64;&#117;&#110;&#105;&#x72;&#x69;&#x2e;&#x68;&#x72;\"><em>a&#110;&#x64;&#x72;e&#97;&#x2e;&#x6d;i&#104;&#x61;&#x6c;i&#99;&#x40;&#x75;n&#105;&#x72;&#x69;&#46;&#104;&#114;<\/em><\/a>&nbsp;<\/p>\n\n\n\n<ul class=\"wp-block-list\">\n<li>Teaching Assistant Gian Pietro Pietri, M.Pharm.<\/li>\n<\/ul>\n\n\n\n<p><em>E-mail:&nbsp;<\/em><a href=\"&#x6d;&#x61;&#105;&#108;to&#x3a;&#x67;&#x69;&#97;np&#x70;&#x40;&#x75;&#110;&#105;r&#x69;&#x2e;&#x68;&#114;\"><em>g&#105;&#97;&#x6e;&#x70;&#x70;&#x40;u&#110;&#105;&#114;&#x69;&#x2e;&#x68;r<\/em><\/a>&nbsp;<\/p>\n\n\n\n<ul class=\"wp-block-list\">\n<li>Teaching Assistant Carmen Ro\u017emani\u0107, M.Sc.<\/li>\n<\/ul>\n\n\n\n<p><em>E-mail:&nbsp;<\/em><a href=\"&#x6d;&#x61;&#105;&#108;t&#x6f;&#x3a;&#x63;&#97;&#114;m&#x65;&#x6e;&#x2e;&#114;&#111;z&#x6d;&#x61;&#x6e;&#105;&#99;&#64;&#x75;&#x6e;&#x69;&#114;i&#46;&#x68;&#x72;\"><em>&#99;&#x61;&#x72;&#109;&#x65;&#x6e;&#46;&#x72;&#x6f;&#122;&#x6d;&#x61;&#110;&#x69;&#x63;&#64;&#x75;&#x6e;&#105;&#x72;&#x69;&#46;&#x68;&#x72;<\/em><\/a>&nbsp;<\/p>\n\n\n\n<ul class=\"wp-block-list\">\n<li><strong>Nonteaching staff<\/strong>\n<ul class=\"wp-block-list\">\n<li>Irena \u010ceple Nikoli\u0107, M.Ec.<\/li>\n<\/ul>\n<\/li>\n<\/ul>\n\n\n\n<p><em>E-mail:\u00a0<\/em><a href=\"m&#97;&#x69;&#x6c;t&#111;&#58;&#x69;&#x72;e&#110;&#97;&#x2e;&#x63;e&#112;&#x6c;&#x65;&#x2e;n&#105;&#x6b;&#x6f;l&#105;&#99;&#x40;&#x75;n&#105;&#114;&#x69;&#x2e;h&#114;\"><em>i&#114;&#x65;&#x6e;a&#46;&#x63;&#x65;p&#108;&#x65;&#x2e;n&#105;&#x6b;&#x6f;l&#105;&#x63;&#x40;u&#110;&#105;&#x72;&#x69;&#46;&#104;&#x72;<\/em><\/a><\/p>\n\n\n\n<ul class=\"wp-block-list\">\n<li>Cristina Paulovi\u0107, Ec.S.<\/li>\n<\/ul>\n\n\n\n<p><em>E-mail:&nbsp;<\/em><a href=\"&#109;a&#x69;l&#x74;o&#x3a;&#99;&#x72;&#105;&#x73;&#116;i&#x6e;a&#x2e;p&#x61;&#117;&#x6c;&#111;&#x76;&#105;&#x63;&#64;u&#x6e;i&#x72;i&#x2e;&#104;&#x72;\"><em>&#x63;&#x72;&#x69;&#x73;&#x74;&#x69;&#x6e;&#97;&#46;&#112;&#97;&#117;lovi&#x63;&#x40;&#x75;&#x6e;&#x69;&#x72;&#x69;&#x2e;&#104;&#114;<\/em><\/a>&nbsp;<\/p>\n\n\n\n<ul class=\"wp-block-list\">\n<li>Antonija \u0160arlija, M.Ec.<\/li>\n<\/ul>\n\n\n\n<p><em>E-mail:&nbsp;<\/em><a href=\"&#109;a&#x69;l&#x74;o&#x3a;a&#x6e;&#116;&#x6f;&#110;&#x69;&#106;&#x61;&#46;s&#97;r&#x6c;i&#x6a;a&#x40;&#117;&#x6e;&#105;&#x72;&#105;&#x2e;&#104;&#x72;\"><em>&#x61;&#x6e;&#x74;&#x6f;&#x6e;&#x69;&#106;&#97;&#46;&#115;arli&#x6a;&#x61;&#x40;&#x75;&#x6e;&#x69;&#114;&#105;&#46;&#104;&#114;<\/em><\/a>&nbsp;<\/p>\n\n\n\n<ul class=\"wp-block-list\">\n<li>Mijo Golemac, MD, pathology specialist<\/li>\n<\/ul>\n\n\n\n<p><em>E-mail:&nbsp;<\/em><a href=\"&#109;&#97;&#x69;l&#116;&#x6f;&#x3a;m&#105;&#x6a;&#x6f;&#46;&#103;&#x6f;l&#101;&#x6d;&#x61;c&#64;&#x75;&#x6e;i&#114;&#x69;&#46;&#104;&#x72;\"><em>&#x6d;i&#x6a;&#111;&#46;&#x67;&#111;&#x6c;&#101;m&#x61;&#99;&#x40;&#117;n&#x69;&#114;&#x69;&#x2e;h&#x72;<\/em><\/a><em>&nbsp;<\/em><\/p>\n\n\n\n<ul class=\"wp-block-list\">\n<li>Karmela Mikli\u0107, M.Sc.<\/li>\n<\/ul>\n\n\n\n<p><em>E-mail:&nbsp;<\/em><a href=\"&#109;&#97;&#x69;l&#116;&#x6f;&#x3a;k&#97;&#x72;&#x6d;e&#108;&#x61;&#x2e;m&#105;&#x6b;&#x6c;i&#99;&#x40;&#x6d;e&#100;&#x72;i&#46;&#117;&#x6e;i&#114;&#x69;&#x2e;h&#114;\" target=\"_blank\" rel=\"noreferrer noopener\"><em>&#x6b;&#97;&#x72;&#x6d;&#101;&#x6c;&#97;&#46;&#x6d;&#105;k&#x6c;&#105;c&#x40;&#117;n&#x69;&#114;&#x69;&#x2e;&#104;&#x72;<\/em><\/a>&nbsp;<\/p>\n\n\n\n<ul class=\"wp-block-list\">\n<li>Suzana Mali\u0107, M.Sc.<\/li>\n<\/ul>\n\n\n\n<p><em>E-mail:&nbsp;<\/em><a href=\"&#109;&#x61;&#105;&#x6c;t&#111;&#x3a;&#115;&#x75;z&#x61;n&#97;&#x2e;&#109;&#x61;l&#x69;&#x63;&#64;&#x6d;e&#x64;r&#105;&#x2e;&#117;&#x6e;i&#x72;i&#46;&#x68;&#114;\" target=\"_blank\" rel=\"noreferrer noopener\"><em>&#x73;&#x75;&#122;&#97;n&#x61;&#x2e;&#x6d;&#97;&#108;i&#x63;&#x40;&#x75;&#110;&#105;r&#x69;&#x2e;&#x68;&#114;<\/em><\/a>&nbsp;<\/p>\n\n\n\n<ul class=\"wp-block-list\">\n<li>Leonarda Mik\u0161a, M.Sc.EPH<\/li>\n<\/ul>\n\n\n\n<p><em>E-mail:&nbsp;<\/em><a href=\"m&#97;&#105;&#x6c;&#x74;&#x6f;:l&#101;&#111;&#x6e;&#x61;&#x72;d&#97;&#46;&#109;&#x69;&#x6b;&#x73;a&#64;&#117;&#x6e;&#x69;&#x72;i&#46;&#104;&#114;\"><em>&#108;&#x65;&#x6f;n&#97;&#x72;&#x64;a&#46;&#x6d;i&#107;&#x73;&#x61;&#64;&#117;&#x6e;i&#114;&#x69;&#x2e;h&#114;<\/em><\/a>&nbsp;<\/p>\n\n\n\n<ul class=\"wp-block-list\">\n<li>Vanja Bari\u010devi\u0107, M.Pharm.<\/li>\n<\/ul>\n\n\n\n<p><em>E-mail:&nbsp;<\/em><a href=\"&#109;&#97;&#x69;l&#116;&#x6f;&#x3a;v&#97;&#x6e;&#x6a;a&#46;&#x62;a&#114;&#x69;&#x63;e&#118;&#x69;&#x63;&#64;&#117;&#x6e;i&#114;&#x69;&#x2e;h&#114;\"><em>&#x76;&#x61;&#x6e;&#x6a;&#x61;&#x2e;&#x62;&#x61;&#114;&#105;&#99;&#101;&#118;&#105;&#99;&#64;uni&#x72;&#x69;&#x2e;&#x68;&#x72;<\/em><\/a>&nbsp;<\/p>\n\n\n\n<ul class=\"wp-block-list\">\n<li>\u0160pela Konjar, PhD, Marie Curie researcher<\/li>\n<\/ul>\n\n\n\n<p><em>E-mail:\u00a0<\/em><a rel=\"noreferrer noopener\" href=\"&#x6d;a&#x69;&#108;&#x74;&#x6f;:&#x73;&#112;&#x65;&#x6c;a&#x2e;&#107;&#x6f;&#x6e;j&#x61;&#114;&#x40;&#x75;n&#x69;&#114;&#x69;&#x2e;h&#x72;\" target=\"_blank\"><em>&#x73;&#x70;&#x65;&#x6c;&#x61;&#x2e;&#x6b;&#x6f;&#x6e;&#x6a;&#x61;&#x72;&#x40;&#x75;&#x6e;&#x69;&#x72;&#x69;&#x2e;&#x68;&#x72;<\/em><\/a><\/p>\n\n\n\n<ul class=\"wp-block-list\">\n<li>\u00a0Ema Bellulovich, M.Ed., Expert Associate<\/li>\n<\/ul>\n\n\n\n<p><em>E-mail:\u00a0<a href=\"&#109;&#x61;&#x69;l&#116;&#x6f;&#x3a;e&#109;&#x61;&#46;&#98;&#x65;&#x6c;l&#117;&#x6c;o&#118;&#x69;&#x63;h&#64;&#x75;&#x6e;&#105;&#x72;&#x69;&#46;&#104;&#x72;\">&#101;&#x6d;a&#x2e;b&#101;&#x6c;&#108;&#x75;l&#111;&#x76;&#105;&#x63;h&#x40;&#x75;&#110;&#x69;r&#x69;&#46;&#104;&#x72;<\/a><\/em><\/p>\n\n\n\n<ul class=\"wp-block-list\">\n<li>Hana Ma\u0161inovi\u0107, Laboratory Technician<\/li>\n<\/ul>\n\n\n\n<p><em>E-mail:\u00a0<a href=\"&#109;&#x61;&#105;&#x6c;t&#111;&#x3a;&#104;&#x61;n&#x61;&#46;&#109;&#x61;&#115;&#x69;n&#x6f;&#x76;&#105;&#x63;&#64;&#x75;n&#105;&#x72;&#105;&#x2e;h&#x72;\">&#104;&#97;&#x6e;&#x61;&#46;&#109;&#x61;&#x73;&#105;&#110;&#x6f;&#x76;&#105;&#99;&#x40;&#x75;&#110;&#105;&#x72;&#x69;&#46;&#104;&#x72;<\/a><\/em><\/p>\n","protected":false},"excerpt":{"rendered":"<p>Centre for ProteomicsFaculty of Medicine in RijekaBra\u0107e Branchetta 20, 51000 RijekaPhone: +385 51 651 260Phone: +385 51 651 250Phone: +385 51 651 280Phone: +385 51&nbsp;345 655 Contact Head:Asst. Prof. Ilija Brizi\u0107, PhDE-mail:\u00a0&#105;&#x6c;i&#106;&#x61;&#46;&#x62;&#x72;&#105;&#x7a;i&#99;&#x40;u&#110;&#x69;&#114;&#x69;&#46;&#104;&#x72;Phone: +385 51 651 235 About the Centre The Centre for Proteomics was established in 2006, focusing on the production and characterisation of monoclonal [&hellip;]<\/p>\n","protected":false},"author":4,"featured_media":0,"parent":13287,"menu_order":6,"comment_status":"closed","ping_status":"closed","template":"","meta":{"_acf_changed":false,"ub_ctt_via":"","footnotes":""},"class_list":["post-13299","page","type-page","status-publish","hentry"],"acf":[],"featured_image_src":null,"_links":{"self":[{"href":"https:\/\/medri.uniri.hr\/en\/wp-json\/wp\/v2\/pages\/13299","targetHints":{"allow":["GET"]}}],"collection":[{"href":"https:\/\/medri.uniri.hr\/en\/wp-json\/wp\/v2\/pages"}],"about":[{"href":"https:\/\/medri.uniri.hr\/en\/wp-json\/wp\/v2\/types\/page"}],"author":[{"embeddable":true,"href":"https:\/\/medri.uniri.hr\/en\/wp-json\/wp\/v2\/users\/4"}],"replies":[{"embeddable":true,"href":"https:\/\/medri.uniri.hr\/en\/wp-json\/wp\/v2\/comments?post=13299"}],"version-history":[{"count":6,"href":"https:\/\/medri.uniri.hr\/en\/wp-json\/wp\/v2\/pages\/13299\/revisions"}],"predecessor-version":[{"id":19956,"href":"https:\/\/medri.uniri.hr\/en\/wp-json\/wp\/v2\/pages\/13299\/revisions\/19956"}],"up":[{"embeddable":true,"href":"https:\/\/medri.uniri.hr\/en\/wp-json\/wp\/v2\/pages\/13287"}],"wp:attachment":[{"href":"https:\/\/medri.uniri.hr\/en\/wp-json\/wp\/v2\/media?parent=13299"}],"curies":[{"name":"wp","href":"https:\/\/api.w.org\/{rel}","templated":true}]}}