{"id":13303,"date":"2021-07-13T11:11:58","date_gmt":"2021-07-13T09:11:58","guid":{"rendered":"https:\/\/medri.uniri.hr\/?page_id=13303"},"modified":"2025-04-11T04:57:22","modified_gmt":"2025-04-11T02:57:22","slug":"faculty-secretarys-office","status":"publish","type":"page","link":"https:\/\/medri.uniri.hr\/en\/faculty\/organisational-units\/faculty-secretarys-office\/","title":{"rendered":"Faculty Secretary&#8217;s Office"},"content":{"rendered":"\n<p><em>E-mail:&nbsp;<\/em><a href=\"&#109;&#x61;i&#x6c;&#x74;&#111;&#x3a;d&#x65;&#x6b;&#97;&#x6e;a&#x74;&#x5f;&#109;&#x65;d&#x72;&#x69;&#64;&#x75;n&#x69;&#x72;&#105;&#x2e;h&#x72;\" target=\"_blank\" rel=\"noreferrer noopener\"><em>&#x64;e&#x6b;a&#x6e;&#97;&#x74;&#95;m&#x65;d&#x72;&#105;&#x40;&#117;&#x6e;&#105;r&#x69;&#46;&#x68;&#114;<\/em><\/a><em>&nbsp;&nbsp;&nbsp;<\/em><\/p>\n\n\n\n<p><strong>Faculty Secretary<\/strong><\/p>\n\n\n\n<p>NADIJA SURA\u0106, LLM&nbsp;&nbsp;<br><em>E-mail:&nbsp;<\/em><a href=\"&#x6d;a&#x69;&#108;&#x74;&#111;&#x3a;&#x6e;s&#x75;&#114;&#x61;&#99;&#x40;&#109;e&#x64;&#114;&#x69;&#46;&#x75;&#110;i&#x72;&#105;&#x2e;&#104;&#x72;\" target=\"_blank\" rel=\"noreferrer noopener\"><em>&#110;s&#x75;r&#x61;&#99;&#x40;&#109;&#x65;&#100;r&#x69;&#46;&#x75;&#110;&#x69;&#114;&#x69;&#46;&#x68;&#114;<\/em><\/a><em>&nbsp;&nbsp;<br>Phone: +385 (0)51 651 126<\/em>&nbsp;<\/p>\n\n\n\n<p>NINA VI\u010cI\u0106, M.Ec. \u2013 Senior Expert Advisor&nbsp;<br><em>E-mail:&nbsp;<\/em><a rel=\"noreferrer noopener\" href=\"m&#97;&#x69;&#x6c;t&#111;&#58;&#x6e;&#x69;n&#97;&#46;&#x76;&#x69;c&#105;&#x63;&#x40;&#x6d;e&#100;&#x72;&#x69;&#46;&#117;&#110;&#x69;&#x72;i&#46;&#104;&#x72;\" target=\"_blank\"><em>&#110;i&#x6e;a&#x2e;v&#x69;c&#x69;&#99;&#x40;&#109;&#x65;&#100;&#x72;&#105;&#46;&#117;n&#x69;r&#x69;&#46;&#x68;&#114;<\/em><\/a><em>&nbsp;<br>Phone: +385 (0)51 651 203<\/em><\/p>\n\n\n\n<p>MARINA KIRIN\u010cI\u0106 KE\u017dI\u0106 <br><em>E-mail:<\/em> <a href=\"m&#97;&#105;&#x6c;&#x74;o&#58;&#109;&#x61;&#x72;&#x69;n&#97;&#107;&#x6b;&#x40;me&#100;&#x72;&#x69;&#x2e;u&#110;&#105;&#x72;&#x69;&#46;h&#114;\"><em>m&#97;&#x72;&#x69;n&#97;&#x6b;&#x6b;&#64;&#109;&#x65;&#x64;r&#105;&#x2e;&#x75;n&#105;&#x72;&#x69;&#46;&#104;&#114;<\/em><\/a> <br><em>Phone:<\/em> <em>+385 (0)51 651 162<\/em><\/p>\n\n\n\n<p><\/p>\n","protected":false},"excerpt":{"rendered":"<p>E-mail:&nbsp;dekana&#116;&#95;&#109;&#101;&#100;&#114;&#105;&#x40;&#x75;&#x6e;&#x69;&#x72;&#x69;&#x2e;&#x68;&#x72;&nbsp;&nbsp;&nbsp; Faculty Secretary NADIJA SURA\u0106, LLM&nbsp;&nbsp;E-mail:&nbsp;&#110;&#x73;u&#x72;&#x61;&#99;&#x40;m&#101;&#x64;&#114;&#x69;&#46;&#117;&#x6e;i&#x72;i&#46;&#x68;r&nbsp;&nbsp;Phone: +385 (0)51 651 126&nbsp; NINA VI\u010cI\u0106, M.Ec. \u2013 Senior Expert Advisor&nbsp;E-mail:&nbsp;n&#105;&#110;&#x61;&#x2e;&#x76;i&#99;&#105;&#x63;&#x40;&#x6d;ed&#114;&#x69;&#x2e;&#x75;ni&#114;&#105;&#x2e;&#x68;&#x72;&nbsp;Phone: +385 (0)51 651 203 MARINA KIRIN\u010cI\u0106 KE\u017dI\u0106 E-mail: &#x6d;&#x61;&#x72;&#x69;&#x6e;&#x61;&#x6b;&#x6b;&#64;&#109;&#101;&#100;&#114;&#105;&#46;unir&#x69;&#x2e;&#x68;&#x72; Phone: +385 (0)51 651 162<\/p>\n","protected":false},"author":4,"featured_media":0,"parent":13161,"menu_order":7,"comment_status":"closed","ping_status":"closed","template":"","meta":{"_acf_changed":false,"ub_ctt_via":"","footnotes":""},"class_list":["post-13303","page","type-page","status-publish","hentry"],"acf":[],"featured_image_src":null,"_links":{"self":[{"href":"https:\/\/medri.uniri.hr\/en\/wp-json\/wp\/v2\/pages\/13303","targetHints":{"allow":["GET"]}}],"collection":[{"href":"https:\/\/medri.uniri.hr\/en\/wp-json\/wp\/v2\/pages"}],"about":[{"href":"https:\/\/medri.uniri.hr\/en\/wp-json\/wp\/v2\/types\/page"}],"author":[{"embeddable":true,"href":"https:\/\/medri.uniri.hr\/en\/wp-json\/wp\/v2\/users\/4"}],"replies":[{"embeddable":true,"href":"https:\/\/medri.uniri.hr\/en\/wp-json\/wp\/v2\/comments?post=13303"}],"version-history":[{"count":4,"href":"https:\/\/medri.uniri.hr\/en\/wp-json\/wp\/v2\/pages\/13303\/revisions"}],"predecessor-version":[{"id":31726,"href":"https:\/\/medri.uniri.hr\/en\/wp-json\/wp\/v2\/pages\/13303\/revisions\/31726"}],"up":[{"embeddable":true,"href":"https:\/\/medri.uniri.hr\/en\/wp-json\/wp\/v2\/pages\/13161"}],"wp:attachment":[{"href":"https:\/\/medri.uniri.hr\/en\/wp-json\/wp\/v2\/media?parent=13303"}],"curies":[{"name":"wp","href":"https:\/\/api.w.org\/{rel}","templated":true}]}}