{"id":13307,"date":"2022-01-14T12:05:33","date_gmt":"2022-01-14T10:05:33","guid":{"rendered":"https:\/\/medri.uniri.hr\/?page_id=13307"},"modified":"2025-04-11T05:07:34","modified_gmt":"2025-04-11T03:07:34","slug":"office-of-finance-accounting-and-procurement","status":"publish","type":"page","link":"https:\/\/medri.uniri.hr\/en\/faculty\/organisational-units\/professional-administrative-services\/office-of-finance-accounting-and-procurement\/","title":{"rendered":"Office of Finance, Accounting and Procurement"},"content":{"rendered":"\n<ul class=\"wp-block-list\">\n<li>ALEKSANDAR \u0110UKI\u0106, M.Ec. \u2013 Office Head\n<ul class=\"wp-block-list\">\n<li><em>E-mail:&nbsp;<\/em><a href=\"&#109;a&#x69;l&#x74;o&#x3a;&#97;&#x6c;&#101;&#x6b;&#115;a&#x6e;d&#x61;r&#x2e;&#100;&#x75;&#107;&#x69;&#99;&#x40;&#109;e&#x64;r&#x69;&#46;&#x75;&#110;&#x69;&#114;&#x69;&#46;&#x68;&#114;\" target=\"_blank\" rel=\"noreferrer noopener\"><em>&#97;&#x6c;e&#107;&#x73;a&#110;&#x64;a&#114;&#x2e;d&#117;&#x6b;i&#99;&#x40;m&#101;&#x64;r&#105;&#x2e;u&#110;&#x69;r&#105;&#x2e;h&#114;<\/em><\/a><em><\/em><\/li>\n\n\n\n<li><em>Phone: +385 (0)51 651 116<\/em><\/li>\n<\/ul>\n<\/li>\n<\/ul>\n\n\n\n<p><strong>Accounting and Finance Division<\/strong><\/p>\n\n\n\n<ul class=\"wp-block-list\">\n<li>Office hours of the Accounting and Finance Division:\n<ul class=\"wp-block-list\">\n<li>Monday\u2013Friday from 9 am to 3 pm<\/li>\n<\/ul>\n<\/li>\n<\/ul>\n\n\n\n<ul class=\"wp-block-list\">\n<li>MONIKA PETROV, M.Ec.\n<ul class=\"wp-block-list\">\n<li><em>E-mail:&nbsp;<\/em><a href=\"&#x6d;&#x61;&#105;&#108;t&#x6f;&#x3a;&#x6d;&#111;ni&#x6b;&#x61;&#46;&#112;e&#x74;&#x72;&#x6f;&#118;&#64;m&#x65;&#x64;&#114;&#105;&#46;&#x75;&#x6e;&#x69;&#114;i&#46;&#x68;&#x72;\" target=\"_blank\" rel=\"noreferrer noopener\"><em>&#109;&#x6f;n&#x69;k&#97;&#x2e;&#112;&#x65;t&#114;&#x6f;&#118;&#x40;m&#x65;&#x64;&#114;&#x69;&#46;&#x75;n&#105;&#x72;&#105;&#x2e;h&#114;<\/em><\/a><\/li>\n\n\n\n<li><em>Phone: +385 (0)51 651 223<\/em><\/li>\n<\/ul>\n<\/li>\n\n\n\n<li>NIKOLINA KOMLJENOVI\u0106, M.Ec.\n<ul class=\"wp-block-list\">\n<li><em>E-mail:&nbsp;<\/em><a href=\"&#109;&#x61;i&#108;&#x74;o&#x3a;&#x6e;&#105;&#x6b;o&#108;&#x69;n&#97;&#x2e;&#107;&#x6f;m&#108;&#x6a;e&#110;&#x6f;&#118;&#x69;&#x63;&#64;&#x6d;e&#100;&#x72;i&#x2e;&#x75;&#110;&#x69;r&#105;&#x2e;h&#114;\"><em>&#x6e;&#x69;&#x6b;&#x6f;&#x6c;&#x69;&#x6e;&#x61;&#x2e;&#x6b;&#x6f;&#x6d;&#x6c;&#x6a;&#101;&#110;&#111;&#118;&#105;&#99;&#64;&#109;&#101;&#100;&#114;i&#46;uniri&#46;&#x68;&#x72;<\/em><\/a><\/li>\n\n\n\n<li><em>Phone: +385 (0)51 651 224<\/em><\/li>\n<\/ul>\n<\/li>\n\n\n\n<li>NADA GRACIN, B.PA\n<ul class=\"wp-block-list\">\n<li><em>E-mail:&nbsp;<\/em><a href=\"&#x6d;&#x61;&#x69;&#x6c;&#x74;&#x6f;&#x3a;&#x6e;&#x61;&#x64;&#x61;&#46;&#103;&#114;&#97;&#99;&#105;&#110;&#64;medri&#x2e;&#x75;&#x6e;&#x69;&#x72;&#x69;&#x2e;&#x68;&#x72;\" target=\"_blank\" rel=\"noreferrer noopener\"><em>&#110;a&#100;a&#46;g&#x72;a&#x63;i&#x6e;&#64;&#x6d;e&#x64;r&#x69;&#46;&#x75;n&#x69;r&#x69;&#46;&#x68;&#114;<\/em><\/a><\/li>\n\n\n\n<li><em>Phone: +385 (0)51 651 158<\/em><\/li>\n<\/ul>\n<\/li>\n\n\n\n<li>\u017dELJKA VUKELI\u0106\n<ul class=\"wp-block-list\">\n<li><em>E-mail:&nbsp;<\/em><a href=\"&#109;a&#x69;l&#x74;o&#x3a;z&#x65;l&#x6a;k&#x61;&#46;&#x76;&#117;&#x6b;&#101;&#x6c;&#105;&#x63;&#64;&#x6d;&#101;&#x64;&#114;i&#x2e;u&#x6e;i&#x72;i&#x2e;h&#x72;\" target=\"_blank\" rel=\"noreferrer noopener\"><em>ze&#108;&#106;&#x6b;&#x61;&#x2e;&#x76;uk&#101;&#108;&#x69;&#x63;&#x40;&#x6d;ed&#114;&#105;&#46;&#x75;&#x6e;&#x69;&#x72;i&#46;&#104;&#114;<\/em><\/a><\/li>\n\n\n\n<li><em>Phone: 051 651 118<\/em><\/li>\n<\/ul>\n<\/li>\n\n\n\n<li>RAJKA PAU\u0160I\u0106\n<ul class=\"wp-block-list\">\n<li><em>E-mail:&nbsp;<\/em><a href=\"&#109;&#x61;i&#x6c;t&#111;&#x3a;&#114;&#x61;j&#107;&#x61;&#46;&#x70;a&#x75;&#x73;&#105;&#x63;&#64;&#x6d;e&#100;&#x72;&#105;&#x2e;u&#110;&#x69;&#114;&#x69;&#46;&#104;&#x72;\" target=\"_blank\" rel=\"noreferrer noopener\"><em>&#x72;&#97;&#106;k&#x61;&#x2e;&#112;a&#x75;&#x73;&#105;c&#64;&#x6d;&#101;&#100;r&#x69;&#x2e;&#117;n&#x69;&#x72;&#105;&#46;h&#x72;<\/em><\/a><\/li>\n\n\n\n<li><em>Phone: +385 (0)51 651 244<\/em><\/li>\n<\/ul>\n<\/li>\n\n\n\n<li>IVANA BOGATI MURETA, Ec.S.\n<ul class=\"wp-block-list\">\n<li><em>E-mail:&nbsp;<\/em><a href=\"&#109;a&#x69;l&#x74;o&#x3a;i&#x76;a&#x6e;a&#x62;&#109;&#x40;&#109;&#x65;&#100;&#x72;&#105;&#x2e;&#117;&#x6e;&#105;&#x72;&#105;&#46;&#x68;r\" target=\"_blank\" rel=\"noreferrer noopener\"><em>&#x69;&#x76;&#x61;&#x6e;&#97;&#98;m&#64;m&#x65;&#x64;&#x72;&#x69;&#46;&#117;nir&#x69;&#x2e;&#x68;&#x72;<\/em><\/a><\/li>\n\n\n\n<li><em>Phone: +385 (0)51 651 905<\/em><\/li>\n<\/ul>\n<\/li>\n\n\n\n<li>STO\u0160IJA BALJAK GR\u017dAN\u010cI\u0106\n<ul class=\"wp-block-list\">\n<li><em>E-mail:&nbsp;<\/em><a rel=\"noreferrer noopener\" href=\"&#x6d;&#97;i&#x6c;&#116;o&#x3a;&#x69;&#114;&#x65;&#x6e;&#97;&#46;&#x63;&#101;p&#x6c;&#x65;&#46;&#x6e;&#x69;&#107;o&#x6c;&#105;c&#x40;&#x6d;&#101;&#x64;&#x72;&#105;&#46;&#x75;&#110;i&#x72;&#x69;&#46;&#x68;&#x72;\" target=\"_blank\"><em><em><\/em><\/em><\/a><em><em><a rel=\"noreferrer noopener\" href=\"&#x6d;&#97;&#105;&#x6c;&#x74;&#111;&#58;&#x73;&#x74;&#111;&#115;&#x69;&#x6a;&#97;&#98;&#x67;&#x40;&#109;&#101;&#x64;&#x72;&#105;&#46;&#x75;&#x6e;&#105;&#114;&#x69;&#x2e;&#104;&#114;\" target=\"_blank\">&#x73;&#x74;&#x6f;&#x73;&#x69;&#x6a;&#x61;&#x62;&#103;&#64;&#109;&#101;&#100;&#114;&#105;&#46;uni&#x72;&#x69;&#x2e;&#x68;&#x72;<\/a><\/em><\/em><\/li>\n\n\n\n<li><em>Phone: +385 (0)51 651 117<\/em><\/li>\n<\/ul>\n<\/li>\n<\/ul>\n\n\n\n<p><strong>Procurement Division<\/strong><\/p>\n\n\n\n<ul class=\"wp-block-list\">\n<li>VANA PERSEN, M.QMH\n<ul class=\"wp-block-list\">\n<li><em>E-mail:&nbsp;<\/em><a href=\"&#x6d;&#x61;&#x69;&#108;&#116;&#111;:v&#x61;&#x6e;&#x61;&#x2e;&#112;&#101;rs&#x65;&#x6e;&#x40;&#x6d;&#101;&#100;ri&#x2e;&#x75;&#x6e;&#x69;&#114;&#105;&#46;hr\" target=\"_blank\" rel=\"noreferrer noopener\"><em>&#x76;&#97;&#x6e;&#x61;&#46;&#x70;&#101;r&#x73;&#101;n&#x40;&#109;e&#x64;&#114;i&#x2e;&#117;&#x6e;&#x69;&#114;&#x69;&#x2e;&#104;&#x72;<\/em><\/a><em>&nbsp;<\/em><\/li>\n\n\n\n<li><em>Phone: + 385 (0)51 651 222<\/em>&nbsp;<\/li>\n<\/ul>\n<\/li>\n\n\n\n<li>BARBARA KRPAN FU\u0106AK, M.Ec.\n<ul class=\"wp-block-list\">\n<li><em>E-mail:&nbsp;<\/em><a href=\"&#109;a&#105;l&#116;o&#x3a;b&#x61;r&#x62;a&#x72;a&#x2e;k&#x72;p&#x61;n&#x2e;f&#x75;c&#x61;&#107;&#x40;&#109;&#x65;&#100;&#x72;&#105;&#x2e;&#117;&#x6e;&#105;&#x72;&#105;&#x2e;&#104;&#x72;\" target=\"_blank\" rel=\"noreferrer noopener\"><em>&#x62;&#97;&#x72;&#x62;&#97;&#x72;&#97;&#46;&#x6b;&#114;p&#x61;&#110;&#46;&#x66;&#117;c&#x61;&#107;&#x40;&#x6d;&#101;&#x64;&#x72;&#105;&#x2e;&#117;n&#x69;&#114;i&#x2e;&#104;r<\/em><\/a><em>&nbsp;<\/em><\/li>\n\n\n\n<li><em>Phone: +385 (0)51 498 302<\/em>&nbsp;<\/li>\n<\/ul>\n<\/li>\n\n\n\n<li>OLGA SIN\u010cI\u0106, M.Ec.\n<ul class=\"wp-block-list\">\n<li><em>E-mail:&nbsp;<\/em><a rel=\"noreferrer noopener\" href=\"m&#97;&#105;&#x6c;&#x74;&#x6f;&#x3a;o&#108;&#103;&#97;&#x2e;&#x73;&#x69;nc&#105;&#99;&#x40;&#x75;&#x6e;ir&#105;&#46;&#x68;&#x72;\" target=\"_blank\"><em>&#111;&#x6c;g&#97;&#x2e;s&#105;&#x6e;c&#105;&#x63;&#64;&#109;&#x65;&#100;&#x72;&#x69;&#46;&#x75;&#x6e;&#105;&#x72;i&#46;&#x68;r<\/em><\/a><em>&nbsp;<\/em><\/li>\n\n\n\n<li><em>Phone: +385 (0)51 651 125&nbsp;<\/em><\/li>\n<\/ul>\n<\/li>\n\n\n\n<li>HELENA DOMINES\n<ul class=\"wp-block-list\">\n<li><em>E-mail:&nbsp;<\/em><a href=\"&#109;&#x61;i&#108;&#x74;o&#58;&#x68;e&#x6c;&#x65;&#110;&#x61;&#46;&#100;&#x6f;m&#105;&#x6e;e&#x73;&#x40;&#109;&#x65;&#x64;&#114;&#x69;&#46;&#117;&#x6e;i&#114;&#x69;&#46;&#x68;&#x72;\"><em>&#x68;&#101;&#108;&#x65;&#x6e;&#97;&#46;&#x64;&#x6f;&#109;&#105;&#x6e;&#x65;&#115;&#64;&#x6d;&#x65;&#100;&#114;&#x69;&#x2e;&#117;&#110;&#x69;&#x72;&#105;&#46;&#x68;&#x72;<\/em><\/a><em>&nbsp;<\/em><\/li>\n\n\n\n<li><em>Phone: +385 (0)51 651 115<\/em><\/li>\n<\/ul>\n<\/li>\n<\/ul>\n","protected":false},"excerpt":{"rendered":"<p>Accounting and Finance Division Procurement Division<\/p>\n","protected":false},"author":4,"featured_media":0,"parent":13305,"menu_order":1,"comment_status":"closed","ping_status":"closed","template":"","meta":{"_acf_changed":false,"ub_ctt_via":"","footnotes":""},"class_list":["post-13307","page","type-page","status-publish","hentry"],"acf":[],"featured_image_src":null,"_links":{"self":[{"href":"https:\/\/medri.uniri.hr\/en\/wp-json\/wp\/v2\/pages\/13307","targetHints":{"allow":["GET"]}}],"collection":[{"href":"https:\/\/medri.uniri.hr\/en\/wp-json\/wp\/v2\/pages"}],"about":[{"href":"https:\/\/medri.uniri.hr\/en\/wp-json\/wp\/v2\/types\/page"}],"author":[{"embeddable":true,"href":"https:\/\/medri.uniri.hr\/en\/wp-json\/wp\/v2\/users\/4"}],"replies":[{"embeddable":true,"href":"https:\/\/medri.uniri.hr\/en\/wp-json\/wp\/v2\/comments?post=13307"}],"version-history":[{"count":6,"href":"https:\/\/medri.uniri.hr\/en\/wp-json\/wp\/v2\/pages\/13307\/revisions"}],"predecessor-version":[{"id":31733,"href":"https:\/\/medri.uniri.hr\/en\/wp-json\/wp\/v2\/pages\/13307\/revisions\/31733"}],"up":[{"embeddable":true,"href":"https:\/\/medri.uniri.hr\/en\/wp-json\/wp\/v2\/pages\/13305"}],"wp:attachment":[{"href":"https:\/\/medri.uniri.hr\/en\/wp-json\/wp\/v2\/media?parent=13307"}],"curies":[{"name":"wp","href":"https:\/\/api.w.org\/{rel}","templated":true}]}}