{"id":13316,"date":"2022-01-14T12:07:24","date_gmt":"2022-01-14T10:07:24","guid":{"rendered":"https:\/\/medri.uniri.hr\/?page_id=13316"},"modified":"2025-10-01T11:14:45","modified_gmt":"2025-10-01T09:14:45","slug":"office-of-science-projects-and-doctoral-studies","status":"publish","type":"page","link":"https:\/\/medri.uniri.hr\/en\/faculty\/organisational-units\/professional-administrative-services\/office-of-science-projects-and-doctoral-studies\/","title":{"rendered":"Office of Science, Projects and Doctoral Studies"},"content":{"rendered":"\n<p class=\"has-medium-font-size\"><strong>Doctoral Studies<\/strong><\/p>\n\n\n\n<ul class=\"wp-block-list\">\n<li>MAMAJA JAN\u010cI\u0106, M.Ec. \u2013 Office Head\n<ul class=\"wp-block-list\">\n<li><em>E-mail:\u202f<\/em><a href=\"&#x6d;&#x61;&#x69;&#x6c;&#116;&#111;&#58;ma&#x6d;&#x61;&#x6a;&#x61;&#x2e;&#106;&#97;&#110;ci&#x63;&#x40;&#x6d;&#x65;&#x64;&#114;&#105;&#46;un&#x69;&#x72;&#x69;&#x2e;&#x68;&#114;\" target=\"_blank\" rel=\"noreferrer noopener\"><em>ma&#109;&#97;&#106;&#x61;&#x2e;&#x6a;&#x61;&#x6e;ci&#99;&#64;&#109;&#x65;&#x64;&#x72;&#x69;&#x2e;un&#105;&#114;&#105;&#x2e;&#x68;&#x72;<\/em><\/a><em>&nbsp;<\/em><\/li>\n\n\n\n<li><em>Phone: +385 (0)51 651 157<\/em><\/li>\n<\/ul>\n<\/li>\n\n\n\n<li>ANTONELA KLOKO\u010cKI, \n<ul class=\"wp-block-list\">\n<li><em>E-mail: <\/em><a href=\"&#x61;&#x6e;&#x74;&#x6f;&#x6e;&#x65;&#x6c;&#x61;&#x2e;&#x6b;&#x6c;&#x6f;&#x6b;&#x6f;&#x63;&#x6b;&#x69;&#x40;&#x6d;&#x65;&#x64;&#x72;&#x69;&#x2e;&#x75;&#x6e;&#x69;&#x72;&#x69;&#x2e;&#x68;&#x72;\" data-type=\"link\" data-id=\"&#x61;&#110;t&#x6f;&#x6e;&#101;l&#x61;&#x2e;&#107;l&#x6f;&#x6b;&#111;c&#x6b;&#x69;&#64;m&#x65;&#100;&#114;i&#x2e;&#117;n&#x69;&#x72;&#105;&#46;&#x68;&#x72;\"><em>&#97;&#x6e;&#116;&#x6f;&#110;&#x65;l&#x61;&#46;&#x6b;l&#111;&#x6b;&#111;&#x63;&#107;&#x69;&#64;&#x6d;e&#x64;r&#x69;&#46;&#117;&#x6e;&#105;&#x72;&#105;&#x2e;&#104;&#x72;<\/em> <\/a><\/li>\n\n\n\n<li><em>Phone: + 385 (0)51 <\/em>554 901<\/li>\n<\/ul>\n<\/li>\n<\/ul>\n\n\n\n<p class=\"has-medium-font-size\"><strong>Science and Projects<\/strong><\/p>\n\n\n\n<ul class=\"wp-block-list\">\n<li>ADRIJANA JUKI\u0106, M.Ec.\n<ul class=\"wp-block-list\">\n<li><em>E-mail: <a href=\"&#109;&#x61;i&#x6c;&#x74;&#111;&#x3a;a&#x64;&#x72;&#105;&#x6a;a&#x6e;&#x61;&#46;&#x6a;u&#x6b;&#x69;&#99;&#x40;m&#x65;&#x64;&#114;&#x69;&#46;&#x75;&#x6e;&#105;&#x72;i&#x2e;&#x68;&#114;\">&#x61;&#100;&#x72;&#x69;j&#x61;&#110;a&#x2e;&#106;u&#x6b;&#105;&#x63;&#x40;m&#x65;&#100;r&#x69;&#46;u&#x6e;&#105;&#x72;&#x69;&#46;&#x68;&#x72;<\/a><\/em><\/li>\n\n\n\n<li><em>Phone<\/em>: <em>+ 385 (0) 51 651 287<\/em><\/li>\n<\/ul>\n<\/li>\n\n\n\n<li>SA\u0160A \u0106IKOVI\u0106, M.Ec.\n<ul class=\"wp-block-list\">\n<li><em>E-mail: <a href=\"&#109;a&#x69;l&#x74;&#111;&#x3a;&#115;&#x61;&#115;a&#x2e;c&#x69;&#107;&#x6f;&#118;&#x69;&#99;&#x40;&#109;e&#x64;r&#x69;&#46;&#x75;&#110;&#x69;&#114;i&#x2e;h&#x72;\">&#x73;&#x61;&#x73;&#x61;&#x2e;&#x63;&#x69;&#x6b;&#x6f;&#x76;&#x69;&#x63;&#x40;&#x6d;&#x65;&#x64;&#x72;&#x69;&#x2e;&#x75;&#x6e;&#x69;&#114;&#105;&#46;&#104;&#114;<\/a><\/em><\/li>\n\n\n\n<li><em>Phone: + 385 (0)51 651 281<\/em><\/li>\n<\/ul>\n<\/li>\n<\/ul>\n\n\n\n<p>E-mail address for information regarding projects: <a href=\"m&#97;&#105;&#x6c;&#x74;o:&#112;&#114;&#x6f;&#x6a;ek&#116;&#105;&#x40;&#x6d;ed&#114;&#x69;&#x2e;&#x75;n&#105;&#114;&#x69;&#x2e;&#x68;r\">&#112;r&#x6f;j&#x65;&#107;&#x74;&#105;&#x40;&#109;e&#x64;r&#x69;&#46;&#x75;&#110;&#x69;&#114;&#x69;&#46;h&#x72;<\/a><\/p>\n","protected":false},"excerpt":{"rendered":"<p>Doctoral Studies Science and Projects E-mail address for information regarding projects: &#x70;&#x72;&#x6f;&#x6a;&#x65;&#x6b;&#x74;&#x69;&#x40;&#x6d;&#x65;&#x64;&#x72;&#x69;&#46;&#117;&#110;&#105;&#114;&#105;&#46;&#104;&#114;<\/p>\n","protected":false},"author":4,"featured_media":0,"parent":13305,"menu_order":5,"comment_status":"closed","ping_status":"closed","template":"","meta":{"_acf_changed":false,"ub_ctt_via":"","footnotes":""},"class_list":["post-13316","page","type-page","status-publish","hentry"],"acf":[],"featured_image_src":null,"_links":{"self":[{"href":"https:\/\/medri.uniri.hr\/en\/wp-json\/wp\/v2\/pages\/13316","targetHints":{"allow":["GET"]}}],"collection":[{"href":"https:\/\/medri.uniri.hr\/en\/wp-json\/wp\/v2\/pages"}],"about":[{"href":"https:\/\/medri.uniri.hr\/en\/wp-json\/wp\/v2\/types\/page"}],"author":[{"embeddable":true,"href":"https:\/\/medri.uniri.hr\/en\/wp-json\/wp\/v2\/users\/4"}],"replies":[{"embeddable":true,"href":"https:\/\/medri.uniri.hr\/en\/wp-json\/wp\/v2\/comments?post=13316"}],"version-history":[{"count":11,"href":"https:\/\/medri.uniri.hr\/en\/wp-json\/wp\/v2\/pages\/13316\/revisions"}],"predecessor-version":[{"id":35056,"href":"https:\/\/medri.uniri.hr\/en\/wp-json\/wp\/v2\/pages\/13316\/revisions\/35056"}],"up":[{"embeddable":true,"href":"https:\/\/medri.uniri.hr\/en\/wp-json\/wp\/v2\/pages\/13305"}],"wp:attachment":[{"href":"https:\/\/medri.uniri.hr\/en\/wp-json\/wp\/v2\/media?parent=13316"}],"curies":[{"name":"wp","href":"https:\/\/api.w.org\/{rel}","templated":true}]}}