{"id":13320,"date":"2022-01-14T12:08:41","date_gmt":"2022-01-14T10:08:41","guid":{"rendered":"https:\/\/medri.uniri.hr\/?page_id=13320"},"modified":"2024-02-19T13:37:32","modified_gmt":"2024-02-19T11:37:32","slug":"technical-services-and-maintenance","status":"publish","type":"page","link":"https:\/\/medri.uniri.hr\/en\/faculty\/organisational-units\/professional-administrative-services\/technical-services-and-maintenance\/","title":{"rendered":"Technical Services and Maintenance"},"content":{"rendered":"\n<ul class=\"wp-block-list\">\n<li>KRE\u0160IMIR BOR\u010cI\u0106, M.CE \u2013 Head of the Technical Services and Maintenance\n<ul class=\"wp-block-list\">\n<li><em>E-mail:\u202f<\/em><a href=\"&#109;&#x61;i&#108;&#x74;o&#58;&#x69;v&#97;&#x6e;&#46;&#98;&#x72;&#100;&#x61;&#x72;&#64;&#x75;&#x6e;&#105;&#x72;i&#46;&#x68;r\" target=\"_blank\" rel=\"noreferrer noopener\"><em>&#x6b;&#x72;&#x65;&#x73;&#105;&#109;&#105;r&#46;&#x62;&#x6f;&#x72;&#x63;&#x69;&#99;&#64;&#109;ed&#x72;&#x69;&#x2e;&#x75;&#x6e;&#105;&#114;&#105;&#46;h&#x72;<\/em><\/a><em>\u202f<\/em><\/li>\n\n\n\n<li><em>Mobile phone: +385 (0)51 651 113<\/em><\/li>\n<\/ul>\n<\/li>\n\n\n\n<li>ADEVIJA ADA BILAJAC \u2013 Administrative Officer \/ room reservation\n<ul class=\"wp-block-list\">\n<li><em>E-mail:\u202f<\/em><a href=\"&#109;a&#x69;l&#x74;&#111;&#x3a;&#97;&#x64;&#101;v&#x69;j&#x61;&#46;&#x61;&#100;&#x61;&#46;&#x62;&#105;l&#x61;j&#x61;&#99;&#x40;&#117;&#x6e;&#105;r&#x69;&#46;&#x68;&#114;\" target=\"_blank\" rel=\"noreferrer noopener\"><em>&#97;&#x64;&#x65;v&#105;&#x6a;a&#46;&#x61;&#x64;a&#46;&#x62;i&#108;&#x61;&#x6a;a&#99;&#x40;m&#101;&#x64;&#x72;&#105;&#46;&#x75;n&#105;&#x72;&#x69;&#46;&#x68;&#x72;<\/em><\/a><\/li>\n\n\n\n<li><em>Phone: +385 (0)51 554 918<\/em><\/li>\n<\/ul>\n<\/li>\n\n\n\n<li>DANIJELA SERGO \u2013 Head of the Cleaning Service\n<ul class=\"wp-block-list\">\n<li><em>E-mail:\u202f<\/em><a href=\"mailto:danij&#101;&#108;&#97;&#46;&#115;&#101;&#114;&#103;&#111;&#64;&#117;&#110;&#105;&#114;&#105;&#x2e;&#x68;&#x72;\" target=\"_blank\" rel=\"noreferrer noopener\"><em>&#100;&#x61;&#110;&#x69;&#106;&#x65;&#108;&#x61;&#46;&#x73;&#101;&#x72;&#103;&#x6f;&#64;&#x6d;&#101;&#x64;&#114;&#x69;&#46;&#x75;&#110;&#x69;&#114;&#x69;&#46;&#x68;&#114;<\/em><\/a><\/li>\n\n\n\n<li><em>Phone: +385 (0)51 651 251<\/em><\/li>\n<\/ul>\n<\/li>\n\n\n\n<li>Cleaning service:\n<ul class=\"wp-block-list\">\n<li>IVANKA CREVAR<\/li>\n\n\n\n<li>\u0160TEFICA \u0160NELER<\/li>\n\n\n\n<li>RU\u017dA VIJA\u010cKI\u0106<\/li>\n\n\n\n<li>\u0110ENKA BAKI\u0106<\/li>\n\n\n\n<li>DENIZIJA SERGO-ERBE\u017dNIK<\/li>\n\n\n\n<li>MARINA VACCARO<\/li>\n\n\n\n<li>JADRANKA KI\u0160AK<\/li>\n<\/ul>\n<\/li>\n\n\n\n<li>DALIBOR PO\u0160MUGA \u2013 Head of the central heating system<\/li>\n\n\n\n<li>RENATO CATTARINUZZI \u2013 Head of the boiler house<\/li>\n\n\n\n<li>ROSAN KOMU\u0160ANAC \u2013 handyman \u2013 plumber<\/li>\n\n\n\n<li>ALAN VUKELI\u0106 \u2013 handyman \u2013 gardener<\/li>\n\n\n\n<li>LUKA MATI\u010cEVI\u0106 \u2013 handyman<\/li>\n\n\n\n<li>Gatekeepers:<\/li>\n\n\n\n<li>DAMIR KOVA\u010cEVI\u0106 \u2013 Head of the gatekeeping service\n<ul class=\"wp-block-list\">\n<li><em>Mobile phone: +385 (0)91 165 1111<\/em><\/li>\n\n\n\n<li><em>E-mail: &#x64;k&#x6f;&#118;&#x61;&#x63;e&#x76;&#105;&#x63;&#x40;m&#x65;&#100;&#x72;&#x69;&#46;&#x75;&#110;&#x69;&#x72;i&#x2e;&#104;&#x72;<\/em><\/li>\n<\/ul>\n<\/li>\n\n\n\n<li>ALEN SIM\u010cI\u0106 \u2013 gatekeeper\n<ul class=\"wp-block-list\">\n<li><em>Phone: +385 (0)51 651 111<\/em><\/li>\n\n\n\n<li><em>Mobile phone: +385 (0)91 1651 111<\/em><\/li>\n<\/ul>\n<\/li>\n<\/ul>\n\n\n\n<p>Office of Workplace Safety and Fire Prevention<\/p>\n\n\n\n<ul class=\"wp-block-list\">\n<li>ZORKO DEKANI\u0106, M.Sc.Mech.Eng.&nbsp;(absent)<br>Occupational Health and Safety Specialist, II degree \/ Certified Fire Protection Specialist\n<ul class=\"wp-block-list\">\n<li><em>E-mail:\u202f<\/em><a href=\"m&#97;&#x69;&#x6c;&#x74;o&#58;&#122;&#x6f;&#x72;k&#111;&#46;&#x64;&#x65;ka&#110;&#x69;&#x63;&#x40;m&#101;&#x64;&#x72;&#x69;&#46;&#117;&#110;&#x69;&#x72;i&#46;&#104;&#x72;\" target=\"_blank\" rel=\"noreferrer noopener\"><em>&#122;&#x6f;&#x72;&#107;&#x6f;&#x2e;d&#x65;&#x6b;a&#110;&#x69;c&#64;&#x6d;e&#100;&#x72;i&#46;&#x75;n&#105;&#x72;&#x69;&#46;&#x68;&#x72;<\/em><\/a><em>\u202f&nbsp;<\/em><\/li>\n\n\n\n<li><em>Phone: +385 (0)51 651 112&nbsp;<\/em><\/li>\n<\/ul>\n<\/li>\n\n\n\n<li>ROZALIJA TOT VRANI\u0106, M.Eng.<br>Occupational Health and Safety Specialist, II degree \/ Certified Fire Protection Specialist\n<ul class=\"wp-block-list\">\n<li><em>E-mail: <u>rozalijatv<\/u><\/em><a href=\"&#x6d;&#x61;&#105;l&#x74;&#x6f;&#58;&#110;i&#x76;&#x65;&#115;&#46;t&#x72;&#x61;&#109;pu&#x7a;&#x40;&#109;e&#x64;&#x72;&#105;&#46;u&#x6e;&#x69;&#114;&#105;&#46;&#x68;&#x72;\" target=\"_blank\" rel=\"noreferrer noopener\"><em>@medri.uniri.hr<\/em><\/a><\/li>\n\n\n\n<li><em>Phone: +385 (0)51 651 112<\/em><\/li>\n\n\n\n<li><em>Mobile phone: +385 (0)91 165 1239<\/em><\/li>\n<\/ul>\n<\/li>\n<\/ul>\n","protected":false},"excerpt":{"rendered":"<p>Office of Workplace Safety and Fire Prevention<\/p>\n","protected":false},"author":4,"featured_media":0,"parent":13305,"menu_order":7,"comment_status":"closed","ping_status":"closed","template":"","meta":{"_acf_changed":false,"ub_ctt_via":"","footnotes":""},"class_list":["post-13320","page","type-page","status-publish","hentry"],"acf":[],"featured_image_src":null,"_links":{"self":[{"href":"https:\/\/medri.uniri.hr\/en\/wp-json\/wp\/v2\/pages\/13320","targetHints":{"allow":["GET"]}}],"collection":[{"href":"https:\/\/medri.uniri.hr\/en\/wp-json\/wp\/v2\/pages"}],"about":[{"href":"https:\/\/medri.uniri.hr\/en\/wp-json\/wp\/v2\/types\/page"}],"author":[{"embeddable":true,"href":"https:\/\/medri.uniri.hr\/en\/wp-json\/wp\/v2\/users\/4"}],"replies":[{"embeddable":true,"href":"https:\/\/medri.uniri.hr\/en\/wp-json\/wp\/v2\/comments?post=13320"}],"version-history":[{"count":6,"href":"https:\/\/medri.uniri.hr\/en\/wp-json\/wp\/v2\/pages\/13320\/revisions"}],"predecessor-version":[{"id":22578,"href":"https:\/\/medri.uniri.hr\/en\/wp-json\/wp\/v2\/pages\/13320\/revisions\/22578"}],"up":[{"embeddable":true,"href":"https:\/\/medri.uniri.hr\/en\/wp-json\/wp\/v2\/pages\/13305"}],"wp:attachment":[{"href":"https:\/\/medri.uniri.hr\/en\/wp-json\/wp\/v2\/media?parent=13320"}],"curies":[{"name":"wp","href":"https:\/\/api.w.org\/{rel}","templated":true}]}}