{"id":13351,"date":"2021-05-27T09:04:06","date_gmt":"2021-05-27T07:04:06","guid":{"rendered":"https:\/\/medri.uniri.hr\/?page_id=13351"},"modified":"2023-04-28T13:13:06","modified_gmt":"2023-04-28T11:13:06","slug":"quality-assurance","status":"publish","type":"page","link":"https:\/\/medri.uniri.hr\/en\/faculty\/quality-assurance\/","title":{"rendered":"Quality assurance"},"content":{"rendered":"\n<p>The quality assurance and improvement system of the Faculty of Medicine in Rijeka is based on principles, criteria and methods for planning, monitoring, evaluating and proposing measures to improve the system in accordance with the standards from the Act on Quality Assurance in Science and Higher Education, Standards and Guidelines for Quality Assurance in the European Higher Education Area, University of Rijeka Statute and Faculty of Medicine Statute. In addition to the Ordinance on Quality Assurance and Improvement System of the University of Rijeka and the Quality Assurance Manual of the University of Rijeka, the quality assurance and improvement system is also defined by the Ordinance on the Quality Assurance and Improvement System of the Faculty of Medicine in Rijeka and the Quality Assurance Manual of the Faculty of Medicine in Rijeka. The aim of the quality assurance and improvement system of the Faculty of Medicine in Rijeka is to continuously promote quality and build institutional mechanisms for systematic evaluation and coordination of initiatives and development programmes with the permanent purpose of quality assurance and improvement and promotion of high standards of professional development of students, teachers, associates, administrative and technical staff, administration, library staff and external associates in all Faculty\u2019s domains. In accordance with the mission, vision and goals of the Faculty of Medicine of the University of Rijeka defined in the Strategic Development Plan of the Faculty of Medicine of the University of Rijeka 2019\u20132025, the Faculty is committed to the continuous development of quality systems in all segments of its activity. The quality policy is based on:<\/p>\n\n\n\n<ul class=\"wp-block-list\">\n<li>continuous quality assurance and improvement system based on Standards and Guidelines for Quality Assurance in the European Higher Education Area and national, University\u2019s and Faculty\u2019s criteria<\/li>\n\n\n\n<li>supporting the active participation of all organisational structures, students and external stakeholders in taking responsibility for quality in the fields of education, research, public function and organisation<\/li>\n\n\n\n<li>creating a supportive environment to promote quality with an emphasis on academic integrity, ethics, responsibility and ensuring equal opportunities for all employees and students<\/li>\n\n\n\n<li>developing partnerships with students, along with activities aimed at improving student standards and creating preconditions for encouraging student social activities<\/li>\n\n\n\n<li>development and innovation of study programmes and lifelong learning programmes based on the results of scientific research and harmonised with the labour market needs and promotion of student-centred learning with a high level of achieved learning outcomes<\/li>\n\n\n\n<li>strengthening the Faculty of Medicine as a dynamic research centre characterised by interdisciplinary and multidisciplinary research projects and encouraging cooperation with national and international scientific and higher education institutions<\/li>\n\n\n\n<li>greater mobility of students, teaching and non-teaching staff<\/li>\n\n\n\n<li>continuous monitoring and improvement of educational, scientific research and professional activities to ensure continuous quality improvement and competitiveness of teaching, scientific and professional work and to enable knowledge transfer in practice<\/li>\n\n\n\n<li>connecting teaching and research and strengthening the active role of the Faculty of Medicine in the development of its economy and community<\/li>\n\n\n\n<li>continuous monitoring of work quality indicators and periodic revision of the quality policy and strategy of the Faculty of Medicine in accordance with the indicators<\/li>\n\n\n\n<li>ensuring transparency, accountability and professionalism in all Faculty\u2019s activities and domains.<\/li>\n<\/ul>\n\n\n\n<p>Organisation<\/p>\n\n\n\n<p>Organisational units of the Faculty\u2019s quality assurance and improvement system are:<\/p>\n\n\n\n<p><strong>Quality Assurance and Improvement Committee<\/strong><\/p>\n\n\n\n<p>The Committee includes and coordinates all activities related to the quality system. The role and composition of the Committee are stipulated by the Ordinance on the Quality Assurance and Improvement System of the Faculty of Medicine in Rijeka.<\/p>\n\n\n\n<p>Members of the Quality Assurance and Improvement Committee:<\/p>\n\n\n\n<ol class=\"wp-block-list\" type=\"1\">\n<li>Asst. Prof. Kristina Lah Tomuli\u0107, MD, PhD \u2013 President of the Committee<\/li>\n\n\n\n<li>Asst. Prof. Bo\u017eena \u0106urko Cofek, MD, PhD \u2013 Deputy President of the Committee<\/li>\n\n\n\n<li>Prof. Sa\u0161a Ostoji\u0107, MD, PhD<\/li>\n\n\n\n<li>Asst. Prof. Valerija Majeti\u0107 Germek, PhD<\/li>\n\n\n\n<li>Prof. Goran Pal\u010devski, MD, PhD<\/li>\n\n\n\n<li>Prof. Jasenka Mr\u0161i\u0107-Pel\u010di\u0107, MD, PhD<\/li>\n\n\n\n<li>Valentina Mare\u010di\u0107, PhD<\/li>\n\n\n\n<li>Asst. Prof. Ana Bosak Ver\u0161i\u0107, MD, PhD<\/li>\n\n\n\n<li>Assoc. Prof. Nina Pereza. MD, PhD<\/li>\n\n\n\n<li>&nbsp;Assoc. Prof. Slaven Jurkovi\u0107, PhD<\/li>\n\n\n\n<li>&nbsp;Ivana \u0160krobonja, MD<\/li>\n\n\n\n<li>&nbsp;Valentina Bela\u0161i\u0107, M.Ec.<\/li>\n\n\n\n<li>&nbsp;Luka Delak, student<\/li>\n\n\n\n<li>&nbsp;Iva Kristi\u0107, student<\/li>\n<\/ol>\n\n\n\n<p><strong>Office of Student Affairs<\/strong><\/p>\n\n\n\n<p>In cooperation with the Quality Assurance and Improvement Committee, the expert advisor for Quality Improvement and Student Affairs from the Office of Student Affairs conducts quality assurance procedures at the Faculty. The expert advisor conducts analyses and collects information regarding quality from all relevant users and works closely with the University\u2019s Centre for Quality Assurance and Improvement and the University\u2019s Quality Assurance and Improvement Committee.<\/p>\n\n\n\n<p>Contact person: Valentina Bela\u0161i\u0107, M.Ec.<br>Phone: +385 51 651 228<br>E-mail:&nbsp;<a href=\"&#109;a&#x69;l&#x74;o&#x3a;v&#x61;&#108;&#x65;&#110;&#x74;&#105;&#x6e;&#97;&#46;&#98;e&#x6c;a&#x73;i&#x63;&#64;&#x6d;&#101;&#x64;&#114;&#x69;&#46;&#x75;&#110;i&#114;i&#x2e;h&#x72;\">vale&#110;&#116;&#105;&#110;&#97;&#46;&#98;&#x65;&#x6c;&#x61;&#x73;&#x69;&#x63;&#x40;&#x6d;&#x65;dri&#46;&#117;&#110;&#105;&#114;&#105;&#46;&#104;&#x72;<\/a><\/p>\n","protected":false},"excerpt":{"rendered":"<p>The quality assurance and improvement system of the Faculty of Medicine in Rijeka is based on principles, criteria and methods for planning, monitoring, evaluating and proposing measures to improve the system in accordance with the standards from the Act on Quality Assurance in Science and Higher Education, Standards and Guidelines for Quality Assurance in the [&hellip;]<\/p>\n","protected":false},"author":4,"featured_media":0,"parent":13149,"menu_order":7,"comment_status":"closed","ping_status":"closed","template":"","meta":{"_acf_changed":false,"ub_ctt_via":"","footnotes":""},"class_list":["post-13351","page","type-page","status-publish","hentry"],"acf":[],"featured_image_src":null,"_links":{"self":[{"href":"https:\/\/medri.uniri.hr\/en\/wp-json\/wp\/v2\/pages\/13351","targetHints":{"allow":["GET"]}}],"collection":[{"href":"https:\/\/medri.uniri.hr\/en\/wp-json\/wp\/v2\/pages"}],"about":[{"href":"https:\/\/medri.uniri.hr\/en\/wp-json\/wp\/v2\/types\/page"}],"author":[{"embeddable":true,"href":"https:\/\/medri.uniri.hr\/en\/wp-json\/wp\/v2\/users\/4"}],"replies":[{"embeddable":true,"href":"https:\/\/medri.uniri.hr\/en\/wp-json\/wp\/v2\/comments?post=13351"}],"version-history":[{"count":3,"href":"https:\/\/medri.uniri.hr\/en\/wp-json\/wp\/v2\/pages\/13351\/revisions"}],"predecessor-version":[{"id":17166,"href":"https:\/\/medri.uniri.hr\/en\/wp-json\/wp\/v2\/pages\/13351\/revisions\/17166"}],"up":[{"embeddable":true,"href":"https:\/\/medri.uniri.hr\/en\/wp-json\/wp\/v2\/pages\/13149"}],"wp:attachment":[{"href":"https:\/\/medri.uniri.hr\/en\/wp-json\/wp\/v2\/media?parent=13351"}],"curies":[{"name":"wp","href":"https:\/\/api.w.org\/{rel}","templated":true}]}}