{"id":13380,"date":"2021-05-27T12:11:41","date_gmt":"2021-05-27T10:11:41","guid":{"rendered":"https:\/\/medri.uniri.hr\/?page_id=13380"},"modified":"2025-03-14T13:14:24","modified_gmt":"2025-03-14T11:14:24","slug":"useful-links","status":"publish","type":"page","link":"https:\/\/medri.uniri.hr\/en\/faculty\/international-relations\/useful-links\/","title":{"rendered":"Useful links"},"content":{"rendered":"\n<ul class=\"wp-block-list\"><li><a href=\"http:\/\/www.mzos.hr\">Ministarstvo znanosti, obrazovanja i \u0161porta<\/a><\/li><li><a href=\"http:\/\/www.miz.hr\">Ministarstvo zdravlja<\/a><\/li><li><a href=\"http:\/\/www.azvo.hr\">Agencija za znanost i visoko obrazovanje<\/a><\/li><li><a href=\"http:\/\/www.hrzz.hr\/\">Hrvatska zaklada za znanost<\/a><\/li><li><a href=\"http:\/\/www.mobilnost.hr\">Agencija za mobilnost i programe EU<\/a><\/li><li><a href=\"http:\/\/www.uniri.hr\">Sveu\u010dili\u0161te u Rijeci<\/a><\/li><li><a href=\"http:\/\/www.zaklada.uniri.hr\/zaklada\/\">Zaklada Sveu\u010dili\u0161ta u Rijeci<\/a><\/li><li><a href=\"http:\/\/www.kbc-rijeka.hr\">Klini\u010dki bolni\u010dki centar Rijeka<\/a><\/li><li><a href=\"http:\/\/www.thalassotherapia-opatija.hr\">Thalassotherapia Opatija<\/a><\/li><li><a href=\"http:\/\/public.mzos.hr\/Default.aspx?sec=3128\"><span style=\"color: initial;\">Hrvatski institut za tehnologiju<\/span><\/a><\/li><li><a href=\"http:\/\/www.iro.hr\"><span style=\"color: initial;\">Institut za razvoj obrazovanja<\/span><\/a><\/li><li><a href=\"http:\/\/www.stipendije.info\"><span style=\"color: initial;\">Stipendije.info<\/span><\/a><\/li><li><a href=\"http:\/\/www.studyincroatia.hr\">Study in Croatia<\/a><\/li><li><a href=\"http:\/\/www.cordis.europa.eu\/en\">CORDIS \u2013 Community Research &amp; Development Information Service<\/a><\/li><li><a href=\"http:\/\/www.ec.europa.eu\/research\"><span style=\"color: initial;\">European Commission \u2013 Research<\/span><\/a><\/li><li><a href=\"http:\/\/www.ec.europa.eu\/education\"><span style=\"color: initial;\">European Commission \u2013 Education &amp; Training<\/span><\/a><\/li><li><a href=\"http:\/\/www.ec.europa.eu\/euraxess\"><span style=\"color: initial;\">Euraxess<\/span><\/a><\/li><li><a href=\"http:\/\/www.finance-helpdesk.org\"><span style=\"color: initial;\">Finance Helpdesk<\/span><\/a><\/li><li><span style=\"color: initial;\"><a href=\"http:\/\/www.efpconsulting.com\">EFPConsulting<\/a><\/span><\/li><li><a href=\"http:\/\/www.ipr-helpdesk.org\"><span style=\"color: initial;\">IPR helpdesk<\/span><\/a><\/li><li><a href=\"http:\/\/ec.europa.eu\/programmes\/horizon2020\/\"><span style=\"color: initial;\">Horizon 2020<\/span><\/a><\/li><li><a href=\"http:\/\/www.eureka.be\/home.do\">EUREKA<\/a><\/li><li><a href=\"http:\/\/www.esf.org\/\">EUROPEAN SCIENCE FOUNDATION<br><\/a><\/li><\/ul>\n","protected":false},"excerpt":{"rendered":"<p>Ministarstvo znanosti, obrazovanja i \u0161porta Ministarstvo zdravlja Agencija za znanost i visoko obrazovanje Hrvatska zaklada za znanost Agencija za mobilnost i programe EU Sveu\u010dili\u0161te u Rijeci Zaklada Sveu\u010dili\u0161ta u Rijeci Klini\u010dki bolni\u010dki centar Rijeka Thalassotherapia Opatija Hrvatski institut za tehnologiju Institut za razvoj obrazovanja Stipendije.info Study in Croatia CORDIS \u2013 Community Research &amp; Development Information [&hellip;]<\/p>\n","protected":false},"author":4,"featured_media":0,"parent":13369,"menu_order":5,"comment_status":"closed","ping_status":"closed","template":"","meta":{"_acf_changed":false,"ub_ctt_via":"","footnotes":""},"class_list":["post-13380","page","type-page","status-publish","hentry"],"acf":[],"featured_image_src":null,"_links":{"self":[{"href":"https:\/\/medri.uniri.hr\/en\/wp-json\/wp\/v2\/pages\/13380","targetHints":{"allow":["GET"]}}],"collection":[{"href":"https:\/\/medri.uniri.hr\/en\/wp-json\/wp\/v2\/pages"}],"about":[{"href":"https:\/\/medri.uniri.hr\/en\/wp-json\/wp\/v2\/types\/page"}],"author":[{"embeddable":true,"href":"https:\/\/medri.uniri.hr\/en\/wp-json\/wp\/v2\/users\/4"}],"replies":[{"embeddable":true,"href":"https:\/\/medri.uniri.hr\/en\/wp-json\/wp\/v2\/comments?post=13380"}],"version-history":[{"count":2,"href":"https:\/\/medri.uniri.hr\/en\/wp-json\/wp\/v2\/pages\/13380\/revisions"}],"predecessor-version":[{"id":13625,"href":"https:\/\/medri.uniri.hr\/en\/wp-json\/wp\/v2\/pages\/13380\/revisions\/13625"}],"up":[{"embeddable":true,"href":"https:\/\/medri.uniri.hr\/en\/wp-json\/wp\/v2\/pages\/13369"}],"wp:attachment":[{"href":"https:\/\/medri.uniri.hr\/en\/wp-json\/wp\/v2\/media?parent=13380"}],"curies":[{"name":"wp","href":"https:\/\/api.w.org\/{rel}","templated":true}]}}