{"id":13390,"date":"2021-05-27T12:14:05","date_gmt":"2021-05-27T10:14:05","guid":{"rendered":"https:\/\/medri.uniri.hr\/?page_id=13390"},"modified":"2023-02-08T16:14:01","modified_gmt":"2023-02-08T14:14:01","slug":"amha-acta-medico-historica-adriatica","status":"publish","type":"page","link":"https:\/\/medri.uniri.hr\/en\/faculty\/publishing-activity\/scientific-journals\/amha-acta-medico-historica-adriatica\/","title":{"rendered":"AMHA \u2013 Acta medico-historica Adriatica"},"content":{"rendered":"\n<ul class=\"wp-block-list\"><li><a href=\"http:\/\/www.amha-journal.com\/index.php\/AMHA\">http:\/\/www.amha-journal.com\/index.php\/AMHA<\/a><\/li><li><a href=\"https:\/\/hrcak.srce.hr\/ahma\">https:\/\/hrcak.srce.hr\/ahma<\/a><\/li><li>E-mail: <a href=\"&#109;&#x61;&#105;&#x6c;t&#111;&#x3a;&#97;&#x6d;h&#x61;&#64;&#117;&#x6e;&#105;&#x72;i&#x2e;&#x68;&#114;\"><em>&#97;&#x6d;&#104;&#x61;&#64;&#x75;n&#x69;r&#x69;&#46;&#104;&#x72;<\/em><\/a><\/li><\/ul>\n\n\n\n<h2 class=\"wp-block-heading\">About the journal AMHA \u2013 Acta medico-historica Adriatica<\/h2>\n\n\n\n<ul class=\"wp-block-list\"><li>ISSN 1334-4366 (printed form)<\/li><li>ISSN 1334-6253 (electronic form)<\/li><li><a href=\"https:\/\/doi.org\/10.31952\/amha\">https:\/\/doi.org\/10.31952\/amha<\/a><\/li><\/ul>\n\n\n\n<p>The journal has been published since 2003. Two regular issues are published annually in June and December, and supplements are issued when necessary. The Croatian Scientific Society for the History of Health Culture is the journal&#8217;s founder and publisher; from the very beginning, it has also been co-published by the Faculty of Medicine, University of Rijeka. Since the beginning of 2017, the institutions mentioned have had the equal status of publishers. The journal executes exchanges with other journals from Croatia and abroad. The journal deals with a wide range of historical and medical topics (ethnology, anthropology) and the cultural heritage of the Adriatic and Central European region in the broadest sense. The journal has made its way to the global top of journals on medical history, which is confirmed by its long-term indexation in significant databases:<\/p>\n\n\n\n<ul class=\"wp-block-list\"><li>SCOPUS \u2013 since 2006<\/li><li>EBSCO \u2013 Academic Search Complete \u2013 since 2007<\/li><li>MEDLINE \u2013 since 2008<\/li><li>Web of Science Core Collection (ESCI) \u2013 since 2015<\/li><li>DOAJ \u2013 since 2018.<\/li><\/ul>\n\n\n<div class=\"wp-block-ub-content-toggle wp-block-ub-content-toggle-block\" id=\"ub-content-toggle-block-70baca8e-8da3-4e1c-a12c-0796e57d3ee6\" data-mobilecollapse=\"false\" data-desktopcollapse=\"true\" data-preventcollapse=\"false\" data-showonlyone=\"false\">\n<div class=\"wp-block-ub-content-toggle-accordion\" style=\"border-color: #f1f1f1;\" id=\"ub-content-toggle-panel-block-\">\n\t\t\t<div class=\"wp-block-ub-content-toggle-accordion-title-wrap\" style=\"background-color: #f1f1f1;\" aria-controls=\"ub-content-toggle-panel-0-70baca8e-8da3-4e1c-a12c-0796e57d3ee6\" tabindex=\"0\">\n\t\t\t<p class=\"wp-block-ub-content-toggle-accordion-title ub-content-toggle-title-70baca8e-8da3-4e1c-a12c-0796e57d3ee6\" style=\"color: #000000; \">Editorial Team<\/p>\n\t\t\t<div class=\"wp-block-ub-content-toggle-accordion-toggle-wrap right\" style=\"color: #000000;\"><span class=\"wp-block-ub-content-toggle-accordion-state-indicator wp-block-ub-chevron-down\"><\/span><\/div>\n\t\t<\/div>\n\t\t\t<div role=\"region\" aria-expanded=\"false\" class=\"wp-block-ub-content-toggle-accordion-content-wrap ub-hide\" id=\"ub-content-toggle-panel-0-70baca8e-8da3-4e1c-a12c-0796e57d3ee6\">\n\n<h3 class=\"wp-block-heading\">Editor-in-Chief<\/h3>\n\n\n\n<ul class=\"wp-block-list\"><li>Igor Eterovi\u0107, <em>Department of Humanities and Social Sciences in Medicine, University of Rijeka, Faculty of Medicine, Rijeka, Croatia<\/em><\/li><\/ul>\n\n\n\n<h3 class=\"wp-block-heading\">Executive Editor<\/h3>\n\n\n\n<ul class=\"wp-block-list\"><li>Robert Dori\u010di\u0107, <em><em>Department of Humanities and Social Sciences in Medicine, University of Rijeka, Faculty of Medicine, Rijeka, Croatia<\/em><\/em><\/li><\/ul>\n\n\n\n<h3 class=\"wp-block-heading\">Managing Editor<\/h3>\n\n\n\n<ul class=\"wp-block-list\"><li>Ivana Tuti\u0107 Grok\u0161a, <em><em>Department of Humanities and Social Sciences in Medicine, University of Rijeka, Faculty of Medicine, Rijeka, Croatia<\/em><\/em><\/li><\/ul>\n\n\n\n<h3 class=\"wp-block-heading\">Honorary Editor<\/h3>\n\n\n\n<ul class=\"wp-block-list\"><li>Ante \u0160krobonja, <em>Croatian Scientific Society for the History of Health Culture, Rijeka, Croatia<\/em><\/li><\/ul>\n\n\n\n<h3 class=\"wp-block-heading\">Editorial Board<\/h3>\n\n\n\n<ul class=\"wp-block-list\"><li>Ahmet Aciduman, <em>Katedra za povijest medicine i etiku, Sveu\u010dili\u0161te u Ankari, Medicinski fakultet, Ankara, Turska<\/em><\/li><li>Evgenia Arh<em>, Biomedicine and Health Library, University of Rijeka, Faculty of Medicine, Rijeka, Croatia<\/em><\/li><li>Bruno Atali\u0107, <em>Clinical Hospital Centre, Rijeka, Croatia<\/em><\/li><li>Toni Buterin, <em><em>Department of Humanities and Social Sciences in Medicine, University of Rijeka, Faculty of Medicine, Rijeka, Croatia<\/em><\/em>\u00a0<\/li><li>Antonio Fornaciari, <em>Department of Translational Research on New Technologies in Medicine and Surgery, University of Pisa, Pisa, Ital<\/em>y<\/li><li>Dean Krmac, <em>Histria Humanistic Society, Koper, Slovenia<\/em><\/li><li>Marko Medved, <em><em>Department of Humanities and Social Sciences in Medicine, University of Rijeka, Faculty of Medicine, Rijeka, Croatia<\/em><\/em>\u00a0<\/li><li>Igor Salopek, <em>General Hospital, Karlovac, Hrvatska<\/em><\/li><\/ul>\n\n<\/div>\n\t\t<\/div>\n\n<div class=\"wp-block-ub-content-toggle-accordion\" style=\"border-color: #f1f1f1;\" id=\"ub-content-toggle-panel-block-\">\n\t\t\t<div class=\"wp-block-ub-content-toggle-accordion-title-wrap\" style=\"background-color: #f1f1f1;\" aria-controls=\"ub-content-toggle-panel-1-70baca8e-8da3-4e1c-a12c-0796e57d3ee6\" tabindex=\"0\">\n\t\t\t<p class=\"wp-block-ub-content-toggle-accordion-title ub-content-toggle-title-70baca8e-8da3-4e1c-a12c-0796e57d3ee6\" style=\"color: #000000; \">Advisory Board<\/p>\n\t\t\t<div class=\"wp-block-ub-content-toggle-accordion-toggle-wrap right\" style=\"color: #000000;\"><span class=\"wp-block-ub-content-toggle-accordion-state-indicator wp-block-ub-chevron-down\"><\/span><\/div>\n\t\t<\/div>\n\t\t\t<div role=\"region\" aria-expanded=\"false\" class=\"wp-block-ub-content-toggle-accordion-content-wrap ub-hide\" id=\"ub-content-toggle-panel-1-70baca8e-8da3-4e1c-a12c-0796e57d3ee6\">\n\n<p>George M. Abouna, Radnor (US), Ana Alebi\u0107 Jureti\u0107, Rijeka (HR), Massimo Alliverti, Milano (IT), George Androutsos, Athens (GR), Stefano Arieti, Bologna (IT), Romero Bandeira, Gondomar (PT), Maria do Sameiro Barroso, Lisabon (PT), \u017deljko Bartulovi\u0107, Rijeka (HR), Thomas Benedek, Pittsburgh (US), Miroslav Berto\u0161a, Pula (HR), Claudio Bevilacqua, Trieste (IT), Marijan Bradanovi\u0107, Rijeka (HR), Livia Brisky, Split (HR), Neven Budak, Zagreb (HR), Tatjana Buklija\u0161, Auckland (NZ), Assumpta Peral Cerd\u00e1, Madrid (ES), Andrew Cliff, Cambridge (UK), Vjekoslav Dorn, Zagreb (HR), \u017deljko Dugac, Zagreb (HR), Marija-Ana D\u00fcrrigl, Zagreb (HR), Stella Fatovi\u0107 Feren\u010di\u0107, Zagreb (HR), Gino Fornaciari, Pisa (IT), Danielle Gourevitch, Paris (FR), Andrzej Grzybowski, Poznan (PL), Verica Josimovska, \u0160tip (MK), Abdul Nasser Kaadan, Alepo (SY), Zvonimir Kai\u0107, Zagreb (HR), Axel Karenberg, K\u00f6ln (DE), Du\u0161anka Krajnovi\u0107, Beograd (RS), Stjepan Krasi\u0107, Dubrovnik (HR), Nikola Kujund\u017ei\u0107, Zagreb (HR), Donatella Lippi, Firenze (IT), Jovan Maksimovi\u0107, Ruma (RS), Robert Matija\u0161i\u0107, Pula (HR), Lucijan Mohorovi\u0107, Rabac (HR), Alfredo Musajo Somma, Piero Mustacchi, San Francisco (US) Noicattoro (IT), Ajnija Omani\u0107, Sarajevo (BH), Elvis Orbani\u0107, Pula (HR), Snje\u017eana Pau\u0161ek Ba\u017edar, Zagreb (HR), Nadan M. Petri, Split (HR), Marija Po\u010divav\u0161ek, Celje (SI), Liliana Rogozea, Brasov (RO), Ana Mar\u00eda Rosso, Buenos Aires (AR), Ahmed A. Saada, Alexandria (EG), Juraj Sep\u010di\u0107, Rijeka (HR), Ante Simoni\u0107, Rijeka (HR), Agneza Szabo, Zagreb (HR), Ljerka \u0160imunkovi\u0107, Split (HR), Mladenka Tkal\u010di\u0107, Rijeka (HR), Alain Touwaide, Washington (US), Aleksandra Trifonova, Sofija (BG), Jos\u00e9 A. Vergara, Puerto Montt (CL), Marina Vicelja Matija\u0161i\u0107, Rijeka (HR), Vesna Vu\u010devac Bajt, Zagreb (HR), Giorgio Zanchin, Padova (IT), Antonija Zaradija Ki\u0161, Zagreb (HR), Arman Zargaran, Shiraz (IR), Zvonka Zupani\u010d Slavec, Ljubljana (SI)<\/p>\n\n<\/div>\n\t\t<\/div>\n\n<div class=\"wp-block-ub-content-toggle-accordion\" style=\"border-color: #f1f1f1;\" id=\"ub-content-toggle-panel-block-\">\n\t\t\t<div class=\"wp-block-ub-content-toggle-accordion-title-wrap\" style=\"background-color: #f1f1f1;\" aria-controls=\"ub-content-toggle-panel-2-70baca8e-8da3-4e1c-a12c-0796e57d3ee6\" tabindex=\"0\">\n\t\t\t<p class=\"wp-block-ub-content-toggle-accordion-title ub-content-toggle-title-70baca8e-8da3-4e1c-a12c-0796e57d3ee6\" style=\"color: #000000; \">For authors<\/p>\n\t\t\t<div class=\"wp-block-ub-content-toggle-accordion-toggle-wrap right\" style=\"color: #000000;\"><span class=\"wp-block-ub-content-toggle-accordion-state-indicator wp-block-ub-chevron-down\"><\/span><\/div>\n\t\t<\/div>\n\t\t\t<div role=\"region\" aria-expanded=\"false\" class=\"wp-block-ub-content-toggle-accordion-content-wrap ub-hide\" id=\"ub-content-toggle-panel-2-70baca8e-8da3-4e1c-a12c-0796e57d3ee6\">\n\n<p><em>Instructions for authors:<\/em><\/p>\n\n\n\n<ul class=\"wp-block-list\"><li><a href=\"https:\/\/hrcak.srce.hr\/upute\/upute_autorima_Acta_medico-historica_Adriatica.pdf\">https:\/\/hrcak.srce.hr\/upute\/upute_autorima_Acta_medico-historica_Adriatica.pdf<\/a><\/li><li><a href=\"http:\/\/www.amha-journal.com\/index.php\/AMHA\/information\/authors\">http:\/\/www.amha-journal.com\/index.php\/AMHA\/information\/authors<\/a><\/li><\/ul>\n\n\n\n<p><em>Manuscript is submitted online:<\/em><\/p>\n\n\n\n<ul class=\"wp-block-list\"><li> <a href=\"http:\/\/www.amha-journal.com\/index.php\/AMHA\/about\/submissions\">http:\/\/www.amha-journal.com\/index.php\/AMHA\/about\/submissions<\/a><strong><\/strong><\/li><\/ul>\n\n<\/div>\n\t\t<\/div>\n\n<div class=\"wp-block-ub-content-toggle-accordion\" style=\"border-color: #f1f1f1;\" id=\"ub-content-toggle-panel-block-\">\n\t\t\t<div class=\"wp-block-ub-content-toggle-accordion-title-wrap\" style=\"background-color: #f1f1f1;\" aria-controls=\"ub-content-toggle-panel-3-70baca8e-8da3-4e1c-a12c-0796e57d3ee6\" tabindex=\"0\">\n\t\t\t<p class=\"wp-block-ub-content-toggle-accordion-title ub-content-toggle-title-70baca8e-8da3-4e1c-a12c-0796e57d3ee6\" style=\"color: #000000; \">Archive<\/p>\n\t\t\t<div class=\"wp-block-ub-content-toggle-accordion-toggle-wrap right\" style=\"color: #000000;\"><span class=\"wp-block-ub-content-toggle-accordion-state-indicator wp-block-ub-chevron-down\"><\/span><\/div>\n\t\t<\/div>\n\t\t\t<div role=\"region\" aria-expanded=\"false\" class=\"wp-block-ub-content-toggle-accordion-content-wrap ub-hide\" id=\"ub-content-toggle-panel-3-70baca8e-8da3-4e1c-a12c-0796e57d3ee6\">\n\n<p>All papers are available on the journal&#8217;s official website:<\/p>\n\n\n\n<ul class=\"wp-block-list\"><li><a href=\"http:\/\/www.amha-journal.com\/index.php\/AMHA\/issue\/archive\">http:\/\/www.amha-journal.com\/index.php\/AMHA\/issue\/archive<\/a><\/li><li><a href=\"https:\/\/hrcak.srce.hr\/ahma\">https:\/\/hrcak.srce.hr\/ahma<\/a><\/li><\/ul>\n\n<\/div>\n\t\t<\/div>\n\n<div class=\"wp-block-ub-content-toggle-accordion\" style=\"border-color: #f1f1f1;\" id=\"ub-content-toggle-panel-block-\">\n\t\t\t<div class=\"wp-block-ub-content-toggle-accordion-title-wrap\" style=\"background-color: #f1f1f1;\" aria-controls=\"ub-content-toggle-panel-4-70baca8e-8da3-4e1c-a12c-0796e57d3ee6\" tabindex=\"0\">\n\t\t\t<p class=\"wp-block-ub-content-toggle-accordion-title ub-content-toggle-title-70baca8e-8da3-4e1c-a12c-0796e57d3ee6\" style=\"color: #000000; \">User rights<\/p>\n\t\t\t<div class=\"wp-block-ub-content-toggle-accordion-toggle-wrap right\" style=\"color: #000000;\"><span class=\"wp-block-ub-content-toggle-accordion-state-indicator wp-block-ub-chevron-down\"><\/span><\/div>\n\t\t<\/div>\n\t\t\t<div role=\"region\" aria-expanded=\"false\" class=\"wp-block-ub-content-toggle-accordion-content-wrap ub-hide\" id=\"ub-content-toggle-panel-4-70baca8e-8da3-4e1c-a12c-0796e57d3ee6\">\n\n<p><em>AMHA <\/em>is an open-access journal, meaning that all content is available to the user or their institution for free. Users are allowed to read, upload, copy, distribute, print, search and share links of the paper or use it in any other legal way without explicitly asking permission from the author or publisher. The only limitation is the protection of the author&#8217;s and publisher&#8217;s integrity and their right to state and cite their merits. All of the above aligns with the BOAI definition of open access.<\/p>\n\n\n\n<p><em>AMHA <\/em>provides open access to papers based on the principle that free access to research supports a greater global exchange of knowledge in accordance with the Creative Commons license (CC BY).<\/p>\n\n<\/div>\n\t\t<\/div>\n\n<div class=\"wp-block-ub-content-toggle-accordion\" style=\"border-color: #f1f1f1;\" id=\"ub-content-toggle-panel-block-\">\n\t\t\t<div class=\"wp-block-ub-content-toggle-accordion-title-wrap\" style=\"background-color: #f1f1f1;\" aria-controls=\"ub-content-toggle-panel-5-70baca8e-8da3-4e1c-a12c-0796e57d3ee6\" tabindex=\"0\">\n\t\t\t<p class=\"wp-block-ub-content-toggle-accordion-title ub-content-toggle-title-70baca8e-8da3-4e1c-a12c-0796e57d3ee6\" style=\"color: #000000; \">Texts about the journal<\/p>\n\t\t\t<div class=\"wp-block-ub-content-toggle-accordion-toggle-wrap right\" style=\"color: #000000;\"><span class=\"wp-block-ub-content-toggle-accordion-state-indicator wp-block-ub-chevron-down\"><\/span><\/div>\n\t\t<\/div>\n\t\t\t<div role=\"region\" aria-expanded=\"false\" class=\"wp-block-ub-content-toggle-accordion-content-wrap ub-hide\" id=\"ub-content-toggle-panel-5-70baca8e-8da3-4e1c-a12c-0796e57d3ee6\">\n\n<ul class=\"wp-block-list\"><li><a href=\"https:\/\/repository.medri.uniri.hr\/islandora\/object\/medri%3A5450\">\u010casopis AMHA \u2013 Acta medico-historica Adriatica: 14 godina strpljivog rada na znanstvenoj valorizaciji povijesti medicine<\/a><\/li><\/ul>\n\n<\/div>\n\t\t<\/div>\n<\/div>","protected":false},"excerpt":{"rendered":"<p>http:\/\/www.amha-journal.com\/index.php\/AMHA https:\/\/hrcak.srce.hr\/ahma E-mail: &#97;&#x6d;h&#x61;&#x40;&#117;&#x6e;i&#114;&#x69;&#46;&#x68;r About the journal AMHA \u2013 Acta medico-historica Adriatica ISSN 1334-4366 (printed form) ISSN 1334-6253 (electronic form) https:\/\/doi.org\/10.31952\/amha The journal has been published since 2003. Two regular issues are published annually in June and December, and supplements are issued when necessary. The Croatian Scientific Society for the History of Health Culture is [&hellip;]<\/p>\n","protected":false},"author":4,"featured_media":0,"parent":13385,"menu_order":2,"comment_status":"closed","ping_status":"closed","template":"","meta":{"_acf_changed":false,"ub_ctt_via":"","footnotes":""},"class_list":["post-13390","page","type-page","status-publish","hentry"],"acf":[],"featured_image_src":null,"_links":{"self":[{"href":"https:\/\/medri.uniri.hr\/en\/wp-json\/wp\/v2\/pages\/13390","targetHints":{"allow":["GET"]}}],"collection":[{"href":"https:\/\/medri.uniri.hr\/en\/wp-json\/wp\/v2\/pages"}],"about":[{"href":"https:\/\/medri.uniri.hr\/en\/wp-json\/wp\/v2\/types\/page"}],"author":[{"embeddable":true,"href":"https:\/\/medri.uniri.hr\/en\/wp-json\/wp\/v2\/users\/4"}],"replies":[{"embeddable":true,"href":"https:\/\/medri.uniri.hr\/en\/wp-json\/wp\/v2\/comments?post=13390"}],"version-history":[{"count":9,"href":"https:\/\/medri.uniri.hr\/en\/wp-json\/wp\/v2\/pages\/13390\/revisions"}],"predecessor-version":[{"id":13922,"href":"https:\/\/medri.uniri.hr\/en\/wp-json\/wp\/v2\/pages\/13390\/revisions\/13922"}],"up":[{"embeddable":true,"href":"https:\/\/medri.uniri.hr\/en\/wp-json\/wp\/v2\/pages\/13385"}],"wp:attachment":[{"href":"https:\/\/medri.uniri.hr\/en\/wp-json\/wp\/v2\/media?parent=13390"}],"curies":[{"name":"wp","href":"https:\/\/api.w.org\/{rel}","templated":true}]}}