{"id":13394,"date":"2021-05-27T12:14:29","date_gmt":"2021-05-27T10:14:29","guid":{"rendered":"https:\/\/medri.uniri.hr\/?page_id=13394"},"modified":"2026-01-21T15:57:51","modified_gmt":"2026-01-21T13:57:51","slug":"jahr-european-journal-of-bioethics","status":"publish","type":"page","link":"https:\/\/medri.uniri.hr\/en\/faculty\/publishing-activity\/scientific-journals\/jahr-european-journal-of-bioethics\/","title":{"rendered":"JAHR \u2013 European Journal of Bioethics"},"content":{"rendered":"\n<ul class=\"wp-block-list\">\n<li><a href=\"https:\/\/ojs.srce.hr\/index.php\/jahr\n\nhttps:\/\/hrcak.srce.hr\/jahr\n\nE-po\u0161ta:\nja&#104;&#114;&#64;&#117;&#x6e;&#x69;&#x72;&#x69;&#x2e;hr\">https:\/\/ojs.srce.hr\/index.php\/jahr<br>https:\/\/hrcak.srce.hr\/jahr<br>E-po\u0161ta: &#x6a;&#97;&#104;r&#x40;&#x75;&#110;i&#x72;&#x69;&#46;h&#x72;<br><\/a><\/li>\n<\/ul>\n\n\n\n<h2 class=\"wp-block-heading\"><strong>About Journal <em>Jahr \u2013 European Journal of Bioethics<\/em><\/strong><\/h2>\n\n\n\n<p>ISSN 1847-6376 (Print)<br>ISSN 1848-7874 (Online)<br><a href=\"https:\/\/doi.org\/10.21860\/j\">https:\/\/doi.org\/10.21860\/j<\/a> <strong>&nbsp;<\/strong><\/p>\n\n\n\n<p>The journal has been published since 2010, with two standard issues per year, appearing in June and December. The founder and primary publisher of the journal is the Faculty of Medicine of the University of Rijeka (with its headquarters at the Department of Social Sciences and Medical Humanities), while since its establishment the journal has also been co-published by the Documentation and Research Centre for European Bioethics \u201cFritz Jahr\u201d of the Faculty of Health Studies, University of Rijeka. The journal maintains exchange publications with other journals in Croatia and internationally. The journal has defined its own guiding principles: <em>Jahr \u2013 European Journal of Bioethics<\/em> addresses a very broad spectrum of bioethical topics. The Editorial Board aims to publish papers that approach bioethical issues from the perspectives of the social sciences, humanities, biomedical sciences, as well as other academic disciplines. Through this orientation, reflecting a pioneering effort to promote and critically assess European bioethics, as highlighted in the journal\u2019s title, and through its broad understanding of bioethics, the journal has established itself as a leading regional bioethics journal, with an increasingly prominent role at the European and global levels. This is evidenced by its growing indexation and expanding international network of contributors.<\/p>\n\n\n\n<p><em>Jahr \u2013 European Journal of Bioethics <\/em>is indexed in:<\/p>\n\n\n\n<ul class=\"wp-block-list\">\n<li>ERIH PLUS \u2013 from 2015<\/li>\n\n\n\n<li>DOAJ \u2013 from 2017<\/li>\n\n\n\n<li>SCOPUS \u2013 from 2018<\/li>\n<\/ul>\n\n\n<div class=\"wp-block-ub-content-toggle wp-block-ub-content-toggle-block\" id=\"ub-content-toggle-block-b553ca5a-0058-478d-885f-a7925f24087f\" data-mobilecollapse=\"false\" data-desktopcollapse=\"true\" data-preventcollapse=\"false\" data-showonlyone=\"false\">\n<div class=\"wp-block-ub-content-toggle-accordion\" style=\"border-color: #f1f1f1;\" id=\"ub-content-toggle-panel-block-\">\n\t\t\t<div class=\"wp-block-ub-content-toggle-accordion-title-wrap\" style=\"background-color: #f1f1f1;\" aria-controls=\"ub-content-toggle-panel-0-b553ca5a-0058-478d-885f-a7925f24087f\" tabindex=\"0\">\n\t\t\t<p class=\"wp-block-ub-content-toggle-accordion-title ub-content-toggle-title-b553ca5a-0058-478d-885f-a7925f24087f\" style=\"color: #000000; \">Editorial Team<\/p>\n\t\t\t<div class=\"wp-block-ub-content-toggle-accordion-toggle-wrap right\" style=\"color: #000000;\"><span class=\"wp-block-ub-content-toggle-accordion-state-indicator wp-block-ub-chevron-down\"><\/span><\/div>\n\t\t<\/div>\n\t\t\t<div role=\"region\" aria-expanded=\"false\" class=\"wp-block-ub-content-toggle-accordion-content-wrap ub-hide\" id=\"ub-content-toggle-panel-0-b553ca5a-0058-478d-885f-a7925f24087f\">\n\n<h3 class=\"wp-block-heading\">Editor-in-Chief<\/h3>\n\n\n\n<ul class=\"wp-block-list\">\n<li>Toni Buterin, University of Rijeka, Faculty of Medicine \/ Faculty of Health Studies, Croatia<\/li>\n<\/ul>\n\n\n\n<h3 class=\"wp-block-heading\">Executive Editor<\/h3>\n\n\n\n<ul class=\"wp-block-list\">\n<li>Amir Muzur, University of Rijeka, Faculty of Medicine \/ Faculty of Health Studies, Croatia<\/li>\n<\/ul>\n\n\n\n<h3 class=\"wp-block-heading\">Managing Editor<\/h3>\n\n\n\n<ul class=\"wp-block-list\">\n<li>Ana Depope, University of Rijeka, Faculty of Medicine, Croatia<\/li>\n<\/ul>\n\n\n\n<h3 class=\"wp-block-heading\">Editorial Board<\/h3>\n\n\n\n<ul class=\"wp-block-list\">\n<li><em><em><em> <\/em><\/em><\/em>Goran Arbanas, University Psychiatric Hospital Vrap\u010de, Croatia<\/li>\n\n\n\n<li>Evgenia Arh, University of Rijeka, Faculty of Medicine, Croatia<\/li>\n\n\n\n<li>Toni Buterin, University of Rijeka, Faculty of Medicine \/ Faculty of Health Studies, Croatia<\/li>\n\n\n\n<li>Matea Butkovi\u0107, University of Rijeka, Faculty of Medicine, Croatia<\/li>\n\n\n\n<li>Jan Defran\u010deski, University of Zagreb, University Centre for Integrative Bioethics, Croatia<\/li>\n\n\n\n<li>Ana Depope, University of Rijeka, Faculty of Medicine, Croatia<\/li>\n\n\n\n<li>Dejan Donev, Cyril and Methodius University in Skopje, Institute of Philosophy, Faculty of Philosophy in Skopje, North Macedonia<\/li>\n\n\n\n<li>Robert Dori\u010di\u0107, University of Rijeka, Faculty of Medicine \/ Faculty of Health Studies, Croatia<\/li>\n\n\n\n<li>Igor Eterovi\u0107, University of Rijeka, Faculty of Medicine, Croatia<\/li>\n\n\n\n<li>Josip Gu\u0107, University of Split, Faculty of Humanities and Social Sciences, Croatia<\/li>\n\n\n\n<li>Sa\u0161a Horvat, University of Rijeka, Faculty of Medicine, Croatia<\/li>\n\n\n\n<li>Orhan Ja\u0161i\u0107, University of Sarajevo, Faculty of Islamic Studies, Bosnia and Herzegovina<\/li>\n\n\n\n<li>Hyeongjoo Kim, Chung-Ang University, Humanities Research Institute, South Korea<\/li>\n\n\n\n<li>Franjo Mijatovi\u0107, University of Rijeka, Faculty of Medicine, Croatia<\/li>\n\n\n\n<li>Amir Muzur, University of Rijeka, Faculty of Medicine \/ Faculty of Health Studies, Croatia<\/li>\n\n\n\n<li>Tomislav Nedi\u0107, Josip Juraj Strossmayer University of Osijek, Faculty of Law, Croatia<\/li>\n\n\n\n<li>Goran Pel\u010di\u0107, University of Rijeka, Faculty of Medicine \/ Clinical Hospital Centre of Rijeka, Croatia<\/li>\n\n\n\n<li>Gordana Pel\u010di\u0107, University of Rijeka, Faculty of Medicine \/ Health Care Center of Primorje-Gorski kotar County, Croatia<\/li>\n\n\n\n<li>Evangelos D. Protopapadakis, National and Kapodistrian University of Athens, Greece<\/li>\n\n\n\n<li>Sandra Radenovi\u0107, University of Belgrade, Faculty of Sport and Physical Education, Serbia<\/li>\n\n\n\n<li>Natacha Salome Lima, University of Buenos Aires, <a>Faculty of Psychology<\/a>, Argentina<\/li>\n\n\n\n<li>Igor Salopek, General Hospital Karlovac \/ Karlovac University of Applied Sciences, Croatia<\/li>\n\n\n\n<li>Jiwon Shim, Chung-Ang University, Humanities Research Institute, South Korea<\/li>\n\n\n\n<li>Sini\u0161a Smiljani\u0107, University of Rijeka, Faculty of Medicine, Croatia<\/li>\n\n\n\n<li>Gordana \u0160imunkovi\u0107, University of Rijeka, Faculty of Medicine, Croatia<\/li>\n\n\n\n<li>Sanja \u0160poljar Vr\u017eina, Institute of Social Sciences Ivo Pilar, Croatia<\/li>\n\n\n\n<li>Helena \u0160trucelj, University of Rijeka, Faculty of Health Studies, Croatia<\/li>\n\n\n\n<li>Tajana Tomak, University of Rijeka, Faculty of Health Studies, Croatia<\/li>\n\n\n\n<li>Ivana Tuti\u0107 Grok\u0161a, Adult Education Institution Dante, Croatia<\/li>\n\n\n\n<li>Ivana Zagorac, University of Zagreb, Faculty of Humanities and Social Sciences, Croatia<\/li>\n<\/ul>\n\n<\/div>\n\t\t<\/div>\n\n<div class=\"wp-block-ub-content-toggle-accordion\" style=\"border-color: #f1f1f1;\" id=\"ub-content-toggle-panel-block-\">\n\t\t\t<div class=\"wp-block-ub-content-toggle-accordion-title-wrap\" style=\"background-color: #f1f1f1;\" aria-controls=\"ub-content-toggle-panel-1-b553ca5a-0058-478d-885f-a7925f24087f\" tabindex=\"0\">\n\t\t\t<p class=\"wp-block-ub-content-toggle-accordion-title ub-content-toggle-title-b553ca5a-0058-478d-885f-a7925f24087f\" style=\"color: #000000; \">Advisory Board<\/p>\n\t\t\t<div class=\"wp-block-ub-content-toggle-accordion-toggle-wrap right\" style=\"color: #000000;\"><span class=\"wp-block-ub-content-toggle-accordion-state-indicator wp-block-ub-chevron-down\"><\/span><\/div>\n\t\t<\/div>\n\t\t\t<div role=\"region\" aria-expanded=\"false\" class=\"wp-block-ub-content-toggle-accordion-content-wrap ub-hide\" id=\"ub-content-toggle-panel-1-b553ca5a-0058-478d-885f-a7925f24087f\">\n\n<ul class=\"wp-block-list\">\n<li>Ante \u010covi\u0107, Zagreb, Croatia<\/li>\n\n\n\n<li>Jose Roberto Goldim, Hospital de Cl\u00ednicas de Porto Alegre \/ Medicine School at Pontif\u00edcia Universidade Cat\u00f3lica do Rio Grande do Sul, Brasil<\/li>\n\n\n\n<li>Hrvoje Juri\u0107, University of Zagreb, Faculty of Humanities and Social Sciences, Croatia<\/li>\n\n\n\n<li>\u017deljko Kalu\u0111erovi\u0107, University of Novi Sad, Faculty of Humanities and Social Sciences, Serbia<\/li>\n\n\n\n<li>Samuel J. Kerstein, University of Maryland, Department of Philosophy, USA<\/li>\n\n\n\n<li>Branko Kolari\u0107, University of Rijeka, Faculty of Medicine, Croatia<\/li>\n\n\n\n<li>Chankyu Lee, Chung-Ang University, Humanities Research Institute, South Korea<\/li>\n\n\n\n<li>Fernando Lolas Stepke, University of Chile, Interdisciplinary Centre for Studies in Bioethics, Chile<\/li>\n\n\n\n<li>Kyumin Moon, Hankuk University of Foreign Studies, South Korea<\/li>\n\n\n\n<li>Snje\u017eana Priji\u0107 Samar\u017eija, University of Rijeka, Faculty of humanities and social sciences, Croatia<\/li>\n\n\n\n<li>Walter Schweidler, The Catholic University of Eichst\u00e4tt &#8211; Ingolstadt, Eichst\u00e4tt, Germany<\/li>\n\n\n\n<li>Antonio G. Spagnolo, Universit\u00e0 cattolica del Sacro Cuore, Faculty of Medicine and Surgery, Institute of Bioethics, Italy<\/li>\n\n\n\n<li>Florian Steger, Ulm University, Institute of the History, Philosophy and Ethics of Medicine, Germany<\/li>\n\n\n\n<li>Stavroula F. Tsinorema, University of Crete, Rethymno, Greece<\/li>\n<\/ul>\n\n<\/div>\n\t\t<\/div>\n\n<div class=\"wp-block-ub-content-toggle-accordion\" style=\"border-color: #f1f1f1;\" id=\"ub-content-toggle-panel-block-\">\n\t\t\t<div class=\"wp-block-ub-content-toggle-accordion-title-wrap\" style=\"background-color: #f1f1f1;\" aria-controls=\"ub-content-toggle-panel-2-b553ca5a-0058-478d-885f-a7925f24087f\" tabindex=\"0\">\n\t\t\t<p class=\"wp-block-ub-content-toggle-accordion-title ub-content-toggle-title-b553ca5a-0058-478d-885f-a7925f24087f\" style=\"color: #000000; \">For authors<\/p>\n\t\t\t<div class=\"wp-block-ub-content-toggle-accordion-toggle-wrap right\" style=\"color: #000000;\"><span class=\"wp-block-ub-content-toggle-accordion-state-indicator wp-block-ub-chevron-down\"><\/span><\/div>\n\t\t<\/div>\n\t\t\t<div role=\"region\" aria-expanded=\"false\" class=\"wp-block-ub-content-toggle-accordion-content-wrap ub-hide\" id=\"ub-content-toggle-panel-2-b553ca5a-0058-478d-885f-a7925f24087f\">\n\n<p><em>Jahr has an online system for manuscript submission in accordance with the Guidelines for Authors:<\/em><\/p>\n\n\n\n<ul class=\"wp-block-list\">\n<li><a href=\"https:\/\/ojs.srce.hr\/jahr\/about\/submissions\">https:\/\/ojs.srce.hr\/jahr\/about\/submissions<\/a><\/li>\n<\/ul>\n\n<\/div>\n\t\t<\/div>\n\n<div class=\"wp-block-ub-content-toggle-accordion\" style=\"border-color: #f1f1f1;\" id=\"ub-content-toggle-panel-block-\">\n\t\t\t<div class=\"wp-block-ub-content-toggle-accordion-title-wrap\" style=\"background-color: #f1f1f1;\" aria-controls=\"ub-content-toggle-panel-3-b553ca5a-0058-478d-885f-a7925f24087f\" tabindex=\"0\">\n\t\t\t<p class=\"wp-block-ub-content-toggle-accordion-title ub-content-toggle-title-b553ca5a-0058-478d-885f-a7925f24087f\" style=\"color: #000000; \">Archive<\/p>\n\t\t\t<div class=\"wp-block-ub-content-toggle-accordion-toggle-wrap right\" style=\"color: #000000;\"><span class=\"wp-block-ub-content-toggle-accordion-state-indicator wp-block-ub-chevron-down\"><\/span><\/div>\n\t\t<\/div>\n\t\t\t<div role=\"region\" aria-expanded=\"false\" class=\"wp-block-ub-content-toggle-accordion-content-wrap ub-hide\" id=\"ub-content-toggle-panel-3-b553ca5a-0058-478d-885f-a7925f24087f\">\n\n<p>Full repository is available at:<\/p>\n\n\n\n<ul class=\"wp-block-list\">\n<li><a href=\"https:\/\/ojs.srce.hr\/jahr\/issue\/archive\">https:\/\/ojs.srce.hr\/jahr\/issue\/archive<\/a><br><a href=\"https:\/\/hrcak.srce.hr\/en\/jahr\">https:\/\/hrcak.srce.hr\/en\/jahr<\/a><\/li>\n<\/ul>\n\n<\/div>\n\t\t<\/div>\n\n<div class=\"wp-block-ub-content-toggle-accordion\" style=\"border-color: #f1f1f1;\" id=\"ub-content-toggle-panel-block-\">\n\t\t\t<div class=\"wp-block-ub-content-toggle-accordion-title-wrap\" style=\"background-color: #f1f1f1;\" aria-controls=\"ub-content-toggle-panel-4-b553ca5a-0058-478d-885f-a7925f24087f\" tabindex=\"0\">\n\t\t\t<p class=\"wp-block-ub-content-toggle-accordion-title ub-content-toggle-title-b553ca5a-0058-478d-885f-a7925f24087f\" style=\"color: #000000; \">User rights<\/p>\n\t\t\t<div class=\"wp-block-ub-content-toggle-accordion-toggle-wrap right\" style=\"color: #000000;\"><span class=\"wp-block-ub-content-toggle-accordion-state-indicator wp-block-ub-chevron-down\"><\/span><\/div>\n\t\t<\/div>\n\t\t\t<div role=\"region\" aria-expanded=\"false\" class=\"wp-block-ub-content-toggle-accordion-content-wrap ub-hide\" id=\"ub-content-toggle-panel-4-b553ca5a-0058-478d-885f-a7925f24087f\">\n\n<p>This is an open access journal which means that all content is freely available without charge to the user or his\/her institution. Users are allowed to read, download, copy, distribute, print, search, or link to the full texts of the articles, or use them for any other lawful purpose, without asking prior permission from the publisher or the author. The only constraint is to protect the authors&#8217; and publisher&#8217;s integrity and their right to be properly acknowledged and cited. This is in accordance with the BOAI definition of open access.<\/p>\n\n\n\n<p><em>Jahr<\/em> provides immediate open access to its content on the principle that making research freely available to the public supports a greater global exchange of knowledge, according to Creative Commons Licence (CC BY).<\/p>\n\n<\/div>\n\t\t<\/div>\n\n<div class=\"wp-block-ub-content-toggle-accordion\" style=\"border-color: #f1f1f1;\" id=\"ub-content-toggle-panel-block-\">\n\t\t\t<div class=\"wp-block-ub-content-toggle-accordion-title-wrap\" style=\"background-color: #f1f1f1;\" aria-controls=\"ub-content-toggle-panel-5-b553ca5a-0058-478d-885f-a7925f24087f\" tabindex=\"0\">\n\t\t\t<p class=\"wp-block-ub-content-toggle-accordion-title ub-content-toggle-title-b553ca5a-0058-478d-885f-a7925f24087f\" style=\"color: #000000; \">\u201cTEN YEARS OF THE JOURNAL JAHR \u2013 EUROPEAN JOURNAL OF BIOETHICS\u201d<\/p>\n\t\t\t<div class=\"wp-block-ub-content-toggle-accordion-toggle-wrap right\" style=\"color: #000000;\"><span class=\"wp-block-ub-content-toggle-accordion-state-indicator wp-block-ub-chevron-down\"><\/span><\/div>\n\t\t<\/div>\n\t\t\t<div role=\"region\" aria-expanded=\"false\" class=\"wp-block-ub-content-toggle-accordion-content-wrap ub-hide\" id=\"ub-content-toggle-panel-5-b553ca5a-0058-478d-885f-a7925f24087f\">\n\n<p>Held as part of the <a href=\"https:\/\/uniri.hr\/wp-content\/uploads\/2020\/11\/22.-rijecki-dani-bioetike-interactive.pdf\">22nd Rijeka Days of Bioethics<\/a><\/p>\n\n\n\n<ul class=\"wp-block-list\">\n<li><a href=\"https:\/\/uniri-my.sharepoint.com\/:b:\/g\/personal\/evgenia_arh_uniri_hr\/EU6M3gJunuxOifhnLd9YAWABizyEGqR_VlptwAKaD4_NCQ?e=y0BwUp\">IGOR ETEROVI\u0106: JAHR \u2013 od skromne ideje godi\u0161njaka ro\u0111ene u Halleu do me\u0111unarodnog \u010dasopisa u Rijeci<\/a><\/li>\n\n\n\n<li><a href=\"https:\/\/uniri-my.sharepoint.com\/:b:\/g\/personal\/evgenia_arh_uniri_hr\/ER1RRClb5TlFlThsrthak-UBkpRhdbkWeTZS8QuwXJAZWQ?e=pd3pt1\">TONI BUTERIN, EVGENIA ARH, GORDANA \u0160IMUNKOVI\u0106: Formalna analiza izgradnje promi\u0161ljanja o europskoj bioetici kroz deset godina \u010dasopisa Jahr<\/a><\/li>\n\n\n\n<li><a href=\"https:\/\/uniri-my.sharepoint.com\/:b:\/g\/personal\/evgenia_arh_uniri_hr\/EcoiE-Zo1QJNpbA33f0wYy4BNxmOzDcEyf9zbbuqp7i54g?e=ItrCT9\">GORDANA \u0160IMUNKOVI\u0106, EVGENIA ARH, TONI BUTERIN: Sadr\u017eajna analiza prvog desetlje\u0107a kroz izazove publiciranja \u010dasopisa Jahr: Od Godi\u0161njaka Katedre do Europskog \u010dasopisa za bioetiku<\/a><\/li>\n\n\n\n<li><a href=\"https:\/\/uniri-my.sharepoint.com\/:b:\/g\/personal\/evgenia_arh_uniri_hr\/Ee-bn97RjeJCvg_xNJ8b2IwBlbQbT3EVixX2TayIkEs4Lw?e=v2p8MJ\">ROBERT DORI\u010cI\u0106, IGOR ETEROVI\u0106: Dvije tra\u010dnice jedinstvene uredni\u010dke energije \u2013 su\u017eivot \u010dasopisa Jahr i AMHA<\/a><\/li>\n<\/ul>\n\n<\/div>\n\t\t<\/div>\n<\/div>","protected":false},"excerpt":{"rendered":"<p>About Journal Jahr \u2013 European Journal of Bioethics ISSN 1847-6376 (Print)ISSN 1848-7874 (Online)https:\/\/doi.org\/10.21860\/j &nbsp; The journal has been published since 2010, with two standard issues per year, appearing in June and December. The founder and primary publisher of the journal is the Faculty of Medicine of the University of Rijeka (with its headquarters at the [&hellip;]<\/p>\n","protected":false},"author":4,"featured_media":38984,"parent":13385,"menu_order":4,"comment_status":"closed","ping_status":"closed","template":"","meta":{"_acf_changed":false,"ub_ctt_via":"","footnotes":""},"class_list":["post-13394","page","type-page","status-publish","has-post-thumbnail","hentry"],"acf":[],"featured_image_src":"https:\/\/medri.uniri.hr\/wp-content\/uploads\/2026\/01\/Jahr-foto.png","_links":{"self":[{"href":"https:\/\/medri.uniri.hr\/en\/wp-json\/wp\/v2\/pages\/13394","targetHints":{"allow":["GET"]}}],"collection":[{"href":"https:\/\/medri.uniri.hr\/en\/wp-json\/wp\/v2\/pages"}],"about":[{"href":"https:\/\/medri.uniri.hr\/en\/wp-json\/wp\/v2\/types\/page"}],"author":[{"embeddable":true,"href":"https:\/\/medri.uniri.hr\/en\/wp-json\/wp\/v2\/users\/4"}],"replies":[{"embeddable":true,"href":"https:\/\/medri.uniri.hr\/en\/wp-json\/wp\/v2\/comments?post=13394"}],"version-history":[{"count":17,"href":"https:\/\/medri.uniri.hr\/en\/wp-json\/wp\/v2\/pages\/13394\/revisions"}],"predecessor-version":[{"id":38991,"href":"https:\/\/medri.uniri.hr\/en\/wp-json\/wp\/v2\/pages\/13394\/revisions\/38991"}],"up":[{"embeddable":true,"href":"https:\/\/medri.uniri.hr\/en\/wp-json\/wp\/v2\/pages\/13385"}],"wp:featuredmedia":[{"embeddable":true,"href":"https:\/\/medri.uniri.hr\/en\/wp-json\/wp\/v2\/media\/38984"}],"wp:attachment":[{"href":"https:\/\/medri.uniri.hr\/en\/wp-json\/wp\/v2\/media?parent=13394"}],"curies":[{"name":"wp","href":"https:\/\/api.w.org\/{rel}","templated":true}]}}