{"id":13396,"date":"2021-05-27T12:13:24","date_gmt":"2021-05-27T10:13:24","guid":{"rendered":"https:\/\/medri.uniri.hr\/?page_id=13396"},"modified":"2026-01-18T18:53:32","modified_gmt":"2026-01-18T16:53:32","slug":"medicina-fluminensis","status":"publish","type":"page","link":"https:\/\/medri.uniri.hr\/en\/faculty\/publishing-activity\/scientific-journals\/medicina-fluminensis\/","title":{"rendered":"Medicina Fluminensis"},"content":{"rendered":"\n<figure class=\"wp-block-image alignright size-full\"><a href=\"http:\/\/hrcak.srce.hr\/medicina\"><img decoding=\"async\" width=\"250\" height=\"91\" src=\"https:\/\/medri.uniri.hr\/wp-content\/uploads\/2022\/03\/Medicina-fluminensis-master-logo_Up.png\" alt=\"\" class=\"wp-image-3760\"\/><\/a><\/figure>\n\n\n\n<p id=\"block-fccf3b8f-3c4e-4f1f-a63c-d5d3b522704e\"><em>Medicina Fluminensis<\/em> is the official journal of the Croatian Medical Association \u2013 Branch Office Rijeka and the Faculty of Medicine, University of Rijeka. The journal was launched in 1964 by the Croatian Medical Association \u2013 Branch Office Rijeka. During 2010, the journal changed its name to<em> Medicina Fluminensis<\/em> and started to be co-published by the Croatian Medical Association \u2013 Branch Office Rijeka and the Faculty of Medicine, University of Rijeka.<\/p>\n\n\n\n<p id=\"block-2dfc9f1e-1f13-41f8-93d8-6a9c7c30c31b\"><em>Medicina Fluminensis<\/em> is a peer-reviewed, open-access journal published in printed and electronic open-access issues four times a year. It publishes scientific papers from all areas of biomedical sciences, including clinical and basic research, public health, history of medicine, dental medicine, medical bioethics and medical education. The journal encourages and supports basic and clinical medical research and promotes excellence in medical education.<\/p>\n\n\n\n<p id=\"block-777ebec7-2321-4967-b88c-572d778d98c6\">The entire journal is available for open access. The journal does not charge the authors for the publication of papers. The journal is printed with the support of the Ministry of Science and Education of the Republic of Croatia, the City of Rijeka, the Primorje-Gorski Kotar County and the Croatian Medical Union \u2013 Branch Office Rijeka. The printed edition of the journal is delivered to the members of the Croatian Medical Association \u2013 Branch Office Rijeka.<\/p>\n\n\n\n<p id=\"block-0ad7b435-0eeb-4b99-a481-3353dcec4f5e\">The journal is indexed in the SCOPUS database.<\/p>\n\n\n<div class=\"wp-block-ub-content-toggle wp-block-ub-content-toggle-block\" id=\"ub-content-toggle-block-4aaf6f68-aace-4594-b160-7d4ffbd6169d\" data-mobilecollapse=\"false\" data-desktopcollapse=\"true\" data-preventcollapse=\"false\" data-showonlyone=\"false\">\n<div class=\"wp-block-ub-content-toggle-accordion\" style=\"border-color: #f1f1f1;\" id=\"ub-content-toggle-panel-block-\">\n\t\t\t<div class=\"wp-block-ub-content-toggle-accordion-title-wrap\" style=\"background-color: #f1f1f1;\" aria-controls=\"ub-content-toggle-panel-0-4aaf6f68-aace-4594-b160-7d4ffbd6169d\" tabindex=\"0\">\n\t\t\t<p class=\"wp-block-ub-content-toggle-accordion-title ub-content-toggle-title-4aaf6f68-aace-4594-b160-7d4ffbd6169d\" style=\"color: #000000; \">Editorial Team<\/p>\n\t\t\t<div class=\"wp-block-ub-content-toggle-accordion-toggle-wrap right\" style=\"color: #000000;\"><span class=\"wp-block-ub-content-toggle-accordion-state-indicator wp-block-ub-chevron-down\"><\/span><\/div>\n\t\t<\/div>\n\t\t\t<div role=\"region\" aria-expanded=\"false\" class=\"wp-block-ub-content-toggle-accordion-content-wrap ub-hide\" id=\"ub-content-toggle-panel-0-4aaf6f68-aace-4594-b160-7d4ffbd6169d\">\n\n<h4 class=\"wp-block-heading\">Editors <\/h4>\n\n\n\n<ul class=\"wp-block-list\">\n<li>Editor-in-Chief Sa\u0161a Ostoji\u0107, University of Rijeka, Faculty of Medicine, Rijeka, Croatia<\/li>\n\n\n\n<li>Executive Editor Lara Bati\u010di\u0107, University of Rijeka, Faculty of Medicine, Rijeka, Croatia<\/li>\n\n\n\n<li>Associate Editor for Student Section Nina Pereza, University of Rijeka, Faculty of Medicine, Rijeka, Croatia\u00a0<\/li>\n\n\n\n<li>Associate Editor for Online Publishing Marin Tota, University of Rijeka, Faculty of Medicine, Rijeka, Croatia<\/li>\n\n\n\n<li>Associate Editor for Statistics Sabrina \u0160uman, University of Rijeka, Faculty of Medicine, Rijeka, Croatia<\/li>\n\n\n\n<li>Associate Editors for Medical Ethics Morana Brklja\u010di\u0107 \u017dagrovi\u0107, Polyclinic Agram, Rijeka, Croatia<\/li>\n\n\n\n<li>Iva Sorta-Bilajac Turina, Teaching Institute of Public Health of Primorje-Gorski Kotar County, Rijeka, Croatia<\/li>\n\n\n\n<li>Associate Editor for Scientometrics Evgenia Arh, University of Rijeka, Faculty of Medicine, Rijeka, Croatia<\/li>\n\n\n\n<li>Technical Editor Ma\u0161a Antoni\u0107, Mihaela Marinovi\u0107 Glavi\u0107, Ina Viduka, Iva Vukeli\u0107, University of Rijeka, Faculty of Medicine, Rijeka, Croatia<\/li>\n<\/ul>\n\n\n\n<h4 class=\"wp-block-heading\">Editorial Board <\/h4>\n\n\n\n<ul class=\"wp-block-list\">\n<li>Nikolina Mori\u0107, University of Rijeka, Faculty of Medicine, Rijeka, Croatia\u00a0<\/li>\n\n\n\n<li>Vladimir Mozeti\u010d, Health Center of Primorje-Gorski Kotar County, Rijeka, Croatia<\/li>\n\n\n\n<li>Maja Mrak, University of Rijeka, Faculty of Medicine, Rijeka, Croatia<\/li>\n\n\n\n<li>Sr\u0111an Novak, Clinical Hospital Center Rijeka, Rijeka, Croatia\u00a0\u00a0<\/li>\n\n\n\n<li>Goran Pal\u010devski, Clinical Hospital Center Rijeka, Rijeka, Croatia\u00a0\u00a0<\/li>\n\n\n\n<li>Matea Pentek, University of Rijeka, Faculty of Medicine, Rijeka, Croatia\u00a0<\/li>\n\n\n\n<li>Borut Peterlin, Clinical Institute of Medical Genetics, Ljubljana, Slovenia\u00a0<\/li>\n\n\n\n<li>Oleg Petrovi\u0107, Clinical Hospital Center Rijeka, Rijeka, Croatia\u00a0\u00a0<\/li>\n\n\n\n<li>Goran Poropat, Clinical Hospital Center Rijeka, Rijeka, Croatia\u00a0\u00a0<\/li>\n\n\n\n<li>Igor Prpi\u0107, Clinical Hospital Center Rijeka, Rijeka, Croatia\u00a0\u00a0<\/li>\n\n\n\n<li>Jagoda Ravli\u0107 Gulan, University of Rijeka, Faculty of Medicine, Rijeka, Croatia<\/li>\n\n\n\n<li>Smiljana Risti\u0107, University of Rijeka, Faculty of Medicine, Rijeka, Croatia<\/li>\n\n\n\n<li>Jelena Roganovi\u0107, Clinical Hospital Center Rijeka, Rijeka, Croatia\u00a0\u00a0<\/li>\n\n\n\n<li>Tomislav Rukavina, University of Rijeka, Faculty of Medicine, Rijeka, Croatia<\/li>\n\n\n\n<li>Tea Schnurrer-Luke-Vrbani\u0107, Clinical Hospital Center Rijeka, Rijeka, Croatia\u00a0<\/li>\n\n\n\n<li>Neda Smiljan-Severinski, Clinical Hospital Center Rijeka, Rijeka, Croatia\u00a0<\/li>\n\n\n\n<li>Marina \u0160anti\u0107, University of Rijeka, Faculty of Medicine, Rijeka, Croatia<\/li>\n\n\n\n<li>Sanja \u0160tifter, University of Rijeka, Faculty of Medicine, Rijeka, Croatia<\/li>\n\n\n\n<li>Vera Vlahovi\u0107-Pal\u010devski, Clinical Hospital Center Rijeka, Rijeka, Croatia\u00a0<\/li>\n\n\n\n<li>Marko Zeli\u0107, Clinical Hospital Center Rijeka, Rijeka, Croatia\u00a0<\/li>\n\n\n\n<li>Andreja Ambriovi\u0107-Ristov, Ru\u0111er Bo\u0161kovi\u0107 Institute, Zagreb, Croatia<\/li>\n\n\n\n<li>Irena Barbari\u0107, Johanniter-Krankenhaus Stendal, Stendal, Austria\u00a0<\/li>\n\n\n\n<li>Dragica Bobinac, University of Rijeka, Faculty of Medicine, Rijeka, Croatia<\/li>\n\n\n\n<li>Alena Bureti\u0107-Tomljanovi\u0107, University of Rijeka, Faculty of Medicine, Rijeka, Croatia<\/li>\n\n\n\n<li>Tea \u010caljku\u0161i\u0107-Mance, Clinical Hospital Center Rijeka, Rijeka, Croatia\u00a0<\/li>\n\n\n\n<li>Sanja Davidovi\u0107-Mrsi\u0107, University Hospital Centre Zagreb, Zagreb, Croatia<\/li>\n\n\n\n<li>Tanja Fran\u010di\u0161kovi\u0107, Clinical Hospital Center Rijeka, Rijeka, Croatia\u00a0<\/li>\n\n\n\n<li>Tina Grgasovi\u0107, University of Rijeka, Faculty of Medicine, Rijeka, Croatia<\/li>\n\n\n\n<li>Renata Gr\u017ei\u0107, Clinical Hospital Center Rijeka, Rijeka, Croatia\u00a0<\/li>\n\n\n\n<li>Gordan Gulan, Orthopedics Clinic Lovran, Lovran, Croatia<\/li>\n\n\n\n<li>Marija Heffer, University of Osijek, Faculty of Medicine, Osijek, Croatia<\/li>\n\n\n\n<li>Marija Ka\u0161telan, Clinical Hospital Center Rijeka, Rijeka, Croatia\u00a0<\/li>\n\n\n\n<li>Zlatko Koli\u0107, Medico Special Hospital, Rijeka, Croatia<\/li>\n\n\n\n<li>Sandra Kraljevi\u0107 Paveli\u0107, University of Rijeka, Department of Biotechnology, Rijeka, Croatia<\/li>\n\n\n\n<li>Luca Lovre\u010di\u0107, Clinical Institute of Medical Genetics, Ljubljana, Slovenia<\/li>\n\n\n\n<li>Dean Marki\u0107, Clinical Hospital Center Rijeka, Rijeka, Croatia\u00a0<\/li>\n\n\n\n<li>Bojan Mileti\u0107, University of Rijeka, Faculty of Medicine, Rijeka, Croatia<\/li>\n\n\n\n<li>Damir Mileti\u0107, Clinical Hospital Center Rijeka, Rijeka, Croatia\u00a0<\/li>\n\n\n\n<li>Sandra Mili\u0107, Clinical Hospital Center Rijeka, Rijeka, Croatia\u00a0<\/li>\n<\/ul>\n\n\n\n<h4 class=\"wp-block-heading\">Advisory Board <\/h4>\n\n\n\n<ul class=\"wp-block-list\">\n<li>Petar Matija\u0161evi\u0107, Family Medicine Office dr. Matija\u0161evi\u0107, Rijeka, Croatia\u00a0<\/li>\n\n\n\n<li>Vladimir Mi\u0107ovi\u0107, Teaching Institute of Public Health of Primorje-Gorski Kotar County, Rijeka, Croatia\u00a0<\/li>\n\n\n\n<li>Karla Mu\u0161kovi\u0107, City of Rijeka Department\u00a0of\u00a0Health and Social Welfare, Rijeka, Croatia\u00a0<\/li>\n\n\n\n<li>Kre\u0161imir Paveli\u0107, University of Rijeka, Department of Biotechnology, Rijeka, Croatia\u00a0<\/li>\n\n\n\n<li>Viktor Per\u0161i\u0107, Thalassotherapia Opatija, Opatija, Croatia<\/li>\n\n\n\n<li>An\u0111elka Radoj\u010di\u0107 Badovinac, University of Rijeka, Department of Biotechnology, Rijeka, Croatia\u00a0<\/li>\n\n\n\n<li>Ante Simoni\u0107, University of Rijeka, Faculty of Medicine, Rijeka, Croatia<\/li>\n\n\n\n<li>Branko \u0160estan, Orthopedics Clinic Lovran, Lovran, Croatia\u00a0<\/li>\n\n\n\n<li>Ante \u0160krobonja, University of Rijeka, Faculty of Medicine, Rijeka, Croatia<\/li>\n\n\n\n<li>Davor \u0160timac, Clinical Hospital Center Rijeka, Rijeka, Croatia\u00a0<\/li>\n\n\n\n<li>Alan \u0160usti\u0107, University of Rijeka, Faculty of Health Studies, Rijeka, Croatia\u00a0<\/li>\n\n\n\n<li>Alan Bosnar, University of Rijeka, Faculty of Medicine, Rijeka, Croatia<\/li>\n\n\n\n<li>Bojana Brajenovi\u0107-Mili\u0107, University of Rijeka, Faculty of Medicine, Rijeka, Croatia\u00a0<\/li>\n\n\n\n<li>Miljenko Dori\u0107, University of Rijeka, Faculty of Medicine, Rijeka, Croatia<\/li>\n\n\n\n<li>Herman Haller, Clinical Hospital Center Rijeka, Rijeka, Croatia\u00a0<\/li>\n\n\n\n<li>Stipan Jonji\u0107, University of Rijeka, Faculty of Medicine, Rijeka, Croatia<\/li>\n\n\n\n<li>\u017deljko Jovanovi\u0107, University of Osijek, Faculty of Medicine, Osijek, Croatia\u00a0<\/li>\n\n\n\n<li>Miljenko Kapovi\u0107, University of Rijeka, Faculty of Medicine, Rijeka, Croatia<\/li>\n\n\n\n<li>Pero Lu\u010din, University of Rijeka, Faculty of Medicine, Rijeka, Croatia<\/li>\n\n\n\n<li>Darko Manestar, Clinical Hospital Center Rijeka, Rijeka, Croatia\u00a0<\/li>\n\n\n\n<li>Secretary of Editorial office Jelena Lon\u010darek\u00a0<\/li>\n\n\n\n<li>Publishers Croatian Medical Association \u2013 Branch Office Rijeka, Trg Republike Hrvatske 2\/I, p.p. 227, 51000 Rijeka, Croatia and University of Rijeka, Faculty of Medicine, Bra\u0107e Branchetta 20, 51000 Rijeka, Croatia\u00a0<\/li>\n\n\n\n<li>Croatian Language Editor Tomislava Medved\u00a0<\/li>\n\n\n\n<li>English Language Editor Anamarija Gjuran-Coha\u00a0<\/li>\n\n\n\n<li>Journal design Sa\u0161a Ostoji\u0107\u00a0<\/li>\n<\/ul>\n\n<\/div>\n\t\t<\/div>\n\n<div class=\"wp-block-ub-content-toggle-accordion\" style=\"border-color: #f1f1f1;\" id=\"ub-content-toggle-panel-block-\">\n\t\t\t<div class=\"wp-block-ub-content-toggle-accordion-title-wrap\" style=\"background-color: #f1f1f1;\" aria-controls=\"ub-content-toggle-panel-1-4aaf6f68-aace-4594-b160-7d4ffbd6169d\" tabindex=\"0\">\n\t\t\t<p class=\"wp-block-ub-content-toggle-accordion-title ub-content-toggle-title-4aaf6f68-aace-4594-b160-7d4ffbd6169d\" style=\"color: #000000; \">For authors<\/p>\n\t\t\t<div class=\"wp-block-ub-content-toggle-accordion-toggle-wrap right\" style=\"color: #000000;\"><span class=\"wp-block-ub-content-toggle-accordion-state-indicator wp-block-ub-chevron-down\"><\/span><\/div>\n\t\t<\/div>\n\t\t\t<div role=\"region\" aria-expanded=\"false\" class=\"wp-block-ub-content-toggle-accordion-content-wrap ub-hide\" id=\"ub-content-toggle-panel-1-4aaf6f68-aace-4594-b160-7d4ffbd6169d\">\n\n<p>E-mail address for submission of the manuscript: <a href=\"m&#97;&#105;&#x6c;&#x74;&#x6f;&#x3a;m&#101;&#100;&#105;&#x63;&#x69;&#x6e;a&#46;&#102;&#108;&#x75;&#x6d;&#x69;ne&#110;&#115;&#x69;&#x73;&#x40;gm&#97;&#105;&#x6c;&#x2e;&#x63;om\">medicina&#46;flu&#109;&#105;&#110;&#101;&#110;&#115;&#105;&#115;&#64;&#103;&#109;&#97;&#105;&#108;&#46;&#x63;&#x6f;&#x6d;<\/a><br>E-mail address for online edition: <a href=\"mai&#108;&#116;&#111;&#58;&#x6d;&#x65;&#x64;&#x69;&#x63;&#x69;&#x6e;a&#46;f&#108;&#117;&#109;&#105;&#110;&#x65;&#x6e;&#x73;&#x69;&#x73;&#x2e;onli&#110;&#101;&#64;&#103;&#x6d;&#x61;&#x69;&#x6c;&#x2e;&#x63;om\">&#x6d;&#x65;&#x64;&#105;&#99;&#105;na&#x2e;&#x66;&#x6c;&#x75;&#109;&#105;ne&#x6e;&#x73;&#x69;&#x73;&#46;&#111;nl&#x69;&#x6e;&#x65;&#x40;&#103;&#109;&#97;il&#x2e;&#x63;&#x6f;&#x6d;<\/a><br>E-mail address for information on advertising and subscription to the print edition of the journal: <a href=\"mailto:hlzrijeka&#64;gmail&#46;c&#111;&#109;\">&#x68;&#x6c;&#x7a;&#x72;&#x69;&#x6a;&#x65;&#107;&#97;&#64;&#103;&#109;ail&#46;&#x63;&#x6f;&#x6d;<\/a><\/p>\n\n\n\n<div class=\"wp-block-columns is-layout-flex wp-container-core-columns-is-layout-28f84493 wp-block-columns-is-layout-flex\">\n<div class=\"wp-block-column is-layout-flow wp-block-column-is-layout-flow\">\n<ul class=\"wp-block-list\">\n<li><a href=\"https:\/\/www.medri.uniri.hr\/files\/\/MEDICINA_FLUMINENSIS\/Dokumenti_Fluminensis\/Instructions%20to%20Authors.pdf\">Instructions to Authors<\/a><\/li>\n\n\n\n<li><a href=\"https:\/\/www.medri.uniri.hr\/files\/\/MEDICINA_FLUMINENSIS\/Dokumenti_Fluminensis\/Submission%20Form.doc\">Submission Form<\/a><\/li>\n\n\n\n<li><a href=\"https:\/\/www.medri.uniri.hr\/files\/\/MEDICINA_FLUMINENSIS\/Dokumenti_Fluminensis\/Author%20statement%20form.doc\">Author Statement Form<\/a><\/li>\n\n\n\n<li><a href=\"https:\/\/www.medri.uniri.hr\/files\/\/MEDICINA_FLUMINENSIS\/Dokumenti_Fluminensis\/Review%20Form.doc\">Review Form<\/a><\/li>\n\n\n\n<li><a href=\"https:\/\/www.medri.uniri.hr\/files\/\/MEDICINA_FLUMINENSIS\/Dokumenti_Fluminensis\/Conflicts%20of%20Interest%20Form.pdf\">Conflicts of Interest Form<\/a><\/li>\n<\/ul>\n<\/div>\n\n\n\n<div class=\"wp-block-column is-layout-flow wp-block-column-is-layout-flow\"><\/div>\n<\/div>\n\n<\/div>\n\t\t<\/div>\n\n<div class=\"wp-block-ub-content-toggle-accordion\" style=\"border-color: #f1f1f1;\" id=\"ub-content-toggle-panel-block-\">\n\t\t\t<div class=\"wp-block-ub-content-toggle-accordion-title-wrap\" style=\"background-color: #f1f1f1;\" aria-controls=\"ub-content-toggle-panel-2-4aaf6f68-aace-4594-b160-7d4ffbd6169d\" tabindex=\"0\">\n\t\t\t<p class=\"wp-block-ub-content-toggle-accordion-title ub-content-toggle-title-4aaf6f68-aace-4594-b160-7d4ffbd6169d\" style=\"color: #000000; \">Archive<\/p>\n\t\t\t<div class=\"wp-block-ub-content-toggle-accordion-toggle-wrap right\" style=\"color: #000000;\"><span class=\"wp-block-ub-content-toggle-accordion-state-indicator wp-block-ub-chevron-down\"><\/span><\/div>\n\t\t<\/div>\n\t\t\t<div role=\"region\" aria-expanded=\"false\" class=\"wp-block-ub-content-toggle-accordion-content-wrap ub-hide\" id=\"ub-content-toggle-panel-2-4aaf6f68-aace-4594-b160-7d4ffbd6169d\">\n\n<p>The repository of papers published in <em>Medicina Fluminensis<\/em> since 2007 is available on the website of the Portal of Croatian Scientific and Professional Journals \u2013 <a href=\"https:\/\/hrcak.srce.hr\/medicina\">Hr\u010dak<\/a>. <\/p>\n\n\n\n<p>Papers published in <em>Medicina Fluminensis<\/em> before 2007 are only available in print at the Biomedicine and Health Library in Rijeka. You can request them at <a href=\"&#x6d;&#97;i&#x6c;&#x74;&#111;:&#x6b;&#x62;&#122;&#64;&#x6d;&#101;d&#x72;&#x69;&#46;u&#x6e;&#x69;&#114;i&#x2e;&#104;&#114;\">&#107;&#x62;z&#x40;&#x6d;&#101;&#x64;r&#105;&#x2e;&#117;&#x6e;i&#114;&#x69;&#46;&#x68;r<\/a>.<\/p>\n\n<\/div>\n\t\t<\/div>\n\n<div class=\"wp-block-ub-content-toggle-accordion\" style=\"border-color: #f1f1f1;\" id=\"ub-content-toggle-panel-block-\">\n\t\t\t<div class=\"wp-block-ub-content-toggle-accordion-title-wrap\" style=\"background-color: #f1f1f1;\" aria-controls=\"ub-content-toggle-panel-3-4aaf6f68-aace-4594-b160-7d4ffbd6169d\" tabindex=\"0\">\n\t\t\t<p class=\"wp-block-ub-content-toggle-accordion-title ub-content-toggle-title-4aaf6f68-aace-4594-b160-7d4ffbd6169d\" style=\"color: #000000; \">User rights<\/p>\n\t\t\t<div class=\"wp-block-ub-content-toggle-accordion-toggle-wrap right\" style=\"color: #000000;\"><span class=\"wp-block-ub-content-toggle-accordion-state-indicator wp-block-ub-chevron-down\"><\/span><\/div>\n\t\t<\/div>\n\t\t\t<div role=\"region\" aria-expanded=\"false\" class=\"wp-block-ub-content-toggle-accordion-content-wrap ub-hide\" id=\"ub-content-toggle-panel-3-4aaf6f68-aace-4594-b160-7d4ffbd6169d\">\n\n<p>Users are allowed to read, upload, copy, distribute, print, search and share links of papers and change, modify and adapt the material or use it in other legal ways, as long as they properly cite the original in accordance with the CC BY license. Papers published in <em>Medicina Fluminensis<\/em> are allowed to be stored in institutional and thematic repositories, with the mandatory provision of links to the journal&#8217;s and Hr\u010dak&#8217;s websites. <\/p>\n\n\n\n<p><em>ISSN (printed form) 1847-6864<\/em><br><em>ISSN (electronic form) 1848-820X<\/em><\/p>\n\n<\/div>\n\t\t<\/div>\n\n<div class=\"wp-block-ub-content-toggle-accordion\" style=\"border-color: #f1f1f1;\" id=\"ub-content-toggle-panel-block-\">\n\t\t\t<div class=\"wp-block-ub-content-toggle-accordion-title-wrap\" style=\"background-color: #f1f1f1;\" aria-controls=\"ub-content-toggle-panel-4-4aaf6f68-aace-4594-b160-7d4ffbd6169d\" tabindex=\"0\">\n\t\t\t<p class=\"wp-block-ub-content-toggle-accordion-title ub-content-toggle-title-4aaf6f68-aace-4594-b160-7d4ffbd6169d\" style=\"color: #000000; \">Student Section<\/p>\n\t\t\t<div class=\"wp-block-ub-content-toggle-accordion-toggle-wrap right\" style=\"color: #000000;\"><span class=\"wp-block-ub-content-toggle-accordion-state-indicator wp-block-ub-chevron-down\"><\/span><\/div>\n\t\t<\/div>\n\t\t\t<div role=\"region\" aria-expanded=\"false\" class=\"wp-block-ub-content-toggle-accordion-content-wrap ub-hide\" id=\"ub-content-toggle-panel-4-4aaf6f68-aace-4594-b160-7d4ffbd6169d\">\n\n<p>In 2017, based on the interest and motivation of students at the First International Biomedical Student Congress in Rijeka (BRIK 2017), the Editor-in-Chief and Executive Editor initiated the establishment of the Student Section of <em>Medicina Fluminensis<\/em>. The main aim of the Student Section is to promote and support student scientific activity. The popularisation of science among students and their early integration into scientific activity certainly contributes to the quality and visibility of the Faculty of Medicine in Rijeka and the Croatian Medical Association \u2013 Branch Office Rijeka.<\/p>\n\n\n\n<p>All goals of the Student Section are implemented based on the teamwork of the Editorial Board, two student representatives on the Editorial Board and students involved in the scientific programme of the Faculty of Medicine in Rijeka.<\/p>\n\n\n\n<p>The activities of the Student Section include:<\/p>\n\n\n\n<ul class=\"wp-block-list\">\n<li>journal\u2019s official support at all congresses organized by students of the Faculty of Medicine in Rijeka, including reviewing abstracts and selecting the best paper, which will be published <em>in extenso <\/em>in the journal<\/li>\n\n\n\n<li>printing of abstracts from the BRIK congress in the journal supplement<\/li>\n\n\n\n<li>publishing scientific papers in the journal supplement dedicated to the Student Section<\/li>\n\n\n\n<li>launching the <em>Medicina Fluminensis Scientific School for Students<\/em>, which will include workshops dealing with topics related to writing scientific papers<\/li>\n<\/ul>\n\n\n\n<p>By providing a unique approach to students, <em>Medicina Fluminensis<\/em> strives to become a promoter and a window into the world of science from the earliest student days, both at the Faculty of Medicine in Rijeka and at other faculties of biomedical sciences.<\/p>\n\n<\/div>\n\t\t<\/div>\n\n<div class=\"wp-block-ub-content-toggle-accordion\" style=\"border-color: #f1f1f1;\" id=\"ub-content-toggle-panel-block-\">\n\t\t\t<div class=\"wp-block-ub-content-toggle-accordion-title-wrap\" style=\"background-color: #f1f1f1;\" aria-controls=\"ub-content-toggle-panel-5-4aaf6f68-aace-4594-b160-7d4ffbd6169d\" tabindex=\"0\">\n\t\t\t<p class=\"wp-block-ub-content-toggle-accordion-title ub-content-toggle-title-4aaf6f68-aace-4594-b160-7d4ffbd6169d\" style=\"color: #000000; \">Bibliography<\/p>\n\t\t\t<div class=\"wp-block-ub-content-toggle-accordion-toggle-wrap right\" style=\"color: #000000;\"><span class=\"wp-block-ub-content-toggle-accordion-state-indicator wp-block-ub-chevron-down\"><\/span><\/div>\n\t\t<\/div>\n\t\t\t<div role=\"region\" aria-expanded=\"false\" class=\"wp-block-ub-content-toggle-accordion-content-wrap ub-hide\" id=\"ub-content-toggle-panel-5-4aaf6f68-aace-4594-b160-7d4ffbd6169d\">\n\n<ul class=\"wp-block-list\">\n<li><a href=\"https:\/\/repository.medri.uniri.hr\/islandora\/object\/medri%3A1789\" target=\"_blank\" rel=\"noreferrer noopener\">Bibliography of <\/a><em><a href=\"https:\/\/repository.medri.uniri.hr\/islandora\/object\/medri%3A1789\" target=\"_blank\" rel=\"noreferrer noopener\">Medicina<\/a> <\/em>from 1964 to 2004<\/li>\n<\/ul>\n\n<\/div>\n\t\t<\/div>\n\n<div class=\"wp-block-ub-content-toggle-accordion\" style=\"border-color: #f1f1f1;\" id=\"ub-content-toggle-panel-block-\">\n\t\t\t<div class=\"wp-block-ub-content-toggle-accordion-title-wrap\" style=\"background-color: #f1f1f1;\" aria-controls=\"ub-content-toggle-panel-6-4aaf6f68-aace-4594-b160-7d4ffbd6169d\" tabindex=\"0\">\n\t\t\t<p class=\"wp-block-ub-content-toggle-accordion-title ub-content-toggle-title-4aaf6f68-aace-4594-b160-7d4ffbd6169d\" style=\"color: #000000; \">Texts about the journal<\/p>\n\t\t\t<div class=\"wp-block-ub-content-toggle-accordion-toggle-wrap right\" style=\"color: #000000;\"><span class=\"wp-block-ub-content-toggle-accordion-state-indicator wp-block-ub-chevron-down\"><\/span><\/div>\n\t\t<\/div>\n\t\t\t<div role=\"region\" aria-expanded=\"false\" class=\"wp-block-ub-content-toggle-accordion-content-wrap ub-hide\" id=\"ub-content-toggle-panel-6-4aaf6f68-aace-4594-b160-7d4ffbd6169d\">\n\n<ul class=\"wp-block-list\">\n<li><a href=\"https:\/\/repository.medri.uniri.hr\/islandora\/object\/medri%3A2632\" target=\"_blank\" rel=\"noreferrer noopener\">Medicina Fluminensis: promotor najmla\u0111ih stvaratelja znanosti<\/a> <\/li>\n\n\n\n<li><a href=\"https:\/\/repository.medri.uniri.hr\/islandora\/object\/medri%3A1155\" target=\"_blank\" rel=\"noreferrer noopener\">Medicina Fluminensis na razme\u0111u polustoljetnog djelovanja \u2013 promjene i vizija za novo doba<\/a> <\/li>\n\n\n\n<li><a href=\"https:\/\/repository.medri.uniri.hr\/islandora\/object\/medri%3A789\" target=\"_blank\" rel=\"noreferrer noopener\">Pet desetlje\u0107a glasila Medicina Fluminensis<\/a> <\/li>\n\n\n\n<li><a href=\"https:\/\/repository.medri.uniri.hr\/islandora\/object\/medri%3A1159\" target=\"_blank\" rel=\"noreferrer noopener\">Medicina Fluminensis u vrtlogu \u010dasopisnog darvinizma<\/a> <\/li>\n<\/ul>\n\n<\/div>\n\t\t<\/div>\n<\/div>","protected":false},"excerpt":{"rendered":"<p>Medicina Fluminensis is the official journal of the Croatian Medical Association \u2013 Branch Office Rijeka and the Faculty of Medicine, University of Rijeka. The journal was launched in 1964 by the Croatian Medical Association \u2013 Branch Office Rijeka. During 2010, the journal changed its name to Medicina Fluminensis and started to be co-published by the [&hellip;]<\/p>\n","protected":false},"author":4,"featured_media":0,"parent":13385,"menu_order":5,"comment_status":"closed","ping_status":"closed","template":"","meta":{"_acf_changed":false,"ub_ctt_via":"","footnotes":""},"class_list":["post-13396","page","type-page","status-publish","hentry"],"acf":[],"featured_image_src":null,"_links":{"self":[{"href":"https:\/\/medri.uniri.hr\/en\/wp-json\/wp\/v2\/pages\/13396","targetHints":{"allow":["GET"]}}],"collection":[{"href":"https:\/\/medri.uniri.hr\/en\/wp-json\/wp\/v2\/pages"}],"about":[{"href":"https:\/\/medri.uniri.hr\/en\/wp-json\/wp\/v2\/types\/page"}],"author":[{"embeddable":true,"href":"https:\/\/medri.uniri.hr\/en\/wp-json\/wp\/v2\/users\/4"}],"replies":[{"embeddable":true,"href":"https:\/\/medri.uniri.hr\/en\/wp-json\/wp\/v2\/comments?post=13396"}],"version-history":[{"count":14,"href":"https:\/\/medri.uniri.hr\/en\/wp-json\/wp\/v2\/pages\/13396\/revisions"}],"predecessor-version":[{"id":38903,"href":"https:\/\/medri.uniri.hr\/en\/wp-json\/wp\/v2\/pages\/13396\/revisions\/38903"}],"up":[{"embeddable":true,"href":"https:\/\/medri.uniri.hr\/en\/wp-json\/wp\/v2\/pages\/13385"}],"wp:attachment":[{"href":"https:\/\/medri.uniri.hr\/en\/wp-json\/wp\/v2\/media?parent=13396"}],"curies":[{"name":"wp","href":"https:\/\/api.w.org\/{rel}","templated":true}]}}