{"id":21774,"date":"2024-01-17T16:26:06","date_gmt":"2024-01-17T14:26:06","guid":{"rendered":"https:\/\/medri.uniri.hr\/?page_id=21774"},"modified":"2024-01-18T16:43:12","modified_gmt":"2024-01-18T14:43:12","slug":"1st-biomedicine-and-health-phd-students-congress","status":"publish","type":"page","link":"https:\/\/medri.uniri.hr\/en\/scientific-and-professional-meetings\/science-and-us\/1st-biomedicine-and-health-phd-students-congress\/","title":{"rendered":"1st Biomedicine and Health PhD Students Congress"},"content":{"rendered":"\n<h3 class=\"wp-block-heading\">University of Rijeka, Faculty of Medicine, May 19 &#8211; 20, 2022 <\/h3>\n\n\n<div style=\"min-height: 368px;; \" class=\"ub_image_slider swiper-container wp-block-ub-image-slider\" id=\"ub_image_slider_2bab6348-ce28-41fb-b839-6fb4946eca9f\" data-swiper-data='{\"speed\":300,\"spaceBetween\":20,\"slidesPerView\":1,\"loop\":true,\"pagination\":{\"el\": \".swiper-pagination\" , \"type\": \"bullets\", \"clickable\":true},\"navigation\": {\"nextEl\": \".swiper-button-next\", \"prevEl\": \".swiper-button-prev\"}, \"keyboard\": { \"enabled\": true }, \"effect\": \"slide\",\"simulateTouch\":false}'>\n            <div class=\"swiper-wrapper\"><figure class=\"swiper-slide\">\n                <img decoding=\"async\" src=\"https:\/\/medri.uniri.hr\/wp-content\/uploads\/2024\/01\/4-1-scaled.jpg\" alt=\"\" style=\"height: 333px;; \">\n                <figcaption class=\"ub_image_slider_image_caption\"><\/figcaption>\n            <\/figure><figure class=\"swiper-slide\">\n                <img decoding=\"async\" src=\"https:\/\/medri.uniri.hr\/wp-content\/uploads\/2024\/01\/3-1-scaled.jpg\" alt=\"\" style=\"height: 333px;; \">\n                <figcaption class=\"ub_image_slider_image_caption\"><\/figcaption>\n            <\/figure><figure class=\"swiper-slide\">\n                <img decoding=\"async\" src=\"https:\/\/medri.uniri.hr\/wp-content\/uploads\/2024\/01\/6-scaled.jpg\" alt=\"\" style=\"height: 333px;; \">\n                <figcaption class=\"ub_image_slider_image_caption\"><\/figcaption>\n            <\/figure><figure class=\"swiper-slide\">\n                <img decoding=\"async\" src=\"https:\/\/medri.uniri.hr\/wp-content\/uploads\/2024\/01\/5-1-scaled.jpg\" alt=\"\" style=\"height: 333px;; \">\n                <figcaption class=\"ub_image_slider_image_caption\"><\/figcaption>\n            <\/figure><figure class=\"swiper-slide\">\n                <img decoding=\"async\" src=\"https:\/\/medri.uniri.hr\/wp-content\/uploads\/2024\/01\/2-1-scaled.jpg\" alt=\"\" style=\"height: 333px;; \">\n                <figcaption class=\"ub_image_slider_image_caption\"><\/figcaption>\n            <\/figure><figure class=\"swiper-slide\">\n                <img decoding=\"async\" src=\"https:\/\/medri.uniri.hr\/wp-content\/uploads\/2024\/01\/1-2-scaled.jpg\" alt=\"\" style=\"height: 333px;; \">\n                <figcaption class=\"ub_image_slider_image_caption\"><\/figcaption>\n            <\/figure><\/div>\n            <div class=\"swiper-pagination\"><\/div>\n            <div class=\"swiper-button-prev\"><\/div> <div class=\"swiper-button-next\"><\/div>\n        <\/div>\n\n<div class=\"wp-block-ub-content-toggle wp-block-ub-content-toggle-block\" id=\"ub-content-toggle-block-964d058a-e3a5-4ef7-abef-eb56cb448abc\" data-mobilecollapse=\"false\" data-desktopcollapse=\"true\" data-preventcollapse=\"false\" data-showonlyone=\"false\">\n<div class=\"wp-block-ub-content-toggle-accordion\" style=\"border-color: #f1f1f1;\" id=\"ub-content-toggle-panel-block-\">\n\t\t\t<div class=\"wp-block-ub-content-toggle-accordion-title-wrap\" style=\"background-color: #f1f1f1;\" aria-controls=\"ub-content-toggle-panel-0-964d058a-e3a5-4ef7-abef-eb56cb448abc\" tabindex=\"0\">\n\t\t\t<p class=\"wp-block-ub-content-toggle-accordion-title ub-content-toggle-title-964d058a-e3a5-4ef7-abef-eb56cb448abc\" style=\"color: #000000; \"><strong>PROGRAM<\/strong><\/p>\n\t\t\t<div class=\"wp-block-ub-content-toggle-accordion-toggle-wrap right\" style=\"color: #000000;\"><span class=\"wp-block-ub-content-toggle-accordion-state-indicator wp-block-ub-chevron-down\"><\/span><\/div>\n\t\t<\/div>\n\t\t\t<div role=\"region\" aria-expanded=\"false\" class=\"wp-block-ub-content-toggle-accordion-content-wrap ub-hide\" id=\"ub-content-toggle-panel-0-964d058a-e3a5-4ef7-abef-eb56cb448abc\">\n\n<div data-wp-interactive=\"core\/file\" class=\"wp-block-file\"><object data-wp-bind--hidden=\"!state.hasPdfPreview\" hidden class=\"wp-block-file__embed\" data=\"https:\/\/medri.uniri.hr\/wp-content\/uploads\/2024\/01\/Program-ZIM.pdf\" type=\"application\/pdf\" style=\"width:100%;height:600px\" aria-label=\"Embed of Program-ZIM.\"><\/object><a id=\"wp-block-file--media-c3bffeaa-d3a4-4fd6-bc20-222d0217eacd\" href=\"https:\/\/medri.uniri.hr\/wp-content\/uploads\/2024\/01\/Program-ZIM.pdf\">Program-ZIM<\/a><a href=\"https:\/\/medri.uniri.hr\/wp-content\/uploads\/2024\/01\/Program-ZIM.pdf\" class=\"wp-block-file__button wp-element-button\" download aria-describedby=\"wp-block-file--media-c3bffeaa-d3a4-4fd6-bc20-222d0217eacd\">Preuzmi<\/a><\/div>\n\n<\/div>\n\t\t<\/div>\n<\/div>\n\n<div class=\"wp-block-ub-content-toggle wp-block-ub-content-toggle-block\" id=\"ub-content-toggle-block-d24df1ad-ab3a-4cfe-ad37-927bdae57a48\" data-mobilecollapse=\"false\" data-desktopcollapse=\"true\" data-preventcollapse=\"false\" data-showonlyone=\"false\">\n<div class=\"wp-block-ub-content-toggle-accordion\" style=\"border-color: #f1f1f1;\" id=\"ub-content-toggle-panel-block-\">\n\t\t\t<div class=\"wp-block-ub-content-toggle-accordion-title-wrap\" style=\"background-color: #f1f1f1;\" aria-controls=\"ub-content-toggle-panel-0-d24df1ad-ab3a-4cfe-ad37-927bdae57a48\" tabindex=\"0\">\n\t\t\t<p class=\"wp-block-ub-content-toggle-accordion-title ub-content-toggle-title-d24df1ad-ab3a-4cfe-ad37-927bdae57a48\" style=\"color: #000000; \"><strong>INVITED LECTURES <\/strong><\/p>\n\t\t\t<div class=\"wp-block-ub-content-toggle-accordion-toggle-wrap right\" style=\"color: #000000;\"><span class=\"wp-block-ub-content-toggle-accordion-state-indicator wp-block-ub-chevron-down\"><\/span><\/div>\n\t\t<\/div>\n\t\t\t<div role=\"region\" aria-expanded=\"false\" class=\"wp-block-ub-content-toggle-accordion-content-wrap ub-hide\" id=\"ub-content-toggle-panel-0-d24df1ad-ab3a-4cfe-ad37-927bdae57a48\">\n\n<ul class=\"wp-block-list\">\n<li><strong>Niels Lemmermann (Germany)<\/strong>, University Medical\u00a0Center\u00a0of the Johannes Gutenberg-University Mainz.<\/li>\n\n\n\n<li><strong>Niall Hyland (Ireland)<\/strong>, University College Cork.<\/li>\n\n\n\n<li><strong>Alena Kne\u017eevi\u0107 \u010cizmi\u0107 (USA),<\/strong>\u00a0University of Southern California, Herman Ostrow School of Dentistry.<\/li>\n\n\n\n<li><strong>Hein Raat (Netherlands),<\/strong>\u00a0Erasmus University Rotterdam.<\/li>\n\n\n\n<li><strong>Du\u0161anka Milojkovi\u0107-Opsenica (Serbia),<\/strong>\u00a0Faculty of Chemistry, University of Belgrade.\u00a0<\/li>\n<\/ul>\n\n<\/div>\n\t\t<\/div>\n<\/div>\n\n<div class=\"wp-block-ub-content-toggle wp-block-ub-content-toggle-block\" id=\"ub-content-toggle-block-6f4b454c-bae7-4aee-8b6b-30650dd790cc\" data-mobilecollapse=\"false\" data-desktopcollapse=\"true\" data-preventcollapse=\"false\" data-showonlyone=\"false\">\n<div class=\"wp-block-ub-content-toggle-accordion\" style=\"border-color: #f1f1f1;\" id=\"ub-content-toggle-panel-block-\">\n\t\t\t<div class=\"wp-block-ub-content-toggle-accordion-title-wrap\" style=\"background-color: #f1f1f1;\" aria-controls=\"ub-content-toggle-panel-0-6f4b454c-bae7-4aee-8b6b-30650dd790cc\" tabindex=\"0\">\n\t\t\t<p class=\"wp-block-ub-content-toggle-accordion-title ub-content-toggle-title-6f4b454c-bae7-4aee-8b6b-30650dd790cc\" style=\"color: #000000; \"><strong>REGISTRATION AND FEES<\/strong> <\/p>\n\t\t\t<div class=\"wp-block-ub-content-toggle-accordion-toggle-wrap right\" style=\"color: #000000;\"><span class=\"wp-block-ub-content-toggle-accordion-state-indicator wp-block-ub-chevron-down\"><\/span><\/div>\n\t\t<\/div>\n\t\t\t<div role=\"region\" aria-expanded=\"false\" class=\"wp-block-ub-content-toggle-accordion-content-wrap ub-hide\" id=\"ub-content-toggle-panel-0-6f4b454c-bae7-4aee-8b6b-30650dd790cc\">\n\n<p>Please, follow this link to register:\u00a0<a href=\"https:\/\/forms.gle\/pgmXfDuvatugtyxW9\" target=\"_blank\" rel=\"noreferrer noopener\">REGISTRATION<\/a><\/p>\n\n\n\n<p>The registration fee is 100 HRK.<\/p>\n\n\n\n<p><strong>Payment information for payment in HRK:<\/strong><br>University of Rijeka, Faculty of Medicine <br>Bra\u0107e Branchetta 20, 51000 Rijeka, Croatia <br>Zagreba\u010dka banka d.d. <br>IBAN: HR9323600001101410222 <br>SWIFT: ZABAHR2X <br>Reference number: HR00 400-30-4500 <br>Payment description: name, surname and OIB\/ unique personal identification number\u00a0<\/p>\n\n\n\n<p><strong>Payment information for payment in other currencies:<\/strong><br>University of Rijeka, Faculty of Medicine<br>Bra\u0107e Branchetta 20, 51000 Rijeka, Croatia<br>ERSTE&amp;STEIERMARKISCHE BANK D.D.<br>Jadranski trg\u00a03a, 51000 Rijeka, Croatia<br>IBAN: HR2724020061100355029<br>SWIFT: ESBCHR22<br>REUTERS: ESZH<br>Reference: 400-30-4500<\/p>\n\n<\/div>\n\t\t<\/div>\n<\/div>\n\n<div class=\"wp-block-ub-content-toggle wp-block-ub-content-toggle-block\" id=\"ub-content-toggle-block-8221c709-2cbe-435e-9632-7a7500421aee\" data-mobilecollapse=\"false\" data-desktopcollapse=\"true\" data-preventcollapse=\"false\" data-showonlyone=\"false\">\n<div class=\"wp-block-ub-content-toggle-accordion\" style=\"border-color: #8ed1fc;\" id=\"ub-content-toggle-panel-block-\">\n\t\t\t<div class=\"wp-block-ub-content-toggle-accordion-title-wrap\" style=\"background-color: #8ed1fc;\" aria-controls=\"ub-content-toggle-panel-0-8221c709-2cbe-435e-9632-7a7500421aee\" tabindex=\"0\">\n\t\t\t<p class=\"wp-block-ub-content-toggle-accordion-title ub-content-toggle-title-8221c709-2cbe-435e-9632-7a7500421aee\" style=\"color: #000000; \"><strong>ABSTRACT \/ POSTER SUBMISSION <\/strong><\/p>\n\t\t\t<div class=\"wp-block-ub-content-toggle-accordion-toggle-wrap right\" style=\"color: #000000;\"><span class=\"wp-block-ub-content-toggle-accordion-state-indicator wp-block-ub-chevron-down\"><\/span><\/div>\n\t\t<\/div>\n\t\t\t<div role=\"region\" aria-expanded=\"false\" class=\"wp-block-ub-content-toggle-accordion-content-wrap ub-hide\" id=\"ub-content-toggle-panel-0-8221c709-2cbe-435e-9632-7a7500421aee\">\n\n<p><strong>GUIDE FOR ORAL, POSTER AND e-POSTER PRESENTATIONS<\/strong><\/p>\n\n\n\n<p>Colleagues who have submitted\u00a0<strong>oral presentations<\/strong>\u00a0are asked to prepare\u00a0<strong>a PowerPoint presentation lasting 10 minutes.\u00a0<\/strong><\/p>\n\n\n\n<p>Presentations in\u00a0<strong>.pptx format\u00a0<\/strong>should be sent via the link:\u00a0<a href=\"https:\/\/docs.google.com\/forms\/d\/e\/1FAIpQLSfmoQxvpcCA6U_BEH3Pmxt7EZajVx1ViKbBBAnpGEEbPcb6iw\/viewform\" target=\"_blank\" rel=\"noreferrer noopener\">PRESENTATION SUBMISSION<\/a>\u00a0by\u00a0<strong>16.5.2022<\/strong>.<\/p>\n\n\n\n<p>Colleagues who have submitted\u00a0<strong>poster presentations and will participate LIVE at the congress<\/strong>\u00a0should\u00a0<strong>PRINT posters<\/strong>\u00a0that will be displayed in the hall of the Faculty of Medicine. Posters will not be presented, but during the poster section, doctoral\/ postdoctoral students are required to stand by their posters and answer any questions.<\/p>\n\n\n\n<p><strong>Posters need to be printed at a size of 90&#215;120 cm (width x height).<\/strong><\/p>\n\n\n\n<p>Colleagues who have submitted\u00a0<strong>poster presentations and will participate ONLINE at the congress<\/strong>\u00a0should prepare a\u00a0<strong>recording of their poster presentation lasting 3 minutes.<\/strong>\u00a0The recordings will be broadcast during the poster section, and you are required to be present ONLINE if anyone has any questions.\u00a0<\/p>\n\n\n\n<p>A recordings\u00a0should be named\u00a0<strong>surname_name,<\/strong>\u00a0saved in .<strong>mp4 format,\u00a0<\/strong>and<strong>\u00a0<\/strong>sent from the\u00a0<a href=\"https:\/\/wetransfer.com\/\" target=\"_blank\" rel=\"noreferrer noopener\">we.transfer<\/a>\u00a0to\u00a0the mail: &#x7a;&#110;a&#x6e;&#111;&#115;&#x74;&#x69;&#109;i&#x40;&#103;m&#x61;&#x69;&#108;&#46;&#x63;&#111;m\u00a0<strong>by 16.5.2022.<\/strong><\/p>\n\n\n\n<p>All participants are required to pay a registration fee of\u00a0<strong>100.00 HRK and register for the congress<\/strong>\u00a0via the\u00a0<a href=\"https:\/\/docs.google.com\/forms\/d\/e\/1FAIpQLScJZLq_rt067vx3JScp0vQF5X7Fzbgd3YIyQZLSTnqSo4iNdA\/viewform\" target=\"_blank\" rel=\"noreferrer noopener\">REGISTRATION link<\/a>.<\/p>\n\n\n\n<p><strong>ABSTRACT AND POWER POINT PRESENTATION SUBMISSON<\/strong><\/p>\n\n\n\n<p>The abstract must be written in the English language with Normal margins (2.5 cm), 1.5 line spacing, and 11-point Arial font. The title should be in bold and sentence-case. The author&#8217;s information must conclude names and surnames (without initials and degrees). The abstracts should not exceed 450 words. Abstracts should NOT contain photos, tables, or references. A list of 3 &#8211; 6 keywords should be written below the Abstracts, arranged in alphabetical order, and separated by a semi-colon (;). The abstract should be saved in\u00a0<strong>.docx<\/strong>\u00a0format.<\/p>\n\n\n\n<p>Below you can also find the link to submit your Power Point Presentation in\u00a0<strong>.pptx format<\/strong>.<\/p>\n\n\n\n<p>You can download Abstract template here: <br><a href=\"https:\/\/kongreszim.jimdofree.com\/app\/download\/16148544522\/Abstract+template.pdf?t=1650353625\"><\/a><a href=\"https:\/\/medri.uniri.hr\/wp-content\/uploads\/2024\/01\/Abstract-template.pdf\" data-type=\"link\" data-id=\"https:\/\/medri.uniri.hr\/wp-content\/uploads\/2024\/01\/Abstract-template.pdf\">Abstract template.pdf<\/a><\/p>\n\n<\/div>\n\t\t<\/div>\n<\/div>\n\n<div class=\"wp-block-ub-content-toggle wp-block-ub-content-toggle-block\" id=\"ub-content-toggle-block-a5690e86-4235-4eb8-ad0c-3b1e3b6a20d5\" data-mobilecollapse=\"false\" data-desktopcollapse=\"true\" data-preventcollapse=\"false\" data-showonlyone=\"false\">\n<div class=\"wp-block-ub-content-toggle-accordion\" style=\"border-color: #f1f1f1;\" id=\"ub-content-toggle-panel-block-\">\n\t\t\t<div class=\"wp-block-ub-content-toggle-accordion-title-wrap\" style=\"background-color: #f1f1f1;\" aria-controls=\"ub-content-toggle-panel-0-a5690e86-4235-4eb8-ad0c-3b1e3b6a20d5\" tabindex=\"0\">\n\t\t\t<p class=\"wp-block-ub-content-toggle-accordion-title ub-content-toggle-title-a5690e86-4235-4eb8-ad0c-3b1e3b6a20d5\" style=\"color: #000000; \"><strong>IMPORTANT DATES <\/strong><\/p>\n\t\t\t<div class=\"wp-block-ub-content-toggle-accordion-toggle-wrap right\" style=\"color: #000000;\"><span class=\"wp-block-ub-content-toggle-accordion-state-indicator wp-block-ub-chevron-down\"><\/span><\/div>\n\t\t<\/div>\n\t\t\t<div role=\"region\" aria-expanded=\"false\" class=\"wp-block-ub-content-toggle-accordion-content-wrap ub-hide\" id=\"ub-content-toggle-panel-0-a5690e86-4235-4eb8-ad0c-3b1e3b6a20d5\">\n\n<p><\/p>\n\n\n\n<figure class=\"wp-block-table\"><table><tbody><tr><td>Abstracts Submission Deadline<\/td><td>The deadline has been extended until April 11th.<\/td><\/tr><tr><td>Notification of Acceptance\/Rejection<\/td><td>April 18, 2022<\/td><\/tr><tr><td>Registration fee\u00a0Deadline<\/td><td>April\u00a025, 2022<\/td><\/tr><tr><td>PowerPoint Presentation Deadline<\/td><td>May 16, 2022<\/td><\/tr><tr><td>Congress Dates<\/td><td>May 19 &#8211; 20, 2022<\/td><\/tr><\/tbody><\/table><\/figure>\n\n<\/div>\n\t\t<\/div>\n<\/div>\n\n<div class=\"wp-block-ub-content-toggle wp-block-ub-content-toggle-block\" id=\"ub-content-toggle-block-f2c1b7dc-f350-41da-ad96-93482b00775b\" data-mobilecollapse=\"false\" data-desktopcollapse=\"true\" data-preventcollapse=\"false\" data-showonlyone=\"false\">\n<div class=\"wp-block-ub-content-toggle-accordion\" style=\"border-color: #8ed1fc;\" id=\"ub-content-toggle-panel-block-\">\n\t\t\t<div class=\"wp-block-ub-content-toggle-accordion-title-wrap\" style=\"background-color: #8ed1fc;\" aria-controls=\"ub-content-toggle-panel-0-f2c1b7dc-f350-41da-ad96-93482b00775b\" tabindex=\"0\">\n\t\t\t<p class=\"wp-block-ub-content-toggle-accordion-title ub-content-toggle-title-f2c1b7dc-f350-41da-ad96-93482b00775b\" style=\"color: #000000; \"><strong>CALL FOR PARTICIPATION<\/strong> <\/p>\n\t\t\t<div class=\"wp-block-ub-content-toggle-accordion-toggle-wrap right\" style=\"color: #000000;\"><span class=\"wp-block-ub-content-toggle-accordion-state-indicator wp-block-ub-chevron-down\"><\/span><\/div>\n\t\t<\/div>\n\t\t\t<div role=\"region\" aria-expanded=\"false\" class=\"wp-block-ub-content-toggle-accordion-content-wrap ub-hide\" id=\"ub-content-toggle-panel-0-f2c1b7dc-f350-41da-ad96-93482b00775b\">\n\n<p>Dear PhD students, postdoctoral researchers and all interested parties, <br><br>It is our honor and pleasure to invite you to the 1st Biomedicine and Health PhD Students Congress\u00a0<strong>\u201cScience and Us\u201d<\/strong>\u00a0with international participation. The Congress will be held from\u00a0<strong>19 to 20 May, 2022<\/strong>\u00a0at the\u00a0<strong>University of Rijeka, Faculty of Medicine<\/strong>. The Congress is intended for PhD and postdoctoral researchers in biomedicine and health\u00a0as well as related scientific fields. The main topics of the Congress are from the fields of biomedicine, clinical medicine, dental medicine, public health and environmental engineering. The Congress will be held both\u00a0<strong>on-site and online\u00a0<\/strong>via the Zoom platform. The official language of the Congress is English.<br><br>The Congress aims to contribute to the exchange of experiences and research results of PhD students and postdoctoral researchers as well as to raise the quality of study programs through oral and poster presentations.\u00a0Participation in this Congress is an elective activity for doctoral studies. Oral and poster presentations will be evaluated with\u00a0<strong>ECTS credits.<\/strong>\u00a0This Congress is an opportunity for all participants to increase their knowledge by listening to\u00a0<strong>eminent visiting lecturers<\/strong>\u00a0from various institutions, to present their noteworthy ideas, to connect with the wider academic community and, most importantly, to participate in creating solutions to\u00a0actual scientific challenges.\u00a0<br><br>We hope you will have a pleasant time and an opportunity to create new scientific perspectives, cooperation and friendships! We look forward meeting you!<\/p>\n\n\n\n<p>Sincerely,<\/p>\n\n\n\n<p>Organizing Committee of the\u00a0<strong>\u201cScience and Us\u201d<\/strong>\u00a0Congress<\/p>\n\n<\/div>\n\t\t<\/div>\n<\/div>\n\n<div class=\"wp-block-ub-content-toggle wp-block-ub-content-toggle-block\" id=\"ub-content-toggle-block-3d283b4f-24b6-4363-a5e8-eb54f1b9c529\" data-mobilecollapse=\"false\" data-desktopcollapse=\"true\" data-preventcollapse=\"false\" data-showonlyone=\"false\">\n<div class=\"wp-block-ub-content-toggle-accordion\" style=\"border-color: #f1f1f1;\" id=\"ub-content-toggle-panel-block-\">\n\t\t\t<div class=\"wp-block-ub-content-toggle-accordion-title-wrap\" style=\"background-color: #f1f1f1;\" aria-controls=\"ub-content-toggle-panel-0-3d283b4f-24b6-4363-a5e8-eb54f1b9c529\" tabindex=\"0\">\n\t\t\t<p class=\"wp-block-ub-content-toggle-accordion-title ub-content-toggle-title-3d283b4f-24b6-4363-a5e8-eb54f1b9c529\" style=\"color: #000000; \"><strong>COMMITTEES <\/strong><\/p>\n\t\t\t<div class=\"wp-block-ub-content-toggle-accordion-toggle-wrap right\" style=\"color: #000000;\"><span class=\"wp-block-ub-content-toggle-accordion-state-indicator wp-block-ub-chevron-down\"><\/span><\/div>\n\t\t<\/div>\n\t\t\t<div role=\"region\" aria-expanded=\"false\" class=\"wp-block-ub-content-toggle-accordion-content-wrap ub-hide\" id=\"ub-content-toggle-panel-0-3d283b4f-24b6-4363-a5e8-eb54f1b9c529\">\n\n<p><strong>The\u00a0Team<\/strong><\/p>\n\n\n\n<p><strong>Organizing Committee:<\/strong> <br>Ma\u0161a Kne\u017eevi\u0107, mag. pharm. inv., President of the Congress\u00a0<br>Ina Viduka, mag. sanit. ing., President of the Organizing Committee<br>Ingrid \u0160uti\u0107 Udovi\u0107, dr. med.<br>Lena Zatkovi\u0107, mag. pharm.<br>Ana Zulijani dr. med. dent.<br>Marija Livaji\u0107, dr. med.<br>Denis Juraga, mag. sanit. ing.<br>Mamaja Jan\u010di\u0107, dipl. oec.<br>Koraljka Longin, dipl. ing.<br>Adriana Prpi\u0107, spec. publ. admin.\u00a0<\/p>\n\n\n\n<p><strong>Scientific Committee:<\/strong> <br>prof. dr. sc. Marina \u0160anti\u0107, President of the Scientific Committee\u00a0 <br>doc. dr. sc. Vanda Jurani\u0107 Lisni\u0107\u00a0<br>izv. prof. dr. sc. Darija Vuki\u0107 Lu\u0161i\u0107 <br>doc. dr. sc. Lovorka Bilajac <br>doc. dr. sc. Marko Klari\u0107 <br>prof. dr. sc. Stjepan \u0160palj <br>doc. dr. sc. Mateja O\u017eani\u010d<\/p>\n\n<\/div>\n\t\t<\/div>\n<\/div>\n\n\n<h3 class=\"wp-block-heading\">Meeting Supporters \/ Sponsors<\/h3>\n\n\n\n<div class=\"wp-block-group is-nowrap is-layout-flex wp-container-core-group-is-layout-6c531013 wp-block-group-is-layout-flex\">\n<figure class=\"wp-block-image size-full is-resized\"><a href=\"https:\/\/www.jgl.hr\/\"><img decoding=\"async\" width=\"200\" height=\"200\" src=\"https:\/\/medri.uniri.hr\/wp-content\/uploads\/2024\/01\/JGL-logo.png\" alt=\"\" class=\"wp-image-21818\" style=\"width:171px;height:auto\" srcset=\"https:\/\/medri.uniri.hr\/wp-content\/uploads\/2024\/01\/JGL-logo.png 200w, https:\/\/medri.uniri.hr\/wp-content\/uploads\/2024\/01\/JGL-logo-150x150.png 150w\" sizes=\"(max-width: 200px) 100vw, 200px\" \/><\/a><\/figure>\n\n\n\n<figure class=\"wp-block-image size-full is-resized\"><a href=\"www.hlk.hr\"><img fetchpriority=\"high\" decoding=\"async\" width=\"947\" height=\"875\" src=\"https:\/\/medri.uniri.hr\/wp-content\/uploads\/2024\/01\/HLK-LOGO-2016.-vektor_page-0001.jpg\" alt=\"\" class=\"wp-image-21822\" style=\"width:179px;height:auto\" srcset=\"https:\/\/medri.uniri.hr\/wp-content\/uploads\/2024\/01\/HLK-LOGO-2016.-vektor_page-0001.jpg 947w, https:\/\/medri.uniri.hr\/wp-content\/uploads\/2024\/01\/HLK-LOGO-2016.-vektor_page-0001-300x277.jpg 300w, https:\/\/medri.uniri.hr\/wp-content\/uploads\/2024\/01\/HLK-LOGO-2016.-vektor_page-0001-768x710.jpg 768w\" sizes=\"(max-width: 947px) 100vw, 947px\" \/><\/a><\/figure>\n\n\n\n<figure class=\"wp-block-image size-full is-resized\"><a href=\"http:\/\/selvita.com\"><img decoding=\"async\" width=\"963\" height=\"310\" src=\"https:\/\/medri.uniri.hr\/wp-content\/uploads\/2024\/01\/selvita-logo-to-print_page-0001.jpg\" alt=\"\" class=\"wp-image-21825\" style=\"width:372px;height:auto\" srcset=\"https:\/\/medri.uniri.hr\/wp-content\/uploads\/2024\/01\/selvita-logo-to-print_page-0001.jpg 963w, https:\/\/medri.uniri.hr\/wp-content\/uploads\/2024\/01\/selvita-logo-to-print_page-0001-300x97.jpg 300w, https:\/\/medri.uniri.hr\/wp-content\/uploads\/2024\/01\/selvita-logo-to-print_page-0001-768x247.jpg 768w\" sizes=\"(max-width: 963px) 100vw, 963px\" \/><\/a><\/figure>\n<\/div>\n\n\n\n<div class=\"wp-block-group is-nowrap is-layout-flex wp-container-core-group-is-layout-6c531013 wp-block-group-is-layout-flex\">\n<figure class=\"wp-block-image size-full is-resized\"><a href=\"www.rijeka.hr\"><img loading=\"lazy\" decoding=\"async\" width=\"225\" height=\"225\" src=\"https:\/\/medri.uniri.hr\/wp-content\/uploads\/2024\/01\/Grad-Rijeka.png\" alt=\"\" class=\"wp-image-21830\" style=\"width:145px;height:auto\" srcset=\"https:\/\/medri.uniri.hr\/wp-content\/uploads\/2024\/01\/Grad-Rijeka.png 225w, https:\/\/medri.uniri.hr\/wp-content\/uploads\/2024\/01\/Grad-Rijeka-150x150.png 150w\" sizes=\"(max-width: 225px) 100vw, 225px\" \/><\/a><\/figure>\n\n\n\n<figure class=\"wp-block-image size-full is-resized\"><a href=\"https:\/\/www.pgz.hr\"><img loading=\"lazy\" decoding=\"async\" width=\"334\" height=\"151\" src=\"https:\/\/medri.uniri.hr\/wp-content\/uploads\/2024\/01\/download-1-1.png\" alt=\"\" class=\"wp-image-21838\" style=\"width:353px;height:auto\" srcset=\"https:\/\/medri.uniri.hr\/wp-content\/uploads\/2024\/01\/download-1-1.png 334w, https:\/\/medri.uniri.hr\/wp-content\/uploads\/2024\/01\/download-1-1-300x136.png 300w\" sizes=\"(max-width: 334px) 100vw, 334px\" \/><\/a><\/figure>\n\n\n\n<figure class=\"wp-block-image size-full is-resized\"><a href=\"https:\/\/sz.uniri.hr\"><img loading=\"lazy\" decoding=\"async\" width=\"225\" height=\"225\" src=\"https:\/\/medri.uniri.hr\/wp-content\/uploads\/2024\/01\/download-2.png\" alt=\"\" class=\"wp-image-21840\" style=\"width:172px;height:auto\" srcset=\"https:\/\/medri.uniri.hr\/wp-content\/uploads\/2024\/01\/download-2.png 225w, https:\/\/medri.uniri.hr\/wp-content\/uploads\/2024\/01\/download-2-150x150.png 150w\" sizes=\"(max-width: 225px) 100vw, 225px\" \/><\/a><\/figure>\n<\/div>\n","protected":false},"excerpt":{"rendered":"<p>University of Rijeka, Faculty of Medicine, May 19 &#8211; 20, 2022 Meeting Supporters \/ Sponsors<\/p>\n","protected":false},"author":7,"featured_media":0,"parent":21767,"menu_order":1,"comment_status":"closed","ping_status":"closed","template":"","meta":{"_acf_changed":false,"ub_ctt_via":"","footnotes":""},"class_list":["post-21774","page","type-page","status-publish","hentry"],"acf":[],"featured_image_src":null,"_links":{"self":[{"href":"https:\/\/medri.uniri.hr\/en\/wp-json\/wp\/v2\/pages\/21774","targetHints":{"allow":["GET"]}}],"collection":[{"href":"https:\/\/medri.uniri.hr\/en\/wp-json\/wp\/v2\/pages"}],"about":[{"href":"https:\/\/medri.uniri.hr\/en\/wp-json\/wp\/v2\/types\/page"}],"author":[{"embeddable":true,"href":"https:\/\/medri.uniri.hr\/en\/wp-json\/wp\/v2\/users\/7"}],"replies":[{"embeddable":true,"href":"https:\/\/medri.uniri.hr\/en\/wp-json\/wp\/v2\/comments?post=21774"}],"version-history":[{"count":20,"href":"https:\/\/medri.uniri.hr\/en\/wp-json\/wp\/v2\/pages\/21774\/revisions"}],"predecessor-version":[{"id":21843,"href":"https:\/\/medri.uniri.hr\/en\/wp-json\/wp\/v2\/pages\/21774\/revisions\/21843"}],"up":[{"embeddable":true,"href":"https:\/\/medri.uniri.hr\/en\/wp-json\/wp\/v2\/pages\/21767"}],"wp:attachment":[{"href":"https:\/\/medri.uniri.hr\/en\/wp-json\/wp\/v2\/media?parent=21774"}],"curies":[{"name":"wp","href":"https:\/\/api.w.org\/{rel}","templated":true}]}}