{"id":22222,"date":"2024-02-02T08:59:22","date_gmt":"2024-02-02T06:59:22","guid":{"rendered":"https:\/\/medri.uniri.hr\/?page_id=22222"},"modified":"2024-03-11T14:23:09","modified_gmt":"2024-03-11T12:23:09","slug":"identification-of-circulating-biomarkers-for-neuro-recovery-of-brain-injured-patients-cirbrain","status":"publish","type":"page","link":"https:\/\/medri.uniri.hr\/en\/projects\/identification-of-circulating-biomarkers-for-neuro-recovery-of-brain-injured-patients-cirbrain\/","title":{"rendered":"Identification of circulating biomarkers for neuro-recovery of brain-injured patients (CirBrain)"},"content":{"rendered":"\n<figure class=\"wp-block-image size-full is-resized\"><a href=\"https:\/\/medri.uniri.hr\/wp-content\/uploads\/2024\/02\/image-2.png\"><img fetchpriority=\"high\" decoding=\"async\" width=\"570\" height=\"269\" src=\"https:\/\/medri.uniri.hr\/wp-content\/uploads\/2024\/02\/image-2.png\" alt=\"\" class=\"wp-image-22223\" style=\"width:248px;height:auto\" srcset=\"https:\/\/medri.uniri.hr\/wp-content\/uploads\/2024\/02\/image-2.png 570w, https:\/\/medri.uniri.hr\/wp-content\/uploads\/2024\/02\/image-2-300x142.png 300w\" sizes=\"(max-width: 570px) 100vw, 570px\" \/><\/a><\/figure>\n\n\n\n<div class=\"wp-block-group is-layout-constrained wp-block-group-is-layout-constrained\">\n<div class=\"wp-block-group is-layout-constrained wp-block-group-is-layout-constrained\">\n<p><strong>Grantor<\/strong>: Croatian Science Foundation<br><strong>Grantor\u2019s website<\/strong>: https:\/\/hrzz.hr\/en\/<br><strong>Project ID<\/strong>:&nbsp;IP-2019-04-1511<br><strong>Project duration<\/strong>: 1 January 2020 \u2013 31 December 2023<br><strong>Total funding<\/strong>: 150.348,40 EUR<br><strong>Principal investigator<\/strong>: Assoc. Prof. Kristina Grabu\u0161i\u0107, PhD<br>Department of Physiology, Immunology and Pathophysiology, Faculty of Medicine, University of Rijeka, Croatia<\/p>\n<\/div>\n<\/div>\n\n\n\n<p><\/p>\n\n\n\n<p><strong>Research team<\/strong><\/p>\n\n\n\n<figure class=\"wp-block-table\"><table><tbody><tr><td>Vedrana Kru\u0161i\u0107 Ali\u0107<\/td><td>Department of Physiology, Immunology and Pathophysiology, Faculty of Medicine, University of Rijeka, Croatia<\/td><\/tr><tr><td>Lara Valen\u010di\u0107 Ser\u0161i\u0107<\/td><td>Department of Anaesthesiology, Resuscitation, Emergency and Intensive Care Medicine, Faculty of Medicine, University of Rijeka, Croatia<\/td><\/tr><tr><td>Sini\u0161a Zrna<\/td><td>General Hospital Pula, Croatia<\/td><\/tr><tr><td>Janja Tar\u010dukovi\u0107 <\/td><td>Department of Anaesthesiology, Resuscitation, Emergency and Intensive Care Medicine, Faculty of Medicine, University of Rijeka, Croatia<\/td><\/tr><tr><td>Tin Jagoi\u0107<\/td><td>Department of Physiology, Immunology and Pathophysiology, Faculty of Medicine, University of Rijeka, Croatia<\/td><\/tr><tr><td>Mladenka Malenica <\/td><td>Department of Medical Chemistry, Biochemistry and Clinical Chemistry, Faculty of Medicine, University of Rijeka, Croatia<\/td><\/tr><tr><td>Ksenija Tuli\u0107<\/td><td>Department of Physiology, Immunology and Pathophysiology, Faculty of Medicine, University of Rijeka, Croatia<\/td><\/tr><tr><td>Ma\u0161a Biberi\u0107<\/td><td>General Hospital Pula, Croatia<\/td><\/tr><tr><td>Vlatka Soto\u0161ek<\/td><td>Department of Anaesthesiology, Resuscitation, Emergency and Intensive Care Medicine, Faculty of Medicine, University of Rijeka, Croatia<\/td><\/tr><tr><td>Natalia Ku\u010di\u0107 <\/td><td>Department of Physiology, Immunology and Pathophysiology, Faculty of Medicine, University of Rijeka, Croatia<\/td><\/tr><tr><td>Olga Shevchuk<\/td><td>Medical Research Centre, University Hospital Essen, Germany<\/td><\/tr><tr><td>Jelena Marini\u0107 <\/td><td>Department of Medical Chemistry, Biochemistry and Clinical Chemistry, Faculty of Medicine, University of Rijeka, Croatia<\/td><\/tr><tr><td>Simone Dal Zilio<\/td><td>Istituto Officina dei Materiali &#8211; CNR-IOM, Trieste, Italy<\/td><\/tr><tr><td>Lada Kalagac Fabris<\/td><td>General Hospital Pula, Croatia<\/td><\/tr><tr><td>Aleksandar \u0160uput<\/td><td>General Hospital Pula, Croatia<\/td><\/tr><\/tbody><\/table><\/figure>\n\n\n\n<p><strong>Brief description<\/strong><\/p>\n\n\n\n<div class=\"wp-block-group is-layout-constrained wp-block-group-is-layout-constrained\">\n<p>The CirBrain proposal intends to identify biomarkers of neurorecovery in patients with severe traumatic brain injury (TBI). Severe TBI is intracranial damage caused by the impact on the head leading to coma and a possible fatal outcome. Despite the severity of the injury, a complete neural recovery is possible. However, it is not known when brain recovery is initiated and how it might be affected by therapeutic interventions since knowledge about neurorecovery biomarkers is lacking.<\/p>\n\n\n\n<p>The major goal of CirBrain is to enable the monitoring of brain recovery by biomarkers in body fluids. CirBrain is strongly supported by the latest studies in animals showing that the adult mammalian brain modifies levels of neuro regenerative signals in cerebrospinal fluid (CSF). Moreover, our published and preliminary post-TBI analyses of human CSF describe early induction of:<\/p>\n\n\n\n<p>i) extracellular vesicles (EVs), membrane-enveloped particles derived from cells and able to transport proteins and nucleic acids<\/p>\n\n\n\n<p>ii) novel neuroregeneration-associated proteins.<\/p>\n\n\n\n<p>Based on these results, CirBrain aims to determine a more precise CSF kinetics of changes in:<\/p>\n\n\n\n<p>1) EV size and number by tunable resistive pulse sensing<\/p>\n\n\n\n<p>2) EV morphology and protein content by immunogold staining and electron microscopy<\/p>\n\n\n\n<p>3) EV subpopulations by size-exclusion chromatography followed by slot-blot immunoanalysis<\/p>\n\n\n\n<p>4) levels of neuroregeneration-associated proteins by targeted mass spectrometry<\/p>\n\n\n\n<p>5) microRNA content by real-time PCR.<\/p>\n\n\n\n<p>The biomarkers with the highest CSF levels detected in the first phase will be further analyzed in plasma as part of the second CirBrain phase. CirBrain is expected to give new insights into the identity and kinetics of circulating biomarkers for neurorecovery after TBI. Moreover, biomarkers based on CSF and blood might enable non-invasive monitoring of neurorecovery not only in TBI but also in diverse brain pathologies, providing evaluation of how different treatments affect brain recovery.<\/p>\n<\/div>\n","protected":false},"excerpt":{"rendered":"<p>Grantor: Croatian Science FoundationGrantor\u2019s website: https:\/\/hrzz.hr\/en\/Project ID:&nbsp;IP-2019-04-1511Project duration: 1 January 2020 \u2013 31 December 2023Total funding: 150.348,40 EURPrincipal investigator: Assoc. Prof. Kristina Grabu\u0161i\u0107, PhDDepartment of Physiology, Immunology and Pathophysiology, Faculty of Medicine, University of Rijeka, Croatia Research team Vedrana Kru\u0161i\u0107 Ali\u0107 Department of Physiology, Immunology and Pathophysiology, Faculty of Medicine, University of Rijeka, Croatia Lara [&hellip;]<\/p>\n","protected":false},"author":10,"featured_media":0,"parent":13412,"menu_order":7,"comment_status":"closed","ping_status":"closed","template":"","meta":{"_acf_changed":false,"ub_ctt_via":"","footnotes":""},"class_list":["post-22222","page","type-page","status-publish","hentry"],"acf":[],"featured_image_src":null,"_links":{"self":[{"href":"https:\/\/medri.uniri.hr\/en\/wp-json\/wp\/v2\/pages\/22222","targetHints":{"allow":["GET"]}}],"collection":[{"href":"https:\/\/medri.uniri.hr\/en\/wp-json\/wp\/v2\/pages"}],"about":[{"href":"https:\/\/medri.uniri.hr\/en\/wp-json\/wp\/v2\/types\/page"}],"author":[{"embeddable":true,"href":"https:\/\/medri.uniri.hr\/en\/wp-json\/wp\/v2\/users\/10"}],"replies":[{"embeddable":true,"href":"https:\/\/medri.uniri.hr\/en\/wp-json\/wp\/v2\/comments?post=22222"}],"version-history":[{"count":11,"href":"https:\/\/medri.uniri.hr\/en\/wp-json\/wp\/v2\/pages\/22222\/revisions"}],"predecessor-version":[{"id":23124,"href":"https:\/\/medri.uniri.hr\/en\/wp-json\/wp\/v2\/pages\/22222\/revisions\/23124"}],"up":[{"embeddable":true,"href":"https:\/\/medri.uniri.hr\/en\/wp-json\/wp\/v2\/pages\/13412"}],"wp:attachment":[{"href":"https:\/\/medri.uniri.hr\/en\/wp-json\/wp\/v2\/media?parent=22222"}],"curies":[{"name":"wp","href":"https:\/\/api.w.org\/{rel}","templated":true}]}}