{"id":26253,"date":"2024-08-22T10:58:53","date_gmt":"2024-08-22T08:58:53","guid":{"rendered":"https:\/\/medri.uniri.hr\/?page_id=26253"},"modified":"2024-08-22T12:09:35","modified_gmt":"2024-08-22T10:09:35","slug":"mechanisms-of-long-term-survival-of-francisella-in-amoebae","status":"publish","type":"page","link":"https:\/\/medri.uniri.hr\/en\/projects\/mechanisms-of-long-term-survival-of-francisella-in-amoebae\/","title":{"rendered":"Mechanisms of long-term survival of Francisella in amoebae\u00a0"},"content":{"rendered":"\n<figure class=\"wp-block-image size-full is-resized\"><a href=\"https:\/\/medri.uniri.hr\/wp-content\/uploads\/2024\/02\/image-1.png\"><img fetchpriority=\"high\" decoding=\"async\" width=\"570\" height=\"269\" src=\"https:\/\/medri.uniri.hr\/wp-content\/uploads\/2024\/02\/image-1.png\" alt=\"\" class=\"wp-image-22218\" style=\"width:390px;height:auto\" srcset=\"https:\/\/medri.uniri.hr\/wp-content\/uploads\/2024\/02\/image-1.png 570w, https:\/\/medri.uniri.hr\/wp-content\/uploads\/2024\/02\/image-1-300x142.png 300w\" sizes=\"(max-width: 570px) 100vw, 570px\" \/><\/a><\/figure>\n\n\n\n<p><strong>Grantor:<\/strong> Croatian Science Foundation&nbsp;<br><strong>Project duration:<\/strong> 2023. do&nbsp; 2027.&nbsp;<br><strong>Total funding:<\/strong> <strong>\u202f<\/strong>199.031,17<strong> <\/strong>EUR&nbsp;<\/p>\n\n\n\n<p><strong>Project team<\/strong>&nbsp; <br>Principal investigator:&nbsp;<\/p>\n\n\n\n<ul class=\"wp-block-list\">\n<li>prof. dr. sc.&nbsp; Marina \u0160anti\u0107 dipl. sanit. ing.&nbsp;<\/li>\n<\/ul>\n\n\n\n<p>Research team:&nbsp;<\/p>\n\n\n\n<ul class=\"wp-block-list\">\n<li>prof. dr. sc. Maja Abram, dr.med&nbsp;<\/li>\n\n\n\n<li>Mateja O\u017eani\u010d&nbsp;&nbsp;<\/li>\n\n\n\n<li>doc. dr.sc. Mirna Mihel\u010di\u0107 dr. med. vet.&nbsp;<\/li>\n\n\n\n<li>dr.sc. Ina Viduka mag.sanit.ing.&nbsp;<\/li>\n\n\n\n<li>dr. sc. biomed.\u202fMa\u0161a Kne\u017eevi\u0107. mag. pharm. inv.&nbsp;&nbsp;<\/li>\n<\/ul>\n\n\n\n<p><strong>Brief description:<\/strong>\u00a0<\/p>\n\n\n\n<p>Francisella tularensis is a gram-negative bacterium, the causative agent of the zoonotic disease tularemia. Tularemia has been reported primarily in areas near water sources. Our and other in vitro studies have shown that F. Tularensis subsp. Tularensis, F. holarctica and F. novicida can replicate in Achantamoeba Castellanii and Hartmannella vermiformis making amoebae an Important environmental reservoir for bacteria. However, it is not known for how long Francisella can survive In amoebae cysts and the mechanisms of survival and recovery in mammalian cells. We hypothesize that the process of transformation of amoebae from the trophozoite stage to cysts is regulated entirely by Francisella. We expect to find the optimal conditions for recovery of bacteria from cysts In different conditions. Our goal Is to determine, in mice model, whether Francisella cultured in an amoeba cyst would elicit an enhanced or reduced Immunological response. Based on our preliminary results, we expect to demonstrate that Francisella species postpone apoptosis and Initiate the autophagy cycle for long\u00acterm survival in cysts. In addition, we will apply the proteomic approach to study the phenotype of Francisella that changes as the amoebae transforms from trophozoite to cyst. To understand the changes In gene expression throughout the life cycle of Francisella in amoebae, the novel method of transcriptomics will be used. Three Francisella species, Francisella tularensis subsp. holarctica strain LVS, F. philomiragia and F. novicida and A. castellanll will be included in this study. In the proposed project, we will combine advanced techniques to identify novel virulence factors of Francisella based on their Intracellular life In amoebae\/cysts for successful infection cycle in mammalians. The project will help increase the number of highly qualified young researchers with experience working with emergent Infectious and important public health pathogens.&nbsp;<\/p>\n","protected":false},"excerpt":{"rendered":"<p>Grantor: Croatian Science Foundation&nbsp;Project duration: 2023. do&nbsp; 2027.&nbsp;Total funding: \u202f199.031,17 EUR&nbsp; Project team&nbsp; Principal investigator:&nbsp; Research team:&nbsp; Brief description:\u00a0 Francisella tularensis is a gram-negative bacterium, the causative agent of the zoonotic disease tularemia. Tularemia has been reported primarily in areas near water sources. Our and other in vitro studies have shown that F. Tularensis subsp. [&hellip;]<\/p>\n","protected":false},"author":7,"featured_media":0,"parent":13412,"menu_order":0,"comment_status":"closed","ping_status":"closed","template":"","meta":{"_acf_changed":false,"ub_ctt_via":"","footnotes":""},"class_list":["post-26253","page","type-page","status-publish","hentry"],"acf":[],"featured_image_src":null,"_links":{"self":[{"href":"https:\/\/medri.uniri.hr\/en\/wp-json\/wp\/v2\/pages\/26253","targetHints":{"allow":["GET"]}}],"collection":[{"href":"https:\/\/medri.uniri.hr\/en\/wp-json\/wp\/v2\/pages"}],"about":[{"href":"https:\/\/medri.uniri.hr\/en\/wp-json\/wp\/v2\/types\/page"}],"author":[{"embeddable":true,"href":"https:\/\/medri.uniri.hr\/en\/wp-json\/wp\/v2\/users\/7"}],"replies":[{"embeddable":true,"href":"https:\/\/medri.uniri.hr\/en\/wp-json\/wp\/v2\/comments?post=26253"}],"version-history":[{"count":2,"href":"https:\/\/medri.uniri.hr\/en\/wp-json\/wp\/v2\/pages\/26253\/revisions"}],"predecessor-version":[{"id":26255,"href":"https:\/\/medri.uniri.hr\/en\/wp-json\/wp\/v2\/pages\/26253\/revisions\/26255"}],"up":[{"embeddable":true,"href":"https:\/\/medri.uniri.hr\/en\/wp-json\/wp\/v2\/pages\/13412"}],"wp:attachment":[{"href":"https:\/\/medri.uniri.hr\/en\/wp-json\/wp\/v2\/media?parent=26253"}],"curies":[{"name":"wp","href":"https:\/\/api.w.org\/{rel}","templated":true}]}}