{"id":31123,"date":"2025-02-26T15:38:45","date_gmt":"2025-02-26T13:38:45","guid":{"rendered":"https:\/\/medri.uniri.hr\/?page_id=31123"},"modified":"2025-12-16T11:26:38","modified_gmt":"2025-12-16T09:26:38","slug":"erasmus","status":"publish","type":"page","link":"https:\/\/medri.uniri.hr\/en\/faculty\/international-relations\/erasmus\/","title":{"rendered":"Erasmus"},"content":{"rendered":"\n<p><strong>Erasmus<\/strong><strong>&nbsp;<\/strong>is an integral component of the Lifelong Learning Program, facilitating both individual and group mobility as well as participation in European educational projects. Recognized as the most successful student exchange initiative globally, it also welcomes participation from faculty members, both teaching and non-teaching.<\/p>\n\n\n\n<p><strong>Erasmus+<\/strong>&nbsp;is the EU\u2019s programme to support education, training, youth and sport in Europe.&nbsp;The University of Rijeka joined Erasmus program in the academic year 2009\/2010 and has since signed over 800 bilateral Erasmus agreements with universities from most of the countries in the Erasmus programme. This co-operation includes student and staff exchanges. In fifteen academic years, more than 2600 students and 1100 staff members of the University of Rijeka have participated in Erasmus.<\/p>\n\n\n\n<p>The projected budget for the seven-year duration of the Erasmus+ program is \u20ac19 billion. This program consolidates all previous European and international projects and initiatives within the domains of education, training, youth, and sports, effectively replacing seven existing programs: the Lifelong Learning Program (Erasmus, Leonardo da Vinci, Comenius, Grundtvig), Youth in Action, and five programs for international cooperation (Erasmus Mundus, Tempus, Alfa, Edulink, and the cooperation program with industrialized countries and territories).<\/p>\n\n\n\n<p>The Erasmus+ program is expected to provide opportunities for 5 million individuals to study or train abroad.<\/p>\n\n\n\n<p>Student mobility and the accompanying academic recognition are essential components for fostering an open and dynamic European educational area, which in turn supports European integration and enhances labor market mobility. The Faculty of Medicine of the University of Rijeka actively promotes and facilitates student mobility through the Erasmus programme.<\/p>\n\n\n\n<p><strong>Erasmus code: HR RIJEKA01<\/strong><\/p>\n\n\n\n<p><strong><a rel=\"noreferrer noopener\" target=\"_blank\" href=\"https:\/\/uniri.hr\/wp-content\/uploads\/2024\/02\/Erasmus-Key-Data-2024-25.pdf\"><strong>Erasmus Key Data 2024<\/strong><\/a><\/strong><strong><br><a rel=\"noreferrer noopener\" target=\"_blank\" href=\"https:\/\/uniri.hr\/wp-content\/uploads\/2024\/02\/Erasmus-Key-Data-2024-25.pdf\"><strong>Faculty of Medicine Fact Sheet<\/strong><\/a><\/strong><\/p>\n\n\n\n<p><a rel=\"noreferrer noopener\" target=\"_blank\" href=\"https:\/\/uniri.hr\/wp-content\/uploads\/2025\/02\/POPIS-ERASMUS-UGOVORA-natjecaj-2025-2026-3.xls\">Erasmus bilateral agreements of the University of Rijeka<\/a><br><a rel=\"noreferrer noopener\" target=\"_blank\" href=\"https:\/\/uniri.hr\/wp-content\/uploads\/2024\/05\/POPIS-UGOVORA-KA171-2023.xlsx\">Erasmus bilateral agreements of the University of Rijeka KA171<\/a><\/p>\n\n\n\n<p><a rel=\"noreferrer noopener\" target=\"_blank\" href=\"https:\/\/www.facebook.com\/profile.php?id=61566334052624\">Erasmus mobility UNIRI FB pa<\/a>ge<\/p>\n\n\n\n<p><a rel=\"noreferrer noopener\" target=\"_blank\" href=\"https:\/\/uniri.hr\/wp-content\/uploads\/2024\/09\/BIP-letak-ENGLISH-2024.pdf\">Erasmus BIP leaflet in English 2024\/26<\/a><br><a rel=\"noreferrer noopener\" target=\"_blank\" href=\"https:\/\/uniri.hr\/wp-content\/uploads\/2024\/09\/TRAINEESHIP-UNIRI-leaflet-ENGLISH-2024.pdf\">Erasmus traineeship leaflet in English 2024\/26<\/a><br><a rel=\"noreferrer noopener\" target=\"_blank\" href=\"https:\/\/uniri.hr\/wp-content\/uploads\/2024\/09\/INTERNATIONAL-OPENING-UNIRI-leaflet-ENGLISH-2024.pdf\">Erasmus traineeship in third countries International Opening leaflet in English 2024\/26<\/a><br><a rel=\"noreferrer noopener\" target=\"_blank\" href=\"https:\/\/uniri.hr\/wp-content\/uploads\/2024\/03\/ADDITIONAL-FINANCIAL-SUPPORT-FOR-FEWER-OPPORTUNITIES-1.docx\">Additional financial support for students with fewer opportunities<\/a>&nbsp;(Call 2024, from summer semester 24\/25)<br><a rel=\"noreferrer noopener\" target=\"_blank\" href=\"https:\/\/uniri.hr\/wp-content\/uploads\/2024\/03\/Newsletter-Erasmus-studenti-zimski-2024-ENGLISH.pdf\">Erasmus Newsletter \u2013 Erasmus Calls in brief, winter semester 2024\/25<\/a><\/p>\n\n\n<div class=\"wp-block-ub-content-toggle wp-block-ub-content-toggle-block\" id=\"ub-content-toggle-block-eaaeebb9-1ad2-4697-aa0f-c344b5b77f35\" data-mobilecollapse=\"false\" data-desktopcollapse=\"false\" data-preventcollapse=\"false\" data-showonlyone=\"false\">\n<div class=\"wp-block-ub-content-toggle-accordion\" style=\"border-color: #f1f1f1;\" id=\"ub-content-toggle-panel-block-\">\n\t\t\t<div class=\"wp-block-ub-content-toggle-accordion-title-wrap\" style=\"background-color: #f1f1f1;\" aria-controls=\"ub-content-toggle-panel-0-eaaeebb9-1ad2-4697-aa0f-c344b5b77f35\" tabindex=\"0\">\n\t\t\t<p class=\"wp-block-ub-content-toggle-accordion-title ub-content-toggle-title-eaaeebb9-1ad2-4697-aa0f-c344b5b77f35\" style=\"color: #000000; \">Documents<\/p>\n\t\t\t<div class=\"wp-block-ub-content-toggle-accordion-toggle-wrap right\" style=\"color: #000000;\"><span class=\"wp-block-ub-content-toggle-accordion-state-indicator wp-block-ub-chevron-down open\"><\/span><\/div>\n\t\t<\/div>\n\t\t\t<div role=\"region\" aria-expanded=\"true\" class=\"wp-block-ub-content-toggle-accordion-content-wrap\" id=\"ub-content-toggle-panel-0-eaaeebb9-1ad2-4697-aa0f-c344b5b77f35\">\n\n<p><a href=\"https:\/\/uniri.hr\/wp-content\/uploads\/2021\/03\/UNIRI-Erasmus-Charter-for-Higher-Education-2021-2027.pdf\" target=\"_blank\" rel=\"noreferrer noopener\">UNIRI Erasmus Charter for Higher Education 2021\/2027<\/a><br><a href=\"https:\/\/medri.uniri.hr\/wp-content\/uploads\/2025\/02\/Blended-mobility-implementation-guide-for-Erasmus-higher-education-mobility-KA131-1.pdf\">Blended Mobility Implementation Guide<\/a><br><a href=\"https:\/\/uniri.hr\/wp-content\/uploads\/2023\/07\/Pravilnik-Erasmus-Senat-2023.pdf\" target=\"_blank\" rel=\"noreferrer noopener\">Pravilnik o me\u0111unarodnoj razmjeni studenata, nastavnog i nenastavnog osoblja u okviru Erasmus programa<\/a><\/p>\n\n<\/div>\n\t\t<\/div>\n<\/div>\n\n<div class=\"wp-block-ub-content-toggle wp-block-ub-content-toggle-block\" id=\"ub-content-toggle-block-3f65d791-ba84-4b4b-a9b3-a611f782005a\" data-mobilecollapse=\"false\" data-desktopcollapse=\"false\" data-preventcollapse=\"false\" data-showonlyone=\"false\">\n<div class=\"wp-block-ub-content-toggle-accordion\" style=\"border-color: #f1f1f1;\" id=\"ub-content-toggle-panel-block-\">\n\t\t\t<div class=\"wp-block-ub-content-toggle-accordion-title-wrap\" style=\"background-color: #f1f1f1;\" aria-controls=\"ub-content-toggle-panel-0-3f65d791-ba84-4b4b-a9b3-a611f782005a\" tabindex=\"0\">\n\t\t\t<p class=\"wp-block-ub-content-toggle-accordion-title ub-content-toggle-title-3f65d791-ba84-4b4b-a9b3-a611f782005a\" style=\"color: #000000; \">Contact<\/p>\n\t\t\t<div class=\"wp-block-ub-content-toggle-accordion-toggle-wrap right\" style=\"color: #000000;\"><span class=\"wp-block-ub-content-toggle-accordion-state-indicator wp-block-ub-chevron-down open\"><\/span><\/div>\n\t\t<\/div>\n\t\t\t<div role=\"region\" aria-expanded=\"true\" class=\"wp-block-ub-content-toggle-accordion-content-wrap\" id=\"ub-content-toggle-panel-0-3f65d791-ba84-4b4b-a9b3-a611f782005a\">\n\n<p>Head of International Mobility Centre<br>Ma\u0161a \u0160a\u0161inka, M. Ec.<\/p>\n\n\n\n<h3 class=\"wp-block-heading\">University of Rijeka\u00a0<br>Trg bra\u0107e Ma\u017eurani\u0107a 10, 51000 Rijeka<br>CROATIA<\/h3>\n\n\n\n<p>T: +385 51 584 840<br>Email:\u00a0<a href=\"&#x6d;a&#x69;&#108;&#x74;&#x6f;:&#x6d;&#97;&#x73;&#x61;&#64;&#x75;&#110;&#x69;&#x72;i&#x2e;&#104;&#x72;\">&#x6d;&#x61;&#x73;&#x61;&#64;&#117;nir&#x69;&#x2e;&#x68;&#x72;<\/a><br><a rel=\"noreferrer noopener\" target=\"_blank\" href=\"http:\/\/www.uniri.hr\/\">www.uniri.hr<\/a>\u00a0\u00a0<strong><\/strong><\/p>\n\n\n\n<p><strong>OFFICE OF INTERNATIONAL RELATIONS-FACULTY OF MEDICINE<\/strong><\/p>\n\n\n\n<p><strong>VICE DEAN FOR THE STUDY OF MEDICINE IN ENGLISH LANGUAGE AND INTERNATIONAL RELATIONS\u00a0<\/strong>\u00a0<br>Professor Vlatka Soto\u0161ek, MD, PhD<br>Faculty of Medicine Rijeka<br>Bra\u0107e Branchetta 20, 51000 Rijeka<br>Hrvatska<br>Email:\u00a0<a href=\"&#x6d;&#x61;&#x69;&#x6c;&#x74;&#x6f;&#58;&#118;&#108;&#97;tkas&#x74;&#x40;&#x6d;&#x65;&#x64;&#x72;&#105;&#46;&#117;&#110;&#105;ri&#46;&#x68;&#x72;\">&#118;&#x6c;&#97;&#x74;&#107;&#x61;s&#x74;&#64;&#x6d;e&#100;&#x72;&#105;&#x2e;&#117;&#x6e;&#105;&#x72;i&#x2e;h&#x72;<\/a><\/p>\n\n\n\n<p><strong>Erasmus coordinator<\/strong><br>Bla\u017een\u00a0Mariji\u0107, MD, PhD<br>Email:\u00a0<a href=\"&#x6d;&#97;i&#x6c;&#116;o&#x3a;&#98;l&#x61;&#122;e&#x6e;&#46;m&#x61;&#x72;i&#x6a;&#x69;&#99;&#x40;&#x75;&#110;&#x69;&#x72;&#105;&#46;&#x68;&#114;\">&#x62;&#x6c;&#x61;&#x7a;&#x65;&#x6e;&#x2e;&#109;&#97;&#114;&#105;&#106;ic&#64;u&#x6e;&#x69;&#x72;&#x69;&#x2e;&#x68;&#x72;<\/a>\u00a0<\/p>\n\n\n\n<p><strong>Erasmus administrator<\/strong><br>Bo\u017eana Savi\u0107, M. Ec.<br>Email:\u00a0<a href=\"m&#97;&#105;&#x6c;&#x74;&#x6f;&#x3a;b&#108;&#97;&#122;&#x65;&#x6e;&#x2e;ma&#114;&#105;&#x6a;&#x69;&#x63;&#64;u&#110;&#105;&#x72;&#x69;&#x2e;hr\">b&#111;&#x7a;&#x61;n&#97;&#x73;&#x40;m&#101;&#x64;&#x72;i&#46;&#x75;&#x6e;i&#114;&#x69;&#x2e;h&#114;<\/a>\u00a0<\/p>\n\n\n\n<p><\/p>\n\n\n\n<p><strong>Head of Office of International Relations<\/strong><br>Paola Car, M. Ec. \u00a0<br>Faculty of Medicine Rijeka<br>Bra\u0107e Branchetta 20, 51000 Rijeka<br>Croatia<br>Email:\u00a0<a href=\"&#x6d;&#x61;&#x69;&#108;&#116;o:&#x70;&#x61;&#x6f;&#x6c;&#97;&#46;ca&#x72;&#x40;&#x6d;&#101;&#100;&#114;i&#46;&#x75;&#x6e;&#x69;&#114;&#105;&#46;h&#x72;\">p&#97;&#x6f;&#x6c;&#x61;&#46;&#99;&#x61;&#x72;&#x40;m&#101;&#x64;&#x72;&#x69;&#46;&#117;&#x6e;&#x69;&#x72;i&#46;&#x68;&#x72;<\/a><\/p>\n\n<\/div>\n\t\t<\/div>\n<\/div>\n\n\n<p><\/p>\n","protected":false},"excerpt":{"rendered":"<p>Erasmus&nbsp;is an integral component of the Lifelong Learning Program, facilitating both individual and group mobility as well as participation in European educational projects. Recognized as the most successful student exchange initiative globally, it also welcomes participation from faculty members, both teaching and non-teaching. Erasmus+&nbsp;is the EU\u2019s programme to support education, training, youth and sport in [&hellip;]<\/p>\n","protected":false},"author":7,"featured_media":30779,"parent":13369,"menu_order":2,"comment_status":"closed","ping_status":"closed","template":"","meta":{"_acf_changed":false,"ub_ctt_via":"","footnotes":""},"class_list":["post-31123","page","type-page","status-publish","has-post-thumbnail","hentry"],"acf":[],"featured_image_src":"https:\/\/medri.uniri.hr\/wp-content\/uploads\/2025\/02\/erasmus_logo_1200.jpg","_links":{"self":[{"href":"https:\/\/medri.uniri.hr\/en\/wp-json\/wp\/v2\/pages\/31123","targetHints":{"allow":["GET"]}}],"collection":[{"href":"https:\/\/medri.uniri.hr\/en\/wp-json\/wp\/v2\/pages"}],"about":[{"href":"https:\/\/medri.uniri.hr\/en\/wp-json\/wp\/v2\/types\/page"}],"author":[{"embeddable":true,"href":"https:\/\/medri.uniri.hr\/en\/wp-json\/wp\/v2\/users\/7"}],"replies":[{"embeddable":true,"href":"https:\/\/medri.uniri.hr\/en\/wp-json\/wp\/v2\/comments?post=31123"}],"version-history":[{"count":8,"href":"https:\/\/medri.uniri.hr\/en\/wp-json\/wp\/v2\/pages\/31123\/revisions"}],"predecessor-version":[{"id":38584,"href":"https:\/\/medri.uniri.hr\/en\/wp-json\/wp\/v2\/pages\/31123\/revisions\/38584"}],"up":[{"embeddable":true,"href":"https:\/\/medri.uniri.hr\/en\/wp-json\/wp\/v2\/pages\/13369"}],"wp:featuredmedia":[{"embeddable":true,"href":"https:\/\/medri.uniri.hr\/en\/wp-json\/wp\/v2\/media\/30779"}],"wp:attachment":[{"href":"https:\/\/medri.uniri.hr\/en\/wp-json\/wp\/v2\/media?parent=31123"}],"curies":[{"name":"wp","href":"https:\/\/api.w.org\/{rel}","templated":true}]}}